{"id":763,"date":"2019-02-06T23:53:37","date_gmt":"2019-02-06T20:53:37","guid":{"rendered":"http:\/\/hortum.com.tr\/product\/import-placeholder-for-110\/"},"modified":"2024-03-21T17:42:55","modified_gmt":"2024-03-21T14:42:55","slug":"kumlama-kurtagzi-contasi","status":"publish","type":"product","link":"https:\/\/tuzlahortum.com.tr\/ru\/product\/kumlama-kurtagzi-contasi\/","title":{"rendered":"\u041f\u0440\u043e\u043a\u043b\u0430\u0434\u043a\u0430 \u00ab\u043b\u0430\u0441\u0442\u043e\u0447\u043a\u0438\u043d \u0445\u0432\u043e\u0441\u0442\u00bb \u0434\u043b\u044f \u043f\u0435\u0441\u043a\u043e\u0441\u0442\u0440\u0443\u0439\u043d\u043e\u0439 \u043e\u0431\u0440\u0430\u0431\u043e\u0442\u043a\u0438 (\u0431\u043e\u043b\u044c\u0448\u0430\u044f)"},"content":{"rendered":"<h2>\u041f\u0440\u043e\u043a\u043b\u0430\u0434\u043a\u0430 \u00ab\u043b\u0430\u0441\u0442\u043e\u0447\u043a\u0438\u043d \u0445\u0432\u043e\u0441\u0442\u00bb \u0434\u043b\u044f \u043f\u0435\u0441\u043a\u043e\u0441\u0442\u0440\u0443\u0439\u043d\u043e\u0439 \u043e\u0431\u0440\u0430\u0431\u043e\u0442\u043a\u0438 (\u0431\u043e\u043b\u044c\u0448\u0430\u044f)<\/h2>\n<p>\u0417\u0430\u043f\u0430\u0441\u043d\u0430\u044f \u043f\u0440\u043e\u043a\u043b\u0430\u0434\u043a\u0430, \u0438\u0441\u043f\u043e\u043b\u044c\u0437\u0443\u0435\u043c\u0430\u044f \u043f\u0440\u0438 \u043f\u0435\u0441\u043a\u043e\u0441\u0442\u0440\u0443\u0439\u043d\u043e\u0439 \u043e\u0431\u0440\u0430\u0431\u043e\u0442\u043a\u0435 \u00ab\u043b\u0430\u0441\u0442\u043e\u0447\u043a\u0438\u043d \u0445\u0432\u043e\u0441\u0442\u00bb<\/p>","protected":false},"excerpt":{"rendered":"<p>\u0423\u043f\u043b\u043e\u0442\u043d\u0435\u043d\u0438\u0435 \u0434\u0440\u043e\u0431\u0435\u043c\u0435\u0442\u043d\u043e\u0433\u043e \u0447\u0435\u0440\u0432\u044f\u043a\u0430 (\u0431\u043e\u043b\u044c\u0448\u043e\u0435) \u0421\u043c\u0435\u043d\u043d\u0430\u044f \u043f\u0440\u043e\u043a\u043b\u0430\u0434\u043a\u0430, \u0438\u0441\u043f\u043e\u043b\u044c\u0437\u0443\u0435\u043c\u0430\u044f \u0432 \u0434\u0440\u043e\u0431\u0435\u043c\u0435\u0442\u043d\u044b\u0445 \u0447\u0435\u0440\u0432\u044f\u043a\u0430\u0445<\/p>","protected":false},"featured_media":1789,"comment_status":"open","ping_status":"closed","template":"","meta":{"jetpack_post_was_ever_published":false},"product_brand":[],"product_cat":[2325],"product_tag":[919,911,920,918],"class_list":{"0":"post-763","1":"product","2":"type-product","3":"status-publish","4":"has-post-thumbnail","6":"product_cat-kurtagzi","7":"product_tag-conta","8":"product_tag-kumlama","9":"product_tag-kumlama-kurtagzi-contasi","10":"product_tag-kurtagzi","12":"first","13":"instock","14":"taxable","15":"shipping-taxable","16":"product-type-simple"},"jetpack-related-posts":[{"id":774,"url":"https:\/\/tuzlahortum.com.tr\/ru\/product\/kurtagzi-contasi\/","url_meta":{"origin":763,"position":0},"title":"\u041f\u0440\u043e\u043a\u043b\u0430\u0434\u043a\u0430 \u00ab\u043b\u0430\u0441\u0442\u043e\u0447\u043a\u0438\u043d \u0445\u0432\u043e\u0441\u0442\u00bb (\u043c\u0430\u043b\u0435\u043d\u044c\u043a\u0430\u044f)","author":"admin","date":"6 \u0444\u0435\u0432\u0440\u0430\u043b\u044f 2019","format":false,"excerpt":"\u041f\u0440\u043e\u043a\u043b\u0430\u0434\u043a\u0430 \u00ab\u043b\u0430\u0441\u0442\u043e\u0447\u043a\u0438\u043d \u0445\u0432\u043e\u0441\u0442\u00bb (\u043c\u0430\u043b\u0435\u043d\u044c\u043a\u0430\u044f)","rel":"","context":"\u041f\u043e\u0445\u043e\u0436\u0430\u044f \u0437\u0430\u043f\u0438\u0441\u044c","block_context":{"text":"\u041f\u043e\u0445\u043e\u0436\u0430\u044f \u0437\u0430\u043f\u0438\u0441\u044c","link":""},"img":{"alt_text":"","src":"https:\/\/i0.wp.com\/tuzlahortum.com.tr\/wp-content\/uploads\/urunler\/Kumlama\/kumlama_kurtagzi_contasi.jpg?fit=300%2C300&ssl=1&resize=350%2C200","width":350,"height":200},"classes":[]},{"id":766,"url":"https:\/\/tuzlahortum.com.tr\/ru\/product\/kumlama-kurtagzi-dokum-disi\/","url_meta":{"origin":763,"position":1},"title":"\u041f\u0435\u0441\u043a\u043e\u0441\u0442\u0440\u0443\u0439\u043d\u0430\u044f \u043e\u0431\u0440\u0430\u0431\u043e\u0442\u043a\u0430, \u043b\u0438\u0442\u044c\u0435 \u00ab\u043b\u0430\u0441\u0442\u043e\u0447\u043a\u0438\u043d \u0445\u0432\u043e\u0441\u0442\u00bb \u2013 (\u0436\u0435\u043d\u0449\u0438\u043d\u0430)","author":"admin","date":"6 \u0444\u0435\u0432\u0440\u0430\u043b\u044f 2019","format":false,"excerpt":"\u041f\u0435\u0441\u043a\u043e\u0441\u0442\u0440\u0443\u0439\u043d\u0430\u044f \u043e\u0431\u0440\u0430\u0431\u043e\u0442\u043a\u0430, \u043b\u0438\u0442\u044c\u0435 \u00ab\u043b\u0430\u0441\u0442\u043e\u0447\u043a\u0438\u043d \u0445\u0432\u043e\u0441\u0442\u00bb - (\u0436\u0435\u043d\u0449\u0438\u043d\u0430)","rel":"","context":"\u041f\u043e\u0445\u043e\u0436\u0430\u044f \u0437\u0430\u043f\u0438\u0441\u044c","block_context":{"text":"\u041f\u043e\u0445\u043e\u0436\u0430\u044f \u0437\u0430\u043f\u0438\u0441\u044c","link":""},"img":{"alt_text":"","src":"https:\/\/i0.wp.com\/tuzlahortum.com.tr\/wp-content\/uploads\/urunler\/Kumlama\/kumlama_kurtagzi_dokum_disi.jpg?fit=400%2C400&ssl=1&resize=350%2C200","width":350,"height":200},"classes":[]},{"id":765,"url":"https:\/\/tuzlahortum.com.tr\/ru\/product\/kumlama-kurtagzi-dokum\/","url_meta":{"origin":763,"position":2},"title":"\u041f\u0435\u0441\u043a\u043e\u0441\u0442\u0440\u0443\u0439\u043d\u0430\u044f \u043e\u0431\u0440\u0430\u0431\u043e\u0442\u043a\u0430 \u041b\u0438\u0442\u044c\u0435 \u0432 \u0444\u043e\u0440\u043c\u0435 \u043b\u0430\u0441\u0442\u043e\u0447\u043a\u0438\u043d\u043e\u0433\u043e \u0445\u0432\u043e\u0441\u0442\u0430","author":"admin","date":"6 \u0444\u0435\u0432\u0440\u0430\u043b\u044f 2019","format":false,"excerpt":"Kumlama Kurta\u011fz\u0131 D\u00f6k\u00fcmKumlama Hortumlar\u0131n\u0131 birle\u015ftirmek veya kazan silo gibi devrelere ba\u011flamak i\u00e7in kullanabilece\u011finiz ba\u011flant\u0131 aparat\u0131. Di\u011fer sistemlere g\u00f6re hortum adapt\u00f6r\u00fcn i\u00e7ine monte edildi\u011fi i\u00e7in malzeme ak\u0131\u015f\u0131nda herhangi bir daralma olmaz. 1\" ve 1 1\/4\" kumlama hortumlar\u0131na g\u00f6re kurta\u011fz\u0131 \u00e7e\u015fitleri mevcuttur.","rel":"","context":"\u041f\u043e\u0445\u043e\u0436\u0430\u044f \u0437\u0430\u043f\u0438\u0441\u044c","block_context":{"text":"\u041f\u043e\u0445\u043e\u0436\u0430\u044f \u0437\u0430\u043f\u0438\u0441\u044c","link":""},"img":{"alt_text":"","src":"https:\/\/i0.wp.com\/tuzlahortum.com.tr\/wp-content\/uploads\/urunler\/Kumlama\/kumlama_kurtagzi_dokum.jpg?fit=210%2C240&ssl=1&resize=350%2C200","width":350,"height":200},"classes":[]},{"id":1356,"url":"https:\/\/tuzlahortum.com.tr\/ru\/product\/viton-contalar\/","url_meta":{"origin":763,"position":3},"title":"\u0412\u0438\u0442\u043e\u043d\u043e\u0432\u044b\u0435 \u043f\u0440\u043e\u043a\u043b\u0430\u0434\u043a\u0438","author":"\u0130smail \u00c7elik","date":"11 \u0444\u0435\u0432\u0440\u0430\u043b\u044f 2019","format":false,"excerpt":"Viton Contalarhttps:\/\/www.youtube.com\/watch?v=O8ZlzKEjfEQ","rel":"","context":"\u041f\u043e\u0445\u043e\u0436\u0430\u044f \u0437\u0430\u043f\u0438\u0441\u044c","block_context":{"text":"\u041f\u043e\u0445\u043e\u0436\u0430\u044f \u0437\u0430\u043f\u0438\u0441\u044c","link":""},"img":{"alt_text":"","src":"https:\/\/i0.wp.com\/tuzlahortum.com.tr\/wp-content\/uploads\/2019\/03\/Viton-Contalar.jpg?fit=700%2C500&ssl=1&resize=350%2C200","width":350,"height":200,"srcset":"https:\/\/i0.wp.com\/tuzlahortum.com.tr\/wp-content\/uploads\/2019\/03\/Viton-Contalar.jpg?fit=700%2C500&ssl=1&resize=350%2C200 1x, https:\/\/i0.wp.com\/tuzlahortum.com.tr\/wp-content\/uploads\/2019\/03\/Viton-Contalar.jpg?fit=700%2C500&ssl=1&resize=525%2C300 1.5x, https:\/\/i0.wp.com\/tuzlahortum.com.tr\/wp-content\/uploads\/2019\/03\/Viton-Contalar.jpg?fit=700%2C500&ssl=1&resize=700%2C400 2x"},"classes":[]},{"id":1358,"url":"https:\/\/tuzlahortum.com.tr\/ru\/product\/silikon-contalar\/","url_meta":{"origin":763,"position":4},"title":"\u0421\u0438\u043b\u0438\u043a\u043e\u043d\u043e\u0432\u044b\u0435 \u043f\u0440\u043e\u043a\u043b\u0430\u0434\u043a\u0438","author":"\u0130smail \u00c7elik","date":"11 \u0444\u0435\u0432\u0440\u0430\u043b\u044f 2019","format":false,"excerpt":"Silikon Contalarhttps:\/\/www.youtube.com\/watch?v=O8ZlzKEjfEQ","rel":"","context":"\u041f\u043e\u0445\u043e\u0436\u0430\u044f \u0437\u0430\u043f\u0438\u0441\u044c","block_context":{"text":"\u041f\u043e\u0445\u043e\u0436\u0430\u044f \u0437\u0430\u043f\u0438\u0441\u044c","link":""},"img":{"alt_text":"","src":"https:\/\/i0.wp.com\/tuzlahortum.com.tr\/wp-content\/uploads\/2019\/03\/Silikon-Contalar.jpg?fit=700%2C500&ssl=1&resize=350%2C200","width":350,"height":200,"srcset":"https:\/\/i0.wp.com\/tuzlahortum.com.tr\/wp-content\/uploads\/2019\/03\/Silikon-Contalar.jpg?fit=700%2C500&ssl=1&resize=350%2C200 1x, https:\/\/i0.wp.com\/tuzlahortum.com.tr\/wp-content\/uploads\/2019\/03\/Silikon-Contalar.jpg?fit=700%2C500&ssl=1&resize=525%2C300 1.5x, https:\/\/i0.wp.com\/tuzlahortum.com.tr\/wp-content\/uploads\/2019\/03\/Silikon-Contalar.jpg?fit=700%2C500&ssl=1&resize=700%2C400 2x"},"classes":[]},{"id":1354,"url":"https:\/\/tuzlahortum.com.tr\/ru\/product\/nbr-kaucuk-contalar\/","url_meta":{"origin":763,"position":5},"title":"\u0420\u0435\u0437\u0438\u043d\u043e\u0432\u044b\u0435 \u0443\u043f\u043b\u043e\u0442\u043d\u0435\u043d\u0438\u044f NBR","author":"\u0130smail \u00c7elik","date":"11 \u0444\u0435\u0432\u0440\u0430\u043b\u044f 2019","format":false,"excerpt":"NBR Kau\u00e7uk Contalarhttps:\/\/www.youtube.com\/watch?v=O8ZlzKEjfEQ","rel":"","context":"\u041f\u043e\u0445\u043e\u0436\u0430\u044f \u0437\u0430\u043f\u0438\u0441\u044c","block_context":{"text":"\u041f\u043e\u0445\u043e\u0436\u0430\u044f \u0437\u0430\u043f\u0438\u0441\u044c","link":""},"img":{"alt_text":"","src":"https:\/\/i0.wp.com\/tuzlahortum.com.tr\/wp-content\/uploads\/2019\/03\/NBR-Kaucuk-Contalar.jpg?fit=700%2C500&ssl=1&resize=350%2C200","width":350,"height":200,"srcset":"https:\/\/i0.wp.com\/tuzlahortum.com.tr\/wp-content\/uploads\/2019\/03\/NBR-Kaucuk-Contalar.jpg?fit=700%2C500&ssl=1&resize=350%2C200 1x, https:\/\/i0.wp.com\/tuzlahortum.com.tr\/wp-content\/uploads\/2019\/03\/NBR-Kaucuk-Contalar.jpg?fit=700%2C500&ssl=1&resize=525%2C300 1.5x, https:\/\/i0.wp.com\/tuzlahortum.com.tr\/wp-content\/uploads\/2019\/03\/NBR-Kaucuk-Contalar.jpg?fit=700%2C500&ssl=1&resize=700%2C400 2x"},"classes":[]}],"jetpack_sharing_enabled":true,"jetpack_likes_enabled":true,"_links":{"self":[{"href":"https:\/\/tuzlahortum.com.tr\/ru\/wp-json\/wp\/v2\/product\/763","targetHints":{"allow":["GET"]}}],"collection":[{"href":"https:\/\/tuzlahortum.com.tr\/ru\/wp-json\/wp\/v2\/product"}],"about":[{"href":"https:\/\/tuzlahortum.com.tr\/ru\/wp-json\/wp\/v2\/types\/product"}],"replies":[{"embeddable":true,"href":"https:\/\/tuzlahortum.com.tr\/ru\/wp-json\/wp\/v2\/comments?post=763"}],"wp:featuredmedia":[{"embeddable":true,"href":"https:\/\/tuzlahortum.com.tr\/ru\/wp-json\/wp\/v2\/media\/1789"}],"wp:attachment":[{"href":"https:\/\/tuzlahortum.com.tr\/ru\/wp-json\/wp\/v2\/media?parent=763"}],"wp:term":[{"taxonomy":"product_brand","embeddable":true,"href":"https:\/\/tuzlahortum.com.tr\/ru\/wp-json\/wp\/v2\/product_brand?post=763"},{"taxonomy":"product_cat","embeddable":true,"href":"https:\/\/tuzlahortum.com.tr\/ru\/wp-json\/wp\/v2\/product_cat?post=763"},{"taxonomy":"product_tag","embeddable":true,"href":"https:\/\/tuzlahortum.com.tr\/ru\/wp-json\/wp\/v2\/product_tag?post=763"}],"curies":[{"name":"wp","href":"https:\/\/api.w.org\/{rel}","templated":true}]}}