{"id":761,"date":"2019-02-06T23:53:37","date_gmt":"2019-02-06T20:53:37","guid":{"rendered":"http:\/\/hortum.com.tr\/product\/import-placeholder-for-569\/"},"modified":"2024-03-21T17:42:56","modified_gmt":"2024-03-21T14:42:56","slug":"kumlama-maskesicontracor","status":"publish","type":"product","link":"https:\/\/tuzlahortum.com.tr\/ru\/product\/kumlama-maskesicontracor\/","title":{"rendered":"\u041f\u0435\u0441\u043a\u043e\u0441\u0442\u0440\u0443\u0439\u043d\u0430\u044f \u043c\u0430\u0441\u043a\u0430 (\u041a\u043e\u043d\u0442\u0440\u0430\u043a\u043e\u0440)"},"content":{"rendered":"<h2>\u041f\u0435\u0441\u043a\u043e\u0441\u0442\u0440\u0443\u0439\u043d\u0430\u044f \u043c\u0430\u0441\u043a\u0430 (\u041a\u043e\u043d\u0442\u0440\u0430\u043a\u043e\u0440)<\/h2>","protected":false},"excerpt":{"rendered":"<p>\u041f\u0435\u0441\u043a\u043e\u0441\u0442\u0440\u0443\u0439\u043d\u0430\u044f \u043c\u0430\u0441\u043a\u0430 (\u041a\u043e\u043d\u0442\u0440\u0430\u043a\u043e\u0440)<\/p>","protected":false},"featured_media":1794,"comment_status":"open","ping_status":"closed","template":"","meta":{"jetpack_post_was_ever_published":false},"product_brand":[],"product_cat":[2326],"product_tag":[913,911,914,915,912],"class_list":{"0":"post-761","1":"product","2":"type-product","3":"status-publish","4":"has-post-thumbnail","6":"product_cat-kumlama-malzemeleri","7":"product_tag-contracor","8":"product_tag-kumlama","9":"product_tag-kumlama-maskesi","10":"product_tag-kumlama-maskesi-contracor","11":"product_tag-maske","13":"first","14":"instock","15":"featured","16":"taxable","17":"shipping-taxable","18":"product-type-simple"},"jetpack-related-posts":[{"id":767,"url":"https:\/\/tuzlahortum.com.tr\/ru\/product\/kumlama-maskesi\/","url_meta":{"origin":761,"position":0},"title":"\u041f\u0435\u0441\u043a\u043e\u0441\u0442\u0440\u0443\u0439\u043d\u0430\u044f \u043c\u0430\u0441\u043a\u0430 (\u043f\u043b\u0430\u0441\u0442\u0438\u043a-\u043f\u043e\u043b\u0438\u044d\u0441\u0442\u0435\u0440)","author":"admin","date":"6 \u0444\u0435\u0432\u0440\u0430\u043b\u044f 2019","format":false,"excerpt":"\u041f\u0435\u0441\u043a\u043e\u0441\u0442\u0440\u0443\u0439\u043d\u0430\u044f \u043c\u0430\u0441\u043a\u0430 (\u043f\u043b\u0430\u0441\u0442\u0438\u043a-\u043f\u043e\u043b\u0438\u044d\u0441\u0442\u0435\u0440)","rel":"","context":"\u041f\u043e\u0445\u043e\u0436\u0430\u044f \u0437\u0430\u043f\u0438\u0441\u044c","block_context":{"text":"\u041f\u043e\u0445\u043e\u0436\u0430\u044f \u0437\u0430\u043f\u0438\u0441\u044c","link":""},"img":{"alt_text":"","src":"https:\/\/i0.wp.com\/tuzlahortum.com.tr\/wp-content\/uploads\/2019\/03\/kumlama-maskesi-polyester11.jpg?fit=396%2C627&ssl=1&resize=350%2C200","width":350,"height":200},"classes":[]},{"id":9026,"url":"https:\/\/tuzlahortum.com.tr\/ru\/product\/kumlama-tulumu-guderi\/","url_meta":{"origin":761,"position":1},"title":"\u041a\u043e\u043c\u0431\u0438\u043d\u0435\u0437\u043e\u043d \u0434\u043b\u044f \u043f\u0435\u0441\u043a\u043e\u0441\u0442\u0440\u0443\u0439\u043d\u043e\u0439 \u043e\u0431\u0440\u0430\u0431\u043e\u0442\u043a\u0438 (\u0437\u0430\u043c\u0448\u0430)","author":"\u0130smail \u00c7elik","date":"2 \u0430\u043f\u0440\u0435\u043b\u044f 2019","format":false,"excerpt":"Kumlama Tulumu (G\u00fcderi)Bilindi\u011fi gibi kumlama i\u015flemlerinde operat\u00f6rler p\u00fcsk\u00fcrt\u00fclen sarf malzemeleri ve a\u00e7\u0131\u011fa \u00e7\u0131kan toz nedeniyle olduk\u00e7a zor \u015fartlarda \u00e7al\u0131\u015fmaktad\u0131rlar. Bu nedenle bizler operat\u00f6rlerin hareket kolayl\u0131\u011f\u0131 ve korunmalar\u0131 i\u00e7in \u00f6zel olarak imal edilmi\u015f kumlama tulumu sat\u0131\u015f\u0131n\u0131 yapmaktay\u0131z. L-XL-XXL boyutlar\u0131nda \u00fcretilen ve kumlama i\u015fleminde giyilmek \u00fczere \u00f6zel olarak tasarlanm\u0131\u015f kumlama elbisesi di\u011fer\u2026","rel":"","context":"\u041f\u043e\u0445\u043e\u0436\u0430\u044f \u0437\u0430\u043f\u0438\u0441\u044c","block_context":{"text":"\u041f\u043e\u0445\u043e\u0436\u0430\u044f \u0437\u0430\u043f\u0438\u0441\u044c","link":""},"img":{"alt_text":"","src":"https:\/\/i0.wp.com\/tuzlahortum.com.tr\/wp-content\/uploads\/urunler\/Kumlama\/kumlama_tulumu_on.jpg?fit=250%2C275&ssl=1&resize=350%2C200","width":350,"height":200},"classes":[]},{"id":9054,"url":"https:\/\/tuzlahortum.com.tr\/ru\/product\/kumlama-nozulu-performer-nozul-1000\/","url_meta":{"origin":761,"position":2},"title":"\u0421\u043e\u043f\u043b\u043e \u0434\u043b\u044f \u043f\u0435\u0441\u043a\u043e\u0441\u0442\u0440\u0443\u0439\u043d\u043e\u0439 \u043e\u0431\u0440\u0430\u0431\u043e\u0442\u043a\u0438 \u2013 Performer Nozzle 1000","author":"\u0130smail \u00c7elik","date":"9 \u0430\u043f\u0440\u0435\u043b\u044f 2019","format":false,"excerpt":"Kumlama Nozulu - Performer Nozul 1000Performer, y\u00fcksek performansl\u0131 geli\u015fmi\u015f bir modeldir. Y\u00fcksek a\u015f\u0131nmaya dayan\u0131kl\u0131 g\u00f6mlek ve sa\u011flam, hafif poli\u00fcretan k\u0131l\u0131f ile donat\u0131lm\u0131\u015ft\u0131r. Contracor Performer\u00a0kumlama nozul serisi ile al\u00fcminyum oksit, silikon karb\u00fcr, \u00e7elik grit veya y\u00fcksek derecede a\u015f\u0131nd\u0131r\u0131c\u0131 kumlama i\u00e7in uygundur. Be\u015f farkl\u0131 boyutta mevcuttur. Bas\u0131n\u00e7l\u0131 hava kayna\u011f\u0131n\u0131 ayarlamak ve kum\u2026","rel":"","context":"\u041f\u043e\u0445\u043e\u0436\u0430\u044f \u0437\u0430\u043f\u0438\u0441\u044c","block_context":{"text":"\u041f\u043e\u0445\u043e\u0436\u0430\u044f \u0437\u0430\u043f\u0438\u0441\u044c","link":""},"img":{"alt_text":"","src":"https:\/\/i0.wp.com\/tuzlahortum.com.tr\/wp-content\/uploads\/2019\/04\/performer-1000.png?fit=650%2C325&ssl=1&resize=350%2C200","width":350,"height":200,"srcset":"https:\/\/i0.wp.com\/tuzlahortum.com.tr\/wp-content\/uploads\/2019\/04\/performer-1000.png?fit=650%2C325&ssl=1&resize=350%2C200 1x, https:\/\/i0.wp.com\/tuzlahortum.com.tr\/wp-content\/uploads\/2019\/04\/performer-1000.png?fit=650%2C325&ssl=1&resize=525%2C300 1.5x"},"classes":[]},{"id":9042,"url":"https:\/\/tuzlahortum.com.tr\/ru\/product\/kumlama-nozulu-performer-nozul-400\/","url_meta":{"origin":761,"position":3},"title":"\u0421\u043e\u043f\u043b\u043e \u0434\u043b\u044f \u043f\u0435\u0441\u043a\u043e\u0441\u0442\u0440\u0443\u0439\u043d\u043e\u0439 \u043e\u0431\u0440\u0430\u0431\u043e\u0442\u043a\u0438 \u2013 Performer Nozzle 400","author":"\u0130smail \u00c7elik","date":"9 \u0430\u043f\u0440\u0435\u043b\u044f 2019","format":false,"excerpt":"Kumlama Nozulu - Performer Nozul 400Performer, y\u00fcksek performansl\u0131 geli\u015fmi\u015f bir modeldir. Y\u00fcksek a\u015f\u0131nmaya dayan\u0131kl\u0131 g\u00f6mlek ve sa\u011flam, hafif poli\u00fcretan k\u0131l\u0131f ile donat\u0131lm\u0131\u015ft\u0131r. Contracor Performer\u00a0kumlama nozul serisi ile al\u00fcminyum oksit, silikon karb\u00fcr, \u00e7elik grit veya y\u00fcksek derecede a\u015f\u0131nd\u0131r\u0131c\u0131 kumlama i\u00e7in uygundur. Be\u015f farkl\u0131 boyutta mevcuttur. Bas\u0131n\u00e7l\u0131 hava kayna\u011f\u0131n\u0131 ayarlamak ve kum\u2026","rel":"","context":"\u041f\u043e\u0445\u043e\u0436\u0430\u044f \u0437\u0430\u043f\u0438\u0441\u044c","block_context":{"text":"\u041f\u043e\u0445\u043e\u0436\u0430\u044f \u0437\u0430\u043f\u0438\u0441\u044c","link":""},"img":{"alt_text":"","src":"https:\/\/i0.wp.com\/tuzlahortum.com.tr\/wp-content\/uploads\/2019\/04\/performer-400.png?fit=650%2C323&ssl=1&resize=350%2C200","width":350,"height":200,"srcset":"https:\/\/i0.wp.com\/tuzlahortum.com.tr\/wp-content\/uploads\/2019\/04\/performer-400.png?fit=650%2C323&ssl=1&resize=350%2C200 1x, https:\/\/i0.wp.com\/tuzlahortum.com.tr\/wp-content\/uploads\/2019\/04\/performer-400.png?fit=650%2C323&ssl=1&resize=525%2C300 1.5x"},"classes":[]},{"id":9048,"url":"https:\/\/tuzlahortum.com.tr\/ru\/product\/kumlama-nozulu-performer-nozul-600\/","url_meta":{"origin":761,"position":4},"title":"\u0421\u043e\u043f\u043b\u043e \u0434\u043b\u044f \u043f\u0435\u0441\u043a\u043e\u0441\u0442\u0440\u0443\u0439\u043d\u043e\u0439 \u043e\u0431\u0440\u0430\u0431\u043e\u0442\u043a\u0438 \u2013 Performer Nozzle 600","author":"\u0130smail \u00c7elik","date":"9 \u0430\u043f\u0440\u0435\u043b\u044f 2019","format":false,"excerpt":"Kumlama Nozulu - Performer Nozul 600Performer, y\u00fcksek performansl\u0131 geli\u015fmi\u015f bir modeldir. Y\u00fcksek a\u015f\u0131nmaya dayan\u0131kl\u0131 g\u00f6mlek ve sa\u011flam, hafif poli\u00fcretan k\u0131l\u0131f ile donat\u0131lm\u0131\u015ft\u0131r. Contracor Performer kumlama nozul serisi ile al\u00fcminyum oksit, silikon karb\u00fcr, \u00e7elik grit veya y\u00fcksek derecede a\u015f\u0131nd\u0131r\u0131c\u0131 kumlama i\u00e7in uygundur. Be\u015f farkl\u0131 boyutta mevcuttur. Bas\u0131n\u00e7l\u0131 hava kayna\u011f\u0131n\u0131 ayarlamak ve\u2026","rel":"","context":"\u041f\u043e\u0445\u043e\u0436\u0430\u044f \u0437\u0430\u043f\u0438\u0441\u044c","block_context":{"text":"\u041f\u043e\u0445\u043e\u0436\u0430\u044f \u0437\u0430\u043f\u0438\u0441\u044c","link":""},"img":{"alt_text":"","src":"https:\/\/i0.wp.com\/tuzlahortum.com.tr\/wp-content\/uploads\/2019\/04\/performer-600.png?fit=650%2C304&ssl=1&resize=350%2C200","width":350,"height":200,"srcset":"https:\/\/i0.wp.com\/tuzlahortum.com.tr\/wp-content\/uploads\/2019\/04\/performer-600.png?fit=650%2C304&ssl=1&resize=350%2C200 1x, https:\/\/i0.wp.com\/tuzlahortum.com.tr\/wp-content\/uploads\/2019\/04\/performer-600.png?fit=650%2C304&ssl=1&resize=525%2C300 1.5x"},"classes":[]},{"id":775,"url":"https:\/\/tuzlahortum.com.tr\/ru\/product\/plastik-kumlama-nozul-tutucu\/","url_meta":{"origin":761,"position":5},"title":"\u041f\u043b\u0430\u0441\u0442\u0438\u043a\u043e\u0432\u044b\u0439 \u0434\u0435\u0440\u0436\u0430\u0442\u0435\u043b\u044c \u0441\u043e\u043f\u043b\u0430 \u0434\u043b\u044f \u043f\u0435\u0441\u043a\u043e\u0441\u0442\u0440\u0443\u0439\u043d\u043e\u0439 \u043e\u0431\u0440\u0430\u0431\u043e\u0442\u043a\u0438","author":"admin","date":"6 \u0444\u0435\u0432\u0440\u0430\u043b\u044f 2019","format":false,"excerpt":"Plastik Kumlama Nozul TutucuKumlama nozulu tutucu ba\u015fl\u0131klar; nozulu esnek ve vidal\u0131 yap\u0131s\u0131yla s\u0131k\u0131ca tutarak kumlama hortumuyla birlikte optimum ba\u011flant\u0131 sa\u011flar. A\u011f\u0131r olmayan hafif yap\u0131s\u0131yla kumlama i\u015fleminde operat\u00f6r\u00fc a\u011f\u0131rl\u0131\u011f\u0131yla yormaz ergonomik kullan\u0131m sa\u011flar. Vidalama deliklerinden kumlama hortumuna veya kumlama borusuna kolay monte edilebilir \u00f6zelliktedir.","rel":"","context":"\u041f\u043e\u0445\u043e\u0436\u0430\u044f \u0437\u0430\u043f\u0438\u0441\u044c","block_context":{"text":"\u041f\u043e\u0445\u043e\u0436\u0430\u044f \u0437\u0430\u043f\u0438\u0441\u044c","link":""},"img":{"alt_text":"","src":"https:\/\/i0.wp.com\/tuzlahortum.com.tr\/wp-content\/uploads\/urunler\/Kumlama\/kumlama-nozul-tutucu.jpg?fit=233%2C216&ssl=1&resize=350%2C200","width":350,"height":200},"classes":[]}],"jetpack_sharing_enabled":true,"jetpack_likes_enabled":true,"_links":{"self":[{"href":"https:\/\/tuzlahortum.com.tr\/ru\/wp-json\/wp\/v2\/product\/761","targetHints":{"allow":["GET"]}}],"collection":[{"href":"https:\/\/tuzlahortum.com.tr\/ru\/wp-json\/wp\/v2\/product"}],"about":[{"href":"https:\/\/tuzlahortum.com.tr\/ru\/wp-json\/wp\/v2\/types\/product"}],"replies":[{"embeddable":true,"href":"https:\/\/tuzlahortum.com.tr\/ru\/wp-json\/wp\/v2\/comments?post=761"}],"wp:featuredmedia":[{"embeddable":true,"href":"https:\/\/tuzlahortum.com.tr\/ru\/wp-json\/wp\/v2\/media\/1794"}],"wp:attachment":[{"href":"https:\/\/tuzlahortum.com.tr\/ru\/wp-json\/wp\/v2\/media?parent=761"}],"wp:term":[{"taxonomy":"product_brand","embeddable":true,"href":"https:\/\/tuzlahortum.com.tr\/ru\/wp-json\/wp\/v2\/product_brand?post=761"},{"taxonomy":"product_cat","embeddable":true,"href":"https:\/\/tuzlahortum.com.tr\/ru\/wp-json\/wp\/v2\/product_cat?post=761"},{"taxonomy":"product_tag","embeddable":true,"href":"https:\/\/tuzlahortum.com.tr\/ru\/wp-json\/wp\/v2\/product_tag?post=761"}],"curies":[{"name":"wp","href":"https:\/\/api.w.org\/{rel}","templated":true}]}}