{"id":759,"date":"2019-02-06T23:53:36","date_gmt":"2019-02-06T20:53:36","guid":{"rendered":"http:\/\/hortum.com.tr\/product\/import-placeholder-for-605\/"},"modified":"2024-03-21T17:42:57","modified_gmt":"2024-03-21T14:42:57","slug":"kraft-hortum","status":"publish","type":"product","link":"https:\/\/tuzlahortum.com.tr\/ru\/product\/kraft-hortum\/","title":{"rendered":"\u041a\u0440\u0430\u0444\u0442-\u0448\u043b\u0430\u043d\u0433"},"content":{"rendered":"<h2>\u041a\u0440\u0430\u0444\u0442-\u0448\u043b\u0430\u043d\u0433<\/h2>\n<p>\u041a\u0440\u0430\u0444\u0442-\u0448\u043b\u0430\u043d\u0433\u0438; \u042d\u0442\u043e \u0433\u0438\u0431\u043a\u0438\u0439, \u043f\u0440\u0430\u043a\u0442\u0438\u0447\u043d\u044b\u0439 \u0438 \u043f\u0440\u043e\u0441\u0442\u043e\u0439 \u0432 \u043f\u0440\u0438\u043c\u0435\u043d\u0435\u043d\u0438\u0438 \u044d\u0441\u0442\u0435\u0442\u0438\u0447\u043d\u044b\u0439 \u043f\u0440\u043e\u0434\u0443\u043a\u0442, \u043a\u043e\u0442\u043e\u0440\u044b\u0439 \u043c\u043e\u0436\u043d\u043e \u0438\u0441\u043f\u043e\u043b\u044c\u0437\u043e\u0432\u0430\u0442\u044c \u0432 \u0430\u0432\u0442\u043e\u043c\u043e\u0431\u0438\u043b\u044c\u043d\u043e\u0439, \u0442\u0435\u043a\u0441\u0442\u0438\u043b\u044c\u043d\u043e\u0439, \u0432\u0435\u043d\u0442\u0438\u043b\u044f\u0446\u0438\u043e\u043d\u043d\u043e\u0439 \u0438 \u0434\u0435\u043a\u043e\u0440\u0430\u0442\u0438\u0432\u043d\u043e\u0439 \u0441\u0444\u0435\u0440\u0430\u0445. \u041d\u0430\u0448 \u043f\u0440\u043e\u0434\u0443\u043a\u0442, \u0438\u0437\u0433\u043e\u0442\u043e\u0432\u043b\u0435\u043d\u043d\u044b\u0439 \u0438\u0437 \u043a\u0440\u0430\u0444\u0442-\u0431\u0443\u043c\u0430\u0433\u0438 \u0438 \u0430\u043b\u044e\u043c\u0438\u043d\u0438\u044f, \u0438\u0441\u043f\u043e\u043b\u044c\u0437\u0443\u0435\u0442\u0441\u044f \u0434\u043b\u044f \u043b\u0435\u0433\u043a\u043e\u0439 \u0438 \u0433\u0438\u0431\u043a\u043e\u0439 \u0442\u0440\u0430\u043d\u0441\u043f\u043e\u0440\u0442\u0438\u0440\u043e\u0432\u043a\u0438 \u0433\u043e\u0440\u044f\u0447\u0435\u0433\u043e \u0438\u043b\u0438 \u0445\u043e\u043b\u043e\u0434\u043d\u043e\u0433\u043e \u0432\u043e\u0437\u0434\u0443\u0445\u0430 \u0432 \u0441\u0438\u0441\u0442\u0435\u043c\u0430\u0445 \u0432\u0435\u043d\u0442\u0438\u043b\u044f\u0446\u0438\u0438 \u0432\u0441\u0435\u0445 \u0432\u0438\u0434\u043e\u0432 \u0430\u0432\u0442\u043e\u043c\u043e\u0431\u0438\u043b\u0435\u0439, \u0442\u0435\u043a\u0441\u0442\u0438\u043b\u044c\u043d\u044b\u0445, \u043f\u0438\u0449\u0435\u0432\u044b\u0445 \u0438 \u043f\u043e\u043b\u0438\u0433\u0440\u0430\u0444\u0438\u0447\u0435\u0441\u043a\u0438\u0445 \u043c\u0430\u0448\u0438\u043d. \u0412\u043e\u0437\u043c\u043e\u0436\u043d\u043e \u0438\u0437\u0433\u043e\u0442\u043e\u0432\u043b\u0435\u043d\u0438\u0435 \u0432 \u0447\u0435\u0440\u043d\u043e\u043c \u0438 \u0436\u0435\u043b\u0442\u043e\u043c (\u043a\u0440\u0430\u0444\u0442) \u0438\u0441\u043f\u043e\u043b\u043d\u0435\u043d\u0438\u0438.<\/p>\n<div class=\"video video-fit mb\" style=\"padding-top:56.25%;\"><p><iframe loading=\"lazy\" title=\"\u041f\u0443\u0442\u0430\u043d\u0438\u0446\u0430 \u0432 \u0438\u0437\u043c\u0435\u0440\u0435\u043d\u0438\u044f\u0445 (\u0434\u044e\u0439\u043c\u044b, \u043f\u0430\u043b\u044c\u0446\u044b, \u0434\u044b\u043c\u043a\u0430, \u043c\u0438\u043b\u043b\u0438\u043c\u0435\u0442\u0440\u044b)\" width=\"1020\" height=\"574\" src=\"https:\/\/www.youtube.com\/embed\/uKk6AG_AZls?feature=oembed\" frameborder=\"0\" allow=\"accelerometer; autoplay; clipboard-write; encrypted-media; gyroscope; picture-in-picture; web-share\" referrerpolicy=\"strict-origin-when-cross-origin\" allowfullscreen><\/iframe><\/p>\n<\/div>\n<p>&nbsp;<\/p>\n<table border=\"0\" cellspacing=\"0\" cellpadding=\"0\">\n<tbody>\n<tr>\n<td>\n<table id=\"t1\">\n<thead>\n<tr>\n<th id=\"n1\" class=\"t1\" scope=\"col\">\u0422\u0435\u0445\u043d\u0438\u0447\u0435\u0441\u043a\u0438\u0435 \u0445\u0430\u0440\u0430\u043a\u0442\u0435\u0440\u0438\u0441\u0442\u0438\u043a\u0438:<\/th>\n<th id=\"n2\" class=\"t1\" scope=\"col\">\u0413\u0438\u0431\u043a\u0438\u0435 \u0448\u043b\u0430\u043d\u0433\u0438<\/th>\n<\/tr>\n<\/thead>\n<tbody>\n<tr class=\"table-alternate row1\">\n<td id=\"n1\" class=\"start\">\u0422\u0438\u043f\u044b \u043f\u0440\u043e\u0438\u0437\u0432\u043e\u0434\u0441\u0442\u0432\u0430:<\/td>\n<td id=\"n2\">\n<ul>\n<li>\u041a\u0410\u041a: (\u0432\u043d\u0435\u0448\u043d\u044f\u044f) \u043a\u0440\u0430\u0444\u0442-\u0431\u0443\u043c\u0430\u0433\u0430 + (\u0441\u0440\u0435\u0434\u043d\u044f\u044f) \u0430\u043b\u044e\u043c\u0438\u043d\u0438\u0439 + (\u0432\u043d\u0443\u0442\u0440\u0435\u043d\u043d\u044f\u044f) \u043a\u0440\u0430\u0444\u0442-\u0431\u0443\u043c\u0430\u0433\u0430<\/li>\n<li>PAK: (\u0432\u043d\u0435\u0448\u043d\u0438\u0439) \u043f\u043b\u0430\u0441\u0442\u0438\u043a + (\u0441\u0440\u0435\u0434\u043d\u0438\u0439) \u0430\u043b\u044e\u043c\u0438\u043d\u0438\u0439 + (\u0432\u043d\u0443\u0442\u0440\u0435\u043d\u043d\u0438\u0439) \u043a\u0440\u0430\u0444\u0442-\u0431\u0443\u043c\u0430\u0433\u0430<\/li>\n<li>PKA: (\u0432\u043d\u0435\u0448\u043d\u0438\u0439) \u043f\u043b\u0430\u0441\u0442\u0438\u043a + (\u0441\u0440\u0435\u0434\u043d\u0438\u0439) \u043a\u0440\u0430\u0444\u0442-\u0431\u0443\u043c\u0430\u0433\u0430 + (\u0432\u043d\u0443\u0442\u0440\u0435\u043d\u043d\u0438\u0439) \u0430\u043b\u044e\u043c\u0438\u043d\u0438\u0439<\/li>\n<li>PA: (\u0421\u043d\u0430\u0440\u0443\u0436\u0438) \u041f\u043b\u0430\u0441\u0442\u0438\u043a + (\u0412\u043d\u0443\u0442\u0440\u0438) \u0410\u043b\u044e\u043c\u0438\u043d\u0438\u0439<\/li>\n<\/ul>\n<\/td>\n<\/tr>\n<tr class=\"table-noalt row2\">\n<td id=\"n1\" class=\"start\">\u0414\u0438\u0430\u043f\u0430\u0437\u043e\u043d \u0434\u0438\u0430\u043c\u0435\u0442\u0440\u043e\u0432:<\/td>\n<td id=\"n2\">38 \u2013 40 \u2013 42 \u2013 50 \u2013 55 \u2013 60 \u2013 65 \u2013 70 \u2013 75 \u2013 80 \u2013 90 \u2013 100 \u043c\u043c<\/td>\n<\/tr>\n<tr class=\"table-alternate row3\">\n<td id=\"n1\" class=\"start\">\u0420\u0430\u0431\u043e\u0447\u0430\u044f \u0442\u0435\u043c\u043f\u0435\u0440\u0430\u0442\u0443\u0440\u0430:<\/td>\n<td id=\"n2\">-40\u00b0\u0421 \/ +130\u00b0\u0421<\/td>\n<\/tr>\n<tr class=\"table-noalt row4\">\n<td id=\"n1\" class=\"start\">\u0421\u043a\u043e\u0440\u043e\u0441\u0442\u044c \u0443\u0434\u043b\u0438\u043d\u0435\u043d\u0438\u044f:<\/td>\n<td id=\"n2\">1\/3<\/td>\n<\/tr>\n<tr class=\"table-alternate row5\">\n<td id=\"n1\" class=\"start\">\u0421\u0442\u0430\u043d\u0434\u0430\u0440\u0442\u043d\u044b\u0439 \u0440\u0430\u0437\u043c\u0435\u0440:<\/td>\n<td id=\"n2\">\u041f\u043e\u0441\u0442\u0430\u0432\u043b\u044f\u0435\u0442\u0441\u044f \u0432 \u0432\u0438\u0434\u0435 25-\u043c\u0435\u0442\u0440\u043e\u0432\u043e\u0439 \u0448\u043f\u0430\u043b\u044b.<\/td>\n<\/tr>\n<tr class=\"table-noalt row6\">\n<td id=\"n1\" class=\"start\">\u041e\u0431\u043b\u0430\u0441\u0442\u0438 \u0438\u0441\u043f\u043e\u043b\u044c\u0437\u043e\u0432\u0430\u043d\u0438\u044f:<\/td>\n<td id=\"n2\">\u041e\u043d \u0438\u0441\u043f\u043e\u043b\u044c\u0437\u0443\u0435\u0442\u0441\u044f \u0434\u043b\u044f \u043f\u0440\u043e\u0441\u0442\u043e\u0439 \u0438 \u0433\u0438\u0431\u043a\u043e\u0439 \u0442\u0440\u0430\u043d\u0441\u043f\u043e\u0440\u0442\u0438\u0440\u043e\u0432\u043a\u0438 \u0433\u043e\u0440\u044f\u0447\u0435\u0433\u043e \u0438\u043b\u0438 \u0445\u043e\u043b\u043e\u0434\u043d\u043e\u0433\u043e \u0432\u043e\u0437\u0434\u0443\u0445\u0430 \u0432 \u0441\u0438\u0441\u0442\u0435\u043c\u0430\u0445 \u0432\u0435\u043d\u0442\u0438\u043b\u044f\u0446\u0438\u0438 \u0430\u0432\u0442\u043e\u043c\u043e\u0431\u0438\u043b\u0435\u0439, \u0430\u0432\u0442\u043e\u0431\u0443\u0441\u043e\u0432, \u0433\u0440\u0443\u0437\u043e\u0432\u0438\u043a\u043e\u0432, \u043f\u0440\u0438\u0446\u0435\u043f\u043e\u0432, \u043a\u043e\u0440\u0430\u0431\u043b\u0435\u0439, \u0430\u0432\u0442\u043e\u0444\u0443\u0440\u0433\u043e\u043d\u043e\u0432 \u0438 \u0432\u0441\u0435\u0445 \u0432\u0438\u0434\u043e\u0432 \u0430\u0432\u0442\u043e\u0442\u0440\u0430\u043d\u0441\u043f\u043e\u0440\u0442\u043d\u044b\u0445 \u0441\u0440\u0435\u0434\u0441\u0442\u0432, \u0442\u0435\u043a\u0441\u0442\u0438\u043b\u044c\u043d\u043e\u0433\u043e \u0438 \u043f\u0438\u0449\u0435\u0432\u043e\u0433\u043e \u043e\u0431\u043e\u0440\u0443\u0434\u043e\u0432\u0430\u043d\u0438\u044f, \u043f\u0435\u0447\u0430\u0442\u043d\u044b\u0445 \u043c\u0430\u0448\u0438\u043d.<\/td>\n<\/tr>\n<\/tbody>\n<\/table>\n<\/td>\n<\/tr>\n<\/tbody>\n<\/table>","protected":false},"excerpt":{"rendered":"<p>Kraft Hortum Kraft hortumlar; otomotiv, tekstil, havaland\u0131rma, dekorasyon alanlar\u0131nda kullan\u0131labilen esnek, pratik ve uygulamas\u0131 kolay estetik bir \u00fcr\u00fcnd\u00fcr. Kraft ka\u011f\u0131d\u0131 ve al\u00fcminyum malzemeden imal edilen \u00fcr\u00fcn\u00fcm\u00fcz\u00a0her t\u00fcrl\u00fc motorlu arac\u0131n havaland\u0131rma sistemlerinde, tekstil, g\u0131da ve matbaa makinelerinde, s\u0131cak veya so\u011fuk havan\u0131n kolay, esnek ta\u015f\u0131nmas\u0131 i\u00e7in kullan\u0131l\u0131r. G\u00f6r\u00fcn\u00fcm olarak\u00a0siyah ve sar\u0131 (kraft) olarak imal edilebilmektedir. &nbsp; Teknik [&#8230;]\n","protected":false},"featured_media":411,"comment_status":"open","ping_status":"closed","template":"","meta":{"jetpack_post_was_ever_published":false},"product_brand":[],"product_cat":[136],"product_tag":[909,222,402,369,290,906,907,491,296,908],"class_list":{"0":"post-759","1":"product","2":"type-product","3":"status-publish","4":"has-post-thumbnail","6":"product_cat-kraft-hortumlar","7":"product_tag-dekorasyon","8":"product_tag-esnek","9":"product_tag-gida","10":"product_tag-havalandirma","11":"product_tag-hortum","12":"product_tag-kraft","13":"product_tag-kraft-hortum","14":"product_tag-matbaa","15":"product_tag-otomotiv","16":"product_tag-tekstil","18":"first","19":"instock","20":"featured","21":"taxable","22":"shipping-taxable","23":"product-type-variable"},"jetpack-related-posts":[],"jetpack_sharing_enabled":true,"jetpack_likes_enabled":true,"_links":{"self":[{"href":"https:\/\/tuzlahortum.com.tr\/ru\/wp-json\/wp\/v2\/product\/759","targetHints":{"allow":["GET"]}}],"collection":[{"href":"https:\/\/tuzlahortum.com.tr\/ru\/wp-json\/wp\/v2\/product"}],"about":[{"href":"https:\/\/tuzlahortum.com.tr\/ru\/wp-json\/wp\/v2\/types\/product"}],"replies":[{"embeddable":true,"href":"https:\/\/tuzlahortum.com.tr\/ru\/wp-json\/wp\/v2\/comments?post=759"}],"wp:featuredmedia":[{"embeddable":true,"href":"https:\/\/tuzlahortum.com.tr\/ru\/wp-json\/wp\/v2\/media\/411"}],"wp:attachment":[{"href":"https:\/\/tuzlahortum.com.tr\/ru\/wp-json\/wp\/v2\/media?parent=759"}],"wp:term":[{"taxonomy":"product_brand","embeddable":true,"href":"https:\/\/tuzlahortum.com.tr\/ru\/wp-json\/wp\/v2\/product_brand?post=759"},{"taxonomy":"product_cat","embeddable":true,"href":"https:\/\/tuzlahortum.com.tr\/ru\/wp-json\/wp\/v2\/product_cat?post=759"},{"taxonomy":"product_tag","embeddable":true,"href":"https:\/\/tuzlahortum.com.tr\/ru\/wp-json\/wp\/v2\/product_tag?post=759"}],"curies":[{"name":"wp","href":"https:\/\/api.w.org\/{rel}","templated":true}]}}