{"id":744,"date":"2019-02-06T23:53:20","date_gmt":"2019-02-06T20:53:20","guid":{"rendered":"http:\/\/hortum.com.tr\/product\/import-placeholder-for-134\/"},"modified":"2024-03-21T17:43:09","modified_gmt":"2024-03-21T14:43:09","slug":"supra-paslanmaz-kelepce-w2-w4","status":"publish","type":"product","link":"https:\/\/tuzlahortum.com.tr\/ru\/product\/supra-paslanmaz-kelepce-w2-w4\/","title":{"rendered":"\u0417\u0430\u0436\u0438\u043c \u0438\u0437 \u043d\u0435\u0440\u0436\u0430\u0432\u0435\u044e\u0449\u0435\u0439 \u0441\u0442\u0430\u043b\u0438 Supra (W2\/W4)"},"content":{"rendered":"<h2>\u0417\u0430\u0436\u0438\u043c \u0438\u0437 \u043d\u0435\u0440\u0436\u0430\u0432\u0435\u044e\u0449\u0435\u0439 \u0441\u0442\u0430\u043b\u0438 Supra (W2\/W4)<\/h2>\n<p class=\"p-text\">\u0411\u043b\u0430\u0433\u043e\u0434\u0430\u0440\u044f \u0440\u0435\u0432\u043e\u043b\u044e\u0446\u0438\u043e\u043d\u043d\u043e\u0439 \u0432\u0435\u0440\u0445\u043d\u0435\u0439 \u043f\u0435\u0440\u0435\u043c\u044b\u0447\u043a\u0435 \u0445\u043e\u043c\u0443\u0442 Supra \u0438\u0437 \u043d\u0435\u0440\u0436\u0430\u0432\u0435\u044e\u0449\u0435\u0439 \u0441\u0442\u0430\u043b\u0438 \u043c\u043e\u0436\u043d\u043e \u0443\u0441\u0442\u0430\u043d\u0430\u0432\u043b\u0438\u0432\u0430\u0442\u044c \u0432 \u0441\u0430\u043c\u044b\u0445 \u0441\u043b\u043e\u0436\u043d\u044b\u0445 \u0443\u0441\u043b\u043e\u0432\u0438\u044f\u0445 \u0431\u0435\u0437 \u043d\u0435\u043e\u0431\u0445\u043e\u0434\u0438\u043c\u043e\u0441\u0442\u0438 \u0441\u043d\u0438\u043c\u0430\u0442\u044c \u0448\u043b\u0430\u043d\u0433.<\/p>\n<p class=\"ptext-circle-bullet\">\u0425\u043e\u043c\u0443\u0442 \u0434\u043b\u044f \u0448\u043b\u0430\u043d\u0433\u0430 Supra \u0438\u0437 \u043d\u0435\u0440\u0436\u0430\u0432\u0435\u044e\u0449\u0435\u0439 \u0441\u0442\u0430\u043b\u0438 \u2014 \u044d\u0442\u043e \u043f\u0440\u043e\u0447\u043d\u044b\u0439 \u0445\u043e\u043c\u0443\u0442.<\/p>\n<p class=\"ptext-circle-bullet\">\u0414\u043b\u044f \u0443\u0441\u0442\u0430\u043d\u043e\u0432\u043a\u0438 \u044d\u0442\u043e\u0433\u043e \u0445\u043e\u043c\u0443\u0442\u0430 \u043d\u0435\u0442 \u043d\u0435\u043e\u0431\u0445\u043e\u0434\u0438\u043c\u043e\u0441\u0442\u0438 \u0441\u043d\u0438\u043c\u0430\u0442\u044c \u0448\u043b\u0430\u043d\u0433. \u0422\u0430\u043a\u0438\u043c \u043e\u0431\u0440\u0430\u0437\u043e\u043c, \u043f\u0440\u043e\u0446\u0435\u0441\u0441 \u0441\u0431\u043e\u0440\u043a\u0438 \u0441\u0442\u0430\u043d\u043e\u0432\u0438\u0442\u0441\u044f \u043d\u0430\u043c\u043d\u043e\u0433\u043e \u043f\u0440\u043e\u0449\u0435.<\/p>\n<p class=\"ptext-circle-bullet\">\u0411\u043b\u0430\u0433\u043e\u0434\u0430\u0440\u044f \u0441\u043a\u043e\u0448\u0435\u043d\u043d\u044b\u043c \u043a\u0440\u0430\u044f\u043c \u0448\u043b\u0430\u043d\u0433 \u0437\u0430\u0449\u0438\u0449\u0435\u043d \u043e\u0442 \u043f\u043e\u0432\u0440\u0435\u0436\u0434\u0435\u043d\u0438\u0439.<\/p>\n<p class=\"ptext-circle-bullet\">\u0425\u043e\u043c\u0443\u0442 \u0434\u043b\u044f \u0448\u043b\u0430\u043d\u0433\u0430 Supra \u0438\u0437 \u043d\u0435\u0440\u0436\u0430\u0432\u0435\u044e\u0449\u0435\u0439 \u0441\u0442\u0430\u043b\u0438, 1 \u0438\u044e\u043d\u044f 2006 \u0433.\u00a0\u00a0<strong>\u0415\u0421 20032\/95\/\u0415\u0421<\/strong>\u00a0\u041e\u043d \u043f\u043e\u043b\u043d\u043e\u0441\u0442\u044c\u044e \u0441\u043e\u043e\u0442\u0432\u0435\u0442\u0441\u0442\u0432\u0443\u0435\u0442 \u0434\u0438\u0440\u0435\u043a\u0442\u0438\u0432\u0435 RoHs.<\/p>\n<p class=\"ptext-circle-bullet\">\u041e\u043d \u043f\u043e\u0437\u0432\u043e\u043b\u044f\u0435\u0442 \u0441\u043e\u0435\u0434\u0438\u043d\u044f\u0442\u044c \u0441\u0430\u043c\u044b\u0435 \u0442\u0440\u0435\u0431\u043e\u0432\u0430\u0442\u0435\u043b\u044c\u043d\u044b\u0435 \u0433\u0440\u0443\u043f\u043f\u044b \u0448\u043b\u0430\u043d\u0433\u043e\u0432 \u0441 \u043f\u043e\u043c\u043e\u0449\u044c\u044e \u0431\u043e\u043b\u0442\u043e\u0432 \u0438\u0437 \u043d\u0435\u0440\u0436\u0430\u0432\u0435\u044e\u0449\u0435\u0439 \u0441\u0442\u0430\u043b\u0438, \u0444\u0438\u043a\u0441\u0438\u0440\u043e\u0432\u0430\u043d\u043d\u044b\u0445 \u0433\u0430\u0435\u043a \u0438 \u0441\u0438\u0441\u0442\u0435\u043c\u044b \u043f\u0440\u043e\u043c\u0435\u0436\u0443\u0442\u043e\u0447\u043d\u044b\u0445 \u043f\u0435\u0440\u0435\u043c\u044b\u0447\u0435\u043a. \u041c\u043e\u0434\u0435\u043b\u044c \u0445\u043e\u043c\u0443\u0442\u0430 Supra \u043f\u0440\u0435\u0434\u0441\u0442\u0430\u0432\u043b\u044f\u0435\u0442 \u0441\u043e\u0431\u043e\u0439 \u0445\u043e\u043c\u0443\u0442 \u0438\u0437 \u043d\u0435\u0440\u0436\u0430\u0432\u0435\u044e\u0449\u0435\u0439 \u0441\u0442\u0430\u043b\u0438, \u043f\u0440\u0435\u0434\u043d\u0430\u0437\u043d\u0430\u0447\u0435\u043d\u043d\u044b\u0439 \u0434\u043b\u044f \u0442\u0440\u0435\u0431\u043e\u0432\u0430\u0442\u0435\u043b\u044c\u043d\u044b\u0445 \u043f\u0440\u0438\u043c\u0435\u043d\u0435\u043d\u0438\u0439, \u0433\u0434\u0435 \u0436\u0438\u0437\u043d\u0435\u043d\u043d\u043e \u0432\u0430\u0436\u043d\u0430 \u0432\u044b\u0441\u043e\u043a\u0430\u044f \u043a\u043e\u0440\u0440\u043e\u0437\u0438\u043e\u043d\u043d\u0430\u044f \u0441\u0442\u043e\u0439\u043a\u043e\u0441\u0442\u044c.<\/p>\n<p class=\"ptext-circle-bullet\">\u042d\u0442\u043e\u0442 \u043b\u0443\u0447\u0448\u0438\u0439 \u0432 \u0441\u0432\u043e\u0435\u043c \u043a\u043b\u0430\u0441\u0441\u0435 \u0437\u0430\u0436\u0438\u043c \u0434\u043b\u044f \u0442\u044f\u0436\u0435\u043b\u044b\u0445 \u0443\u0441\u043b\u043e\u0432\u0438\u0439 \u044d\u043a\u0441\u043f\u043b\u0443\u0430\u0442\u0430\u0446\u0438\u0438 \u0438\u0434\u0435\u0430\u043b\u044c\u043d\u043e \u043f\u043e\u0434\u0445\u043e\u0434\u0438\u0442 \u0434\u043b\u044f \u0441\u0443\u0434\u043e\u0441\u0442\u0440\u043e\u0435\u043d\u0438\u044f \u0438 \u043f\u0438\u0449\u0435\u0432\u043e\u0439 \u043f\u0440\u043e\u043c\u044b\u0448\u043b\u0435\u043d\u043d\u043e\u0441\u0442\u0438, \u0430 \u0442\u0430\u043a\u0436\u0435 \u0434\u043b\u044f \u043c\u043d\u043e\u0433\u043e\u0447\u0438\u0441\u043b\u0435\u043d\u043d\u044b\u0445 \u043f\u0440\u043e\u043c\u044b\u0448\u043b\u0435\u043d\u043d\u044b\u0445 \u043f\u0440\u0438\u043c\u0435\u043d\u0435\u043d\u0438\u0439, \u0433\u0434\u0435 \u043d\u0435\u043e\u0431\u0445\u043e\u0434\u0438\u043c\u043e \u0438\u0441\u043f\u043e\u043b\u044c\u0437\u043e\u0432\u0430\u0442\u044c \u043d\u0435\u0440\u0436\u0430\u0432\u0435\u044e\u0449\u0443\u044e \u0441\u0442\u0430\u043b\u044c AISI-304.<\/p>\n<p class=\"ptext-circle-bullet\"><img data-recalc-dims=\"1\" decoding=\"async\" src=\"https:\/\/i0.wp.com\/www.tuzlahortum.com.tr\/image\/data\/urunler\/kelepceler\/spsuprapaslanmazkelepceteknikresim.gif?w=1020\" alt=\"\" title=\"\"><img data-recalc-dims=\"1\" loading=\"lazy\" decoding=\"async\" class=\"size-full wp-image-10425 alignright\" src=\"https:\/\/i0.wp.com\/tuzlahortum.com.tr\/wp-content\/uploads\/2019\/02\/SUPRA-KELEP%C3%87E-4.jpg?resize=458%2C760&#038;ssl=1\" alt=\"\" width=\"458\" height=\"760\" title=\"\" srcset=\"https:\/\/i0.wp.com\/tuzlahortum.com.tr\/wp-content\/uploads\/2019\/02\/SUPRA-KELEP%C3%87E-4.jpg?w=458&amp;ssl=1 458w, https:\/\/i0.wp.com\/tuzlahortum.com.tr\/wp-content\/uploads\/2019\/02\/SUPRA-KELEP%C3%87E-4.jpg?resize=241%2C400&amp;ssl=1 241w\" sizes=\"auto, (max-width: 458px) 100vw, 458px\" \/><img data-recalc-dims=\"1\" loading=\"lazy\" decoding=\"async\" class=\"wp-image-10423 alignleft\" src=\"https:\/\/i0.wp.com\/tuzlahortum.com.tr\/wp-content\/uploads\/2019\/02\/SUPRA-KELEP%C3%87E-2.jpg?resize=404%2C258&#038;ssl=1\" alt=\"\" width=\"404\" height=\"258\" title=\"\"><\/p>\n<p><img data-recalc-dims=\"1\" loading=\"lazy\" decoding=\"async\" class=\"wp-image-10424 alignleft\" src=\"https:\/\/i0.wp.com\/tuzlahortum.com.tr\/wp-content\/uploads\/2019\/02\/SUPRA-KELEP%C3%87E-3.jpg?resize=411%2C398&#038;ssl=1\" alt=\"\" width=\"411\" height=\"398\" title=\"\" srcset=\"https:\/\/i0.wp.com\/tuzlahortum.com.tr\/wp-content\/uploads\/2019\/02\/SUPRA-KELEP%C3%87E-3.jpg?w=489&amp;ssl=1 489w, https:\/\/i0.wp.com\/tuzlahortum.com.tr\/wp-content\/uploads\/2019\/02\/SUPRA-KELEP%C3%87E-3.jpg?resize=413%2C400&amp;ssl=1 413w\" sizes=\"auto, (max-width: 411px) 100vw, 411px\" \/><\/p>","protected":false},"excerpt":{"rendered":"<p>Supra Paslanmaz Kelep\u00e7e (W2\/W4) Supra Paslanmaz Hortum Kelep\u00e7esi devrim niteli\u011findeki \u00fcst k\u00f6pr\u00fcs\u00fcnden dolay\u0131, hortumu \u00e7\u0131kartma gereksinimi olmadan en zorlu uygulamalara monte edilebilir. Supra Paslanmaz Hortum kelep\u00e7esi bir a\u011f\u0131r i\u015f kelep\u00e7esidir. Bu hortum kelep\u00e7esinin montaj\u0131 i\u00e7in hortumun yerinden \u00e7\u0131kar\u0131lmas\u0131na gerek kalmaz. Dolay\u0131s\u0131 ile montaj i\u015flemi \u00e7ok daha kolayla\u015fm\u0131\u015f olur. E\u011fimli kenarlar\u0131 sayesinde, hortum hasar g\u00f6rmekten korunur. [&#8230;]\n","protected":false},"featured_media":10421,"comment_status":"open","ping_status":"closed","template":"","meta":{"jetpack_post_was_ever_published":false},"product_brand":[],"product_cat":[108],"product_tag":[2241,872,560,852,870,666,869,863,871],"class_list":{"0":"post-744","1":"product","2":"type-product","3":"status-publish","4":"has-post-thumbnail","6":"product_cat-cember-kelepceler","7":"product_tag-2241","8":"product_tag-deniz-uygulamalari","9":"product_tag-gida-endustrisi","10":"product_tag-kelepce","11":"product_tag-korozyon-direnci","12":"product_tag-paslanmaz","13":"product_tag-sabit-somun","14":"product_tag-supra-kelepce","15":"product_tag-zorlu","17":"first","18":"instock","19":"featured","20":"taxable","21":"shipping-taxable","22":"product-type-variable"},"jetpack-related-posts":[],"jetpack_sharing_enabled":true,"jetpack_likes_enabled":true,"_links":{"self":[{"href":"https:\/\/tuzlahortum.com.tr\/ru\/wp-json\/wp\/v2\/product\/744","targetHints":{"allow":["GET"]}}],"collection":[{"href":"https:\/\/tuzlahortum.com.tr\/ru\/wp-json\/wp\/v2\/product"}],"about":[{"href":"https:\/\/tuzlahortum.com.tr\/ru\/wp-json\/wp\/v2\/types\/product"}],"replies":[{"embeddable":true,"href":"https:\/\/tuzlahortum.com.tr\/ru\/wp-json\/wp\/v2\/comments?post=744"}],"wp:featuredmedia":[{"embeddable":true,"href":"https:\/\/tuzlahortum.com.tr\/ru\/wp-json\/wp\/v2\/media\/10421"}],"wp:attachment":[{"href":"https:\/\/tuzlahortum.com.tr\/ru\/wp-json\/wp\/v2\/media?parent=744"}],"wp:term":[{"taxonomy":"product_brand","embeddable":true,"href":"https:\/\/tuzlahortum.com.tr\/ru\/wp-json\/wp\/v2\/product_brand?post=744"},{"taxonomy":"product_cat","embeddable":true,"href":"https:\/\/tuzlahortum.com.tr\/ru\/wp-json\/wp\/v2\/product_cat?post=744"},{"taxonomy":"product_tag","embeddable":true,"href":"https:\/\/tuzlahortum.com.tr\/ru\/wp-json\/wp\/v2\/product_tag?post=744"}],"curies":[{"name":"wp","href":"https:\/\/api.w.org\/{rel}","templated":true}]}}