{"id":743,"date":"2019-02-06T23:53:20","date_gmt":"2019-02-06T20:53:20","guid":{"rendered":"http:\/\/hortum.com.tr\/product\/import-placeholder-for-133\/"},"modified":"2024-03-21T17:43:10","modified_gmt":"2024-03-21T14:43:10","slug":"supra-kelepcew1","status":"publish","type":"product","link":"https:\/\/tuzlahortum.com.tr\/ru\/product\/supra-kelepcew1\/","title":{"rendered":"\u0421\u0443\u043f\u0440\u0430 \u0437\u0430\u0436\u0438\u043c(W1)"},"content":{"rendered":"<h2>\u0421\u0443\u043f\u0440\u0430 \u0437\u0430\u0436\u0438\u043c(W1)<\/h2>\n<p class=\"p-text\">\u0413\u0430\u0439\u043a\u0430 \u0438 \u0422-\u043e\u0431\u0440\u0430\u0437\u043d\u044b\u0439 \u0431\u043e\u043b\u0442 \u0438\u0437 \u0432\u044b\u0441\u043e\u043a\u043e\u043f\u0440\u043e\u0447\u043d\u043e\u0439 \u0441\u0442\u0430\u043b\u0438 \u043c\u0430\u0440\u043a\u0438 8.8 \u043f\u043e\u0437\u0432\u043e\u043b\u044f\u044e\u0442 \u043d\u0430\u0434\u0435\u0436\u043d\u043e \u0437\u0430\u0442\u044f\u043d\u0443\u0442\u044c \u0445\u043e\u043c\u0443\u0442 Supra \u0441 \u0438\u0441\u043f\u043e\u043b\u044c\u0437\u043e\u0432\u0430\u043d\u0438\u0435\u043c \u043c\u043d\u043e\u0436\u0435\u0441\u0442\u0432\u0430 \u0440\u0430\u0437\u043b\u0438\u0447\u043d\u044b\u0445 \u0442\u0438\u043f\u043e\u0432 \u0438\u043d\u0441\u0442\u0440\u0443\u043c\u0435\u043d\u0442\u043e\u0432, \u0430 \u043a\u043e\u043d\u0438\u0447\u0435\u0441\u043a\u0438\u0435 \u043a\u0440\u0430\u044f \u0437\u0430\u0449\u0438\u0449\u0430\u044e\u0442 \u0448\u043b\u0430\u043d\u0433 \u043e\u0442 \u043f\u043e\u0432\u0440\u0435\u0436\u0434\u0435\u043d\u0438\u0439.<\/p>\n<p class=\"ptext-circle-bullet\">\u0421\u0443\u043f\u0435\u0440\u0437\u0430\u0436\u0438\u043c\u044b \u0448\u0438\u0440\u043e\u043a\u043e \u0438\u0441\u043f\u043e\u043b\u044c\u0437\u0443\u044e\u0442\u0441\u044f \u0432 \u0441\u0435\u043b\u044c\u0441\u043a\u043e\u043c \u0445\u043e\u0437\u044f\u0439\u0441\u0442\u0432\u0435, \u043f\u0440\u0438 \u0434\u043e\u0431\u044b\u0447\u0435 \u0441\u0442\u043e\u0447\u043d\u044b\u0445 \u0432\u043e\u0434, \u0432 \u0433\u043e\u0440\u043d\u043e\u0434\u043e\u0431\u044b\u0432\u0430\u044e\u0449\u0435\u0439 \u043f\u0440\u043e\u043c\u044b\u0448\u043b\u0435\u043d\u043d\u043e\u0441\u0442\u0438, \u043a\u0430\u0440\u044c\u0435\u0440\u0430\u0445. \u0418\u0445 \u043c\u043e\u0436\u043d\u043e \u0438\u0441\u043f\u043e\u043b\u044c\u0437\u043e\u0432\u0430\u0442\u044c \u0432\u0435\u0437\u0434\u0435, \u0433\u0434\u0435 \u0442\u0440\u0435\u0431\u0443\u0435\u0442\u0441\u044f \u043d\u0430\u0434\u0435\u0436\u043d\u044b\u0439 \u0438 \u043f\u0440\u043e\u0447\u043d\u044b\u0439 \u0437\u0430\u0436\u0438\u043c \u043f\u043e \u043a\u043e\u043d\u043a\u0443\u0440\u0435\u043d\u0442\u043e\u0441\u043f\u043e\u0441\u043e\u0431\u043d\u043e\u0439 \u0446\u0435\u043d\u0435.<\/p>\n<p><img data-recalc-dims=\"1\" loading=\"lazy\" decoding=\"async\" class=\"size-full wp-image-10425 alignright\" src=\"https:\/\/i0.wp.com\/tuzlahortum.com.tr\/wp-content\/uploads\/2019\/02\/SUPRA-KELEP%C3%87E-4.jpg?resize=458%2C760&#038;ssl=1\" alt=\"\" width=\"458\" height=\"760\" title=\"\" srcset=\"https:\/\/i0.wp.com\/tuzlahortum.com.tr\/wp-content\/uploads\/2019\/02\/SUPRA-KELEP%C3%87E-4.jpg?w=458&amp;ssl=1 458w, https:\/\/i0.wp.com\/tuzlahortum.com.tr\/wp-content\/uploads\/2019\/02\/SUPRA-KELEP%C3%87E-4.jpg?resize=241%2C400&amp;ssl=1 241w\" sizes=\"auto, (max-width: 458px) 100vw, 458px\" \/><img data-recalc-dims=\"1\" loading=\"lazy\" decoding=\"async\" class=\"wp-image-10423 alignleft\" src=\"https:\/\/i0.wp.com\/tuzlahortum.com.tr\/wp-content\/uploads\/2019\/02\/SUPRA-KELEP%C3%87E-2.jpg?resize=397%2C254&#038;ssl=1\" alt=\"\" width=\"397\" height=\"254\" title=\"\"><img data-recalc-dims=\"1\" loading=\"lazy\" decoding=\"async\" class=\"wp-image-10424 alignnone\" style=\"font-size: 14.4px;\" src=\"https:\/\/i0.wp.com\/tuzlahortum.com.tr\/wp-content\/uploads\/2019\/02\/SUPRA-KELEP%C3%87E-3.jpg?resize=374%2C363&#038;ssl=1\" alt=\"\" width=\"374\" height=\"363\" title=\"\" srcset=\"https:\/\/i0.wp.com\/tuzlahortum.com.tr\/wp-content\/uploads\/2019\/02\/SUPRA-KELEP%C3%87E-3.jpg?w=489&amp;ssl=1 489w, https:\/\/i0.wp.com\/tuzlahortum.com.tr\/wp-content\/uploads\/2019\/02\/SUPRA-KELEP%C3%87E-3.jpg?resize=413%2C400&amp;ssl=1 413w\" sizes=\"auto, (max-width: 374px) 100vw, 374px\" \/><\/p>","protected":false},"excerpt":{"rendered":"<p>Supra Kelep\u00e7e(W1) Y\u00fcksek mukavemetli 8.8 s\u0131n\u0131f\u0131 \u00e7elik somun ve T-c\u0131vatas\u0131 Supra kelep\u00e7enin, konik kenarlar hortumu hasar g\u00f6rmekten korurken bir\u00e7ok farkl\u0131 \u00e7e\u015fit tak\u0131m kullan\u0131larak sert bir \u015fekilde s\u0131k\u0131labilece\u011fi anlam\u0131na gelmektedir. S\u00fcper kelep\u00e7e tar\u0131m uygulamalar\u0131nda, at\u0131k suyun \u00e7\u0131kart\u0131lmas\u0131nda, madencilikte, ta\u015f ocak\u00e7\u0131l\u0131\u011f\u0131nda yo\u011fun bir \u015fekilde kullan\u0131l\u0131rlar.Rekabet\u00e7i bir \u015fekilde fiyatland\u0131r\u0131lm\u0131\u015f\u00a0 sa\u011flam bir a\u011f\u0131r hizmet kelep\u00e7esinin gerekli oldu\u011fu yerlerde kullan\u0131labilir.<\/p>","protected":false},"featured_media":10421,"comment_status":"open","ping_status":"closed","template":"","meta":{"jetpack_post_was_ever_published":false},"product_brand":[],"product_cat":[108],"product_tag":[864,866,852,867,863,865,868],"class_list":{"0":"post-743","1":"product","2":"type-product","3":"status-publish","4":"has-post-thumbnail","6":"product_cat-cember-kelepceler","7":"product_tag-8-8-sinifi-celik-somun-ve-t-civatasi","8":"product_tag-atik-suyun-cikartilmasinda","9":"product_tag-kelepce","10":"product_tag-madencilikte","11":"product_tag-supra-kelepce","12":"product_tag-tarim-uygulamalarinda","13":"product_tag-tas-ocakciliginda","15":"first","16":"instock","17":"taxable","18":"shipping-taxable","19":"product-type-variable"},"jetpack-related-posts":[{"id":744,"url":"https:\/\/tuzlahortum.com.tr\/ru\/product\/supra-paslanmaz-kelepce-w2-w4\/","url_meta":{"origin":743,"position":0},"title":"\u0417\u0430\u0436\u0438\u043c \u0438\u0437 \u043d\u0435\u0440\u0436\u0430\u0432\u0435\u044e\u0449\u0435\u0439 \u0441\u0442\u0430\u043b\u0438 Supra (W2\/W4)","author":"admin","date":"6 \u0444\u0435\u0432\u0440\u0430\u043b\u044f 2019","format":false,"excerpt":"Supra Paslanmaz Kelep\u00e7e (W2\/W4)Supra Paslanmaz Hortum Kelep\u00e7esi devrim niteli\u011findeki \u00fcst k\u00f6pr\u00fcs\u00fcnden dolay\u0131, hortumu \u00e7\u0131kartma gereksinimi olmadan en zorlu uygulamalara monte edilebilir. Supra Paslanmaz Hortum kelep\u00e7esi bir a\u011f\u0131r i\u015f kelep\u00e7esidir. Bu hortum kelep\u00e7esinin montaj\u0131 i\u00e7in hortumun yerinden \u00e7\u0131kar\u0131lmas\u0131na gerek kalmaz. Dolay\u0131s\u0131 ile montaj i\u015flemi \u00e7ok daha kolayla\u015fm\u0131\u015f olur. E\u011fimli kenarlar\u0131 sayesinde,\u2026","rel":"","context":"\u041f\u043e\u0445\u043e\u0436\u0430\u044f \u0437\u0430\u043f\u0438\u0441\u044c","block_context":{"text":"\u041f\u043e\u0445\u043e\u0436\u0430\u044f \u0437\u0430\u043f\u0438\u0441\u044c","link":""},"img":{"alt_text":"","src":"https:\/\/i0.wp.com\/tuzlahortum.com.tr\/wp-content\/uploads\/2019\/02\/SUPRA-KELEP%C3%87E.jpg?fit=764%2C704&ssl=1&resize=350%2C200","width":350,"height":200,"srcset":"https:\/\/i0.wp.com\/tuzlahortum.com.tr\/wp-content\/uploads\/2019\/02\/SUPRA-KELEP%C3%87E.jpg?fit=764%2C704&ssl=1&resize=350%2C200 1x, https:\/\/i0.wp.com\/tuzlahortum.com.tr\/wp-content\/uploads\/2019\/02\/SUPRA-KELEP%C3%87E.jpg?fit=764%2C704&ssl=1&resize=525%2C300 1.5x, https:\/\/i0.wp.com\/tuzlahortum.com.tr\/wp-content\/uploads\/2019\/02\/SUPRA-KELEP%C3%87E.jpg?fit=764%2C704&ssl=1&resize=700%2C400 2x"},"classes":[]},{"id":942,"url":"https:\/\/tuzlahortum.com.tr\/ru\/product\/galvaniz-8-5-mm-hortum-kelepceleri\/","url_meta":{"origin":743,"position":1},"title":"\u041e\u0446\u0438\u043d\u043a\u043e\u0432\u0430\u043d\u043d\u044b\u0435 \u0445\u043e\u043c\u0443\u0442\u044b \u0434\u043b\u044f \u0448\u043b\u0430\u043d\u0433\u043e\u0432 \u0434\u0438\u0430\u043c\u0435\u0442\u0440\u043e\u043c 8,5 \u043c\u043c","author":"admin","date":"6 \u0444\u0435\u0432\u0440\u0430\u043b\u044f 2019","format":false,"excerpt":"Galvaniz 8.5 mm Hortum Kelep\u00e7eleriKelep\u00e7e band & Kapak Norm Standart\u0131 \u2022\u00a0DIN 1623 P2 \u2013 So\u011fuk Haddelenmi\u015f \u00c7elik. \u2022\u00a0DIN EN 10130:1999 \u2013 \u00c7ekme i\u015flemine uygun so\u011fuk haddelenmi\u015f \u00e7elik. Kelep\u00e7e band tipleri \u2022\u00a0W1 (\u00e7inko kaplama) \u2013 delikli band \u2022\u00a0Band geni\u015fli\u011fi 8.5 mm \u2022\u00a0G\u00fcvenli d\u0131\u015f b\u00fckey band kenarlar\u0131yla s\u0131k\u0131lan hortumun zarar g\u00f6rmesi engellenmi\u015ftir.\u2026","rel":"","context":"\u041f\u043e\u0445\u043e\u0436\u0430\u044f \u0437\u0430\u043f\u0438\u0441\u044c","block_context":{"text":"\u041f\u043e\u0445\u043e\u0436\u0430\u044f \u0437\u0430\u043f\u0438\u0441\u044c","link":""},"img":{"alt_text":"","src":"https:\/\/i0.wp.com\/tuzlahortum.com.tr\/wp-content\/uploads\/2019\/02\/tork-kelep%C3%A7e-d.jpg?fit=605%2C601&ssl=1&resize=350%2C200","width":350,"height":200,"srcset":"https:\/\/i0.wp.com\/tuzlahortum.com.tr\/wp-content\/uploads\/2019\/02\/tork-kelep%C3%A7e-d.jpg?fit=605%2C601&ssl=1&resize=350%2C200 1x, https:\/\/i0.wp.com\/tuzlahortum.com.tr\/wp-content\/uploads\/2019\/02\/tork-kelep%C3%A7e-d.jpg?fit=605%2C601&ssl=1&resize=525%2C300 1.5x"},"classes":[]},{"id":747,"url":"https:\/\/tuzlahortum.com.tr\/ru\/product\/se-kademesiz-kulakli-kelepceler\/","url_meta":{"origin":743,"position":2},"title":"SE \u2013 \u0411\u0435\u0441\u0441\u0442\u0443\u043f\u0435\u043d\u0447\u0430\u0442\u044b\u0435 \u0443\u0448\u043d\u044b\u0435 \u0437\u0430\u0436\u0438\u043c\u044b","author":"admin","date":"6 \u0444\u0435\u0432\u0440\u0430\u043b\u044f 2019","format":false,"excerpt":"SE - Kademesiz Kulakl\u0131 Kelep\u00e7elerSE - Kademesiz Kulakl\u0131 Kelep\u00e7eler bir\u00e7ok hortum ba\u011flant\u0131lar\u0131 montaj\u0131 i\u00e7in uygulamas\u0131 h\u0131zl\u0131, basit ve ekonomik bir kelep\u00e7edir. S\u0131kma esnas\u0131nda hortuma zarar vermez. Hava ve s\u0131v\u0131 ta\u015f\u0131y\u0131c\u0131 hortumlarda kullan\u0131labilir.","rel":"","context":"\u041f\u043e\u0445\u043e\u0436\u0430\u044f \u0437\u0430\u043f\u0438\u0441\u044c","block_context":{"text":"\u041f\u043e\u0445\u043e\u0436\u0430\u044f \u0437\u0430\u043f\u0438\u0441\u044c","link":""},"img":{"alt_text":"","src":"https:\/\/i0.wp.com\/tuzlahortum.com.tr\/wp-content\/uploads\/2019\/02\/SE-KADEMES%C4%B0Z-KELEP%C3%87ELER.jpg?fit=717%2C724&ssl=1&resize=350%2C200","width":350,"height":200,"srcset":"https:\/\/i0.wp.com\/tuzlahortum.com.tr\/wp-content\/uploads\/2019\/02\/SE-KADEMES%C4%B0Z-KELEP%C3%87ELER.jpg?fit=717%2C724&ssl=1&resize=350%2C200 1x, https:\/\/i0.wp.com\/tuzlahortum.com.tr\/wp-content\/uploads\/2019\/02\/SE-KADEMES%C4%B0Z-KELEP%C3%87ELER.jpg?fit=717%2C724&ssl=1&resize=525%2C300 1.5x, https:\/\/i0.wp.com\/tuzlahortum.com.tr\/wp-content\/uploads\/2019\/02\/SE-KADEMES%C4%B0Z-KELEP%C3%87ELER.jpg?fit=717%2C724&ssl=1&resize=700%2C400 2x"},"classes":[]},{"id":742,"url":"https:\/\/tuzlahortum.com.tr\/ru\/product\/strip-steel-serit-kelepce\/","url_meta":{"origin":743,"position":3},"title":"\u041f\u043e\u043b\u043e\u0441\u043e\u0432\u0430\u044f \u0441\u0442\u0430\u043b\u044c \u2013 \u0417\u0430\u0436\u0438\u043c \u0434\u043b\u044f \u043f\u043e\u043b\u043e\u0441\u044b","author":"admin","date":"6 \u0444\u0435\u0432\u0440\u0430\u043b\u044f 2019","format":false,"excerpt":"Strip Steel - \u015eerit Kelep\u00e7eStrip-Steel Serbest Boy Paslanmaz kelep\u00e7eler 30 metrelik rulolar halindedir. Klipsleri sayesinde uygulama noktas\u0131nda istenilen \u00e7apta kullan\u0131ma olanak sa\u011flarlar. BANT MALZEMES\u0130 PASLANMAZ \u00c7EL\u0130K (W2- 430 KAL\u0130TE) BANT KALINLI\u011eI 0,60 mm BANT GEN\u0130\u015eL\u0130\u011e\u0130 9 mm BANT UZUNLU\u011eU 30 mt","rel":"","context":"\u041f\u043e\u0445\u043e\u0436\u0430\u044f \u0437\u0430\u043f\u0438\u0441\u044c","block_context":{"text":"\u041f\u043e\u0445\u043e\u0436\u0430\u044f \u0437\u0430\u043f\u0438\u0441\u044c","link":""},"img":{"alt_text":"","src":"https:\/\/i0.wp.com\/tuzlahortum.com.tr\/wp-content\/uploads\/urunler\/kelepceler\/st-strip-steel-kelepce.jpg?fit=500%2C300&ssl=1&resize=350%2C200","width":350,"height":200},"classes":[]},{"id":793,"url":"https:\/\/tuzlahortum.com.tr\/ru\/product\/paslanmaz-loc-kelepce\/","url_meta":{"origin":743,"position":4},"title":"\u041d\u0435\u0440\u0436\u0430\u0432\u0435\u044e\u0449\u0438\u0439 \u0444\u0438\u043a\u0441\u0438\u0440\u0443\u044e\u0449\u0438\u0439 \u0437\u0430\u0436\u0438\u043c","author":"admin","date":"6 \u0444\u0435\u0432\u0440\u0430\u043b\u044f 2019","format":false,"excerpt":"\u041d\u0435\u0440\u0436\u0430\u0432\u0435\u044e\u0449\u0438\u0439 \u0444\u0438\u043a\u0441\u0438\u0440\u0443\u044e\u0449\u0438\u0439 \u0437\u0430\u0436\u0438\u043c","rel":"","context":"\u041f\u043e\u0445\u043e\u0436\u0430\u044f \u0437\u0430\u043f\u0438\u0441\u044c","block_context":{"text":"\u041f\u043e\u0445\u043e\u0436\u0430\u044f \u0437\u0430\u043f\u0438\u0441\u044c","link":""},"img":{"alt_text":"","src":"https:\/\/i0.wp.com\/tuzlahortum.com.tr\/wp-content\/uploads\/2019\/02\/LOC-316.jpg?fit=900%2C579&ssl=1&resize=350%2C200","width":350,"height":200,"srcset":"https:\/\/i0.wp.com\/tuzlahortum.com.tr\/wp-content\/uploads\/2019\/02\/LOC-316.jpg?fit=900%2C579&ssl=1&resize=350%2C200 1x, https:\/\/i0.wp.com\/tuzlahortum.com.tr\/wp-content\/uploads\/2019\/02\/LOC-316.jpg?fit=900%2C579&ssl=1&resize=525%2C300 1.5x, https:\/\/i0.wp.com\/tuzlahortum.com.tr\/wp-content\/uploads\/2019\/02\/LOC-316.jpg?fit=900%2C579&ssl=1&resize=700%2C400 2x"},"classes":[]},{"id":740,"url":"https:\/\/tuzlahortum.com.tr\/ru\/product\/aluminyum-loc-kelepce\/","url_meta":{"origin":743,"position":5},"title":"\u0410\u043b\u044e\u043c\u0438\u043d\u0438\u0435\u0432\u044b\u0439 \u0437\u0430\u0436\u0438\u043c","author":"admin","date":"6 \u0444\u0435\u0432\u0440\u0430\u043b\u044f 2019","format":false,"excerpt":"\u0410\u043b\u044e\u043c\u0438\u043d\u0438\u0435\u0432\u044b\u0439 \u0437\u0430\u0436\u0438\u043c","rel":"","context":"\u041f\u043e\u0445\u043e\u0436\u0430\u044f \u0437\u0430\u043f\u0438\u0441\u044c","block_context":{"text":"\u041f\u043e\u0445\u043e\u0436\u0430\u044f \u0437\u0430\u043f\u0438\u0441\u044c","link":""},"img":{"alt_text":"","src":"https:\/\/i0.wp.com\/tuzlahortum.com.tr\/wp-content\/uploads\/2019\/02\/LOC-AL.jpg?fit=900%2C579&ssl=1&resize=350%2C200","width":350,"height":200,"srcset":"https:\/\/i0.wp.com\/tuzlahortum.com.tr\/wp-content\/uploads\/2019\/02\/LOC-AL.jpg?fit=900%2C579&ssl=1&resize=350%2C200 1x, https:\/\/i0.wp.com\/tuzlahortum.com.tr\/wp-content\/uploads\/2019\/02\/LOC-AL.jpg?fit=900%2C579&ssl=1&resize=525%2C300 1.5x, https:\/\/i0.wp.com\/tuzlahortum.com.tr\/wp-content\/uploads\/2019\/02\/LOC-AL.jpg?fit=900%2C579&ssl=1&resize=700%2C400 2x"},"classes":[]}],"jetpack_sharing_enabled":true,"jetpack_likes_enabled":true,"_links":{"self":[{"href":"https:\/\/tuzlahortum.com.tr\/ru\/wp-json\/wp\/v2\/product\/743","targetHints":{"allow":["GET"]}}],"collection":[{"href":"https:\/\/tuzlahortum.com.tr\/ru\/wp-json\/wp\/v2\/product"}],"about":[{"href":"https:\/\/tuzlahortum.com.tr\/ru\/wp-json\/wp\/v2\/types\/product"}],"replies":[{"embeddable":true,"href":"https:\/\/tuzlahortum.com.tr\/ru\/wp-json\/wp\/v2\/comments?post=743"}],"wp:featuredmedia":[{"embeddable":true,"href":"https:\/\/tuzlahortum.com.tr\/ru\/wp-json\/wp\/v2\/media\/10421"}],"wp:attachment":[{"href":"https:\/\/tuzlahortum.com.tr\/ru\/wp-json\/wp\/v2\/media?parent=743"}],"wp:term":[{"taxonomy":"product_brand","embeddable":true,"href":"https:\/\/tuzlahortum.com.tr\/ru\/wp-json\/wp\/v2\/product_brand?post=743"},{"taxonomy":"product_cat","embeddable":true,"href":"https:\/\/tuzlahortum.com.tr\/ru\/wp-json\/wp\/v2\/product_cat?post=743"},{"taxonomy":"product_tag","embeddable":true,"href":"https:\/\/tuzlahortum.com.tr\/ru\/wp-json\/wp\/v2\/product_tag?post=743"}],"curies":[{"name":"wp","href":"https:\/\/api.w.org\/{rel}","templated":true}]}}