{"id":739,"date":"2019-02-06T23:53:19","date_gmt":"2019-02-06T20:53:19","guid":{"rendered":"http:\/\/hortum.com.tr\/product\/import-placeholder-for-281\/"},"modified":"2024-03-21T17:43:13","modified_gmt":"2024-03-21T14:43:13","slug":"dokum-kelepce","status":"publish","type":"product","link":"https:\/\/tuzlahortum.com.tr\/ru\/product\/dokum-kelepce\/","title":{"rendered":"\u041b\u0438\u0442\u0435\u0439\u043d\u044b\u0439 \u0437\u0430\u0436\u0438\u043c"},"content":{"rendered":"<h2>\u041b\u0438\u0442\u0435\u0439\u043d\u044b\u0439 \u0437\u0430\u0436\u0438\u043c<\/h2>\n<p>\u0411\u043b\u0430\u0433\u043e\u0434\u0430\u0440\u044f \u0441\u0432\u043e\u0435\u0439 \u0434\u0432\u0443\u0445\u043a\u043e\u043c\u043f\u043e\u043d\u0435\u043d\u0442\u043d\u043e\u0439 \u043a\u043e\u043d\u0441\u0442\u0440\u0443\u043a\u0446\u0438\u0438 \u043e\u043d \u0441\u043f\u0435\u0446\u0438\u0430\u043b\u044c\u043d\u043e \u0440\u0430\u0437\u0440\u0430\u0431\u043e\u0442\u0430\u043d \u0434\u043b\u044f \u0448\u043b\u0430\u043d\u0433\u043e\u0432 \u043a\u043e\u043c\u043f\u0440\u0435\u0441\u0441\u043e\u0440\u0430. \u041e\u043d \u043f\u043e\u0434\u0445\u043e\u0434\u0438\u0442 \u0434\u043b\u044f \u0438\u0441\u043f\u043e\u043b\u044c\u0437\u043e\u0432\u0430\u043d\u0438\u044f \u0432 \u0443\u0441\u043b\u043e\u0432\u0438\u044f\u0445 \u0432\u044b\u0441\u043e\u043a\u043e\u0433\u043e \u0434\u0430\u0432\u043b\u0435\u043d\u0438\u044f.<\/p>\n<p>\u0414\u043e\u0441\u0442\u0443\u043f\u043d\u044b \u0440\u0430\u0437\u043c\u0435\u0440\u044b, \u043f\u043e\u0434\u0445\u043e\u0434\u044f\u0449\u0438\u0435 \u0434\u043b\u044f \u0441\u0442\u0430\u043d\u0434\u0430\u0440\u0442\u043d\u044b\u0445 \u0448\u043b\u0430\u043d\u0433\u043e\u0432 \u043a\u043e\u043c\u043f\u0440\u0435\u0441\u0441\u043e\u0440\u0430 \u043e\u0442 1\/2\u2033 \u0434\u043e 10\u2033.<\/p>\n<p><img data-recalc-dims=\"1\" loading=\"lazy\" decoding=\"async\" class=\"alignnone wp-image-10427\" src=\"https:\/\/i0.wp.com\/tuzlahortum.com.tr\/wp-content\/uploads\/2019\/02\/D%C3%96K%C3%9CM-KELEP%C3%87E-2.jpg?resize=346%2C441&#038;ssl=1\" alt=\"\" width=\"346\" height=\"441\" title=\"\" srcset=\"https:\/\/i0.wp.com\/tuzlahortum.com.tr\/wp-content\/uploads\/2019\/02\/D%C3%96K%C3%9CM-KELEP%C3%87E-2.jpg?w=383&amp;ssl=1 383w, https:\/\/i0.wp.com\/tuzlahortum.com.tr\/wp-content\/uploads\/2019\/02\/D%C3%96K%C3%9CM-KELEP%C3%87E-2.jpg?resize=314%2C400&amp;ssl=1 314w\" sizes=\"auto, (max-width: 346px) 100vw, 346px\" \/><\/p>\n<p><img data-recalc-dims=\"1\" loading=\"lazy\" decoding=\"async\" class=\"alignnone size-full wp-image-10428\" src=\"https:\/\/i0.wp.com\/tuzlahortum.com.tr\/wp-content\/uploads\/2019\/02\/D%C3%96K%C3%9CM-KELEP%C3%87E-3.jpg?resize=1020%2C172&#038;ssl=1\" alt=\"\" width=\"1020\" height=\"172\" title=\"\" srcset=\"https:\/\/i0.wp.com\/tuzlahortum.com.tr\/wp-content\/uploads\/2019\/02\/D%C3%96K%C3%9CM-KELEP%C3%87E-3.jpg?w=1053&amp;ssl=1 1053w, https:\/\/i0.wp.com\/tuzlahortum.com.tr\/wp-content\/uploads\/2019\/02\/D%C3%96K%C3%9CM-KELEP%C3%87E-3.jpg?resize=800%2C135&amp;ssl=1 800w, https:\/\/i0.wp.com\/tuzlahortum.com.tr\/wp-content\/uploads\/2019\/02\/D%C3%96K%C3%9CM-KELEP%C3%87E-3.jpg?resize=768%2C130&amp;ssl=1 768w, https:\/\/i0.wp.com\/tuzlahortum.com.tr\/wp-content\/uploads\/2019\/02\/D%C3%96K%C3%9CM-KELEP%C3%87E-3.jpg?resize=600%2C101&amp;ssl=1 600w\" sizes=\"auto, (max-width: 1020px) 100vw, 1020px\" \/><\/p>","protected":false},"excerpt":{"rendered":"<p>D\u00f6k\u00fcm Kelep\u00e7e \u0130ki par\u00e7al\u0131 yap\u0131s\u0131yla, kompres\u00f6r hortumlar\u0131 i\u00e7in \u00f6zel olarak dizayn edilmi\u015ftir. Y\u00fcksek bas\u0131n\u00e7l\u0131 uygulamalarda kullan\u0131ma uygundur. 1\/2&#8243; &#8211; 10&#8243; aras\u0131 standart kompres\u00f6r hortumlar\u0131na uygun \u00f6l\u00e7\u00fcleri mevcuttur.<\/p>","protected":false},"featured_media":1763,"comment_status":"open","ping_status":"closed","template":"","meta":{"jetpack_post_was_ever_published":false},"product_brand":[],"product_cat":[109],"product_tag":[851,853,852,854],"class_list":{"0":"post-739","1":"product","2":"type-product","3":"status-publish","4":"has-post-thumbnail","6":"product_cat-dokum-kelepceler","7":"product_tag-dokum","8":"product_tag-dokum-kelepce","9":"product_tag-kelepce","10":"product_tag-kompresor-hortumlari","12":"first","13":"instock","14":"taxable","15":"shipping-taxable","16":"product-type-variable"},"jetpack-related-posts":[],"jetpack_sharing_enabled":true,"jetpack_likes_enabled":true,"_links":{"self":[{"href":"https:\/\/tuzlahortum.com.tr\/ru\/wp-json\/wp\/v2\/product\/739","targetHints":{"allow":["GET"]}}],"collection":[{"href":"https:\/\/tuzlahortum.com.tr\/ru\/wp-json\/wp\/v2\/product"}],"about":[{"href":"https:\/\/tuzlahortum.com.tr\/ru\/wp-json\/wp\/v2\/types\/product"}],"replies":[{"embeddable":true,"href":"https:\/\/tuzlahortum.com.tr\/ru\/wp-json\/wp\/v2\/comments?post=739"}],"wp:featuredmedia":[{"embeddable":true,"href":"https:\/\/tuzlahortum.com.tr\/ru\/wp-json\/wp\/v2\/media\/1763"}],"wp:attachment":[{"href":"https:\/\/tuzlahortum.com.tr\/ru\/wp-json\/wp\/v2\/media?parent=739"}],"wp:term":[{"taxonomy":"product_brand","embeddable":true,"href":"https:\/\/tuzlahortum.com.tr\/ru\/wp-json\/wp\/v2\/product_brand?post=739"},{"taxonomy":"product_cat","embeddable":true,"href":"https:\/\/tuzlahortum.com.tr\/ru\/wp-json\/wp\/v2\/product_cat?post=739"},{"taxonomy":"product_tag","embeddable":true,"href":"https:\/\/tuzlahortum.com.tr\/ru\/wp-json\/wp\/v2\/product_tag?post=739"}],"curies":[{"name":"wp","href":"https:\/\/api.w.org\/{rel}","templated":true}]}}