{"id":737,"date":"2019-02-06T23:53:18","date_gmt":"2019-02-06T20:53:18","guid":{"rendered":"http:\/\/hortum.com.tr\/product\/import-placeholder-for-578\/"},"modified":"2024-03-21T17:43:15","modified_gmt":"2024-03-21T14:43:15","slug":"pn-16-kelebek-vana-nikel-klapeli","status":"publish","type":"product","link":"https:\/\/tuzlahortum.com.tr\/ru\/product\/pn-16-kelebek-vana-nikel-klapeli\/","title":{"rendered":"\u041a\u043b\u0430\u043f\u0430\u043d-\u0431\u0430\u0431\u043e\u0447\u043a\u0430 PN 16 \u0441 \u043d\u0438\u043a\u0435\u043b\u0435\u0432\u043e\u0439 \u0437\u0430\u0441\u043b\u043e\u043d\u043a\u043e\u0439"},"content":{"rendered":"<h2>\u041a\u043b\u0430\u043f\u0430\u043d-\u0431\u0430\u0431\u043e\u0447\u043a\u0430 PN 16 \u0441 \u043d\u0438\u043a\u0435\u043b\u0435\u0432\u043e\u0439 \u0437\u0430\u0441\u043b\u043e\u043d\u043a\u043e\u0439<\/h2>\n<p>\u041e\u0434\u043e\u0431\u0440\u0435\u043d\u0438\u0435 \u0422\u0443\u0440\u0435\u0446\u043a\u043e\u0433\u043e \u0438\u043d\u0441\u0442\u0438\u0442\u0443\u0442\u0430 \u0441\u0442\u0430\u043d\u0434\u0430\u0440\u0442\u043e\u0432.<\/p>\n<p>\u0421\u0435\u0440\u0442\u0438\u0444\u0438\u043a\u0430\u0442 \u0441\u0438\u0441\u0442\u0435\u043c\u044b \u043a\u0430\u0447\u0435\u0441\u0442\u0432\u0430 ISO 9001.<\/p>\n<p>\u0428\u0438\u0440\u043e\u043a\u0438\u0439 \u0441\u043f\u0435\u043a\u0442\u0440 \u043f\u0440\u0438\u043c\u0435\u043d\u0435\u043d\u0438\u044f \u0432 \u043f\u0440\u043e\u043c\u044b\u0448\u043b\u0435\u043d\u043d\u044b\u0445, \u0432\u043e\u0434\u043e\u043f\u0440\u043e\u0432\u043e\u0434\u043d\u044b\u0445 \u0438 \u0438\u0440\u0440\u0438\u0433\u0430\u0446\u0438\u043e\u043d\u043d\u044b\u0445 \u0441\u0438\u0441\u0442\u0435\u043c\u0430\u0445.<\/p>\n<p>\u0422\u0435\u043c\u043f\u0435\u0440\u0430\u0442\u0443\u0440\u0430 -10\u00b0\u0421 + 120\u00b0\u0421<\/p>","protected":false},"excerpt":{"rendered":"<p>PN 16 Kelebek Vana Nikel Klapeli T\u00fcrk Standartlar\u0131 Enstit\u00fcs\u00fc Onay\u0131. ISO 9001 Kalite Sistem Sertfikas\u0131. End\u00fcstriyel, Tesisat ve sulama sistemlerinde kullan\u0131lmak \u00fczere geni\u015f kullan\u0131m alan\u0131. S\u0131cakl\u0131k -10\u00b0C + 120\u00b0C<\/p>","protected":false},"featured_media":2861,"comment_status":"open","ping_status":"closed","template":"","meta":{"jetpack_post_was_ever_published":false},"product_brand":[],"product_cat":[201],"product_tag":[845,846,2274,2273,331],"class_list":{"0":"post-737","1":"product","2":"type-product","3":"status-publish","4":"has-post-thumbnail","6":"product_cat-kelebek-vana-modelleri","7":"product_tag-kelebek","8":"product_tag-kelebek-vana","9":"product_tag-kelebek-vana-nikel-klapeli","10":"product_tag-nikel-klape","11":"product_tag-vana","13":"first","14":"instock","15":"taxable","16":"shipping-taxable","17":"product-type-variable"},"jetpack-related-posts":[{"id":791,"url":"https:\/\/tuzlahortum.com.tr\/ru\/product\/tam-gecisli-kuresel-vana-pn-16-2-parcali\/","url_meta":{"origin":737,"position":0},"title":"\u041f\u043e\u043b\u043d\u043e\u043f\u0440\u043e\u0445\u043e\u0434\u043d\u043e\u0439 \u0448\u0430\u0440\u043e\u0432\u043e\u0439 \u043a\u0440\u0430\u043d PN 16 \u2013 2 \u0448\u0442.","author":"admin","date":"6 \u0444\u0435\u0432\u0440\u0430\u043b\u044f 2019","format":false,"excerpt":"Tam Ge\u00e7i\u015fli K\u00fcresel Vana PN 16 - 2 Par\u00e7al\u0131TS CEN\/EN 3148 T\u00fcrk Standartlar\u0131 Enstit\u00fcs\u00fc Onay\u0131.ISO 9001 Kalite Sistem Sertfikas\u0131.Maksimum ak\u0131\u015fkanl\u0131k i\u00e7in tam ge\u00e7i\u015f.S\u0131cak, K\u0131zg\u0131n ve so\u011fuk su sistemleriBas\u0131n\u00e7l\u0131 hava sistemleriAsit ve alkali \u00f6zelli\u011fi bulunmayan ak\u0131\u015fkanlarKal\u0131n PVC kapl\u0131 \u00e7elik kol.S\u0131cakl\u0131k -10\u00b0C + 120\u00b0C","rel":"","context":"\u041f\u043e\u0445\u043e\u0436\u0430\u044f \u0437\u0430\u043f\u0438\u0441\u044c","block_context":{"text":"\u041f\u043e\u0445\u043e\u0436\u0430\u044f \u0437\u0430\u043f\u0438\u0441\u044c","link":""},"img":{"alt_text":"","src":"https:\/\/i0.wp.com\/tuzlahortum.com.tr\/wp-content\/uploads\/2019\/02\/Tam-Ge%C3%A7i%C5%9Fli-K%C3%BCresel-Vana-PN-16-2-Par%C3%A7al%C4%B1.jpg?fit=520%2C350&ssl=1&resize=350%2C200","width":350,"height":200},"classes":[]},{"id":782,"url":"https:\/\/tuzlahortum.com.tr\/ru\/product\/kelebek-vana-pn16-disi\/","url_meta":{"origin":737,"position":1},"title":"\u041f\u043e\u0432\u043e\u0440\u043e\u0442\u043d\u044b\u0439 \u043a\u043b\u0430\u043f\u0430\u043d PN16 \u0441 \u0432\u043d\u0443\u0442\u0440\u0435\u043d\u043d\u0435\u0439 \u0440\u0435\u0437\u044c\u0431\u043e\u0439","author":"admin","date":"6 \u0444\u0435\u0432\u0440\u0430\u043b\u044f 2019","format":false,"excerpt":"Kelebek Vana PN16 Di\u015fiTS CEN\/EN 13547 T\u00fcrk Standartlar\u0131 Enstit\u00fcs\u00fc Onay\u0131.ISO 9001 Kalite Sistem Sertfikas\u0131.Daha uzun \u00f6m\u00fcr i\u00e7in kurum kaplama k\u00fcre.Maksimum g\u00fcvenlik i\u00e7in PTFE conta ve EPDM O-ring.Al\u00fcminyum kol.End\u00fcstriyel, Tesisat ve sulama sistemlerinde kullan\u0131lmak \u00fczere geni\u015f kullan\u0131m alan\u0131.S\u0131cakl\u0131k -10\u00b0C + 120\u00b0CANMA \u00d6L\u00c7\u00dcS\u00dcG(DN)d(mm)E(mm)L(mm)1\/2\"151441543\/4\"201951611\"25245373","rel":"","context":"\u041f\u043e\u0445\u043e\u0436\u0430\u044f \u0437\u0430\u043f\u0438\u0441\u044c","block_context":{"text":"\u041f\u043e\u0445\u043e\u0436\u0430\u044f \u0437\u0430\u043f\u0438\u0441\u044c","link":""},"img":{"alt_text":"","src":"https:\/\/i0.wp.com\/tuzlahortum.com.tr\/wp-content\/uploads\/2019\/02\/Kelebek-Vana-PN16-Di%C5%9Fi.jpg?fit=520%2C350&ssl=1&resize=350%2C200","width":350,"height":200},"classes":[]},{"id":783,"url":"https:\/\/tuzlahortum.com.tr\/ru\/product\/kelebek-vana-pn16-erkek\/","url_meta":{"origin":737,"position":2},"title":"\u041f\u043e\u0432\u043e\u0440\u043e\u0442\u043d\u044b\u0439 \u043a\u043b\u0430\u043f\u0430\u043d PN16 \u0441 \u043d\u0430\u0440\u0443\u0436\u043d\u043e\u0439 \u0440\u0435\u0437\u044c\u0431\u043e\u0439","author":"admin","date":"6 \u0444\u0435\u0432\u0440\u0430\u043b\u044f 2019","format":false,"excerpt":"Kelebek Vana PN16 ErkekTS CEN\/EN 13547 T\u00fcrk Standartlar\u0131 Enstit\u00fcs\u00fc Onay\u0131.ISO 9001 Kalite Sistem Sertfikas\u0131.Daha uzun \u00f6m\u00fcr i\u00e7in kurum kaplama k\u00fcre.Maksimum g\u00fcvenlik i\u00e7in PTFE conta ve EPDM O-ring.Al\u00fcminyum kol.End\u00fcstriyel, Tesisat ve sulama sistemlerinde kullan\u0131lmak \u00fczere geni\u015f kullan\u0131m alan\u0131.S\u0131cakl\u0131k -10\u00b0C + 120\u00b0CANMA \u00d6L\u00c7\u00dcS\u00dcG(DN)d(mm)E(mm)L(mm)1\/2\"151441583\/4\"201951641\"25245375","rel":"","context":"\u041f\u043e\u0445\u043e\u0436\u0430\u044f \u0437\u0430\u043f\u0438\u0441\u044c","block_context":{"text":"\u041f\u043e\u0445\u043e\u0436\u0430\u044f \u0437\u0430\u043f\u0438\u0441\u044c","link":""},"img":{"alt_text":"","src":"https:\/\/i0.wp.com\/tuzlahortum.com.tr\/wp-content\/uploads\/2019\/02\/Kelebek-Vana-PN16-Erkek.jpg?fit=520%2C350&ssl=1&resize=350%2C200","width":350,"height":200},"classes":[]},{"id":2859,"url":"https:\/\/tuzlahortum.com.tr\/ru\/product\/dogalgaz-vanasi-mop-5-20-kopya\/","url_meta":{"origin":737,"position":3},"title":"\u041a\u043b\u0430\u043f\u0430\u043d-\u0431\u0430\u0431\u043e\u0447\u043a\u0430 \u0434\u043b\u044f \u043f\u0440\u0438\u0440\u043e\u0434\u043d\u043e\u0433\u043e \u0433\u0430\u0437\u0430","author":"\u0130smail \u00c7elik","date":"14 \u0444\u0435\u0432\u0440\u0430\u043b\u044f 2019","format":false,"excerpt":"Kelebek Do\u011falgaz Vanas\u0131TS CEN\/EN 331\/A1 T\u00fcrk Standartlar\u0131 Enstit\u00fcs\u00fc Onay\u0131.ISO 9001 Kalite Sistem Sertfikas\u0131.MOP5 \u00e7al\u0131\u015fma bas\u0131nc\u0131.Maksimum ak\u0131\u015fkanl\u0131k i\u00e7in tam ge\u00e7i\u015f.Daha uzun \u00f6m\u00fcr i\u00e7in kurum kaplama k\u00fcre.ISO 228 Di\u015fi X Di\u015fi ba\u011flant\u0131.Maksimum g\u00fcvenlik i\u00e7in PTFE conta ve EPDM O-ring.Do\u011falgaz sistemlerinde kullan\u0131lmak \u00fczere geni\u015f kullan\u0131m alan\u0131.Kal\u0131n PVC kapl\u0131 \u00e7elik kol.S\u0131cakl\u0131k -10\u00b0C + 120\u00b0CANMA\u2026","rel":"","context":"\u041f\u043e\u0445\u043e\u0436\u0430\u044f \u0437\u0430\u043f\u0438\u0441\u044c","block_context":{"text":"\u041f\u043e\u0445\u043e\u0436\u0430\u044f \u0437\u0430\u043f\u0438\u0441\u044c","link":""},"img":{"alt_text":"","src":"https:\/\/i0.wp.com\/tuzlahortum.com.tr\/wp-content\/uploads\/2019\/02\/Kelebek-Do%C4%9Fal-gaz-vanas%C4%B1.jpg?fit=520%2C350&ssl=1&resize=350%2C200","width":350,"height":200},"classes":[]},{"id":784,"url":"https:\/\/tuzlahortum.com.tr\/ru\/product\/kollektor-ana-vanasi-pn16\/","url_meta":{"origin":737,"position":4},"title":"\u0413\u043b\u0430\u0432\u043d\u044b\u0439 \u043a\u043b\u0430\u043f\u0430\u043d \u043a\u043e\u043b\u043b\u0435\u043a\u0442\u043e\u0440\u0430 PN16","author":"admin","date":"6 \u0444\u0435\u0432\u0440\u0430\u043b\u044f 2019","format":false,"excerpt":"Kollekt\u00f6r Ana Vanas\u0131 PN16TS CEN\/EN 13547 T\u00fcrk Standartlar\u0131 Enstit\u00fcs\u00fc Onay\u0131.ISO 9001 Kalite Sistem Sertfikas\u0131.Daha uzun \u00f6m\u00fcr i\u00e7in kurum kaplama k\u00fcre.ISO 228 Di\u015fi X Di\u015fi ba\u011flant\u0131.Maksimum g\u00fcvenlik i\u00e7in PTFE conta ve EPDM O-ring.Kal\u0131n PVC kapl\u0131 \u00e7elik kol.End\u00fcstriyel, Tesisat ve sulama sistemlerinde kullan\u0131lmak \u00fczere geni\u015f kullan\u0131m alan\u0131.S\u0131cakl\u0131k -10\u00b0C + 120\u00b0CANMA \u00d6L\u00c7\u00dcS\u00dcDN(G)d1(mm)L(mm)K(mm)t(mm)E(mm)3\/4\"2019618516531\"2524739217551 1\/4\"3230831142059","rel":"","context":"\u041f\u043e\u0445\u043e\u0436\u0430\u044f \u0437\u0430\u043f\u0438\u0441\u044c","block_context":{"text":"\u041f\u043e\u0445\u043e\u0436\u0430\u044f \u0437\u0430\u043f\u0438\u0441\u044c","link":""},"img":{"alt_text":"","src":"https:\/\/i0.wp.com\/tuzlahortum.com.tr\/wp-content\/uploads\/2019\/02\/Kollekt%C3%B6r-Ana-Vana.jpg?fit=520%2C350&ssl=1&resize=350%2C200","width":350,"height":200},"classes":[]},{"id":21683,"url":"https:\/\/tuzlahortum.com.tr\/ru\/product\/statue-crf\/","url_meta":{"origin":737,"position":5},"title":"\u0421\u0422\u0410\u0422\u0423\u042f \u041a\u0420\u0424","author":"admin","date":"11 \u0430\u0432\u0433\u0443\u0441\u0442\u0430 2025","format":false,"excerpt":"\u00a0 \u00dcr\u00fcn Ad\u0131: STATUE CRF \u00dcr\u00fcn Kodu: CRF622 Lastik Boncuklu U\u00e7lu ve Flan\u015fl\u0131 Kimyasal Hortum Kullanim Alan\u0131 : T\u00fcm a\u015f\u0131nd\u0131r\u0131c\u0131 kimyasallar ve \u00e7\u00f6z\u00fcc\u00fclerin emi\u015f ve de\u015farj\u0131 i\u00e7in. Alt Katman : Korozyon ve A\u015f\u0131nmaya Dayan\u0131kl\u0131, \u00d6zel Sentetik Kau\u00e7uk, XLPE veya UHMW-PE. Takviye Katman\u0131 : Y\u00fcksek Mukavemetli Sentetik Tekstil, \u00c7elik Tel Spiral\u2026","rel":"","context":"\u041f\u043e\u0445\u043e\u0436\u0430\u044f \u0437\u0430\u043f\u0438\u0441\u044c","block_context":{"text":"\u041f\u043e\u0445\u043e\u0436\u0430\u044f \u0437\u0430\u043f\u0438\u0441\u044c","link":""},"img":{"alt_text":"","src":"https:\/\/i0.wp.com\/tuzlahortum.com.tr\/wp-content\/uploads\/2025\/08\/statuecrf-p.png?fit=458%2C458&ssl=1&resize=350%2C200","width":350,"height":200},"classes":[]}],"jetpack_sharing_enabled":true,"jetpack_likes_enabled":true,"_links":{"self":[{"href":"https:\/\/tuzlahortum.com.tr\/ru\/wp-json\/wp\/v2\/product\/737","targetHints":{"allow":["GET"]}}],"collection":[{"href":"https:\/\/tuzlahortum.com.tr\/ru\/wp-json\/wp\/v2\/product"}],"about":[{"href":"https:\/\/tuzlahortum.com.tr\/ru\/wp-json\/wp\/v2\/types\/product"}],"replies":[{"embeddable":true,"href":"https:\/\/tuzlahortum.com.tr\/ru\/wp-json\/wp\/v2\/comments?post=737"}],"wp:featuredmedia":[{"embeddable":true,"href":"https:\/\/tuzlahortum.com.tr\/ru\/wp-json\/wp\/v2\/media\/2861"}],"wp:attachment":[{"href":"https:\/\/tuzlahortum.com.tr\/ru\/wp-json\/wp\/v2\/media?parent=737"}],"wp:term":[{"taxonomy":"product_brand","embeddable":true,"href":"https:\/\/tuzlahortum.com.tr\/ru\/wp-json\/wp\/v2\/product_brand?post=737"},{"taxonomy":"product_cat","embeddable":true,"href":"https:\/\/tuzlahortum.com.tr\/ru\/wp-json\/wp\/v2\/product_cat?post=737"},{"taxonomy":"product_tag","embeddable":true,"href":"https:\/\/tuzlahortum.com.tr\/ru\/wp-json\/wp\/v2\/product_tag?post=737"}],"curies":[{"name":"wp","href":"https:\/\/api.w.org\/{rel}","templated":true}]}}