{"id":736,"date":"2019-02-06T23:53:18","date_gmt":"2019-02-06T20:53:18","guid":{"rendered":"http:\/\/hortum.com.tr\/product\/import-placeholder-for-76\/"},"modified":"2024-03-21T17:43:16","modified_gmt":"2024-03-21T14:43:16","slug":"vibrator-hortumu","status":"publish","type":"product","link":"https:\/\/tuzlahortum.com.tr\/ru\/product\/vibrator-hortumu\/","title":{"rendered":"\u0412\u0438\u0431\u0440\u0430\u0442\u043e\u0440 \u0428\u043b\u0430\u043d\u0433"},"content":{"rendered":"<h2>\u0412\u0438\u0431\u0440\u0430\u0442\u043e\u0440 \u0428\u043b\u0430\u043d\u0433<\/h2>\n<div>\u041e\u0411\u041b\u0410\u0421\u0422\u042c \u041f\u0420\u0418\u041c\u0415\u041d\u0415\u041d\u0418\u042f: \u0428\u043b\u0430\u043d\u0433, \u043f\u0440\u0435\u0434\u043e\u0442\u0432\u0440\u0430\u0449\u0430\u044e\u0449\u0438\u0439 \u043e\u0431\u0440\u0430\u0437\u043e\u0432\u0430\u043d\u0438\u0435 \u0433\u0430\u0437\u043e\u0432 \u0438 \u043f\u0443\u0437\u044b\u0440\u044c\u043a\u043e\u0432 \u0432\u043e\u0437\u0434\u0443\u0445\u0430 \u0432 \u0431\u0435\u0442\u043e\u043d\u0435 \u0438 \u0446\u0435\u043c\u0435\u043d\u0442\u043d\u044b\u0445 \u043e\u0442\u043b\u0438\u0432\u043a\u0430\u0445.<\/div>\n<div><\/div>\n<div>\u0421\u041e\u041a\u0420\u0410\u0429\u0415\u041d\u0418\u0415<\/div>\n<div>\u041d\u0438\u0437: SBR, \u0447\u0435\u0440\u043d\u044b\u0439, \u0433\u043b\u0430\u0434\u043a\u0438\u0439 \u0438 \u0442\u0432\u0435\u0440\u0434\u044b\u0439.<\/div>\n<div>\u0423\u0441\u0438\u043b\u0435\u043d\u0438\u0435: \u0412\u044b\u0441\u043e\u043a\u043e\u043f\u0440\u043e\u0447\u043d\u0430\u044f \u043a\u043e\u0440\u0434\u043e\u0432\u0430\u044f \u0442\u043a\u0430\u043d\u044c.<\/div>\n<div>\u0412\u0435\u0440\u0445: SBR\/NR, \u0447\u0435\u0440\u043d\u044b\u0439, \u0443\u0441\u0442\u043e\u0439\u0447\u0438\u0432\u044b\u0439 \u043a \u0438\u0441\u0442\u0438\u0440\u0430\u043d\u0438\u044e \u0438 \u0430\u0442\u043c\u043e\u0441\u0444\u0435\u0440\u043d\u044b\u043c \u0432\u043e\u0437\u0434\u0435\u0439\u0441\u0442\u0432\u0438\u044f\u043c.<\/div>","protected":false},"excerpt":{"rendered":"<p>Vibrat\u00f6r Hortumu KULLANIM ALANLARI : Beton ve \u00e7imento d\u00f6k\u00fcmlerinde gaz ve hava kabarc\u0131\u011f\u0131n\u0131 \u00f6nleyen hortum KONTR\u00dcKS\u0130YON Alt : SBR, siyah, d\u00fcz ve sert Takviye : Y\u00fcksek mukavemetli kord bezi \u00dcst : SBR\/NR, siyah, s\u00fcrt\u00fcnmeye ve iklim \u015fartlar\u0131na dayan\u0131kl\u0131<\/p>","protected":false},"featured_media":1640,"comment_status":"open","ping_status":"closed","template":"","meta":{"jetpack_post_was_ever_published":false},"product_brand":[],"product_cat":[153],"product_tag":[844,843],"class_list":{"0":"post-736","1":"product","2":"type-product","3":"status-publish","4":"has-post-thumbnail","6":"product_cat-beton-hortumlari","7":"product_tag-beton-ve-cimento-dokumlerinde-gaz-ve-hava-kabarcigini-onleyen-hortum","8":"product_tag-vibrator-hortumu","10":"first","11":"instock","12":"taxable","13":"shipping-taxable","14":"product-type-variable"},"jetpack-related-posts":[{"id":734,"url":"https:\/\/tuzlahortum.com.tr\/ru\/product\/hava-pompa-hortumlari\/","url_meta":{"origin":736,"position":0},"title":"\u0428\u043b\u0430\u043d\u0433\u0438 \u0432\u043e\u0437\u0434\u0443\u0448\u043d\u043e\u0433\u043e \u043d\u0430\u0441\u043e\u0441\u0430","author":"admin","date":"6 \u0444\u0435\u0432\u0440\u0430\u043b\u044f 2019","format":false,"excerpt":"Hava Pompa Hortumlar\u0131KULLANIM ALANLARI : Esas olarak servis istasyonlar\u0131ndaki hava pompalar\u0131nda ve tazyikli hava uygulamalar\u0131nda kullan\u0131lmaktad\u0131r. SERT\u0130F\u0130KALAR : Hortumlar TSE markal\u0131d\u0131r. TS 745 EN ISO 2398 KONTR\u00dcKS\u0130YON Alt : SBR\/NBR, siyah, d\u00fcz Takviye : Y\u00fcksek mukavemetli tekstil \u00f6rg\u00fc \u00dcst : SBR\/NBR, siyah, d\u00fcz, iklim \u015fartlar\u0131na ve a\u015f\u0131nmaya dayan\u0131kl\u0131","rel":"","context":"\u041f\u043e\u0445\u043e\u0436\u0430\u044f \u0437\u0430\u043f\u0438\u0441\u044c","block_context":{"text":"\u041f\u043e\u0445\u043e\u0436\u0430\u044f \u0437\u0430\u043f\u0438\u0441\u044c","link":""},"img":{"alt_text":"","src":"https:\/\/i0.wp.com\/tuzlahortum.com.tr\/wp-content\/uploads\/urunler\/kaucuk\/superlas-hava-pompa-hortumu.jpg?fit=360%2C270&ssl=1&resize=350%2C200","width":350,"height":200},"classes":[]},{"id":902,"url":"https:\/\/tuzlahortum.com.tr\/ru\/product\/spiralli-su-emici-hortumlar\/","url_meta":{"origin":736,"position":1},"title":"\u0421\u043f\u0438\u0440\u0430\u043b\u044c\u043d\u044b\u0435 \u0432\u043e\u0434\u043e\u043f\u043e\u0433\u043b\u043e\u0449\u0430\u044e\u0449\u0438\u0435 \u0448\u043b\u0430\u043d\u0433\u0438","author":"admin","date":"6 \u0444\u0435\u0432\u0440\u0430\u043b\u044f 2019","format":false,"excerpt":"Spiralli Su Emici HortumlarKULLANIM ALANLARI : Tahliye pompalar\u0131nda verici hortum olarak kullan\u0131lmaktad\u0131r. Sertifikalar : Hortumlar TSE markal\u0131d\u0131r. TS 5365 KONTR\u00dcKS\u0130YON Alt : SBR\/NR siyah, parlak Takviye : Y\u00fcksek mukavemetli kord bezi \u00dcst : SBR siyah, her t\u00fcrl\u00fc iklim \u015fartlar\u0131na dayan\u0131kl\u0131","rel":"","context":"\u041f\u043e\u0445\u043e\u0436\u0430\u044f \u0437\u0430\u043f\u0438\u0441\u044c","block_context":{"text":"\u041f\u043e\u0445\u043e\u0436\u0430\u044f \u0437\u0430\u043f\u0438\u0441\u044c","link":""},"img":{"alt_text":"","src":"https:\/\/i0.wp.com\/tuzlahortum.com.tr\/wp-content\/uploads\/urunler\/kaucuk\/superlas-super-su-hortumu.jpg?fit=360%2C270&ssl=1&resize=350%2C200","width":350,"height":200},"classes":[]},{"id":653,"url":"https:\/\/tuzlahortum.com.tr\/ru\/product\/toz-ve-hava-emis-hortumlari\/","url_meta":{"origin":736,"position":2},"title":"\u0428\u043b\u0430\u043d\u0433\u0438 \u0434\u043b\u044f \u0432\u0441\u0430\u0441\u044b\u0432\u0430\u043d\u0438\u044f \u043f\u044b\u043b\u0438 \u0438 \u0432\u043e\u0437\u0434\u0443\u0445\u0430","author":"admin","date":"6 \u0444\u0435\u0432\u0440\u0430\u043b\u044f 2019","format":false,"excerpt":"Toz ve Hava Emi\u015f Hortumlar\u0131KULLANIM ALANLARI : Tar\u0131mda, madenlerde ve fabrikalarda toz ve kirlenmi\u015f hava emme i\u015flerinde kullan\u0131lan emici hortumdur KONTR\u00dcKS\u0130YON Alt : SBR\/NR, siyah, antistatik ve a\u015f\u0131nmaya dayan\u0131kl\u0131 Takviye : Kord bezi, katlararas\u0131nda \u00e7elik spiral tel \u00dcst : SBR\/NR, siyah, s\u00fcrt\u00fcnmeye ve her t\u00fcrl\u00fc iklim \u015fartlar\u0131na dayan\u0131kl\u0131","rel":"","context":"\u041f\u043e\u0445\u043e\u0436\u0430\u044f \u0437\u0430\u043f\u0438\u0441\u044c","block_context":{"text":"\u041f\u043e\u0445\u043e\u0436\u0430\u044f \u0437\u0430\u043f\u0438\u0441\u044c","link":""},"img":{"alt_text":"","src":"https:\/\/i0.wp.com\/tuzlahortum.com.tr\/wp-content\/uploads\/urunler\/kaucuk\/superlas-supurge-hortumu.jpg?fit=360%2C270&ssl=1&resize=350%2C200","width":350,"height":200},"classes":[]},{"id":901,"url":"https:\/\/tuzlahortum.com.tr\/ru\/product\/bezli-su-verici-hortum5-bar\/","url_meta":{"origin":736,"position":3},"title":"\u0422\u043a\u0430\u043d\u0435\u0432\u044b\u0439 \u0448\u043b\u0430\u043d\u0433 \u0434\u043b\u044f \u043f\u043e\u0434\u0430\u0447\u0438 \u0432\u043e\u0434\u044b (5 \u0431\u0430\u0440)","author":"admin","date":"6 \u0444\u0435\u0432\u0440\u0430\u043b\u044f 2019","format":false,"excerpt":"Bezli Su Verici Hortum(5 Bar) KULLANIM ALANLARI : Tahliye pompalar\u0131nda verici hortum olarak kullan\u0131lmaktad\u0131r. Kolay ta\u015f\u0131ma ve depolamaya uygun olarak haz\u0131rlanm\u0131\u015ft\u0131r. KONTR\u00dcKS\u0130YON Alt : SBR\/NR siyah, parlak Takviye : Y\u00fcksek mukavemetli kord bezi \u00dcst : SBR siyah, her t\u00fcrl\u00fc iklim \u015fartlar\u0131na dayan\u0131kl\u0131","rel":"","context":"\u041f\u043e\u0445\u043e\u0436\u0430\u044f \u0437\u0430\u043f\u0438\u0441\u044c","block_context":{"text":"\u041f\u043e\u0445\u043e\u0436\u0430\u044f \u0437\u0430\u043f\u0438\u0441\u044c","link":""},"img":{"alt_text":"","src":"https:\/\/i0.wp.com\/tuzlahortum.com.tr\/wp-content\/uploads\/urunler\/kaucuk\/superlas-bezli-su-verici-hortum.jpg?fit=360%2C270&ssl=1&resize=350%2C200","width":350,"height":200},"classes":[]},{"id":8622,"url":"https:\/\/tuzlahortum.com.tr\/ru\/product\/bezli-su-verici-hortum10-bar\/","url_meta":{"origin":736,"position":4},"title":"\u0422\u043a\u0430\u043d\u0435\u0432\u044b\u0439 \u0448\u043b\u0430\u043d\u0433 \u0434\u043b\u044f \u043f\u043e\u0434\u0430\u0447\u0438 \u0432\u043e\u0434\u044b (10 \u0431\u0430\u0440)","author":"\u0130smail \u00c7elik","date":"21 \u043c\u0430\u0440\u0442\u0430 2019","format":false,"excerpt":"\u0428\u043b\u0430\u043d\u0433 \u0434\u043b\u044f \u043f\u0435\u0440\u0435\u0434\u0430\u0442\u0447\u0438\u043a\u0430 \u0432\u043e\u0434\u044b \u0438\u0437 \u0442\u043a\u0430\u043d\u0438 (10 \u0431\u0430\u0440) \u041e\u0431\u043b\u0430\u0441\u0442\u0438 \u043f\u0440\u0438\u043c\u0435\u043d\u0435\u043d\u0438\u044f : \u042d\u0442\u043e \u043f\u0440\u043e\u0447\u043d\u044b\u0439, \u0433\u0438\u0431\u043a\u0438\u0439 \u0438 \u043f\u0440\u0438\u0435\u043c\u043d\u044b\u0439 \u0448\u043b\u0430\u043d\u0433, \u043f\u043e\u0434\u0445\u043e\u0434\u044f\u0449\u0438\u0439 \u0434\u043b\u044f \u0442\u044f\u0436\u0435\u043b\u044b\u0445 \u0443\u0441\u043b\u043e\u0432\u0438\u0439 \u043f\u0440\u0438\u043c\u0435\u043d\u0435\u043d\u0438\u044f \u0432 \u043f\u0440\u043e\u043c\u044b\u0448\u043b\u0435\u043d\u043d\u043e\u0441\u0442\u0438, \u0441\u0442\u0440\u043e\u0438\u0442\u0435\u043b\u044c\u0441\u0442\u0432\u0435 \u0438 \u0441\u0435\u043b\u044c\u0441\u043a\u043e\u043c \u0445\u043e\u0437\u044f\u0439\u0441\u0442\u0432\u0435. \u041a\u041e\u041d\u0421\u0422\u0420\u0423\u041a\u0426\u0418\u042f \u041d\u0438\u0437: SBR\/NR \u0447\u0435\u0440\u043d\u044b\u0439, \u0433\u043b\u044f\u043d\u0446\u0435\u0432\u044b\u0439 \u0410\u0440\u043c\u0438\u0440\u043e\u0432\u0430\u043d\u0438\u0435: \u0412\u044b\u0441\u043e\u043a\u043e\u043f\u0440\u043e\u0447\u043d\u0430\u044f \u043a\u043e\u0440\u0434\u043e\u0432\u0430\u044f \u0442\u043a\u0430\u043d\u044c \u0412\u0435\u0440\u0445 : SBR \u0447\u0435\u0440\u043d\u044b\u0439, \u0443\u0441\u0442\u043e\u0439\u0447\u0438\u0432 \u043a \u043b\u044e\u0431\u044b\u043c \u043a\u043b\u0438\u043c\u0430\u0442\u0438\u0447\u0435\u0441\u043a\u0438\u043c \u0443\u0441\u043b\u043e\u0432\u0438\u044f\u043c fghfgh \u0442\u0435\u0441\u0442","rel":"","context":"\u041f\u043e\u0445\u043e\u0436\u0430\u044f \u0437\u0430\u043f\u0438\u0441\u044c","block_context":{"text":"\u041f\u043e\u0445\u043e\u0436\u0430\u044f \u0437\u0430\u043f\u0438\u0441\u044c","link":""},"img":{"alt_text":"","src":"https:\/\/i0.wp.com\/tuzlahortum.com.tr\/wp-content\/uploads\/urunler\/kaucuk\/superlas-bezli-su-verici-hortum.jpg?fit=360%2C270&ssl=1&resize=350%2C200","width":350,"height":200},"classes":[]},{"id":725,"url":"https:\/\/tuzlahortum.com.tr\/ru\/product\/bezli-su-hortumlari-orta-tip\/","url_meta":{"origin":736,"position":5},"title":"\u0422\u043a\u0430\u043d\u0435\u0432\u044b\u0435 \u0432\u043e\u0434\u044f\u043d\u044b\u0435 \u0448\u043b\u0430\u043d\u0433\u0438 (\u0441\u0440\u0435\u0434\u043d\u0435\u0433\u043e \u0442\u0438\u043f\u0430)","author":"admin","date":"6 \u0444\u0435\u0432\u0440\u0430\u043b\u044f 2019","format":false,"excerpt":"Bezli Su Hortumlar\u0131 (Orta Tip)KULLANIM ALANLARI : \u00c7al\u0131\u015fma bas\u0131n\u00e7lar\u0131na g\u00f6re sanayi, in\u015faat, tar\u0131m ve spor alanlar\u0131 gibi su nakledilmesi gereken t\u00fcm i\u015flerde kullan\u0131labilir. SERT\u0130F\u0130KALAR : Hortumlar TSE markal\u0131d\u0131r. TS2420 ISO 1403 KONTR\u00dcKS\u0130YON Alt : SBR\/NR siyah neme dayan\u0131kl\u0131 Takviye : Y\u00fcksek mukavemetli kord bezi \u00dcst : SBR siyah hava \u015fartlar\u0131na\u2026","rel":"","context":"\u041f\u043e\u0445\u043e\u0436\u0430\u044f \u0437\u0430\u043f\u0438\u0441\u044c","block_context":{"text":"\u041f\u043e\u0445\u043e\u0436\u0430\u044f \u0437\u0430\u043f\u0438\u0441\u044c","link":""},"img":{"alt_text":"","src":"https:\/\/i0.wp.com\/tuzlahortum.com.tr\/wp-content\/uploads\/urunler\/kaucuk\/superlas-orta-basinc-su-hortum.jpg?fit=360%2C270&ssl=1&resize=350%2C200","width":350,"height":200},"classes":[]}],"jetpack_sharing_enabled":true,"jetpack_likes_enabled":true,"_links":{"self":[{"href":"https:\/\/tuzlahortum.com.tr\/ru\/wp-json\/wp\/v2\/product\/736","targetHints":{"allow":["GET"]}}],"collection":[{"href":"https:\/\/tuzlahortum.com.tr\/ru\/wp-json\/wp\/v2\/product"}],"about":[{"href":"https:\/\/tuzlahortum.com.tr\/ru\/wp-json\/wp\/v2\/types\/product"}],"replies":[{"embeddable":true,"href":"https:\/\/tuzlahortum.com.tr\/ru\/wp-json\/wp\/v2\/comments?post=736"}],"wp:featuredmedia":[{"embeddable":true,"href":"https:\/\/tuzlahortum.com.tr\/ru\/wp-json\/wp\/v2\/media\/1640"}],"wp:attachment":[{"href":"https:\/\/tuzlahortum.com.tr\/ru\/wp-json\/wp\/v2\/media?parent=736"}],"wp:term":[{"taxonomy":"product_brand","embeddable":true,"href":"https:\/\/tuzlahortum.com.tr\/ru\/wp-json\/wp\/v2\/product_brand?post=736"},{"taxonomy":"product_cat","embeddable":true,"href":"https:\/\/tuzlahortum.com.tr\/ru\/wp-json\/wp\/v2\/product_cat?post=736"},{"taxonomy":"product_tag","embeddable":true,"href":"https:\/\/tuzlahortum.com.tr\/ru\/wp-json\/wp\/v2\/product_tag?post=736"}],"curies":[{"name":"wp","href":"https:\/\/api.w.org\/{rel}","templated":true}]}}