{"id":7222,"date":"2019-03-08T14:22:30","date_gmt":"2019-03-08T11:22:30","guid":{"rendered":"http:\/\/hortum.com.tr\/?post_type=product&#038;p=7222"},"modified":"2024-03-21T17:39:00","modified_gmt":"2024-03-21T14:39:00","slug":"hava-jak-cesitleri-hortumgovde-uc","status":"publish","type":"product","link":"https:\/\/tuzlahortum.com.tr\/ru\/product\/hava-jak-cesitleri-hortumgovde-uc\/","title":{"rendered":"\u0422\u0438\u043f\u044b \u0432\u043e\u0437\u0434\u0443\u0448\u043d\u044b\u0445 \u0440\u0430\u0437\u044a\u0435\u043c\u043e\u0432 (\u0448\u043b\u0430\u043d\u0433, \u043a\u043e\u043d\u0435\u0446 \u043a\u043e\u0440\u043f\u0443\u0441\u0430)"},"content":{"rendered":"<h2>\u0422\u0438\u043f\u044b \u0432\u043e\u0437\u0434\u0443\u0448\u043d\u044b\u0445 \u0440\u0430\u0437\u044a\u0435\u043c\u043e\u0432 (\u0448\u043b\u0430\u043d\u0433, \u043a\u043e\u043d\u0435\u0446 \u043a\u043e\u0440\u043f\u0443\u0441\u0430)<\/h2>\n<p>\u041f\u043d\u0435\u0432\u043c\u0430\u0442\u0438\u0447\u0435\u0441\u043a\u0438\u0435 \u0430\u0432\u0442\u043e\u043c\u0430\u0442\u0438\u0447\u0435\u0441\u043a\u0438\u0435 \u0441\u043e\u0435\u0434\u0438\u043d\u0435\u043d\u0438\u044f \u0441\u0435\u0440\u0438\u0438 PN25 \u043c\u043e\u0436\u043d\u043e \u0440\u0430\u0437\u0431\u0438\u0440\u0430\u0442\u044c \u0438 \u0441\u043e\u0431\u0438\u0440\u0430\u0442\u044c \u043e\u0434\u043d\u043e\u0439 \u0440\u0443\u043a\u043e\u0439 \u043f\u043e\u0434 \u0434\u0430\u0432\u043b\u0435\u043d\u0438\u0435\u043c.<\/p>\n<p>\u0412 \u0441\u0435\u0440\u0438\u0438 PN25 \u043f\u0440\u0443\u0436\u0438\u043d\u044b \u0445\u0440\u043e\u043c\u043e\u043d\u0438\u043a\u0435\u043b\u0435\u0432\u044b\u0435. \u041f\u043d\u0435\u0432\u043c\u0430\u0442\u0438\u0447\u0435\u0441\u043a\u0438\u0435 \u0430\u0432\u0442\u043e\u043c\u0430\u0442\u0438\u0447\u0435\u0441\u043a\u0438\u0435 \u0441\u043e\u0435\u0434\u0438\u043d\u0435\u043d\u0438\u044f \u0441\u0435\u0440\u0438\u0438 Pn25, \u043f\u0440\u043e\u0447\u043d\u044b\u0435 \u0438 \u0434\u043e\u043b\u0433\u043e\u0432\u0435\u0447\u043d\u044b\u0435 \u043a\u043e\u043d\u0441\u0442\u0440\u0443\u043a\u0446\u0438\u0438,<\/p>\n<p>\u0411\u043b\u0430\u0433\u043e\u0434\u0430\u0440\u044f \u0432\u044b\u0441\u043e\u043a\u043e\u0439 \u043f\u0440\u043e\u043f\u0443\u0441\u043a\u043d\u043e\u0439 \u0441\u043f\u043e\u0441\u043e\u0431\u043d\u043e\u0441\u0442\u0438 \u0438 \u043f\u0440\u043e\u0441\u0442\u043e\u0442\u0435 \u0438\u0441\u043f\u043e\u043b\u044c\u0437\u043e\u0432\u0430\u043d\u0438\u044f \u0435\u0433\u043e \u043c\u043e\u0436\u043d\u043e \u0431\u0435\u0437\u043e\u043f\u0430\u0441\u043d\u043e \u0438\u0441\u043f\u043e\u043b\u044c\u0437\u043e\u0432\u0430\u0442\u044c \u0432 \u043b\u0438\u043d\u0438\u044f\u0445 \u0441\u0436\u0430\u0442\u043e\u0433\u043e \u0432\u043e\u0437\u0434\u0443\u0445\u0430 \u0432\u043e \u0432\u0441\u0435\u0445 \u043e\u0442\u0440\u0430\u0441\u043b\u044f\u0445 \u043f\u0440\u043e\u043c\u044b\u0448\u043b\u0435\u043d\u043d\u043e\u0441\u0442\u0438.<\/p>\n<p>\u0438\u0441\u043f\u043e\u043b\u044c\u0437\u0443\u0435\u0442\u0441\u044f.<\/p>\n<table border=\"0\" width=\"1022\">\n<tbody>\n<tr>\n<td width=\"578\">\u0421\u043e\u0432\u043c\u0435\u0441\u0442\u0438\u043c\u043e\u0441\u0442\u044c<\/td>\n<td width=\"444\">Rectus 26 (\u0435\u0432\u0440\u043e\u043f\u0435\u0439\u0441\u043a\u0438\u0439 \u0441\u0442\u0430\u043d\u0434\u0430\u0440\u0442)<\/td>\n<\/tr>\n<tr>\n<td>\u041c\u0430\u0442\u0435\u0440\u0438\u0430\u043b<\/td>\n<td>\u0410\u0432\u0442\u043e\u043c\u0430\u0442\u0438\u0447\u0435\u0441\u043a\u0430\u044f \u0441\u0442\u0430\u043b\u044c<\/td>\n<\/tr>\n<tr>\n<td>\u0443\u043f\u043b\u043e\u0442\u043d\u0435\u043d\u0438\u0435<\/td>\n<td>\u041d\u0438\u0442\u0440\u0438\u043b\u043e\u0432\u043e\u0435 \u0443\u043f\u043b\u043e\u0442\u043d\u0438\u0442\u0435\u043b\u044c\u043d\u043e\u0435 \u043a\u043e\u043b\u044c\u0446\u043e (NBR)<\/td>\n<\/tr>\n<tr>\n<td>\u0420\u0430\u0431\u043e\u0447\u0430\u044f \u0442\u0435\u043c\u043f\u0435\u0440\u0430\u0442\u0443\u0440\u0430<\/td>\n<td>\u043e\u0442 -30 \u00b0\u0421 \u0434\u043e +110 \u00b0\u0421<\/td>\n<\/tr>\n<tr>\n<td>\u041f\u043e\u043a\u0440\u044b\u0442\u0438\u0435<\/td>\n<td>\u041e\u0446\u0438\u043d\u043a\u043e\u0432\u0430\u043d\u043d\u044b\u0439 (\u043f\u0430\u0441\u0441\u0438\u0432\u0430\u0446\u0438\u044f \u0445\u0440\u043e\u043c III)<\/td>\n<\/tr>\n<tr>\n<td>\u0422\u0435\u0440\u043c\u0438\u0447\u0435\u0441\u043a\u0430\u044f \u043e\u0431\u0440\u0430\u0431\u043e\u0442\u043a\u0430<\/td>\n<td>\u043f\u043e \u043a\u0440\u0430\u044f\u043c<\/td>\n<\/tr>\n<tr>\n<td>\u0412\u0435\u0441\u043d\u0430<\/td>\n<td>\u0425\u0440\u043e\u043c \u041d\u0438\u043a\u0435\u043b\u044c<\/td>\n<\/tr>\n<tr>\n<td>\u0421\u0438\u0441\u0442\u0435\u043c\u0430 \u043a\u0440\u0435\u043f\u043b\u0435\u043d\u0438\u044f<\/td>\n<td>\u041a\u043e\u043d\u0447\u0438\u043a \u0432\u044b\u0434\u0432\u0438\u043d\u0443\u0442 \u0432\u043f\u0435\u0440\u0435\u0434 (\u043e\u0434\u043d\u0430 \u0440\u0443\u043a\u0430)<\/td>\n<\/tr>\n<tr>\n<td>\u0421\u0438\u0441\u0442\u0435\u043c\u0430 \u044d\u043a\u0441\u0442\u0440\u0430\u043a\u0446\u0438\u0438<\/td>\n<td>\u041a\u043e\u043b\u044c\u0446\u043e \u0432\u0442\u044f\u043d\u0443\u0442\u043e (\u043e\u0434\u043d\u0430 \u0440\u0443\u043a\u0430)<\/td>\n<\/tr>\n<tr>\n<td>\u0412\u043e\u0437\u043c\u043e\u0436\u043d\u043e\u0441\u0442\u044c \u0443\u0441\u0442\u0430\u043d\u043e\u0432\u043a\u0438 \u043f\u043e\u0434 \u0434\u0430\u0432\u043b\u0435\u043d\u0438\u0435\u043c<\/td>\n<td>\u043c\u043e\u0436\u043d\u043e \u0441\u0434\u0435\u043b\u0430\u0442\u044c<\/td>\n<\/tr>\n<tr>\n<td>\u0421\u044a\u0435\u043c\u043d\u044b\u0439 \u043f\u043e\u0434 \u0434\u0430\u0432\u043b\u0435\u043d\u0438\u0435\u043c<\/td>\n<td>\u043c\u043e\u0436\u043d\u043e \u0441\u0434\u0435\u043b\u0430\u0442\u044c<\/td>\n<\/tr>\n<tr>\n<td>\u0412 \u043e\u0441\u043e\u0431\u044b\u0445 \u0441\u043b\u0443\u0447\u0430\u044f\u0445<\/td>\n<td>\u0412\u0418\u0422\u041e\u041d<\/td>\n<\/tr>\n<tr>\n<td>\u041e\u0431\u043b\u0430\u0441\u0442\u0438 \u0438\u0441\u043f\u043e\u043b\u044c\u0437\u043e\u0432\u0430\u043d\u0438\u044f<\/td>\n<td>\u041b\u0438\u043d\u0438\u0438 \u0441\u0436\u0430\u0442\u043e\u0433\u043e \u0432\u043e\u0437\u0434\u0443\u0445\u0430 \u0432\u043e \u0432\u0441\u0435\u0445 \u043e\u0442\u0440\u0430\u0441\u043b\u044f\u0445 \u043f\u0440\u043e\u043c\u044b\u0448\u043b\u0435\u043d\u043d\u043e\u0441\u0442\u0438<\/td>\n<\/tr>\n<\/tbody>\n<\/table>\n<p>&nbsp;<\/p>\n<div class=\"video video-fit mb\" style=\"padding-top:56.25%;\"><p><iframe loading=\"lazy\" title=\"\u0412\u043e\u0437\u0434\u0443\u0448\u043d\u044b\u0435 \u0434\u043e\u043c\u043a\u0440\u0430\u0442\u044b\" width=\"1020\" height=\"574\" src=\"https:\/\/www.youtube.com\/embed\/YFDzAoEaZfM?feature=oembed\" frameborder=\"0\" allow=\"accelerometer; autoplay; clipboard-write; encrypted-media; gyroscope; picture-in-picture; web-share\" referrerpolicy=\"strict-origin-when-cross-origin\" allowfullscreen><\/iframe><\/p>\n<\/div>","protected":false},"excerpt":{"rendered":"<p>Hava Jak \u00c7e\u015fitleri (Hortum,G\u00f6vde-U\u00e7) PN25 Serisi Pn\u00f6matik Otomatik Rekorlar bas\u0131n\u00e7 alt\u0131nda tek elle s\u00f6k\u00fcl\u00fcp tak\u0131labilme \u00f6zelli\u011fine sahiptir. PN25 serisinde yaylar krom nikeldir.\u00a0 Pn25 Serisi Pn\u00f6matik Otomatik Rekorlar, sa\u011flam ve dayan\u0131kl\u0131 yap\u0131lar\u0131, y\u00fcksek hava ak\u0131m kapasiteleri ve kullan\u0131m kolayl\u0131\u011f\u0131 sayesinde t\u00fcm sanayide bas\u0131n\u00e7l\u0131 hava hatlar\u0131nda g\u00fcvenle kullan\u0131lmaktad\u0131r. Uyumluluk Rectus 26 (Avrupa Standard\u0131) Malzeme Otomat \u00c7eli\u011fi S\u0131zd\u0131rmazl\u0131k [&#8230;]\n","protected":false},"featured_media":7243,"comment_status":"open","ping_status":"closed","template":"","meta":{"jetpack_post_was_ever_published":false},"product_brand":[],"product_cat":[91],"product_tag":[1130,1128,1129,257,292,2124,2266,2267,2123,1132,1131,1133],"class_list":{"0":"post-7222","1":"product","2":"type-product","3":"status-publish","4":"has-post-thumbnail","6":"product_cat-hidrolik-baglanti-elemanlari","7":"product_tag-1-2","8":"product_tag-1-4","9":"product_tag-3-8","10":"product_tag-disi","11":"product_tag-erkek","12":"product_tag-govde","13":"product_tag-hava-jak","14":"product_tag-hava-jaki","15":"product_tag-hortum-govde","16":"product_tag-hortum-uclu","17":"product_tag-jak","18":"product_tag-jak-cesitleri","20":"first","21":"instock","22":"taxable","23":"shipping-taxable","24":"product-type-variable"},"jetpack-related-posts":[{"id":875,"url":"https:\/\/tuzlahortum.com.tr\/ru\/product\/hava-jak-cesitleri-erkek-disigovde-uc\/","url_meta":{"origin":7222,"position":0},"title":"\u0422\u0438\u043f\u044b \u0432\u043e\u0437\u0434\u0443\u0448\u043d\u044b\u0445 \u0440\u0430\u0437\u044a\u0435\u043c\u043e\u0432 (\u043f\u0430\u043f\u0430-\u043c\u0430\u043c\u0430, \u0441\u043e \u0441\u0442\u043e\u0440\u043e\u043d\u044b \u043a\u043e\u0440\u043f\u0443\u0441\u0430)","author":"admin","date":"6 \u0444\u0435\u0432\u0440\u0430\u043b\u044f 2019","format":false,"excerpt":"Hava Jak \u00c7e\u015fitleri (Erkek-Di\u015fi,G\u00f6vde-U\u00e7)PN25 Serisi Pn\u00f6matik Otomatik Rekorlar bas\u0131n\u00e7 alt\u0131nda tek elle s\u00f6k\u00fcl\u00fcp tak\u0131labilme \u00f6zelli\u011fine sahiptir. PN25 serisinde yaylar krom nikeldir.\u00a0 Pn25 Serisi Pn\u00f6matik Otomatik Rekorlar, sa\u011flam ve dayan\u0131kl\u0131 yap\u0131lar\u0131, y\u00fcksek hava ak\u0131m kapasiteleri ve kullan\u0131m kolayl\u0131\u011f\u0131 sayesinde t\u00fcm sanayide bas\u0131n\u00e7l\u0131 hava hatlar\u0131nda g\u00fcvenle kullan\u0131lmaktad\u0131r. Uyumluluk Rectus 26 (Avrupa Standard\u0131)\u2026","rel":"","context":"\u041f\u043e\u0445\u043e\u0436\u0430\u044f \u0437\u0430\u043f\u0438\u0441\u044c","block_context":{"text":"\u041f\u043e\u0445\u043e\u0436\u0430\u044f \u0437\u0430\u043f\u0438\u0441\u044c","link":""},"img":{"alt_text":"","src":"https:\/\/i0.wp.com\/tuzlahortum.com.tr\/wp-content\/uploads\/2019\/03\/hava-jak-%C3%A7e%C5%9Fitleri.jpg?fit=502%2C570&ssl=1&resize=350%2C200","width":350,"height":200},"classes":[]},{"id":669,"url":"https:\/\/tuzlahortum.com.tr\/ru\/product\/hidrolik-bilya-gobekli-otomatik-rekor\/","url_meta":{"origin":7222,"position":1},"title":"\u0410\u0432\u0442\u043e\u043c\u0430\u0442\u0438\u0447\u0435\u0441\u043a\u043e\u0435 \u0441\u043e\u0435\u0434\u0438\u043d\u0435\u043d\u0438\u0435 \u0441 \u0433\u0438\u0434\u0440\u0430\u0432\u043b\u0438\u0447\u0435\u0441\u043a\u043e\u0439 \u0448\u0430\u0440\u043e\u0432\u043e\u0439 \u0441\u0442\u0443\u043f\u0438\u0446\u0435\u0439","author":"admin","date":"6 \u0444\u0435\u0432\u0440\u0430\u043b\u044f 2019","format":false,"excerpt":"Hidrolik Bilya G\u00f6bekli Otomatik RekorBT Serisi Hidrolik Bilya G\u00f6bekli Otomatik Rekorlar pek\u00e7ok end\u00fcstriyel alanda hidrolik \u00e7abuk ba\u011flant\u0131 eleman\u0131 olarak kullan\u0131lmaktad\u0131rlar.\u00a0BT Serisi'nde erkek u\u00e7lar \u0131s\u0131l i\u015flem uygulanarak sertle\u015ftirilmi\u015ftir.Valf SistemiBilyal\u0131Malzeme\u00a0Otomat \u00c7eli\u011fiVida \u00d6l\u00e7\u00fcs\u00fc\u00a0BSP (\u0130ste\u011fe Ba\u011fl\u0131: NPT, Metrik)S\u0131zd\u0131rmazl\u0131k\u00a0Nitril O-ring (NBR)\u00c7al\u0131\u015fma S\u0131cakl\u0131\u011f\u0131\u00a0-30 \u00b0C ile +110 \u00b0CKaplama\u00a0Galvaniz (Chrome III pasivasyon)Is\u0131l \u0130\u015flemOtomatik Erkek RekorTakma SistemiY\u00fcz\u00fck geri \u00e7ekilerek\u00c7\u0131karma\u2026","rel":"","context":"\u041f\u043e\u0445\u043e\u0436\u0430\u044f \u0437\u0430\u043f\u0438\u0441\u044c","block_context":{"text":"\u041f\u043e\u0445\u043e\u0436\u0430\u044f \u0437\u0430\u043f\u0438\u0441\u044c","link":""},"img":{"alt_text":"","src":"https:\/\/i0.wp.com\/tuzlahortum.com.tr\/wp-content\/uploads\/2019\/02\/Hidrolik-Bilya-G%C3%B6bekli-Otomatik-Rekor.jpg?fit=400%2C400&ssl=1&resize=350%2C200","width":350,"height":200},"classes":[]},{"id":874,"url":"https:\/\/tuzlahortum.com.tr\/ru\/product\/hidrolik-otomatik-rekor\/","url_meta":{"origin":7222,"position":2},"title":"\u0413\u0438\u0434\u0440\u0430\u0432\u043b\u0438\u0447\u0435\u0441\u043a\u0438\u0439 \u0430\u0432\u0442\u043e\u043c\u0430\u0442\u0438\u0447\u0435\u0441\u043a\u0438\u0439 \u0448\u0430\u0440\u043d\u0438\u0440","author":"admin","date":"6 \u0444\u0435\u0432\u0440\u0430\u043b\u044f 2019","format":false,"excerpt":"Hidrolik Otomatik RekorQC Serisi Hidrolik Otomatik Rekorlar pek \u00e7ok tar\u0131msal ve end\u00fcstriyel alanda hidrolik \u00e7abuk\u00a0ba\u011flant\u0131 eleman\u0131 olarak kullan\u0131lmaktad\u0131rlar.QC Serisi'nde erkek u\u00e7lar \u0131s\u0131l i\u015flem uygulanarak sertle\u015ftirilmi\u015ftir.UyumlulukISO 7241-AValf SistemiPimliMalzemeOtomat \u00c7eli\u011fiVida \u00d6l\u00e7\u00fcs\u00fcBSP (\u0130ste\u011fe Ba\u011fl\u0131: Metrik)S\u0131zd\u0131rmazl\u0131kNitril O-ring (NBR)\u00c7al\u0131\u015fma S\u0131cakl\u0131\u011f\u0131-30 \u00b0C ile +110 \u00b0CKaplamaGalvaniz (Chrome III pasivasyon)Is\u0131l \u0130\u015flemOtomatik Erkek RekorTakma SistemiY\u00fcz\u00fck geri \u00e7ekilerek\u00c7\u0131karma SistemiY\u00fcz\u00fck geri\u2026","rel":"","context":"\u041f\u043e\u0445\u043e\u0436\u0430\u044f \u0437\u0430\u043f\u0438\u0441\u044c","block_context":{"text":"\u041f\u043e\u0445\u043e\u0436\u0430\u044f \u0437\u0430\u043f\u0438\u0441\u044c","link":""},"img":{"alt_text":"","src":"https:\/\/i0.wp.com\/tuzlahortum.com.tr\/wp-content\/uploads\/2019\/02\/Hidrolik-Otomatik-Rekor.jpg?fit=400%2C400&ssl=1&resize=350%2C200","width":350,"height":200},"classes":[]},{"id":7277,"url":"https:\/\/tuzlahortum.com.tr\/ru\/product\/sari-hava-jak-cesitleri-hortumgovde-uc\/","url_meta":{"origin":7222,"position":3},"title":"\u0422\u0438\u043f\u044b \u0436\u0435\u043b\u0442\u044b\u0445 \u0432\u043e\u0437\u0434\u0443\u0448\u043d\u044b\u0445 \u0440\u0430\u0437\u044a\u0435\u043c\u043e\u0432 (\u0448\u043b\u0430\u043d\u0433, \u043a\u043e\u043d\u0435\u0446 \u043a\u043e\u0440\u043f\u0443\u0441\u0430)","author":"\u0130smail \u00c7elik","date":"8 \u043c\u0430\u0440\u0442\u0430 2019","format":false,"excerpt":"\u0422\u0438\u043f\u044b \u0436\u0435\u043b\u0442\u044b\u0445 \u0432\u043e\u0437\u0434\u0443\u0448\u043d\u044b\u0445 \u0440\u0430\u0437\u044a\u0435\u043c\u043e\u0432 (\u0448\u043b\u0430\u043d\u0433, \u043a\u043e\u043d\u0435\u0446 \u043a\u043e\u0440\u043f\u0443\u0441\u0430)","rel":"","context":"\u041f\u043e\u0445\u043e\u0436\u0430\u044f \u0437\u0430\u043f\u0438\u0441\u044c","block_context":{"text":"\u041f\u043e\u0445\u043e\u0436\u0430\u044f \u0437\u0430\u043f\u0438\u0441\u044c","link":""},"img":{"alt_text":"","src":"https:\/\/i0.wp.com\/tuzlahortum.com.tr\/wp-content\/uploads\/2019\/03\/sar%C4%B1-hava-jak2.jpg?fit=628%2C830&ssl=1&resize=350%2C200","width":350,"height":200,"srcset":"https:\/\/i0.wp.com\/tuzlahortum.com.tr\/wp-content\/uploads\/2019\/03\/sar%C4%B1-hava-jak2.jpg?fit=628%2C830&ssl=1&resize=350%2C200 1x, https:\/\/i0.wp.com\/tuzlahortum.com.tr\/wp-content\/uploads\/2019\/03\/sar%C4%B1-hava-jak2.jpg?fit=628%2C830&ssl=1&resize=525%2C300 1.5x"},"classes":[]},{"id":7264,"url":"https:\/\/tuzlahortum.com.tr\/ru\/product\/sari-hava-jak-cesitleri-erkek-disigovde-uc\/","url_meta":{"origin":7222,"position":4},"title":"\u0422\u0438\u043f\u044b \u0436\u0435\u043b\u0442\u044b\u0445 \u0432\u043e\u0437\u0434\u0443\u0448\u043d\u044b\u0445 \u0440\u0430\u0437\u044a\u0435\u043c\u043e\u0432 (\u043f\u0430\u043f\u0430-\u043c\u0430\u043c\u0430, \u043a\u043e\u0440\u043f\u0443\u0441)","author":"\u0130smail \u00c7elik","date":"8 \u043c\u0430\u0440\u0442\u0430 2019","format":false,"excerpt":"\u0422\u0438\u043f\u044b \u0436\u0435\u043b\u0442\u044b\u0445 \u0432\u043e\u0437\u0434\u0443\u0448\u043d\u044b\u0445 \u0440\u0430\u0437\u044a\u0435\u043c\u043e\u0432 (\u043f\u0430\u043f\u0430-\u043c\u0430\u043c\u0430, \u043a\u043e\u0440\u043f\u0443\u0441)","rel":"","context":"\u041f\u043e\u0445\u043e\u0436\u0430\u044f \u0437\u0430\u043f\u0438\u0441\u044c","block_context":{"text":"\u041f\u043e\u0445\u043e\u0436\u0430\u044f \u0437\u0430\u043f\u0438\u0441\u044c","link":""},"img":{"alt_text":"","src":"https:\/\/i0.wp.com\/tuzlahortum.com.tr\/wp-content\/uploads\/2019\/03\/sar%C4%B1-hava-jak2.jpg?fit=628%2C830&ssl=1&resize=350%2C200","width":350,"height":200,"srcset":"https:\/\/i0.wp.com\/tuzlahortum.com.tr\/wp-content\/uploads\/2019\/03\/sar%C4%B1-hava-jak2.jpg?fit=628%2C830&ssl=1&resize=350%2C200 1x, https:\/\/i0.wp.com\/tuzlahortum.com.tr\/wp-content\/uploads\/2019\/03\/sar%C4%B1-hava-jak2.jpg?fit=628%2C830&ssl=1&resize=525%2C300 1.5x"},"classes":[]},{"id":8181,"url":"https:\/\/tuzlahortum.com.tr\/ru\/product\/sari-su-jak-cesitleri-hortumgovde-uc\/","url_meta":{"origin":7222,"position":5},"title":"\u0422\u0438\u043f\u044b \u0436\u0435\u043b\u0442\u044b\u0445 \u0432\u043e\u0434\u043e\u0440\u0430\u0437\u0431\u043e\u0440\u043d\u044b\u0445 \u0440\u0430\u0437\u044a\u0435\u043c\u043e\u0432 (\u0448\u043b\u0430\u043d\u0433, \u043a\u043e\u043d\u0435\u0446 \u043a\u043e\u0440\u043f\u0443\u0441\u0430)","author":"\u0130smail \u00c7elik","date":"15 \u043c\u0430\u0440\u0442\u0430 2019","format":false,"excerpt":"\u0422\u0438\u043f\u044b \u0436\u0435\u043b\u0442\u044b\u0445 \u0432\u043e\u0434\u043e\u0440\u0430\u0437\u0431\u043e\u0440\u043d\u044b\u0445 \u0440\u0430\u0437\u044a\u0435\u043c\u043e\u0432 (\u0448\u043b\u0430\u043d\u0433, \u043a\u043e\u043d\u0435\u0446 \u043a\u043e\u0440\u043f\u0443\u0441\u0430)","rel":"","context":"\u041f\u043e\u0445\u043e\u0436\u0430\u044f \u0437\u0430\u043f\u0438\u0441\u044c","block_context":{"text":"\u041f\u043e\u0445\u043e\u0436\u0430\u044f \u0437\u0430\u043f\u0438\u0441\u044c","link":""},"img":{"alt_text":"","src":"https:\/\/i0.wp.com\/tuzlahortum.com.tr\/wp-content\/uploads\/2019\/03\/sar%C4%B1-su-jak%C4%B1-600-x-800.jpg?fit=600%2C800&ssl=1&resize=350%2C200","width":350,"height":200,"srcset":"https:\/\/i0.wp.com\/tuzlahortum.com.tr\/wp-content\/uploads\/2019\/03\/sar%C4%B1-su-jak%C4%B1-600-x-800.jpg?fit=600%2C800&ssl=1&resize=350%2C200 1x, https:\/\/i0.wp.com\/tuzlahortum.com.tr\/wp-content\/uploads\/2019\/03\/sar%C4%B1-su-jak%C4%B1-600-x-800.jpg?fit=600%2C800&ssl=1&resize=525%2C300 1.5x"},"classes":[]}],"jetpack_sharing_enabled":true,"jetpack_likes_enabled":true,"_links":{"self":[{"href":"https:\/\/tuzlahortum.com.tr\/ru\/wp-json\/wp\/v2\/product\/7222","targetHints":{"allow":["GET"]}}],"collection":[{"href":"https:\/\/tuzlahortum.com.tr\/ru\/wp-json\/wp\/v2\/product"}],"about":[{"href":"https:\/\/tuzlahortum.com.tr\/ru\/wp-json\/wp\/v2\/types\/product"}],"replies":[{"embeddable":true,"href":"https:\/\/tuzlahortum.com.tr\/ru\/wp-json\/wp\/v2\/comments?post=7222"}],"wp:featuredmedia":[{"embeddable":true,"href":"https:\/\/tuzlahortum.com.tr\/ru\/wp-json\/wp\/v2\/media\/7243"}],"wp:attachment":[{"href":"https:\/\/tuzlahortum.com.tr\/ru\/wp-json\/wp\/v2\/media?parent=7222"}],"wp:term":[{"taxonomy":"product_brand","embeddable":true,"href":"https:\/\/tuzlahortum.com.tr\/ru\/wp-json\/wp\/v2\/product_brand?post=7222"},{"taxonomy":"product_cat","embeddable":true,"href":"https:\/\/tuzlahortum.com.tr\/ru\/wp-json\/wp\/v2\/product_cat?post=7222"},{"taxonomy":"product_tag","embeddable":true,"href":"https:\/\/tuzlahortum.com.tr\/ru\/wp-json\/wp\/v2\/product_tag?post=7222"}],"curies":[{"name":"wp","href":"https:\/\/api.w.org\/{rel}","templated":true}]}}