{"id":719,"date":"2019-02-06T23:52:55","date_gmt":"2019-02-06T20:52:55","guid":{"rendered":"http:\/\/hortum.com.tr\/product\/import-placeholder-for-77\/"},"modified":"2024-03-21T17:43:32","modified_gmt":"2024-03-21T14:43:32","slug":"akaryakit-alici-verici-hortum","status":"publish","type":"product","link":"https:\/\/tuzlahortum.com.tr\/ru\/product\/akaryakit-alici-verici-hortum\/","title":{"rendered":"\u0428\u043b\u0430\u043d\u0433 \u0440\u0435\u0441\u0438\u0432\u0435\u0440\u0430-\u043f\u0435\u0440\u0435\u0434\u0430\u0442\u0447\u0438\u043a\u0430 \u0442\u043e\u043f\u043b\u0438\u0432\u0430"},"content":{"rendered":"<h2>\u0428\u043b\u0430\u043d\u0433 \u0440\u0435\u0441\u0438\u0432\u0435\u0440\u0430-\u043f\u0435\u0440\u0435\u0434\u0430\u0442\u0447\u0438\u043a\u0430 \u0442\u043e\u043f\u043b\u0438\u0432\u0430<\/h2>\n<p>\u041e\u0411\u041b\u0410\u0421\u0422\u0418 \u041f\u0420\u0418\u041c\u0415\u041d\u0415\u041d\u0418\u042f : \u042d\u0442\u0438 \u0448\u043b\u0430\u043d\u0433\u0438 \u0438\u0441\u043f\u043e\u043b\u044c\u0437\u0443\u044e\u0442\u0441\u044f \u0432\u043e \u0432\u0441\u0435\u0445 \u0432\u0438\u0434\u0430\u0445 \u0440\u0430\u0431\u043e\u0442 \u043f\u043e \u0432\u0441\u0430\u0441\u044b\u0432\u0430\u043d\u0438\u044e \u0438 \u0442\u0440\u0430\u043d\u0441\u043f\u043e\u0440\u0442\u0438\u0440\u043e\u0432\u043a\u0435 \u043c\u0430\u0437\u0443\u0442\u0430 \u043e\u0442 \u0440\u0435\u0437\u0435\u0440\u0432\u0443\u0430\u0440\u043e\u0432 \u0434\u043e \u0442\u0430\u043d\u043a\u0435\u0440\u043e\u0432 \u0438 \u043d\u0435\u0444\u0442\u0435\u043f\u0435\u0440\u0435\u0440\u0430\u0431\u0430\u0442\u044b\u0432\u0430\u044e\u0449\u0438\u0445 \u0437\u0430\u0432\u043e\u0434\u043e\u0432.<\/p>\n<div><\/div>\n<div>\u0421\u0415\u0420\u0422\u0418\u0424\u0418\u041a\u0410\u0422\u042b: \u0428\u043b\u0430\u043d\u0433\u0438 \u0438\u043c\u0435\u044e\u0442 \u043c\u0430\u0440\u043a\u0438\u0440\u043e\u0432\u043a\u0443 TSE. TS3916 \u0411 \u0422\u0418\u041f 1<\/div>\n<div><\/div>\n<div>\u0421\u041e\u041a\u0420\u0410\u0429\u0415\u041d\u0418\u0415<\/div>\n<div>\u0414\u043d\u043e : NBR, \u0447\u0435\u0440\u043d\u044b\u0439, \u0442\u043e\u043a\u043e\u043f\u0440\u043e\u0432\u043e\u0434\u044f\u0449\u0438\u0439<\/div>\n<div>\u0410\u0440\u043c\u0438\u0440\u043e\u0432\u0430\u043d\u0438\u0435 : \u0412\u044b\u0441\u043e\u043a\u043e\u043f\u0440\u043e\u0447\u043d\u0430\u044f \u043a\u043e\u0440\u0434\u043e\u0432\u0430\u044f \u0442\u043a\u0430\u043d\u044c, \u0441\u0442\u0430\u043b\u044c\u043d\u0430\u044f \u043f\u0440\u043e\u0432\u043e\u043b\u043e\u043a\u0430, \u0442\u043e\u043a\u043e\u043f\u0440\u043e\u0432\u043e\u0434\u044f\u0449\u0430\u044f \u043c\u0435\u0434\u043d\u0430\u044f \u043f\u0440\u043e\u0432\u043e\u043b\u043e\u043a\u0430<\/div>\n<div>\u0412\u0435\u0440\u0445\u043d\u0438\u0439 \u0441\u043b\u043e\u0439 CR, \u0447\u0435\u0440\u043d\u044b\u0439, \u0443\u0441\u0442\u043e\u0439\u0447\u0438\u0432 \u043a \u0438\u0441\u0442\u0438\u0440\u0430\u043d\u0438\u044e, \u043c\u0430\u0437\u0443\u0442\u0443 \u0438 \u043b\u044e\u0431\u044b\u043c \u043a\u043b\u0438\u043c\u0430\u0442\u0438\u0447\u0435\u0441\u043a\u0438\u043c \u0443\u0441\u043b\u043e\u0432\u0438\u044f\u043c<\/div>\n<div><\/div>\n<div>\n<div class=\"video video-fit mb\" style=\"padding-top:56.25%;\"><p><iframe loading=\"lazy\" title=\"\u041f\u0443\u0442\u0430\u043d\u0438\u0446\u0430 \u0432 \u0438\u0437\u043c\u0435\u0440\u0435\u043d\u0438\u044f\u0445 (\u0434\u044e\u0439\u043c\u044b, \u043f\u0430\u043b\u044c\u0446\u044b, \u0434\u044b\u043c\u043a\u0430, \u043c\u0438\u043b\u043b\u0438\u043c\u0435\u0442\u0440\u044b)\" width=\"1020\" height=\"574\" src=\"https:\/\/www.youtube.com\/embed\/uKk6AG_AZls?feature=oembed\" frameborder=\"0\" allow=\"accelerometer; autoplay; clipboard-write; encrypted-media; gyroscope; picture-in-picture; web-share\" referrerpolicy=\"strict-origin-when-cross-origin\" allowfullscreen><\/iframe><\/p>\n<\/div>\n<div class=\"video video-fit mb\" style=\"padding-top:56.25%;\"><p>https:\/\/www.youtube.com\/watch?v=O8ZlzKEjfEQ%20<\/p>\n<\/div>\n<\/div>","protected":false},"excerpt":{"rendered":"<p>Akaryak\u0131t Al\u0131c\u0131-Verici Hortum KULLANIM ALANLARI : Depolardan tankerlere her nevi akaryak\u0131t emme ve nakil i\u015flerinde ve rafineri \u00e7al\u0131\u015fmalar\u0131nda kullan\u0131lan hortumlard\u0131r. SERT\u0130F\u0130KALAR : Hortumlar TSE markal\u0131d\u0131r. TS3916 B T\u00dcR 1 KONTR\u00dcKS\u0130YON Alt : NBR, siyah, iletken Takviye : Y\u00fcksek mukavemetli kord bezi, \u00e7elik tel, iletken bak\u0131r tel \u00dcst CR, siyah, a\u015f\u0131nmaya, akaryak\u0131ta ve her t\u00fcrl\u00fc iklim [&#8230;]\n","protected":false},"featured_media":1678,"comment_status":"open","ping_status":"closed","template":"","meta":{"jetpack_post_was_ever_published":false},"product_brand":[],"product_cat":[152],"product_tag":[231,232,234,233,241,236,237,242,235],"class_list":{"0":"post-719","1":"product","2":"type-product","3":"status-publish","4":"has-post-thumbnail","6":"product_cat-akaryakit-hortumlari","7":"product_tag-akaryakit-alici-hortum","8":"product_tag-akaryakit-alici-verici-hortum","9":"product_tag-akaryakit-basma","10":"product_tag-akaryakit-emme","11":"product_tag-akaryakit-hortumu","12":"product_tag-akaryakit-nakil-hortumu","13":"product_tag-akaryakit-transfer-hortumu","14":"product_tag-akaryakit-verici-hortum","15":"product_tag-rafineri-hortumu","17":"first","18":"instock","19":"taxable","20":"shipping-taxable","21":"product-type-variable"},"jetpack-related-posts":[],"jetpack_sharing_enabled":true,"jetpack_likes_enabled":true,"_links":{"self":[{"href":"https:\/\/tuzlahortum.com.tr\/ru\/wp-json\/wp\/v2\/product\/719","targetHints":{"allow":["GET"]}}],"collection":[{"href":"https:\/\/tuzlahortum.com.tr\/ru\/wp-json\/wp\/v2\/product"}],"about":[{"href":"https:\/\/tuzlahortum.com.tr\/ru\/wp-json\/wp\/v2\/types\/product"}],"replies":[{"embeddable":true,"href":"https:\/\/tuzlahortum.com.tr\/ru\/wp-json\/wp\/v2\/comments?post=719"}],"wp:featuredmedia":[{"embeddable":true,"href":"https:\/\/tuzlahortum.com.tr\/ru\/wp-json\/wp\/v2\/media\/1678"}],"wp:attachment":[{"href":"https:\/\/tuzlahortum.com.tr\/ru\/wp-json\/wp\/v2\/media?parent=719"}],"wp:term":[{"taxonomy":"product_brand","embeddable":true,"href":"https:\/\/tuzlahortum.com.tr\/ru\/wp-json\/wp\/v2\/product_brand?post=719"},{"taxonomy":"product_cat","embeddable":true,"href":"https:\/\/tuzlahortum.com.tr\/ru\/wp-json\/wp\/v2\/product_cat?post=719"},{"taxonomy":"product_tag","embeddable":true,"href":"https:\/\/tuzlahortum.com.tr\/ru\/wp-json\/wp\/v2\/product_tag?post=719"}],"curies":[{"name":"wp","href":"https:\/\/api.w.org\/{rel}","templated":true}]}}