{"id":715,"date":"2019-02-06T23:52:53","date_gmt":"2019-02-06T20:52:53","guid":{"rendered":"http:\/\/hortum.com.tr\/product\/import-placeholder-for-70\/"},"modified":"2024-03-21T17:43:35","modified_gmt":"2024-03-21T14:43:35","slug":"oksijen-ve-asetilen-hortumlari","status":"publish","type":"product","link":"https:\/\/tuzlahortum.com.tr\/ru\/product\/oksijen-ve-asetilen-hortumlari\/","title":{"rendered":"\u041a\u0438\u0441\u043b\u043e\u0440\u043e\u0434\u043d\u044b\u0435 \u0438 \u0430\u0446\u0435\u0442\u0438\u043b\u0435\u043d\u043e\u0432\u044b\u0435 \u0448\u043b\u0430\u043d\u0433\u0438"},"content":{"rendered":"<h2>\u041a\u0438\u0441\u043b\u043e\u0440\u043e\u0434\u043d\u044b\u0435 \u0438 \u0430\u0446\u0435\u0442\u0438\u043b\u0435\u043d\u043e\u0432\u044b\u0435 \u0448\u043b\u0430\u043d\u0433\u0438<\/h2>\n<div>\u041e\u0411\u041b\u0410\u0421\u0422\u0418 \u041f\u0420\u0418\u041c\u0415\u041d\u0415\u041d\u0418\u042f: \u0412\u043e \u0432\u0441\u0435\u0445 \u0441\u0444\u0435\u0440\u0430\u0445 \u043f\u0440\u0438\u043c\u0435\u043d\u0435\u043d\u0438\u044f, \u0433\u0434\u0435 \u0438\u0441\u043f\u043e\u043b\u044c\u0437\u0443\u044e\u0442\u0441\u044f \u0438\u0441\u0442\u043e\u0447\u043d\u0438\u043a\u0438 \u043a\u0438\u0441\u043b\u043e\u0440\u043e\u0434\u0430 \u0438 \u0430\u0446\u0435\u0442\u0438\u043b\u0435\u043d\u0430, \u043d\u0430\u043f\u0440\u0438\u043c\u0435\u0440, \u0432 \u043f\u0440\u043e\u043c\u044b\u0448\u043b\u0435\u043d\u043d\u043e\u0441\u0442\u0438, \u043d\u0430 \u0432\u0435\u0440\u0444\u044f\u0445 \u0438 \u0432 \u0441\u0442\u0440\u043e\u0438\u0442\u0435\u043b\u044c\u0441\u0442\u0432\u0435.<\/div>\n<div><\/div>\n<div>\u0421\u0415\u0420\u0422\u0418\u0424\u0418\u041a\u0410\u0422\u042b: \u0428\u043b\u0430\u043d\u0433\u0438 \u0438\u043c\u0435\u044e\u0442 \u043c\u0430\u0440\u043a\u0438\u0440\u043e\u0432\u043a\u0443 TSE. \u0422\u0421 2411 \u0415\u041d 559<\/div>\n<div><\/div>\n<div>\u0421\u041e\u041a\u0420\u0410\u0429\u0415\u041d\u0418\u0415<\/div>\n<div>\u0412\u043d\u0438\u0437\u0443: \u0441\u043c\u0435\u0441\u044c \u0441\u0438\u043d\u0442\u0435\u0442\u0438\u0447\u0435\u0441\u043a\u0438\u0445 \u0430\u043b\u044c\u0441\u0442\u043e\u043c\u0435\u0440\u043e\u0432, \u0447\u0435\u0440\u043d\u0430\u044f, \u0433\u043b\u0430\u0434\u043a\u0430\u044f.<\/div>\n<div>\u0423\u0441\u0438\u043b\u0435\u043d\u0438\u0435: \u0442\u0435\u043a\u0441\u0442\u0438\u043b\u044c\u043d\u0430\u044f \u0441\u0435\u0442\u043a\u0430 \u043c\u0435\u0436\u0434\u0443 \u0441\u043b\u043e\u044f\u043c\u0438.<\/div>\n<div>\u0412\u0432\u0435\u0440\u0445 \u0421\u043c\u0435\u0441\u044c \u044d\u043b\u0430\u0441\u0442\u043e\u043c\u0435\u0440\u043e\u0432, \u0443\u0441\u0442\u043e\u0439\u0447\u0438\u0432\u0430\u044f \u043a \u0438\u0441\u0442\u0438\u0440\u0430\u043d\u0438\u044e \u0438 \u043a\u043b\u0438\u043c\u0430\u0442\u0438\u0447\u0435\u0441\u043a\u0438\u043c \u0432\u043e\u0437\u0434\u0435\u0439\u0441\u0442\u0432\u0438\u044f\u043c: \u0441\u0438\u043d\u0438\u0439 \u0434\u043b\u044f \u043a\u0438\u0441\u043b\u043e\u0440\u043e\u0434\u0430, \u043a\u0440\u0430\u0441\u043d\u044b\u0439 \u0434\u043b\u044f \u0430\u0446\u0435\u0442\u0438\u043b\u0435\u043d\u0430, \u043e\u0433\u043d\u0435\u0441\u0442\u043e\u0439\u043a\u0438\u0439<\/div>\n<div><\/div>\n<div><div class=\"video video-fit mb\" style=\"padding-top:56.25%;\"><p><iframe loading=\"lazy\" title=\"\u041f\u0443\u0442\u0430\u043d\u0438\u0446\u0430 \u0432 \u0438\u0437\u043c\u0435\u0440\u0435\u043d\u0438\u044f\u0445 (\u0434\u044e\u0439\u043c\u044b, \u043f\u0430\u043b\u044c\u0446\u044b, \u0434\u044b\u043c\u043a\u0430, \u043c\u0438\u043b\u043b\u0438\u043c\u0435\u0442\u0440\u044b)\" width=\"1020\" height=\"574\" src=\"https:\/\/www.youtube.com\/embed\/uKk6AG_AZls?feature=oembed\" frameborder=\"0\" allow=\"accelerometer; autoplay; clipboard-write; encrypted-media; gyroscope; picture-in-picture; web-share\" referrerpolicy=\"strict-origin-when-cross-origin\" allowfullscreen><\/iframe><\/p>\n<\/div><\/div>\n<div><\/div>\n<div><\/div>","protected":false},"excerpt":{"rendered":"<p>Oksijen ve Asetilen Hortumlar\u0131 KULLANIM ALANLARI : End\u00fcstri, tersane, in\u015faat alanlar\u0131 gibi oksijen ve asetilen kayna\u011f\u0131 kullan\u0131lan tum uygulamalarda SERT\u0130F\u0130KALAR : Hortumlar TSE markal\u0131d\u0131r. TS 2411 EN 559 KONTR\u00dcKS\u0130YON Alt : Sentetik alstomer kar\u0131\u015f\u0131m\u0131, siyah, p\u00fcr\u00fczs\u00fcz Takviye : Katlar aras\u0131nda tekstil \u00f6rg\u00fc \u00dcst S\u00fcrt\u00fcnmeye ve iklim \u015fartlar\u0131na dayan\u0131kl\u0131 elastomer kar\u0131\u015f\u0131m\u0131 oksjen i\u00e7in mavi, asetilen i\u00e7in [&#8230;]\n","protected":false},"featured_media":1700,"comment_status":"open","ping_status":"closed","template":"","meta":{"jetpack_post_was_ever_published":false},"product_brand":[],"product_cat":[159],"product_tag":[776,777,784,775,783,782,781,780,778,779],"class_list":{"0":"post-715","1":"product","2":"type-product","3":"status-publish","4":"has-post-thumbnail","6":"product_cat-kaynak-hortumlari","7":"product_tag-kaynak-hortumlari","8":"product_tag-kaynak-hortumu","9":"product_tag-kesme-hortumu","10":"product_tag-oksijen-ve-asetilen-hortumlari","11":"product_tag-salama-hortumu","12":"product_tag-ts-2411-en-559","13":"product_tag-ts-en-559","14":"product_tag-yanmaz-asetilen-hortumu","15":"product_tag-yanmaz-kaynak-hortumu","16":"product_tag-yanmaz-oksijen-hortumu","18":"first","19":"instock","20":"taxable","21":"shipping-taxable","22":"product-type-variable"},"jetpack-related-posts":[{"id":936,"url":"https:\/\/tuzlahortum.com.tr\/ru\/product\/thermo-ciftli-oksijen-hortumu\/","url_meta":{"origin":715,"position":0},"title":"\u0422\u0435\u0440\u043c\u043e \u0434\u0432\u043e\u0439\u043d\u043e\u0439 \u043a\u0438\u0441\u043b\u043e\u0440\u043e\u0434\u043d\u044b\u0439 \u0448\u043b\u0430\u043d\u0433","author":"admin","date":"6 \u0444\u0435\u0432\u0440\u0430\u043b\u044f 2019","format":false,"excerpt":"Thermo \u00c7iftli Oksijen Hortumu OKS\u0130JEN VE ASET\u0130LEN KAYNAK Alt Kat : OKS\u0130JEN VE ASET\u0130LENE DAYANIKLI \u00d6ZEL, S\u0130YAH D\u00dcZ SENTET\u0130K KAU\u00c7UK. Takviye : Y\u00dcKSEK MUKAVEMETL\u0130 SENTET\u0130K TEKST\u0130L. \u00dcst Kat : ALEVE, A\u015eINMAYA VE HER T\u00dcRL\u00dc HAVA \u015eARTLARINA SAYANIKLI \u00d6ZEL SENTET\u0130K KAU\u00c7UK. OKS\u0130JEN \u0130\u00c7\u0130N MAV\u0130, ASET\u0130LEN \u0130\u00c7\u0130N KIRMIZI RENKLERDE. Kullan\u0131m Yeri :\u2026","rel":"","context":"\u041f\u043e\u0445\u043e\u0436\u0430\u044f \u0437\u0430\u043f\u0438\u0441\u044c","block_context":{"text":"\u041f\u043e\u0445\u043e\u0436\u0430\u044f \u0437\u0430\u043f\u0438\u0441\u044c","link":""},"img":{"alt_text":"","src":"https:\/\/i0.wp.com\/tuzlahortum.com.tr\/wp-content\/uploads\/urunler\/plastik\/Sel-Jupiter-Oksijen-Kaynak-Hortumu-C%CC%A7iftli-8-mm.jpg?fit=600%2C600&ssl=1&resize=350%2C200","width":350,"height":200,"srcset":"https:\/\/i0.wp.com\/tuzlahortum.com.tr\/wp-content\/uploads\/urunler\/plastik\/Sel-Jupiter-Oksijen-Kaynak-Hortumu-C%CC%A7iftli-8-mm.jpg?fit=600%2C600&ssl=1&resize=350%2C200 1x, https:\/\/i0.wp.com\/tuzlahortum.com.tr\/wp-content\/uploads\/urunler\/plastik\/Sel-Jupiter-Oksijen-Kaynak-Hortumu-C%CC%A7iftli-8-mm.jpg?fit=600%2C600&ssl=1&resize=525%2C300 1.5x"},"classes":[]},{"id":22031,"url":"https:\/\/tuzlahortum.com.tr\/ru\/product\/java\/","url_meta":{"origin":715,"position":1},"title":"JAVA","author":"admin","date":"11 \u0430\u0432\u0433\u0443\u0441\u0442\u0430 2025","format":false,"excerpt":"\u00a0 \u00dcr\u00fcn Ad\u0131: JAVA \u00dcr\u00fcn Kodu: TBK61 Kaynak (Oksijen - Asetilen) Kullanim Alan\u0131 : Oksijen veya asetilen ile end\u00fcstriyel kaynak i\u00e7in. Alt Katman : Oksijen ve Asetilen Gazlar\u0131na Dayan\u0131kl\u0131 Siyah D\u00fcz \u00d6zel Termorub Bile\u015fi\u011fi. Takviye Katman\u0131 : Y\u00fcksek Mukavemetli Sentetik Tekstil. \u00dcst Katman : A\u015f\u0131nmaya, Hava Ko\u015fullar\u0131na ve Aleve Dayan\u0131kl\u0131,\u2026","rel":"","context":"\u041f\u043e\u0445\u043e\u0436\u0430\u044f \u0437\u0430\u043f\u0438\u0441\u044c","block_context":{"text":"\u041f\u043e\u0445\u043e\u0436\u0430\u044f \u0437\u0430\u043f\u0438\u0441\u044c","link":""},"img":{"alt_text":"","src":"https:\/\/i0.wp.com\/tuzlahortum.com.tr\/wp-content\/uploads\/2025\/08\/PVC_103.png?fit=445%2C445&ssl=1&resize=350%2C200","width":350,"height":200},"classes":[]},{"id":22034,"url":"https:\/\/tuzlahortum.com.tr\/ru\/product\/java-twin\/","url_meta":{"origin":715,"position":2},"title":"JAVA TWIN","author":"admin","date":"11 \u0430\u0432\u0433\u0443\u0441\u0442\u0430 2025","format":false,"excerpt":"\u00a0 \u00dcr\u00fcn Ad\u0131: JAVA TWIN \u00dcr\u00fcn Kodu: TBK62 \u0130kiz Kaynak Hortumu (Oksijen veya Asetilen) Kullanim Alan\u0131 : Oksijen veya Asetilen ile End\u00fcstriyel Kaynak \u0130\u00e7in Alt Katman : Oksijen ve Asetilen Gazlar\u0131na Dayan\u0131kl\u0131 Siyah D\u00fcz \u00d6zel Termorub Bile\u015fi\u011fi. Takviye Katman\u0131 : Y\u00fcksek Mukavemetli Sentetik Tekstil. \u00dcst Katman : A\u015f\u0131nmaya, Hava Ko\u015fullar\u0131na\u2026","rel":"","context":"\u041f\u043e\u0445\u043e\u0436\u0430\u044f \u0437\u0430\u043f\u0438\u0441\u044c","block_context":{"text":"\u041f\u043e\u0445\u043e\u0436\u0430\u044f \u0437\u0430\u043f\u0438\u0441\u044c","link":""},"img":{"alt_text":"","src":"https:\/\/i0.wp.com\/tuzlahortum.com.tr\/wp-content\/uploads\/2025\/08\/PVC_104.png?fit=442%2C442&ssl=1&resize=350%2C200","width":350,"height":200},"classes":[]},{"id":21326,"url":"https:\/\/tuzlahortum.com.tr\/ru\/product\/jupiter-en-559\/","url_meta":{"origin":715,"position":3},"title":"JUPITER-EN 559","author":"admin","date":"11 \u0430\u0432\u0433\u0443\u0441\u0442\u0430 2025","format":false,"excerpt":"\u00a0 \u00dcr\u00fcn Ad\u0131: JUPITER-EN 559 \u00dcr\u00fcn Kodu: WH210 Kaynak (Oksijen - Asetilen) Kullanim Alan\u0131 : Oksijen veya asetilen ile end\u00fcstriyel kaynak i\u00e7in. Alt Katman : Oksijen ve Asetilene Dayan\u0131kl\u0131 Siyah D\u00fcz Sentetik Kau\u00e7uk. Takviye Katman\u0131 : Y\u00fcksek Mukavemetli Sentetik Tekstil. \u00dcst Katman : A\u015f\u0131nmaya, Hava ve Alev Ko\u015fullar\u0131na Dayan\u0131kl\u0131 \u00d6zel\u2026","rel":"","context":"\u041f\u043e\u0445\u043e\u0436\u0430\u044f \u0437\u0430\u043f\u0438\u0441\u044c","block_context":{"text":"\u041f\u043e\u0445\u043e\u0436\u0430\u044f \u0437\u0430\u043f\u0438\u0441\u044c","link":""},"img":{"alt_text":"","src":"https:\/\/i0.wp.com\/tuzlahortum.com.tr\/wp-content\/uploads\/2026\/04\/jupiter559_generated-e1775540920314.jpg?fit=512%2C512&ssl=1&resize=350%2C200","width":350,"height":200},"classes":[]},{"id":21332,"url":"https:\/\/tuzlahortum.com.tr\/ru\/product\/jupiter-astm-c-542\/","url_meta":{"origin":715,"position":4},"title":"\u042e\u041f\u0418\u0422\u0415\u0420-\u0410\u0421\u0422\u041c C 542","author":"admin","date":"11 \u0430\u0432\u0433\u0443\u0441\u0442\u0430 2025","format":false,"excerpt":"\u00a0 \u00dcr\u00fcn Ad\u0131: JUPITER-ASTM C 542 \u00dcr\u00fcn Kodu: WHB211 Kaynak (Oksijen - Asetilen) Kullanim Alan\u0131 : Oksijen veya asetilen ile end\u00fcstriyel kaynak i\u00e7in. Alt Katman : Oksijen ve Asetilene Dayan\u0131kl\u0131 Siyah D\u00fcz Sentetik Kau\u00e7uk. Takviye Katman\u0131 : Y\u00fcksek Mukavemetli Sentetik Tekstil. \u00dcst Katman : A\u015f\u0131nmaya, Hava ve Alev Ko\u015fullar\u0131na Dayan\u0131kl\u0131\u2026","rel":"","context":"\u041f\u043e\u0445\u043e\u0436\u0430\u044f \u0437\u0430\u043f\u0438\u0441\u044c","block_context":{"text":"\u041f\u043e\u0445\u043e\u0436\u0430\u044f \u0437\u0430\u043f\u0438\u0441\u044c","link":""},"img":{"alt_text":"","src":"https:\/\/i0.wp.com\/tuzlahortum.com.tr\/wp-content\/uploads\/2025\/08\/jupiterastmc542-p.png?fit=519%2C519&ssl=1&resize=350%2C200","width":350,"height":200},"classes":[]},{"id":21329,"url":"https:\/\/tuzlahortum.com.tr\/ru\/product\/jupiter-twin-en-559\/","url_meta":{"origin":715,"position":5},"title":"\u042e\u041f\u0418\u0422\u0415\u0420 \u0422\u0412\u0418\u041d-\u042d\u041d 559","author":"admin","date":"11 \u0430\u0432\u0433\u0443\u0441\u0442\u0430 2025","format":false,"excerpt":"\u00a0 \u00dcr\u00fcn Ad\u0131: JUPITER TWIN-EN 559 \u00dcr\u00fcn Kodu: TWH210 Kaynak (Oksijen - Asetilen) Kullanim Alan\u0131 : Oksijen veya asetilen ile end\u00fcstriyel kaynak i\u00e7in. Alt Katman : Oksijen ve asetilene dayan\u0131kl\u0131 siyah p\u00fcr\u00fczs\u00fcz sentetik kau\u00e7uk. Takviye Katman\u0131 : Y\u00fcksek Mukavemetli Sentetik Tekstil. \u00dcst Katman : A\u015f\u0131nmaya, Hava ve Alev Ko\u015fullar\u0131na Dayan\u0131kl\u0131\u2026","rel":"","context":"\u041f\u043e\u0445\u043e\u0436\u0430\u044f \u0437\u0430\u043f\u0438\u0441\u044c","block_context":{"text":"\u041f\u043e\u0445\u043e\u0436\u0430\u044f \u0437\u0430\u043f\u0438\u0441\u044c","link":""},"img":{"alt_text":"","src":"https:\/\/i0.wp.com\/tuzlahortum.com.tr\/wp-content\/uploads\/2026\/04\/jupiter559twin_generated-e1775550445939.png?fit=512%2C512&ssl=1&resize=350%2C200","width":350,"height":200},"classes":[]}],"jetpack_sharing_enabled":true,"jetpack_likes_enabled":true,"_links":{"self":[{"href":"https:\/\/tuzlahortum.com.tr\/ru\/wp-json\/wp\/v2\/product\/715","targetHints":{"allow":["GET"]}}],"collection":[{"href":"https:\/\/tuzlahortum.com.tr\/ru\/wp-json\/wp\/v2\/product"}],"about":[{"href":"https:\/\/tuzlahortum.com.tr\/ru\/wp-json\/wp\/v2\/types\/product"}],"replies":[{"embeddable":true,"href":"https:\/\/tuzlahortum.com.tr\/ru\/wp-json\/wp\/v2\/comments?post=715"}],"wp:featuredmedia":[{"embeddable":true,"href":"https:\/\/tuzlahortum.com.tr\/ru\/wp-json\/wp\/v2\/media\/1700"}],"wp:attachment":[{"href":"https:\/\/tuzlahortum.com.tr\/ru\/wp-json\/wp\/v2\/media?parent=715"}],"wp:term":[{"taxonomy":"product_brand","embeddable":true,"href":"https:\/\/tuzlahortum.com.tr\/ru\/wp-json\/wp\/v2\/product_brand?post=715"},{"taxonomy":"product_cat","embeddable":true,"href":"https:\/\/tuzlahortum.com.tr\/ru\/wp-json\/wp\/v2\/product_cat?post=715"},{"taxonomy":"product_tag","embeddable":true,"href":"https:\/\/tuzlahortum.com.tr\/ru\/wp-json\/wp\/v2\/product_tag?post=715"}],"curies":[{"name":"wp","href":"https:\/\/api.w.org\/{rel}","templated":true}]}}