{"id":714,"date":"2019-02-06T23:52:53","date_gmt":"2019-02-06T20:52:53","guid":{"rendered":"http:\/\/hortum.com.tr\/product\/import-placeholder-for-69\/"},"modified":"2024-03-21T17:43:35","modified_gmt":"2024-03-21T14:43:35","slug":"lpg-hortumlari","status":"publish","type":"product","link":"https:\/\/tuzlahortum.com.tr\/ru\/product\/lpg-hortumlari\/","title":{"rendered":"\u0428\u043b\u0430\u043d\u0433\u0438 \u0434\u043b\u044f \u0441\u0436\u0438\u0436\u0435\u043d\u043d\u043e\u0433\u043e \u043d\u0435\u0444\u0442\u044f\u043d\u043e\u0433\u043e \u0433\u0430\u0437\u0430"},"content":{"rendered":"<h2>\u0428\u043b\u0430\u043d\u0433\u0438 \u0434\u043b\u044f \u0441\u0436\u0438\u0436\u0435\u043d\u043d\u043e\u0433\u043e \u043d\u0435\u0444\u0442\u044f\u043d\u043e\u0433\u043e \u0433\u0430\u0437\u0430<\/h2>\n<div>\u041e\u0411\u041b\u0410\u0421\u0422\u0418 \u041f\u0420\u0418\u041c\u0415\u041d\u0415\u041d\u0418\u042f : L.P.G. \u0432 \u0442\u0440\u0430\u043d\u0441\u043f\u043e\u0440\u0442\u043d\u044b\u0445 \u0438 \u044d\u0432\u0430\u043a\u0443\u0430\u0446\u0438\u043e\u043d\u043d\u044b\u0445 \u0441\u0438\u0441\u0442\u0435\u043c\u0430\u0445<\/div>\n<div><\/div>\n<div>\u0421\u041e\u041a\u0420\u0410\u0429\u0415\u041d\u0418\u0415<\/div>\n<div>\u0414\u043d\u043e: \u0421\u0438\u043d\u0442\u0435\u0442\u0438\u0447\u0435\u0441\u043a\u0438\u0439 \u043d\u0438\u0442\u0440\u0438\u043b\u043e\u0432\u044b\u0439 \u043a\u0430\u0443\u0447\u0443\u043a, \u0447\u0435\u0440\u043d\u044b\u0439<\/div>\n<div>\u0410\u0440\u043c\u0438\u0440\u043e\u0432\u0430\u043d\u0438\u0435 : \u0412\u044b\u0441\u043e\u043a\u043e\u043f\u0440\u043e\u0447\u043d\u0430\u044f \u0441\u0438\u043d\u0442\u0435\u0442\u0438\u0447\u0435\u0441\u043a\u0430\u044f \u0441\u0435\u0442\u043a\u0430<\/div>\n<div>\u0412\u0435\u0440\u0445\u043d\u044f\u044f \u0447\u0430\u0441\u0442\u044c \u0438\u0437 CR\/NBR\/PVC, \u043e\u0440\u0430\u043d\u0436\u0435\u0432\u0430\u044f, \u043f\u0440\u043e\u0447\u043d\u0430\u044f, \u0443\u0441\u0442\u043e\u0439\u0447\u0438\u0432\u0430\u044f \u043a \u0442\u0440\u0435\u043d\u0438\u044e \u0438 \u043a\u043b\u0438\u043c\u0430\u0442\u0438\u0447\u0435\u0441\u043a\u0438\u043c \u0443\u0441\u043b\u043e\u0432\u0438\u044f\u043c, \u0441 \u043a\u0430\u043f\u0438\u043b\u043b\u044f\u0440\u043d\u044b\u043c\u0438 \u043e\u0442\u0432\u0435\u0440\u0441\u0442\u0438\u044f\u043c\u0438<\/div>\n<div><\/div>\n<div><div class=\"video video-fit mb\" style=\"padding-top:56.25%;\"><p><iframe loading=\"lazy\" title=\"\u041f\u0443\u0442\u0430\u043d\u0438\u0446\u0430 \u0432 \u0438\u0437\u043c\u0435\u0440\u0435\u043d\u0438\u044f\u0445 (\u0434\u044e\u0439\u043c\u044b, \u043f\u0430\u043b\u044c\u0446\u044b, \u0434\u044b\u043c\u043a\u0430, \u043c\u0438\u043b\u043b\u0438\u043c\u0435\u0442\u0440\u044b)\" width=\"1020\" height=\"574\" src=\"https:\/\/www.youtube.com\/embed\/uKk6AG_AZls?feature=oembed\" frameborder=\"0\" allow=\"accelerometer; autoplay; clipboard-write; encrypted-media; gyroscope; picture-in-picture; web-share\" referrerpolicy=\"strict-origin-when-cross-origin\" allowfullscreen><\/iframe><\/p>\n<\/div><\/div>","protected":false},"excerpt":{"rendered":"<p>LPG Hortumlar\u0131 KULLANIM ALANLARI : L.P.G. nakil ve tahliye uygulamalar\u0131nda KONTR\u00dcKS\u0130YON Alt : Sentetik nitril kau\u00e7uk, siyah Takviye : Y\u00fcksek mukavemetli sentetik \u00f6rg\u00fc \u00dcst CR\/NBR\/PVC, turuncu, sa\u011flam, s\u00fcrt\u00fcnmeye ve iklim \u015fartlar\u0131na dayan\u0131kl\u0131, k\u0131lcal delikli<\/p>","protected":false},"featured_media":1673,"comment_status":"open","ping_status":"closed","template":"","meta":{"jetpack_post_was_ever_published":false},"product_brand":[],"product_cat":[159],"product_tag":[770,773,774,769,771,772],"class_list":{"0":"post-714","1":"product","2":"type-product","3":"status-publish","4":"has-post-thumbnail","6":"product_cat-kaynak-hortumlari","7":"product_tag-l-p-g-hortumlari","8":"product_tag-l-p-g-nakil-uygulamalarinda","9":"product_tag-l-p-g-tahliye-uygulamalarinda","10":"product_tag-lpg-hortumlari","11":"product_tag-lpg-nakil-uygulamalarinda","12":"product_tag-lpg-tahliye-uygulamalarinda","14":"first","15":"instock","16":"taxable","17":"shipping-taxable","18":"product-type-variable"},"jetpack-related-posts":[{"id":21584,"url":"https:\/\/tuzlahortum.com.tr\/ru\/product\/lpg-d\/","url_meta":{"origin":714,"position":0},"title":"LPG - D","author":"admin","date":"11 \u0430\u0432\u0433\u0443\u0441\u0442\u0430 2025","format":false,"excerpt":"\u00a0 \u00dcr\u00fcn Ad\u0131: LPG - D \u00dcr\u00fcn Kodu: LPGD 278\/27D LPG Bo\u015faltma - \u03a9 EN 1762 Kullanim Alan\u0131 : Teslimat veya LPG i\u00e7in Alt Katman : LPG'ye Dayan\u0131kl\u0131, \u0130letken Siyah NBR Kau\u00e7uk. Takviye Katman\u0131 : Y\u00fcksek Mukavemetli Sentetik Tekstil. \u00dcst Katman : Ozona, hava ko\u015fullar\u0131na, \u0131s\u0131ya, aleve ve ya\u011fa dayan\u0131kl\u0131,\u2026","rel":"","context":"\u041f\u043e\u0445\u043e\u0436\u0430\u044f \u0437\u0430\u043f\u0438\u0441\u044c","block_context":{"text":"\u041f\u043e\u0445\u043e\u0436\u0430\u044f \u0437\u0430\u043f\u0438\u0441\u044c","link":""},"img":{"alt_text":"","src":"https:\/\/i0.wp.com\/tuzlahortum.com.tr\/wp-content\/uploads\/2025\/08\/lpgd-p.png?fit=528%2C528&ssl=1&resize=350%2C200","width":350,"height":200,"srcset":"https:\/\/i0.wp.com\/tuzlahortum.com.tr\/wp-content\/uploads\/2025\/08\/lpgd-p.png?fit=528%2C528&ssl=1&resize=350%2C200 1x, https:\/\/i0.wp.com\/tuzlahortum.com.tr\/wp-content\/uploads\/2025\/08\/lpgd-p.png?fit=528%2C528&ssl=1&resize=525%2C300 1.5x"},"classes":[]},{"id":21587,"url":"https:\/\/tuzlahortum.com.tr\/ru\/product\/lpg-sd\/","url_meta":{"origin":714,"position":1},"title":"LPG - SD","author":"admin","date":"11 \u0430\u0432\u0433\u0443\u0441\u0442\u0430 2025","format":false,"excerpt":"\u00a0 \u00dcr\u00fcn Ad\u0131: LPG - SD \u00dcr\u00fcn Kodu: LPGSD 279\/27S LPG Al\u0131c\u0131\/Verici - \u03a9 EN 1762 Kullanim Alan\u0131 : LPG'nin Emme ve Transferi \u0130\u00e7in Alt Katman : LPG'ye Dayan\u0131kl\u0131, \u0130letken, Siyah NBR Kau\u00e7uk Takviye Katman\u0131 : Y\u00fcksek Mukavemetli Sentetik Tekstil, \u00c7elik Tel Spiral \u00dcst Katman : Ozona, hava ko\u015fullar\u0131na, \u0131s\u0131ya,\u2026","rel":"","context":"\u041f\u043e\u0445\u043e\u0436\u0430\u044f \u0437\u0430\u043f\u0438\u0441\u044c","block_context":{"text":"\u041f\u043e\u0445\u043e\u0436\u0430\u044f \u0437\u0430\u043f\u0438\u0441\u044c","link":""},"img":{"alt_text":"","src":"https:\/\/i0.wp.com\/tuzlahortum.com.tr\/wp-content\/uploads\/2025\/08\/lpgsd-p.png?fit=514%2C514&ssl=1&resize=350%2C200","width":350,"height":200},"classes":[]},{"id":21335,"url":"https:\/\/tuzlahortum.com.tr\/ru\/product\/uranus\/","url_meta":{"origin":714,"position":2},"title":"\u0423\u0420\u0410\u041d\u0423\u0421","author":"admin","date":"11 \u0430\u0432\u0433\u0443\u0441\u0442\u0430 2025","format":false,"excerpt":"\u00a0 \u00dcr\u00fcn Ad\u0131: URANUS \u00dcr\u00fcn Kodu: LPGW270 LPG Kaynak Kullanim Alan\u0131 : LPG ile Kaynak \u0130\u00e7in. Alt Katman : Siyah LPG ve Propan Dayan\u0131kl\u0131 \u00d6zel Sentetik Kau\u00e7uk. Takviye Katman\u0131 : Y\u00fcksek Mukavemetli Sentetik Tekstil. \u00dcst Katman : A\u015f\u0131nmaya, Alev, Oksijen, Hava ve Ya\u011fa Dayan\u0131kl\u0131 \u00d6zel Sentetik Kau\u00e7uk. -30\u00b0C \/ +80\u00b0C\u2026","rel":"","context":"\u041f\u043e\u0445\u043e\u0436\u0430\u044f \u0437\u0430\u043f\u0438\u0441\u044c","block_context":{"text":"\u041f\u043e\u0445\u043e\u0436\u0430\u044f \u0437\u0430\u043f\u0438\u0441\u044c","link":""},"img":{"alt_text":"","src":"https:\/\/i0.wp.com\/tuzlahortum.com.tr\/wp-content\/uploads\/2025\/08\/uranus-p.png?fit=523%2C523&ssl=1&resize=350%2C200","width":350,"height":200},"classes":[]},{"id":22624,"url":"https:\/\/tuzlahortum.com.tr\/ru\/product\/tupgaz-cc\/","url_meta":{"origin":714,"position":3},"title":"\u0426\u041a \u0422\u0423\u041f\u0413\u0410\u0417","author":"admin","date":"11 \u0430\u0432\u0433\u0443\u0441\u0442\u0430 2025","format":false,"excerpt":"\u00a0 \u00dcr\u00fcn Ad\u0131: TUPGAZ CC \u00dcr\u00fcn Kodu: TBT82 LPG, B\u00fctan\/Propan Hortumu Kullanim Alan\u0131 : Evsel uygulamalarda LPG, b\u00fctan\/propandan iletmek i\u00e7in. Alt Katman : LPG, B\u00fctan\/Propana Dayan\u0131kl\u0131 \u00d6zel PVC Bile\u015fi\u011fi. Takviye Katman\u0131 : Y\u00fcksek Mukavemetli Sentetik Tekstil. \u00dcst Katman : A\u015f\u0131nmaya ve Hava Ko\u015fullar\u0131na Dayan\u0131kl\u0131 \u00d6zel PVC Bile\u015fimi. -30\u00b0C \/ +70\u00b0C\u2026","rel":"","context":"\u041f\u043e\u0445\u043e\u0436\u0430\u044f \u0437\u0430\u043f\u0438\u0441\u044c","block_context":{"text":"\u041f\u043e\u0445\u043e\u0436\u0430\u044f \u0437\u0430\u043f\u0438\u0441\u044c","link":""},"img":{"alt_text":"","src":"https:\/\/i0.wp.com\/tuzlahortum.com.tr\/wp-content\/uploads\/2025\/08\/PVC_108.png?fit=446%2C446&ssl=1&resize=350%2C200","width":350,"height":200},"classes":[]},{"id":21593,"url":"https:\/\/tuzlahortum.com.tr\/ru\/product\/spectra-ece-r-67\/","url_meta":{"origin":714,"position":4},"title":"SPECTRA ECE R 67","author":"admin","date":"11 \u0430\u0432\u0433\u0443\u0441\u0442\u0430 2025","format":false,"excerpt":"\u00a0 \u00dcr\u00fcn Ad\u0131: SPECTRA ECE R 67 \u00dcr\u00fcn Kodu: SECEH285 Kau\u00e7uk Hortum Otogaz ECE R 67 Kullanim Alan\u0131 : Otomotiv sistemlerinde LPG tahliyesi i\u00e7in. Alt Katman : LPG'ye Dayan\u0131kl\u0131 \u00d6zel P\u00fcr\u00fczs\u00fcz, Sentetik Kau\u00e7uk. (D\u00fc\u015f\u00fck Ge\u00e7irgenlik) Takviye Katman\u0131 : Y\u00fcksek Mukavemetli Sentetik Tekstil. \u00dcst Katman : Is\u0131, A\u015f\u0131nmaya, Oksijene ve Hava\u2026","rel":"","context":"\u041f\u043e\u0445\u043e\u0436\u0430\u044f \u0437\u0430\u043f\u0438\u0441\u044c","block_context":{"text":"\u041f\u043e\u0445\u043e\u0436\u0430\u044f \u0437\u0430\u043f\u0438\u0441\u044c","link":""},"img":{"alt_text":"","src":"https:\/\/i0.wp.com\/tuzlahortum.com.tr\/wp-content\/uploads\/2025\/08\/spectralpg-p.png?fit=543%2C543&ssl=1&resize=350%2C200","width":350,"height":200,"srcset":"https:\/\/i0.wp.com\/tuzlahortum.com.tr\/wp-content\/uploads\/2025\/08\/spectralpg-p.png?fit=543%2C543&ssl=1&resize=350%2C200 1x, https:\/\/i0.wp.com\/tuzlahortum.com.tr\/wp-content\/uploads\/2025\/08\/spectralpg-p.png?fit=543%2C543&ssl=1&resize=525%2C300 1.5x"},"classes":[]},{"id":630,"url":"https:\/\/tuzlahortum.com.tr\/ru\/product\/trelleborg-vulpane\/","url_meta":{"origin":714,"position":5},"title":"\u0422\u0440\u0435\u043b\u043b\u0435\u0431\u043e\u0440\u0433 \u0412\u0423\u041b\u042c\u041f\u0410\u041d","author":"admin","date":"6 \u0444\u0435\u0432\u0440\u0430\u043b\u044f 2019","format":false,"excerpt":"Trelleborg VULPANEGaz ve kaynak LPG i\u00e7in kau\u00e7uk hortum (gaz t\u00fcpleri, \u0131s\u0131t\u0131c\u0131lar, kaynak ve LPG hatlar\u0131). Avantajlar *Esnek ve kolay ta\u015f\u0131ma sa\u011flayan d\u00fc\u015f\u00fck a\u011f\u0131rl\u0131k. *Uzun, g\u00fcvenli hizmet \u00f6mr\u00fc. *\u00d6zellikle hortum kaplamas\u0131 atmosfer ko\u015fullar\u0131na kar\u015f\u0131 dayan\u0131kl\u0131d\u0131r (ozon ve s\u0131cak b\u00f6lgeler). *\u00d6zel, y\u00fcksek kalitede kau\u00e7uk bile\u015fikler. *Y\u00fcksek emniyet katsay\u0131s\u0131 kazand\u0131ran olduk\u00e7a g\u00fc\u00e7l\u00fc tekstil\u2026","rel":"","context":"\u041f\u043e\u0445\u043e\u0436\u0430\u044f \u0437\u0430\u043f\u0438\u0441\u044c","block_context":{"text":"\u041f\u043e\u0445\u043e\u0436\u0430\u044f \u0437\u0430\u043f\u0438\u0441\u044c","link":""},"img":{"alt_text":"","src":"https:\/\/i0.wp.com\/tuzlahortum.com.tr\/wp-content\/uploads\/2019\/02\/VULPANE.jpg?fit=800%2C800&ssl=1&resize=350%2C200","width":350,"height":200,"srcset":"https:\/\/i0.wp.com\/tuzlahortum.com.tr\/wp-content\/uploads\/2019\/02\/VULPANE.jpg?fit=800%2C800&ssl=1&resize=350%2C200 1x, https:\/\/i0.wp.com\/tuzlahortum.com.tr\/wp-content\/uploads\/2019\/02\/VULPANE.jpg?fit=800%2C800&ssl=1&resize=525%2C300 1.5x, https:\/\/i0.wp.com\/tuzlahortum.com.tr\/wp-content\/uploads\/2019\/02\/VULPANE.jpg?fit=800%2C800&ssl=1&resize=700%2C400 2x"},"classes":[]}],"jetpack_sharing_enabled":true,"jetpack_likes_enabled":true,"_links":{"self":[{"href":"https:\/\/tuzlahortum.com.tr\/ru\/wp-json\/wp\/v2\/product\/714","targetHints":{"allow":["GET"]}}],"collection":[{"href":"https:\/\/tuzlahortum.com.tr\/ru\/wp-json\/wp\/v2\/product"}],"about":[{"href":"https:\/\/tuzlahortum.com.tr\/ru\/wp-json\/wp\/v2\/types\/product"}],"replies":[{"embeddable":true,"href":"https:\/\/tuzlahortum.com.tr\/ru\/wp-json\/wp\/v2\/comments?post=714"}],"wp:featuredmedia":[{"embeddable":true,"href":"https:\/\/tuzlahortum.com.tr\/ru\/wp-json\/wp\/v2\/media\/1673"}],"wp:attachment":[{"href":"https:\/\/tuzlahortum.com.tr\/ru\/wp-json\/wp\/v2\/media?parent=714"}],"wp:term":[{"taxonomy":"product_brand","embeddable":true,"href":"https:\/\/tuzlahortum.com.tr\/ru\/wp-json\/wp\/v2\/product_brand?post=714"},{"taxonomy":"product_cat","embeddable":true,"href":"https:\/\/tuzlahortum.com.tr\/ru\/wp-json\/wp\/v2\/product_cat?post=714"},{"taxonomy":"product_tag","embeddable":true,"href":"https:\/\/tuzlahortum.com.tr\/ru\/wp-json\/wp\/v2\/product_tag?post=714"}],"curies":[{"name":"wp","href":"https:\/\/api.w.org\/{rel}","templated":true}]}}