{"id":7104,"date":"2019-03-08T10:01:50","date_gmt":"2019-03-08T07:01:50","guid":{"rendered":"http:\/\/hortum.com.tr\/?post_type=product&#038;p=7104"},"modified":"2024-03-21T17:39:01","modified_gmt":"2024-03-21T14:39:01","slug":"ptfe-duz-teflon-hortum","status":"publish","type":"product","link":"https:\/\/tuzlahortum.com.tr\/ru\/product\/ptfe-duz-teflon-hortum\/","title":{"rendered":"\u041f\u043b\u043e\u0441\u043a\u0438\u0439 \u0442\u0435\u0444\u043b\u043e\u043d\u043e\u0432\u044b\u0439 \u0448\u043b\u0430\u043d\u0433 \u0438\u0437 \u041f\u0422\u0424\u042d"},"content":{"rendered":"<h2>\u041f\u043b\u043e\u0441\u043a\u0438\u0439 \u0442\u0435\u0444\u043b\u043e\u043d\u043e\u0432\u044b\u0439 \u0448\u043b\u0430\u043d\u0433 \u0438\u0437 \u041f\u0422\u0424\u042d<\/h2>\n<p><strong>\u041e\u0411\u0429\u0418\u0415 \u0425\u0410\u0420\u0410\u041a\u0422\u0415\u0420\u0418\u0421\u0422\u0418\u041a\u0418<\/strong><\/p>\n<ol>\n<li>\u0422\u0435\u0444\u043b\u043e\u043d (\u041f\u0422\u0424\u042d), \u043e\u0431\u0435\u0440\u043d\u0443\u0442\u044b\u0439, \u0432\u044b\u0441\u043e\u043a\u0430\u044f \u043c\u0435\u0445\u0430\u043d\u0438\u0447\u0435\u0441\u043a\u0430\u044f \u0441\u0442\u043e\u0439\u043a\u043e\u0441\u0442\u044c, \u0434\u0438\u044d\u043b\u0435\u043a\u0442\u0440\u0438\u043a \u0438 \u043e\u0433\u043d\u0435\u0441\u0442\u043e\u0439\u043a\u043e\u0441\u0442\u044c.<\/li>\n<li>\u041e\u043d \u0438\u0441\u043f\u043e\u043b\u044c\u0437\u0443\u0435\u0442\u0441\u044f \u0432 \u043a\u043e\u043c\u043f\u0440\u0435\u0441\u0441\u043e\u0440\u0430\u0445, \u0433\u0430\u0437\u043e\u0432\u043e\u0439, \u043f\u0430\u0440\u043e\u0432\u043e\u0439, \u0432\u043e\u0434\u043d\u043e\u0439, \u0432\u043e\u0437\u0434\u0443\u0448\u043d\u043e\u0439, \u043c\u0430\u0437\u0443\u0442\u043d\u043e\u0439, \u0445\u0438\u043c\u0438\u0447\u0435\u0441\u043a\u043e\u0439, \u043f\u0438\u0449\u0435\u0432\u043e\u0439 \u0438 \u0444\u0430\u0440\u043c\u0430\u0446\u0435\u0432\u0442\u0438\u0447\u0435\u0441\u043a\u043e\u0439 \u043f\u0440\u043e\u043c\u044b\u0448\u043b\u0435\u043d\u043d\u043e\u0441\u0442\u0438, \u0432 \u043b\u0438\u043d\u0438\u044f\u0445 \u043f\u0435\u0440\u0435\u0434\u0430\u0447\u0438 \u0440\u0430\u0441\u0442\u0432\u043e\u0440\u0438\u0442\u0435\u043b\u0435\u0439, \u043f\u0438\u0433\u043c\u0435\u043d\u0442\u043e\u0432 \u0438 \u043a\u0440\u0430\u0441\u043e\u043a.<\/li>\n<li style=\"font-weight: 400;\">\u0414\u0438\u0430\u043f\u0430\u0437\u043e\u043d \u0442\u0435\u043c\u043f\u0435\u0440\u0430\u0442\u0443\u0440: \u043e\u0442 -40\u00b0C \u0434\u043e 260\u00b0C.<\/li>\n<\/ol>\n<div class=\"video video-fit mb\" style=\"padding-top:56.25%;\"><p><iframe loading=\"lazy\" title=\"\u041f\u0443\u0442\u0430\u043d\u0438\u0446\u0430 \u0432 \u0438\u0437\u043c\u0435\u0440\u0435\u043d\u0438\u044f\u0445 (\u0434\u044e\u0439\u043c\u044b, \u043f\u0430\u043b\u044c\u0446\u044b, \u0434\u044b\u043c\u043a\u0430, \u043c\u0438\u043b\u043b\u0438\u043c\u0435\u0442\u0440\u044b)\" width=\"1020\" height=\"574\" src=\"https:\/\/www.youtube.com\/embed\/uKk6AG_AZls?feature=oembed\" frameborder=\"0\" allow=\"accelerometer; autoplay; clipboard-write; encrypted-media; gyroscope; picture-in-picture; web-share\" referrerpolicy=\"strict-origin-when-cross-origin\" allowfullscreen><\/iframe><\/p>\n<\/div>","protected":false},"excerpt":{"rendered":"<p>PTFE D\u00fcz Teflon Hortum GENEL \u00d6ZELL\u0130KLER Teflon (PTFE), sarg\u0131l\u0131, y\u00fcksek\u00a0mekanik diren\u00e7li, dielektriksel,ve\u00a0 ate\u015fe dayan\u0131kl\u0131 Kompres\u00f6rlerde, gaz, buhar, su, hava, fuel oil,kimya, g\u0131da,ila\u00e7 end\u00fcstrisinde, solventlerde, pigmentlerde, ve boya transfer hatlar\u0131nda\u00a0kullan\u0131lmaktad\u0131r. S\u0131cakl\u0131k aral\u0131\u011f\u0131 :-40\u00b0C ile 260\u00b0C<\/p>","protected":false},"featured_media":7114,"comment_status":"open","ping_status":"closed","template":"","meta":{"jetpack_post_was_ever_published":false},"product_brand":[],"product_cat":[88],"product_tag":[2104,689,681,683,676,669,338,402,424,290,685,684,682,679,687,2107,2106,686,555,677],"class_list":{"0":"post-7104","1":"product","2":"type-product","3":"status-publish","4":"has-post-thumbnail","6":"product_cat-hidrolik-hortumlar","7":"product_tag-40c","8":"product_tag-260c","9":"product_tag-atese-dayanikli","10":"product_tag-buhar","11":"product_tag-duz","12":"product_tag-fuel-oil-2","13":"product_tag-gaz","14":"product_tag-gida","15":"product_tag-hava","16":"product_tag-hortum","17":"product_tag-ilac-endustrisinde","18":"product_tag-kimya","19":"product_tag-kompresorlerde","20":"product_tag-mekanik-direncli","21":"product_tag-pigmentlerde","22":"product_tag-ptfe","23":"product_tag-ptfe-duz-teflon-hortum","24":"product_tag-solventlerde","25":"product_tag-su","26":"product_tag-teflon","28":"first","29":"instock","30":"featured","31":"taxable","32":"shipping-taxable","33":"product-type-variable"},"jetpack-related-posts":[],"jetpack_sharing_enabled":true,"jetpack_likes_enabled":true,"_links":{"self":[{"href":"https:\/\/tuzlahortum.com.tr\/ru\/wp-json\/wp\/v2\/product\/7104","targetHints":{"allow":["GET"]}}],"collection":[{"href":"https:\/\/tuzlahortum.com.tr\/ru\/wp-json\/wp\/v2\/product"}],"about":[{"href":"https:\/\/tuzlahortum.com.tr\/ru\/wp-json\/wp\/v2\/types\/product"}],"replies":[{"embeddable":true,"href":"https:\/\/tuzlahortum.com.tr\/ru\/wp-json\/wp\/v2\/comments?post=7104"}],"wp:featuredmedia":[{"embeddable":true,"href":"https:\/\/tuzlahortum.com.tr\/ru\/wp-json\/wp\/v2\/media\/7114"}],"wp:attachment":[{"href":"https:\/\/tuzlahortum.com.tr\/ru\/wp-json\/wp\/v2\/media?parent=7104"}],"wp:term":[{"taxonomy":"product_brand","embeddable":true,"href":"https:\/\/tuzlahortum.com.tr\/ru\/wp-json\/wp\/v2\/product_brand?post=7104"},{"taxonomy":"product_cat","embeddable":true,"href":"https:\/\/tuzlahortum.com.tr\/ru\/wp-json\/wp\/v2\/product_cat?post=7104"},{"taxonomy":"product_tag","embeddable":true,"href":"https:\/\/tuzlahortum.com.tr\/ru\/wp-json\/wp\/v2\/product_tag?post=7104"}],"curies":[{"name":"wp","href":"https:\/\/api.w.org\/{rel}","templated":true}]}}