{"id":689,"date":"2019-02-06T23:52:29","date_gmt":"2019-02-06T20:52:29","guid":{"rendered":"http:\/\/hortum.com.tr\/product\/import-placeholder-for-258\/"},"modified":"2024-03-21T17:43:52","modified_gmt":"2024-03-21T14:43:52","slug":"tc-20","status":"publish","type":"product","link":"https:\/\/tuzlahortum.com.tr\/ru\/product\/tc-20\/","title":{"rendered":"\u0422\u041a 20"},"content":{"rendered":"<h2>\u0422\u041a 20<\/h2>\n<p>\u041c\u0410\u0422\u0415\u0420\u0418\u0410\u041b:<br \/>\n\u0421\u0442\u0435\u043d\u043a\u0430 \u0448\u043b\u0430\u043d\u0433\u0430: \u0441 \u043e\u043a\u0441\u0438\u0434\u043e\u043c \u043a\u0440\u0435\u043c\u043d\u0438\u044f \u0438 \u043f\u043e\u043b\u0438\u0443\u0440\u0435\u0442\u0430\u043d\u043e\u0432\u044b\u043c \u043f\u043e\u043a\u0440\u044b\u0442\u0438\u0435\u043c.<br \/>\nE-\u0441\u0442\u0435\u043a\u043b\u043e\u0432\u043e\u043b\u043e\u043a\u043e\u043d\u043d\u0430\u044f \u0442\u043a\u0430\u043d\u044c<br \/>\n\u2022 \u0412\u0435\u0441: 1250 \u0433\/\u043c2.<br \/>\n\u2022 \u041f\u0440\u0435\u0434\u0435\u043b \u043f\u0440\u043e\u0447\u043d\u043e\u0441\u0442\u0438: \u041e\u0441\u043d\u043e\u0432\u0430: 35 \u0434\u0430\u041d\/\u0441\u043c,<br \/>\n\u0423\u0442\u043e\u043a: 25 \u0434\u0430\u041d\/\u0441\u043c.<br \/>\n\u2022 \u0422\u043e\u043b\u0449\u0438\u043d\u0430: \u043e\u043a\u043e\u043b\u043e 2 \u043c\u043c.<br \/>\n\u2022 \u0426\u0432\u0435\u0442: \u0421\u0435\u0440\u044b\u0439<br \/>\n\u0412\u043d\u0435\u0448\u043d\u044f\u044f \u0441\u043f\u0438\u0440\u0430\u043b\u044c: \u043e\u0446\u0438\u043d\u043a\u043e\u0432\u0430\u043d\u043d\u0430\u044f \u0438\u043b\u0438 \u0445\u0440\u043e\u043c\u043e\u043d\u0438\u043a\u0435\u043b\u0435\u0432\u0430\u044f \u0441\u0442\u0430\u043b\u044c.<\/p>\n<div class=\"video video-fit mb\" style=\"padding-top:56.25%;\"><p><iframe loading=\"lazy\" title=\"\u041f\u0443\u0442\u0430\u043d\u0438\u0446\u0430 \u0432 \u0438\u0437\u043c\u0435\u0440\u0435\u043d\u0438\u044f\u0445 (\u0434\u044e\u0439\u043c\u044b, \u043f\u0430\u043b\u044c\u0446\u044b, \u0434\u044b\u043c\u043a\u0430, \u043c\u0438\u043b\u043b\u0438\u043c\u0435\u0442\u0440\u044b)\" width=\"1020\" height=\"574\" src=\"https:\/\/www.youtube.com\/embed\/uKk6AG_AZls?feature=oembed\" frameborder=\"0\" allow=\"accelerometer; autoplay; clipboard-write; encrypted-media; gyroscope; picture-in-picture; web-share\" referrerpolicy=\"strict-origin-when-cross-origin\" allowfullscreen><\/iframe><\/p>\n<\/div>\n<p>\u041f\u0420\u0418\u041b\u041e\u0416\u0415\u041d\u0418\u042f:<br \/>\n\u2022 \u041f\u0435\u0440\u0435\u0434\u0430\u0447\u0430 \u0433\u043e\u0440\u044f\u0447\u0435\u0433\u043e \u0432\u043e\u0437\u0434\u0443\u0445\u0430<br \/>\n\u2022 \u041f\u0440\u0438\u043c\u0435\u043d\u0435\u043d\u0438\u0435 \u0432 \u043e\u0431\u043e\u0440\u043e\u043d\u043d\u043e\u0439 \u043f\u0440\u043e\u043c\u044b\u0448\u043b\u0435\u043d\u043d\u043e\u0441\u0442\u0438 \u043f\u0440\u0438 \u0432\u044b\u0441\u043e\u043a\u0438\u0445 \u0442\u0435\u043c\u043f\u0435\u0440\u0430\u0442\u0443\u0440\u0430\u0445<br \/>\n\u2022 \u0421\u0442\u0435\u043a\u043e\u043b\u044c\u043d\u0430\u044f \u043f\u0440\u043e\u043c\u044b\u0448\u043b\u0435\u043d\u043d\u043e\u0441\u0442\u044c<br \/>\n\u2022 \u041f\u0440\u0438\u043c\u0435\u043d\u0435\u043d\u0438\u0435 \u043f\u0440\u0438 \u043d\u0438\u0437\u043a\u043e\u043c \u0434\u0430\u0432\u043b\u0435\u043d\u0438\u0438<br \/>\n\u2022 \u041f\u0440\u0438\u043b\u043e\u0436\u0435\u043d\u0438\u044f \u0434\u043b\u044f \u0434\u0443\u0445\u043e\u0432\u043a\u0438 \u0438 \u0432\u0430\u0440\u043e\u0447\u043d\u043e\u0439 \u043f\u0430\u043d\u0435\u043b\u0438<br \/>\n\u2022 \u041c\u0435\u0442\u0430\u043b\u043b\u0443\u0440\u0433\u0438\u0447\u0435\u0441\u043a\u0438\u0439 \u0441\u0435\u043a\u0442\u043e\u0440<br \/>\n\u2022 \u041b\u0438\u0442\u0435\u0439\u043d\u044b\u0435 \u0446\u0435\u0445\u0430<br \/>\n\u2022 \u0421\u0443\u0434\u043e\u0441\u0442\u0440\u043e\u0438\u0442\u0435\u043b\u044c\u043d\u0430\u044f \u043f\u0440\u043e\u043c\u044b\u0448\u043b\u0435\u043d\u043d\u043e\u0441\u0442\u044c<br \/>\n\u2022 \u041f\u0440\u043e\u043c\u044b\u0448\u043b\u0435\u043d\u043d\u044b\u0435 \u0441\u0443\u0448\u0438\u043b\u044c\u043d\u044b\u0435 \u0443\u0441\u0442\u0430\u043d\u043e\u0432\u043a\u0438<br \/>\n\u0424\u0423\u041d\u041a\u0426\u0418\u0418:<br \/>\n\u2022 \u0412\u044b\u0441\u043e\u043a\u0430\u044f \u0442\u0435\u0440\u043c\u043e\u0441\u0442\u043e\u0439\u043a\u043e\u0441\u0442\u044c<br \/>\n\u2022 \u041d\u0438\u0437\u043a\u0438\u0439 \u0440\u0430\u0434\u0438\u0443\u0441 \u0438\u0437\u0433\u0438\u0431\u0430<br \/>\n\u2022 \u0421\u0442\u0435\u043f\u0435\u043d\u044c \u0441\u0436\u0430\u0442\u0438\u044f 1:3<br \/>\n\u2022 \u041e\u0446\u0438\u043d\u043a\u043e\u0432\u0430\u043d\u043d\u0430\u044f \u0432\u043d\u0435\u0448\u043d\u044f\u044f \u0441\u043f\u0438\u0440\u0430\u043b\u044c, \u0443\u0441\u0442\u043e\u0439\u0447\u0438\u0432\u0430\u044f \u043a \u0438\u0441\u0442\u0438\u0440\u0430\u043d\u0438\u044e.<br \/>\n\u2022 \u041f\u0440\u043e\u0438\u0437\u0432\u043e\u0434\u0441\u0442\u0432\u043e \u0441 \u043f\u0440\u0438\u043c\u0435\u043d\u0435\u043d\u0438\u0435\u043c \u043f\u0440\u043e\u0447\u043d\u043e\u0439 \u0442\u0435\u0445\u043d\u0438\u043a\u0438 \u043c\u0435\u0445\u0430\u043d\u0438\u0447\u0435\u0441\u043a\u043e\u0433\u043e \u0441\u043e\u0435\u0434\u0438\u043d\u0435\u043d\u0438\u044f.<br \/>\n\u2022 \u0421\u0442\u0440\u0443\u043a\u0442\u0443\u0440\u0430 \u0431\u0435\u0437 \u0441\u0438\u043b\u0438\u043a\u043e\u043d\u0430.<br \/>\n\u2022 \u0422\u0440\u0443\u0434\u043d\u044b\u0435 \u0441\u0432\u043e\u0439\u0441\u0442\u0432\u0430 \u0433\u043e\u0440\u0435\u043d\u0438\u044f<\/p>","protected":false},"excerpt":{"rendered":"<p>TC 20 MATERYAL: Hortum Duvar\u0131 : Silisyum oksit ve poli\u00fcretan kapl\u0131 E-Camelyaf kuma\u015f \u2022 A\u011f\u0131rl\u0131k : 1250 gr\/m2 \u2022 \u00c7ekme dayan\u0131m\u0131 : Warp: 35 daN\/cm, Weft: 25 daN\/cm \u2022 Kal\u0131nl\u0131k : Yakla\u015f\u0131k 2 mm \u2022 Renk : Gri D\u0131\u015f Spiral : Galvaniz veya Cr-Ni \u00e7elik UYGULAMALAR: \u2022 S\u0131cak hava transferi \u2022 Savunma sanayi y\u00fcksek s\u0131cakl\u0131k [&#8230;]\n","protected":false},"featured_media":6347,"comment_status":"open","ping_status":"closed","template":"","meta":{"jetpack_post_was_ever_published":false},"product_brand":[],"product_cat":[143,145],"product_tag":[705,697,393,704,706,230,498,707,703,635],"class_list":{"0":"post-689","1":"product","2":"type-product","3":"status-publish","4":"has-post-thumbnail","6":"product_cat-havacilik-endustrisi-hortumlari","7":"product_cat-isiya-dayanikli-hortumlar","8":"product_tag-cam-endustrisi","9":"product_tag-camelyaf-kumas","10":"product_tag-dokumhaneler","11":"product_tag-galvaniz-veya-cr-ni-celik-dis-spiral","12":"product_tag-gemi-insa-sektoru","13":"product_tag-gri","14":"product_tag-isiya-dayanikli","15":"product_tag-silikonsuz-yapi","16":"product_tag-silisyum-oksit-ve-poliuretan-kapli","17":"product_tag-sicak-hava-transferi","19":"first","20":"instock","21":"taxable","22":"shipping-taxable","23":"product-type-variable"},"jetpack-related-posts":[],"jetpack_sharing_enabled":true,"jetpack_likes_enabled":true,"_links":{"self":[{"href":"https:\/\/tuzlahortum.com.tr\/ru\/wp-json\/wp\/v2\/product\/689","targetHints":{"allow":["GET"]}}],"collection":[{"href":"https:\/\/tuzlahortum.com.tr\/ru\/wp-json\/wp\/v2\/product"}],"about":[{"href":"https:\/\/tuzlahortum.com.tr\/ru\/wp-json\/wp\/v2\/types\/product"}],"replies":[{"embeddable":true,"href":"https:\/\/tuzlahortum.com.tr\/ru\/wp-json\/wp\/v2\/comments?post=689"}],"wp:featuredmedia":[{"embeddable":true,"href":"https:\/\/tuzlahortum.com.tr\/ru\/wp-json\/wp\/v2\/media\/6347"}],"wp:attachment":[{"href":"https:\/\/tuzlahortum.com.tr\/ru\/wp-json\/wp\/v2\/media?parent=689"}],"wp:term":[{"taxonomy":"product_brand","embeddable":true,"href":"https:\/\/tuzlahortum.com.tr\/ru\/wp-json\/wp\/v2\/product_brand?post=689"},{"taxonomy":"product_cat","embeddable":true,"href":"https:\/\/tuzlahortum.com.tr\/ru\/wp-json\/wp\/v2\/product_cat?post=689"},{"taxonomy":"product_tag","embeddable":true,"href":"https:\/\/tuzlahortum.com.tr\/ru\/wp-json\/wp\/v2\/product_tag?post=689"}],"curies":[{"name":"wp","href":"https:\/\/api.w.org\/{rel}","templated":true}]}}