{"id":685,"date":"2019-02-06T23:52:29","date_gmt":"2019-02-06T20:52:29","guid":{"rendered":"http:\/\/hortum.com.tr\/product\/import-placeholder-for-269\/"},"modified":"2024-03-21T17:43:56","modified_gmt":"2024-03-21T14:43:56","slug":"st-2-boya-ve-tiner-hortumu","status":"publish","type":"product","link":"https:\/\/tuzlahortum.com.tr\/ru\/product\/st-2-boya-ve-tiner-hortumu\/","title":{"rendered":"ST 2 \u0428\u043b\u0430\u043d\u0433 \u0434\u043b\u044f \u043a\u0440\u0430\u0441\u043a\u0438 \u0438 \u0440\u0430\u0437\u0431\u0430\u0432\u0438\u0442\u0435\u043b\u044f"},"content":{"rendered":"<h2>ST 2 \u0428\u043b\u0430\u043d\u0433 \u0434\u043b\u044f \u043a\u0440\u0430\u0441\u043a\u0438 \u0438 \u0440\u0430\u0437\u0431\u0430\u0432\u0438\u0442\u0435\u043b\u044f<\/h2>\n<table border=\"0\">\n<tbody>\n<tr valign=\"top\">\n<td width=\"60\">\u0412\u043d\u0438\u0437\u0443<\/td>\n<td width=\"15\">:<\/td>\n<td width=\"370\">\u041f\u041e\u041b\u0418\u0410\u041c\u0418\u0414, \u0423\u0421\u0422\u041e\u0419\u0427\u0418\u0412\u042b\u0419 \u041a \u0420\u0410\u0421\u0422\u0412\u041e\u0420\u0418\u0422\u0415\u041b\u042f\u041c, \u041a\u0420\u0410\u0421\u041a\u0410\u041c \u0418 \u0413\u0418\u0414\u0420\u0410\u0412\u041b\u0418\u0427\u0415\u0421\u041a\u0418\u041c \u041c\u0410\u0421\u041b\u0410\u041c.<\/td>\n<\/tr>\n<tr valign=\"top\">\n<td width=\"60\">\u0410\u0440\u043c\u0438\u0440\u043e\u0432\u0430\u043d\u0438\u0435<\/td>\n<td width=\"15\">:<\/td>\n<td width=\"370\">\u041f\u041b\u0415\u0422\u041a\u0410 \u0418\u0417 \u0412\u042b\u0421\u041e\u041a\u041e\u041f\u0420\u041e\u0427\u041d\u041e\u0419 \u0421\u0422\u0410\u041b\u042c\u041d\u041e\u0419 \u041f\u0420\u041e\u0412\u041e\u041b\u041e\u041a\u0418.<\/td>\n<\/tr>\n<tr valign=\"top\">\n<td width=\"60\">\u041d\u0430\u0432\u0435\u0440\u0445\u0443<\/td>\n<td width=\"15\">:<\/td>\n<td width=\"370\">\u041f\u041e\u041b\u0418\u0423\u0420\u0415\u0422\u0410\u041d, \u0423\u0421\u0422\u041e\u0419\u0427\u0418\u0412\u042b\u0419 \u041a \u041c\u0410\u0421\u041b\u0423, \u0418\u0417\u041d\u041e\u0421\u0423 \u0418 \u041f\u041e\u0413\u041e\u0414\u041d\u042b\u041c \u0423\u0421\u041b\u041e\u0412\u0418\u042f\u041c.<\/td>\n<\/tr>\n<tr valign=\"top\">\n<td width=\"60\">\u041c\u0435\u0441\u0442\u043e \u0438\u0441\u043f\u043e\u043b\u044c\u0437\u043e\u0432\u0430\u043d\u0438\u044f<\/td>\n<td width=\"15\">:<\/td>\n<td width=\"370\">\u0420\u0410\u0417\u0413\u0420\u0423\u0417\u041a\u0410 \u0420\u0410\u0421\u0422\u0412\u041e\u0420\u0418\u0422\u0415\u041b\u0415\u0419, \u041a\u0420\u0410\u0421\u041e\u041a, \u0412\u041e\u0417\u0414\u0423\u0425\u0410, \u0412\u041e\u0414\u042b, \u041c\u0418\u041d\u0415\u0420\u0410\u041b\u042c\u041d\u042b\u0425 \u0418 \u0413\u0418\u0414\u0420\u0410\u0412\u041b\u0418\u0427\u0415\u0421\u041a\u0418\u0425 \u041c\u0410\u0421\u0415\u041b, \u0422\u0420\u0415\u0411\u0423\u042e\u0429\u0418\u0425 \u041e\u0427\u0415\u041d\u042c \u0412\u042b\u0421\u041e\u041a\u041e\u0413\u041e \u0414\u0410\u0412\u041b\u0415\u041d\u0418\u042f<\/td>\n<\/tr>\n<\/tbody>\n<\/table>\n<table class=\"table table-bordered table-striped\">\n<thead class=\"thead-light\">\n<tr>\n<th>\u041d\u0410\u041f\u0418\u0422\u041e\u041a<\/th>\n<th>\u043e\u043a\u0440\u0443\u0433 \u041a\u043e\u043b\u0443\u043c\u0431\u0438\u044f<\/th>\n<th>\u0422\u041c<\/th>\n<th>\u041f.\u0411.<\/th>\n<th>KYC<\/th>\n<th>\u0410\u0433\u0440<\/th>\n<\/tr>\n<\/thead>\n<tbody>\n<tr>\n<td>\u0434\u044e\u0439\u043c\u044b<\/td>\n<td>\u043c\u043c<\/td>\n<td>\u0431\u0430\u0440<\/td>\n<td>\u0431\u0430\u0440<\/td>\n<td>\u043c\u043c<\/td>\n<td>\u0433\/\u043c<\/td>\n<\/tr>\n<tr>\n<td>1\/8\u2033<\/td>\n<td>9.8<\/td>\n<td>450<\/td>\n<td>1800<\/td>\n<td>30<\/td>\n<td>172<\/td>\n<\/tr>\n<tr>\n<td>5\/32\u2033<\/td>\n<td>10.5<\/td>\n<td>400<\/td>\n<td>1600<\/td>\n<td>30<\/td>\n<td>195<\/td>\n<\/tr>\n<tr>\n<td>3\/16\u2033<\/td>\n<td>11.3<\/td>\n<td>293<\/td>\n<td>1560<\/td>\n<td>35<\/td>\n<td>238<\/td>\n<\/tr>\n<tr>\n<td>1\/4\u2033<\/td>\n<td>13<\/td>\n<td>390<\/td>\n<td>1462<\/td>\n<td>40<\/td>\n<td>274<\/td>\n<\/tr>\n<tr>\n<td>5\/16\u2033<\/td>\n<td>15<\/td>\n<td>330<\/td>\n<td>1320<\/td>\n<td>50<\/td>\n<td>312<\/td>\n<\/tr>\n<tr>\n<td>3\/8\u2033<\/td>\n<td>17<\/td>\n<td>315<\/td>\n<td>1102<\/td>\n<td>60<\/td>\n<td>424<\/td>\n<\/tr>\n<tr>\n<td>1\/2\u2033<\/td>\n<td>20<\/td>\n<td>250<\/td>\n<td>1000<\/td>\n<td>80<\/td>\n<td>463<\/td>\n<\/tr>\n<tr>\n<td>5\/8\u2033<\/td>\n<td>23.5<\/td>\n<td>180<\/td>\n<td>875<\/td>\n<td>115<\/td>\n<td>574<\/td>\n<\/tr>\n<tr>\n<td>3\/4\u2033<\/td>\n<td>28<\/td>\n<td>180<\/td>\n<td>720<\/td>\n<td>160<\/td>\n<td>611<\/td>\n<\/tr>\n<tr>\n<td>1\u2033<\/td>\n<td>34<\/td>\n<td>160<\/td>\n<td>640<\/td>\n<td>200<\/td>\n<td>760<\/td>\n<\/tr>\n<\/tbody>\n<\/table>\n<p>&nbsp;<\/p>\n<div class=\"video video-fit mb\" style=\"padding-top:56.25%;\"><p><iframe loading=\"lazy\" title=\"\u041f\u0443\u0442\u0430\u043d\u0438\u0446\u0430 \u0432 \u0438\u0437\u043c\u0435\u0440\u0435\u043d\u0438\u044f\u0445 (\u0434\u044e\u0439\u043c\u044b, \u043f\u0430\u043b\u044c\u0446\u044b, \u0434\u044b\u043c\u043a\u0430, \u043c\u0438\u043b\u043b\u0438\u043c\u0435\u0442\u0440\u044b)\" width=\"1020\" height=\"574\" src=\"https:\/\/www.youtube.com\/embed\/uKk6AG_AZls?feature=oembed\" frameborder=\"0\" allow=\"accelerometer; autoplay; clipboard-write; encrypted-media; gyroscope; picture-in-picture; web-share\" referrerpolicy=\"strict-origin-when-cross-origin\" allowfullscreen><\/iframe><\/p>\n<\/div>","protected":false},"excerpt":{"rendered":"<p>ST 2 Boya Ve Tiner Hortumu Alt Kat : SOLVENTLERE, BOYALARA VE H\u0130DROL\u0130K YA\u011eLARA DAYANIKLI POL\u0130AM\u0130D. Takviye : Y\u00dcKSEK MUKAVEMETL\u0130 \u00c7EL\u0130K TEL \u00d6RG\u00dc. \u00dcst Kat : YA\u011e, A\u015eINMA VE HAVA \u015eARTLARINA DAYANIKLI POL\u0130\u00dcRETAN. Kullan\u0131m Yeri : \u00c7OK Y\u00dcKSEK BASIN\u00c7 DAYANIMI GEREKT\u0130REN SOLVENTLER, BOYALAR, HAVA, SU, M\u0130NERAL VE H\u0130DROL\u0130K YA\u011eLARIN TAHL\u0130YE \u0130\u015eLER\u0130NDE \u0130\u00c7 D\u00c7 \u00c7B PB [&#8230;]\n","protected":false},"featured_media":8419,"comment_status":"open","ping_status":"closed","template":"","meta":{"jetpack_post_was_ever_published":false},"product_brand":[],"product_cat":[157,88],"product_tag":[558,692,694,690,424,660,290,693,691,2279,2280,555,695,661],"class_list":{"0":"post-685","1":"product","2":"type-product","3":"status-publish","4":"has-post-thumbnail","6":"product_cat-hidrolik-hortum","7":"product_cat-hidrolik-hortumlar","8":"product_tag-basinc","9":"product_tag-boya","10":"product_tag-boya-hortumu","11":"product_tag-celik-orgu","12":"product_tag-hava","13":"product_tag-hidrolik-yaglara-dayanikli","14":"product_tag-hortum","15":"product_tag-mineral","16":"product_tag-solvent","17":"product_tag-st-2-boya","18":"product_tag-st-2-boya-ve-tiner-hortumu","19":"product_tag-su","20":"product_tag-tiner-hortumu","21":"product_tag-yuksek-mukavemetli","23":"first","24":"instock","25":"taxable","26":"shipping-taxable","27":"product-type-variable"},"jetpack-related-posts":[{"id":684,"url":"https:\/\/tuzlahortum.com.tr\/ru\/product\/st-1-boya-ve-tiner-hortumu\/","url_meta":{"origin":685,"position":0},"title":"ST 1 \u0428\u043b\u0430\u043d\u0433 \u0434\u043b\u044f \u043a\u0440\u0430\u0441\u043a\u0438 \u0438 \u0440\u0430\u0437\u0431\u0430\u0432\u0438\u0442\u0435\u043b\u044f","author":"admin","date":"6 \u0444\u0435\u0432\u0440\u0430\u043b\u044f 2019","format":false,"excerpt":"ST 1 Boya Ve Tiner Hortumu Alt Kat : SOLVENTLERE, BOYALARA VE H\u0130DROL\u0130K YA\u011eLARA DAYANIKLI POL\u0130AM\u0130D. Takviye : Y\u00dcKSEK MUKAVEMETL\u0130 \u00c7EL\u0130K TEL \u00d6RG\u00dc. \u00dcst Kat : YA\u011e, A\u015eINMA VE HAVA \u015eARTLARINA DAYANIKLI POL\u0130\u00dcRETAN. Kullan\u0131m Yeri : Y\u00dcKSEK BASIN\u00c7 DAYANIMI GEREKT\u0130REN SOLVENTLER, BOYALAR, HAVA, SU, M\u0130NERAL VE H\u0130DROL\u0130K YA\u011eLARIN TAHL\u0130YES\u0130NDE \u0130\u00c7\u2026","rel":"","context":"\u041f\u043e\u0445\u043e\u0436\u0430\u044f \u0437\u0430\u043f\u0438\u0441\u044c","block_context":{"text":"\u041f\u043e\u0445\u043e\u0436\u0430\u044f \u0437\u0430\u043f\u0438\u0441\u044c","link":""},"img":{"alt_text":"","src":"https:\/\/i0.wp.com\/tuzlahortum.com.tr\/wp-content\/uploads\/2019\/03\/selpaint-st-1-hortum.png?fit=512%2C512&ssl=1&resize=350%2C200","width":350,"height":200},"classes":[]},{"id":22699,"url":"https:\/\/tuzlahortum.com.tr\/ru\/product\/selpaints-st-2-twin\/","url_meta":{"origin":685,"position":1},"title":"\u0421\u0415\u041b\u041f\u0410\u0419\u041d\u0422\u0421 ST-2 TWIN","author":"admin","date":"11 \u0430\u0432\u0433\u0443\u0441\u0442\u0430 2025","format":false,"excerpt":"\u00a0 \u00dcr\u00fcn Ad\u0131: SELPAINT ST-2 TWIN \u00dcr\u00fcn Kodu: PST2TW323 \u00c7elik Takviyeli \u00c7ok Y\u00fcksek Bas\u0131n\u00e7 Solvent ve Boya \u0130kiz Kullanim Alan\u0131 : Su bazl\u0131 s\u0131v\u0131lar, \u00e7\u00f6z\u00fcc\u00fcler, boyalar ve hidrolik ya\u011flar i\u00e7in \u00e7ok y\u00fcksek bas\u0131n\u00e7. Alt Katman : Solventlere, boyalara ve hidrolik ya\u011flara dayan\u0131kl\u0131 poliamid. Takviye Katman\u0131 : 2 Kat Y\u00fcksek Mukavemetli\u2026","rel":"","context":"\u041f\u043e\u0445\u043e\u0436\u0430\u044f \u0437\u0430\u043f\u0438\u0441\u044c","block_context":{"text":"\u041f\u043e\u0445\u043e\u0436\u0430\u044f \u0437\u0430\u043f\u0438\u0441\u044c","link":""},"img":{"alt_text":"","src":"https:\/\/i0.wp.com\/tuzlahortum.com.tr\/wp-content\/uploads\/2025\/08\/THERMO_25.png?fit=578%2C578&ssl=1&resize=350%2C200","width":350,"height":200,"srcset":"https:\/\/i0.wp.com\/tuzlahortum.com.tr\/wp-content\/uploads\/2025\/08\/THERMO_25.png?fit=578%2C578&ssl=1&resize=350%2C200 1x, https:\/\/i0.wp.com\/tuzlahortum.com.tr\/wp-content\/uploads\/2025\/08\/THERMO_25.png?fit=578%2C578&ssl=1&resize=525%2C300 1.5x"},"classes":[]},{"id":22696,"url":"https:\/\/tuzlahortum.com.tr\/ru\/product\/selpaint-st-2\/","url_meta":{"origin":685,"position":2},"title":"SELPAINT ST-2","author":"admin","date":"11 \u0430\u0432\u0433\u0443\u0441\u0442\u0430 2025","format":false,"excerpt":"\u00a0 \u00dcr\u00fcn Ad\u0131: SELPAINT ST-2 \u00dcr\u00fcn Kodu: PST2322 \u00c7elik Takviyeli \u00c7ok Y\u00fcksek Bas\u0131n\u00e7 Solvent ve Boya Kullanim Alan\u0131 : Su bazl\u0131 s\u0131v\u0131lar, \u00e7\u00f6z\u00fcc\u00fcler, boyalar ve hidrolik ya\u011flar i\u00e7in \u00e7ok y\u00fcksek bas\u0131n\u00e7. Alt Katman : \u00c7\u00f6z\u00fcc\u00fclere, Boyalara ve Hidrolik Ya\u011flara Dayan\u0131kl\u0131 Poliamid. Takviye Katman\u0131 : 2 Kat Y\u00fcksek Mukavemetli \u00c7elik Tel\u2026","rel":"","context":"\u041f\u043e\u0445\u043e\u0436\u0430\u044f \u0437\u0430\u043f\u0438\u0441\u044c","block_context":{"text":"\u041f\u043e\u0445\u043e\u0436\u0430\u044f \u0437\u0430\u043f\u0438\u0441\u044c","link":""},"img":{"alt_text":"","src":"https:\/\/i0.wp.com\/tuzlahortum.com.tr\/wp-content\/uploads\/2025\/08\/THERMO_24.png?fit=588%2C588&ssl=1&resize=350%2C200","width":350,"height":200,"srcset":"https:\/\/i0.wp.com\/tuzlahortum.com.tr\/wp-content\/uploads\/2025\/08\/THERMO_24.png?fit=588%2C588&ssl=1&resize=350%2C200 1x, https:\/\/i0.wp.com\/tuzlahortum.com.tr\/wp-content\/uploads\/2025\/08\/THERMO_24.png?fit=588%2C588&ssl=1&resize=525%2C300 1.5x"},"classes":[]},{"id":22690,"url":"https:\/\/tuzlahortum.com.tr\/ru\/product\/selpaint-st-1\/","url_meta":{"origin":685,"position":3},"title":"SELPAINT ST-1","author":"admin","date":"11 \u0430\u0432\u0433\u0443\u0441\u0442\u0430 2025","format":false,"excerpt":"\u00a0 \u00dcr\u00fcn Ad\u0131: SELPAINT ST-1 \u00dcr\u00fcn Kodu: PST312 \u00c7elik Takviyeli Y\u00fcksek Bas\u0131n\u00e7 Solvent ve Boya Kullanim Alan\u0131 : Su bazl\u0131 s\u0131v\u0131lar, \u00e7\u00f6z\u00fcc\u00fcler, boyalar ve hidrolik ya\u011flar i\u00e7in y\u00fcksek bas\u0131n\u00e7 alt\u0131nda kullan\u0131ma uygundur. Alt Katman : Solventlere, boyalara ve hidrolik ya\u011flara dayan\u0131kl\u0131 poliamid. Takviye Katman\u0131 : Y\u00fcksek Mukavemetli \u00c7elik Tel \u00d6rg\u00fc.\u2026","rel":"","context":"\u041f\u043e\u0445\u043e\u0436\u0430\u044f \u0437\u0430\u043f\u0438\u0441\u044c","block_context":{"text":"\u041f\u043e\u0445\u043e\u0436\u0430\u044f \u0437\u0430\u043f\u0438\u0441\u044c","link":""},"img":{"alt_text":"","src":"https:\/\/i0.wp.com\/tuzlahortum.com.tr\/wp-content\/uploads\/2025\/08\/THERMO_22.png?fit=589%2C589&ssl=1&resize=350%2C200","width":350,"height":200,"srcset":"https:\/\/i0.wp.com\/tuzlahortum.com.tr\/wp-content\/uploads\/2025\/08\/THERMO_22.png?fit=589%2C589&ssl=1&resize=350%2C200 1x, https:\/\/i0.wp.com\/tuzlahortum.com.tr\/wp-content\/uploads\/2025\/08\/THERMO_22.png?fit=589%2C589&ssl=1&resize=525%2C300 1.5x"},"classes":[]},{"id":673,"url":"https:\/\/tuzlahortum.com.tr\/ru\/product\/r6-hidrolik-hortumu\/","url_meta":{"origin":685,"position":4},"title":"\u0413\u0438\u0434\u0440\u0430\u0432\u043b\u0438\u0447\u0435\u0441\u043a\u0438\u0439 \u0448\u043b\u0430\u043d\u0433 R6","author":"admin","date":"6 \u0444\u0435\u0432\u0440\u0430\u043b\u044f 2019","format":false,"excerpt":"R6 Hidrolik Hortumu Alt Kat : H\u0130DROL\u0130K YA\u011eLARA DAYANIKLI \u00d6ZEL SENTET\u0130K KAU\u00c7UK. Takviye : Y\u00dcKSEK MUKAVEMETL\u0130 TEK KAT SENTET\u0130K TEKST\u0130L \u00d6RG\u00dc. \u00dcst Kat : YA\u011eLARA, OZONA, A\u015eINMAYA VE HER T\u00dcRL\u00dc HAVA \u015eARTLARINA DAYANIKLI SENTET\u0130K \u00dcST KAT. Kullan\u0131m Yeri : H\u0130DROL\u0130K KONTROLL\u00dc \u00dcN\u0130TELERDE Y\u00dcKSEK BASIN\u00c7LI H\u0130DROL\u0130K YA\u011e, FUEL-OIL, GRES YA\u011eI, SU\u2026","rel":"","context":"\u041f\u043e\u0445\u043e\u0436\u0430\u044f \u0437\u0430\u043f\u0438\u0441\u044c","block_context":{"text":"\u041f\u043e\u0445\u043e\u0436\u0430\u044f \u0437\u0430\u043f\u0438\u0441\u044c","link":""},"img":{"alt_text":"","src":"https:\/\/i0.wp.com\/tuzlahortum.com.tr\/wp-content\/uploads\/2019\/03\/seltex-r6-hortum.png?fit=512%2C512&ssl=1&resize=350%2C200","width":350,"height":200},"classes":[]},{"id":683,"url":"https:\/\/tuzlahortum.com.tr\/ru\/product\/r9-sh-hidrolik-hortumu\/","url_meta":{"origin":685,"position":5},"title":"\u0413\u0438\u0434\u0440\u0430\u0432\u043b\u0438\u0447\u0435\u0441\u043a\u0438\u0439 \u0448\u043b\u0430\u043d\u0433 R9 SH","author":"admin","date":"6 \u0444\u0435\u0432\u0440\u0430\u043b\u044f 2019","format":false,"excerpt":"R9 SH Hidrolik Hortumu Alt Kat : M\u0130NERAL, NEBAT\u0130 VE GL\u0130KOL BAZLI H\u0130DROL\u0130K YA\u011eLARA DAYANIKLI \u00d6ZEL SENTET\u0130K KAU\u00c7UK. Takviye : 4 KAT \u00c7OK Y\u00dcKSEK MUKAVEMETL\u0130 SP\u0130RAL \u00c7EL\u0130K TEL. \u00dcst Kat : YA\u011eLARA, A\u015eINMAYA VE HER T\u00dcRL\u00dc HAVA \u015eARTLARINA DAYANIKLI SARGILI \u00d6ZEL SENTET\u0130K KAU\u00c7UK. Kullan\u0131m Yeri : \u00c7OK Y\u00dcKSEK P\u0130K BASIN\u00c7LARA\u2026","rel":"","context":"\u041f\u043e\u0445\u043e\u0436\u0430\u044f \u0437\u0430\u043f\u0438\u0441\u044c","block_context":{"text":"\u041f\u043e\u0445\u043e\u0436\u0430\u044f \u0437\u0430\u043f\u0438\u0441\u044c","link":""},"img":{"alt_text":"","src":"https:\/\/i0.wp.com\/tuzlahortum.com.tr\/wp-content\/uploads\/2019\/03\/powerstream-r9sh-hortum.png?fit=512%2C512&ssl=1&resize=350%2C200","width":350,"height":200},"classes":[]}],"jetpack_sharing_enabled":true,"jetpack_likes_enabled":true,"_links":{"self":[{"href":"https:\/\/tuzlahortum.com.tr\/ru\/wp-json\/wp\/v2\/product\/685","targetHints":{"allow":["GET"]}}],"collection":[{"href":"https:\/\/tuzlahortum.com.tr\/ru\/wp-json\/wp\/v2\/product"}],"about":[{"href":"https:\/\/tuzlahortum.com.tr\/ru\/wp-json\/wp\/v2\/types\/product"}],"replies":[{"embeddable":true,"href":"https:\/\/tuzlahortum.com.tr\/ru\/wp-json\/wp\/v2\/comments?post=685"}],"wp:featuredmedia":[{"embeddable":true,"href":"https:\/\/tuzlahortum.com.tr\/ru\/wp-json\/wp\/v2\/media\/8419"}],"wp:attachment":[{"href":"https:\/\/tuzlahortum.com.tr\/ru\/wp-json\/wp\/v2\/media?parent=685"}],"wp:term":[{"taxonomy":"product_brand","embeddable":true,"href":"https:\/\/tuzlahortum.com.tr\/ru\/wp-json\/wp\/v2\/product_brand?post=685"},{"taxonomy":"product_cat","embeddable":true,"href":"https:\/\/tuzlahortum.com.tr\/ru\/wp-json\/wp\/v2\/product_cat?post=685"},{"taxonomy":"product_tag","embeddable":true,"href":"https:\/\/tuzlahortum.com.tr\/ru\/wp-json\/wp\/v2\/product_tag?post=685"}],"curies":[{"name":"wp","href":"https:\/\/api.w.org\/{rel}","templated":true}]}}