{"id":684,"date":"2019-02-06T23:52:28","date_gmt":"2019-02-06T20:52:28","guid":{"rendered":"http:\/\/hortum.com.tr\/product\/import-placeholder-for-267\/"},"modified":"2024-03-21T17:43:57","modified_gmt":"2024-03-21T14:43:57","slug":"st-1-boya-ve-tiner-hortumu","status":"publish","type":"product","link":"https:\/\/tuzlahortum.com.tr\/ru\/product\/st-1-boya-ve-tiner-hortumu\/","title":{"rendered":"ST 1 \u0428\u043b\u0430\u043d\u0433 \u0434\u043b\u044f \u043a\u0440\u0430\u0441\u043a\u0438 \u0438 \u0440\u0430\u0437\u0431\u0430\u0432\u0438\u0442\u0435\u043b\u044f"},"content":{"rendered":"<h2>ST 1 \u0428\u043b\u0430\u043d\u0433 \u0434\u043b\u044f \u043a\u0440\u0430\u0441\u043a\u0438 \u0438 \u0440\u0430\u0437\u0431\u0430\u0432\u0438\u0442\u0435\u043b\u044f<\/h2>\n<table border=\"0\">\n<tbody>\n<tr>\n<td colspan=\"2\" valign=\"top\">\n<table border=\"0\">\n<tbody>\n<tr valign=\"top\">\n<td width=\"60\">\u0412\u043d\u0438\u0437\u0443<\/td>\n<td width=\"15\">:<\/td>\n<td width=\"370\">\u041f\u041e\u041b\u0418\u0410\u041c\u0418\u0414, \u0423\u0421\u0422\u041e\u0419\u0427\u0418\u0412\u042b\u0419 \u041a \u0420\u0410\u0421\u0422\u0412\u041e\u0420\u0418\u0422\u0415\u041b\u042f\u041c, \u041a\u0420\u0410\u0421\u041a\u0410\u041c \u0418 \u0413\u0418\u0414\u0420\u0410\u0412\u041b\u0418\u0427\u0415\u0421\u041a\u0418\u041c \u041c\u0410\u0421\u041b\u0410\u041c.<\/td>\n<\/tr>\n<tr valign=\"top\">\n<td width=\"60\">\u0410\u0440\u043c\u0438\u0440\u043e\u0432\u0430\u043d\u0438\u0435<\/td>\n<td width=\"15\">:<\/td>\n<td width=\"370\">\u041f\u041b\u0415\u0422\u041a\u0410 \u0418\u0417 \u0412\u042b\u0421\u041e\u041a\u041e\u041f\u0420\u041e\u0427\u041d\u041e\u0419 \u0421\u0422\u0410\u041b\u042c\u041d\u041e\u0419 \u041f\u0420\u041e\u0412\u041e\u041b\u041e\u041a\u0418.<\/td>\n<\/tr>\n<tr valign=\"top\">\n<td width=\"60\">\u041d\u0430\u0432\u0435\u0440\u0445\u0443<\/td>\n<td width=\"15\">:<\/td>\n<td width=\"370\">\u041f\u041e\u041b\u0418\u0423\u0420\u0415\u0422\u0410\u041d, \u0423\u0421\u0422\u041e\u0419\u0427\u0418\u0412\u042b\u0419 \u041a \u041c\u0410\u0421\u041b\u0423, \u0418\u0417\u041d\u041e\u0421\u0423 \u0418 \u041f\u041e\u0413\u041e\u0414\u041d\u042b\u041c \u0423\u0421\u041b\u041e\u0412\u0418\u042f\u041c.<\/td>\n<\/tr>\n<tr valign=\"top\">\n<td width=\"60\">\u041c\u0435\u0441\u0442\u043e \u0438\u0441\u043f\u043e\u043b\u044c\u0437\u043e\u0432\u0430\u043d\u0438\u044f<\/td>\n<td width=\"15\">:<\/td>\n<td width=\"370\">\u0414\u041b\u042f \u0421\u041b\u0418\u0412\u0410 \u0420\u0410\u0421\u0422\u0412\u041e\u0420\u0418\u0422\u0415\u041b\u0415\u0419, \u041a\u0420\u0410\u0421\u041e\u041a, \u0412\u041e\u0417\u0414\u0423\u0425\u0410, \u0412\u041e\u0414\u042b, \u041c\u0418\u041d\u0415\u0420\u0410\u041b\u042c\u041d\u042b\u0425 \u0418 \u0413\u0418\u0414\u0420\u0410\u0412\u041b\u0418\u0427\u0415\u0421\u041a\u0418\u0425 \u041c\u0410\u0421\u0415\u041b, \u041a\u041e\u0422\u041e\u0420\u042b\u0415 \u0422\u0420\u0415\u0411\u0423\u042e\u0422 \u0423\u0421\u0422\u041e\u0419\u0427\u0418\u0412\u041e\u0421\u0422\u0418 \u041a \u0412\u042b\u0421\u041e\u041a\u0415\u041c\u0423 \u0414\u0410\u0412\u041b\u0415\u041d\u0418\u042e<\/td>\n<\/tr>\n<\/tbody>\n<\/table>\n<\/td>\n<\/tr>\n<\/tbody>\n<\/table>\n<table class=\"table table-bordered table-striped\">\n<thead class=\"thead-light\">\n<tr>\n<th>\u041d\u0410\u041f\u0418\u0422\u041e\u041a<\/th>\n<th>\u043e\u043a\u0440\u0443\u0433 \u041a\u043e\u043b\u0443\u043c\u0431\u0438\u044f<\/th>\n<th>\u0422\u041c<\/th>\n<th>\u041f.\u0411.<\/th>\n<th>KYC<\/th>\n<th>\u0410\u0433\u0440<\/th>\n<\/tr>\n<\/thead>\n<tbody>\n<tr>\n<td>\u0434\u044e\u0439\u043c\u044b<\/td>\n<td>\u043c\u043c<\/td>\n<td>\u0431\u0430\u0440<\/td>\n<td>\u0431\u0430\u0440<\/td>\n<td>\u043c\u043c<\/td>\n<td>\u0433\/\u043c<\/td>\n<\/tr>\n<tr>\n<td>1\/8\u2033<\/td>\n<td>8.2<\/td>\n<td>325<\/td>\n<td>1300<\/td>\n<td>20<\/td>\n<td>100<\/td>\n<\/tr>\n<tr>\n<td>5\/32\u2033<\/td>\n<td>8.6<\/td>\n<td>300<\/td>\n<td>1200<\/td>\n<td>40<\/td>\n<td>111<\/td>\n<\/tr>\n<tr>\n<td>3\/16\u2033<\/td>\n<td>9.5<\/td>\n<td>293<\/td>\n<td>1172<\/td>\n<td>90<\/td>\n<td>128<\/td>\n<\/tr>\n<tr>\n<td>1\/4\u2033<\/td>\n<td>12<\/td>\n<td>287<\/td>\n<td>1148<\/td>\n<td>100<\/td>\n<td>165<\/td>\n<\/tr>\n<tr>\n<td>5\/16\u2033<\/td>\n<td>13<\/td>\n<td>240<\/td>\n<td>960<\/td>\n<td>115<\/td>\n<td>162<\/td>\n<\/tr>\n<tr>\n<td>3\/8\u2033<\/td>\n<td>15.5<\/td>\n<td>212<\/td>\n<td>848<\/td>\n<td>125<\/td>\n<td>231<\/td>\n<\/tr>\n<tr>\n<td>1\/2\u2033<\/td>\n<td>18.7<\/td>\n<td>185<\/td>\n<td>740<\/td>\n<td>180<\/td>\n<td>263<\/td>\n<\/tr>\n<tr>\n<td>5\/8\u2033<\/td>\n<td>22.5<\/td>\n<td>150<\/td>\n<td>600<\/td>\n<td>205<\/td>\n<td>368<\/td>\n<\/tr>\n<tr>\n<td>3\/4\u2033<\/td>\n<td>25.7<\/td>\n<td>125<\/td>\n<td>500<\/td>\n<td>240<\/td>\n<td>404<\/td>\n<\/tr>\n<tr>\n<td>1\u2033<\/td>\n<td>31.5<\/td>\n<td>100<\/td>\n<td>400<\/td>\n<td>400<\/td>\n<td>462<\/td>\n<\/tr>\n<\/tbody>\n<\/table>\n<p>&nbsp;<\/p>\n<div class=\"video video-fit mb\" style=\"padding-top:56.25%;\"><p><iframe loading=\"lazy\" title=\"\u041f\u0443\u0442\u0430\u043d\u0438\u0446\u0430 \u0432 \u0438\u0437\u043c\u0435\u0440\u0435\u043d\u0438\u044f\u0445 (\u0434\u044e\u0439\u043c\u044b, \u043f\u0430\u043b\u044c\u0446\u044b, \u0434\u044b\u043c\u043a\u0430, \u043c\u0438\u043b\u043b\u0438\u043c\u0435\u0442\u0440\u044b)\" width=\"1020\" height=\"574\" src=\"https:\/\/www.youtube.com\/embed\/uKk6AG_AZls?feature=oembed\" frameborder=\"0\" allow=\"accelerometer; autoplay; clipboard-write; encrypted-media; gyroscope; picture-in-picture; web-share\" referrerpolicy=\"strict-origin-when-cross-origin\" allowfullscreen><\/iframe><\/p>\n<\/div>","protected":false},"excerpt":{"rendered":"<p>ST 1 Boya Ve Tiner Hortumu Alt Kat : SOLVENTLERE, BOYALARA VE H\u0130DROL\u0130K YA\u011eLARA DAYANIKLI POL\u0130AM\u0130D. Takviye : Y\u00dcKSEK MUKAVEMETL\u0130 \u00c7EL\u0130K TEL \u00d6RG\u00dc. \u00dcst Kat : YA\u011e, A\u015eINMA VE HAVA \u015eARTLARINA DAYANIKLI POL\u0130\u00dcRETAN. Kullan\u0131m Yeri : Y\u00dcKSEK BASIN\u00c7 DAYANIMI GEREKT\u0130REN SOLVENTLER, BOYALAR, HAVA, SU, M\u0130NERAL VE H\u0130DROL\u0130K YA\u011eLARIN TAHL\u0130YES\u0130NDE \u0130\u00c7 D\u00c7 \u00c7B PB KY\u00c7 A\u011fr [&#8230;]\n","protected":false},"featured_media":8418,"comment_status":"open","ping_status":"closed","template":"","meta":{"jetpack_post_was_ever_published":false},"product_brand":[],"product_cat":[157,88],"product_tag":[558,692,694,690,424,660,290,693,691,2281,2282,555,695,661],"class_list":{"0":"post-684","1":"product","2":"type-product","3":"status-publish","4":"has-post-thumbnail","6":"product_cat-hidrolik-hortum","7":"product_cat-hidrolik-hortumlar","8":"product_tag-basinc","9":"product_tag-boya","10":"product_tag-boya-hortumu","11":"product_tag-celik-orgu","12":"product_tag-hava","13":"product_tag-hidrolik-yaglara-dayanikli","14":"product_tag-hortum","15":"product_tag-mineral","16":"product_tag-solvent","17":"product_tag-st-1-boya","18":"product_tag-st1-boya-ve-tiner-hortumu","19":"product_tag-su","20":"product_tag-tiner-hortumu","21":"product_tag-yuksek-mukavemetli","23":"first","24":"instock","25":"taxable","26":"shipping-taxable","27":"product-type-variable"},"jetpack-related-posts":[{"id":685,"url":"https:\/\/tuzlahortum.com.tr\/ru\/product\/st-2-boya-ve-tiner-hortumu\/","url_meta":{"origin":684,"position":0},"title":"ST 2 \u0428\u043b\u0430\u043d\u0433 \u0434\u043b\u044f \u043a\u0440\u0430\u0441\u043a\u0438 \u0438 \u0440\u0430\u0437\u0431\u0430\u0432\u0438\u0442\u0435\u043b\u044f","author":"admin","date":"6 \u0444\u0435\u0432\u0440\u0430\u043b\u044f 2019","format":false,"excerpt":"ST 2 Boya Ve Tiner Hortumu Alt Kat : SOLVENTLERE, BOYALARA VE H\u0130DROL\u0130K YA\u011eLARA DAYANIKLI POL\u0130AM\u0130D. Takviye : Y\u00dcKSEK MUKAVEMETL\u0130 \u00c7EL\u0130K TEL \u00d6RG\u00dc. \u00dcst Kat : YA\u011e, A\u015eINMA VE HAVA \u015eARTLARINA DAYANIKLI POL\u0130\u00dcRETAN. Kullan\u0131m Yeri : \u00c7OK Y\u00dcKSEK BASIN\u00c7 DAYANIMI GEREKT\u0130REN SOLVENTLER, BOYALAR, HAVA, SU, M\u0130NERAL VE H\u0130DROL\u0130K YA\u011eLARIN TAHL\u0130YE\u2026","rel":"","context":"\u041f\u043e\u0445\u043e\u0436\u0430\u044f \u0437\u0430\u043f\u0438\u0441\u044c","block_context":{"text":"\u041f\u043e\u0445\u043e\u0436\u0430\u044f \u0437\u0430\u043f\u0438\u0441\u044c","link":""},"img":{"alt_text":"","src":"https:\/\/i0.wp.com\/tuzlahortum.com.tr\/wp-content\/uploads\/2019\/03\/selpaint-st-2-hortum.png?fit=512%2C512&ssl=1&resize=350%2C200","width":350,"height":200},"classes":[]},{"id":22699,"url":"https:\/\/tuzlahortum.com.tr\/ru\/product\/selpaints-st-2-twin\/","url_meta":{"origin":684,"position":1},"title":"\u0421\u0415\u041b\u041f\u0410\u0419\u041d\u0422\u0421 ST-2 TWIN","author":"admin","date":"11 \u0430\u0432\u0433\u0443\u0441\u0442\u0430 2025","format":false,"excerpt":"\u00a0 \u00dcr\u00fcn Ad\u0131: SELPAINT ST-2 TWIN \u00dcr\u00fcn Kodu: PST2TW323 \u00c7elik Takviyeli \u00c7ok Y\u00fcksek Bas\u0131n\u00e7 Solvent ve Boya \u0130kiz Kullanim Alan\u0131 : Su bazl\u0131 s\u0131v\u0131lar, \u00e7\u00f6z\u00fcc\u00fcler, boyalar ve hidrolik ya\u011flar i\u00e7in \u00e7ok y\u00fcksek bas\u0131n\u00e7. Alt Katman : Solventlere, boyalara ve hidrolik ya\u011flara dayan\u0131kl\u0131 poliamid. Takviye Katman\u0131 : 2 Kat Y\u00fcksek Mukavemetli\u2026","rel":"","context":"\u041f\u043e\u0445\u043e\u0436\u0430\u044f \u0437\u0430\u043f\u0438\u0441\u044c","block_context":{"text":"\u041f\u043e\u0445\u043e\u0436\u0430\u044f \u0437\u0430\u043f\u0438\u0441\u044c","link":""},"img":{"alt_text":"","src":"https:\/\/i0.wp.com\/tuzlahortum.com.tr\/wp-content\/uploads\/2025\/08\/THERMO_25.png?fit=578%2C578&ssl=1&resize=350%2C200","width":350,"height":200,"srcset":"https:\/\/i0.wp.com\/tuzlahortum.com.tr\/wp-content\/uploads\/2025\/08\/THERMO_25.png?fit=578%2C578&ssl=1&resize=350%2C200 1x, https:\/\/i0.wp.com\/tuzlahortum.com.tr\/wp-content\/uploads\/2025\/08\/THERMO_25.png?fit=578%2C578&ssl=1&resize=525%2C300 1.5x"},"classes":[]},{"id":22690,"url":"https:\/\/tuzlahortum.com.tr\/ru\/product\/selpaint-st-1\/","url_meta":{"origin":684,"position":2},"title":"SELPAINT ST-1","author":"admin","date":"11 \u0430\u0432\u0433\u0443\u0441\u0442\u0430 2025","format":false,"excerpt":"\u00a0 \u00dcr\u00fcn Ad\u0131: SELPAINT ST-1 \u00dcr\u00fcn Kodu: PST312 \u00c7elik Takviyeli Y\u00fcksek Bas\u0131n\u00e7 Solvent ve Boya Kullanim Alan\u0131 : Su bazl\u0131 s\u0131v\u0131lar, \u00e7\u00f6z\u00fcc\u00fcler, boyalar ve hidrolik ya\u011flar i\u00e7in y\u00fcksek bas\u0131n\u00e7 alt\u0131nda kullan\u0131ma uygundur. Alt Katman : Solventlere, boyalara ve hidrolik ya\u011flara dayan\u0131kl\u0131 poliamid. Takviye Katman\u0131 : Y\u00fcksek Mukavemetli \u00c7elik Tel \u00d6rg\u00fc.\u2026","rel":"","context":"\u041f\u043e\u0445\u043e\u0436\u0430\u044f \u0437\u0430\u043f\u0438\u0441\u044c","block_context":{"text":"\u041f\u043e\u0445\u043e\u0436\u0430\u044f \u0437\u0430\u043f\u0438\u0441\u044c","link":""},"img":{"alt_text":"","src":"https:\/\/i0.wp.com\/tuzlahortum.com.tr\/wp-content\/uploads\/2025\/08\/THERMO_22.png?fit=589%2C589&ssl=1&resize=350%2C200","width":350,"height":200,"srcset":"https:\/\/i0.wp.com\/tuzlahortum.com.tr\/wp-content\/uploads\/2025\/08\/THERMO_22.png?fit=589%2C589&ssl=1&resize=350%2C200 1x, https:\/\/i0.wp.com\/tuzlahortum.com.tr\/wp-content\/uploads\/2025\/08\/THERMO_22.png?fit=589%2C589&ssl=1&resize=525%2C300 1.5x"},"classes":[]},{"id":22696,"url":"https:\/\/tuzlahortum.com.tr\/ru\/product\/selpaint-st-2\/","url_meta":{"origin":684,"position":3},"title":"SELPAINT ST-2","author":"admin","date":"11 \u0430\u0432\u0433\u0443\u0441\u0442\u0430 2025","format":false,"excerpt":"\u00a0 \u00dcr\u00fcn Ad\u0131: SELPAINT ST-2 \u00dcr\u00fcn Kodu: PST2322 \u00c7elik Takviyeli \u00c7ok Y\u00fcksek Bas\u0131n\u00e7 Solvent ve Boya Kullanim Alan\u0131 : Su bazl\u0131 s\u0131v\u0131lar, \u00e7\u00f6z\u00fcc\u00fcler, boyalar ve hidrolik ya\u011flar i\u00e7in \u00e7ok y\u00fcksek bas\u0131n\u00e7. Alt Katman : \u00c7\u00f6z\u00fcc\u00fclere, Boyalara ve Hidrolik Ya\u011flara Dayan\u0131kl\u0131 Poliamid. Takviye Katman\u0131 : 2 Kat Y\u00fcksek Mukavemetli \u00c7elik Tel\u2026","rel":"","context":"\u041f\u043e\u0445\u043e\u0436\u0430\u044f \u0437\u0430\u043f\u0438\u0441\u044c","block_context":{"text":"\u041f\u043e\u0445\u043e\u0436\u0430\u044f \u0437\u0430\u043f\u0438\u0441\u044c","link":""},"img":{"alt_text":"","src":"https:\/\/i0.wp.com\/tuzlahortum.com.tr\/wp-content\/uploads\/2025\/08\/THERMO_24.png?fit=588%2C588&ssl=1&resize=350%2C200","width":350,"height":200,"srcset":"https:\/\/i0.wp.com\/tuzlahortum.com.tr\/wp-content\/uploads\/2025\/08\/THERMO_24.png?fit=588%2C588&ssl=1&resize=350%2C200 1x, https:\/\/i0.wp.com\/tuzlahortum.com.tr\/wp-content\/uploads\/2025\/08\/THERMO_24.png?fit=588%2C588&ssl=1&resize=525%2C300 1.5x"},"classes":[]},{"id":22693,"url":"https:\/\/tuzlahortum.com.tr\/ru\/product\/selpaint-st-1-twin\/","url_meta":{"origin":684,"position":4},"title":"SELPAINT ST-1 TWIN","author":"admin","date":"11 \u0430\u0432\u0433\u0443\u0441\u0442\u0430 2025","format":false,"excerpt":"\u00a0 \u00dcr\u00fcn Ad\u0131: SELPAINT ST-1 TWIN \u00dcr\u00fcn Kodu: PSTTW313 \u00c7elik Takviyeli Y\u00fcksek Bas\u0131n\u00e7 Solvent ve Boya \u0130kiz Kullanim Alan\u0131 : Su bazl\u0131 s\u0131v\u0131lar, \u00e7\u00f6z\u00fcc\u00fcler, boyalar ve hidrolik ya\u011flar i\u00e7in y\u00fcksek bas\u0131n\u00e7 alt\u0131nda kullan\u0131l\u0131r. Alt Katman : \u00c7\u00f6z\u00fcc\u00fclere, Boyalara ve Hidrolik Ya\u011flara Dayan\u0131kl\u0131 Poliamid. Takviye Katman\u0131 : Y\u00fcksek Mukavemetli \u00c7elik Tel\u2026","rel":"","context":"\u041f\u043e\u0445\u043e\u0436\u0430\u044f \u0437\u0430\u043f\u0438\u0441\u044c","block_context":{"text":"\u041f\u043e\u0445\u043e\u0436\u0430\u044f \u0437\u0430\u043f\u0438\u0441\u044c","link":""},"img":{"alt_text":"","src":"https:\/\/i0.wp.com\/tuzlahortum.com.tr\/wp-content\/uploads\/2025\/08\/THERMO_23.png?fit=582%2C582&ssl=1&resize=350%2C200","width":350,"height":200,"srcset":"https:\/\/i0.wp.com\/tuzlahortum.com.tr\/wp-content\/uploads\/2025\/08\/THERMO_23.png?fit=582%2C582&ssl=1&resize=350%2C200 1x, https:\/\/i0.wp.com\/tuzlahortum.com.tr\/wp-content\/uploads\/2025\/08\/THERMO_23.png?fit=582%2C582&ssl=1&resize=525%2C300 1.5x"},"classes":[]},{"id":22702,"url":"https:\/\/tuzlahortum.com.tr\/ru\/product\/selpaint-ar-1\/","url_meta":{"origin":684,"position":5},"title":"SELPAINT AR-1","author":"admin","date":"11 \u0430\u0432\u0433\u0443\u0441\u0442\u0430 2025","format":false,"excerpt":"\u00a0 \u00dcr\u00fcn Ad\u0131: SELPAINT AR-1 \u00dcr\u00fcn Kodu: PAR1450 Tekstil (Aramid) \u00d6rg\u00fcl\u00fc Y\u00fcksek Bas\u0131n\u00e7 Solvent ve Boya Kullanim Alan\u0131 : Su bazl\u0131 s\u0131v\u0131lar, \u00e7\u00f6z\u00fcc\u00fcler, boyalar ve hidrolik ya\u011flar i\u00e7in y\u00fcksek bas\u0131n\u00e7 alt\u0131nda kullan\u0131ma uygundur. Alt Katman : Solventlere, boyalara ve hidrolik ya\u011flara dayan\u0131kl\u0131 poliamid. Takviye Katman\u0131 : \u00c7ok Y\u00fcksek Mukavemetli Aramid\u2026","rel":"","context":"\u041f\u043e\u0445\u043e\u0436\u0430\u044f \u0437\u0430\u043f\u0438\u0441\u044c","block_context":{"text":"\u041f\u043e\u0445\u043e\u0436\u0430\u044f \u0437\u0430\u043f\u0438\u0441\u044c","link":""},"img":{"alt_text":"","src":"https:\/\/i0.wp.com\/tuzlahortum.com.tr\/wp-content\/uploads\/2025\/08\/THERMO_26.png?fit=584%2C584&ssl=1&resize=350%2C200","width":350,"height":200,"srcset":"https:\/\/i0.wp.com\/tuzlahortum.com.tr\/wp-content\/uploads\/2025\/08\/THERMO_26.png?fit=584%2C584&ssl=1&resize=350%2C200 1x, https:\/\/i0.wp.com\/tuzlahortum.com.tr\/wp-content\/uploads\/2025\/08\/THERMO_26.png?fit=584%2C584&ssl=1&resize=525%2C300 1.5x"},"classes":[]}],"jetpack_sharing_enabled":true,"jetpack_likes_enabled":true,"_links":{"self":[{"href":"https:\/\/tuzlahortum.com.tr\/ru\/wp-json\/wp\/v2\/product\/684","targetHints":{"allow":["GET"]}}],"collection":[{"href":"https:\/\/tuzlahortum.com.tr\/ru\/wp-json\/wp\/v2\/product"}],"about":[{"href":"https:\/\/tuzlahortum.com.tr\/ru\/wp-json\/wp\/v2\/types\/product"}],"replies":[{"embeddable":true,"href":"https:\/\/tuzlahortum.com.tr\/ru\/wp-json\/wp\/v2\/comments?post=684"}],"wp:featuredmedia":[{"embeddable":true,"href":"https:\/\/tuzlahortum.com.tr\/ru\/wp-json\/wp\/v2\/media\/8418"}],"wp:attachment":[{"href":"https:\/\/tuzlahortum.com.tr\/ru\/wp-json\/wp\/v2\/media?parent=684"}],"wp:term":[{"taxonomy":"product_brand","embeddable":true,"href":"https:\/\/tuzlahortum.com.tr\/ru\/wp-json\/wp\/v2\/product_brand?post=684"},{"taxonomy":"product_cat","embeddable":true,"href":"https:\/\/tuzlahortum.com.tr\/ru\/wp-json\/wp\/v2\/product_cat?post=684"},{"taxonomy":"product_tag","embeddable":true,"href":"https:\/\/tuzlahortum.com.tr\/ru\/wp-json\/wp\/v2\/product_tag?post=684"}],"curies":[{"name":"wp","href":"https:\/\/api.w.org\/{rel}","templated":true}]}}