{"id":682,"date":"2019-02-06T23:52:28","date_gmt":"2019-02-06T20:52:28","guid":{"rendered":"http:\/\/hortum.com.tr\/product\/import-placeholder-for-264\/"},"modified":"2024-03-21T17:43:59","modified_gmt":"2024-03-21T14:43:59","slug":"r9-sp-hidrolik-hortumu","status":"publish","type":"product","link":"https:\/\/tuzlahortum.com.tr\/ru\/product\/r9-sp-hidrolik-hortumu\/","title":{"rendered":"\u0413\u0438\u0434\u0440\u0430\u0432\u043b\u0438\u0447\u0435\u0441\u043a\u0438\u0439 \u0448\u043b\u0430\u043d\u0433 R9 SP"},"content":{"rendered":"<h2>\u0413\u0438\u0434\u0440\u0430\u0432\u043b\u0438\u0447\u0435\u0441\u043a\u0438\u0439 \u0448\u043b\u0430\u043d\u0433 R9 SP<\/h2>\n<table border=\"0\">\n<tbody>\n<tr valign=\"top\">\n<td width=\"60\">\u0412\u043d\u0438\u0437\u0443<\/td>\n<td width=\"15\">:<\/td>\n<td width=\"370\">\u0421\u041f\u0415\u0426\u0418\u0410\u041b\u042c\u041d\u0410\u042f \u0421\u0418\u041d\u0422\u0415\u0422\u0418\u0427\u0415\u0421\u041a\u0410\u042f \u0420\u0415\u0417\u0418\u041d\u0410, \u0423\u0421\u0422\u041e\u0419\u0427\u0418\u0412\u0410\u042f \u041a \u041c\u0418\u041d\u0415\u0420\u0410\u041b\u042c\u041d\u042b\u041c, \u0420\u0410\u0421\u0422\u0418\u0422\u0415\u041b\u042c\u041d\u042b\u041c \u0418 \u0413\u0418\u0414\u0420\u0410\u0412\u041b\u0418\u0427\u0415\u0421\u041a\u0418\u041c \u041c\u0410\u0421\u041b\u0410\u041c \u041d\u0410 \u041e\u0421\u041d\u041e\u0412\u0415 \u0413\u041b\u0418\u041a\u041e\u041b\u042f.<\/td>\n<\/tr>\n<tr valign=\"top\">\n<td width=\"60\">\u0410\u0440\u043c\u0438\u0440\u043e\u0432\u0430\u043d\u0438\u0435<\/td>\n<td width=\"15\">:<\/td>\n<td width=\"370\">4 \u0421\u041b\u041e\u042f \u041e\u0427\u0415\u041d\u042c \u041f\u0420\u041e\u0427\u041d\u041e\u0419 \u0421\u041f\u0418\u0420\u0410\u041b\u042c\u041d\u041e\u0419 \u0421\u0422\u0410\u041b\u042c\u041d\u041e\u0419 \u041f\u0420\u041e\u0412\u041e\u041b\u041e\u041a\u0418.<\/td>\n<\/tr>\n<tr valign=\"top\">\n<td width=\"60\">\u041d\u0430\u0432\u0435\u0440\u0445\u0443<\/td>\n<td width=\"15\">:<\/td>\n<td width=\"370\">\u0421\u041f\u0415\u0426\u0418\u0410\u041b\u042c\u041d\u0410\u042f \u041e\u0411\u0415\u0420\u0422\u042b\u0412\u0410\u041d\u041d\u0410\u042f \u0421\u0418\u041d\u0422\u0415\u0422\u0418\u0427\u0415\u0421\u041a\u0410\u042f \u0420\u0415\u0417\u0418\u041d\u0410, \u0423\u0421\u0422\u041e\u0419\u0427\u0418\u0412\u0410\u042f \u041a \u041c\u0410\u0421\u041b\u0410\u041c, \u0418\u0417\u041d\u041e\u0421\u0423 \u0418 \u0412\u0421\u0415\u041c \u041f\u041e\u0413\u041e\u0414\u041d\u042b\u041c \u0423\u0421\u041b\u041e\u0412\u0418\u042f\u041c.<\/td>\n<\/tr>\n<tr valign=\"top\">\n<td width=\"60\">\u041c\u0435\u0441\u0442\u043e \u0438\u0441\u043f\u043e\u043b\u044c\u0437\u043e\u0432\u0430\u043d\u0438\u044f<\/td>\n<td width=\"15\">:<\/td>\n<td width=\"370\">\u0412 \u0413\u0418\u0414\u0420\u0410\u0412\u041b\u0418\u0427\u0415\u0421\u041a\u0418\u0425 \u0421\u0418\u0421\u0422\u0415\u041c\u0410\u0425, \u041a\u041e\u0422\u041e\u0420\u042b\u0415 \u0411\u0423\u0414\u0423\u0422 \u041f\u041e\u0414\u0412\u0415\u0420\u0413\u0410\u0422\u042c\u0421\u042f \u041e\u0427\u0415\u041d\u042c \u0412\u042b\u0421\u041e\u041a\u0418\u041c \u041f\u0418\u041a\u041e\u0412\u042b\u041c \u0414\u0410\u0412\u041b\u0415\u041d\u0418\u042f\u041c \u0418 \u0422\u0420\u0423\u0414\u041d\u042b\u041c \u0423\u0421\u041b\u041e\u0412\u0418\u042f\u041c.<\/td>\n<\/tr>\n<\/tbody>\n<\/table>\n<table border=\"1\" cellspacing=\"1\" cellpadding=\"1\" align=\"center\">\n<thead>\n<tr>\n<th colspan=\"2\" rowspan=\"1\" scope=\"col\">\u0412\u041d\u0423\u0422\u0420\u0415\u041d\u041d\u0418\u0419 \u0414\u0418\u0410\u041c\u0415\u0422\u0420<\/th>\n<th scope=\"col\">\u041d\u0410\u0420\u0423\u0416\u041d\u042b\u0419 \u0414\u0418\u0410\u041c\u0415\u0422\u0420<\/th>\n<th scope=\"col\">\u0420\u0410\u0411\u041e\u0427\u0415\u0415 \u0414\u0410\u0412\u041b\u0415\u041d\u0418\u0415<\/th>\n<th scope=\"col\">\u0414\u0410\u0412\u041b\u0415\u041d\u0418\u0415 \u0412\u0417\u0420\u042b\u0412\u0410<\/th>\n<\/tr>\n<\/thead>\n<tbody>\n<tr>\n<td><strong>\u0434\u044e\u0439\u043c\u044b<\/strong><\/td>\n<td><strong>\u043c\u043c<\/strong><\/td>\n<td><strong>\u043c\u043c<\/strong><\/td>\n<td><strong>\u0431\u0430\u0440<\/strong><\/td>\n<td><strong>\u0431\u0430\u0440<\/strong><\/td>\n<\/tr>\n<tr>\n<td>1\/4<\/td>\n<td>6.4<\/td>\n<td>17.6<\/td>\n<td>450<\/td>\n<td>1800<\/td>\n<\/tr>\n<tr>\n<td>3\/8<\/td>\n<td>9.5<\/td>\n<td>21.2<\/td>\n<td>445<\/td>\n<td>1780<\/td>\n<\/tr>\n<tr>\n<td>1\/2<\/td>\n<td>12.7<\/td>\n<td>24.4<\/td>\n<td>415<\/td>\n<td>1660<\/td>\n<\/tr>\n<tr>\n<td>5\/8<\/td>\n<td>16<\/td>\n<td>28<\/td>\n<td>350<\/td>\n<td>1400<\/td>\n<\/tr>\n<tr>\n<td>3\/4<\/td>\n<td>19<\/td>\n<td>32<\/td>\n<td>350<\/td>\n<td>1400<\/td>\n<\/tr>\n<tr>\n<td>1\u2033<\/td>\n<td>25.4<\/td>\n<td>39.1<\/td>\n<td>280<\/td>\n<td>1120<\/td>\n<\/tr>\n<\/tbody>\n<\/table>\n<p>&nbsp;<\/p>\n<div class=\"video video-fit mb\" style=\"padding-top:56.25%;\"><p><iframe loading=\"lazy\" title=\"\u041f\u0443\u0442\u0430\u043d\u0438\u0446\u0430 \u0432 \u0438\u0437\u043c\u0435\u0440\u0435\u043d\u0438\u044f\u0445 (\u0434\u044e\u0439\u043c\u044b, \u043f\u0430\u043b\u044c\u0446\u044b, \u0434\u044b\u043c\u043a\u0430, \u043c\u0438\u043b\u043b\u0438\u043c\u0435\u0442\u0440\u044b)\" width=\"1020\" height=\"574\" src=\"https:\/\/www.youtube.com\/embed\/uKk6AG_AZls?feature=oembed\" frameborder=\"0\" allow=\"accelerometer; autoplay; clipboard-write; encrypted-media; gyroscope; picture-in-picture; web-share\" referrerpolicy=\"strict-origin-when-cross-origin\" allowfullscreen><\/iframe><\/p>\n<\/div>","protected":false},"excerpt":{"rendered":"<p>R9 SP Hidrolik Hortumu Alt Kat : M\u0130NERAL, NEBAT\u0130 VE GL\u0130KOL BAZLI H\u0130DROL\u0130K YA\u011eLARA DAYANIKLI \u00d6ZEL SENTET\u0130K KAU\u00c7UK. Takviye : 4 KAT \u00c7OK Y\u00dcKSEK MUKAVEMETL\u0130 SP\u0130RAL \u00c7EL\u0130K TEL. \u00dcst Kat : YA\u011eLARA, A\u015eINMAYA VE HER T\u00dcRL\u00dc HAVA \u015eARTLARINA DAYANIKLI SARGILI \u00d6ZEL SENTET\u0130K KAU\u00c7UK. Kullan\u0131m Yeri : \u00c7OK Y\u00dcKSEK P\u0130K BASIN\u00c7LARA VE ZOR \u015eARTLARA MARUZ KALACAK [&#8230;]\n","protected":false},"featured_media":8414,"comment_status":"open","ping_status":"closed","template":"","meta":{"jetpack_post_was_ever_published":false},"product_brand":[],"product_cat":[157,88],"product_tag":[558,2171,658,660,693,2170,2303,2302,659,661],"class_list":{"0":"post-682","1":"product","2":"type-product","3":"status-publish","4":"has-post-thumbnail","6":"product_cat-hidrolik-hortum","7":"product_cat-hidrolik-hortumlar","8":"product_tag-basinc","9":"product_tag-glikoz","10":"product_tag-hidrolik-hortum","11":"product_tag-hidrolik-yaglara-dayanikli","12":"product_tag-mineral","13":"product_tag-nebati","14":"product_tag-r9-sp","15":"product_tag-r9-sp-hidrolik-hortumu","16":"product_tag-sentetik-kaucuk","17":"product_tag-yuksek-mukavemetli","19":"first","20":"instock","21":"taxable","22":"shipping-taxable","23":"product-type-variable"},"jetpack-related-posts":[],"jetpack_sharing_enabled":true,"jetpack_likes_enabled":true,"_links":{"self":[{"href":"https:\/\/tuzlahortum.com.tr\/ru\/wp-json\/wp\/v2\/product\/682","targetHints":{"allow":["GET"]}}],"collection":[{"href":"https:\/\/tuzlahortum.com.tr\/ru\/wp-json\/wp\/v2\/product"}],"about":[{"href":"https:\/\/tuzlahortum.com.tr\/ru\/wp-json\/wp\/v2\/types\/product"}],"replies":[{"embeddable":true,"href":"https:\/\/tuzlahortum.com.tr\/ru\/wp-json\/wp\/v2\/comments?post=682"}],"wp:featuredmedia":[{"embeddable":true,"href":"https:\/\/tuzlahortum.com.tr\/ru\/wp-json\/wp\/v2\/media\/8414"}],"wp:attachment":[{"href":"https:\/\/tuzlahortum.com.tr\/ru\/wp-json\/wp\/v2\/media?parent=682"}],"wp:term":[{"taxonomy":"product_brand","embeddable":true,"href":"https:\/\/tuzlahortum.com.tr\/ru\/wp-json\/wp\/v2\/product_brand?post=682"},{"taxonomy":"product_cat","embeddable":true,"href":"https:\/\/tuzlahortum.com.tr\/ru\/wp-json\/wp\/v2\/product_cat?post=682"},{"taxonomy":"product_tag","embeddable":true,"href":"https:\/\/tuzlahortum.com.tr\/ru\/wp-json\/wp\/v2\/product_tag?post=682"}],"curies":[{"name":"wp","href":"https:\/\/api.w.org\/{rel}","templated":true}]}}