{"id":680,"date":"2019-02-06T23:52:27","date_gmt":"2019-02-06T20:52:27","guid":{"rendered":"http:\/\/hortum.com.tr\/product\/import-placeholder-for-270\/"},"modified":"2024-03-21T17:44:01","modified_gmt":"2024-03-21T14:44:01","slug":"paslanmaz-orgulu-duz-teflon-hortum","status":"publish","type":"product","link":"https:\/\/tuzlahortum.com.tr\/ru\/product\/paslanmaz-orgulu-duz-teflon-hortum\/","title":{"rendered":"\u041f\u043b\u043e\u0441\u043a\u0438\u0439 \u0442\u0435\u0444\u043b\u043e\u043d\u043e\u0432\u044b\u0439 \u0448\u043b\u0430\u043d\u0433 \u0441 \u043e\u043f\u043b\u0435\u0442\u043a\u043e\u0439 \u0438\u0437 \u043d\u0435\u0440\u0436\u0430\u0432\u0435\u044e\u0449\u0435\u0439 \u0441\u0442\u0430\u043b\u0438"},"content":{"rendered":"<h2>\u041f\u043b\u043e\u0441\u043a\u0438\u0439 \u0442\u0435\u0444\u043b\u043e\u043d\u043e\u0432\u044b\u0439 \u0448\u043b\u0430\u043d\u0433 \u0441 \u043e\u043f\u043b\u0435\u0442\u043a\u043e\u0439 \u0438\u0437 \u043d\u0435\u0440\u0436\u0430\u0432\u0435\u044e\u0449\u0435\u0439 \u0441\u0442\u0430\u043b\u0438<\/h2>\n<p><strong>\u041e\u0411\u0429\u0418\u0415 \u0425\u0410\u0420\u0410\u041a\u0422\u0415\u0420\u0418\u0421\u0422\u0418\u041a\u0418<\/strong><\/p>\n<ol>\n<li>\u0413\u043b\u0430\u0434\u043a\u0430\u044f \u0432\u043d\u0443\u0442\u0440\u0435\u043d\u043d\u044f\u044f \u043f\u043e\u0432\u0435\u0440\u0445\u043d\u043e\u0441\u0442\u044c \u0438\u0437 \u0442\u0435\u0444\u043b\u043e\u043d\u0430 (\u041f\u0422\u0424\u042d), \u0432\u044b\u0441\u043e\u043a\u0430\u044f \u043c\u0435\u0445\u0430\u043d\u0438\u0447\u0435\u0441\u043a\u0430\u044f \u0441\u0442\u043e\u0439\u043a\u043e\u0441\u0442\u044c, \u0434\u0438\u044d\u043b\u0435\u043a\u0442\u0440\u0438\u0447\u043d\u043e\u0441\u0442\u044c \u0438 \u043e\u0433\u043d\u0435\u0441\u0442\u043e\u0439\u043a\u043e\u0441\u0442\u044c.<\/li>\n<li>\u0412\u044b\u0441\u043e\u043a\u043e\u043f\u0440\u043e\u0447\u043d\u0430\u044f \u043e\u043f\u043b\u0435\u0442\u043a\u0430 \u0438\u0437 \u043d\u0435\u0440\u0436\u0430\u0432\u0435\u044e\u0449\u0435\u0439 \u0441\u0442\u0430\u043b\u0438 AISI 304<\/li>\n<li>\u041e\u043d \u0438\u0441\u043f\u043e\u043b\u044c\u0437\u0443\u0435\u0442\u0441\u044f \u0432 \u043a\u043e\u043c\u043f\u0440\u0435\u0441\u0441\u043e\u0440\u0430\u0445, \u0433\u0430\u0437\u043e\u0432\u043e\u0439, \u043f\u0430\u0440\u043e\u0432\u043e\u0439, \u0432\u043e\u0434\u043d\u043e\u0439, \u0432\u043e\u0437\u0434\u0443\u0448\u043d\u043e\u0439, \u043c\u0430\u0437\u0443\u0442\u043d\u043e\u0439, \u0445\u0438\u043c\u0438\u0447\u0435\u0441\u043a\u043e\u0439, \u043f\u0438\u0449\u0435\u0432\u043e\u0439 \u0438 \u0444\u0430\u0440\u043c\u0430\u0446\u0435\u0432\u0442\u0438\u0447\u0435\u0441\u043a\u043e\u0439 \u043f\u0440\u043e\u043c\u044b\u0448\u043b\u0435\u043d\u043d\u043e\u0441\u0442\u0438, \u0432 \u043b\u0438\u043d\u0438\u044f\u0445 \u043f\u0435\u0440\u0435\u0434\u0430\u0447\u0438 \u0440\u0430\u0441\u0442\u0432\u043e\u0440\u0438\u0442\u0435\u043b\u0435\u0439, \u043f\u0438\u0433\u043c\u0435\u043d\u0442\u043e\u0432 \u0438 \u043a\u0440\u0430\u0441\u043e\u043a.<\/li>\n<li style=\"font-weight: 400;\">\u0414\u0438\u0430\u043f\u0430\u0437\u043e\u043d \u0442\u0435\u043c\u043f\u0435\u0440\u0430\u0442\u0443\u0440: \u043e\u0442 -40\u00b0C \u0434\u043e 260\u00b0C.<\/li>\n<\/ol>\n<div class=\"video video-fit mb\" style=\"padding-top:56.25%;\"><p><iframe loading=\"lazy\" title=\"\u041f\u0443\u0442\u0430\u043d\u0438\u0446\u0430 \u0432 \u0438\u0437\u043c\u0435\u0440\u0435\u043d\u0438\u044f\u0445 (\u0434\u044e\u0439\u043c\u044b, \u043f\u0430\u043b\u044c\u0446\u044b, \u0434\u044b\u043c\u043a\u0430, \u043c\u0438\u043b\u043b\u0438\u043c\u0435\u0442\u0440\u044b)\" width=\"1020\" height=\"574\" src=\"https:\/\/www.youtube.com\/embed\/uKk6AG_AZls?feature=oembed\" frameborder=\"0\" allow=\"accelerometer; autoplay; clipboard-write; encrypted-media; gyroscope; picture-in-picture; web-share\" referrerpolicy=\"strict-origin-when-cross-origin\" allowfullscreen><\/iframe><\/p>\n<\/div>","protected":false},"excerpt":{"rendered":"<p>Paslanmaz \u00d6rg\u00fcl\u00fc D\u00fcz Teflon Hortum GENEL \u00d6ZELL\u0130KLER \u0130\u00e7 k\u0131sm\u0131 teflon (PTFE) d\u00fcz, y\u00fcksek\u00a0mekanik diren\u00e7li, dielektriksel,ve ate\u015fe dayan\u0131kl\u0131 Y\u00fcksek gerilmeye mukavemetli\u00a0 paslanmaz\u00a0\u00a0AISI 304 \u00e7elik tel \u00f6rg\u00fcl\u00fc Kompres\u00f6rlerde, gaz, buhar, su, hava, fuel\u00a0oil,kimya, g\u0131da,ila\u00e7 end\u00fcstrisinde,\u00a0solventlerde,pigmentlerde, ve boya transfer hatlar\u0131nda kullan\u0131lmaktad\u0131r. S\u0131cakl\u0131k aral\u0131\u011f\u0131 :-40\u00b0C ile260\u00b0C<\/p>","protected":false},"featured_media":9071,"comment_status":"open","ping_status":"closed","template":"","meta":{"jetpack_post_was_ever_published":false},"product_brand":[],"product_cat":[88],"product_tag":[2104,689,681,683,680,676,669,338,402,424,290,685,684,682,679,675,666,678,687,686,555,677],"class_list":{"0":"post-680","1":"product","2":"type-product","3":"status-publish","4":"has-post-thumbnail","6":"product_cat-hidrolik-hortumlar","7":"product_tag-40c","8":"product_tag-260c","9":"product_tag-atese-dayanikli","10":"product_tag-buhar","11":"product_tag-dielektriksel","12":"product_tag-duz","13":"product_tag-fuel-oil-2","14":"product_tag-gaz","15":"product_tag-gida","16":"product_tag-hava","17":"product_tag-hortum","18":"product_tag-ilac-endustrisinde","19":"product_tag-kimya","20":"product_tag-kompresorlerde","21":"product_tag-mekanik-direncli","22":"product_tag-orgulu","23":"product_tag-paslanmaz","24":"product_tag-paslanmaz-orgulu-duz-teflon-hortum","25":"product_tag-pigmentlerde","26":"product_tag-solventlerde","27":"product_tag-su","28":"product_tag-teflon","30":"first","31":"instock","32":"taxable","33":"shipping-taxable","34":"product-type-variable"},"jetpack-related-posts":[],"jetpack_sharing_enabled":true,"jetpack_likes_enabled":true,"_links":{"self":[{"href":"https:\/\/tuzlahortum.com.tr\/ru\/wp-json\/wp\/v2\/product\/680","targetHints":{"allow":["GET"]}}],"collection":[{"href":"https:\/\/tuzlahortum.com.tr\/ru\/wp-json\/wp\/v2\/product"}],"about":[{"href":"https:\/\/tuzlahortum.com.tr\/ru\/wp-json\/wp\/v2\/types\/product"}],"replies":[{"embeddable":true,"href":"https:\/\/tuzlahortum.com.tr\/ru\/wp-json\/wp\/v2\/comments?post=680"}],"wp:featuredmedia":[{"embeddable":true,"href":"https:\/\/tuzlahortum.com.tr\/ru\/wp-json\/wp\/v2\/media\/9071"}],"wp:attachment":[{"href":"https:\/\/tuzlahortum.com.tr\/ru\/wp-json\/wp\/v2\/media?parent=680"}],"wp:term":[{"taxonomy":"product_brand","embeddable":true,"href":"https:\/\/tuzlahortum.com.tr\/ru\/wp-json\/wp\/v2\/product_brand?post=680"},{"taxonomy":"product_cat","embeddable":true,"href":"https:\/\/tuzlahortum.com.tr\/ru\/wp-json\/wp\/v2\/product_cat?post=680"},{"taxonomy":"product_tag","embeddable":true,"href":"https:\/\/tuzlahortum.com.tr\/ru\/wp-json\/wp\/v2\/product_tag?post=680"}],"curies":[{"name":"wp","href":"https:\/\/api.w.org\/{rel}","templated":true}]}}