{"id":678,"date":"2019-02-06T23:52:27","date_gmt":"2019-02-06T20:52:27","guid":{"rendered":"http:\/\/hortum.com.tr\/product\/import-placeholder-for-488\/"},"modified":"2024-03-21T17:44:03","modified_gmt":"2024-03-21T14:44:03","slug":"trelleborg-din-2-te","status":"publish","type":"product","link":"https:\/\/tuzlahortum.com.tr\/ru\/product\/trelleborg-din-2-te\/","title":{"rendered":"\u0422\u0440\u0435\u043b\u043b\u0435\u0431\u043e\u0440\u0433 DIN 2 TE"},"content":{"rendered":"<h2>\u0422\u0440\u0435\u043b\u043b\u0435\u0431\u043e\u0440\u0433 DIN 2 TE<\/h2>\n<p>\u0433\u0438\u0434\u0440\u0430\u0432\u043b\u0438\u0447\u0435\u0441\u043a\u0438\u0435 \u043b\u0438\u043d\u0438\u0438 \u0443\u043f\u0440\u0430\u0432\u043b\u0435\u043d\u0438\u044f<\/p>\n<p>\u0428\u043b\u0430\u043d\u0433 \u0438\u0437 \u0430\u0440\u043c\u0438\u0440\u043e\u0432\u0430\u043d\u043d\u043e\u0439 \u0442\u043a\u0430\u043d\u044c\u044e \u0440\u0435\u0437\u0438\u043d\u044b \u0434\u043b\u044f \u043b\u0438\u043d\u0438\u0439 \u0433\u0438\u0434\u0440\u0430\u0432\u043b\u0438\u0447\u0435\u0441\u043a\u043e\u0433\u043e \u0443\u043f\u0440\u0430\u0432\u043b\u0435\u043d\u0438\u044f.<\/p>\n<p>\u041e\u0442\u043a\u0430\u0447\u043a\u0430 \u0433\u0438\u0434\u0440\u0430\u0432\u043b\u0438\u0447\u0435\u0441\u043a\u0438\u0445 \u0436\u0438\u0434\u043a\u043e\u0441\u0442\u0435\u0439, \u043c\u0430\u0441\u043b\u0430, \u0432\u043e\u0437\u0434\u0443\u0445\u0430 \u0438 \u0432\u043e\u0434\u044b \u043f\u043e\u0434 \u0434\u0430\u0432\u043b\u0435\u043d\u0438\u0435\u043c.<\/p>\n<p>\u041f\u0440\u0435\u0438\u043c\u0443\u0449\u0435\u0441\u0442\u0432\u0430<\/p>\n<p>*\u041e\u043d \u043b\u0435\u0433\u043a\u0438\u0439 \u0438 \u0433\u0438\u0431\u043a\u0438\u0439 \u0431\u043b\u0430\u0433\u043e\u0434\u0430\u0440\u044f \u0442\u0435\u043a\u0441\u0442\u0438\u043b\u044c\u043d\u043e\u043c\u0443 \u0430\u0440\u043c\u0438\u0440\u043e\u0432\u0430\u043d\u0438\u044e.<\/p>\n<p>*\u041f\u0440\u0435\u0434\u043e\u0442\u0432\u0440\u0430\u0449\u0430\u0435\u0442 \u0432\u0438\u0431\u0440\u0430\u0446\u0438\u0438 \u0432 \u0433\u0438\u0434\u0440\u0430\u0432\u043b\u0438\u0447\u0435\u0441\u043a\u0438\u0445 \u043b\u0438\u043d\u0438\u044f\u0445.<\/p>\n<p>*\u0417\u0430\u0445\u0432\u0430\u0442\u044b \u0434\u043b\u044f \u0448\u043b\u0430\u043d\u0433\u043e\u0432 \u0447\u0440\u0435\u0437\u0432\u044b\u0447\u0430\u0439\u043d\u043e \u0443\u0441\u0442\u043e\u0439\u0447\u0438\u0432\u044b \u043a \u0432\u043e\u0437\u0434\u0435\u0439\u0441\u0442\u0432\u0438\u044e \u043c\u0430\u0441\u0435\u043b \u0438 \u0436\u0438\u0440\u043e\u0432.<\/p>\n<p>\u0422\u0435\u0445\u043d\u0438\u0447\u0435\u0441\u043a\u043e\u0435 \u043e\u043f\u0438\u0441\u0430\u043d\u0438\u0435<\/p>\n<p>\u0412\u043d\u0443\u0442\u0440\u0435\u043d\u043d\u044f\u044f \u0442\u0440\u0443\u0431\u043a\u0430: \u043c\u0430\u0441\u043b\u043e\u0441\u0442\u043e\u0439\u043a\u0438\u0439 NBR, \u0447\u0435\u0440\u043d\u044b\u0439, \u0433\u043b\u0430\u0434\u043a\u0438\u0439.<\/p>\n<p>\u0423\u0441\u0438\u043b\u0435\u043d\u0438\u0435: \u043e\u0434\u0438\u043d\u0430\u0440\u043d\u0430\u044f \u0442\u0435\u043a\u0441\u0442\u0438\u043b\u044c\u043d\u0430\u044f \u043e\u043f\u043b\u0435\u0442\u043a\u0430 INNER\u226425 \u043c\u043c, \u0434\u0432\u043e\u0439\u043d\u0430\u044f \u0442\u0435\u043a\u0441\u0442\u0438\u043b\u044c\u043d\u0430\u044f \u043e\u043f\u043b\u0435\u0442\u043a\u0430 ID&gt;25 \u043c\u043c.<\/p>\n<p>\u041f\u043e\u043a\u0440\u044b\u0442\u0438\u0435: \u043c\u0430\u0441\u043b\u043e- \u0438 \u0430\u0431\u0440\u0430\u0437\u0438\u0432\u043e\u0441\u0442\u043e\u0439\u043a\u043e\u0435 CR, \u0447\u0435\u0440\u043d\u043e\u0435, \u0433\u043b\u0430\u0434\u043a\u043e\u0435.<\/p>\n<p>\u0414\u0438\u0430\u043f\u0430\u0437\u043e\u043d \u0442\u0435\u043c\u043f\u0435\u0440\u0430\u0442\u0443\u0440:<\/p>\n<p>\u0413\u0438\u0434\u0440\u0430\u0432\u043b\u0438\u0447\u0435\u0441\u043a\u0438\u0435 \u0436\u0438\u0434\u043a\u043e\u0441\u0442\u0438: \u043e\u0442 -40\u00b0C \u0434\u043e +100\u00b0C.<\/p>\n<p>\u0412\u043e\u0434\u043d\u044b\u0435 \u0436\u0438\u0434\u043a\u043e\u0441\u0442\u0438: \u043e\u0442 -40\u00b0C \u0434\u043e +70\u00b0C.<\/p>\n<p>\u0412\u043e\u0434\u0430: \u043e\u0442 0\u00b0C \u0434\u043e +70\u00b0C..<\/p>\n<p>\u0421\u0442\u0430\u043d\u0434\u0430\u0440\u0442\/\u043e\u0434\u043e\u0431\u0440\u0435\u043d\u0438\u0435: DIN 20 021 2TE, EN 854:1996 2TE.<\/p>\n<p>\u0414\u043e\u043f\u043e\u043b\u043d\u0438\u0442\u0435\u043b\u044c\u043d\u0430\u044f \u0438\u043d\u0444\u043e\u0440\u043c\u0430\u0446\u0438\u044f<\/p>\n<p>\u0423\u0441\u043b\u043e\u0432\u0438\u044f \u0434\u043e\u0441\u0442\u0430\u0432\u043a\u0438 \u043e\u043f\u0440\u0435\u0434\u0435\u043b\u044f\u044e\u0442\u0441\u044f \u0441\u043e\u0433\u043b\u0430\u0441\u043d\u043e \u0437\u0430\u043a\u0430\u0437\u0443.<\/p>\n<p>%50 sabit uzunluk;<\/p>\n<p>%50 rastgele uzunluklar :<\/p>\n<p>10-39 \u043c\u043c \u0434\u043b\u044f \u0432\u0441\u0435\u0445 \u041e\u0414,<\/p>\n<p>41-119\u043c \u0434\u043b\u044f \u041e\u0414 4,8-15,9,<\/p>\n<p>41\u201379 \u043c \u0434\u043b\u044f IA 19\u201325,4.<\/p>\n<div class=\"video video-fit mb\" style=\"padding-top:56.25%;\"><p><iframe loading=\"lazy\" title=\"\u041f\u0443\u0442\u0430\u043d\u0438\u0446\u0430 \u0432 \u0438\u0437\u043c\u0435\u0440\u0435\u043d\u0438\u044f\u0445 (\u0434\u044e\u0439\u043c\u044b, \u043f\u0430\u043b\u044c\u0446\u044b, \u0434\u044b\u043c\u043a\u0430, \u043c\u0438\u043b\u043b\u0438\u043c\u0435\u0442\u0440\u044b)\" width=\"1020\" height=\"574\" src=\"https:\/\/www.youtube.com\/embed\/uKk6AG_AZls?feature=oembed\" frameborder=\"0\" allow=\"accelerometer; autoplay; clipboard-write; encrypted-media; gyroscope; picture-in-picture; web-share\" referrerpolicy=\"strict-origin-when-cross-origin\" allowfullscreen><\/iframe><\/p>\n<\/div>\n<p><img data-recalc-dims=\"1\" loading=\"lazy\" decoding=\"async\" class=\"alignnone size-medium wp-image-2122\" src=\"https:\/\/i0.wp.com\/hortum.com.tr\/wp-content\/uploads\/urunler\/trelleborg\/Trelleborg-DIN-2-TE-800x222.jpg?resize=800%2C222\" alt=\"\" width=\"800\" height=\"222\" title=\"\" srcset=\"https:\/\/i0.wp.com\/tuzlahortum.com.tr\/wp-content\/uploads\/urunler\/trelleborg\/Trelleborg-DIN-2-TE.jpg?resize=800%2C222&amp;ssl=1 800w, https:\/\/i0.wp.com\/tuzlahortum.com.tr\/wp-content\/uploads\/urunler\/trelleborg\/Trelleborg-DIN-2-TE.jpg?resize=768%2C214&amp;ssl=1 768w, https:\/\/i0.wp.com\/tuzlahortum.com.tr\/wp-content\/uploads\/urunler\/trelleborg\/Trelleborg-DIN-2-TE.jpg?resize=600%2C167&amp;ssl=1 600w, https:\/\/i0.wp.com\/tuzlahortum.com.tr\/wp-content\/uploads\/urunler\/trelleborg\/Trelleborg-DIN-2-TE.jpg?w=1032&amp;ssl=1 1032w\" sizes=\"auto, (max-width: 800px) 100vw, 800px\" \/><\/p>","protected":false},"excerpt":{"rendered":"<p>Trelleborg DIN 2 TE Hidrolik kontrol hatlar\u0131 Hidrolik kontrol hatlar\u0131 i\u00e7in tekstil takviyeli kau\u00e7uk hortum. Bas\u0131n\u00e7 alt\u0131ndaki hidrolik s\u0131v\u0131lar, ya\u011f, hava ve suyun tahliyesi. Avantajlar *Tekstil takviyesi sayesinde hafif ve esnektir. *Hidrolik hatlarda tire\u015fimleri engeller. *Hortum kapmalar\u0131 ya\u011f ve grese kar\u015f\u0131 son derece dayan\u0131kl\u0131d\u0131r. Teknik a\u00e7\u0131klama \u0130\u00e7 t\u00fcp :\u00a0ya\u011fa dayan\u0131kl\u0131 NBR, siyah, d\u00fcz. Takviye :\u00a0\u0130\u00c7\u226425mm [&#8230;]\n","protected":false},"featured_media":2639,"comment_status":"open","ping_status":"closed","template":"","meta":{"jetpack_post_was_ever_published":false},"product_brand":[],"product_cat":[179],"product_tag":[294,647,290],"class_list":{"0":"post-678","1":"product","2":"type-product","3":"status-publish","4":"has-post-thumbnail","6":"product_cat-hidrolik-kontrol-hortumlari","7":"product_tag-dayanikli","8":"product_tag-hidrolik","9":"product_tag-hortum","11":"first","12":"instock","13":"taxable","14":"shipping-taxable","15":"product-type-variable"},"jetpack-related-posts":[{"id":677,"url":"https:\/\/tuzlahortum.com.tr\/ru\/product\/trelleborg-din-1-te\/","url_meta":{"origin":678,"position":0},"title":"\u0422\u0440\u0435\u043b\u043b\u0435\u0431\u043e\u0440\u0433 DIN 1 TE","author":"admin","date":"6 \u0444\u0435\u0432\u0440\u0430\u043b\u044f 2019","format":false,"excerpt":"Trelleborg DIN 1 TEHidrolik kontrol hatlar\u0131 Hidrolik kontrol hatlar\u0131 i\u00e7in tekstil takviyeli kau\u00e7uk hortum. Bas\u0131n\u00e7 alt\u0131ndaki hidrolik s\u0131v\u0131lar, ya\u011f, ya\u011fl\u0131 hava ve suyun tahliyesi. Avantajlar *Tekstil takviyesi sayesinde hafif ve esnektir. *Hidrolik hatlarda tire\u015fimleri engeller. *Hortum kapmalar\u0131 ya\u011f ve grese kar\u015f\u0131 son derece dayan\u0131kl\u0131d\u0131r. Teknik a\u00e7\u0131klama \u0130\u00e7 t\u00fcp :\u00a0ya\u011fa dayan\u0131kl\u0131\u2026","rel":"","context":"\u041f\u043e\u0445\u043e\u0436\u0430\u044f \u0437\u0430\u043f\u0438\u0441\u044c","block_context":{"text":"\u041f\u043e\u0445\u043e\u0436\u0430\u044f \u0437\u0430\u043f\u0438\u0441\u044c","link":""},"img":{"alt_text":"","src":"https:\/\/i0.wp.com\/tuzlahortum.com.tr\/wp-content\/uploads\/2019\/02\/DIN-1TE.jpg?fit=800%2C800&ssl=1&resize=350%2C200","width":350,"height":200,"srcset":"https:\/\/i0.wp.com\/tuzlahortum.com.tr\/wp-content\/uploads\/2019\/02\/DIN-1TE.jpg?fit=800%2C800&ssl=1&resize=350%2C200 1x, https:\/\/i0.wp.com\/tuzlahortum.com.tr\/wp-content\/uploads\/2019\/02\/DIN-1TE.jpg?fit=800%2C800&ssl=1&resize=525%2C300 1.5x, https:\/\/i0.wp.com\/tuzlahortum.com.tr\/wp-content\/uploads\/2019\/02\/DIN-1TE.jpg?fit=800%2C800&ssl=1&resize=700%2C400 2x"},"classes":[]},{"id":679,"url":"https:\/\/tuzlahortum.com.tr\/ru\/product\/trelleborg-din-3-te\/","url_meta":{"origin":678,"position":1},"title":"\u0422\u0440\u0435\u043b\u043b\u0435\u0431\u043e\u0440\u0433 DIN 3 TE","author":"admin","date":"6 \u0444\u0435\u0432\u0440\u0430\u043b\u044f 2019","format":false,"excerpt":"Trelleborg DIN 3 TEHidrolik kontrol hatlar\u0131 Hidrolik kontrol hatlar\u0131 i\u00e7in tekstil takviyeli kau\u00e7uk hortum. Bas\u0131n\u00e7 alt\u0131ndaki hidrolik s\u0131v\u0131lar, ya\u011f, hava ve suyun tahliyesi. Avantajlar *Tekstil takviyesi sayesinde hafif ve esnektir. *Hidrolik hatlarda tire\u015fimleri engeller. *Hortum kapmalar\u0131 ya\u011f ve grese kar\u015f\u0131 son derece dayan\u0131kl\u0131d\u0131r. Teknik a\u00e7\u0131klama \u0130\u00e7 t\u00fcp :\u00a0ya\u011fa dayan\u0131kl\u0131 NBR,\u2026","rel":"","context":"\u041f\u043e\u0445\u043e\u0436\u0430\u044f \u0437\u0430\u043f\u0438\u0441\u044c","block_context":{"text":"\u041f\u043e\u0445\u043e\u0436\u0430\u044f \u0437\u0430\u043f\u0438\u0441\u044c","link":""},"img":{"alt_text":"","src":"https:\/\/i0.wp.com\/tuzlahortum.com.tr\/wp-content\/uploads\/2019\/02\/DIN-3TE.jpg?fit=800%2C800&ssl=1&resize=350%2C200","width":350,"height":200,"srcset":"https:\/\/i0.wp.com\/tuzlahortum.com.tr\/wp-content\/uploads\/2019\/02\/DIN-3TE.jpg?fit=800%2C800&ssl=1&resize=350%2C200 1x, https:\/\/i0.wp.com\/tuzlahortum.com.tr\/wp-content\/uploads\/2019\/02\/DIN-3TE.jpg?fit=800%2C800&ssl=1&resize=525%2C300 1.5x, https:\/\/i0.wp.com\/tuzlahortum.com.tr\/wp-content\/uploads\/2019\/02\/DIN-3TE.jpg?fit=800%2C800&ssl=1&resize=700%2C400 2x"},"classes":[]},{"id":906,"url":"https:\/\/tuzlahortum.com.tr\/ru\/product\/trelleborg-aquakler-10\/","url_meta":{"origin":678,"position":2},"title":"\u0422\u0440\u0435\u043b\u043b\u0435\u0431\u043e\u0440\u0433 \u0410\u041a\u0412\u0410\u041a\u041b\u0415\u0420 10","author":"admin","date":"6 \u0444\u0435\u0432\u0440\u0430\u043b\u044f 2019","format":false,"excerpt":"Trelleborg AQUAKLER 10Su\/Tahliye uygulamalar\u0131 Sulama donan\u0131mlar\u0131 i\u00e7in besleme hatlar\u0131, hortum sarg\u0131lar\u0131 ve sulama muslu\u011fu aras\u0131nda ba\u011flant\u0131 hatlar\u0131 (uzunluk 5 ila 10m) ve bina ve bay\u0131nd\u0131rl\u0131k hizmetleri i\u00e7in su tahliye hortumu. Avantajlar *Esnek, kolay ta\u015f\u0131n\u0131r, hafif bir hortumdur ancak y\u00fcksek i\u015fletme bas\u0131n\u00e7lar\u0131na kar\u015f\u0131\u00a0dayan\u0131kl\u0131d\u0131r. *Kolay depolama ve ta\u015f\u0131ma i\u00e7in d\u00fcz olarak sar\u0131l\u0131r.\u2026","rel":"","context":"\u041f\u043e\u0445\u043e\u0436\u0430\u044f \u0437\u0430\u043f\u0438\u0441\u044c","block_context":{"text":"\u041f\u043e\u0445\u043e\u0436\u0430\u044f \u0437\u0430\u043f\u0438\u0441\u044c","link":""},"img":{"alt_text":"","src":"https:\/\/i0.wp.com\/tuzlahortum.com.tr\/wp-content\/uploads\/2019\/02\/AQUA-10.jpg?fit=800%2C800&ssl=1&resize=350%2C200","width":350,"height":200,"srcset":"https:\/\/i0.wp.com\/tuzlahortum.com.tr\/wp-content\/uploads\/2019\/02\/AQUA-10.jpg?fit=800%2C800&ssl=1&resize=350%2C200 1x, https:\/\/i0.wp.com\/tuzlahortum.com.tr\/wp-content\/uploads\/2019\/02\/AQUA-10.jpg?fit=800%2C800&ssl=1&resize=525%2C300 1.5x, https:\/\/i0.wp.com\/tuzlahortum.com.tr\/wp-content\/uploads\/2019\/02\/AQUA-10.jpg?fit=800%2C800&ssl=1&resize=700%2C400 2x"},"classes":[]},{"id":908,"url":"https:\/\/tuzlahortum.com.tr\/ru\/product\/trelleborg-aquakler-5\/","url_meta":{"origin":678,"position":3},"title":"\u0422\u0440\u0435\u043b\u043b\u0435\u0431\u043e\u0440\u0433 \u0410\u041a\u0412\u0410\u041a\u041b\u0415\u0420 5","author":"admin","date":"6 \u0444\u0435\u0432\u0440\u0430\u043b\u044f 2019","format":false,"excerpt":"Trelleborg AQUAKLER 5Su\/Tahliye uygulamalar\u0131 Sulama donan\u0131mlar\u0131 i\u00e7in besleme hatlar\u0131, hortum sarg\u0131lar\u0131 ve sulama muslu\u011fu aras\u0131nda ba\u011flant\u0131 hatlar\u0131 (uzunluk 5 ila 10m) ve bina ve bay\u0131nd\u0131rl\u0131k hizmetleri i\u00e7in su tahliye hortumu. Avantajlar *Esnek, kolay ta\u015f\u0131n\u0131r, hafif bir hortumdur ancak y\u00fcksek i\u015fletme bas\u0131n\u00e7lar\u0131na kar\u015f\u0131\u00a0dayan\u0131kl\u0131d\u0131r. *Kolay depolama ve ta\u015f\u0131ma i\u00e7in d\u00fcz olarak sar\u0131l\u0131r.\u2026","rel":"","context":"\u041f\u043e\u0445\u043e\u0436\u0430\u044f \u0437\u0430\u043f\u0438\u0441\u044c","block_context":{"text":"\u041f\u043e\u0445\u043e\u0436\u0430\u044f \u0437\u0430\u043f\u0438\u0441\u044c","link":""},"img":{"alt_text":"","src":"https:\/\/i0.wp.com\/tuzlahortum.com.tr\/wp-content\/uploads\/2019\/02\/AQUA-5.jpg?fit=800%2C800&ssl=1&resize=350%2C200","width":350,"height":200,"srcset":"https:\/\/i0.wp.com\/tuzlahortum.com.tr\/wp-content\/uploads\/2019\/02\/AQUA-5.jpg?fit=800%2C800&ssl=1&resize=350%2C200 1x, https:\/\/i0.wp.com\/tuzlahortum.com.tr\/wp-content\/uploads\/2019\/02\/AQUA-5.jpg?fit=800%2C800&ssl=1&resize=525%2C300 1.5x, https:\/\/i0.wp.com\/tuzlahortum.com.tr\/wp-content\/uploads\/2019\/02\/AQUA-5.jpg?fit=800%2C800&ssl=1&resize=700%2C400 2x"},"classes":[]},{"id":21091,"url":"https:\/\/tuzlahortum.com.tr\/ru\/product\/seltex-r3\/","url_meta":{"origin":678,"position":4},"title":"SELTEX R3","author":"admin","date":"11 \u0430\u0432\u0433\u0443\u0441\u0442\u0430 2025","format":false,"excerpt":"\u00a0 \u00dcr\u00fcn Ad\u0131: SELTEX R3 \u00dcr\u00fcn Kodu: HTB332 Standart: SAE 100 R3 \u00c7ift Kat Tekstil \u00d6rg\u00fc Kullanim Alan\u0131 : Hidrolik Kontrol Hatlar\u0131 i\u00e7in, Hidrolik S\u0131v\u0131lar, Yak\u0131t Ya\u011f\u0131, Gres, Hava ve Su'nun Orta Bas\u0131n\u00e7 Alt\u0131nda Tahliyesi. Alt Katman : Hidrolik Ya\u011fa Dayan\u0131kl\u0131 \u00d6zel Sentetik Kau\u00e7uk Takviye Katman\u0131 : \u00c7ift Kat Y\u00fcksek\u2026","rel":"","context":"\u041f\u043e\u0445\u043e\u0436\u0430\u044f \u0437\u0430\u043f\u0438\u0441\u044c","block_context":{"text":"\u041f\u043e\u0445\u043e\u0436\u0430\u044f \u0437\u0430\u043f\u0438\u0441\u044c","link":""},"img":{"alt_text":"","src":"https:\/\/i0.wp.com\/tuzlahortum.com.tr\/wp-content\/uploads\/2025\/08\/HYD_105-1.png?fit=571%2C571&ssl=1&resize=350%2C200","width":350,"height":200,"srcset":"https:\/\/i0.wp.com\/tuzlahortum.com.tr\/wp-content\/uploads\/2025\/08\/HYD_105-1.png?fit=571%2C571&ssl=1&resize=350%2C200 1x, https:\/\/i0.wp.com\/tuzlahortum.com.tr\/wp-content\/uploads\/2025\/08\/HYD_105-1.png?fit=571%2C571&ssl=1&resize=525%2C300 1.5x"},"classes":[]},{"id":21100,"url":"https:\/\/tuzlahortum.com.tr\/ru\/product\/seltex-r6\/","url_meta":{"origin":678,"position":5},"title":"SELTEX R6","author":"admin","date":"11 \u0430\u0432\u0433\u0443\u0441\u0442\u0430 2025","format":false,"excerpt":"\u00a0 \u00dcr\u00fcn Ad\u0131: SELTEX R6 \u00dcr\u00fcn Kodu: HTB362 Standart: SAE 100 R6 Tek Kat Tekstil \u00d6rg\u00fc Kullanim Alan\u0131 : Hidrolik kontrol hatlar\u0131, d\u00fc\u015f\u00fck bas\u0131n\u00e7 alt\u0131nda hidrolik s\u0131v\u0131lar, fuel oil, gres, hava ve su tahliyesi i\u00e7in. Alt Katman : Hidrolik Ya\u011fa Dayan\u0131kl\u0131 \u00d6zel Sentetik Kau\u00e7uk Takviye Katman\u0131 : Tek Kat Y\u00fcksek\u2026","rel":"","context":"\u041f\u043e\u0445\u043e\u0436\u0430\u044f \u0437\u0430\u043f\u0438\u0441\u044c","block_context":{"text":"\u041f\u043e\u0445\u043e\u0436\u0430\u044f \u0437\u0430\u043f\u0438\u0441\u044c","link":""},"img":{"alt_text":"","src":"https:\/\/i0.wp.com\/tuzlahortum.com.tr\/wp-content\/uploads\/2025\/08\/HYD_104-1.png?fit=591%2C591&ssl=1&resize=350%2C200","width":350,"height":200,"srcset":"https:\/\/i0.wp.com\/tuzlahortum.com.tr\/wp-content\/uploads\/2025\/08\/HYD_104-1.png?fit=591%2C591&ssl=1&resize=350%2C200 1x, https:\/\/i0.wp.com\/tuzlahortum.com.tr\/wp-content\/uploads\/2025\/08\/HYD_104-1.png?fit=591%2C591&ssl=1&resize=525%2C300 1.5x"},"classes":[]}],"jetpack_sharing_enabled":true,"jetpack_likes_enabled":true,"_links":{"self":[{"href":"https:\/\/tuzlahortum.com.tr\/ru\/wp-json\/wp\/v2\/product\/678","targetHints":{"allow":["GET"]}}],"collection":[{"href":"https:\/\/tuzlahortum.com.tr\/ru\/wp-json\/wp\/v2\/product"}],"about":[{"href":"https:\/\/tuzlahortum.com.tr\/ru\/wp-json\/wp\/v2\/types\/product"}],"replies":[{"embeddable":true,"href":"https:\/\/tuzlahortum.com.tr\/ru\/wp-json\/wp\/v2\/comments?post=678"}],"wp:featuredmedia":[{"embeddable":true,"href":"https:\/\/tuzlahortum.com.tr\/ru\/wp-json\/wp\/v2\/media\/2639"}],"wp:attachment":[{"href":"https:\/\/tuzlahortum.com.tr\/ru\/wp-json\/wp\/v2\/media?parent=678"}],"wp:term":[{"taxonomy":"product_brand","embeddable":true,"href":"https:\/\/tuzlahortum.com.tr\/ru\/wp-json\/wp\/v2\/product_brand?post=678"},{"taxonomy":"product_cat","embeddable":true,"href":"https:\/\/tuzlahortum.com.tr\/ru\/wp-json\/wp\/v2\/product_cat?post=678"},{"taxonomy":"product_tag","embeddable":true,"href":"https:\/\/tuzlahortum.com.tr\/ru\/wp-json\/wp\/v2\/product_tag?post=678"}],"curies":[{"name":"wp","href":"https:\/\/api.w.org\/{rel}","templated":true}]}}