{"id":675,"date":"2019-02-06T23:52:26","date_gmt":"2019-02-06T20:52:26","guid":{"rendered":"http:\/\/hortum.com.tr\/product\/import-placeholder-for-310\/"},"modified":"2024-03-21T17:44:05","modified_gmt":"2024-03-21T14:44:05","slug":"hidrolik-kuresel-vana","status":"publish","type":"product","link":"https:\/\/tuzlahortum.com.tr\/ru\/product\/hidrolik-kuresel-vana\/","title":{"rendered":"\u0413\u0438\u0434\u0440\u0430\u0432\u043b\u0438\u0447\u0435\u0441\u043a\u0438\u0439 \u0448\u0430\u0440\u043e\u0432\u043e\u0439 \u043a\u043b\u0430\u043f\u0430\u043d"},"content":{"rendered":"<h2>\u0413\u0438\u0434\u0440\u0430\u0432\u043b\u0438\u0447\u0435\u0441\u043a\u0438\u0439 \u0448\u0430\u0440\u043e\u0432\u043e\u0439 \u043a\u043b\u0430\u043f\u0430\u043d<\/h2>\n<p>\u0413\u0438\u0434\u0440\u0430\u0432\u043b\u0438\u0447\u0435\u0441\u043a\u0438\u0435 \u0434\u0432\u0443\u0445\u0445\u043e\u0434\u043e\u0432\u044b\u0435 \u0448\u0430\u0440\u043e\u0432\u044b\u0435 \u043a\u0440\u0430\u043d\u044b \u0441\u0435\u0440\u0438\u0438 Bv2 \u0438\u0441\u043f\u043e\u043b\u044c\u0437\u0443\u044e\u0442\u0441\u044f \u0434\u043b\u044f \u043e\u0442\u043a\u0440\u044b\u0442\u0438\u044f \u0438 \u0434\u0440\u043e\u0441\u0441\u0435\u043b\u0438\u0440\u043e\u0432\u0430\u043d\u0438\u044f \u0436\u0438\u0434\u043a\u043e\u0441\u0442\u0438. \u0412\u043e\u0437\u043c\u043e\u0436\u043d\u043e\u0441\u0442\u044c \u043b\u0435\u0433\u043a\u043e\u0433\u043e \u043e\u0442\u043a\u0440\u044b\u0442\u0438\u044f \u0438 \u0437\u0430\u043a\u0440\u044b\u0442\u0438\u044f \u043e\u0431\u0435\u0441\u043f\u0435\u0447\u0438\u0432\u0430\u0435\u0442 \u043b\u0435\u0433\u043a\u0438\u0439 \u043f\u0440\u043e\u0445\u043e\u0434 \u0436\u0438\u0434\u043a\u043e\u0441\u0442\u0438. \u0411\u043b\u0430\u0433\u043e\u0434\u0430\u0440\u044f \u0441\u0432\u043e\u0435\u0439 \u043e\u0431\u044a\u0435\u043c\u043d\u043e\u0439 \u0441\u0442\u0440\u0443\u043a\u0442\u0443\u0440\u0435 \u043e\u043d\u0438 \u0440\u0430\u0431\u043e\u0442\u0430\u044e\u0442 \u0431\u044b\u0441\u0442\u0440\u043e \u0438 \u044d\u0444\u0444\u0435\u043a\u0442\u0438\u0432\u043d\u043e \u0438 \u043f\u0440\u0435\u0434\u043e\u0442\u0432\u0440\u0430\u0449\u0430\u044e\u0442 \u043a\u0430\u0432\u0438\u0442\u0430\u0446\u0438\u044e, \u043a\u043e\u0442\u043e\u0440\u0430\u044f \u043c\u043e\u0436\u0435\u0442 \u0432\u043e\u0437\u043d\u0438\u043a\u043d\u0443\u0442\u044c \u0432 \u0436\u0438\u0434\u043a\u043e\u0441\u0442\u0438. \u041f\u0440\u0438 \u0436\u0435\u043b\u0430\u043d\u0438\u0438 \u0438\u0445 \u043c\u043e\u0436\u043d\u043e \u0437\u0430\u0444\u0438\u043a\u0441\u0438\u0440\u043e\u0432\u0430\u0442\u044c \u0432 \u043e\u0442\u043a\u0440\u044b\u0442\u043e\u043c \u0438\u043b\u0438 \u0437\u0430\u043a\u0440\u044b\u0442\u043e\u043c \u0441\u043e\u0441\u0442\u043e\u044f\u043d\u0438\u0438 \u0441 \u043f\u043e\u043c\u043e\u0449\u044c\u044e \u0441\u0442\u043e\u043f\u043e\u0440\u043d\u043e\u0439 \u0448\u0430\u0439\u0431\u044b \u043d\u0430 \u043a\u0432\u0430\u0434\u0440\u0430\u0442\u043d\u043e\u043c \u0448\u0442\u0438\u0444\u0442\u0435.\u00a0<br \/>\u0412 \u0433\u0438\u0434\u0440\u0430\u0432\u043b\u0438\u0447\u0435\u0441\u043a\u0438\u0445 \u0434\u0432\u0443\u0445\u0445\u043e\u0434\u043e\u0432\u044b\u0445 \u0448\u0430\u0440\u043e\u0432\u044b\u0445 \u043a\u0440\u0430\u043d\u0430\u0445 \u0441\u0435\u0440\u0438\u0438 BV2 \u0432\u043d\u0443\u0442\u0440\u0435\u043d\u043d\u0438\u0439 \u0448\u0430\u0440 \u0438\u0437\u0433\u043e\u0442\u043e\u0432\u043b\u0435\u043d \u0438\u0437 \u0441\u0442\u0430\u043b\u0438, \u043f\u043e\u043a\u0440\u044b\u0442 \u0442\u0432\u0435\u0440\u0434\u044b\u043c \u0445\u0440\u043e\u043c\u043e\u043c \u0438 \u0443\u0441\u0442\u0430\u043d\u043e\u0432\u043b\u0435\u043d \u043d\u0430 \u0434\u0435\u043b\u0440\u0438\u043d\u0435 (\u041f\u041e\u041c).\u00a0<br \/>\u0413\u0438\u0434\u0440\u0430\u0432\u043b\u0438\u0447\u0435\u0441\u043a\u0438\u0435 \u0434\u0432\u0443\u0445\u0445\u043e\u0434\u043e\u0432\u044b\u0435 \u0448\u0430\u0440\u043e\u0432\u044b\u0435 \u043a\u0440\u0430\u043d\u044b \u0441\u0435\u0440\u0438\u0438 BV2 \u0438\u0441\u043f\u043e\u043b\u044c\u0437\u0443\u044e\u0442\u0441\u044f \u0434\u043b\u044f \u043f\u0435\u0440\u0435\u043a\u0430\u0447\u043a\u0438 \u043c\u0430\u0437\u0443\u0442\u0430, \u0441\u0436\u0438\u0436\u0435\u043d\u043d\u043e\u0433\u043e \u043d\u0435\u0444\u0442\u044f\u043d\u043e\u0433\u043e \u0433\u0430\u0437\u0430, \u0441\u0436\u0430\u0442\u043e\u0433\u043e \u043f\u0440\u0438\u0440\u043e\u0434\u043d\u043e\u0433\u043e \u0433\u0430\u0437\u0430 \u0438 \u0434\u0440\u0443\u0433\u0438\u0445 \u0433\u0430\u0437\u043e\u0432, \u0430 \u0442\u0430\u043a\u0436\u0435 \u0433\u0438\u0434\u0440\u0430\u0432\u043b\u0438\u0447\u0435\u0441\u043a\u0438\u0445 \u0438 \u0434\u0440\u0443\u0433\u0438\u0445 \u043f\u0440\u043e\u043c\u044b\u0448\u043b\u0435\u043d\u043d\u044b\u0445 \u043c\u0430\u0441\u0435\u043b.<\/p>\n<p>\u00a0<\/p>\n<table border=\"0\" width=\"1022\">\n<tbody>\n<tr>\n<td width=\"578\">\u041c\u0430\u0442\u0435\u0440\u0438\u0430\u043b \u043a\u043e\u0440\u043f\u0443\u0441\u0430\u00a0<\/td>\n<td width=\"444\">\u0410\u0432\u0442\u043e\u043c\u0430\u0442\u0438\u0447\u0435\u0441\u043a\u0430\u044f \u0441\u0442\u0430\u043b\u044c<\/td>\n<\/tr>\n<tr>\n<td>\u041c\u0430\u0442\u0435\u0440\u0438\u0430\u043b \u0441\u0444\u0435\u0440\u044b\u00a0<\/td>\n<td>\u0422\u0432\u0435\u0440\u0434\u0430\u044f \u0445\u0440\u043e\u043c\u0438\u0440\u043e\u0432\u0430\u043d\u043d\u0430\u044f \u0441\u0442\u0430\u043b\u044c<\/td>\n<\/tr>\n<tr>\n<td>\u0420\u0430\u0437\u043c\u0435\u0440 \u0432\u0438\u043d\u0442\u0430<\/td>\n<td>\u0411\u0421\u041f, \u0414\u041d\u042f\u041e<\/td>\n<\/tr>\n<tr>\n<td>\u0421\u0444\u0435\u0440\u0438\u0447\u0435\u0441\u043a\u0438\u0439 \u043f\u043e\u0434\u0448\u0438\u043f\u043d\u0438\u043a\u00a0<\/td>\n<td>\u0414\u0435\u043b\u0440\u0438\u043d (\u041f\u041e\u041c)<\/td>\n<\/tr>\n<tr>\n<td>\u0443\u043f\u043b\u043e\u0442\u043d\u0435\u043d\u0438\u0435<\/td>\n<td>\u041d\u0438\u0442\u0440\u0438\u043b\u043e\u0432\u043e\u0435 \u0443\u043f\u043b\u043e\u0442\u043d\u0438\u0442\u0435\u043b\u044c\u043d\u043e\u0435 \u043a\u043e\u043b\u044c\u0446\u043e (NBR)<\/td>\n<\/tr>\n<tr>\n<td>\u0420\u0430\u0431\u043e\u0447\u0430\u044f \u0442\u0435\u043c\u043f\u0435\u0440\u0430\u0442\u0443\u0440\u0430\u00a0<\/td>\n<td>\u043e\u0442 -30 \u00b0\u0421 \u0434\u043e +110 \u00b0\u0421<\/td>\n<\/tr>\n<tr>\n<td>\u041f\u043e\u043a\u0440\u044b\u0442\u0438\u0435<\/td>\n<td>\u041e\u0446\u0438\u043d\u043a\u043e\u0432\u0430\u043d\u043d\u044b\u0439 (\u043f\u0430\u0441\u0441\u0438\u0432\u0430\u0446\u0438\u044f \u0445\u0440\u043e\u043c III)<\/td>\n<\/tr>\n<tr>\n<td>\u0412 \u043e\u0441\u043e\u0431\u044b\u0445 \u0441\u043b\u0443\u0447\u0430\u044f\u0445<\/td>\n<td>\u0412\u0418\u0422\u041e\u041d<\/td>\n<\/tr>\n<tr>\n<td>\u041e\u0431\u043b\u0430\u0441\u0442\u044c \u0438\u0441\u043f\u043e\u043b\u044c\u0437\u043e\u0432\u0430\u043d\u0438\u044f<\/td>\n<td>\u042d\u043a\u0441\u043a\u0430\u0432\u0430\u0442\u043e\u0440\u043d\u044b\u0435 \u043c\u0430\u0448\u0438\u043d\u044b, \u0444\u043e\u0440\u043c\u043e\u0432\u043e\u0447\u043d\u044b\u0435 \u043c\u0430\u0448\u0438\u043d\u044b \u0434\u043b\u044f \u043f\u0435\u0447\u0430\u0442\u0438 \u043d\u0430 \u043f\u043b\u0430\u0441\u0442\u0438\u043a\u0435,\u00a0<\/td>\n<\/tr>\n<tr>\n<td>\u00a0<\/td>\n<td>\u0445\u0438\u043c\u0438\u0447\u0435\u0441\u043a\u0438\u0435 \u043f\u0440\u043e\u0438\u0437\u0432\u043e\u0434\u0441\u0442\u0432\u0430, \u043a\u0440\u0430\u043d\u044b,\u00a0<\/td>\n<\/tr>\n<tr>\n<td>\u00a0<\/td>\n<td>\u0433\u0440\u0443\u0437\u043e\u0432\u044b\u0435 \u0430\u0432\u0442\u043e\u043c\u043e\u0431\u0438\u043b\u0438 \u0438 \u043e\u0431\u0449\u0435\u0435 \u0433\u0438\u0434\u0440\u0430\u0432\u043b\u0438\u0447\u0435\u0441\u043a\u043e\u0435 \u043e\u0431\u043e\u0440\u0443\u0434\u043e\u0432\u0430\u043d\u0438\u0435<\/td>\n<\/tr>\n<\/tbody>\n<\/table>","protected":false},"excerpt":{"rendered":"<p>Hidrolik K\u00fcresel Vana Bv2 Serisi Hidrolik 2 Yollu K\u00fcresel Vanalar, ak\u0131\u015fkan\u0131n a\u00e7ma ve k\u0131s\u0131lmas\u0131nda kullan\u0131l\u0131rlar. Kolayca a\u00e7\u0131l\u0131p kapanabilmeleri ak\u0131\u015fkan ge\u00e7i\u015finin rahat olmas\u0131n\u0131 sa\u011flar. Volumetrik yap\u0131lar\u0131ndan dolay\u0131 h\u0131zl\u0131 ve verimli \u00e7al\u0131\u015f\u0131rlar ve ak\u0131\u015fkanda olu\u015fabilecek kavitasyonlar\u0131 engellerler. \u0130stenildi\u011finde kare pim \u00fczerindeki kilitleme pulu yard\u0131m\u0131yla a\u00e7\u0131k veya kapal\u0131 olarak kilitlenebilirler.\u00a0BV2 Serisi Hidrolik 2 Yollu K\u00fcresel Vanalarda i\u00e7teki k\u00fcre [&#8230;]\n","protected":false},"featured_media":2879,"comment_status":"open","ping_status":"closed","template":"","meta":{"jetpack_post_was_ever_published":false},"product_brand":[],"product_cat":[91],"product_tag":[647,2270,672,965,331],"class_list":{"0":"post-675","1":"product","2":"type-product","3":"status-publish","4":"has-post-thumbnail","6":"product_cat-hidrolik-baglanti-elemanlari","7":"product_tag-hidrolik","8":"product_tag-hidrolik-kuresel-vana","9":"product_tag-kuresel","10":"product_tag-kuresel-vana","11":"product_tag-vana","13":"first","14":"instock","15":"taxable","16":"shipping-taxable","17":"product-type-variable"},"jetpack-related-posts":[],"jetpack_sharing_enabled":true,"jetpack_likes_enabled":true,"_links":{"self":[{"href":"https:\/\/tuzlahortum.com.tr\/ru\/wp-json\/wp\/v2\/product\/675","targetHints":{"allow":["GET"]}}],"collection":[{"href":"https:\/\/tuzlahortum.com.tr\/ru\/wp-json\/wp\/v2\/product"}],"about":[{"href":"https:\/\/tuzlahortum.com.tr\/ru\/wp-json\/wp\/v2\/types\/product"}],"replies":[{"embeddable":true,"href":"https:\/\/tuzlahortum.com.tr\/ru\/wp-json\/wp\/v2\/comments?post=675"}],"wp:featuredmedia":[{"embeddable":true,"href":"https:\/\/tuzlahortum.com.tr\/ru\/wp-json\/wp\/v2\/media\/2879"}],"wp:attachment":[{"href":"https:\/\/tuzlahortum.com.tr\/ru\/wp-json\/wp\/v2\/media?parent=675"}],"wp:term":[{"taxonomy":"product_brand","embeddable":true,"href":"https:\/\/tuzlahortum.com.tr\/ru\/wp-json\/wp\/v2\/product_brand?post=675"},{"taxonomy":"product_cat","embeddable":true,"href":"https:\/\/tuzlahortum.com.tr\/ru\/wp-json\/wp\/v2\/product_cat?post=675"},{"taxonomy":"product_tag","embeddable":true,"href":"https:\/\/tuzlahortum.com.tr\/ru\/wp-json\/wp\/v2\/product_tag?post=675"}],"curies":[{"name":"wp","href":"https:\/\/api.w.org\/{rel}","templated":true}]}}