{"id":673,"date":"2019-02-06T23:52:25","date_gmt":"2019-02-06T20:52:25","guid":{"rendered":"http:\/\/hortum.com.tr\/product\/import-placeholder-for-263\/"},"modified":"2024-03-21T17:44:07","modified_gmt":"2024-03-21T14:44:07","slug":"r6-hidrolik-hortumu","status":"publish","type":"product","link":"https:\/\/tuzlahortum.com.tr\/ru\/product\/r6-hidrolik-hortumu\/","title":{"rendered":"\u0413\u0438\u0434\u0440\u0430\u0432\u043b\u0438\u0447\u0435\u0441\u043a\u0438\u0439 \u0448\u043b\u0430\u043d\u0433 R6"},"content":{"rendered":"<h2>\u0413\u0438\u0434\u0440\u0430\u0432\u043b\u0438\u0447\u0435\u0441\u043a\u0438\u0439 \u0448\u043b\u0430\u043d\u0433 R6<\/h2>\n<table border=\"0\">\n<tbody>\n<tr>\n<td colspan=\"2\" valign=\"top\">\n<table border=\"0\">\n<tbody>\n<tr valign=\"top\">\n<td width=\"60\">\u0412\u043d\u0438\u0437\u0443<\/td>\n<td width=\"15\">:<\/td>\n<td width=\"370\">\u0421\u041f\u0415\u0426\u0418\u0410\u041b\u042c\u041d\u0410\u042f \u0421\u0418\u041d\u0422\u0415\u0422\u0418\u0427\u0415\u0421\u041a\u0410\u042f \u0420\u0415\u0417\u0418\u041d\u0410, \u0423\u0421\u0422\u041e\u0419\u0427\u0418\u0412\u0410\u042f \u041a \u0413\u0418\u0414\u0420\u0410\u0412\u041b\u0418\u0427\u0415\u0421\u041a\u0418\u041c \u041c\u0410\u0421\u041b\u0410\u041c.<\/td>\n<\/tr>\n<tr valign=\"top\">\n<td width=\"60\">\u0410\u0440\u043c\u0438\u0440\u043e\u0432\u0430\u043d\u0438\u0435<\/td>\n<td width=\"15\">:<\/td>\n<td width=\"370\">\u0412\u042b\u0421\u041e\u041a\u041e\u041f\u0420\u041e\u0427\u041d\u042b\u0419 \u041e\u0414\u041d\u041e\u0421\u041b\u041e\u0419\u041d\u042b\u0419 \u0421\u0418\u041d\u0422\u0415\u0422\u0418\u0427\u0415\u0421\u041a\u0418\u0419 \u0422\u0415\u041a\u0421\u0422\u0418\u041b\u042c\u041d\u042b\u0419 \u0422\u0420\u0418\u041a\u041e\u0422\u0410\u0416.<\/td>\n<\/tr>\n<tr valign=\"top\">\n<td width=\"60\">\u041d\u0430\u0432\u0435\u0440\u0445\u0443<\/td>\n<td width=\"15\">:<\/td>\n<td width=\"370\">\u0421\u0418\u041d\u0422\u0415\u0422\u0418\u0427\u0415\u0421\u041a\u041e\u0415 \u041f\u041e\u041a\u0420\u042b\u0422\u0418\u0415, \u0423\u0421\u0422\u041e\u0419\u0427\u0418\u0412\u041e\u0415 \u041a \u041c\u0410\u0421\u041b\u0410\u041c, \u041e\u0417\u041e\u041d\u0423, \u0418\u0421\u0422\u0418\u041d\u0410\u041d\u0418\u042e \u0418 \u0412\u0421\u0415\u041c \u041f\u041e\u0413\u041e\u0414\u041d\u042b\u041c \u0423\u0421\u041b\u041e\u0412\u0418\u042f\u041c.<\/td>\n<\/tr>\n<tr valign=\"top\">\n<td width=\"60\">\u041c\u0435\u0441\u0442\u043e \u0438\u0441\u043f\u043e\u043b\u044c\u0437\u043e\u0432\u0430\u043d\u0438\u044f<\/td>\n<td width=\"15\">:<\/td>\n<td width=\"370\">\u0412\u042b\u0421\u041e\u041a\u041e\u0413\u041e \u0414\u0410\u0412\u041b\u0415\u041d\u0418\u042f \u0413\u0418\u0414\u0420\u0410\u0412\u041b\u0418\u0427\u0415\u0421\u041a\u041e\u0413\u041e \u041c\u0410\u0421\u041b\u0410, \u0422\u041e\u041f\u041b\u0418\u0412\u0410, \u0421\u041c\u0410\u0417\u041a\u0418, \u0412\u041e\u0414\u042b \u0418 \u0412\u041e\u0417\u0414\u0423\u0425\u0410 \u0412 \u0413\u0418\u0414\u0420\u0410\u0412\u041b\u0418\u0427\u0415\u0421\u041a\u0418\u0425 \u0423\u041f\u0420\u0410\u0412\u041b\u042f\u0415\u041c\u042b\u0425 \u0423\u0421\u0422\u0410\u041d\u041e\u0412\u041a\u0410\u0425.<\/td>\n<\/tr>\n<\/tbody>\n<\/table>\n<\/td>\n<\/tr>\n<\/tbody>\n<\/table>\n<table border=\"1\" cellspacing=\"1\" cellpadding=\"1\" align=\"center\">\n<thead>\n<tr>\n<th colspan=\"2\" rowspan=\"1\" scope=\"col\">\u0412\u041d\u0423\u0422\u0420\u0415\u041d\u041d\u0418\u0419 \u0414\u0418\u0410\u041c\u0415\u0422\u0420<\/th>\n<th scope=\"col\">\u041d\u0410\u0420\u0423\u0416\u041d\u042b\u0419 \u0414\u0418\u0410\u041c\u0415\u0422\u0420<\/th>\n<th scope=\"col\">\u0420\u0410\u0411\u041e\u0427\u0415\u0415 \u0414\u0410\u0412\u041b\u0415\u041d\u0418\u0415<\/th>\n<th scope=\"col\">\u0412\u0417\u0420\u042b\u0412 \u0411\u0410<\/th>\n<\/tr>\n<\/thead>\n<tbody>\n<tr>\n<td><strong>\u0434\u044e\u0439\u043c\u044b<\/strong><\/td>\n<td><strong>\u043c\u043c<\/strong><\/td>\n<td><strong>\u043c\u043c<\/strong><\/td>\n<td><strong>\u0431\u0430\u0440<\/strong><\/td>\n<td><strong>\u0431\u0430\u0440<\/strong><\/td>\n<\/tr>\n<tr>\n<td>3\/16<\/td>\n<td>4.8<\/td>\n<td>10.7<\/td>\n<td>34<\/td>\n<td>136<\/td>\n<\/tr>\n<tr>\n<td>1\/4<\/td>\n<td>6.4<\/td>\n<td>12.3<\/td>\n<td>28<\/td>\n<td>112<\/td>\n<\/tr>\n<tr>\n<td>5\/16<\/td>\n<td>8<\/td>\n<td>13.9<\/td>\n<td>28<\/td>\n<td>112<\/td>\n<\/tr>\n<tr>\n<td>3\/8<\/td>\n<td>9.5<\/td>\n<td>15.5<\/td>\n<td>28<\/td>\n<td>112<\/td>\n<\/tr>\n<tr>\n<td>1\/2<\/td>\n<td>12.7<\/td>\n<td>19.5<\/td>\n<td>28<\/td>\n<td>112<\/td>\n<\/tr>\n<tr>\n<td>5\/8<\/td>\n<td>16<\/td>\n<td>22.6<\/td>\n<td>24<\/td>\n<td>96<\/td>\n<\/tr>\n<tr>\n<td>3\/4<\/td>\n<td>19<\/td>\n<td>25.8<\/td>\n<td>21<\/td>\n<td>83<\/td>\n<\/tr>\n<tr>\n<td>1\u2033<\/td>\n<td>25.4<\/td>\n<td>33.2<\/td>\n<td>20<\/td>\n<td>80<\/td>\n<\/tr>\n<\/tbody>\n<\/table>\n<p>&nbsp;<\/p>\n<div class=\"video video-fit mb\" style=\"padding-top:56.25%;\"><p><iframe loading=\"lazy\" title=\"\u041f\u0443\u0442\u0430\u043d\u0438\u0446\u0430 \u0432 \u0438\u0437\u043c\u0435\u0440\u0435\u043d\u0438\u044f\u0445 (\u0434\u044e\u0439\u043c\u044b, \u043f\u0430\u043b\u044c\u0446\u044b, \u0434\u044b\u043c\u043a\u0430, \u043c\u0438\u043b\u043b\u0438\u043c\u0435\u0442\u0440\u044b)\" width=\"1020\" height=\"574\" src=\"https:\/\/www.youtube.com\/embed\/uKk6AG_AZls?feature=oembed\" frameborder=\"0\" allow=\"accelerometer; autoplay; clipboard-write; encrypted-media; gyroscope; picture-in-picture\" allowfullscreen><\/iframe><\/p>\n<\/div>","protected":false},"excerpt":{"rendered":"<p>R6 Hidrolik Hortumu Alt Kat : H\u0130DROL\u0130K YA\u011eLARA DAYANIKLI \u00d6ZEL SENTET\u0130K KAU\u00c7UK. Takviye : Y\u00dcKSEK MUKAVEMETL\u0130 TEK KAT SENTET\u0130K TEKST\u0130L \u00d6RG\u00dc. \u00dcst Kat : YA\u011eLARA, OZONA, A\u015eINMAYA VE HER T\u00dcRL\u00dc HAVA \u015eARTLARINA DAYANIKLI SENTET\u0130K \u00dcST KAT. Kullan\u0131m Yeri : H\u0130DROL\u0130K KONTROLL\u00dc \u00dcN\u0130TELERDE Y\u00dcKSEK BASIN\u00c7LI H\u0130DROL\u0130K YA\u011e, FUEL-OIL, GRES YA\u011eI, SU VE HAVA TAHL\u0130YES\u0130NDE. \u0130\u00c7 \u00c7API [&#8230;]\n","protected":false},"featured_media":8421,"comment_status":"open","ping_status":"closed","template":"","meta":[],"product_brand":[],"product_cat":[157,88],"product_tag":[669,670,671,658,668,660,2287,659,555,661],"class_list":{"0":"post-673","1":"product","2":"type-product","3":"status-publish","4":"has-post-thumbnail","6":"product_cat-hidrolik-hortum","7":"product_cat-hidrolik-hortumlar","8":"product_tag-fuel-oil-2","9":"product_tag-gres-yagi","10":"product_tag-hava-tahliyesinde","11":"product_tag-hidrolik-hortum","12":"product_tag-hidrolik-yag","13":"product_tag-hidrolik-yaglara-dayanikli","14":"product_tag-r6-hidrolik","15":"product_tag-sentetik-kaucuk","16":"product_tag-su","17":"product_tag-yuksek-mukavemetli","19":"first","20":"instock","21":"taxable","22":"shipping-taxable","23":"product-type-variable"},"jetpack-related-posts":[{"id":21100,"url":"https:\/\/tuzlahortum.com.tr\/ru\/product\/seltex-r6\/","url_meta":{"origin":673,"position":0},"title":"SELTEX R6","author":"admin","date":"11 \u0430\u0432\u0433\u0443\u0441\u0442\u0430 2025","format":false,"excerpt":"\u00a0 \u00dcr\u00fcn Ad\u0131: SELTEX R6 \u00dcr\u00fcn Kodu: HTB362 Standart: SAE 100 R6 Tek Kat Tekstil \u00d6rg\u00fc Kullanim Alan\u0131 : Hidrolik kontrol hatlar\u0131, d\u00fc\u015f\u00fck bas\u0131n\u00e7 alt\u0131nda hidrolik s\u0131v\u0131lar, fuel oil, gres, hava ve su tahliyesi i\u00e7in. Alt Katman : Hidrolik Ya\u011fa Dayan\u0131kl\u0131 \u00d6zel Sentetik Kau\u00e7uk Takviye Katman\u0131 : Tek Kat Y\u00fcksek\u2026","rel":"","context":"\u041f\u043e\u0445\u043e\u0436\u0430\u044f \u0437\u0430\u043f\u0438\u0441\u044c","block_context":{"text":"\u041f\u043e\u0445\u043e\u0436\u0430\u044f \u0437\u0430\u043f\u0438\u0441\u044c","link":""},"img":{"alt_text":"","src":"https:\/\/i0.wp.com\/tuzlahortum.com.tr\/wp-content\/uploads\/2025\/08\/HYD_104-1.png?fit=591%2C591&ssl=1&resize=350%2C200","width":350,"height":200,"srcset":"https:\/\/i0.wp.com\/tuzlahortum.com.tr\/wp-content\/uploads\/2025\/08\/HYD_104-1.png?fit=591%2C591&ssl=1&resize=350%2C200 1x, https:\/\/i0.wp.com\/tuzlahortum.com.tr\/wp-content\/uploads\/2025\/08\/HYD_104-1.png?fit=591%2C591&ssl=1&resize=525%2C300 1.5x"},"classes":[]},{"id":683,"url":"https:\/\/tuzlahortum.com.tr\/ru\/product\/r9-sh-hidrolik-hortumu\/","url_meta":{"origin":673,"position":1},"title":"\u0413\u0438\u0434\u0440\u0430\u0432\u043b\u0438\u0447\u0435\u0441\u043a\u0438\u0439 \u0448\u043b\u0430\u043d\u0433 R9 SH","author":"admin","date":"6 \u0444\u0435\u0432\u0440\u0430\u043b\u044f 2019","format":false,"excerpt":"R9 SH Hidrolik Hortumu Alt Kat : M\u0130NERAL, NEBAT\u0130 VE GL\u0130KOL BAZLI H\u0130DROL\u0130K YA\u011eLARA DAYANIKLI \u00d6ZEL SENTET\u0130K KAU\u00c7UK. Takviye : 4 KAT \u00c7OK Y\u00dcKSEK MUKAVEMETL\u0130 SP\u0130RAL \u00c7EL\u0130K TEL. \u00dcst Kat : YA\u011eLARA, A\u015eINMAYA VE HER T\u00dcRL\u00dc HAVA \u015eARTLARINA DAYANIKLI SARGILI \u00d6ZEL SENTET\u0130K KAU\u00c7UK. Kullan\u0131m Yeri : \u00c7OK Y\u00dcKSEK P\u0130K BASIN\u00c7LARA\u2026","rel":"","context":"\u041f\u043e\u0445\u043e\u0436\u0430\u044f \u0437\u0430\u043f\u0438\u0441\u044c","block_context":{"text":"\u041f\u043e\u0445\u043e\u0436\u0430\u044f \u0437\u0430\u043f\u0438\u0441\u044c","link":""},"img":{"alt_text":"","src":"https:\/\/i0.wp.com\/tuzlahortum.com.tr\/wp-content\/uploads\/2019\/03\/powerstream-r9sh-hortum.png?fit=512%2C512&ssl=1&resize=350%2C200","width":350,"height":200},"classes":[]},{"id":682,"url":"https:\/\/tuzlahortum.com.tr\/ru\/product\/r9-sp-hidrolik-hortumu\/","url_meta":{"origin":673,"position":2},"title":"\u0413\u0438\u0434\u0440\u0430\u0432\u043b\u0438\u0447\u0435\u0441\u043a\u0438\u0439 \u0448\u043b\u0430\u043d\u0433 R9 SP","author":"admin","date":"6 \u0444\u0435\u0432\u0440\u0430\u043b\u044f 2019","format":false,"excerpt":"R9 SP Hidrolik Hortumu Alt Kat : M\u0130NERAL, NEBAT\u0130 VE GL\u0130KOL BAZLI H\u0130DROL\u0130K YA\u011eLARA DAYANIKLI \u00d6ZEL SENTET\u0130K KAU\u00c7UK. Takviye : 4 KAT \u00c7OK Y\u00dcKSEK MUKAVEMETL\u0130 SP\u0130RAL \u00c7EL\u0130K TEL. \u00dcst Kat : YA\u011eLARA, A\u015eINMAYA VE HER T\u00dcRL\u00dc HAVA \u015eARTLARINA DAYANIKLI SARGILI \u00d6ZEL SENTET\u0130K KAU\u00c7UK. Kullan\u0131m Yeri : \u00c7OK Y\u00dcKSEK P\u0130K BASIN\u00c7LARA\u2026","rel":"","context":"\u041f\u043e\u0445\u043e\u0436\u0430\u044f \u0437\u0430\u043f\u0438\u0441\u044c","block_context":{"text":"\u041f\u043e\u0445\u043e\u0436\u0430\u044f \u0437\u0430\u043f\u0438\u0441\u044c","link":""},"img":{"alt_text":"","src":"https:\/\/i0.wp.com\/tuzlahortum.com.tr\/wp-content\/uploads\/2019\/03\/powerstream-r9sp-hortum.png?fit=512%2C512&ssl=1&resize=350%2C200","width":350,"height":200},"classes":[]},{"id":21320,"url":"https:\/\/tuzlahortum.com.tr\/ru\/product\/ultimater6-2\/","url_meta":{"origin":673,"position":3},"title":"ULTIMATE\u00aeR6","author":"admin","date":"11 \u0430\u0432\u0433\u0443\u0441\u0442\u0430 2025","format":false,"excerpt":"\u00a0 \u00dcr\u00fcn Ad\u0131: ULTIMATE\u00aeR6 \u00dcr\u00fcn Kodu: UL-HTB362 Standart: EN854 R6 \/ SAE 100 R6 Tek Kat Tekstil \u00d6rg\u00fc - Y\u00fcksek S\u0131cakl\u0131k +135\u00b0C Kullanim Alan\u0131 : Hidrolik kontrol hatlar\u0131, hidrolik s\u0131v\u0131lar\u0131n d\u00fc\u015f\u00fck bas\u0131n\u00e7l\u0131 tahliyesi, hava ve su i\u00e7in, \u00e7al\u0131\u015fma s\u0131cakl\u0131klar\u0131n\u0131n 150\u00b0C'ye kadar \u00e7\u0131kt\u0131\u011f\u0131 durumlarda kullan\u0131l\u0131r. Alt Katman : Y\u00fcksek S\u0131cakl\u0131\u011fa Dayan\u0131kl\u0131\u2026","rel":"","context":"\u041f\u043e\u0445\u043e\u0436\u0430\u044f \u0437\u0430\u043f\u0438\u0441\u044c","block_context":{"text":"\u041f\u043e\u0445\u043e\u0436\u0430\u044f \u0437\u0430\u043f\u0438\u0441\u044c","link":""},"img":{"alt_text":"","src":"https:\/\/i0.wp.com\/tuzlahortum.com.tr\/wp-content\/uploads\/2025\/08\/HYD_39-1.png?fit=592%2C592&ssl=1&resize=350%2C200","width":350,"height":200,"srcset":"https:\/\/i0.wp.com\/tuzlahortum.com.tr\/wp-content\/uploads\/2025\/08\/HYD_39-1.png?fit=592%2C592&ssl=1&resize=350%2C200 1x, https:\/\/i0.wp.com\/tuzlahortum.com.tr\/wp-content\/uploads\/2025\/08\/HYD_39-1.png?fit=592%2C592&ssl=1&resize=525%2C300 1.5x"},"classes":[]},{"id":21112,"url":"https:\/\/tuzlahortum.com.tr\/ru\/product\/ultimater6\/","url_meta":{"origin":673,"position":4},"title":"ULTIMATE\u00aeR6","author":"admin","date":"11 \u0430\u0432\u0433\u0443\u0441\u0442\u0430 2025","format":false,"excerpt":"\u00a0 \u00dcr\u00fcn Ad\u0131: ULTIMATE R6 \u00dcr\u00fcn Kodu: GHB700 Standart: SAE 100 R6 \u00dcst\u00fcnde +135\u00b0C Y\u00fcksek S\u0131cakl\u0131k Kullanim Alan\u0131 : Hidrolik kontrol hatlar\u0131, hidrolik s\u0131v\u0131lar\u0131n, hava ve suyun d\u00fc\u015f\u00fck bas\u0131n\u00e7 alt\u0131nda de\u015farj\u0131 i\u00e7in, \u00e7al\u0131\u015fma s\u0131cakl\u0131klar\u0131n\u0131n 150\u00b0C'ye kadar \u00e7\u0131kt\u0131\u011f\u0131 durumlarda kullan\u0131l\u0131r. Alt Katman : Y\u00fcksek S\u0131cakl\u0131\u011fa Dayan\u0131kl\u0131 Hidrolik Ya\u011f Diren\u00e7li \u00d6zel Sentetik\u2026","rel":"","context":"\u041f\u043e\u0445\u043e\u0436\u0430\u044f \u0437\u0430\u043f\u0438\u0441\u044c","block_context":{"text":"\u041f\u043e\u0445\u043e\u0436\u0430\u044f \u0437\u0430\u043f\u0438\u0441\u044c","link":""},"img":{"alt_text":"","src":"https:\/\/i0.wp.com\/tuzlahortum.com.tr\/wp-content\/uploads\/2025\/08\/HYD_99-1.png?fit=725%2C725&ssl=1&resize=350%2C200","width":350,"height":200,"srcset":"https:\/\/i0.wp.com\/tuzlahortum.com.tr\/wp-content\/uploads\/2025\/08\/HYD_99-1.png?fit=725%2C725&ssl=1&resize=350%2C200 1x, https:\/\/i0.wp.com\/tuzlahortum.com.tr\/wp-content\/uploads\/2025\/08\/HYD_99-1.png?fit=725%2C725&ssl=1&resize=525%2C300 1.5x, https:\/\/i0.wp.com\/tuzlahortum.com.tr\/wp-content\/uploads\/2025\/08\/HYD_99-1.png?fit=725%2C725&ssl=1&resize=700%2C400 2x"},"classes":[]},{"id":686,"url":"https:\/\/tuzlahortum.com.tr\/ru\/product\/r2-hidrolik-hortumu\/","url_meta":{"origin":673,"position":5},"title":"\u0413\u0438\u0434\u0440\u0430\u0432\u043b\u0438\u0447\u0435\u0441\u043a\u0438\u0439 \u0448\u043b\u0430\u043d\u0433 R2","author":"admin","date":"6 \u0444\u0435\u0432\u0440\u0430\u043b\u044f 2019","format":false,"excerpt":"R2 Hidrolik Hortumu Alt Kat : H\u0130DROL\u0130K YA\u011eLARA DAYANIKLI \u00d6ZEL SENTET\u0130K KAU\u00c7UK. Takviye : Y\u00dcKSEK MUKAVEMETL\u0130 2 KAT \u00c7EL\u0130K TEL \u00d6RG\u00dc. \u00dcst Kat : YA\u011eLARA, A\u015eINMAYA VE HER T\u00dcRL\u00dc HAVA \u015eARTLARINA DAYANIKLI SARGILI \u00d6ZEL SENTET\u0130K KAU\u00c7UK. Kullan\u0131m Yeri : \u0130\u015e VE TARIM MAK\u0130NELER\u0130NDE Y\u00dcKSEK BASIN\u00c7 GEREKT\u0130REN H\u0130DROL\u0130K DEVRELERDE. \u0130\u00c7 \u00c7API\u2026","rel":"","context":"\u041f\u043e\u0445\u043e\u0436\u0430\u044f \u0437\u0430\u043f\u0438\u0441\u044c","block_context":{"text":"\u041f\u043e\u0445\u043e\u0436\u0430\u044f \u0437\u0430\u043f\u0438\u0441\u044c","link":""},"img":{"alt_text":"","src":"https:\/\/i0.wp.com\/tuzlahortum.com.tr\/wp-content\/uploads\/2019\/03\/forcestream-r2at-hortum.png?fit=512%2C512&ssl=1&resize=350%2C200","width":350,"height":200},"classes":[]}],"jetpack_sharing_enabled":true,"jetpack_likes_enabled":true,"_links":{"self":[{"href":"https:\/\/tuzlahortum.com.tr\/ru\/wp-json\/wp\/v2\/product\/673","targetHints":{"allow":["GET"]}}],"collection":[{"href":"https:\/\/tuzlahortum.com.tr\/ru\/wp-json\/wp\/v2\/product"}],"about":[{"href":"https:\/\/tuzlahortum.com.tr\/ru\/wp-json\/wp\/v2\/types\/product"}],"replies":[{"embeddable":true,"href":"https:\/\/tuzlahortum.com.tr\/ru\/wp-json\/wp\/v2\/comments?post=673"}],"wp:featuredmedia":[{"embeddable":true,"href":"https:\/\/tuzlahortum.com.tr\/ru\/wp-json\/wp\/v2\/media\/8421"}],"wp:attachment":[{"href":"https:\/\/tuzlahortum.com.tr\/ru\/wp-json\/wp\/v2\/media?parent=673"}],"wp:term":[{"taxonomy":"product_brand","embeddable":true,"href":"https:\/\/tuzlahortum.com.tr\/ru\/wp-json\/wp\/v2\/product_brand?post=673"},{"taxonomy":"product_cat","embeddable":true,"href":"https:\/\/tuzlahortum.com.tr\/ru\/wp-json\/wp\/v2\/product_cat?post=673"},{"taxonomy":"product_tag","embeddable":true,"href":"https:\/\/tuzlahortum.com.tr\/ru\/wp-json\/wp\/v2\/product_tag?post=673"}],"curies":[{"name":"wp","href":"https:\/\/api.w.org\/{rel}","templated":true}]}}