{"id":670,"date":"2019-02-06T23:52:25","date_gmt":"2019-02-06T20:52:25","guid":{"rendered":"http:\/\/hortum.com.tr\/product\/import-placeholder-for-590\/"},"modified":"2024-03-21T17:44:09","modified_gmt":"2024-03-21T14:44:09","slug":"r13-hidrolik-hortumu","status":"publish","type":"product","link":"https:\/\/tuzlahortum.com.tr\/ru\/product\/r13-hidrolik-hortumu\/","title":{"rendered":"\u0413\u0438\u0434\u0440\u0430\u0432\u043b\u0438\u0447\u0435\u0441\u043a\u0438\u0439 \u0448\u043b\u0430\u043d\u0433 R13"},"content":{"rendered":"<h2>\u0413\u0438\u0434\u0440\u0430\u0432\u043b\u0438\u0447\u0435\u0441\u043a\u0438\u0439 \u0448\u043b\u0430\u043d\u0433 R13<\/h2>\n<p class=\"description\">\u0418\u0437\u0433\u043e\u0442\u043e\u0432\u043b\u0435\u043d \u0438\u0437 \u0441\u043f\u0435\u0446\u0438\u0430\u043b\u044c\u043d\u043e\u0433\u043e \u0441\u0438\u043d\u0442\u0435\u0442\u0438\u0447\u0435\u0441\u043a\u043e\u0433\u043e \u043a\u0430\u0443\u0447\u0443\u043a\u0430, \u0443\u0441\u0442\u043e\u0439\u0447\u0438\u0432\u043e\u0433\u043e \u043a \u043c\u0438\u043d\u0435\u0440\u0430\u043b\u044c\u043d\u044b\u043c, \u0440\u0430\u0441\u0442\u0438\u0442\u0435\u043b\u044c\u043d\u044b\u043c \u0433\u0438\u0434\u0440\u0430\u0432\u043b\u0438\u0447\u0435\u0441\u043a\u0438\u043c \u043c\u0430\u0441\u043b\u0430\u043c \u0438 \u0433\u0438\u0434\u0440\u0430\u0432\u043b\u0438\u0447\u0435\u0441\u043a\u0438\u043c \u043c\u0430\u0441\u043b\u0430\u043c \u043d\u0430 \u043e\u0441\u043d\u043e\u0432\u0435 \u0433\u043b\u044e\u043a\u043e\u0437\u044b, \u043e\u0447\u0435\u043d\u044c \u0432\u044b\u0441\u043e\u043a\u0438\u0439 \u043f\u0438\u043a.<\/p>\n<p class=\"description\">\u042d\u0442\u043e \u0442\u0438\u043f \u0448\u043b\u0430\u043d\u0433\u0430, \u0438\u0441\u043f\u043e\u043b\u044c\u0437\u0443\u0435\u043c\u044b\u0439 \u0432 \u0441\u0438\u0441\u0442\u0435\u043c\u0430\u0445, \u043a\u043e\u0442\u043e\u0440\u044b\u0435 \u0431\u0443\u0434\u0443\u0442 \u043f\u043e\u0434\u0432\u0435\u0440\u0433\u0430\u0442\u044c\u0441\u044f \u0434\u0430\u0432\u043b\u0435\u043d\u0438\u044e \u0438 \u0442\u044f\u0436\u0435\u043b\u044b\u043c \u0443\u0441\u043b\u043e\u0432\u0438\u044f\u043c.<\/p>\n<ul class=\"list\">\n<li>\u00a0-40\u00b0\u0421 \/ +120\u00b0\u0421<\/li>\n<\/ul>\n<table border=\"1\" cellspacing=\"1\" cellpadding=\"1\" align=\"center\">\n<thead>\n<tr>\n<th colspan=\"2\" rowspan=\"1\" scope=\"col\">\u0412\u041d\u0423\u0422\u0420\u0415\u041d\u041d\u0418\u0419 \u0414\u0418\u0410\u041c\u0415\u0422\u0420<\/th>\n<th scope=\"col\">\u041d\u0410\u0420\u0423\u0416\u041d\u042b\u0419 \u0414\u0418\u0410\u041c\u0415\u0422\u0420<\/th>\n<th scope=\"col\">\u0420\u0410\u0411\u041e\u0427\u0415\u0415 \u0414\u0410\u0412\u041b\u0415\u041d\u0418\u0415<\/th>\n<th scope=\"col\">\u0414\u0410\u0412\u041b\u0415\u041d\u0418\u0415 \u0412\u0417\u0420\u042b\u0412\u0410<\/th>\n<\/tr>\n<\/thead>\n<tbody>\n<tr>\n<td><strong>\u0434\u044e\u0439\u043c\u044b<\/strong><\/td>\n<td><strong>\u043c\u043c<\/strong><\/td>\n<td><strong>\u043c\u043c<\/strong><\/td>\n<td><strong>\u0431\u0430\u0440<\/strong><\/td>\n<td><strong>\u0431\u0430\u0440<\/strong><\/td>\n<\/tr>\n<tr>\n<td>3\/4<\/td>\n<td>19<\/td>\n<td>32<\/td>\n<td>345<\/td>\n<td>1380<\/td>\n<\/tr>\n<tr>\n<td>1\u2033<\/td>\n<td>25.4<\/td>\n<td>38.4<\/td>\n<td>345<\/td>\n<td>1380<\/td>\n<\/tr>\n<tr>\n<td>1 1\/4<\/td>\n<td>31.8<\/td>\n<td>49.3<\/td>\n<td>345<\/td>\n<td>1380<\/td>\n<\/tr>\n<tr>\n<td>1 1\/2<\/td>\n<td>38.1<\/td>\n<td>57.3<\/td>\n<td>345<\/td>\n<td>1380<\/td>\n<\/tr>\n<tr>\n<td>2\u2033<\/td>\n<td>50.8<\/td>\n<td>71.6<\/td>\n<td>345<\/td>\n<td>1380<\/td>\n<\/tr>\n<\/tbody>\n<\/table>\n<p>&nbsp;<\/p>\n<div class=\"video video-fit mb\" style=\"padding-top:56.25%;\"><p><iframe loading=\"lazy\" title=\"\u041f\u0443\u0442\u0430\u043d\u0438\u0446\u0430 \u0432 \u0438\u0437\u043c\u0435\u0440\u0435\u043d\u0438\u044f\u0445 (\u0434\u044e\u0439\u043c\u044b, \u043f\u0430\u043b\u044c\u0446\u044b, \u0434\u044b\u043c\u043a\u0430, \u043c\u0438\u043b\u043b\u0438\u043c\u0435\u0442\u0440\u044b)\" width=\"1020\" height=\"574\" src=\"https:\/\/www.youtube.com\/embed\/uKk6AG_AZls?feature=oembed\" frameborder=\"0\" allow=\"accelerometer; autoplay; clipboard-write; encrypted-media; gyroscope; picture-in-picture; web-share\" referrerpolicy=\"strict-origin-when-cross-origin\" allowfullscreen><\/iframe><\/p>\n<\/div>","protected":false},"excerpt":{"rendered":"<p>R13 Hidrolik Hortumu Mineral, nebati ve glikoz bazl\u0131 hidrolik ya\u011flara dayan\u0131kl\u0131 \u00f6zel sentetik kau\u00e7uktan mamul, \u00e7ok y\u00fcksek pik bas\u0131n\u00e7lara ve zor \u015fartlara maruz kalacak sistemlerde kullan\u0131lan hortum \u00e7e\u015fididir. \u00a0-40\u00b0C \/ +120\u00b0C \u0130\u00c7 \u00c7API DI\u015e \u00c7API \u00c7ALI\u015eMA BASINCI PATLAMA BASINCI inch mm mm bar bar 3\/4 19 32 345 1380 1&#8243; 25.4 38.4 345 1380 1 [&#8230;]\n","protected":false},"featured_media":8415,"comment_status":"open","ping_status":"closed","template":"","meta":[],"product_brand":[],"product_cat":[157,88],"product_tag":[664,658,660,662,2288,659,663,661],"class_list":{"0":"post-670","1":"product","2":"type-product","3":"status-publish","4":"has-post-thumbnail","6":"product_cat-hidrolik-hortum","7":"product_cat-hidrolik-hortumlar","8":"product_tag-atese-dayaniklilik","9":"product_tag-hidrolik-hortum","10":"product_tag-hidrolik-yaglara-dayanikli","11":"product_tag-is","12":"product_tag-r13-hidrolik","13":"product_tag-sentetik-kaucuk","14":"product_tag-tarim-makinelerinde","15":"product_tag-yuksek-mukavemetli","17":"first","18":"instock","19":"taxable","20":"shipping-taxable","21":"product-type-variable"},"jetpack-related-posts":[{"id":683,"url":"https:\/\/tuzlahortum.com.tr\/ru\/product\/r9-sh-hidrolik-hortumu\/","url_meta":{"origin":670,"position":0},"title":"\u0413\u0438\u0434\u0440\u0430\u0432\u043b\u0438\u0447\u0435\u0441\u043a\u0438\u0439 \u0448\u043b\u0430\u043d\u0433 R9 SH","author":"admin","date":"6 \u0444\u0435\u0432\u0440\u0430\u043b\u044f 2019","format":false,"excerpt":"R9 SH Hidrolik Hortumu Alt Kat : M\u0130NERAL, NEBAT\u0130 VE GL\u0130KOL BAZLI H\u0130DROL\u0130K YA\u011eLARA DAYANIKLI \u00d6ZEL SENTET\u0130K KAU\u00c7UK. Takviye : 4 KAT \u00c7OK Y\u00dcKSEK MUKAVEMETL\u0130 SP\u0130RAL \u00c7EL\u0130K TEL. \u00dcst Kat : YA\u011eLARA, A\u015eINMAYA VE HER T\u00dcRL\u00dc HAVA \u015eARTLARINA DAYANIKLI SARGILI \u00d6ZEL SENTET\u0130K KAU\u00c7UK. Kullan\u0131m Yeri : \u00c7OK Y\u00dcKSEK P\u0130K BASIN\u00c7LARA\u2026","rel":"","context":"\u041f\u043e\u0445\u043e\u0436\u0430\u044f \u0437\u0430\u043f\u0438\u0441\u044c","block_context":{"text":"\u041f\u043e\u0445\u043e\u0436\u0430\u044f \u0437\u0430\u043f\u0438\u0441\u044c","link":""},"img":{"alt_text":"","src":"https:\/\/i0.wp.com\/tuzlahortum.com.tr\/wp-content\/uploads\/2019\/03\/powerstream-r9sh-hortum.png?fit=512%2C512&ssl=1&resize=350%2C200","width":350,"height":200},"classes":[]},{"id":681,"url":"https:\/\/tuzlahortum.com.tr\/ru\/product\/r4-hidrolik-hortumu\/","url_meta":{"origin":670,"position":1},"title":"\u0413\u0438\u0434\u0440\u0430\u0432\u043b\u0438\u0447\u0435\u0441\u043a\u0438\u0439 \u0448\u043b\u0430\u043d\u0433 R4","author":"admin","date":"6 \u0444\u0435\u0432\u0440\u0430\u043b\u044f 2019","format":false,"excerpt":"R4 Hidrolik Hortumu Alt Kat : H\u0130DROL\u0130K YA\u011eLARA VE YAKITLARA DAYANIKLI \u00d6ZEL SENTET\u0130K KAU\u00c7UK. Takviye : Y\u00dcKSEK MUKAVEMETL\u0130 SENTET\u0130K TEKST\u0130L VE SP\u0130RAL \u00c7EL\u0130K TEL. \u00dcst Kat : YA\u011eLARA, OZONA, A\u015eINMAYA VE HER T\u00dcRL\u00dc HAVA \u015eARTLARINA DAYANIKLI \u00d6ZEL SENTET\u0130K KAU\u00c7UK. Kullan\u0131m Yeri : \u0130\u015e VE TARIM MAK\u0130NELER\u0130NDE H\u0130DROL\u0130K S\u0130STEMLER\u0130N D\u00d6N\u00dc\u015e DEVRELER\u0130NDE.\u2026","rel":"","context":"\u041f\u043e\u0445\u043e\u0436\u0430\u044f \u0437\u0430\u043f\u0438\u0441\u044c","block_context":{"text":"\u041f\u043e\u0445\u043e\u0436\u0430\u044f \u0437\u0430\u043f\u0438\u0441\u044c","link":""},"img":{"alt_text":"","src":"https:\/\/i0.wp.com\/tuzlahortum.com.tr\/wp-content\/uploads\/2019\/03\/seltex-r4-hortum.png?fit=512%2C512&ssl=1&resize=350%2C200","width":350,"height":200},"classes":[]},{"id":682,"url":"https:\/\/tuzlahortum.com.tr\/ru\/product\/r9-sp-hidrolik-hortumu\/","url_meta":{"origin":670,"position":2},"title":"\u0413\u0438\u0434\u0440\u0430\u0432\u043b\u0438\u0447\u0435\u0441\u043a\u0438\u0439 \u0448\u043b\u0430\u043d\u0433 R9 SP","author":"admin","date":"6 \u0444\u0435\u0432\u0440\u0430\u043b\u044f 2019","format":false,"excerpt":"R9 SP Hidrolik Hortumu Alt Kat : M\u0130NERAL, NEBAT\u0130 VE GL\u0130KOL BAZLI H\u0130DROL\u0130K YA\u011eLARA DAYANIKLI \u00d6ZEL SENTET\u0130K KAU\u00c7UK. Takviye : 4 KAT \u00c7OK Y\u00dcKSEK MUKAVEMETL\u0130 SP\u0130RAL \u00c7EL\u0130K TEL. \u00dcst Kat : YA\u011eLARA, A\u015eINMAYA VE HER T\u00dcRL\u00dc HAVA \u015eARTLARINA DAYANIKLI SARGILI \u00d6ZEL SENTET\u0130K KAU\u00c7UK. Kullan\u0131m Yeri : \u00c7OK Y\u00dcKSEK P\u0130K BASIN\u00c7LARA\u2026","rel":"","context":"\u041f\u043e\u0445\u043e\u0436\u0430\u044f \u0437\u0430\u043f\u0438\u0441\u044c","block_context":{"text":"\u041f\u043e\u0445\u043e\u0436\u0430\u044f \u0437\u0430\u043f\u0438\u0441\u044c","link":""},"img":{"alt_text":"","src":"https:\/\/i0.wp.com\/tuzlahortum.com.tr\/wp-content\/uploads\/2019\/03\/powerstream-r9sp-hortum.png?fit=512%2C512&ssl=1&resize=350%2C200","width":350,"height":200},"classes":[]},{"id":674,"url":"https:\/\/tuzlahortum.com.tr\/ru\/product\/r1-hidrolik-hortumu\/","url_meta":{"origin":670,"position":3},"title":"\u0413\u0438\u0434\u0440\u0430\u0432\u043b\u0438\u0447\u0435\u0441\u043a\u0438\u0439 \u0448\u043b\u0430\u043d\u0433 R1","author":"admin","date":"6 \u0444\u0435\u0432\u0440\u0430\u043b\u044f 2019","format":false,"excerpt":"R1 Hidrolik Hortumu Alt Kat : H\u0130DROL\u0130K YA\u011eLARA DAYANIKLI \u00d6ZEL SENTET\u0130K KAU\u00c7UK. Takviye : Y\u00dcKSEK MUKAVEMETL\u0130 TEK KAT \u00c7EL\u0130K TEL \u00d6RG\u00dc. \u00dcst Kat : YA\u011eLARA, A\u015eINMAYA VE HER T\u00dcRL\u00dc HAVA \u015eARTLARINA DAYANIKLI SARGILI \u00d6ZEL SENTET\u0130K KAU\u00c7UK. Kullan\u0131m Yeri : \u0130\u015e VE TARIM MAK\u0130NELER\u0130NDE Y\u00dcKSEK BASIN\u00c7 GEREKT\u0130REN H\u0130DROL\u0130K DEVRELERDE. \u0130\u00c7 \u00c7API\u2026","rel":"","context":"\u041f\u043e\u0445\u043e\u0436\u0430\u044f \u0437\u0430\u043f\u0438\u0441\u044c","block_context":{"text":"\u041f\u043e\u0445\u043e\u0436\u0430\u044f \u0437\u0430\u043f\u0438\u0441\u044c","link":""},"img":{"alt_text":"","src":"https:\/\/i0.wp.com\/tuzlahortum.com.tr\/wp-content\/uploads\/2019\/03\/forcestream-r1at-hortum.png?fit=512%2C512&ssl=1&resize=350%2C200","width":350,"height":200},"classes":[]},{"id":686,"url":"https:\/\/tuzlahortum.com.tr\/ru\/product\/r2-hidrolik-hortumu\/","url_meta":{"origin":670,"position":4},"title":"\u0413\u0438\u0434\u0440\u0430\u0432\u043b\u0438\u0447\u0435\u0441\u043a\u0438\u0439 \u0448\u043b\u0430\u043d\u0433 R2","author":"admin","date":"6 \u0444\u0435\u0432\u0440\u0430\u043b\u044f 2019","format":false,"excerpt":"R2 Hidrolik Hortumu Alt Kat : H\u0130DROL\u0130K YA\u011eLARA DAYANIKLI \u00d6ZEL SENTET\u0130K KAU\u00c7UK. Takviye : Y\u00dcKSEK MUKAVEMETL\u0130 2 KAT \u00c7EL\u0130K TEL \u00d6RG\u00dc. \u00dcst Kat : YA\u011eLARA, A\u015eINMAYA VE HER T\u00dcRL\u00dc HAVA \u015eARTLARINA DAYANIKLI SARGILI \u00d6ZEL SENTET\u0130K KAU\u00c7UK. Kullan\u0131m Yeri : \u0130\u015e VE TARIM MAK\u0130NELER\u0130NDE Y\u00dcKSEK BASIN\u00c7 GEREKT\u0130REN H\u0130DROL\u0130K DEVRELERDE. \u0130\u00c7 \u00c7API\u2026","rel":"","context":"\u041f\u043e\u0445\u043e\u0436\u0430\u044f \u0437\u0430\u043f\u0438\u0441\u044c","block_context":{"text":"\u041f\u043e\u0445\u043e\u0436\u0430\u044f \u0437\u0430\u043f\u0438\u0441\u044c","link":""},"img":{"alt_text":"","src":"https:\/\/i0.wp.com\/tuzlahortum.com.tr\/wp-content\/uploads\/2019\/03\/forcestream-r2at-hortum.png?fit=512%2C512&ssl=1&resize=350%2C200","width":350,"height":200},"classes":[]},{"id":673,"url":"https:\/\/tuzlahortum.com.tr\/ru\/product\/r6-hidrolik-hortumu\/","url_meta":{"origin":670,"position":5},"title":"\u0413\u0438\u0434\u0440\u0430\u0432\u043b\u0438\u0447\u0435\u0441\u043a\u0438\u0439 \u0448\u043b\u0430\u043d\u0433 R6","author":"admin","date":"6 \u0444\u0435\u0432\u0440\u0430\u043b\u044f 2019","format":false,"excerpt":"R6 Hidrolik Hortumu Alt Kat : H\u0130DROL\u0130K YA\u011eLARA DAYANIKLI \u00d6ZEL SENTET\u0130K KAU\u00c7UK. Takviye : Y\u00dcKSEK MUKAVEMETL\u0130 TEK KAT SENTET\u0130K TEKST\u0130L \u00d6RG\u00dc. \u00dcst Kat : YA\u011eLARA, OZONA, A\u015eINMAYA VE HER T\u00dcRL\u00dc HAVA \u015eARTLARINA DAYANIKLI SENTET\u0130K \u00dcST KAT. Kullan\u0131m Yeri : H\u0130DROL\u0130K KONTROLL\u00dc \u00dcN\u0130TELERDE Y\u00dcKSEK BASIN\u00c7LI H\u0130DROL\u0130K YA\u011e, FUEL-OIL, GRES YA\u011eI, SU\u2026","rel":"","context":"\u041f\u043e\u0445\u043e\u0436\u0430\u044f \u0437\u0430\u043f\u0438\u0441\u044c","block_context":{"text":"\u041f\u043e\u0445\u043e\u0436\u0430\u044f \u0437\u0430\u043f\u0438\u0441\u044c","link":""},"img":{"alt_text":"","src":"https:\/\/i0.wp.com\/tuzlahortum.com.tr\/wp-content\/uploads\/2019\/03\/seltex-r6-hortum.png?fit=512%2C512&ssl=1&resize=350%2C200","width":350,"height":200},"classes":[]}],"jetpack_sharing_enabled":true,"jetpack_likes_enabled":true,"_links":{"self":[{"href":"https:\/\/tuzlahortum.com.tr\/ru\/wp-json\/wp\/v2\/product\/670","targetHints":{"allow":["GET"]}}],"collection":[{"href":"https:\/\/tuzlahortum.com.tr\/ru\/wp-json\/wp\/v2\/product"}],"about":[{"href":"https:\/\/tuzlahortum.com.tr\/ru\/wp-json\/wp\/v2\/types\/product"}],"replies":[{"embeddable":true,"href":"https:\/\/tuzlahortum.com.tr\/ru\/wp-json\/wp\/v2\/comments?post=670"}],"wp:featuredmedia":[{"embeddable":true,"href":"https:\/\/tuzlahortum.com.tr\/ru\/wp-json\/wp\/v2\/media\/8415"}],"wp:attachment":[{"href":"https:\/\/tuzlahortum.com.tr\/ru\/wp-json\/wp\/v2\/media?parent=670"}],"wp:term":[{"taxonomy":"product_brand","embeddable":true,"href":"https:\/\/tuzlahortum.com.tr\/ru\/wp-json\/wp\/v2\/product_brand?post=670"},{"taxonomy":"product_cat","embeddable":true,"href":"https:\/\/tuzlahortum.com.tr\/ru\/wp-json\/wp\/v2\/product_cat?post=670"},{"taxonomy":"product_tag","embeddable":true,"href":"https:\/\/tuzlahortum.com.tr\/ru\/wp-json\/wp\/v2\/product_tag?post=670"}],"curies":[{"name":"wp","href":"https:\/\/api.w.org\/{rel}","templated":true}]}}