{"id":668,"date":"2019-02-06T23:52:06","date_gmt":"2019-02-06T20:52:06","guid":{"rendered":"http:\/\/hortum.com.tr\/product\/import-placeholder-for-246\/"},"modified":"2024-03-21T17:44:11","modified_gmt":"2024-03-21T14:44:11","slug":"tc-25","status":"publish","type":"product","link":"https:\/\/tuzlahortum.com.tr\/ru\/product\/tc-25\/","title":{"rendered":"\u0422\u041a 25"},"content":{"rendered":"<h2>\u0422\u041a 25<\/h2>\n<div>\u041c\u0410\u0422\u0415\u0420\u0418\u0410\u041b:<\/div>\n<div>\u0421\u0442\u0435\u043d\u043a\u0430 \u0448\u043b\u0430\u043d\u0433\u0430: \u0422\u043a\u0430\u043d\u044c \u0441 \u041f\u0412\u0425-\u043f\u043e\u043a\u0440\u044b\u0442\u0438\u0435\u043c<\/div>\n<div>\u2022 \u0412\u0435\u0441: 850 \u0433\/\u043c2.<\/div>\n<div>\u2022 \u041f\u0440\u0435\u0434\u0435\u043b \u043f\u0440\u043e\u0447\u043d\u043e\u0441\u0442\u0438: 320\/300 \u043a\u0433.\u0424.<\/div>\n<div>\u2022 \u041f\u0440\u043e\u0447\u043d\u043e\u0441\u0442\u044c \u043d\u0430 \u0440\u0430\u0437\u0440\u044b\u0432: 37\/45 \u043a\u0433.\u0424.<\/div>\n<div>\u2022 \u0422\u043e\u043b\u0449\u0438\u043d\u0430: 0,65 \u043c\u043c.<\/div>\n<div>\u2022 \u0426\u0432\u0435\u0442: \u0416\u0435\u043b\u0442\u044b\u0439 \u2013 \u0421\u0435\u0440\u044b\u0439<\/div>\n<div>\u2022 \u0412\u043e\u0434\u043e\u043f\u0440\u043e\u043d\u0438\u0446\u0430\u0435\u043c\u043e\u0441\u0442\u044c: 2000 \u043c\u043c \u0432\u043e\u0434\u043d\u043e\u0433\u043e \u0441\u0442\u043e\u043b\u0431\u0430.<\/div>\n<div>\u0412\u043d\u0435\u0448\u043d\u044f\u044f \u0441\u043f\u0438\u0440\u0430\u043b\u044c: \u043e\u0446\u0438\u043d\u043a\u043e\u0432\u0430\u043d\u043d\u0430\u044f \u0441\u0442\u0430\u043b\u044c.<\/div>\n<div><\/div>\n<div><div class=\"video video-fit mb\" style=\"padding-top:56.25%;\"><p><iframe loading=\"lazy\" title=\"\u041f\u0443\u0442\u0430\u043d\u0438\u0446\u0430 \u0432 \u0438\u0437\u043c\u0435\u0440\u0435\u043d\u0438\u044f\u0445 (\u0434\u044e\u0439\u043c\u044b, \u043f\u0430\u043b\u044c\u0446\u044b, \u0434\u044b\u043c\u043a\u0430, \u043c\u0438\u043b\u043b\u0438\u043c\u0435\u0442\u0440\u044b)\" width=\"1020\" height=\"574\" src=\"https:\/\/www.youtube.com\/embed\/uKk6AG_AZls?feature=oembed\" frameborder=\"0\" allow=\"accelerometer; autoplay; clipboard-write; encrypted-media; gyroscope; picture-in-picture; web-share\" referrerpolicy=\"strict-origin-when-cross-origin\" allowfullscreen><\/iframe><\/p>\n<\/div><\/div>\n<div><\/div>\n<div>\u041f\u0420\u0418\u041b\u041e\u0416\u0415\u041d\u0418\u042f:<\/div>\n<div>\u2022 \u0412\u0435\u043d\u0442\u0438\u043b\u044f\u0446\u0438\u044f<\/div>\n<div>\u2022 \u0412\u0441\u0430\u0441\u044b\u0432\u0430\u043d\u0438\u0435 \u0432\u043e\u0437\u0434\u0443\u0445\u0430<\/div>\n<div>\u2022 \u042d\u0432\u0430\u043a\u0443\u0430\u0446\u0438\u044f \u0438 \u0442\u0440\u0430\u043d\u0441\u043f\u043e\u0440\u0442\u0438\u0440\u043e\u0432\u043a\u0430 \u043f\u043e \u0432\u043e\u0437\u0434\u0443\u0445\u0443<\/div>\n<div>\u2022 \u0412 \u0441\u0438\u0441\u0442\u0435\u043c\u0430\u0445 \u0432\u043e\u0437\u0434\u0443\u0445\u043e\u0434\u0443\u0432\u043e\u043a<\/div>\n<div>\u2022 \u0421\u0438\u0441\u0442\u0435\u043c\u044b \u0443\u0434\u0430\u043b\u0435\u043d\u0438\u044f \u0441\u0432\u0430\u0440\u043e\u0447\u043d\u043e\u0433\u043e \u0434\u044b\u043c\u0430<\/div>\n<div>\u2022 \u041f\u0440\u0438\u043b\u043e\u0436\u0435\u043d\u0438\u044f \u043d\u0438\u0437\u043a\u043e\u0433\u043e \u0438 \u0441\u0440\u0435\u0434\u043d\u0435\u0433\u043e \u0434\u0430\u0432\u043b\u0435\u043d\u0438\u044f<\/div>\n<div>\u2022 \u041f\u0440\u0438\u043c\u0435\u043d\u0435\u043d\u0438\u044f \u0432 \u0443\u0441\u043b\u043e\u0432\u0438\u044f\u0445 \u043d\u0438\u0437\u043a\u043e\u0433\u043e \u0438 \u0441\u0440\u0435\u0434\u043d\u0435\u0433\u043e \u0432\u0430\u043a\u0443\u0443\u043c\u0430<\/div>\n<div>\u2022 \u041a\u043e\u0440\u0430\u0431\u0435\u043b\u044c\u043d\u0430\u044f \u0432\u0435\u043d\u0442\u0438\u043b\u044f\u0446\u0438\u044f<\/div>\n<div>\u2022 \u0424\u0438\u043b\u044c\u0442\u0440\u044b \u0430\u0441\u0444\u0430\u043b\u044c\u0442\u043e\u0432\u044b\u0445 \u0437\u0430\u0432\u043e\u0434\u043e\u0432<\/div>\n<div>\u2022 \u041f\u0435\u0447\u0430\u0442\u044c \u2013 \u043f\u0435\u0440\u0435\u043d\u043e\u0441 \u0431\u0443\u043c\u0430\u0433\u0438 \u0432 \u0442\u0438\u043f\u043e\u0433\u0440\u0430\u0444\u0438\u044f\u0445.<\/div>\n<div>\u2022 \u0422\u0443\u043d\u043d\u0435\u043b\u044c \u2013 \u0428\u0430\u0445\u0442\u043d\u0430\u044f \u0432\u0435\u043d\u0442\u0438\u043b\u044f\u0446\u0438\u044f<\/div>\n<div>\u0424\u0423\u041d\u041a\u0426\u0418\u0418:<\/div>\n<div>\u2022 \u0418\u0441\u043a\u043b\u044e\u0447\u0438\u0442\u0435\u043b\u044c\u043d\u0430\u044f \u043c\u0435\u0445\u0430\u043d\u0438\u0447\u0435\u0441\u043a\u0430\u044f \u043f\u0440\u043e\u0447\u043d\u043e\u0441\u0442\u044c<\/div>\n<div>\u2022 \u041d\u0435\u043e\u0431\u044b\u0447\u0430\u0439\u043d\u043e \u043c\u043e\u0449\u043d\u044b\u0439<\/div>\n<div>\u2022 \u0421\u0442\u0435\u043f\u0435\u043d\u044c \u0441\u0436\u0430\u0442\u0438\u044f 1:3<\/div>\n<div>\u2022 \u041e\u0446\u0438\u043d\u043a\u043e\u0432\u0430\u043d\u043d\u0430\u044f \u0432\u043d\u0435\u0448\u043d\u044f\u044f \u0441\u043f\u0438\u0440\u0430\u043b\u044c, \u0443\u0441\u0442\u043e\u0439\u0447\u0438\u0432\u0430\u044f \u043a \u0438\u0441\u0442\u0438\u0440\u0430\u043d\u0438\u044e.<\/div>\n<div>\u2022 \u041f\u0440\u043e\u0438\u0437\u0432\u043e\u0434\u0441\u0442\u0432\u043e \u0441 \u0438\u0441\u043f\u043e\u043b\u044c\u0437\u043e\u0432\u0430\u043d\u0438\u0435\u043c \u043f\u0440\u043e\u0447\u043d\u043e\u0439 \u0442\u0435\u0445\u043d\u0438\u043a\u0438 \u043c\u0435\u0445\u0430\u043d\u0438\u0447\u0435\u0441\u043a\u043e\u0433\u043e \u0441\u043e\u0435\u0434\u0438\u043d\u0435\u043d\u0438\u044f.<\/div>\n<div>\u2022 \u0411\u043e\u043b\u0435\u0435 \u043f\u0440\u043e\u0447\u043d\u044b\u0439 \u0442\u043a\u0430\u043d\u0435\u0432\u044b\u0439 \u043c\u0430\u0442\u0435\u0440\u0438\u0430\u043b, \u0447\u0435\u043c TechniConnect 02.<\/div>\n<div>\u2022 \u0412\u044b\u0441\u043e\u043a\u0430\u044f \u043f\u0440\u043e\u0447\u043d\u043e\u0441\u0442\u044c \u043d\u0430 \u0440\u0430\u0441\u0442\u044f\u0436\u0435\u043d\u0438\u0435 \u0438 \u0441\u043a\u0440\u0443\u0447\u0438\u0432\u0430\u043d\u0438\u0435.<\/div>","protected":false},"excerpt":{"rendered":"<p>TC 25 MATERYAL: Hortum duvar\u0131 : PVC Kapl\u0131 Kuma\u015f \u2022 A\u011f\u0131rl\u0131k : 850 gr\/m2 \u2022 \u00c7ekme dayan\u0131m\u0131 : 320 \/ 300 kg.F \u2022 Y\u0131rt\u0131lma dayan\u0131m\u0131 : 37 \/ 45 kg.F \u2022 Kal\u0131nl\u0131k : 0.65 mm \u2022 Renk : Sar\u0131 &#8211; Gri \u2022 Su Ge\u00e7irgenli\u011fi : 2000 mmWG D\u0131\u015f Spiral : Galvaniz \u00e7elik UYGULAMALAR: \u2022 \u00a0Havaland\u0131rma [&#8230;]\n","protected":false},"featured_media":6342,"comment_status":"open","ping_status":"closed","template":"","meta":{"jetpack_post_was_ever_published":false},"product_brand":[],"product_cat":[144,150],"product_tag":[490,644,481,230,369,488,484,465],"class_list":{"0":"post-668","1":"product","2":"type-product","3":"status-publish","4":"has-post-thumbnail","6":"product_cat-havalandirma-ve-kaynak-hortumlari","7":"product_cat-tarim-sektoru-hortumlari","8":"product_tag-asfalt-plentleri","9":"product_tag-blower-uygulamalarinda","10":"product_tag-galvaniz-celik-dis-spiral","11":"product_tag-gri","12":"product_tag-havalandirma","13":"product_tag-mekanik-dayanim","14":"product_tag-pvc-kapli-kumas","15":"product_tag-sari","17":"first","18":"instock","19":"taxable","20":"shipping-taxable","21":"product-type-variable"},"jetpack-related-posts":[],"jetpack_sharing_enabled":true,"jetpack_likes_enabled":true,"_links":{"self":[{"href":"https:\/\/tuzlahortum.com.tr\/ru\/wp-json\/wp\/v2\/product\/668","targetHints":{"allow":["GET"]}}],"collection":[{"href":"https:\/\/tuzlahortum.com.tr\/ru\/wp-json\/wp\/v2\/product"}],"about":[{"href":"https:\/\/tuzlahortum.com.tr\/ru\/wp-json\/wp\/v2\/types\/product"}],"replies":[{"embeddable":true,"href":"https:\/\/tuzlahortum.com.tr\/ru\/wp-json\/wp\/v2\/comments?post=668"}],"wp:featuredmedia":[{"embeddable":true,"href":"https:\/\/tuzlahortum.com.tr\/ru\/wp-json\/wp\/v2\/media\/6342"}],"wp:attachment":[{"href":"https:\/\/tuzlahortum.com.tr\/ru\/wp-json\/wp\/v2\/media?parent=668"}],"wp:term":[{"taxonomy":"product_brand","embeddable":true,"href":"https:\/\/tuzlahortum.com.tr\/ru\/wp-json\/wp\/v2\/product_brand?post=668"},{"taxonomy":"product_cat","embeddable":true,"href":"https:\/\/tuzlahortum.com.tr\/ru\/wp-json\/wp\/v2\/product_cat?post=668"},{"taxonomy":"product_tag","embeddable":true,"href":"https:\/\/tuzlahortum.com.tr\/ru\/wp-json\/wp\/v2\/product_tag?post=668"}],"curies":[{"name":"wp","href":"https:\/\/api.w.org\/{rel}","templated":true}]}}