{"id":667,"date":"2019-02-06T23:52:06","date_gmt":"2019-02-06T20:52:06","guid":{"rendered":"http:\/\/hortum.com.tr\/product\/import-placeholder-for-245\/"},"modified":"2024-03-21T17:44:12","modified_gmt":"2024-03-21T14:44:12","slug":"tc-10","status":"publish","type":"product","link":"https:\/\/tuzlahortum.com.tr\/ru\/product\/tc-10\/","title":{"rendered":"\u0422\u041a 10"},"content":{"rendered":"<h2>\u0422\u041a 10<\/h2>\n<div>\u041c\u0410\u0422\u0415\u0420\u0418\u0410\u041b:<\/div>\n<div>\u0422\u043a\u0430\u043d\u0435\u0432\u0430\u044f \u0441\u0442\u0435\u043d\u0430: \u0445\u043e\u043b\u0441\u0442 \u0441 \u041f\u0412\u0425-\u043f\u043e\u043a\u0440\u044b\u0442\u0438\u0435\u043c<\/div>\n<div>\u2022 \u0412\u0435\u0441: 600 \u0433\/\u043c2.<\/div>\n<div>\u2022 \u041f\u0440\u0435\u0434\u0435\u043b \u043f\u0440\u043e\u0447\u043d\u043e\u0441\u0442\u0438: 150\/75 \u043a\u0433\/5 \u0441\u043c.<\/div>\n<div>\u2022 \u0422\u043e\u043b\u0449\u0438\u043d\u0430 \u0448\u0432\u0430: 0,90 \u043c\u043c.<\/div>\n<div>\u2022 \u0426\u0432\u0435\u0442: \u0447\u0435\u0440\u043d\u044b\u0439<\/div>\n<div>\u0412\u043d\u0435\u0448\u043d\u044f\u044f \u0441\u043f\u0438\u0440\u0430\u043b\u044c: \u043e\u0446\u0438\u043d\u043a\u043e\u0432\u0430\u043d\u043d\u0430\u044f \u0441\u0442\u0430\u043b\u044c<\/div>\n<div><\/div>\n<div><div class=\"video video-fit mb\" style=\"padding-top:56.25%;\"><p><iframe loading=\"lazy\" title=\"\u041f\u0443\u0442\u0430\u043d\u0438\u0446\u0430 \u0432 \u0438\u0437\u043c\u0435\u0440\u0435\u043d\u0438\u044f\u0445 (\u0434\u044e\u0439\u043c\u044b, \u043f\u0430\u043b\u044c\u0446\u044b, \u0434\u044b\u043c\u043a\u0430, \u043c\u0438\u043b\u043b\u0438\u043c\u0435\u0442\u0440\u044b)\" width=\"1020\" height=\"574\" src=\"https:\/\/www.youtube.com\/embed\/uKk6AG_AZls?feature=oembed\" frameborder=\"0\" allow=\"accelerometer; autoplay; clipboard-write; encrypted-media; gyroscope; picture-in-picture; web-share\" referrerpolicy=\"strict-origin-when-cross-origin\" allowfullscreen><\/iframe><\/p>\n<\/div><\/div>\n<div><\/div>\n<div>\u041f\u0420\u0418\u041b\u041e\u0416\u0415\u041d\u0418\u042f:<\/div>\n<div>\u2022 \u041f\u0435\u0440\u0435\u0434\u0430\u0447\u0430 \u0433\u043e\u0440\u044f\u0447\u0435\u0433\u043e \u0432\u043e\u0437\u0434\u0443\u0445\u0430<\/div>\n<div>\u2022 \u041f\u0440\u0438 \u044d\u0432\u0430\u043a\u0443\u0430\u0446\u0438\u0438 \u043f\u0440\u043e\u0434\u043e\u0432\u043e\u043b\u044c\u0441\u0442\u0432\u0435\u043d\u043d\u043e\u0433\u043e \u0437\u0435\u0440\u043d\u0430<\/div>\n<div>\u2022 \u0412 \u0441\u0438\u0441\u0442\u0435\u043c\u0430\u0445 \u043d\u0438\u0437\u043a\u043e\u0433\u043e \u0434\u0430\u0432\u043b\u0435\u043d\u0438\u044f<\/div>\n<div>\u2022 \u0412 \u043e\u0431\u043e\u0440\u043e\u043d\u043d\u043e\u0439 \u043f\u0440\u043e\u043c\u044b\u0448\u043b\u0435\u043d\u043d\u043e\u0441\u0442\u0438<\/div>\n<div>\u2022 \u0421\u0431\u0440\u043e\u0441 \u043a\u043e\u0440\u0440\u043e\u0437\u0438\u0439\u043d\u044b\u0445 \u043c\u0430\u0442\u0435\u0440\u0438\u0430\u043b\u043e\u0432<\/div>\n<div>\u2022 \u041d\u0430 \u0445\u0438\u043c\u0438\u0447\u0435\u0441\u043a\u0438\u0445 \u0437\u0430\u0432\u043e\u0434\u0430\u0445<\/div>\n<div>\u2022 \u041f\u0440\u0438 \u044d\u0432\u0430\u043a\u0443\u0430\u0446\u0438\u0438 \u0438\u0437 \u0421\u043e\u0432\u0435\u043d\u0442\u0430<\/div>\n<div>\u2022 \u0423\u0434\u0430\u043b\u0435\u043d\u0438\u0435 \u0434\u044b\u043c\u0430 \u0438\u0437 \u043a\u0440\u0430\u0441\u043a\u0438<\/div>\n<div>\u0424\u0423\u041d\u041a\u0426\u0418\u0418:<\/div>\n<div>\u2022 \u0423\u0441\u0442\u043e\u0439\u0447\u0438\u0432\u043e\u0441\u0442\u044c \u043a \u043c\u0435\u0445\u0430\u043d\u0438\u0447\u0435\u0441\u043a\u0438\u043c \u043f\u043e\u0432\u0440\u0435\u0436\u0434\u0435\u043d\u0438\u044f\u043c<\/div>\n<div>\u2022 \u0421\u0438\u043b\u044c\u043d\u044b\u0439<\/div>\n<div>\u2022 \u0411\u043e\u043b\u0435\u0435 \u043f\u0440\u043e\u0447\u043d\u044b\u0439 \u043c\u0430\u0442\u0435\u0440\u0438\u0430\u043b, \u0447\u0435\u043c TechniConnect 01.<\/div>\n<div>\u2022 \u0412\u044b\u0441\u043e\u043a\u0430\u044f \u0433\u0438\u0431\u043a\u043e\u0441\u0442\u044c, \u0441\u0442\u0435\u043f\u0435\u043d\u044c \u0441\u0436\u0430\u0442\u0438\u044f 1:7.<\/div>\n<div>\u2022 \u0412\u043d\u0435\u0448\u043d\u044f\u044f \u043e\u0446\u0438\u043d\u043a\u043e\u0432\u0430\u043d\u043d\u0430\u044f \u0441\u043f\u0438\u0440\u0430\u043b\u044c, \u0443\u0441\u0442\u043e\u0439\u0447\u0438\u0432\u0430\u044f \u043a \u0438\u0441\u0442\u0438\u0440\u0430\u043d\u0438\u044e.<\/div>\n<div>\u2022 \u0427\u0440\u0435\u0437\u0432\u044b\u0447\u0430\u0439\u043d\u043e \u043d\u0430\u0434\u0435\u0436\u043d\u044b\u0439 \u043c\u0435\u0442\u043e\u0434 \u043f\u0440\u043e\u0438\u0437\u0432\u043e\u0434\u0441\u0442\u0432\u0430.<\/div>","protected":false},"excerpt":{"rendered":"<p>TC 10 MATERYAL: Kuma\u015f duvar\u0131 : PVC Kapl\u0131 Canvas \u2022 A\u011f\u0131rl\u0131k : 600 gr\/m2 \u2022 \u00c7ekme Dayan\u0131m\u0131 : 150 \/ 75 kg \/ 5cm \u2022 Ek Kal\u0131nl\u0131\u011f\u0131 : 0,90 mm \u2022 Renk : Siyah D\u0131\u015f Spiral : Galvaniz \u00c7elik UYGULAMALAR: \u2022 S\u0131cak hava transferi \u2022 G\u0131da tanelerinin tahliyesinde \u2022 D\u00fc\u015f\u00fck bas\u0131n\u00e7l\u0131 uygulamalarda \u2022 Savunma sanayinde [&#8230;]\n","protected":false},"featured_media":6345,"comment_status":"open","ping_status":"closed","template":"","meta":{"jetpack_post_was_ever_published":false},"product_brand":[],"product_cat":[144],"product_tag":[642,481,643,488,641,454,635],"class_list":{"0":"post-667","1":"product","2":"type-product","3":"status-publish","4":"has-post-thumbnail","6":"product_cat-havalandirma-ve-kaynak-hortumlari","7":"product_tag-asindirici-materyallerin-tahliyesinde","8":"product_tag-galvaniz-celik-dis-spiral","9":"product_tag-kimya-tesislerinde","10":"product_tag-mekanik-dayanim","11":"product_tag-pvc-kapli-kanvas-kumas","12":"product_tag-siyah","13":"product_tag-sicak-hava-transferi","15":"first","16":"instock","17":"taxable","18":"shipping-taxable","19":"product-type-variable"},"jetpack-related-posts":[],"jetpack_sharing_enabled":true,"jetpack_likes_enabled":true,"_links":{"self":[{"href":"https:\/\/tuzlahortum.com.tr\/ru\/wp-json\/wp\/v2\/product\/667","targetHints":{"allow":["GET"]}}],"collection":[{"href":"https:\/\/tuzlahortum.com.tr\/ru\/wp-json\/wp\/v2\/product"}],"about":[{"href":"https:\/\/tuzlahortum.com.tr\/ru\/wp-json\/wp\/v2\/types\/product"}],"replies":[{"embeddable":true,"href":"https:\/\/tuzlahortum.com.tr\/ru\/wp-json\/wp\/v2\/comments?post=667"}],"wp:featuredmedia":[{"embeddable":true,"href":"https:\/\/tuzlahortum.com.tr\/ru\/wp-json\/wp\/v2\/media\/6345"}],"wp:attachment":[{"href":"https:\/\/tuzlahortum.com.tr\/ru\/wp-json\/wp\/v2\/media?parent=667"}],"wp:term":[{"taxonomy":"product_brand","embeddable":true,"href":"https:\/\/tuzlahortum.com.tr\/ru\/wp-json\/wp\/v2\/product_brand?post=667"},{"taxonomy":"product_cat","embeddable":true,"href":"https:\/\/tuzlahortum.com.tr\/ru\/wp-json\/wp\/v2\/product_cat?post=667"},{"taxonomy":"product_tag","embeddable":true,"href":"https:\/\/tuzlahortum.com.tr\/ru\/wp-json\/wp\/v2\/product_tag?post=667"}],"curies":[{"name":"wp","href":"https:\/\/api.w.org\/{rel}","templated":true}]}}