{"id":660,"date":"2019-02-06T23:52:04","date_gmt":"2019-02-06T20:52:04","guid":{"rendered":"http:\/\/hortum.com.tr\/product\/import-placeholder-for-482\/"},"modified":"2024-03-21T17:44:17","modified_gmt":"2024-03-21T14:44:17","slug":"trelleborg-normines-ii","status":"publish","type":"product","link":"https:\/\/tuzlahortum.com.tr\/ru\/product\/trelleborg-normines-ii\/","title":{"rendered":"\u0422\u0440\u0435\u043b\u043b\u0435\u0431\u043e\u0440\u0433 \u041d\u041e\u0420\u041c\u0418\u041d\u0415\u0421 II"},"content":{"rendered":"<h2>\u0422\u0440\u0435\u043b\u043b\u0435\u0431\u043e\u0440\u0433 \u041d\u041e\u0420\u041c\u0418\u041d\u0415\u0421 II<\/h2>\n<div>\u041f\u0440\u0438\u043c\u0435\u043d\u0435\u043d\u0438\u0435 \u0432\u043e\u0437\u0434\u0443\u0445\u0430\/\u0441\u0436\u0430\u0442\u043e\u0433\u043e \u0432\u043e\u0437\u0434\u0443\u0445\u0430<\/div>\n<div>\u041f\u0435\u0440\u0444\u043e\u0440\u0430\u0442\u043e\u0440\u044b, \u0430\u0431\u0440\u0430\u0437\u0438\u0432\u043d\u044b\u0435 \u0438 \u0448\u043b\u0438\u0446\u0435\u0432\u044b\u0435 \u0441\u0442\u0430\u043d\u043a\u0438, \u043c\u043e\u043b\u043e\u0442\u043a\u0438 \u0434\u043b\u044f \u0437\u0430\u043a\u043b\u0435\u043f\u043e\u043a \u0438 \u0441\u043d\u044f\u0442\u0438\u044f \u0437\u0430\u0443\u0441\u0435\u043d\u0446\u0435\u0432 \u0438 \u0442. \u0434. \u043d\u0440\u0430\u0432\u0438\u0442\u044c\u0441\u044f<\/div>\n<div>\u0412\u043e\u0437\u0434\u0443\u0448\u043d\u044b\u0439 \u0448\u043b\u0430\u043d\u0433, \u043f\u043e\u0434\u0445\u043e\u0434\u044f\u0449\u0438\u0439 \u0434\u043b\u044f \u043e\u0441\u043e\u0431\u043e \u0442\u044f\u0436\u0435\u043b\u044b\u0445 \u0443\u0441\u043b\u043e\u0432\u0438\u0439 \u0440\u0430\u0431\u043e\u0442\u044b, \u0438\u0441\u043f\u043e\u043b\u044c\u0437\u0443\u0435\u043c\u044b\u0445 \u0432 \u043f\u043d\u0435\u0432\u043c\u0430\u0442\u0438\u0447\u0435\u0441\u043a\u0438\u0445 \u043c\u0430\u0448\u0438\u043d\u0430\u0445.<\/div>\n<div>\u041c\u043d\u043e\u0433\u043e\u0446\u0435\u043b\u0435\u0432\u043e\u0439 \u0448\u043b\u0430\u043d\u0433 \u0434\u043b\u044f \u0441\u0436\u0430\u0442\u043e\u0433\u043e \u0432\u043e\u0437\u0434\u0443\u0445\u0430, \u0438\u0441\u043f\u043e\u043b\u044c\u0437\u0443\u0435\u043c\u044b\u0439 \u0432 \u0433\u043e\u0440\u043d\u043e\u0434\u043e\u0431\u044b\u0432\u0430\u044e\u0449\u0435\u0439 \u043f\u0440\u043e\u043c\u044b\u0448\u043b\u0435\u043d\u043d\u043e\u0441\u0442\u0438, \u0441\u0442\u0440\u043e\u0438\u0442\u0435\u043b\u044c\u0441\u0442\u0432\u0435, \u043e\u0431\u0440\u0430\u0431\u0430\u0442\u044b\u0432\u0430\u044e\u0449\u0435\u0439 \u043f\u0440\u043e\u043c\u044b\u0448\u043b\u0435\u043d\u043d\u043e\u0441\u0442\u0438 \u0438 \u0434\u0440\u0443\u0433\u0438\u0445 \u043e\u0442\u0440\u0430\u0441\u043b\u044f\u0445.<\/div>\n<div>\u0421\u0436\u0430\u0442\u044b\u0439 \u0432\u043e\u0437\u0434\u0443\u0445, \u043a\u0438\u0441\u043b\u043e\u0440\u043e\u0434 (\u0442\u043e\u043b\u044c\u043a\u043e \u0432\u043d\u0443\u0442\u0440\u0435\u043d\u043d\u0438\u0439 \u0434\u0438\u0430\u043c\u0435\u0442\u0440 \u226425 \u043c\u043c) \u0438 \u0434\u0443\u0433\u043e\u0432\u0430\u044f \u0441\u0432\u0430\u0440\u043a\u0430 \u0434\u043b\u044f \u0432\u0441\u0435\u0445 \u043f\u0440\u0438\u043c\u0435\u043d\u0435\u043d\u0438\u0439.<\/div>\n<div>\u041f\u043e\u0434\u0445\u043e\u0434\u0438\u0442 \u0434\u043b\u044f \u0438\u0441\u043f\u043e\u043b\u044c\u0437\u0443\u0435\u043c\u044b\u0445 \u0438\u043d\u0435\u0440\u0442\u043d\u044b\u0445 \u0433\u0430\u0437\u043e\u0432: \u0430\u0440\u0433\u043e\u043d\u0430, \u0430\u0437\u043e\u0442\u0430 \u0438 \u0443\u0433\u043b\u0435\u043a\u0438\u0441\u043b\u043e\u0433\u043e \u0433\u0430\u0437\u0430.<\/div>\n<div>\u0412\u043e\u0434\u043d\u044b\u0435 \u0440\u0430\u0441\u0442\u0432\u043e\u0440\u044b \u0438\u043b\u0438 \u044d\u043c\u0443\u043b\u044c\u0441\u0438\u0438, \u0442\u0430\u043a\u0436\u0435 \u0438\u0441\u043f\u043e\u043b\u044c\u0437\u0443\u0435\u043c\u044b\u0435 \u0432 \u043f\u0440\u043e\u043c\u044b\u0448\u043b\u0435\u043d\u043d\u043e\u043c \u043e\u043f\u0440\u044b\u0441\u043a\u0438\u0432\u0430\u043d\u0438\u0438 \u0432\u043e\u0434\u043e\u0439 \u0432 \u0441\u0435\u043b\u044c\u0441\u043a\u043e\u043c \u0445\u043e\u0437\u044f\u0439\u0441\u0442\u0432\u0435.<\/div>\n<div>\u0422\u0430\u043a\u0436\u0435 \u043f\u043e\u0434\u0445\u043e\u0434\u0438\u0442 \u0434\u043b\u044f \u0434\u0440\u0443\u0433\u0438\u0445 \u0441\u0440\u0435\u0434 (\u043f\u0440\u0438 \u043e\u043f\u0440\u0435\u0434\u0435\u043b\u0435\u043d\u043d\u044b\u0445 \u0443\u0441\u043b\u043e\u0432\u0438\u044f\u0445), \u0442\u0430\u043a\u0438\u0445 \u043a\u0430\u043a \u043f\u043e\u0431\u0435\u043b\u043a\u0430, \u0434\u0435\u0437\u0438\u043d\u0444\u0435\u043a\u0446\u0438\u044f, \u043a\u0438\u0441\u043b\u043e\u0442\u044b \u0438 \u0449\u0435\u043b\u043e\u0447\u0438.<\/div>\n<div>\u041f\u0440\u0435\u0438\u043c\u0443\u0449\u0435\u0441\u0442\u0432\u0430<\/div>\n<div>*\u041e\u0447\u0435\u043d\u044c \u0432\u044b\u0441\u043e\u043a\u0430\u044f \u0443\u0441\u0442\u043e\u0439\u0447\u0438\u0432\u043e\u0441\u0442\u044c \u043a \u0438\u0441\u0442\u0438\u0440\u0430\u043d\u0438\u044e \u0438 \u0430\u0442\u043c\u043e\u0441\u0444\u0435\u0440\u043d\u044b\u043c \u0443\u0441\u043b\u043e\u0432\u0438\u044f\u043c.<\/div>\n<div>*\u0425\u043e\u0440\u043e\u0448\u0430\u044f \u0445\u043e\u043b\u043e\u0434\u043d\u0430\u044f \u0433\u0438\u0431\u043a\u043e\u0441\u0442\u044c.<\/div>\n<div>*\u0411\u043e\u043b\u044c\u0448\u043e\u0439 \u0432\u044b\u0431\u043e\u0440 \u0434\u0438\u0430\u043c\u0435\u0442\u0440\u043e\u0432 \u0438 \u0440\u0430\u0437\u043c\u0435\u0440\u043e\u0432.<\/div>\n<div>*\u0412\u044b\u0441\u043e\u043a\u0438\u0439 \u043a\u043e\u044d\u0444\u0444\u0438\u0446\u0438\u0435\u043d\u0442 \u0431\u0435\u0437\u043e\u043f\u0430\u0441\u043d\u043e\u0441\u0442\u0438.<\/div>\n<div>\u0422\u0435\u0445\u043d\u0438\u0447\u0435\u0441\u043a\u043e\u0435 \u043e\u043f\u0438\u0441\u0430\u043d\u0438\u0435<\/div>\n<div>\u0412\u043d\u0443\u0442\u0440\u0435\u043d\u043d\u044f\u044f \u0442\u0440\u0443\u0431\u043a\u0430: SBR, \u0447\u0435\u0440\u043d\u0430\u044f, \u0433\u043b\u0430\u0434\u043a\u0430\u044f.<\/div>\n<div>\u0410\u0440\u043c\u0438\u0440\u043e\u0432\u0430\u043d\u0438\u0435: \u0441\u0438\u043d\u0442\u0435\u0442\u0438\u0447\u0435\u0441\u043a\u0438\u0439 \u0442\u0435\u043a\u0441\u0442\u0438\u043b\u044c.<\/div>\n<div>\u041f\u043e\u043a\u0440\u044b\u0442\u0438\u0435: SBR, \u0447\u0435\u0440\u043d\u044b\u0439, \u0442\u043a\u0430\u043d\u0435\u0432\u044b\u0439 \u0434\u043b\u044f \u0412\u041d\u0423\u0422\u0420\u0418&gt;25 \u043c\u043c, \u043e\u0434\u043d\u043e\u0442\u043e\u043d\u043d\u044b\u0439 \u0434\u043b\u044f \u0412\u041d\u0423\u0422\u0420\u0418&lt;25 \u043c\u043c.<\/div>\n<div>\u0414\u0438\u0430\u043f\u0430\u0437\u043e\u043d \u0442\u0435\u043c\u043f\u0435\u0440\u0430\u0442\u0443\u0440: \u043e\u0442 -40\u00b0C \u0434\u043e +70\u00b0C.<\/div>\n<div>\u042d\u043b\u0435\u043a\u0442\u0440\u0438\u0447\u0435\u0441\u043a\u0438\u0435 \u0441\u0432\u043e\u0439\u0441\u0442\u0432\u0430: \u043f\u0440\u043e\u0432\u043e\u0434\u044f\u0449\u0430\u044f \u0432\u043d\u0443\u0442\u0440\u0435\u043d\u043d\u044f\u044f \u0442\u0440\u0443\u0431\u043a\u0430 \u0438 \u043f\u043e\u043a\u0440\u044b\u0442\u0438\u0435, R&lt;106 \u041e\u043c\/\u043c.<\/div>\n<div>\n<div class=\"video video-fit mb\" style=\"padding-top:56.25%;\"><p><iframe loading=\"lazy\" title=\"\u041f\u0443\u0442\u0430\u043d\u0438\u0446\u0430 \u0432 \u0438\u0437\u043c\u0435\u0440\u0435\u043d\u0438\u044f\u0445 (\u0434\u044e\u0439\u043c\u044b, \u043f\u0430\u043b\u044c\u0446\u044b, \u0434\u044b\u043c\u043a\u0430, \u043c\u0438\u043b\u043b\u0438\u043c\u0435\u0442\u0440\u044b)\" width=\"1020\" height=\"574\" src=\"https:\/\/www.youtube.com\/embed\/uKk6AG_AZls?feature=oembed\" frameborder=\"0\" allow=\"accelerometer; autoplay; clipboard-write; encrypted-media; gyroscope; picture-in-picture; web-share\" referrerpolicy=\"strict-origin-when-cross-origin\" allowfullscreen><\/iframe><\/p>\n<\/div>\n<div class=\"video video-fit mb\" style=\"padding-top:56.25%;\"><p>https:\/\/www.youtube.com\/watch?v=O8ZlzKEjfEQ%20<\/p>\n<\/div>\n<\/div>\n<p><img data-recalc-dims=\"1\" loading=\"lazy\" decoding=\"async\" class=\"alignnone size-medium wp-image-2096\" src=\"https:\/\/i0.wp.com\/hortum.com.tr\/wp-content\/uploads\/urunler\/trelleborg\/Trelleborg-NORMINES-II-662x400.jpg?resize=662%2C400\" alt=\"\" width=\"662\" height=\"400\" title=\"\" srcset=\"https:\/\/i0.wp.com\/tuzlahortum.com.tr\/wp-content\/uploads\/urunler\/trelleborg\/Trelleborg-NORMINES-II.jpg?resize=662%2C400&amp;ssl=1 662w, https:\/\/i0.wp.com\/tuzlahortum.com.tr\/wp-content\/uploads\/urunler\/trelleborg\/Trelleborg-NORMINES-II.jpg?resize=768%2C464&amp;ssl=1 768w, https:\/\/i0.wp.com\/tuzlahortum.com.tr\/wp-content\/uploads\/urunler\/trelleborg\/Trelleborg-NORMINES-II.jpg?resize=600%2C362&amp;ssl=1 600w, https:\/\/i0.wp.com\/tuzlahortum.com.tr\/wp-content\/uploads\/urunler\/trelleborg\/Trelleborg-NORMINES-II.jpg?w=846&amp;ssl=1 846w\" sizes=\"auto, (max-width: 662px) 100vw, 662px\" \/><\/p>","protected":false},"excerpt":{"rendered":"<p>Trelleborg NORMINES II Hava\/Bas\u0131n\u00e7l\u0131 hava uygulamalar\u0131 Kaya deliciler, a\u015f\u0131nd\u0131r\u0131c\u0131 ve slot makinesi, per\u00e7in ve \u00e7apak temizleme \u00e7eki\u00e7leri, vs. gibi pn\u00f6matik makinelerde kullan\u0131lan ekstra a\u011f\u0131r \u00e7al\u0131\u015fma ko\u015fullar\u0131na uygun hava hortumu. Madencilik end\u00fcstrisi, in\u015faat, imalat end\u00fcstrisi ve di\u011ferlerinde kullan\u0131lan \u00e7ok ama\u00e7l\u0131 bas\u0131n\u00e7l\u0131\u00a0hava hortumu. T\u00fcm uygulamalara y\u00f6nelik s\u0131k\u0131\u015ft\u0131r\u0131lm\u0131\u015f hava, oksijen (sadece \u0130\u00c7\u226425mm) ve ark kayna\u011f\u0131nda kullan\u0131lan asal gazlardan [&#8230;]\n","protected":false},"featured_media":2657,"comment_status":"open","ping_status":"closed","template":"","meta":{"jetpack_post_was_ever_published":false},"product_brand":[],"product_cat":[178],"product_tag":[620,558,623,294,424,290,626,625,619,624,622,621],"class_list":{"0":"post-660","1":"product","2":"type-product","3":"status-publish","4":"has-post-thumbnail","6":"product_cat-hava-basincli-hava-hortumlari","7":"product_tag-asindirici","8":"product_tag-basinc","9":"product_tag-capak-temizleme","10":"product_tag-dayanikli","11":"product_tag-hava","12":"product_tag-hortum","13":"product_tag-imalat-endustrisi","14":"product_tag-insaat","15":"product_tag-kaya-deliciler","16":"product_tag-madencilik-endustrisi","17":"product_tag-percin","18":"product_tag-slot-makinesi","20":"first","21":"instock","22":"taxable","23":"shipping-taxable","24":"product-type-variable"},"jetpack-related-posts":[],"jetpack_sharing_enabled":true,"jetpack_likes_enabled":true,"_links":{"self":[{"href":"https:\/\/tuzlahortum.com.tr\/ru\/wp-json\/wp\/v2\/product\/660","targetHints":{"allow":["GET"]}}],"collection":[{"href":"https:\/\/tuzlahortum.com.tr\/ru\/wp-json\/wp\/v2\/product"}],"about":[{"href":"https:\/\/tuzlahortum.com.tr\/ru\/wp-json\/wp\/v2\/types\/product"}],"replies":[{"embeddable":true,"href":"https:\/\/tuzlahortum.com.tr\/ru\/wp-json\/wp\/v2\/comments?post=660"}],"wp:featuredmedia":[{"embeddable":true,"href":"https:\/\/tuzlahortum.com.tr\/ru\/wp-json\/wp\/v2\/media\/2657"}],"wp:attachment":[{"href":"https:\/\/tuzlahortum.com.tr\/ru\/wp-json\/wp\/v2\/media?parent=660"}],"wp:term":[{"taxonomy":"product_brand","embeddable":true,"href":"https:\/\/tuzlahortum.com.tr\/ru\/wp-json\/wp\/v2\/product_brand?post=660"},{"taxonomy":"product_cat","embeddable":true,"href":"https:\/\/tuzlahortum.com.tr\/ru\/wp-json\/wp\/v2\/product_cat?post=660"},{"taxonomy":"product_tag","embeddable":true,"href":"https:\/\/tuzlahortum.com.tr\/ru\/wp-json\/wp\/v2\/product_tag?post=660"}],"curies":[{"name":"wp","href":"https:\/\/api.w.org\/{rel}","templated":true}]}}