{"id":654,"date":"2019-02-06T23:52:02","date_gmt":"2019-02-06T20:52:02","guid":{"rendered":"http:\/\/hortum.com.tr\/product\/import-placeholder-for-484\/"},"modified":"2024-03-21T17:44:19","modified_gmt":"2024-03-21T14:44:19","slug":"trelleborg-airflat","status":"publish","type":"product","link":"https:\/\/tuzlahortum.com.tr\/ru\/product\/trelleborg-airflat\/","title":{"rendered":"\u0422\u0440\u0435\u043b\u043b\u0435\u0431\u043e\u0440\u0433 AIRFLAT"},"content":{"rendered":"<h2>\u0422\u0440\u0435\u043b\u043b\u0435\u0431\u043e\u0440\u0433 AIRFLAT<\/h2>\n<p>\u041f\u0440\u0438\u043c\u0435\u043d\u0435\u043d\u0438\u0435 \u0432\u043e\u0437\u0434\u0443\u0445\u0430\/\u0441\u0436\u0430\u0442\u043e\u0433\u043e \u0432\u043e\u0437\u0434\u0443\u0445\u0430<\/p>\n<p>\u041b\u0435\u0433\u043a\u0438\u0439 \u043f\u0440\u044f\u043c\u043e\u0439 \u0448\u043b\u0430\u043d\u0433 \u0434\u043b\u044f \u043c\u043d\u043e\u0433\u043e\u0446\u0435\u043b\u0435\u0432\u043e\u0433\u043e \u043f\u0440\u0438\u043c\u0435\u043d\u0435\u043d\u0438\u044f \u0432 \u043e\u0431\u0449\u0435\u0441\u0442\u0432\u0435\u043d\u043d\u044b\u0445 \u0440\u0430\u0431\u043e\u0442\u0430\u0445, \u0441\u0435\u043b\u044c\u0441\u043a\u043e\u043c \u0445\u043e\u0437\u044f\u0439\u0441\u0442\u0432\u0435 \u0438 \u0432\u043e \u0432\u0441\u0435\u0445 \u043e\u0442\u0440\u0430\u0441\u043b\u044f\u0445 \u043f\u0440\u043e\u043c\u044b\u0448\u043b\u0435\u043d\u043d\u043e\u0441\u0442\u0438.<\/p>\n<p>\u041e\u0441\u043e\u0431\u0435\u043d\u043d\u043e, \u043a\u043e\u0433\u0434\u0430 \u043d\u0435\u043e\u0431\u0445\u043e\u0434\u0438\u043c\u044b \u0431\u043e\u043b\u044c\u0448\u0430\u044f \u0434\u043b\u0438\u043d\u0430 \u0438 \u043b\u0435\u0433\u043a\u0438\u0439 \u0432\u0435\u0441, \u0430 \u0434\u043e\u0441\u0442\u0443\u043f \u043a \u043d\u0438\u043c \u0437\u0430\u0442\u0440\u0443\u0434\u043d\u0435\u043d.<\/p>\n<p>\u041e\u043d \u043f\u0440\u0435\u0434\u043d\u0430\u0437\u043d\u0430\u0447\u0435\u043d \u0434\u043b\u044f \u043f\u0435\u0440\u0435\u043a\u0430\u0447\u0438\u0432\u0430\u043d\u0438\u044f \u0438 \u0442\u0440\u0430\u043d\u0441\u043f\u043e\u0440\u0442\u0438\u0440\u043e\u0432\u043a\u0438 \u0436\u0438\u0434\u043a\u043e\u0441\u0442\u0435\u0439 \u0438 \u043f\u043e\u0434\u043e\u0431\u043d\u044b\u0445 \u0436\u0438\u0434\u043a\u043e\u0441\u0442\u0435\u0439, \u0430 \u0442\u0430\u043a\u0436\u0435 \u0441\u0436\u0430\u0442\u043e\u0433\u043e \u0432\u043e\u0437\u0434\u0443\u0445\u0430 \u0432 \u043f\u043e\u043c\u0435\u0449\u0435\u043d\u0438\u044f\u0445.<\/p>\n<p>\u041f\u0440\u0435\u0438\u043c\u0443\u0449\u0435\u0441\u0442\u0432\u0430<\/p>\n<p>*\u041b\u0435\u0433\u043a\u043e \u043d\u043e\u0441\u0438\u0442\u044c \u0441 \u0441\u043e\u0431\u043e\u0439 \u0438 \u0445\u0440\u0430\u043d\u0438\u0442\u044c, \u043e\u0447\u0435\u043d\u044c \u043c\u0430\u043b\u044b\u0439 \u0432\u0435\u0441, \u043c\u043e\u0436\u043d\u043e \u0441\u0432\u0435\u0440\u043d\u0443\u0442\u044c.<\/p>\n<p>*\u0412\u044b\u0441\u043e\u043a\u0430\u044f \u043f\u0440\u043e\u0447\u043d\u043e\u0441\u0442\u044c \u043d\u0430 \u0440\u0430\u0437\u0440\u044b\u0432 \u0438 \u043e\u0442\u043b\u0438\u0447\u043d\u0430\u044f \u0430\u0434\u0433\u0435\u0437\u0438\u044f \u043c\u0435\u0436\u0434\u0443 \u0440\u0435\u0437\u0438\u043d\u043e\u0439 \u0438 \u0442\u0435\u043a\u0441\u0442\u0438\u043b\u0435\u043c.<\/p>\n<p>*\u0414\u043b\u0438\u043d\u0430 \u0434\u043e 200\u043c.<\/p>\n<p>*\u041c\u0430\u0441\u043b\u043e \u0438 \u0445\u0438\u043c\u0438\u0447\u0435\u0441\u043a\u0430\u044f \u0441\u0442\u043e\u0439\u043a\u043e\u0441\u0442\u044c.<\/p>\n<p>*\u0412\u044b\u0441\u043e\u043a\u0430\u044f \u0433\u0438\u0431\u043a\u043e\u0441\u0442\u044c \u043f\u043e\u0434 \u0434\u0430\u0432\u043b\u0435\u043d\u0438\u0435\u043c.<\/p>\n<p>*\u0428\u043b\u0430\u043d\u0433 \u0443\u0441\u0442\u043e\u0439\u0447\u0438\u0432 \u043a \u0442\u0440\u0430\u043d\u0441\u043f\u043e\u0440\u0442\u0438\u0440\u043e\u0432\u043a\u0435 \u0432 \u0441\u0443\u0440\u043e\u0432\u044b\u0445 \u0443\u0441\u043b\u043e\u0432\u0438\u044f\u0445, \u043d\u043e \u0432 \u0441\u043b\u0443\u0447\u0430\u0435 \u043f\u043e\u0432\u0440\u0435\u0436\u0434\u0435\u043d\u0438\u044f<\/p>\n<p>\u041d\u0430\u0434\u0435\u043d\u044c\u0442\u0435 \u043d\u0430 \u043f\u043e\u0432\u0440\u0435\u0436\u0434\u0435\u043d\u043d\u0443\u044e \u0447\u0430\u0441\u0442\u044c \u0448\u043b\u0430\u043d\u0433\u0430 \u0448\u0442\u0443\u0446\u0435\u0440 \u0442\u043e\u0433\u043e \u0436\u0435 \u0434\u0438\u0430\u043c\u0435\u0442\u0440\u0430 (\u0441\u0431\u0440\u043e\u0441\u044c\u0442\u0435 \u0434\u0430\u0432\u043b\u0435\u043d\u0438\u0435).<\/p>\n<p>\u0432\u043e\u0437\u043d\u0438\u043a\u0430\u044e\u0449\u0435\u0435 \u0440\u0430\u0441\u0448\u0438\u0440\u0435\u043d\u0438\u0435 \u043f\u0440\u0435\u0434\u043e\u0442\u0432\u0440\u0430\u0442\u0438\u0442 \u0443\u0442\u0435\u0447\u043a\u0443).<\/p>\n<p>\u0422\u0435\u0445\u043d\u0438\u0447\u0435\u0441\u043a\u043e\u0435 \u043e\u043f\u0438\u0441\u0430\u043d\u0438\u0435<\/p>\n<p>\u0412\u043d\u0443\u0442\u0440\u0435\u043d\u043d\u044f\u044f \u0442\u0440\u0443\u0431\u043a\u0430: \u043c\u0430\u0441\u043b\u043e\u0441\u0442\u043e\u0439\u043a\u0438\u0439 NBR, \u0447\u0435\u0440\u043d\u044b\u0439, \u0433\u043b\u0430\u0434\u043a\u0438\u0439.<\/p>\n<p>\u0423\u0441\u0438\u043b\u0435\u043d\u0438\u0435: \u0441\u0438\u043d\u0442\u0435\u0442\u0438\u0447\u0435\u0441\u043a\u0438\u0439 \u0442\u0435\u043a\u0441\u0442\u0438\u043b\u044c, \u0442\u0440\u0438\u043a\u043e\u0442\u0430\u0436.<\/p>\n<p>\u041f\u043e\u043a\u0440\u044b\u0442\u0438\u0435: \u043e\u0437\u043e\u043d\u043e- \u0438 \u043c\u0430\u0441\u043b\u043e\u0441\u0442\u043e\u0439\u043a\u0438\u0439 NBR, \u0447\u0435\u0440\u043d\u044b\u0439, \u0441 \u043f\u0440\u043e\u0434\u043e\u043b\u044c\u043d\u044b\u043c\u0438 \u0431\u043e\u0440\u043e\u0437\u0434\u043a\u0430\u043c\u0438.<\/p>\n<p>\u0414\u0438\u0430\u043f\u0430\u0437\u043e\u043d \u0442\u0435\u043c\u043f\u0435\u0440\u0430\u0442\u0443\u0440: \u043e\u0442 -20\u00b0C \u0434\u043e +80\u00b0C.<\/p>\n<p>\u042d\u043b\u0435\u043a\u0442\u0440\u0438\u0447\u0435\u0441\u043a\u0438\u0435 \u0441\u0432\u043e\u0439\u0441\u0442\u0432\u0430: \u043d\u0435\u043f\u0440\u043e\u0432\u043e\u0434\u044f\u0449\u0438\u0439.<\/p>\n<p>\u0421\u0430\u043b\u044c\u043d\u0438\u043a\u0438\/\u0444\u0438\u0442\u0438\u043d\u0433\u0438<\/p>\n<p>\u0424\u0438\u043a\u0441\u0430\u0442\u043e\u0440 \u0441 \u0434\u0432\u043e\u0439\u043d\u044b\u043c \u0431\u043e\u043b\u0442\u043e\u0432\u044b\u043c \u0437\u0430\u0436\u0438\u043c\u043e\u043c \u043d\u0430 \u0444\u0438\u0442\u0438\u043d\u0433.<\/p>\n<p>\u0420\u0435\u043a\u043e\u043c\u0435\u043d\u0434\u0443\u0435\u0442\u0441\u044f \u0438\u0441\u043f\u043e\u043b\u044c\u0437\u043e\u0432\u0430\u0442\u044c \u043a\u0430\u0431\u0435\u043b\u044c \u0441 \u0437\u0430\u0449\u0438\u0442\u043e\u0439 \u043e\u0442 \u0441\u043f\u0443\u0442\u044b\u0432\u0430\u043d\u0438\u044f, \u043e\u0441\u043e\u0431\u0435\u043d\u043d\u043e \u043f\u0440\u0438 \u0440\u0430\u0431\u043e\u0442\u0435 \u0441\u043e \u0441\u0436\u0430\u0442\u044b\u043c \u0432\u043e\u0437\u0434\u0443\u0445\u043e\u043c.<\/p>\n<p>\u0414\u043b\u044f \u0440\u0430\u0437\u043c\u0435\u0440\u043e\u0432 \u0431\u043e\u043b\u0435\u0435 25 \u043c\u043c \u0440\u0435\u043a\u043e\u043c\u0435\u043d\u0434\u0443\u044e\u0442\u0441\u044f \u0441\u043f\u0435\u0446\u0438\u0430\u043b\u044c\u043d\u044b\u0435 \u0444\u0438\u0442\u0438\u043d\u0433\u0438.<\/p>\n<p>\u0414\u043e\u043f\u043e\u043b\u043d\u0438\u0442\u0435\u043b\u044c\u043d\u0430\u044f \u0438\u043d\u0444\u043e\u0440\u043c\u0430\u0446\u0438\u044f<\/p>\n<p>\u041d\u0435 \u0440\u0435\u043a\u043e\u043c\u0435\u043d\u0434\u0443\u0435\u0442\u0441\u044f \u0438\u0441\u043f\u043e\u043b\u044c\u0437\u043e\u0432\u0430\u0442\u044c \u0448\u043b\u0430\u043d\u0433\u0438 \u0441 \u0432\u043d\u0443\u0442\u0440\u0435\u043d\u043d\u0438\u043c \u0434\u0438\u0430\u043c\u0435\u0442\u0440\u043e\u043c \u0431\u043e\u043b\u0435\u0435 65 \u043c\u043c \u043f\u0440\u0438 \u0440\u0430\u0431\u043e\u0442\u0435 \u0441\u043e \u0441\u0436\u0430\u0442\u044b\u043c \u0432\u043e\u0437\u0434\u0443\u0445\u043e\u043c.<\/p>\n<div class=\"video video-fit mb\" style=\"padding-top:56.25%;\"><p><iframe loading=\"lazy\" title=\"\u041f\u0443\u0442\u0430\u043d\u0438\u0446\u0430 \u0432 \u0438\u0437\u043c\u0435\u0440\u0435\u043d\u0438\u044f\u0445 (\u0434\u044e\u0439\u043c\u044b, \u043f\u0430\u043b\u044c\u0446\u044b, \u0434\u044b\u043c\u043a\u0430, \u043c\u0438\u043b\u043b\u0438\u043c\u0435\u0442\u0440\u044b)\" width=\"1020\" height=\"574\" src=\"https:\/\/www.youtube.com\/embed\/uKk6AG_AZls?feature=oembed\" frameborder=\"0\" allow=\"accelerometer; autoplay; clipboard-write; encrypted-media; gyroscope; picture-in-picture; web-share\" referrerpolicy=\"strict-origin-when-cross-origin\" allowfullscreen><\/iframe><\/p>\n<\/div>\n<div class=\"video video-fit mb\" style=\"padding-top:56.25%;\"><p>https:\/\/www.youtube.com\/watch?v=O8ZlzKEjfEQ%20<\/p>\n<\/div>\n<p><img data-recalc-dims=\"1\" loading=\"lazy\" decoding=\"async\" class=\"alignnone size-medium wp-image-2142\" src=\"https:\/\/i0.wp.com\/hortum.com.tr\/wp-content\/uploads\/urunler\/trelleborg\/Trelleborg-AIRFLAT-800x149.jpg?resize=800%2C149\" alt=\"\" width=\"800\" height=\"149\" title=\"\" srcset=\"https:\/\/i0.wp.com\/tuzlahortum.com.tr\/wp-content\/uploads\/urunler\/trelleborg\/Trelleborg-AIRFLAT.jpg?resize=800%2C149&amp;ssl=1 800w, https:\/\/i0.wp.com\/tuzlahortum.com.tr\/wp-content\/uploads\/urunler\/trelleborg\/Trelleborg-AIRFLAT.jpg?resize=768%2C143&amp;ssl=1 768w, https:\/\/i0.wp.com\/tuzlahortum.com.tr\/wp-content\/uploads\/urunler\/trelleborg\/Trelleborg-AIRFLAT.jpg?resize=600%2C111&amp;ssl=1 600w, https:\/\/i0.wp.com\/tuzlahortum.com.tr\/wp-content\/uploads\/urunler\/trelleborg\/Trelleborg-AIRFLAT.jpg?w=905&amp;ssl=1 905w\" sizes=\"auto, (max-width: 800px) 100vw, 800px\" \/><\/p>","protected":false},"excerpt":{"rendered":"<p>Trelleborg AIRFLAT Hava\/Bas\u0131n\u00e7l\u0131 hava uygulamalar\u0131 Bay\u0131nd\u0131rl\u0131k hizmetleri, tar\u0131m ve t\u00fcm end\u00fcstrilerde \u00e7ok ama\u00e7l\u0131 uygulamalara y\u00f6nelik hafif, d\u00fcz\u00a0hortum. \u00d6zellikle y\u00fcksek uzunluk ve hafif a\u011f\u0131rl\u0131klara ihtiya\u00e7 duyuldu\u011funda ve eri\u015fimin kolay olmad\u0131\u011f\u0131 alanlarda s\u0131v\u0131 ve benzeri s\u0131v\u0131lar\u0131n yan\u0131 s\u0131ra bas\u0131n\u00e7l\u0131 hava pompalanmas\u0131 ve ta\u015f\u0131nmas\u0131 i\u00e7in\u00a0tasarlanm\u0131\u015ft\u0131r. Avantajlar *Ta\u015f\u0131mas\u0131 ve depolanmas\u0131 kolayd\u0131r, \u00e7ok d\u00fc\u015f\u00fck a\u011f\u0131rl\u0131k, sar\u0131labilir. *Y\u00fcksek \u00e7ekme dayan\u0131m\u0131 ve [&#8230;]\n","protected":false},"featured_media":2614,"comment_status":"open","ping_status":"closed","template":"","meta":{"jetpack_post_was_ever_published":false},"product_brand":[],"product_cat":[178],"product_tag":[558,294,424,290],"class_list":{"0":"post-654","1":"product","2":"type-product","3":"status-publish","4":"has-post-thumbnail","6":"product_cat-hava-basincli-hava-hortumlari","7":"product_tag-basinc","8":"product_tag-dayanikli","9":"product_tag-hava","10":"product_tag-hortum","12":"first","13":"instock","14":"taxable","15":"shipping-taxable","16":"product-type-variable"},"jetpack-related-posts":[],"jetpack_sharing_enabled":true,"jetpack_likes_enabled":true,"_links":{"self":[{"href":"https:\/\/tuzlahortum.com.tr\/ru\/wp-json\/wp\/v2\/product\/654","targetHints":{"allow":["GET"]}}],"collection":[{"href":"https:\/\/tuzlahortum.com.tr\/ru\/wp-json\/wp\/v2\/product"}],"about":[{"href":"https:\/\/tuzlahortum.com.tr\/ru\/wp-json\/wp\/v2\/types\/product"}],"replies":[{"embeddable":true,"href":"https:\/\/tuzlahortum.com.tr\/ru\/wp-json\/wp\/v2\/comments?post=654"}],"wp:featuredmedia":[{"embeddable":true,"href":"https:\/\/tuzlahortum.com.tr\/ru\/wp-json\/wp\/v2\/media\/2614"}],"wp:attachment":[{"href":"https:\/\/tuzlahortum.com.tr\/ru\/wp-json\/wp\/v2\/media?parent=654"}],"wp:term":[{"taxonomy":"product_brand","embeddable":true,"href":"https:\/\/tuzlahortum.com.tr\/ru\/wp-json\/wp\/v2\/product_brand?post=654"},{"taxonomy":"product_cat","embeddable":true,"href":"https:\/\/tuzlahortum.com.tr\/ru\/wp-json\/wp\/v2\/product_cat?post=654"},{"taxonomy":"product_tag","embeddable":true,"href":"https:\/\/tuzlahortum.com.tr\/ru\/wp-json\/wp\/v2\/product_tag?post=654"}],"curies":[{"name":"wp","href":"https:\/\/api.w.org\/{rel}","templated":true}]}}