{"id":650,"date":"2019-02-06T23:52:01","date_gmt":"2019-02-06T20:52:01","guid":{"rendered":"http:\/\/hortum.com.tr\/product\/import-placeholder-for-67\/"},"modified":"2024-03-21T17:44:23","modified_gmt":"2024-03-21T14:44:23","slug":"kompresor-hortumlari-agir-tip","status":"publish","type":"product","link":"https:\/\/tuzlahortum.com.tr\/ru\/product\/kompresor-hortumlari-agir-tip\/","title":{"rendered":"\u0428\u043b\u0430\u043d\u0433\u0438 \u043a\u043e\u043c\u043f\u0440\u0435\u0441\u0441\u043e\u0440\u0430 (\u0442\u044f\u0436\u0435\u043b\u043e\u0433\u043e \u0442\u0438\u043f\u0430)"},"content":{"rendered":"<h2>\u0428\u043b\u0430\u043d\u0433\u0438 \u043a\u043e\u043c\u043f\u0440\u0435\u0441\u0441\u043e\u0440\u0430 (\u0442\u044f\u0436\u0435\u043b\u043e\u0433\u043e \u0442\u0438\u043f\u0430)<\/h2>\n<div>\u041e\u0411\u041b\u0410\u0421\u0422\u0418 \u041f\u0420\u0418\u041c\u0415\u041d\u0415\u041d\u0418\u042f: \u041f\u0440\u043e\u0447\u043d\u044b\u0435 \u0438 \u0443\u0441\u0442\u043e\u0439\u0447\u0438\u0432\u044b\u0435 \u043a \u0438\u0437\u043b\u043e\u043c\u0443 \u0432\u043e\u0437\u0434\u0443\u0448\u043d\u044b\u0435 \u0448\u043b\u0430\u043d\u0433\u0438, \u043f\u043e\u0434\u0445\u043e\u0434\u044f\u0449\u0438\u0435 \u0434\u043b\u044f \u0448\u0430\u0445\u0442, \u043f\u0440\u043e\u043c\u044b\u0448\u043b\u0435\u043d\u043d\u043e\u0441\u0442\u0438 \u0438 \u0441\u0442\u0440\u043e\u0438\u0442\u0435\u043b\u044c\u0441\u0442\u0432\u0430 \u0432 \u0437\u0430\u0432\u0438\u0441\u0438\u043c\u043e\u0441\u0442\u0438 \u043e\u0442 \u0440\u0430\u0431\u043e\u0447\u0435\u0433\u043e \u0434\u0430\u0432\u043b\u0435\u043d\u0438\u044f.<\/div>\n<div><\/div>\n<div>\u0421\u0415\u0420\u0422\u0418\u0424\u0418\u041a\u0410\u0422\u042b: \u0428\u043b\u0430\u043d\u0433\u0438 \u0438\u043c\u0435\u044e\u0442 \u043c\u0430\u0440\u043a\u0438\u0440\u043e\u0432\u043a\u0443 TSE. TS745 EN ISO2398<\/div>\n<div><\/div>\n<div>\u0421\u041e\u041a\u0420\u0410\u0429\u0415\u041d\u0418\u0415<\/div>\n<div>\u041d\u0438\u0437: SBR\/NBR, \u0447\u0435\u0440\u043d\u044b\u0439, \u0443\u0441\u0442\u043e\u0439\u0447\u0438\u0432\u044b\u0439 \u043a \u0441\u0436\u0430\u0442\u043e\u043c\u0443 \u0432\u043e\u0437\u0434\u0443\u0445\u0443, \u0441\u043e\u0434\u0435\u0440\u0436\u0430\u0449\u0435\u043c\u0443 \u0432\u043e\u0434\u0443 \u0438 \u043f\u0430\u0440\u044b \u043c\u0430\u0441\u043b\u0430.<\/div>\n<div>\u0423\u0441\u0438\u043b\u0435\u043d\u0438\u0435: \u0412\u044b\u0441\u043e\u043a\u043e\u043f\u0440\u043e\u0447\u043d\u0430\u044f \u043a\u043e\u0440\u0434\u043e\u0432\u0430\u044f \u0442\u043a\u0430\u043d\u044c.<\/div>\n<div>\u0412\u0435\u0440\u0445: SBR\/NBR, \u0447\u0435\u0440\u043d\u044b\u0439, \u0433\u043b\u0430\u0434\u043a\u0438\u0439, \u0443\u0441\u0442\u043e\u0439\u0447\u0438\u0432\u044b\u0439 \u043a \u0430\u0442\u043c\u043e\u0441\u0444\u0435\u0440\u043d\u044b\u043c \u0432\u043e\u0437\u0434\u0435\u0439\u0441\u0442\u0432\u0438\u044f\u043c, \u0443\u0434\u0430\u0440\u0430\u043c \u0438 \u0438\u0441\u0442\u0438\u0440\u0430\u043d\u0438\u044e.<\/div>\n<div><\/div>\n<div><div class=\"video video-fit mb\" style=\"padding-top:56.25%;\"><p><iframe loading=\"lazy\" title=\"\u041f\u0443\u0442\u0430\u043d\u0438\u0446\u0430 \u0432 \u0438\u0437\u043c\u0435\u0440\u0435\u043d\u0438\u044f\u0445 (\u0434\u044e\u0439\u043c\u044b, \u043f\u0430\u043b\u044c\u0446\u044b, \u0434\u044b\u043c\u043a\u0430, \u043c\u0438\u043b\u043b\u0438\u043c\u0435\u0442\u0440\u044b)\" width=\"1020\" height=\"574\" src=\"https:\/\/www.youtube.com\/embed\/uKk6AG_AZls?feature=oembed\" frameborder=\"0\" allow=\"accelerometer; autoplay; clipboard-write; encrypted-media; gyroscope; picture-in-picture\" allowfullscreen><\/iframe><\/p>\n<\/div><\/div>","protected":false},"excerpt":{"rendered":"<p>Kompres\u00f6r Hortumlar\u0131 (A\u011f\u0131r Tip) KULLANIM ALANLARI : \u00c7al\u0131\u015fma bas\u0131n\u00e7lar\u0131na g\u00f6re maden ocaklar\u0131nda, end\u00fcstri ve in\u015faat i\u00e7in kullan\u0131\u015fl\u0131, sa\u011flam ve k\u0131r\u0131lmaya dayan\u0131kl\u0131 hava hortumlar\u0131. SERT\u0130F\u0130KALAR : Hortumlar TSE markal\u0131d\u0131r. TS745 EN ISO2398 KONTR\u00dcKS\u0130YON Alt : SBR\/NBR, siyah, su ve ya\u011f buhar\u0131 ihtiva eden bas\u0131n\u00e7l\u0131 havaya dayan\u0131kl\u0131 Takviye : Y\u00fcksek mukavemetli kord bezi \u00dcst : SBR\/NBR, siyah, [&#8230;]\n","protected":false},"featured_media":1679,"comment_status":"open","ping_status":"closed","template":"","meta":{"jetpack_post_was_ever_published":false},"product_brand":[],"product_cat":[156],"product_tag":[597,596,600,598,599,601],"class_list":{"0":"post-650","1":"product","2":"type-product","3":"status-publish","4":"has-post-thumbnail","6":"product_cat-hava-hortumlari","7":"product_tag-25-bar","8":"product_tag-agir-tip-kompresor-hortumlari","9":"product_tag-endustri-ve-insaat-icin-kullanisli-hortum","10":"product_tag-kompresor-hortumu","11":"product_tag-maden-ocaklarinda-kullanilan-hortum","12":"product_tag-saglam-ve-kirilmaya-dayanikli-hava-hortumlari","14":"first","15":"instock","16":"taxable","17":"shipping-taxable","18":"product-type-variable"},"jetpack-related-posts":[],"jetpack_sharing_enabled":true,"jetpack_likes_enabled":true,"_links":{"self":[{"href":"https:\/\/tuzlahortum.com.tr\/ru\/wp-json\/wp\/v2\/product\/650","targetHints":{"allow":["GET"]}}],"collection":[{"href":"https:\/\/tuzlahortum.com.tr\/ru\/wp-json\/wp\/v2\/product"}],"about":[{"href":"https:\/\/tuzlahortum.com.tr\/ru\/wp-json\/wp\/v2\/types\/product"}],"replies":[{"embeddable":true,"href":"https:\/\/tuzlahortum.com.tr\/ru\/wp-json\/wp\/v2\/comments?post=650"}],"wp:featuredmedia":[{"embeddable":true,"href":"https:\/\/tuzlahortum.com.tr\/ru\/wp-json\/wp\/v2\/media\/1679"}],"wp:attachment":[{"href":"https:\/\/tuzlahortum.com.tr\/ru\/wp-json\/wp\/v2\/media?parent=650"}],"wp:term":[{"taxonomy":"product_brand","embeddable":true,"href":"https:\/\/tuzlahortum.com.tr\/ru\/wp-json\/wp\/v2\/product_brand?post=650"},{"taxonomy":"product_cat","embeddable":true,"href":"https:\/\/tuzlahortum.com.tr\/ru\/wp-json\/wp\/v2\/product_cat?post=650"},{"taxonomy":"product_tag","embeddable":true,"href":"https:\/\/tuzlahortum.com.tr\/ru\/wp-json\/wp\/v2\/product_tag?post=650"}],"curies":[{"name":"wp","href":"https:\/\/api.w.org\/{rel}","templated":true}]}}