{"id":639,"date":"2019-02-06T23:51:58","date_gmt":"2019-02-06T20:51:58","guid":{"rendered":"http:\/\/hortum.com.tr\/product\/import-placeholder-for-534\/"},"modified":"2024-03-21T17:44:32","modified_gmt":"2024-03-21T14:44:32","slug":"trelleborg-lactadial","status":"publish","type":"product","link":"https:\/\/tuzlahortum.com.tr\/ru\/product\/trelleborg-lactadial\/","title":{"rendered":"\u0422\u0440\u0435\u043b\u043b\u0435\u0431\u043e\u0440\u0433 \u041b\u0410\u041a\u0422\u0410\u0414\u0418\u0410\u041b\u042c\u041d\u042b\u0419"},"content":{"rendered":"<h2>\u0422\u0440\u0435\u043b\u043b\u0435\u0431\u043e\u0440\u0433 \u041b\u0410\u041a\u0422\u0410\u0414\u0418\u0410\u041b\u042c\u041d\u042b\u0419<\/h2>\n<div>\u041f\u0438\u0449\u0435\u0432\u0430\u044f \u043f\u0440\u043e\u043c\u044b\u0448\u043b\u0435\u043d\u043d\u043e\u0441\u0442\u044c\/\u0422\u0440\u0430\u043d\u0441\u0444\u0435\u0440<\/div>\n<div>\u0421\u0431\u043e\u0440 \u043c\u043e\u043b\u043e\u043a\u0430: \u043e\u0431\u043e\u0440\u0443\u0434\u043e\u0432\u0430\u043d\u0438\u0435 \u0440\u0435\u0437\u0435\u0440\u0432\u0443\u0430\u0440\u043e\u0432 \u0434\u043b\u044f \u0441\u0431\u043e\u0440\u0430 \u043c\u043e\u043b\u043e\u043a\u0430.<\/div>\n<div>\u041f\u0440\u0435\u0438\u043c\u0443\u0449\u0435\u0441\u0442\u0432\u0430<\/div>\n<div>* \u041e\u043d \u0447\u0440\u0435\u0437\u0432\u044b\u0447\u0430\u0439\u043d\u043e \u0433\u0438\u0431\u043e\u043a \u0438 \u0443\u0434\u043e\u0431\u0435\u043d \u0432 \u043f\u0435\u0440\u0435\u043d\u043e\u0441\u043a\u0435, \u043f\u043e\u0441\u043a\u043e\u043b\u044c\u043a\u0443 \u043e\u043d \u043b\u0435\u0433\u043a\u0438\u0439.<\/div>\n<div>* \u041f\u043e\u0441\u043b\u0435 \u0440\u0430\u0437\u0434\u0430\u0432\u043b\u0438\u0432\u0430\u043d\u0438\u044f \u043e\u043d \u0432\u043e\u0437\u0432\u0440\u0430\u0449\u0430\u0435\u0442\u0441\u044f \u043a \u0441\u0432\u043e\u0435\u0439 \u043f\u0435\u0440\u0432\u043e\u043d\u0430\u0447\u0430\u043b\u044c\u043d\u043e\u0439 \u0444\u043e\u0440\u043c\u0435.<\/div>\n<div>*\u041f\u043b\u043e\u0441\u043a\u0430\u044f \u0431\u0435\u0441\u0448\u043e\u0432\u043d\u0430\u044f \u0431\u0435\u043b\u0430\u044f \u0432\u043d\u0443\u0442\u0440\u0435\u043d\u043d\u044f\u044f \u0442\u0440\u0443\u0431\u043a\u0430 \u043d\u0435 \u0434\u043e\u043f\u0443\u0441\u043a\u0430\u0435\u0442 \u043e\u0431\u0440\u0430\u0437\u043e\u0432\u0430\u043d\u0438\u044f \u0431\u0430\u043a\u0442\u0435\u0440\u0438\u0439 \u0438 \u0431\u0435\u0437\u043e\u043f\u0430\u0441\u043d\u0430 \u0434\u043b\u044f \u043f\u0438\u0449\u0435\u0432\u044b\u0445 \u043f\u0440\u043e\u0434\u0443\u043a\u0442\u043e\u0432.<\/div>\n<div>\u041e\u043d \u0441\u043e\u043e\u0442\u0432\u0435\u0442\u0441\u0442\u0432\u0443\u0435\u0442 \u0441\u0430\u043c\u044b\u043c \u0441\u0442\u0440\u043e\u0433\u0438\u043c \u0444\u0440\u0430\u043d\u0446\u0443\u0437\u0441\u043a\u0438\u043c, \u0435\u0432\u0440\u043e\u043f\u0435\u0439\u0441\u043a\u0438\u043c \u0438 \u0430\u043c\u0435\u0440\u0438\u043a\u0430\u043d\u0441\u043a\u0438\u043c \u0441\u0442\u0430\u043d\u0434\u0430\u0440\u0442\u0430\u043c \u0442\u0440\u0430\u043d\u0441\u043f\u043e\u0440\u0442\u0438\u0440\u043e\u0432\u043a\u0438.<\/div>\n<div>*\u0411\u043b\u0430\u0433\u043e\u0434\u0430\u0440\u044f \u043a\u0430\u0447\u0435\u0441\u0442\u0432\u0443 \u0440\u0435\u0437\u0438\u043d\u043e\u0432\u043e\u0439 \u0441\u043c\u0435\u0441\u0438 \u043f\u0435\u0440\u0435\u043f\u0430\u0434\u044b \u0442\u0435\u043c\u043f\u0435\u0440\u0430\u0442\u0443\u0440 \u043d\u0435 \u043e\u043a\u0430\u0437\u044b\u0432\u0430\u044e\u0442 \u043d\u0438\u043a\u0430\u043a\u043e\u0433\u043e \u0432\u043b\u0438\u044f\u043d\u0438\u044f.<\/div>\n<div>*\u0421 \u043c\u043e\u044e\u0449\u0438\u043c\u0438 \u0441\u0440\u0435\u0434\u0441\u0442\u0432\u0430\u043c\u0438 \u0438\u043b\u0438 \u043f\u0430\u0440\u043e\u043c \u043f\u0440\u0438 \u0442\u0435\u043c\u043f\u0435\u0440\u0430\u0442\u0443\u0440\u0435 \u0434\u043e 110\u00b0C (\u043c\u0430\u043a\u0441\u0438\u043c\u0443\u043c 10 \u043c\u0438\u043d\u0443\u0442).<\/div>\n<div>\u041e\u0431\u0435\u0441\u043f\u0435\u0447\u0438\u0432\u0430\u0435\u0442 \u0441\u0442\u043e\u0439\u043a\u043e\u0441\u0442\u044c \u043a \u0433\u0435\u043d\u0435\u0440\u0430\u043b\u044c\u043d\u044b\u043c \u0443\u0431\u043e\u0440\u043e\u0447\u043d\u044b\u043c \u0440\u0430\u0431\u043e\u0442\u0430\u043c.<\/div>\n<div>*\u0418\u0437\u043d\u043e\u0441\u043e\u0441\u0442\u043e\u0439\u043a\u043e\u0435 \u0438 \u043d\u0435\u043c\u0430\u0440\u043a\u043e\u0435 \u043f\u043e\u043a\u0440\u044b\u0442\u0438\u0435.<\/div>\n<div>*\u041d\u0435 \u0441\u043e\u0434\u0435\u0440\u0436\u0438\u0442 \u0444\u0442\u0430\u043b\u0430\u0442\u043e\u0432.<\/div>\n<div>\u0422\u0435\u0445\u043d\u0438\u0447\u0435\u0441\u043a\u043e\u0435 \u043e\u043f\u0438\u0441\u0430\u043d\u0438\u0435<\/div>\n<div>\u0412\u043d\u0443\u0442\u0440\u0435\u043d\u043d\u044f\u044f \u0442\u0440\u0443\u0431\u043a\u0430: \u043f\u0438\u0449\u0435\u0432\u0430\u044f, NR, \u0431\u0435\u043b\u0430\u044f, \u0433\u043b\u0430\u0434\u043a\u0430\u044f.<\/div>\n<div>\u0423\u0441\u0438\u043b\u0435\u043d\u0438\u0435: \u0441\u0438\u043d\u0442\u0435\u0442\u0438\u0447\u0435\u0441\u043a\u0438\u0439 \u0442\u0435\u043a\u0441\u0442\u0438\u043b\u044c \u0441\u043e \u0432\u0441\u0442\u0440\u043e\u0435\u043d\u043d\u043e\u0439 \u0441\u0442\u0430\u043b\u044c\u043d\u043e\u0439 \u043f\u0440\u0443\u0436\u0438\u043d\u043e\u0439.<\/div>\n<div>\u041f\u043e\u043a\u0440\u044b\u0442\u0438\u0435: \u0438\u0437\u043d\u043e\u0441\u043e\u0441\u0442\u043e\u0439\u043a\u043e\u0435 NR, \u0441\u0438\u043d\u0435\u0435, \u0441 \u044d\u0444\u0444\u0435\u043a\u0442\u043e\u043c \u0442\u043a\u0430\u043d\u0438.<\/div>\n<div>\u0414\u0438\u0430\u043f\u0430\u0437\u043e\u043d \u0442\u0435\u043c\u043f\u0435\u0440\u0430\u0442\u0443\u0440: \u043e\u0442 -30\u00b0C \u0434\u043e +80\u00b0C.<\/div>\n<div>\u0421\u0442\u0430\u043d\u0434\u0430\u0440\u0442\/\u041e\u0434\u043e\u0431\u0440\u0435\u043d\u0438\u0435:<\/div>\n<div>\u0420\u0435\u0433\u043b\u0430\u043c\u0435\u043d\u0442\u044b \u0415\u0421 1935\/2004 \u0438 2023\/2006, \u0430 \u0442\u0430\u043a\u0436\u0435 \u0440\u0435\u0433\u043b\u0430\u043c\u0435\u043d\u0442 FDA 21 CFR 177.2600.<\/div>\n<div>\u0424\u0440\u0430\u043d\u0446\u0443\u0437\u0441\u043a\u043e\u0435 \u0437\u0430\u043a\u043e\u043d\u043e\u0434\u0430\u0442\u0435\u043b\u044c\u0441\u0442\u0432\u043e.<\/div>\n<div>\u0412\u0441\u0435 \u0441\u043e\u043e\u0442\u0432\u0435\u0442\u0441\u0442\u0432\u0443\u044e\u0449\u0438\u0435 \u043f\u0440\u043e\u0445\u043e\u0434\u043d\u044b\u0435 \u0442\u0435\u0441\u0442\u044b (\u0424\u0440\u0430\u043d\u0446\u0438\u044f \u0438 FDA) \u0424\u0440\u0430\u043d\u0446\u0443\u0437\u0441\u043a\u043e\u0433\u043e \u0438\u043d\u0441\u0442\u0438\u0442\u0443\u0442\u0430 \u041f\u0443\u0430\u0442\u044c\u0435 (IANESCO).<\/div>\n<div>\u0431\u044b\u043b\u043e \u0438\u0437\u0433\u043e\u0442\u043e\u0432\u043b\u0435\u043d\u043e \u0438 \u043f\u043e\u0434\u0442\u0432\u0435\u0440\u0436\u0434\u0435\u043d\u043e \u0435\u0433\u043e \u043f\u0440\u0438\u0433\u043e\u0434\u043d\u043e\u0441\u0442\u044c.<\/div>\n<div>\u0421\u0430\u043b\u044c\u043d\u0438\u043a\u0438\/\u0444\u0438\u0442\u0438\u043d\u0433\u0438<\/div>\n<div>\u0414\u043b\u044f \u0434\u043e\u0441\u0442\u0438\u0436\u0435\u043d\u0438\u044f \u043e\u043f\u0442\u0438\u043c\u0430\u043b\u044c\u043d\u044b\u0445 \u0441\u043e\u0435\u0434\u0438\u043d\u0435\u043d\u0438\u0439 \u0434\u043e\u0441\u0442\u0443\u043f\u043d\u044b \u0441\u043f\u0435\u0446\u0438\u0430\u043b\u044c\u043d\u043e \u0440\u0430\u0437\u0440\u0430\u0431\u043e\u0442\u0430\u043d\u043d\u044b\u0435 \u0444\u0438\u0442\u0438\u043d\u0433\u0438.<\/div>\n<div>\u0421\u0432\u044f\u0436\u0438\u0442\u0435\u0441\u044c \u0441 \u043d\u0430\u043c\u0438 \u0434\u043b\u044f \u043f\u043e\u043b\u0443\u0447\u0435\u043d\u0438\u044f \u0434\u043e\u043f\u043e\u043b\u043d\u0438\u0442\u0435\u043b\u044c\u043d\u043e\u0439 \u0438\u043d\u0444\u043e\u0440\u043c\u0430\u0446\u0438\u0438 \u043e.<\/div>\n<div><\/div>\n<div>\n<div class=\"video video-fit mb\" style=\"padding-top:56.25%;\"><p><iframe loading=\"lazy\" title=\"\u041a\u0430\u043a\u043e\u0439 \u043f\u0438\u0449\u0435\u0432\u043e\u0439 \u0448\u043b\u0430\u043d\u0433 \u0432\u044b\u0431\u0440\u0430\u0442\u044c?\" width=\"1020\" height=\"574\" src=\"https:\/\/www.youtube.com\/embed\/1RIgy8WF1Ao?feature=oembed\" frameborder=\"0\" allow=\"accelerometer; autoplay; clipboard-write; encrypted-media; gyroscope; picture-in-picture; web-share\" referrerpolicy=\"strict-origin-when-cross-origin\" allowfullscreen><\/iframe><\/p>\n<\/div>\n<div class=\"video video-fit mb\" style=\"padding-top:56.25%;\"><p><iframe loading=\"lazy\" title=\"\u041f\u0443\u0442\u0430\u043d\u0438\u0446\u0430 \u0432 \u0438\u0437\u043c\u0435\u0440\u0435\u043d\u0438\u044f\u0445 (\u0434\u044e\u0439\u043c\u044b, \u043f\u0430\u043b\u044c\u0446\u044b, \u0434\u044b\u043c\u043a\u0430, \u043c\u0438\u043b\u043b\u0438\u043c\u0435\u0442\u0440\u044b)\" width=\"1020\" height=\"574\" src=\"https:\/\/www.youtube.com\/embed\/uKk6AG_AZls?feature=oembed\" frameborder=\"0\" allow=\"accelerometer; autoplay; clipboard-write; encrypted-media; gyroscope; picture-in-picture; web-share\" referrerpolicy=\"strict-origin-when-cross-origin\" allowfullscreen><\/iframe><\/p>\n<\/div>\n<\/div>\n<p><img data-recalc-dims=\"1\" loading=\"lazy\" decoding=\"async\" class=\"alignnone size-medium wp-image-2687\" src=\"https:\/\/i0.wp.com\/hortum.com.tr\/wp-content\/uploads\/2019\/02\/Trelleborg-LACTADIAL-800x128.jpg?resize=800%2C128\" alt=\"\" width=\"800\" height=\"128\" title=\"\" srcset=\"https:\/\/i0.wp.com\/tuzlahortum.com.tr\/wp-content\/uploads\/2019\/02\/Trelleborg-LACTADIAL.jpg?resize=800%2C128&amp;ssl=1 800w, https:\/\/i0.wp.com\/tuzlahortum.com.tr\/wp-content\/uploads\/2019\/02\/Trelleborg-LACTADIAL.jpg?resize=768%2C123&amp;ssl=1 768w, https:\/\/i0.wp.com\/tuzlahortum.com.tr\/wp-content\/uploads\/2019\/02\/Trelleborg-LACTADIAL.jpg?resize=600%2C96&amp;ssl=1 600w, https:\/\/i0.wp.com\/tuzlahortum.com.tr\/wp-content\/uploads\/2019\/02\/Trelleborg-LACTADIAL.jpg?w=845&amp;ssl=1 845w\" sizes=\"auto, (max-width: 800px) 100vw, 800px\" \/><\/p>","protected":false},"excerpt":{"rendered":"<p>Trelleborg LACTADIAL G\u0131da End\u00fcstrisi\/Transfer S\u00fct toplama: s\u00fct toplama tanklar\u0131 ekipman\u0131. Avantajlar *Son derece esnektir ve hafif oldu\u011fundan kolay ta\u015f\u0131n\u0131r. *Ezilme sonras\u0131nda eski \u015fekline geri d\u00f6ner. *Bakteri olu\u015fumuna izin vermeyen d\u00fcz, eksiz, beyaz i\u00e7 lastik bulunur ve g\u0131da maddelerinin ta\u015f\u0131nmas\u0131na y\u00f6nelik en kat\u0131 Frans\u0131z, Avrupa ve Amerikan standartlar\u0131na uygundur. *Kau\u00e7uk bile\u015fi\u011finin kalitesinden dolay\u0131 s\u0131cakl\u0131k de\u011fi\u015fimlerinin herhangi [&#8230;]\n","protected":false},"featured_media":2653,"comment_status":"open","ping_status":"closed","template":"","meta":{"jetpack_post_was_ever_published":false},"product_brand":[],"product_cat":[193],"product_tag":[537,294,402,290,533,538,535,532,534,536],"class_list":{"0":"post-639","1":"product","2":"type-product","3":"status-publish","4":"has-post-thumbnail","6":"product_cat-gida-endustrisi-transfer-hortumlari","7":"product_tag-bosaltma","8":"product_tag-dayanikli","9":"product_tag-gida","10":"product_tag-hortum","11":"product_tag-icecekler","12":"product_tag-sut-toplama","13":"product_tag-tesis","14":"product_tag-transfer","15":"product_tag-uretim","16":"product_tag-yukleme","18":"first","19":"instock","20":"taxable","21":"shipping-taxable","22":"product-type-variable"},"jetpack-related-posts":[],"jetpack_sharing_enabled":true,"jetpack_likes_enabled":true,"_links":{"self":[{"href":"https:\/\/tuzlahortum.com.tr\/ru\/wp-json\/wp\/v2\/product\/639","targetHints":{"allow":["GET"]}}],"collection":[{"href":"https:\/\/tuzlahortum.com.tr\/ru\/wp-json\/wp\/v2\/product"}],"about":[{"href":"https:\/\/tuzlahortum.com.tr\/ru\/wp-json\/wp\/v2\/types\/product"}],"replies":[{"embeddable":true,"href":"https:\/\/tuzlahortum.com.tr\/ru\/wp-json\/wp\/v2\/comments?post=639"}],"wp:featuredmedia":[{"embeddable":true,"href":"https:\/\/tuzlahortum.com.tr\/ru\/wp-json\/wp\/v2\/media\/2653"}],"wp:attachment":[{"href":"https:\/\/tuzlahortum.com.tr\/ru\/wp-json\/wp\/v2\/media?parent=639"}],"wp:term":[{"taxonomy":"product_brand","embeddable":true,"href":"https:\/\/tuzlahortum.com.tr\/ru\/wp-json\/wp\/v2\/product_brand?post=639"},{"taxonomy":"product_cat","embeddable":true,"href":"https:\/\/tuzlahortum.com.tr\/ru\/wp-json\/wp\/v2\/product_cat?post=639"},{"taxonomy":"product_tag","embeddable":true,"href":"https:\/\/tuzlahortum.com.tr\/ru\/wp-json\/wp\/v2\/product_tag?post=639"}],"curies":[{"name":"wp","href":"https:\/\/api.w.org\/{rel}","templated":true}]}}