{"id":638,"date":"2019-02-06T23:46:53","date_gmt":"2019-02-06T20:46:53","guid":{"rendered":"http:\/\/hortum.com.tr\/product\/import-placeholder-for-533\/"},"modified":"2024-03-21T17:44:33","modified_gmt":"2024-03-21T14:44:33","slug":"trelleborg-citerdial","status":"publish","type":"product","link":"https:\/\/tuzlahortum.com.tr\/ru\/product\/trelleborg-citerdial\/","title":{"rendered":"\u0422\u0440\u0435\u043b\u043b\u0435\u0431\u043e\u0440\u0433 \u0426\u0418\u0422\u0415\u0420\u0414\u0418\u0410\u041b"},"content":{"rendered":"<h2>\u0422\u0440\u0435\u043b\u043b\u0435\u0431\u043e\u0440\u0433 \u0426\u0418\u0422\u0415\u0420\u0414\u0418\u0410\u041b<\/h2>\n<div>\u041f\u0438\u0449\u0435\u0432\u0430\u044f \u043f\u0440\u043e\u043c\u044b\u0448\u043b\u0435\u043d\u043d\u043e\u0441\u0442\u044c\/\u0422\u0440\u0430\u043d\u0441\u0444\u0435\u0440<\/div>\n<div>\u0414\u043b\u044f \u043f\u0435\u0440\u0435\u0432\u043e\u0437\u043a\u0438 \u043c\u043e\u043b\u043e\u043a\u0430: \u0446\u0438\u0441\u0442\u0435\u0440\u043d\u044b, \u043c\u043e\u043b\u043e\u0447\u043d\u044b\u0435 \u0440\u0430\u0437\u0433\u0440\u0443\u0437\u043e\u0447\u043d\u044b\u0435 \u043f\u043b\u043e\u0449\u0430\u0434\u043a\u0438 \u0438 \u0441\u0442\u0430\u0446\u0438\u043e\u043d\u0430\u0440\u043d\u043e\u0435 \u043e\u0431\u043e\u0440\u0443\u0434\u043e\u0432\u0430\u043d\u0438\u0435, \u0438\u0441\u043f\u043e\u043b\u044c\u0437\u0443\u0435\u043c\u043e\u0435 \u0434\u043b\u044f \u0441\u0431\u043e\u0440\u0430 \u0438 \u0442\u0440\u0430\u043d\u0441\u043f\u043e\u0440\u0442\u0438\u0440\u043e\u0432\u043a\u0438 \u043c\u043e\u043b\u043e\u043a\u0430,<\/div>\n<div>\u0437\u0430\u0432\u043e\u0434 \u043f\u043e \u043f\u0435\u0440\u0435\u0440\u0430\u0431\u043e\u0442\u043a\u0435 \u0438 \u0440\u043e\u0437\u043b\u0438\u0432\u0443. \u0417\u0430 \u0438\u0441\u043a\u043b\u044e\u0447\u0435\u043d\u0438\u0435\u043c \u0436\u0438\u0440\u043d\u044b\u0445 \u043f\u0440\u043e\u0434\u0443\u043a\u0442\u043e\u0432 \u0438 \u043c\u0430\u0441\u0435\u043b, \u0432\u0438\u043d\u0430, \u0441\u0438\u0434\u0440\u0430, \u0444\u0440\u0443\u043a\u0442\u043e\u0432\u044b\u0445 \u0441\u043e\u043a\u043e\u0432, \u0443\u043a\u0441\u0443\u0441\u0430 \u0438<\/div>\n<div>%96&#8217;ya kadar alkol gibi di\u011fer s\u0131v\u0131 g\u0131da maddelerinin\u00a0ta\u015f\u0131nmas\u0131.<\/div>\n<div>\u041f\u0440\u0435\u0438\u043c\u0443\u0449\u0435\u0441\u0442\u0432\u0430<\/div>\n<div>*\u0412\u044b\u0441\u043e\u043a\u0430\u044f \u0433\u0438\u0431\u043a\u043e\u0441\u0442\u044c, \u043f\u043e\u0437\u0432\u043e\u043b\u044f\u044e\u0449\u0430\u044f \u043f\u0440\u0438\u043d\u0438\u043c\u0430\u0442\u044c \u0434\u0430\u0436\u0435 \u0441\u0430\u043c\u044b\u0435 \u043c\u0430\u043b\u0435\u043d\u044c\u043a\u0438\u0435 \u0440\u0430\u0434\u0438\u0443\u0441\u044b \u0438\u0437\u0433\u0438\u0431\u0430 \u0431\u0435\u0437 \u0440\u0430\u0437\u0440\u0443\u0448\u0435\u043d\u0438\u044f.<\/div>\n<div>*\u041f\u043b\u043e\u0441\u043a\u0430\u044f, \u0431\u0435\u0441\u0448\u043e\u0432\u043d\u0430\u044f, \u0431\u0435\u043b\u0430\u044f \u043a\u0430\u043c\u0435\u0440\u0430, \u043d\u0435 \u0434\u043e\u043f\u0443\u0441\u043a\u0430\u044e\u0449\u0430\u044f \u043e\u0431\u0440\u0430\u0437\u043e\u0432\u0430\u043d\u0438\u044f \u0431\u0430\u043a\u0442\u0435\u0440\u0438\u0439 \u0438 \u043f\u0440\u0438\u0433\u043e\u0434\u043d\u0430\u044f \u0434\u043b\u044f \u0442\u0440\u0430\u043d\u0441\u043f\u043e\u0440\u0442\u0438\u0440\u043e\u0432\u043a\u0438 \u043f\u0438\u0449\u0435\u0432\u044b\u0445 \u043f\u0440\u043e\u0434\u0443\u043a\u0442\u043e\u0432.<\/div>\n<div>\u0421\u043e\u043e\u0442\u0432\u0435\u0442\u0441\u0442\u0432\u0443\u0435\u0442 \u0441\u0430\u043c\u044b\u043c \u0441\u0442\u0440\u043e\u0433\u0438\u043c \u0444\u0440\u0430\u043d\u0446\u0443\u0437\u0441\u043a\u0438\u043c, \u0435\u0432\u0440\u043e\u043f\u0435\u0439\u0441\u043a\u0438\u043c \u0438 \u0430\u043c\u0435\u0440\u0438\u043a\u0430\u043d\u0441\u043a\u0438\u043c \u0441\u0442\u0430\u043d\u0434\u0430\u0440\u0442\u0430\u043c.<\/div>\n<div>*\u041d\u0430 \u043d\u0435\u0433\u043e \u043d\u0435 \u0432\u043b\u0438\u044f\u044e\u0442 \u0438\u0437\u043c\u0435\u043d\u0435\u043d\u0438\u044f \u0442\u0435\u043c\u043f\u0435\u0440\u0430\u0442\u0443\u0440\u044b, \u0435\u0433\u043e \u043f\u0440\u0435\u0438\u043c\u0443\u0449\u0435\u0441\u0442\u0432\u043e \u0437\u0430\u043a\u043b\u044e\u0447\u0430\u0435\u0442\u0441\u044f \u0432 \u0442\u043e\u043c, \u0447\u0442\u043e \u043e\u043d \u0438\u0437\u0433\u043e\u0442\u043e\u0432\u043b\u0435\u043d \u0438\u0437 \u0440\u0435\u0437\u0438\u043d\u044b, \u0430 \u043d\u0435 \u0438\u0437 \u041f\u0412\u0425.<\/div>\n<div>*\u0413\u0435\u043d\u0435\u0440\u0430\u043b\u044c\u043d\u0430\u044f \u0447\u0438\u0441\u0442\u043a\u0430 \u043c\u043e\u044e\u0449\u0438\u043c\u0438 \u0441\u0440\u0435\u0434\u0441\u0442\u0432\u0430\u043c\u0438 \u0438\u043b\u0438 \u043f\u0430\u0440\u043e\u043c \u043f\u0440\u0438 \u0442\u0435\u043c\u043f\u0435\u0440\u0430\u0442\u0443\u0440\u0435 \u0434\u043e 110\u00b0C (\u043c\u0430\u043a\u0441\u0438\u043c\u0443\u043c 10 \u043c\u0438\u043d\u0443\u0442).<\/div>\n<div>\u041e\u0431\u0435\u0441\u043f\u0435\u0447\u0438\u0432\u0430\u0435\u0442 \u0434\u043e\u043b\u0433\u043e\u0432\u0435\u0447\u043d\u043e\u0441\u0442\u044c \u0432\u0430\u0448\u0435\u0439 \u0440\u0430\u0431\u043e\u0442\u044b.<\/div>\n<div>*\u041d\u0435\u043c\u0430\u0440\u043a\u043e\u0435, \u0438\u0437\u043d\u043e\u0441\u043e\u0441\u0442\u043e\u0439\u043a\u043e\u0435 \u043f\u043e\u043a\u0440\u044b\u0442\u0438\u0435.<\/div>\n<div>*\u041d\u0435 \u0441\u043e\u0434\u0435\u0440\u0436\u0438\u0442 \u0444\u0442\u0430\u043b\u0430\u0442\u043e\u0432.<\/div>\n<div>\u0422\u0435\u0445\u043d\u0438\u0447\u0435\u0441\u043a\u043e\u0435 \u043e\u043f\u0438\u0441\u0430\u043d\u0438\u0435<\/div>\n<div>\u0412\u043d\u0443\u0442\u0440\u0435\u043d\u043d\u044f\u044f \u0442\u0440\u0443\u0431\u043a\u0430: \u043f\u0438\u0449\u0435\u0432\u0430\u044f, NR, \u0431\u0435\u043b\u0430\u044f, \u0433\u043b\u0430\u0434\u043a\u0430\u044f.<\/div>\n<div>\u0423\u0441\u0438\u043b\u0435\u043d\u0438\u0435: \u0441\u0438\u043d\u0442\u0435\u0442\u0438\u0447\u0435\u0441\u043a\u0438\u0439 \u0442\u0435\u043a\u0441\u0442\u0438\u043b\u044c \u0441\u043e \u0432\u0441\u0442\u0440\u043e\u0435\u043d\u043d\u043e\u0439 \u0441\u0442\u0430\u043b\u044c\u043d\u043e\u0439 \u043f\u0440\u0443\u0436\u0438\u043d\u043e\u0439.<\/div>\n<div>\u041f\u043e\u043a\u0440\u044b\u0442\u0438\u0435: \u0438\u0437\u043d\u043e\u0441\u043e\u0441\u0442\u043e\u0439\u043a\u043e\u0435 NR, \u0441\u0438\u043d\u0435\u0435, \u0441 \u044d\u0444\u0444\u0435\u043a\u0442\u043e\u043c \u0442\u043a\u0430\u043d\u0438.<\/div>\n<div>\u0414\u0438\u0430\u043f\u0430\u0437\u043e\u043d \u0442\u0435\u043c\u043f\u0435\u0440\u0430\u0442\u0443\u0440: \u043e\u0442 -30\u00b0C \u0434\u043e +80\u00b0C.<\/div>\n<div>\u0421\u0442\u0430\u043d\u0434\u0430\u0440\u0442\/\u041e\u0434\u043e\u0431\u0440\u0435\u043d\u0438\u0435:<\/div>\n<div>\u0420\u0435\u0433\u043b\u0430\u043c\u0435\u043d\u0442\u044b \u0415\u0421 1935\/2004 \u0438 2023\/2006, \u0430 \u0442\u0430\u043a\u0436\u0435 \u0440\u0435\u0433\u043b\u0430\u043c\u0435\u043d\u0442 FDA 21 CFR 177.2600.<\/div>\n<div>\u041d\u0435\u043c\u0435\u0446\u043a\u043e\u0435 \u0437\u0430\u043a\u043e\u043d\u043e\u0434\u0430\u0442\u0435\u043b\u044c\u0441\u0442\u0432\u043e: \u0440\u0435\u043a\u043e\u043c\u0435\u043d\u0434\u0430\u0446\u0438\u044f BfR XXI \u043a\u0430\u0442. 2. \u0424\u0440\u0430\u043d\u0446\u0443\u0437\u0441\u043a\u043e\u0435 \u0437\u0430\u043a\u043e\u043d\u043e\u0434\u0430\u0442\u0435\u043b\u044c\u0441\u0442\u0432\u043e.<\/div>\n<div>\u0412\u0441\u0435 \u0441\u043e\u043e\u0442\u0432\u0435\u0442\u0441\u0442\u0432\u0443\u044e\u0449\u0438\u0435 \u043f\u0435\u0440\u0435\u0445\u043e\u0434\u043d\u044b\u0435 \u0438\u0441\u043f\u044b\u0442\u0430\u043d\u0438\u044f (\u0424\u0440\u0430\u043d\u0446\u0438\u044f \u0438 FDA) \u0431\u044b\u043b\u0438 \u043f\u0440\u043e\u0432\u0435\u0434\u0435\u043d\u044b, \u0430 \u0441\u043e\u043e\u0442\u0432\u0435\u0442\u0441\u0442\u0432\u0438\u0435 \u043f\u043e\u0434\u0442\u0432\u0435\u0440\u0436\u0434\u0435\u043d\u043e \u0424\u0440\u0430\u043d\u0446\u0443\u0437\u0441\u043a\u0438\u043c \u0438\u043d\u0441\u0442\u0438\u0442\u0443\u0442\u043e\u043c \u041f\u0443\u0430\u0442\u044c\u0435 (IANESCO).<\/div>\n<div>\u0421\u0430\u043b\u044c\u043d\u0438\u043a\u0438\/\u0444\u0438\u0442\u0438\u043d\u0433\u0438<\/div>\n<div>\u0414\u043b\u044f \u0434\u043e\u0441\u0442\u0438\u0436\u0435\u043d\u0438\u044f \u043e\u043f\u0442\u0438\u043c\u0430\u043b\u044c\u043d\u044b\u0445 \u0441\u043e\u0435\u0434\u0438\u043d\u0435\u043d\u0438\u0439 \u0434\u043e\u0441\u0442\u0443\u043f\u043d\u044b \u0441\u043f\u0435\u0446\u0438\u0430\u043b\u044c\u043d\u043e \u0440\u0430\u0437\u0440\u0430\u0431\u043e\u0442\u0430\u043d\u043d\u044b\u0435 \u0444\u0438\u0442\u0438\u043d\u0433\u0438.<\/div>\n<div>\u0421\u0432\u044f\u0436\u0438\u0442\u0435\u0441\u044c \u0441 \u043d\u0430\u043c\u0438 \u0434\u043b\u044f \u043f\u043e\u043b\u0443\u0447\u0435\u043d\u0438\u044f \u0434\u043e\u043f\u043e\u043b\u043d\u0438\u0442\u0435\u043b\u044c\u043d\u043e\u0439 \u0438\u043d\u0444\u043e\u0440\u043c\u0430\u0446\u0438\u0438 \u043e.<\/div>\n<div><\/div>\n<div>\n<div class=\"video video-fit mb\" style=\"padding-top:56.25%;\"><p><iframe loading=\"lazy\" title=\"\u041a\u0430\u043a\u043e\u0439 \u043f\u0438\u0449\u0435\u0432\u043e\u0439 \u0448\u043b\u0430\u043d\u0433 \u0432\u044b\u0431\u0440\u0430\u0442\u044c?\" width=\"1020\" height=\"574\" src=\"https:\/\/www.youtube.com\/embed\/1RIgy8WF1Ao?feature=oembed\" frameborder=\"0\" allow=\"accelerometer; autoplay; clipboard-write; encrypted-media; gyroscope; picture-in-picture; web-share\" referrerpolicy=\"strict-origin-when-cross-origin\" allowfullscreen><\/iframe><\/p>\n<\/div>\n<div class=\"video video-fit mb\" style=\"padding-top:56.25%;\"><p><iframe loading=\"lazy\" title=\"\u041f\u0443\u0442\u0430\u043d\u0438\u0446\u0430 \u0432 \u0438\u0437\u043c\u0435\u0440\u0435\u043d\u0438\u044f\u0445 (\u0434\u044e\u0439\u043c\u044b, \u043f\u0430\u043b\u044c\u0446\u044b, \u0434\u044b\u043c\u043a\u0430, \u043c\u0438\u043b\u043b\u0438\u043c\u0435\u0442\u0440\u044b)\" width=\"1020\" height=\"574\" src=\"https:\/\/www.youtube.com\/embed\/uKk6AG_AZls?feature=oembed\" frameborder=\"0\" allow=\"accelerometer; autoplay; clipboard-write; encrypted-media; gyroscope; picture-in-picture; web-share\" referrerpolicy=\"strict-origin-when-cross-origin\" allowfullscreen><\/iframe><\/p>\n<\/div>\n<\/div>\n<p><img data-recalc-dims=\"1\" loading=\"lazy\" decoding=\"async\" class=\"alignnone size-medium wp-image-2126\" src=\"https:\/\/i0.wp.com\/hortum.com.tr\/wp-content\/uploads\/urunler\/trelleborg\/Trelleborg-CITERDIAL-800x310.jpg?resize=800%2C310\" alt=\"\" width=\"800\" height=\"310\" title=\"\" srcset=\"https:\/\/i0.wp.com\/tuzlahortum.com.tr\/wp-content\/uploads\/urunler\/trelleborg\/Trelleborg-CITERDIAL.jpg?resize=800%2C310&amp;ssl=1 800w, https:\/\/i0.wp.com\/tuzlahortum.com.tr\/wp-content\/uploads\/urunler\/trelleborg\/Trelleborg-CITERDIAL.jpg?resize=768%2C298&amp;ssl=1 768w, https:\/\/i0.wp.com\/tuzlahortum.com.tr\/wp-content\/uploads\/urunler\/trelleborg\/Trelleborg-CITERDIAL.jpg?resize=600%2C233&amp;ssl=1 600w, https:\/\/i0.wp.com\/tuzlahortum.com.tr\/wp-content\/uploads\/urunler\/trelleborg\/Trelleborg-CITERDIAL.jpg?w=846&amp;ssl=1 846w\" sizes=\"auto, (max-width: 800px) 100vw, 800px\" \/><\/p>","protected":false},"excerpt":{"rendered":"<p>Trelleborg CITERDIAL G\u0131da End\u00fcstrisi\/Transfer S\u00fct ta\u015f\u0131mak i\u00e7in: s\u00fct toplamak ve ta\u015f\u0131mak i\u00e7in kullan\u0131lan tankerler, s\u00fct \u00fcr\u00fcnleri bo\u015faltma\u00a0alanlar\u0131 ve sabit ekipman, i\u015fleme ve doldurma tesisi. Ya\u011fl\u0131 g\u0131da maddeleri ve ya\u011flar hari\u00e7\u00a0\u015farap, elma \u015f\u0131ras\u0131, meyve suyu, sirke ve %96&#8217;ya kadar alkol gibi di\u011fer s\u0131v\u0131 g\u0131da maddelerinin\u00a0ta\u015f\u0131nmas\u0131. Avantajlar *K\u0131r\u0131lma olmaks\u0131z\u0131n en k\u00fc\u00e7\u00fck k\u0131vr\u0131lma yar\u0131\u00e7aplar\u0131n\u0131 bile kabul edebilecek y\u00fcksek [&#8230;]\n","protected":false},"featured_media":2636,"comment_status":"open","ping_status":"closed","template":"","meta":{"jetpack_post_was_ever_published":false},"product_brand":[],"product_cat":[193],"product_tag":[537,294,402,290,533,535,532,534,536],"class_list":{"0":"post-638","1":"product","2":"type-product","3":"status-publish","4":"has-post-thumbnail","6":"product_cat-gida-endustrisi-transfer-hortumlari","7":"product_tag-bosaltma","8":"product_tag-dayanikli","9":"product_tag-gida","10":"product_tag-hortum","11":"product_tag-icecekler","12":"product_tag-tesis","13":"product_tag-transfer","14":"product_tag-uretim","15":"product_tag-yukleme","17":"first","18":"instock","19":"taxable","20":"shipping-taxable","21":"product-type-variable"},"jetpack-related-posts":[{"id":639,"url":"https:\/\/tuzlahortum.com.tr\/ru\/product\/trelleborg-lactadial\/","url_meta":{"origin":638,"position":0},"title":"\u0422\u0440\u0435\u043b\u043b\u0435\u0431\u043e\u0440\u0433 \u041b\u0410\u041a\u0422\u0410\u0414\u0418\u0410\u041b\u042c\u041d\u042b\u0419","author":"admin","date":"6 \u0444\u0435\u0432\u0440\u0430\u043b\u044f 2019","format":false,"excerpt":"Trelleborg LACTADIALG\u0131da End\u00fcstrisi\/Transfer S\u00fct toplama: s\u00fct toplama tanklar\u0131 ekipman\u0131. Avantajlar *Son derece esnektir ve hafif oldu\u011fundan kolay ta\u015f\u0131n\u0131r. *Ezilme sonras\u0131nda eski \u015fekline geri d\u00f6ner. *Bakteri olu\u015fumuna izin vermeyen d\u00fcz, eksiz, beyaz i\u00e7 lastik bulunur ve g\u0131da maddelerinin ta\u015f\u0131nmas\u0131na y\u00f6nelik en kat\u0131 Frans\u0131z, Avrupa ve Amerikan standartlar\u0131na uygundur. *Kau\u00e7uk bile\u015fi\u011finin kalitesinden\u2026","rel":"","context":"\u041f\u043e\u0445\u043e\u0436\u0430\u044f \u0437\u0430\u043f\u0438\u0441\u044c","block_context":{"text":"\u041f\u043e\u0445\u043e\u0436\u0430\u044f \u0437\u0430\u043f\u0438\u0441\u044c","link":""},"img":{"alt_text":"","src":"https:\/\/i0.wp.com\/tuzlahortum.com.tr\/wp-content\/uploads\/2019\/02\/LACTADIAL.jpg?fit=800%2C800&ssl=1&resize=350%2C200","width":350,"height":200,"srcset":"https:\/\/i0.wp.com\/tuzlahortum.com.tr\/wp-content\/uploads\/2019\/02\/LACTADIAL.jpg?fit=800%2C800&ssl=1&resize=350%2C200 1x, https:\/\/i0.wp.com\/tuzlahortum.com.tr\/wp-content\/uploads\/2019\/02\/LACTADIAL.jpg?fit=800%2C800&ssl=1&resize=525%2C300 1.5x, https:\/\/i0.wp.com\/tuzlahortum.com.tr\/wp-content\/uploads\/2019\/02\/LACTADIAL.jpg?fit=800%2C800&ssl=1&resize=700%2C400 2x"},"classes":[]},{"id":641,"url":"https:\/\/tuzlahortum.com.tr\/ru\/product\/trelleborg-trellvin\/","url_meta":{"origin":638,"position":1},"title":"\u0422\u0440\u0435\u043b\u043b\u0435\u0431\u043e\u0440\u0433 \u0422\u0420\u0415\u041b\u041b\u0412\u0418\u041d","author":"admin","date":"6 \u0444\u0435\u0432\u0440\u0430\u043b\u044f 2019","format":false,"excerpt":"Trelleborg TRELLVING\u0131da End\u00fcstrisi\/Transfer \u015earap, bira ve s\u00fct, ya\u011f, elma \u015f\u0131ras\u0131, meyve suyu ve %96'ya kadar olan alkol gibi s\u0131v\u0131 g\u0131da\u00a0maddelerinin \u00e7ekilmesi ve tahliyesi. \u00d6zellikle \u015farap \u00fcretim tesisi, bo\u015faltma alanlar\u0131ndaki tank transferleri ve s\u0131v\u0131 g\u0131da maddesi\u00a0tankerleri i\u00e7in tasarlanm\u0131\u015ft\u0131r. Avantajlar *G\u0131dada kullan\u0131ma uygun d\u00fczg\u00fcn y\u00fczeyli, eksiz, \u00e7ok ama\u00e7l\u0131 i\u00e7 lastik bakteri olu\u015fumunu\u00a0engeller.\u2026","rel":"","context":"\u041f\u043e\u0445\u043e\u0436\u0430\u044f \u0437\u0430\u043f\u0438\u0441\u044c","block_context":{"text":"\u041f\u043e\u0445\u043e\u0436\u0430\u044f \u0437\u0430\u043f\u0438\u0441\u044c","link":""},"img":{"alt_text":"","src":"https:\/\/i0.wp.com\/tuzlahortum.com.tr\/wp-content\/uploads\/2019\/02\/TRELLVIN.jpg?fit=800%2C800&ssl=1&resize=350%2C200","width":350,"height":200,"srcset":"https:\/\/i0.wp.com\/tuzlahortum.com.tr\/wp-content\/uploads\/2019\/02\/TRELLVIN.jpg?fit=800%2C800&ssl=1&resize=350%2C200 1x, https:\/\/i0.wp.com\/tuzlahortum.com.tr\/wp-content\/uploads\/2019\/02\/TRELLVIN.jpg?fit=800%2C800&ssl=1&resize=525%2C300 1.5x, https:\/\/i0.wp.com\/tuzlahortum.com.tr\/wp-content\/uploads\/2019\/02\/TRELLVIN.jpg?fit=800%2C800&ssl=1&resize=700%2C400 2x"},"classes":[]},{"id":636,"url":"https:\/\/tuzlahortum.com.tr\/ru\/product\/trelleborg-alikler-d\/","url_meta":{"origin":638,"position":2},"title":"\u0422\u0440\u0435\u043b\u043b\u0435\u0431\u043e\u0440\u0433 \u0410\u041b\u0418\u041a\u041b\u0415\u0420 \u0414","author":"admin","date":"6 \u0444\u0435\u0432\u0440\u0430\u043b\u044f 2019","format":false,"excerpt":"Trelleborg ALIKLER DG\u0131da End\u00fcstrisi\/Transfer Bira, s\u00fct, ya\u011f, elma \u015f\u0131ras\u0131, meyve suyu ve %96'ya kadar olan alkol gibi s\u0131v\u0131 g\u0131da maddelerinin\u00a0y\u00fcksek bas\u0131n\u00e7l\u0131 tahliyesi. Mand\u0131ralarda bo\u015faltma alanlar\u0131nda \u00e7ekme. \u0130\u015fleme ve doldurma tesislerinde kullan\u0131lan ekipman ve s\u0131v\u0131 g\u0131da maddesi tankerleri. Avantajlar *G\u0131dada kullan\u0131ma uygun d\u00fczg\u00fcn y\u00fczeyli, eksiz, \u00e7ok ama\u00e7l\u0131 i\u00e7 lastik bakteri olu\u015fumunu\u00a0engeller.\u2026","rel":"","context":"\u041f\u043e\u0445\u043e\u0436\u0430\u044f \u0437\u0430\u043f\u0438\u0441\u044c","block_context":{"text":"\u041f\u043e\u0445\u043e\u0436\u0430\u044f \u0437\u0430\u043f\u0438\u0441\u044c","link":""},"img":{"alt_text":"","src":"https:\/\/i0.wp.com\/tuzlahortum.com.tr\/wp-content\/uploads\/2019\/02\/ALIKLER-D.jpg?fit=800%2C800&ssl=1&resize=350%2C200","width":350,"height":200,"srcset":"https:\/\/i0.wp.com\/tuzlahortum.com.tr\/wp-content\/uploads\/2019\/02\/ALIKLER-D.jpg?fit=800%2C800&ssl=1&resize=350%2C200 1x, https:\/\/i0.wp.com\/tuzlahortum.com.tr\/wp-content\/uploads\/2019\/02\/ALIKLER-D.jpg?fit=800%2C800&ssl=1&resize=525%2C300 1.5x, https:\/\/i0.wp.com\/tuzlahortum.com.tr\/wp-content\/uploads\/2019\/02\/ALIKLER-D.jpg?fit=800%2C800&ssl=1&resize=700%2C400 2x"},"classes":[]},{"id":637,"url":"https:\/\/tuzlahortum.com.tr\/ru\/product\/trelleborg-alikler-g2\/","url_meta":{"origin":638,"position":3},"title":"\u0422\u0440\u0435\u043b\u043b\u0435\u0431\u043e\u0440\u0433 \u0410\u041b\u0418\u041a\u041b\u0415\u0420 G2","author":"admin","date":"6 \u0444\u0435\u0432\u0440\u0430\u043b\u044f 2019","format":false,"excerpt":"Trelleborg ALIKLER G2G\u0131da End\u00fcstrisi\/Transfer \u015earap, bira, s\u00fct, ya\u011f, elma \u015f\u0131ras\u0131, meyve suyu ve %96'ya kadar olan alkol gibi s\u0131v\u0131 g\u0131da\u00a0maddelerinin \u00e7ekilmesi ve tahliyesi. Bo\u015faltma alanlar\u0131, i\u015fleme ve doldurma tesisleri ve s\u0131v\u0131 g\u0131da maddesi tankerleri +120\u00b0C'ye kadar olan s\u0131cakl\u0131klarda d\u00f6kme toz \u00fcr\u00fcnler ta\u015f\u0131yan karayolu tankerlerindeki ek hava hatt\u0131 (bas\u0131n\u00e7l\u0131\u00a0olmayan). Avantajlar *Geli\u015fmi\u015f\u2026","rel":"","context":"\u041f\u043e\u0445\u043e\u0436\u0430\u044f \u0437\u0430\u043f\u0438\u0441\u044c","block_context":{"text":"\u041f\u043e\u0445\u043e\u0436\u0430\u044f \u0437\u0430\u043f\u0438\u0441\u044c","link":""},"img":{"alt_text":"","src":"https:\/\/i0.wp.com\/tuzlahortum.com.tr\/wp-content\/uploads\/2019\/02\/ALIKLER-G2.jpg?fit=800%2C800&ssl=1&resize=350%2C200","width":350,"height":200,"srcset":"https:\/\/i0.wp.com\/tuzlahortum.com.tr\/wp-content\/uploads\/2019\/02\/ALIKLER-G2.jpg?fit=800%2C800&ssl=1&resize=350%2C200 1x, https:\/\/i0.wp.com\/tuzlahortum.com.tr\/wp-content\/uploads\/2019\/02\/ALIKLER-G2.jpg?fit=800%2C800&ssl=1&resize=525%2C300 1.5x, https:\/\/i0.wp.com\/tuzlahortum.com.tr\/wp-content\/uploads\/2019\/02\/ALIKLER-G2.jpg?fit=800%2C800&ssl=1&resize=700%2C400 2x"},"classes":[]},{"id":644,"url":"https:\/\/tuzlahortum.com.tr\/ru\/product\/trelleborg-vinitrell\/","url_meta":{"origin":638,"position":4},"title":"\u0422\u0440\u0435\u043b\u043b\u0435\u0431\u043e\u0440\u0433 \u0412\u0418\u041d\u0418\u0422\u0420\u0415\u041b\u041b","author":"admin","date":"6 \u0444\u0435\u0432\u0440\u0430\u043b\u044f 2019","format":false,"excerpt":"Trelleborg VINITRELLG\u0131da End\u00fcstrisi\/Transfer \u015earap \u00fcretim end\u00fcstrilerinde \u015farab\u0131n aktar\u0131lmas\u0131 i\u00e7in \u00f6zel olarak tasarlanm\u0131\u015ft\u0131r. Ya\u011fl\u0131 s\u0131v\u0131lar\u00a0d\u0131\u015f\u0131ndaki t\u00fcm g\u0131da maddelerinin \u00e7ekilmesi ve tahliyesi. Avantajlar *En y\u00fcksek seviyede kullan\u0131c\u0131 dostu hortum: p\u00fcr\u00fczs\u00fcz kaplama sayesinde benzersiz esneklik\u00a0ve kolay ta\u015f\u0131ma, d\u00fc\u015f\u00fck \u00e7ekme g\u00fcc\u00fc. *G\u0131dada kullan\u0131ma uygun olan beyaz i\u00e7 lastik g\u0131da maddelerinin ta\u015f\u0131nmas\u0131na y\u00f6nelik en kat\u0131\u00a0Avrupa\u2026","rel":"","context":"\u041f\u043e\u0445\u043e\u0436\u0430\u044f \u0437\u0430\u043f\u0438\u0441\u044c","block_context":{"text":"\u041f\u043e\u0445\u043e\u0436\u0430\u044f \u0437\u0430\u043f\u0438\u0441\u044c","link":""},"img":{"alt_text":"","src":"https:\/\/i0.wp.com\/tuzlahortum.com.tr\/wp-content\/uploads\/2019\/02\/VINITRELL.jpg?fit=800%2C800&ssl=1&resize=350%2C200","width":350,"height":200,"srcset":"https:\/\/i0.wp.com\/tuzlahortum.com.tr\/wp-content\/uploads\/2019\/02\/VINITRELL.jpg?fit=800%2C800&ssl=1&resize=350%2C200 1x, https:\/\/i0.wp.com\/tuzlahortum.com.tr\/wp-content\/uploads\/2019\/02\/VINITRELL.jpg?fit=800%2C800&ssl=1&resize=525%2C300 1.5x, https:\/\/i0.wp.com\/tuzlahortum.com.tr\/wp-content\/uploads\/2019\/02\/VINITRELL.jpg?fit=800%2C800&ssl=1&resize=700%2C400 2x"},"classes":[]},{"id":635,"url":"https:\/\/tuzlahortum.com.tr\/ru\/product\/trelleborg-alcodial\/","url_meta":{"origin":638,"position":5},"title":"\u0422\u0440\u0435\u043b\u043b\u0435\u0431\u043e\u0440\u0433 \u0410\u041b\u041a\u041e\u0414\u0418\u0410\u041b","author":"admin","date":"6 \u0444\u0435\u0432\u0440\u0430\u043b\u044f 2019","format":false,"excerpt":"Trelleborg ALCODIALG\u0131da End\u00fcstrisi\/Transfer \u00d6zellikle %99'a kadar olan alkol\u00fcn ta\u015f\u0131nmas\u0131 i\u00e7in uyarlanm\u0131\u015ft\u0131r. \u015earap, bira, brandy ve alkoll\u00fc i\u00e7ecekler, meyve suyu, s\u00fct, vs. dahil t\u00fcm i\u00e7ecekler i\u00e7in uygundur. - \u00dcretim tesislerinde (dam\u0131tma, alkoll\u00fc i\u00e7ecek ve lik\u00f6r \u00fcreticileri, vs.), - karayolu ve demiryolu tankerleri y\u00fckleme ve bo\u015faltma alanlar\u0131nda kullan\u0131lan ekipmanlar i\u00e7in\u00a0tasarlanm\u0131\u015ft\u0131r. Avantajlar *Olduk\u00e7a\u2026","rel":"","context":"\u041f\u043e\u0445\u043e\u0436\u0430\u044f \u0437\u0430\u043f\u0438\u0441\u044c","block_context":{"text":"\u041f\u043e\u0445\u043e\u0436\u0430\u044f \u0437\u0430\u043f\u0438\u0441\u044c","link":""},"img":{"alt_text":"","src":"https:\/\/i0.wp.com\/tuzlahortum.com.tr\/wp-content\/uploads\/2019\/02\/ALCODIAL.jpg?fit=800%2C800&ssl=1&resize=350%2C200","width":350,"height":200,"srcset":"https:\/\/i0.wp.com\/tuzlahortum.com.tr\/wp-content\/uploads\/2019\/02\/ALCODIAL.jpg?fit=800%2C800&ssl=1&resize=350%2C200 1x, https:\/\/i0.wp.com\/tuzlahortum.com.tr\/wp-content\/uploads\/2019\/02\/ALCODIAL.jpg?fit=800%2C800&ssl=1&resize=525%2C300 1.5x, https:\/\/i0.wp.com\/tuzlahortum.com.tr\/wp-content\/uploads\/2019\/02\/ALCODIAL.jpg?fit=800%2C800&ssl=1&resize=700%2C400 2x"},"classes":[]}],"jetpack_sharing_enabled":true,"jetpack_likes_enabled":true,"_links":{"self":[{"href":"https:\/\/tuzlahortum.com.tr\/ru\/wp-json\/wp\/v2\/product\/638","targetHints":{"allow":["GET"]}}],"collection":[{"href":"https:\/\/tuzlahortum.com.tr\/ru\/wp-json\/wp\/v2\/product"}],"about":[{"href":"https:\/\/tuzlahortum.com.tr\/ru\/wp-json\/wp\/v2\/types\/product"}],"replies":[{"embeddable":true,"href":"https:\/\/tuzlahortum.com.tr\/ru\/wp-json\/wp\/v2\/comments?post=638"}],"wp:featuredmedia":[{"embeddable":true,"href":"https:\/\/tuzlahortum.com.tr\/ru\/wp-json\/wp\/v2\/media\/2636"}],"wp:attachment":[{"href":"https:\/\/tuzlahortum.com.tr\/ru\/wp-json\/wp\/v2\/media?parent=638"}],"wp:term":[{"taxonomy":"product_brand","embeddable":true,"href":"https:\/\/tuzlahortum.com.tr\/ru\/wp-json\/wp\/v2\/product_brand?post=638"},{"taxonomy":"product_cat","embeddable":true,"href":"https:\/\/tuzlahortum.com.tr\/ru\/wp-json\/wp\/v2\/product_cat?post=638"},{"taxonomy":"product_tag","embeddable":true,"href":"https:\/\/tuzlahortum.com.tr\/ru\/wp-json\/wp\/v2\/product_tag?post=638"}],"curies":[{"name":"wp","href":"https:\/\/api.w.org\/{rel}","templated":true}]}}