{"id":636,"date":"2019-02-06T23:46:53","date_gmt":"2019-02-06T20:46:53","guid":{"rendered":"http:\/\/hortum.com.tr\/product\/import-placeholder-for-531\/"},"modified":"2024-03-21T17:44:35","modified_gmt":"2024-03-21T14:44:35","slug":"trelleborg-alikler-d","status":"publish","type":"product","link":"https:\/\/tuzlahortum.com.tr\/ru\/product\/trelleborg-alikler-d\/","title":{"rendered":"\u0422\u0440\u0435\u043b\u043b\u0435\u0431\u043e\u0440\u0433 \u0410\u041b\u0418\u041a\u041b\u0415\u0420 \u0414"},"content":{"rendered":"<h2>\u0422\u0440\u0435\u043b\u043b\u0435\u0431\u043e\u0440\u0433 \u0410\u041b\u0418\u041a\u041b\u0415\u0420 \u0414<\/h2>\n<div>\u041f\u0438\u0449\u0435\u0432\u0430\u044f \u043f\u0440\u043e\u043c\u044b\u0448\u043b\u0435\u043d\u043d\u043e\u0441\u0442\u044c\/\u0422\u0440\u0430\u043d\u0441\u0444\u0435\u0440<\/div>\n<div>Bira, s\u00fct, ya\u011f, elma \u015f\u0131ras\u0131, meyve suyu ve %96&#8217;ya kadar olan alkol gibi s\u0131v\u0131 g\u0131da maddelerinin\u00a0y\u00fcksek bas\u0131n\u00e7l\u0131 tahliyesi.<\/div>\n<div>\u041f\u0435\u0440\u0435\u0432\u043e\u0437\u043a\u0438 \u0432 \u0437\u043e\u043d\u0430\u0445 \u0440\u0430\u0437\u0433\u0440\u0443\u0437\u043a\u0438 \u043d\u0430 \u043c\u043e\u043b\u043e\u0447\u043d\u044b\u0445 \u0437\u0430\u0432\u043e\u0434\u0430\u0445.<\/div>\n<div>\u041e\u0431\u043e\u0440\u0443\u0434\u043e\u0432\u0430\u043d\u0438\u0435, \u0438\u0441\u043f\u043e\u043b\u044c\u0437\u0443\u0435\u043c\u043e\u0435 \u043d\u0430 \u0437\u0430\u0432\u043e\u0434\u0430\u0445 \u043f\u043e \u043f\u0435\u0440\u0435\u0440\u0430\u0431\u043e\u0442\u043a\u0435 \u0438 \u0440\u043e\u0437\u043b\u0438\u0432\u0443 \u0436\u0438\u0434\u043a\u0438\u0445 \u043f\u0438\u0449\u0435\u0432\u044b\u0445 \u043f\u0440\u043e\u0434\u0443\u043a\u0442\u043e\u0432, \u0430 \u0442\u0430\u043a\u0436\u0435 \u0432 \u0446\u0438\u0441\u0442\u0435\u0440\u043d\u0430\u0445.<\/div>\n<div>\u041f\u0440\u0435\u0438\u043c\u0443\u0449\u0435\u0441\u0442\u0432\u0430<\/div>\n<div>*\u0413\u043b\u0430\u0434\u043a\u0430\u044f \u0431\u0435\u0441\u0448\u043e\u0432\u043d\u0430\u044f \u0443\u043d\u0438\u0432\u0435\u0440\u0441\u0430\u043b\u044c\u043d\u0430\u044f \u043a\u0430\u043c\u0435\u0440\u0430, \u043f\u043e\u0434\u0445\u043e\u0434\u044f\u0449\u0430\u044f \u0434\u043b\u044f \u0438\u0441\u043f\u043e\u043b\u044c\u0437\u043e\u0432\u0430\u043d\u0438\u044f \u0432 \u043f\u0438\u0449\u0435\u0432\u044b\u0445 \u043f\u0440\u043e\u0434\u0443\u043a\u0442\u0430\u0445, \u043f\u0440\u0435\u0434\u043e\u0442\u0432\u0440\u0430\u0449\u0430\u0435\u0442 \u043e\u0431\u0440\u0430\u0437\u043e\u0432\u0430\u043d\u0438\u0435 \u0431\u0430\u043a\u0442\u0435\u0440\u0438\u0439.<\/div>\n<div>* \u041f\u043e\u0441\u043b\u0435 \u0440\u0430\u0437\u0434\u0430\u0432\u043b\u0438\u0432\u0430\u043d\u0438\u044f \u043e\u043d \u0432\u043e\u0437\u0432\u0440\u0430\u0449\u0430\u0435\u0442\u0441\u044f \u043a \u0441\u0432\u043e\u0435\u0439 \u043f\u0435\u0440\u0432\u043e\u043d\u0430\u0447\u0430\u043b\u044c\u043d\u043e\u0439 \u0444\u043e\u0440\u043c\u0435.<\/div>\n<div>*\u0418\u0437-\u0437\u0430 \u043a\u0430\u0447\u0435\u0441\u0442\u0432\u0430 \u0440\u0435\u0437\u0438\u043d\u043e\u0432\u043e\u0439 \u0441\u043c\u0435\u0441\u0438 \u043f\u0435\u0440\u0435\u043f\u0430\u0434\u044b \u0442\u0435\u043c\u043f\u0435\u0440\u0430\u0442\u0443\u0440 \u043c\u0430\u043b\u043e \u0432\u043b\u0438\u044f\u044e\u0442.<\/div>\n<div>*\u0412\u044b\u0434\u0435\u0440\u0436\u0438\u0432\u0430\u0435\u0442 \u0447\u0438\u0441\u0442\u043a\u0443 \u043c\u043e\u044e\u0449\u0438\u043c\u0438 \u0441\u0440\u0435\u0434\u0441\u0442\u0432\u0430\u043c\u0438 \u043f\u0440\u0438 \u0442\u0435\u043c\u043f\u0435\u0440\u0430\u0442\u0443\u0440\u0435 \u0434\u043e 130\u00b0C (\u0432 \u0442\u0435\u0447\u0435\u043d\u0438\u0435 \u043d\u0435\u0441\u043a\u043e\u043b\u044c\u043a\u0438\u0445 \u043c\u0438\u043d\u0443\u0442).<\/div>\n<div>*\u041d\u0435\u043c\u0430\u0440\u043a\u043e\u0435, \u0438\u0437\u043d\u043e\u0441\u043e\u0441\u0442\u043e\u0439\u043a\u043e\u0435 \u043f\u043e\u043a\u0440\u044b\u0442\u0438\u0435.<\/div>\n<div>*\u041d\u0435 \u0441\u043e\u0434\u0435\u0440\u0436\u0438\u0442 \u0444\u0442\u0430\u043b\u0430\u0442\u043e\u0432.<\/div>\n<div>\u0422\u0435\u0445\u043d\u0438\u0447\u0435\u0441\u043a\u043e\u0435 \u043e\u043f\u0438\u0441\u0430\u043d\u0438\u0435<\/div>\n<div>\u0412\u043d\u0443\u0442\u0440\u0435\u043d\u043d\u044f\u044f \u0442\u0440\u0443\u0431\u043a\u0430: \u043f\u0438\u0449\u0435\u0432\u0430\u044f, \u043c\u0430\u0441\u043b\u043e\u0441\u0442\u043e\u0439\u043a\u0430\u044f, NBR, \u0431\u0435\u043b\u0430\u044f, \u0433\u043b\u0430\u0434\u043a\u0430\u044f.<\/div>\n<div>\u0423\u0441\u0438\u043b\u0435\u043d\u0438\u0435 : \u0421\u0438\u043d\u0442\u0435\u0442\u0438\u0447\u0435\u0441\u043a\u0438\u0439 \u0442\u0435\u043a\u0441\u0442\u0438\u043b\u044c \u0441\u043e \u0432\u0441\u0442\u0440\u043e\u0435\u043d\u043d\u043e\u0439 \u043f\u0440\u0443\u0436\u0438\u043d\u043e\u0439 \u0438\u0437 \u041f\u042d\u0422 \u0434\u043b\u044f \u0418\u041d\u0422\u0415\u0420\u042c\u0415\u0420\u0410&gt;50 \u043c\u043c.<\/div>\n<div>\u041f\u043e\u043a\u0440\u044b\u0442\u0438\u0435: NBR\/PVC, \u0441\u0438\u043d\u0435\u0435, \u0442\u043a\u0430\u043d\u0435\u0432\u043e\u0435, \u0443\u0441\u0442\u043e\u0439\u0447\u0438\u0432\u043e\u0435 \u043a \u0441\u0442\u0430\u0440\u0435\u043d\u0438\u044e.<\/div>\n<div>\u0414\u0438\u0430\u043f\u0430\u0437\u043e\u043d \u0442\u0435\u043c\u043f\u0435\u0440\u0430\u0442\u0443\u0440: \u043e\u0442 -30\u00b0C \u0434\u043e +100\u00b0C.<\/div>\n<div>\u0421\u0442\u0430\u043d\u0434\u0430\u0440\u0442\/\u041e\u0434\u043e\u0431\u0440\u0435\u043d\u0438\u0435:<\/div>\n<div>\u0420\u0435\u0433\u043b\u0430\u043c\u0435\u043d\u0442\u044b \u0415\u0421 1935\/2004 \u0438 2023\/2006, \u0430 \u0442\u0430\u043a\u0436\u0435 \u0440\u0435\u0433\u043b\u0430\u043c\u0435\u043d\u0442 FDA 21 CFR 177.2600.<\/div>\n<div>\u041d\u0435\u043c\u0435\u0446\u043a\u043e\u0435 \u0437\u0430\u043a\u043e\u043d\u043e\u0434\u0430\u0442\u0435\u043b\u044c\u0441\u0442\u0432\u043e: \u0440\u0435\u043a\u043e\u043c\u0435\u043d\u0434\u0430\u0446\u0438\u044f BfR XXI \u043a\u0430\u0442. 2. \u0424\u0440\u0430\u043d\u0446\u0443\u0437\u0441\u043a\u043e\u0435 \u0437\u0430\u043a\u043e\u043d\u043e\u0434\u0430\u0442\u0435\u043b\u044c\u0441\u0442\u0432\u043e.<\/div>\n<div>\u0412\u0441\u0435 \u0441\u043e\u043e\u0442\u0432\u0435\u0442\u0441\u0442\u0432\u0443\u044e\u0449\u0438\u0435 \u043f\u0435\u0440\u0435\u0445\u043e\u0434\u043d\u044b\u0435 \u0438\u0441\u043f\u044b\u0442\u0430\u043d\u0438\u044f (\u0424\u0440\u0430\u043d\u0446\u0438\u044f \u0438 FDA) \u0431\u044b\u043b\u0438 \u043f\u0440\u043e\u0432\u0435\u0434\u0435\u043d\u044b, \u0430 \u0441\u043e\u043e\u0442\u0432\u0435\u0442\u0441\u0442\u0432\u0438\u0435 \u043f\u043e\u0434\u0442\u0432\u0435\u0440\u0436\u0434\u0435\u043d\u043e \u0424\u0440\u0430\u043d\u0446\u0443\u0437\u0441\u043a\u0438\u043c \u0438\u043d\u0441\u0442\u0438\u0442\u0443\u0442\u043e\u043c \u041f\u0443\u0430\u0442\u044c\u0435 (IANESCO).<\/div>\n<div>\u0421\u0430\u043b\u044c\u043d\u0438\u043a\u0438\/\u0444\u0438\u0442\u0438\u043d\u0433\u0438<\/div>\n<div>\u0414\u043b\u044f \u0434\u043e\u0441\u0442\u0438\u0436\u0435\u043d\u0438\u044f \u043e\u043f\u0442\u0438\u043c\u0430\u043b\u044c\u043d\u044b\u0445 \u0441\u043e\u0435\u0434\u0438\u043d\u0435\u043d\u0438\u0439 \u0434\u043e\u0441\u0442\u0443\u043f\u043d\u044b \u0441\u043f\u0435\u0446\u0438\u0430\u043b\u044c\u043d\u043e \u0440\u0430\u0437\u0440\u0430\u0431\u043e\u0442\u0430\u043d\u043d\u044b\u0435 \u0444\u0438\u0442\u0438\u043d\u0433\u0438.<\/div>\n<div>\u0421\u0432\u044f\u0436\u0438\u0442\u0435\u0441\u044c \u0441 \u043d\u0430\u043c\u0438 \u0434\u043b\u044f \u043f\u043e\u043b\u0443\u0447\u0435\u043d\u0438\u044f \u0434\u043e\u043f\u043e\u043b\u043d\u0438\u0442\u0435\u043b\u044c\u043d\u043e\u0439 \u0438\u043d\u0444\u043e\u0440\u043c\u0430\u0446\u0438\u0438 \u043e.<\/div>\n<div><\/div>\n<div>\n<div class=\"video video-fit mb\" style=\"padding-top:56.25%;\"><p><iframe loading=\"lazy\" title=\"\u041a\u0430\u043a\u043e\u0439 \u043f\u0438\u0449\u0435\u0432\u043e\u0439 \u0448\u043b\u0430\u043d\u0433 \u0432\u044b\u0431\u0440\u0430\u0442\u044c?\" width=\"1020\" height=\"574\" src=\"https:\/\/www.youtube.com\/embed\/1RIgy8WF1Ao?feature=oembed\" frameborder=\"0\" allow=\"accelerometer; autoplay; clipboard-write; encrypted-media; gyroscope; picture-in-picture; web-share\" referrerpolicy=\"strict-origin-when-cross-origin\" allowfullscreen><\/iframe><\/p>\n<\/div>\n<div class=\"video video-fit mb\" style=\"padding-top:56.25%;\"><p><iframe loading=\"lazy\" title=\"\u041f\u0443\u0442\u0430\u043d\u0438\u0446\u0430 \u0432 \u0438\u0437\u043c\u0435\u0440\u0435\u043d\u0438\u044f\u0445 (\u0434\u044e\u0439\u043c\u044b, \u043f\u0430\u043b\u044c\u0446\u044b, \u0434\u044b\u043c\u043a\u0430, \u043c\u0438\u043b\u043b\u0438\u043c\u0435\u0442\u0440\u044b)\" width=\"1020\" height=\"574\" src=\"https:\/\/www.youtube.com\/embed\/uKk6AG_AZls?feature=oembed\" frameborder=\"0\" allow=\"accelerometer; autoplay; clipboard-write; encrypted-media; gyroscope; picture-in-picture; web-share\" referrerpolicy=\"strict-origin-when-cross-origin\" allowfullscreen><\/iframe><\/p>\n<\/div>\n<\/div>\n<p><img data-recalc-dims=\"1\" loading=\"lazy\" decoding=\"async\" class=\"alignnone size-medium wp-image-2140\" src=\"https:\/\/i0.wp.com\/hortum.com.tr\/wp-content\/uploads\/urunler\/trelleborg\/Trelleborg-ALIKLER-D-800x147.jpg?resize=800%2C147\" alt=\"\" width=\"800\" height=\"147\" title=\"\" srcset=\"https:\/\/i0.wp.com\/tuzlahortum.com.tr\/wp-content\/uploads\/urunler\/trelleborg\/Trelleborg-ALIKLER-D.jpg?resize=800%2C147&amp;ssl=1 800w, https:\/\/i0.wp.com\/tuzlahortum.com.tr\/wp-content\/uploads\/urunler\/trelleborg\/Trelleborg-ALIKLER-D.jpg?resize=768%2C141&amp;ssl=1 768w, https:\/\/i0.wp.com\/tuzlahortum.com.tr\/wp-content\/uploads\/urunler\/trelleborg\/Trelleborg-ALIKLER-D.jpg?resize=600%2C110&amp;ssl=1 600w, https:\/\/i0.wp.com\/tuzlahortum.com.tr\/wp-content\/uploads\/urunler\/trelleborg\/Trelleborg-ALIKLER-D.jpg?w=843&amp;ssl=1 843w\" sizes=\"auto, (max-width: 800px) 100vw, 800px\" \/><\/p>","protected":false},"excerpt":{"rendered":"<p>Trelleborg ALIKLER D G\u0131da End\u00fcstrisi\/Transfer Bira, s\u00fct, ya\u011f, elma \u015f\u0131ras\u0131, meyve suyu ve %96&#8217;ya kadar olan alkol gibi s\u0131v\u0131 g\u0131da maddelerinin\u00a0y\u00fcksek bas\u0131n\u00e7l\u0131 tahliyesi. Mand\u0131ralarda bo\u015faltma alanlar\u0131nda \u00e7ekme. \u0130\u015fleme ve doldurma tesislerinde kullan\u0131lan ekipman ve s\u0131v\u0131 g\u0131da maddesi tankerleri. Avantajlar *G\u0131dada kullan\u0131ma uygun d\u00fczg\u00fcn y\u00fczeyli, eksiz, \u00e7ok ama\u00e7l\u0131 i\u00e7 lastik bakteri olu\u015fumunu\u00a0engeller. *Ezilme sonras\u0131nda eski \u015fekline [&#8230;]\n","protected":false},"featured_media":2616,"comment_status":"open","ping_status":"closed","template":"","meta":{"jetpack_post_was_ever_published":false},"product_brand":[],"product_cat":[193],"product_tag":[537,294,402,290,533,535,532,534,536],"class_list":{"0":"post-636","1":"product","2":"type-product","3":"status-publish","4":"has-post-thumbnail","6":"product_cat-gida-endustrisi-transfer-hortumlari","7":"product_tag-bosaltma","8":"product_tag-dayanikli","9":"product_tag-gida","10":"product_tag-hortum","11":"product_tag-icecekler","12":"product_tag-tesis","13":"product_tag-transfer","14":"product_tag-uretim","15":"product_tag-yukleme","17":"first","18":"instock","19":"taxable","20":"shipping-taxable","21":"product-type-variable"},"jetpack-related-posts":[{"id":637,"url":"https:\/\/tuzlahortum.com.tr\/ru\/product\/trelleborg-alikler-g2\/","url_meta":{"origin":636,"position":0},"title":"\u0422\u0440\u0435\u043b\u043b\u0435\u0431\u043e\u0440\u0433 \u0410\u041b\u0418\u041a\u041b\u0415\u0420 G2","author":"admin","date":"6 \u0444\u0435\u0432\u0440\u0430\u043b\u044f 2019","format":false,"excerpt":"Trelleborg ALIKLER G2G\u0131da End\u00fcstrisi\/Transfer \u015earap, bira, s\u00fct, ya\u011f, elma \u015f\u0131ras\u0131, meyve suyu ve %96'ya kadar olan alkol gibi s\u0131v\u0131 g\u0131da\u00a0maddelerinin \u00e7ekilmesi ve tahliyesi. Bo\u015faltma alanlar\u0131, i\u015fleme ve doldurma tesisleri ve s\u0131v\u0131 g\u0131da maddesi tankerleri +120\u00b0C'ye kadar olan s\u0131cakl\u0131klarda d\u00f6kme toz \u00fcr\u00fcnler ta\u015f\u0131yan karayolu tankerlerindeki ek hava hatt\u0131 (bas\u0131n\u00e7l\u0131\u00a0olmayan). Avantajlar *Geli\u015fmi\u015f\u2026","rel":"","context":"\u041f\u043e\u0445\u043e\u0436\u0430\u044f \u0437\u0430\u043f\u0438\u0441\u044c","block_context":{"text":"\u041f\u043e\u0445\u043e\u0436\u0430\u044f \u0437\u0430\u043f\u0438\u0441\u044c","link":""},"img":{"alt_text":"","src":"https:\/\/i0.wp.com\/tuzlahortum.com.tr\/wp-content\/uploads\/2019\/02\/ALIKLER-G2.jpg?fit=800%2C800&ssl=1&resize=350%2C200","width":350,"height":200,"srcset":"https:\/\/i0.wp.com\/tuzlahortum.com.tr\/wp-content\/uploads\/2019\/02\/ALIKLER-G2.jpg?fit=800%2C800&ssl=1&resize=350%2C200 1x, https:\/\/i0.wp.com\/tuzlahortum.com.tr\/wp-content\/uploads\/2019\/02\/ALIKLER-G2.jpg?fit=800%2C800&ssl=1&resize=525%2C300 1.5x, https:\/\/i0.wp.com\/tuzlahortum.com.tr\/wp-content\/uploads\/2019\/02\/ALIKLER-G2.jpg?fit=800%2C800&ssl=1&resize=700%2C400 2x"},"classes":[]},{"id":641,"url":"https:\/\/tuzlahortum.com.tr\/ru\/product\/trelleborg-trellvin\/","url_meta":{"origin":636,"position":1},"title":"\u0422\u0440\u0435\u043b\u043b\u0435\u0431\u043e\u0440\u0433 \u0422\u0420\u0415\u041b\u041b\u0412\u0418\u041d","author":"admin","date":"6 \u0444\u0435\u0432\u0440\u0430\u043b\u044f 2019","format":false,"excerpt":"Trelleborg TRELLVING\u0131da End\u00fcstrisi\/Transfer \u015earap, bira ve s\u00fct, ya\u011f, elma \u015f\u0131ras\u0131, meyve suyu ve %96'ya kadar olan alkol gibi s\u0131v\u0131 g\u0131da\u00a0maddelerinin \u00e7ekilmesi ve tahliyesi. \u00d6zellikle \u015farap \u00fcretim tesisi, bo\u015faltma alanlar\u0131ndaki tank transferleri ve s\u0131v\u0131 g\u0131da maddesi\u00a0tankerleri i\u00e7in tasarlanm\u0131\u015ft\u0131r. Avantajlar *G\u0131dada kullan\u0131ma uygun d\u00fczg\u00fcn y\u00fczeyli, eksiz, \u00e7ok ama\u00e7l\u0131 i\u00e7 lastik bakteri olu\u015fumunu\u00a0engeller.\u2026","rel":"","context":"\u041f\u043e\u0445\u043e\u0436\u0430\u044f \u0437\u0430\u043f\u0438\u0441\u044c","block_context":{"text":"\u041f\u043e\u0445\u043e\u0436\u0430\u044f \u0437\u0430\u043f\u0438\u0441\u044c","link":""},"img":{"alt_text":"","src":"https:\/\/i0.wp.com\/tuzlahortum.com.tr\/wp-content\/uploads\/2019\/02\/TRELLVIN.jpg?fit=800%2C800&ssl=1&resize=350%2C200","width":350,"height":200,"srcset":"https:\/\/i0.wp.com\/tuzlahortum.com.tr\/wp-content\/uploads\/2019\/02\/TRELLVIN.jpg?fit=800%2C800&ssl=1&resize=350%2C200 1x, https:\/\/i0.wp.com\/tuzlahortum.com.tr\/wp-content\/uploads\/2019\/02\/TRELLVIN.jpg?fit=800%2C800&ssl=1&resize=525%2C300 1.5x, https:\/\/i0.wp.com\/tuzlahortum.com.tr\/wp-content\/uploads\/2019\/02\/TRELLVIN.jpg?fit=800%2C800&ssl=1&resize=700%2C400 2x"},"classes":[]},{"id":632,"url":"https:\/\/tuzlahortum.com.tr\/ru\/product\/trelleborg-bioclean\/","url_meta":{"origin":636,"position":2},"title":"\u0422\u0440\u0435\u043b\u043b\u0435\u0431\u043e\u0440\u0433 \u0411\u0418\u041e\u041a\u041b\u0418\u041d","author":"admin","date":"6 \u0444\u0435\u0432\u0440\u0430\u043b\u044f 2019","format":false,"excerpt":"Trelleborg BIOCLEANG\u0131da End\u00fcstrisi\/Temizlik \u00d6zellikle g\u0131da end\u00fcstrilerinde y\u00fcksek bas\u0131n\u00e7la temizleme Herhangi bir s\u0131v\u0131 g\u0131da maddesinin\u00a0ta\u015f\u0131nmas\u0131 i\u00e7in de kullan\u0131labilir. Avantajlar *Y\u00fcksek esneklik. *\u0130z b\u0131rakmayan kaplama. *G\u0131dada kullan\u0131ma uygun kalitede beyaz i\u00e7 lastik, ya\u011fa kar\u015f\u0131 dayan\u0131kl\u0131d\u0131r. * Kolay ve h\u0131zl\u0131 tan\u0131ma i\u00e7in k\u0131rm\u0131z\u0131 \u015ferit \u00fczerine markalama. *Ftalat i\u00e7ermez. Teknik a\u00e7\u0131klama \u0130\u00e7 t\u00fcp :\u00a0G\u0131daya\u2026","rel":"","context":"\u041f\u043e\u0445\u043e\u0436\u0430\u044f \u0437\u0430\u043f\u0438\u0441\u044c","block_context":{"text":"\u041f\u043e\u0445\u043e\u0436\u0430\u044f \u0437\u0430\u043f\u0438\u0441\u044c","link":""},"img":{"alt_text":"","src":"https:\/\/i0.wp.com\/tuzlahortum.com.tr\/wp-content\/uploads\/2019\/02\/BIOCLEAN.jpg?fit=800%2C800&ssl=1&resize=350%2C200","width":350,"height":200,"srcset":"https:\/\/i0.wp.com\/tuzlahortum.com.tr\/wp-content\/uploads\/2019\/02\/BIOCLEAN.jpg?fit=800%2C800&ssl=1&resize=350%2C200 1x, https:\/\/i0.wp.com\/tuzlahortum.com.tr\/wp-content\/uploads\/2019\/02\/BIOCLEAN.jpg?fit=800%2C800&ssl=1&resize=525%2C300 1.5x, https:\/\/i0.wp.com\/tuzlahortum.com.tr\/wp-content\/uploads\/2019\/02\/BIOCLEAN.jpg?fit=800%2C800&ssl=1&resize=700%2C400 2x"},"classes":[]},{"id":569,"url":"https:\/\/tuzlahortum.com.tr\/ru\/product\/trelleborg-klegaine-gpu-fg\/","url_meta":{"origin":636,"position":3},"title":"\u0422\u0440\u0435\u043b\u043b\u0435\u0431\u043e\u0440\u0433 \u041a\u041b\u0415\u0413\u0410\u0419\u041d \u0413\u041f\u0423-\u0424\u0413","author":"admin","date":"6 \u0444\u0435\u0432\u0440\u0430\u043b\u044f 2019","format":false,"excerpt":"Trelleborg KLEGAINE GPU-FGEnd\u00fcstriyel hortumlar\/Poli\u00fcretan G\u0131daya uygun kalitede, son derece d\u00fczg\u00fcn. G\u0131da end\u00fcstrisinde a\u015f\u0131nd\u0131r\u0131c\u0131 malzemeler, tozlar ve gran\u00fcllerin ve ila\u00e7 laboratuvarlar\u0131nda\u00a0ila\u00e7lar\u0131n \u00e7ekilmesi ve ta\u015f\u0131nmas\u0131 i\u00e7in idealdir. End\u00fcstriyel elektrik s\u00fcp\u00fcrgeleri ve zemin bak\u0131m uygulamalar\u0131, \u00e7imen bi\u00e7me makineleri ve kaya\u00a0y\u00fcn\u00fc projeksiyonu. Ah\u015fap i\u015fleme end\u00fcstrileri. Robotikler, r\u00f6ntgen makineleri i\u00e7in kablo kanal\u0131. Avantajlar *G\u0131dada kullan\u0131ma\u2026","rel":"","context":"\u041f\u043e\u0445\u043e\u0436\u0430\u044f \u0437\u0430\u043f\u0438\u0441\u044c","block_context":{"text":"\u041f\u043e\u0445\u043e\u0436\u0430\u044f \u0437\u0430\u043f\u0438\u0441\u044c","link":""},"img":{"alt_text":"","src":"https:\/\/i0.wp.com\/tuzlahortum.com.tr\/wp-content\/uploads\/2019\/02\/KLEGAINE-GPU-FG.jpg?fit=800%2C800&ssl=1&resize=350%2C200","width":350,"height":200,"srcset":"https:\/\/i0.wp.com\/tuzlahortum.com.tr\/wp-content\/uploads\/2019\/02\/KLEGAINE-GPU-FG.jpg?fit=800%2C800&ssl=1&resize=350%2C200 1x, https:\/\/i0.wp.com\/tuzlahortum.com.tr\/wp-content\/uploads\/2019\/02\/KLEGAINE-GPU-FG.jpg?fit=800%2C800&ssl=1&resize=525%2C300 1.5x, https:\/\/i0.wp.com\/tuzlahortum.com.tr\/wp-content\/uploads\/2019\/02\/KLEGAINE-GPU-FG.jpg?fit=800%2C800&ssl=1&resize=700%2C400 2x"},"classes":[]},{"id":634,"url":"https:\/\/tuzlahortum.com.tr\/ru\/product\/trelleborg-klenet\/","url_meta":{"origin":636,"position":4},"title":"\u0422\u0440\u0435\u043b\u043b\u0435\u0431\u043e\u0440\u0433 \u041a\u041b\u0415\u041d\u0415\u0422","author":"admin","date":"6 \u0444\u0435\u0432\u0440\u0430\u043b\u044f 2019","format":false,"excerpt":"Trelleborg KLENETG\u0131da End\u00fcstrisi\/Temizlik G\u0131da i\u015fleme end\u00fcstrilerinde, konserve fabrikalar\u0131nda, mand\u0131ralarda, mezbahalarda, vs. zemin\u00a0y\u0131kama ve s\u0131cak suyla temizlik. Avantajlar *Y\u00fcksek s\u0131cakl\u0131klara kar\u015f\u0131 \u00e7ok iyi diren\u00e7. *Ta\u015f\u0131may\u0131 kolayla\u015ft\u0131ran, d\u00fcz, a\u00e7\u0131k renkli, iz b\u0131rakmayan kaplama. *Kaplama bile\u015fi\u011finde hayvansal ve nebati ya\u011flara kar\u015f\u0131 m\u00fckemmel dayan\u0131m. *Ftalat i\u00e7ermez. Teknik a\u00e7\u0131klama \u0130\u00e7 t\u00fcp :\u00a0G\u0131daya uygun kalitede, ya\u011fa\u2026","rel":"","context":"\u041f\u043e\u0445\u043e\u0436\u0430\u044f \u0437\u0430\u043f\u0438\u0441\u044c","block_context":{"text":"\u041f\u043e\u0445\u043e\u0436\u0430\u044f \u0437\u0430\u043f\u0438\u0441\u044c","link":""},"img":{"alt_text":"","src":"https:\/\/i0.wp.com\/tuzlahortum.com.tr\/wp-content\/uploads\/2019\/02\/KLENET.jpg?fit=800%2C800&ssl=1&resize=350%2C200","width":350,"height":200,"srcset":"https:\/\/i0.wp.com\/tuzlahortum.com.tr\/wp-content\/uploads\/2019\/02\/KLENET.jpg?fit=800%2C800&ssl=1&resize=350%2C200 1x, https:\/\/i0.wp.com\/tuzlahortum.com.tr\/wp-content\/uploads\/2019\/02\/KLENET.jpg?fit=800%2C800&ssl=1&resize=525%2C300 1.5x, https:\/\/i0.wp.com\/tuzlahortum.com.tr\/wp-content\/uploads\/2019\/02\/KLENET.jpg?fit=800%2C800&ssl=1&resize=700%2C400 2x"},"classes":[]},{"id":643,"url":"https:\/\/tuzlahortum.com.tr\/ru\/product\/trelleborg-vendange\/","url_meta":{"origin":636,"position":5},"title":"\u0422\u0440\u0435\u043b\u043b\u0435\u0431\u043e\u0440\u0433 \u0412\u0415\u041d\u0414\u0410\u041d\u0416","author":"admin","date":"6 \u0444\u0435\u0432\u0440\u0430\u043b\u044f 2019","format":false,"excerpt":"Trelleborg VENDANGEG\u0131da End\u00fcstrisi\/Transfer \u015earap \u00fcretim end\u00fcstrilerinde taze \u00fcz\u00fcm\u00fcn aktar\u0131lmas\u0131 i\u00e7in \u00f6zel olarak tasarlanm\u0131\u015ft\u0131r. Avantajlar *Benzersiz esneklik ve kolay ta\u015f\u0131ma. *P\u00fcr\u00fczs\u00fcz kaplamadan dolay\u0131 \u00e7ekme esnas\u0131nda d\u00fc\u015f\u00fck kuvvet gerektirir. *G\u0131dada kullan\u0131ma uygun d\u00fczg\u00fcn y\u00fczeyli, eksiz i\u00e7 lastik bakteri olu\u015fumunu engeller. *Deterjanlar veya 110\u00b0C'ye kadar olan s\u0131cakl\u0131klardaki buhar ile (maksimum 10 dakika)\u00a0yap\u0131lan temizlikte\u2026","rel":"","context":"\u041f\u043e\u0445\u043e\u0436\u0430\u044f \u0437\u0430\u043f\u0438\u0441\u044c","block_context":{"text":"\u041f\u043e\u0445\u043e\u0436\u0430\u044f \u0437\u0430\u043f\u0438\u0441\u044c","link":""},"img":{"alt_text":"","src":"https:\/\/i0.wp.com\/tuzlahortum.com.tr\/wp-content\/uploads\/2019\/02\/VENDANGE.jpg?fit=800%2C800&ssl=1&resize=350%2C200","width":350,"height":200,"srcset":"https:\/\/i0.wp.com\/tuzlahortum.com.tr\/wp-content\/uploads\/2019\/02\/VENDANGE.jpg?fit=800%2C800&ssl=1&resize=350%2C200 1x, https:\/\/i0.wp.com\/tuzlahortum.com.tr\/wp-content\/uploads\/2019\/02\/VENDANGE.jpg?fit=800%2C800&ssl=1&resize=525%2C300 1.5x, https:\/\/i0.wp.com\/tuzlahortum.com.tr\/wp-content\/uploads\/2019\/02\/VENDANGE.jpg?fit=800%2C800&ssl=1&resize=700%2C400 2x"},"classes":[]}],"jetpack_sharing_enabled":true,"jetpack_likes_enabled":true,"_links":{"self":[{"href":"https:\/\/tuzlahortum.com.tr\/ru\/wp-json\/wp\/v2\/product\/636","targetHints":{"allow":["GET"]}}],"collection":[{"href":"https:\/\/tuzlahortum.com.tr\/ru\/wp-json\/wp\/v2\/product"}],"about":[{"href":"https:\/\/tuzlahortum.com.tr\/ru\/wp-json\/wp\/v2\/types\/product"}],"replies":[{"embeddable":true,"href":"https:\/\/tuzlahortum.com.tr\/ru\/wp-json\/wp\/v2\/comments?post=636"}],"wp:featuredmedia":[{"embeddable":true,"href":"https:\/\/tuzlahortum.com.tr\/ru\/wp-json\/wp\/v2\/media\/2616"}],"wp:attachment":[{"href":"https:\/\/tuzlahortum.com.tr\/ru\/wp-json\/wp\/v2\/media?parent=636"}],"wp:term":[{"taxonomy":"product_brand","embeddable":true,"href":"https:\/\/tuzlahortum.com.tr\/ru\/wp-json\/wp\/v2\/product_brand?post=636"},{"taxonomy":"product_cat","embeddable":true,"href":"https:\/\/tuzlahortum.com.tr\/ru\/wp-json\/wp\/v2\/product_cat?post=636"},{"taxonomy":"product_tag","embeddable":true,"href":"https:\/\/tuzlahortum.com.tr\/ru\/wp-json\/wp\/v2\/product_tag?post=636"}],"curies":[{"name":"wp","href":"https:\/\/api.w.org\/{rel}","templated":true}]}}