{"id":634,"date":"2019-02-06T23:46:53","date_gmt":"2019-02-06T20:46:53","guid":{"rendered":"http:\/\/hortum.com.tr\/product\/import-placeholder-for-528\/"},"modified":"2024-03-21T17:44:37","modified_gmt":"2024-03-21T14:44:37","slug":"trelleborg-klenet","status":"publish","type":"product","link":"https:\/\/tuzlahortum.com.tr\/ru\/product\/trelleborg-klenet\/","title":{"rendered":"\u0422\u0440\u0435\u043b\u043b\u0435\u0431\u043e\u0440\u0433 \u041a\u041b\u0415\u041d\u0415\u0422"},"content":{"rendered":"<h2>\u0422\u0440\u0435\u043b\u043b\u0435\u0431\u043e\u0440\u0433 \u041a\u041b\u0415\u041d\u0415\u0422<\/h2>\n<div>\u041f\u0438\u0449\u0435\u0432\u0430\u044f \u043f\u0440\u043e\u043c\u044b\u0448\u043b\u0435\u043d\u043d\u043e\u0441\u0442\u044c\/\u0423\u0431\u043e\u0440\u043a\u0430<\/div>\n<div>\u0412 \u043f\u0438\u0449\u0435\u0432\u043e\u0439 \u043f\u0440\u043e\u043c\u044b\u0448\u043b\u0435\u043d\u043d\u043e\u0441\u0442\u0438, \u043d\u0430 \u043a\u043e\u043d\u0441\u0435\u0440\u0432\u043d\u044b\u0445 \u0437\u0430\u0432\u043e\u0434\u0430\u0445, \u043c\u043e\u043b\u043e\u0447\u043d\u044b\u0445 \u0437\u0430\u0432\u043e\u0434\u0430\u0445, \u0441\u043a\u043e\u0442\u043e\u0431\u043e\u0439\u043d\u044f\u0445 \u0438 \u0442. \u0434. \u043c\u044b\u0442\u044c\u0435 \u0438 \u0447\u0438\u0441\u0442\u043a\u0430 \u043f\u043e\u043b\u043e\u0432 \u0433\u043e\u0440\u044f\u0447\u0435\u0439 \u0432\u043e\u0434\u043e\u0439.<\/div>\n<div>\u041f\u0440\u0435\u0438\u043c\u0443\u0449\u0435\u0441\u0442\u0432\u0430<\/div>\n<div>*\u041e\u0447\u0435\u043d\u044c \u0445\u043e\u0440\u043e\u0448\u0430\u044f \u0443\u0441\u0442\u043e\u0439\u0447\u0438\u0432\u043e\u0441\u0442\u044c \u043a \u0432\u044b\u0441\u043e\u043a\u0438\u043c \u0442\u0435\u043c\u043f\u0435\u0440\u0430\u0442\u0443\u0440\u0430\u043c.<\/div>\n<div>* \u0413\u043b\u0430\u0434\u043a\u043e\u0435, \u0441\u0432\u0435\u0442\u043b\u043e\u0435, \u043d\u0435 \u043e\u0441\u0442\u0430\u0432\u043b\u044f\u044e\u0449\u0435\u0435 \u0441\u043b\u0435\u0434\u043e\u0432 \u043f\u043e\u043a\u0440\u044b\u0442\u0438\u0435, \u043e\u0431\u043b\u0435\u0433\u0447\u0430\u044e\u0449\u0435\u0435 \u043f\u0435\u0440\u0435\u043d\u043e\u0441\u043a\u0443.<\/div>\n<div>*\u041e\u0442\u043b\u0438\u0447\u043d\u0430\u044f \u0443\u0441\u0442\u043e\u0439\u0447\u0438\u0432\u043e\u0441\u0442\u044c \u043a \u0436\u0438\u0432\u043e\u0442\u043d\u044b\u043c \u0438 \u0440\u0430\u0441\u0442\u0438\u0442\u0435\u043b\u044c\u043d\u044b\u043c \u043c\u0430\u0441\u043b\u0430\u043c \u0432 \u0441\u043e\u0441\u0442\u0430\u0432\u0435 \u043f\u043e\u043a\u0440\u044b\u0442\u0438\u044f.<\/div>\n<div>*\u041d\u0435 \u0441\u043e\u0434\u0435\u0440\u0436\u0438\u0442 \u0444\u0442\u0430\u043b\u0430\u0442\u043e\u0432.<\/div>\n<div>\u0422\u0435\u0445\u043d\u0438\u0447\u0435\u0441\u043a\u043e\u0435 \u043e\u043f\u0438\u0441\u0430\u043d\u0438\u0435<\/div>\n<div>\u0412\u043d\u0443\u0442\u0440\u0435\u043d\u043d\u044f\u044f \u0442\u0440\u0443\u0431\u043a\u0430: \u043f\u0438\u0449\u0435\u0432\u0430\u044f, \u043c\u0430\u0441\u043b\u043e\u0441\u0442\u043e\u0439\u043a\u0430\u044f, NBR, \u0431\u0435\u043b\u0430\u044f, \u0433\u043b\u0430\u0434\u043a\u0430\u044f.<\/div>\n<div>\u0410\u0440\u043c\u0438\u0440\u043e\u0432\u0430\u043d\u0438\u0435: \u0441\u0438\u043d\u0442\u0435\u0442\u0438\u0447\u0435\u0441\u043a\u0438\u0439 \u0442\u0435\u043a\u0441\u0442\u0438\u043b\u044c.<\/div>\n<div>\u041f\u043e\u043a\u0440\u044b\u0442\u0438\u0435: \u043c\u0430\u0441\u043b\u043e- \u0438 \u0438\u0437\u043d\u043e\u0441\u043e\u0441\u0442\u043e\u0439\u043a\u0438\u0439 NBR\/PVC, \u0441\u0438\u043d\u0435\u0433\u043e \u0446\u0432\u0435\u0442\u0430, \u0433\u043b\u0430\u0434\u043a\u043e\u0435.<\/div>\n<div>\u0414\u0438\u0430\u043f\u0430\u0437\u043e\u043d \u0442\u0435\u043c\u043f\u0435\u0440\u0430\u0442\u0443\u0440: \u043e\u0442 -20\u00b0C \u0434\u043e +95\u00b0C.<\/div>\n<div>\u0421\u0442\u0430\u043d\u0434\u0430\u0440\u0442\/\u041e\u0434\u043e\u0431\u0440\u0435\u043d\u0438\u0435:<\/div>\n<div>\u0420\u0435\u0433\u043b\u0430\u043c\u0435\u043d\u0442\u044b \u0415\u0421 1935\/2004 \u0438 2023\/2006, \u0430 \u0442\u0430\u043a\u0436\u0435 \u0440\u0435\u0433\u043b\u0430\u043c\u0435\u043d\u0442 FDA 21 CFR 177.2600.<\/div>\n<div>\u041d\u0435\u043c\u0435\u0446\u043a\u043e\u0435 \u0437\u0430\u043a\u043e\u043d\u043e\u0434\u0430\u0442\u0435\u043b\u044c\u0441\u0442\u0432\u043e: \u0440\u0435\u043a\u043e\u043c\u0435\u043d\u0434\u0430\u0446\u0438\u044f BfR XXI \u043a\u0430\u0442. 3. \u0424\u0440\u0430\u043d\u0446\u0443\u0437\u0441\u043a\u043e\u0435 \u0437\u0430\u043a\u043e\u043d\u043e\u0434\u0430\u0442\u0435\u043b\u044c\u0441\u0442\u0432\u043e.<\/div>\n<div>\u0412\u0441\u0435 \u0441\u043e\u043e\u0442\u0432\u0435\u0442\u0441\u0442\u0432\u0443\u044e\u0449\u0438\u0435 \u043f\u0440\u043e\u0445\u043e\u0434\u043d\u044b\u0435 \u0442\u0435\u0441\u0442\u044b (\u0424\u0440\u0430\u043d\u0446\u0438\u044f \u0438 FDA) \u0424\u0440\u0430\u043d\u0446\u0443\u0437\u0441\u043a\u043e\u0433\u043e \u0438\u043d\u0441\u0442\u0438\u0442\u0443\u0442\u0430 \u041f\u0443\u0430\u0442\u044c\u0435 (IANESCO).<\/div>\n<div>\u0431\u044b\u043b\u043e \u0438\u0437\u0433\u043e\u0442\u043e\u0432\u043b\u0435\u043d\u043e \u0438 \u043f\u043e\u0434\u0442\u0432\u0435\u0440\u0436\u0434\u0435\u043d\u043e \u0435\u0433\u043e \u043f\u0440\u0438\u0433\u043e\u0434\u043d\u043e\u0441\u0442\u044c.<\/div>\n<div>\u0421\u0430\u043b\u044c\u043d\u0438\u043a\u0438\/\u0444\u0438\u0442\u0438\u043d\u0433\u0438<\/div>\n<div>\u0414\u043b\u044f \u0434\u043e\u0441\u0442\u0438\u0436\u0435\u043d\u0438\u044f \u043e\u043f\u0442\u0438\u043c\u0430\u043b\u044c\u043d\u044b\u0445 \u0441\u043e\u0435\u0434\u0438\u043d\u0435\u043d\u0438\u0439 \u0434\u043e\u0441\u0442\u0443\u043f\u043d\u044b \u0441\u043f\u0435\u0446\u0438\u0430\u043b\u044c\u043d\u043e \u0440\u0430\u0437\u0440\u0430\u0431\u043e\u0442\u0430\u043d\u043d\u044b\u0435 \u0444\u0438\u0442\u0438\u043d\u0433\u0438.<\/div>\n<div>\u0421\u0432\u044f\u0436\u0438\u0442\u0435\u0441\u044c \u0441 \u043d\u0430\u043c\u0438 \u0434\u043b\u044f \u043f\u043e\u043b\u0443\u0447\u0435\u043d\u0438\u044f \u0434\u043e\u043f\u043e\u043b\u043d\u0438\u0442\u0435\u043b\u044c\u043d\u043e\u0439 \u0438\u043d\u0444\u043e\u0440\u043c\u0430\u0446\u0438\u0438 \u043e.<\/div>\n<div><\/div>\n<div>\n<div class=\"video video-fit mb\" style=\"padding-top:56.25%;\"><p><iframe loading=\"lazy\" title=\"\u041a\u0430\u043a\u043e\u0439 \u043f\u0438\u0449\u0435\u0432\u043e\u0439 \u0448\u043b\u0430\u043d\u0433 \u0432\u044b\u0431\u0440\u0430\u0442\u044c?\" width=\"1020\" height=\"574\" src=\"https:\/\/www.youtube.com\/embed\/1RIgy8WF1Ao?feature=oembed\" frameborder=\"0\" allow=\"accelerometer; autoplay; clipboard-write; encrypted-media; gyroscope; picture-in-picture; web-share\" referrerpolicy=\"strict-origin-when-cross-origin\" allowfullscreen><\/iframe><\/p>\n<\/div>\n<div class=\"video video-fit mb\" style=\"padding-top:56.25%;\"><p><iframe loading=\"lazy\" title=\"\u041f\u0443\u0442\u0430\u043d\u0438\u0446\u0430 \u0432 \u0438\u0437\u043c\u0435\u0440\u0435\u043d\u0438\u044f\u0445 (\u0434\u044e\u0439\u043c\u044b, \u043f\u0430\u043b\u044c\u0446\u044b, \u0434\u044b\u043c\u043a\u0430, \u043c\u0438\u043b\u043b\u0438\u043c\u0435\u0442\u0440\u044b)\" width=\"1020\" height=\"574\" src=\"https:\/\/www.youtube.com\/embed\/uKk6AG_AZls?feature=oembed\" frameborder=\"0\" allow=\"accelerometer; autoplay; clipboard-write; encrypted-media; gyroscope; picture-in-picture; web-share\" referrerpolicy=\"strict-origin-when-cross-origin\" allowfullscreen><\/iframe><\/p>\n<\/div>\n<\/div>\n<p><img data-recalc-dims=\"1\" loading=\"lazy\" decoding=\"async\" class=\"alignnone size-medium wp-image-2101\" src=\"https:\/\/i0.wp.com\/hortum.com.tr\/wp-content\/uploads\/urunler\/trelleborg\/Trelleborg-KLENET-800x112.jpg?resize=800%2C112\" alt=\"\" width=\"800\" height=\"112\" title=\"\" srcset=\"https:\/\/i0.wp.com\/tuzlahortum.com.tr\/wp-content\/uploads\/urunler\/trelleborg\/Trelleborg-KLENET.jpg?resize=800%2C112&amp;ssl=1 800w, https:\/\/i0.wp.com\/tuzlahortum.com.tr\/wp-content\/uploads\/urunler\/trelleborg\/Trelleborg-KLENET.jpg?resize=768%2C107&amp;ssl=1 768w, https:\/\/i0.wp.com\/tuzlahortum.com.tr\/wp-content\/uploads\/urunler\/trelleborg\/Trelleborg-KLENET.jpg?resize=600%2C84&amp;ssl=1 600w, https:\/\/i0.wp.com\/tuzlahortum.com.tr\/wp-content\/uploads\/urunler\/trelleborg\/Trelleborg-KLENET.jpg?w=831&amp;ssl=1 831w\" sizes=\"auto, (max-width: 800px) 100vw, 800px\" \/><\/p>","protected":false},"excerpt":{"rendered":"<p>Trelleborg KLENET G\u0131da End\u00fcstrisi\/Temizlik G\u0131da i\u015fleme end\u00fcstrilerinde, konserve fabrikalar\u0131nda, mand\u0131ralarda, mezbahalarda, vs. zemin\u00a0y\u0131kama ve s\u0131cak suyla temizlik. Avantajlar *Y\u00fcksek s\u0131cakl\u0131klara kar\u015f\u0131 \u00e7ok iyi diren\u00e7. *Ta\u015f\u0131may\u0131 kolayla\u015ft\u0131ran, d\u00fcz, a\u00e7\u0131k renkli, iz b\u0131rakmayan kaplama. *Kaplama bile\u015fi\u011finde hayvansal ve nebati ya\u011flara kar\u015f\u0131 m\u00fckemmel dayan\u0131m. *Ftalat i\u00e7ermez. Teknik a\u00e7\u0131klama \u0130\u00e7 t\u00fcp :\u00a0G\u0131daya uygun kalitede, ya\u011fa kar\u015f\u0131 dayan\u0131kl\u0131, NBR, beyaz, [&#8230;]\n","protected":false},"featured_media":2651,"comment_status":"open","ping_status":"closed","template":"","meta":{"jetpack_post_was_ever_published":false},"product_brand":[],"product_cat":[192],"product_tag":[294,402,526,290,527,528,529,531,525,530],"class_list":{"0":"post-634","1":"product","2":"type-product","3":"status-publish","4":"has-post-thumbnail","6":"product_cat-gida-endustrisi-temizlik-hortumlari","7":"product_tag-dayanikli","8":"product_tag-gida","9":"product_tag-gida-isleme","10":"product_tag-hortum","11":"product_tag-konserve","12":"product_tag-mandira","13":"product_tag-mezbaha","14":"product_tag-sicak-su","15":"product_tag-temizlik","16":"product_tag-zemin-yikama","18":"first","19":"instock","20":"taxable","21":"shipping-taxable","22":"product-type-variable"},"jetpack-related-posts":[],"jetpack_sharing_enabled":true,"jetpack_likes_enabled":true,"_links":{"self":[{"href":"https:\/\/tuzlahortum.com.tr\/ru\/wp-json\/wp\/v2\/product\/634","targetHints":{"allow":["GET"]}}],"collection":[{"href":"https:\/\/tuzlahortum.com.tr\/ru\/wp-json\/wp\/v2\/product"}],"about":[{"href":"https:\/\/tuzlahortum.com.tr\/ru\/wp-json\/wp\/v2\/types\/product"}],"replies":[{"embeddable":true,"href":"https:\/\/tuzlahortum.com.tr\/ru\/wp-json\/wp\/v2\/comments?post=634"}],"wp:featuredmedia":[{"embeddable":true,"href":"https:\/\/tuzlahortum.com.tr\/ru\/wp-json\/wp\/v2\/media\/2651"}],"wp:attachment":[{"href":"https:\/\/tuzlahortum.com.tr\/ru\/wp-json\/wp\/v2\/media?parent=634"}],"wp:term":[{"taxonomy":"product_brand","embeddable":true,"href":"https:\/\/tuzlahortum.com.tr\/ru\/wp-json\/wp\/v2\/product_brand?post=634"},{"taxonomy":"product_cat","embeddable":true,"href":"https:\/\/tuzlahortum.com.tr\/ru\/wp-json\/wp\/v2\/product_cat?post=634"},{"taxonomy":"product_tag","embeddable":true,"href":"https:\/\/tuzlahortum.com.tr\/ru\/wp-json\/wp\/v2\/product_tag?post=634"}],"curies":[{"name":"wp","href":"https:\/\/api.w.org\/{rel}","templated":true}]}}