{"id":633,"date":"2019-02-06T23:46:52","date_gmt":"2019-02-06T20:46:52","guid":{"rendered":"http:\/\/hortum.com.tr\/product\/import-placeholder-for-526\/"},"modified":"2024-03-21T17:44:38","modified_gmt":"2024-03-21T14:44:38","slug":"trelleborg-biovast","status":"publish","type":"product","link":"https:\/\/tuzlahortum.com.tr\/ru\/product\/trelleborg-biovast\/","title":{"rendered":"\u0422\u0440\u0435\u043b\u043b\u0435\u0431\u043e\u0440\u0433 \u0411\u0418\u041e\u0412\u0410\u0421\u0422"},"content":{"rendered":"<h2>\u0422\u0440\u0435\u043b\u043b\u0435\u0431\u043e\u0440\u0433 \u0411\u0418\u041e\u0412\u0410\u0421\u0422<\/h2>\n<div>\u041f\u0438\u0449\u0435\u0432\u0430\u044f \u043f\u0440\u043e\u043c\u044b\u0448\u043b\u0435\u043d\u043d\u043e\u0441\u0442\u044c\/\u0423\u0431\u043e\u0440\u043a\u0430<\/div>\n<div>\u041e\u0447\u0438\u0441\u0442\u043a\u0430 \u043f\u0430\u0440\u043e\u043c \u043f\u0440\u0438 \u0442\u0435\u043c\u043f\u0435\u0440\u0430\u0442\u0443\u0440\u0435 +165\u00b0\u0421 \u0438 \u043f\u0440\u043e\u043c\u044b\u0432\u043a\u0430 \u0433\u043e\u0440\u044f\u0447\u0435\u0439 \u0432\u043e\u0434\u043e\u0439 \u043d\u0430 \u043f\u0440\u0435\u0434\u043f\u0440\u0438\u044f\u0442\u0438\u044f\u0445 \u043f\u0438\u0449\u0435\u0432\u043e\u0439 \u043f\u0440\u043e\u043c\u044b\u0448\u043b\u0435\u043d\u043d\u043e\u0441\u0442\u0438.<\/div>\n<div>\u041f\u0435\u0440\u0435\u0432\u043e\u0437\u043a\u0430 \u0433\u043e\u0440\u044f\u0447\u0438\u0445 \u0436\u0438\u0434\u043a\u0438\u0445 \u043f\u0438\u0449\u0435\u0432\u044b\u0445 \u043f\u0440\u043e\u0434\u0443\u043a\u0442\u043e\u0432. \u041f\u043e\u0434\u0445\u043e\u0434\u0438\u0442 \u0434\u043b\u044f \u043f\u0440\u0438\u043c\u0435\u043d\u0435\u043d\u0438\u044f \u043d\u0430 \u043a\u043e\u043b\u0435\u0441\u0430\u0445.<\/div>\n<div>\u041f\u0440\u0435\u0438\u043c\u0443\u0449\u0435\u0441\u0442\u0432\u0430<\/div>\n<div>*\u041c\u043e\u043b\u043e\u0447\u043d\u044b\u0435 \u0437\u0430\u0432\u043e\u0434\u044b, \u043a\u043e\u043d\u0441\u0435\u0440\u0432\u043d\u044b\u0435 \u0437\u0430\u0432\u043e\u0434\u044b, \u0440\u044b\u0431\u043d\u044b\u0435 \u0440\u044b\u043d\u043a\u0438 \u0438 \u0442.\u0434. \u042d\u0442\u043e \u0448\u043b\u0430\u043d\u0433 \u0441\u043f\u0435\u0446\u0438\u0430\u043b\u044c\u043d\u043e\u0439 \u043a\u043e\u043d\u0441\u0442\u0440\u0443\u043a\u0446\u0438\u0438.<\/div>\n<div>* \u0427\u0440\u0435\u0437\u0432\u044b\u0447\u0430\u0439\u043d\u043e \u0433\u0438\u0431\u043a\u0438\u0439.<\/div>\n<div>*\u041f\u044f\u0442\u043d\u043e\u0441\u0442\u043e\u0439\u043a\u0438\u0439 \u0441\u043e\u0441\u0442\u0430\u0432 \u043f\u043e\u043a\u0440\u044b\u0442\u0438\u044f.<\/div>\n<div>*\u0423\u0441\u0442\u043e\u0439\u0447\u0438\u0432 \u043a \u0436\u0438\u0432\u043e\u0442\u043d\u044b\u043c \u0438 \u0440\u0430\u0441\u0442\u0438\u0442\u0435\u043b\u044c\u043d\u044b\u043c \u043c\u0430\u0441\u043b\u0430\u043c.<\/div>\n<div>*\u041d\u0435 \u0441\u043e\u0434\u0435\u0440\u0436\u0438\u0442 \u0444\u0442\u0430\u043b\u0430\u0442\u043e\u0432.<\/div>\n<div>\u0422\u0435\u0445\u043d\u0438\u0447\u0435\u0441\u043a\u043e\u0435 \u043e\u043f\u0438\u0441\u0430\u043d\u0438\u0435<\/div>\n<div>\u0412\u043d\u0443\u0442\u0440\u0435\u043d\u043d\u044f\u044f \u0442\u0440\u0443\u0431\u043a\u0430: \u043f\u0438\u0449\u0435\u0432\u0430\u044f, \u043c\u0430\u0441\u043b\u043e\u0441\u0442\u043e\u0439\u043a\u0430\u044f, NBR, \u0431\u0435\u043b\u0430\u044f, \u0433\u043b\u0430\u0434\u043a\u0430\u044f.<\/div>\n<div>\u0410\u0440\u043c\u0438\u0440\u043e\u0432\u0430\u043d\u0438\u0435: \u0441\u0438\u043d\u0442\u0435\u0442\u0438\u0447\u0435\u0441\u043a\u0438\u0439 \u0442\u0435\u043a\u0441\u0442\u0438\u043b\u044c.<\/div>\n<div>\u041f\u043e\u043a\u0440\u044b\u0442\u0438\u0435: \u043c\u0430\u0441\u043b\u043e- \u0438 \u0438\u0437\u043d\u043e\u0441\u043e\u0441\u0442\u043e\u0439\u043a\u0438\u0439 NBR\/PVC, \u0441\u0438\u043d\u0435\u0433\u043e \u0446\u0432\u0435\u0442\u0430, \u0433\u043b\u0430\u0434\u043a\u043e\u0435.<\/div>\n<div>\u0414\u0438\u0430\u043f\u0430\u0437\u043e\u043d \u0442\u0435\u043c\u043f\u0435\u0440\u0430\u0442\u0443\u0440:<\/div>\n<div>\u0412\u043e\u0434\u0430: \u043e\u0442 -20\u00b0C \u0434\u043e +100\u00b0C, TM=20\u0431\u0430\u0440.<\/div>\n<div>\u041d\u0430\u0441\u044b\u0449\u0435\u043d\u043d\u044b\u0439 \u0438\u043b\u0438 \u043f\u0435\u0440\u0435\u0433\u0440\u0435\u0442\u044b\u0439 \u043f\u0430\u0440: +165\u00b0C\/6\u0431\u0430\u0440..<\/div>\n<div>\u0421\u0442\u0430\u043d\u0434\u0430\u0440\u0442\/\u041e\u0434\u043e\u0431\u0440\u0435\u043d\u0438\u0435:<\/div>\n<div>\u0420\u0435\u0433\u043b\u0430\u043c\u0435\u043d\u0442\u044b \u0415\u0421 1935\/2004 \u0438 2023\/2006, \u0430 \u0442\u0430\u043a\u0436\u0435 \u0440\u0435\u0433\u043b\u0430\u043c\u0435\u043d\u0442 FDA 21 CFR 177.2600.<\/div>\n<div>\u041d\u0435\u043c\u0435\u0446\u043a\u043e\u0435 \u0437\u0430\u043a\u043e\u043d\u043e\u0434\u0430\u0442\u0435\u043b\u044c\u0441\u0442\u0432\u043e: \u0440\u0435\u043a\u043e\u043c\u0435\u043d\u0434\u0430\u0446\u0438\u044f BfR XXI \u043a\u0430\u0442. 2. \u0424\u0440\u0430\u043d\u0446\u0443\u0437\u0441\u043a\u043e\u0435 \u0437\u0430\u043a\u043e\u043d\u043e\u0434\u0430\u0442\u0435\u043b\u044c\u0441\u0442\u0432\u043e.<\/div>\n<div>\u0412\u0441\u0435 \u0441\u043e\u043e\u0442\u0432\u0435\u0442\u0441\u0442\u0432\u0443\u044e\u0449\u0438\u0435 \u043f\u0440\u043e\u0445\u043e\u0434\u043d\u044b\u0435 \u0442\u0435\u0441\u0442\u044b (\u0424\u0440\u0430\u043d\u0446\u0438\u044f \u0438 FDA) \u0424\u0440\u0430\u043d\u0446\u0443\u0437\u0441\u043a\u043e\u0433\u043e \u0438\u043d\u0441\u0442\u0438\u0442\u0443\u0442\u0430 \u041f\u0443\u0430\u0442\u044c\u0435 (IANESCO).<\/div>\n<div>\u0431\u044b\u043b\u043e \u0438\u0437\u0433\u043e\u0442\u043e\u0432\u043b\u0435\u043d\u043e \u0438 \u043f\u043e\u0434\u0442\u0432\u0435\u0440\u0436\u0434\u0435\u043d\u043e \u0435\u0433\u043e \u043f\u0440\u0438\u0433\u043e\u0434\u043d\u043e\u0441\u0442\u044c.<\/div>\n<div>\u0421\u0430\u043b\u044c\u043d\u0438\u043a\u0438\/\u0444\u0438\u0442\u0438\u043d\u0433\u0438<\/div>\n<div>\u0414\u043b\u044f \u0434\u043e\u0441\u0442\u0438\u0436\u0435\u043d\u0438\u044f \u043e\u043f\u0442\u0438\u043c\u0430\u043b\u044c\u043d\u044b\u0445 \u0441\u043e\u0435\u0434\u0438\u043d\u0435\u043d\u0438\u0439 \u0434\u043e\u0441\u0442\u0443\u043f\u043d\u044b \u0441\u043f\u0435\u0446\u0438\u0430\u043b\u044c\u043d\u043e \u0440\u0430\u0437\u0440\u0430\u0431\u043e\u0442\u0430\u043d\u043d\u044b\u0435 \u0444\u0438\u0442\u0438\u043d\u0433\u0438.<\/div>\n<div>\u0421\u0432\u044f\u0436\u0438\u0442\u0435\u0441\u044c \u0441 \u043d\u0430\u043c\u0438 \u0434\u043b\u044f \u043f\u043e\u043b\u0443\u0447\u0435\u043d\u0438\u044f \u0434\u043e\u043f\u043e\u043b\u043d\u0438\u0442\u0435\u043b\u044c\u043d\u043e\u0439 \u0438\u043d\u0444\u043e\u0440\u043c\u0430\u0446\u0438\u0438 \u043e.<\/div>\n<div><\/div>\n<div>\n<div class=\"video video-fit mb\" style=\"padding-top:56.25%;\"><p><iframe loading=\"lazy\" title=\"\u041a\u0430\u043a\u043e\u0439 \u043f\u0438\u0449\u0435\u0432\u043e\u0439 \u0448\u043b\u0430\u043d\u0433 \u0432\u044b\u0431\u0440\u0430\u0442\u044c?\" width=\"1020\" height=\"574\" src=\"https:\/\/www.youtube.com\/embed\/1RIgy8WF1Ao?feature=oembed\" frameborder=\"0\" allow=\"accelerometer; autoplay; clipboard-write; encrypted-media; gyroscope; picture-in-picture; web-share\" referrerpolicy=\"strict-origin-when-cross-origin\" allowfullscreen><\/iframe><\/p>\n<\/div>\n<div class=\"video video-fit mb\" style=\"padding-top:56.25%;\"><p><iframe loading=\"lazy\" title=\"\u041f\u0443\u0442\u0430\u043d\u0438\u0446\u0430 \u0432 \u0438\u0437\u043c\u0435\u0440\u0435\u043d\u0438\u044f\u0445 (\u0434\u044e\u0439\u043c\u044b, \u043f\u0430\u043b\u044c\u0446\u044b, \u0434\u044b\u043c\u043a\u0430, \u043c\u0438\u043b\u043b\u0438\u043c\u0435\u0442\u0440\u044b)\" width=\"1020\" height=\"574\" src=\"https:\/\/www.youtube.com\/embed\/uKk6AG_AZls?feature=oembed\" frameborder=\"0\" allow=\"accelerometer; autoplay; clipboard-write; encrypted-media; gyroscope; picture-in-picture; web-share\" referrerpolicy=\"strict-origin-when-cross-origin\" allowfullscreen><\/iframe><\/p>\n<\/div>\n<\/div>\n<p><img data-recalc-dims=\"1\" loading=\"lazy\" decoding=\"async\" class=\"alignnone size-medium wp-image-2132\" src=\"https:\/\/i0.wp.com\/hortum.com.tr\/wp-content\/uploads\/urunler\/trelleborg\/Trelleborg-BIOVAST-800x124.jpg?resize=800%2C124\" alt=\"\" width=\"800\" height=\"124\" title=\"\" srcset=\"https:\/\/i0.wp.com\/tuzlahortum.com.tr\/wp-content\/uploads\/urunler\/trelleborg\/Trelleborg-BIOVAST.jpg?resize=800%2C124&amp;ssl=1 800w, https:\/\/i0.wp.com\/tuzlahortum.com.tr\/wp-content\/uploads\/urunler\/trelleborg\/Trelleborg-BIOVAST.jpg?resize=768%2C119&amp;ssl=1 768w, https:\/\/i0.wp.com\/tuzlahortum.com.tr\/wp-content\/uploads\/urunler\/trelleborg\/Trelleborg-BIOVAST.jpg?resize=600%2C93&amp;ssl=1 600w, https:\/\/i0.wp.com\/tuzlahortum.com.tr\/wp-content\/uploads\/urunler\/trelleborg\/Trelleborg-BIOVAST.jpg?w=845&amp;ssl=1 845w\" sizes=\"auto, (max-width: 800px) 100vw, 800px\" \/><\/p>","protected":false},"excerpt":{"rendered":"<p>Trelleborg BIOVAST G\u0131da End\u00fcstrisi\/Temizlik +165\u00b0C s\u0131cakl\u0131klarda buharla temizleme ve g\u0131da i\u015fleme tesislerinde s\u0131cak su ile y\u0131kama. S\u0131cak s\u0131v\u0131 g\u0131da maddelerinin ta\u015f\u0131nmas\u0131. Tekerlek \u00fczerine monte uygulamalar i\u00e7in uygundur. Avantajlar *Mand\u0131ralar, konserve fabrikalar\u0131, bal\u0131k pazarlar\u0131, vs. \u00f6zel olarak tasarlanm\u0131\u015f bir hortumdur. *Son derece esnek. *Leke tutmayan kaplama bile\u015fi\u011fi. *Hayvansal ve nebati ya\u011flara kar\u015f\u0131 dayan\u0131kl\u0131. *Ftalat i\u00e7ermez. Teknik [&#8230;]\n","protected":false},"featured_media":2625,"comment_status":"open","ping_status":"closed","template":"","meta":{"jetpack_post_was_ever_published":false},"product_brand":[],"product_cat":[192],"product_tag":[294,402,290,525],"class_list":{"0":"post-633","1":"product","2":"type-product","3":"status-publish","4":"has-post-thumbnail","6":"product_cat-gida-endustrisi-temizlik-hortumlari","7":"product_tag-dayanikli","8":"product_tag-gida","9":"product_tag-hortum","10":"product_tag-temizlik","12":"first","13":"instock","14":"taxable","15":"shipping-taxable","16":"product-type-variable"},"jetpack-related-posts":[],"jetpack_sharing_enabled":true,"jetpack_likes_enabled":true,"_links":{"self":[{"href":"https:\/\/tuzlahortum.com.tr\/ru\/wp-json\/wp\/v2\/product\/633","targetHints":{"allow":["GET"]}}],"collection":[{"href":"https:\/\/tuzlahortum.com.tr\/ru\/wp-json\/wp\/v2\/product"}],"about":[{"href":"https:\/\/tuzlahortum.com.tr\/ru\/wp-json\/wp\/v2\/types\/product"}],"replies":[{"embeddable":true,"href":"https:\/\/tuzlahortum.com.tr\/ru\/wp-json\/wp\/v2\/comments?post=633"}],"wp:featuredmedia":[{"embeddable":true,"href":"https:\/\/tuzlahortum.com.tr\/ru\/wp-json\/wp\/v2\/media\/2625"}],"wp:attachment":[{"href":"https:\/\/tuzlahortum.com.tr\/ru\/wp-json\/wp\/v2\/media?parent=633"}],"wp:term":[{"taxonomy":"product_brand","embeddable":true,"href":"https:\/\/tuzlahortum.com.tr\/ru\/wp-json\/wp\/v2\/product_brand?post=633"},{"taxonomy":"product_cat","embeddable":true,"href":"https:\/\/tuzlahortum.com.tr\/ru\/wp-json\/wp\/v2\/product_cat?post=633"},{"taxonomy":"product_tag","embeddable":true,"href":"https:\/\/tuzlahortum.com.tr\/ru\/wp-json\/wp\/v2\/product_tag?post=633"}],"curies":[{"name":"wp","href":"https:\/\/api.w.org\/{rel}","templated":true}]}}