{"id":626,"date":"2019-02-06T23:46:50","date_gmt":"2019-02-06T20:46:50","guid":{"rendered":"http:\/\/hortum.com.tr\/product\/import-placeholder-for-473\/"},"modified":"2024-03-21T17:44:44","modified_gmt":"2024-03-21T14:44:44","slug":"trelleborg-pluton-20-blue","status":"publish","type":"product","link":"https:\/\/tuzlahortum.com.tr\/ru\/product\/trelleborg-pluton-20-blue\/","title":{"rendered":"\u0422\u0440\u0435\u043b\u043b\u0435\u0431\u043e\u0440\u0433 \u041f\u041b\u0423\u0422\u041e\u041d 20 \u0421\u0418\u041d\u0418\u0419"},"content":{"rendered":"<h2>\u0422\u0440\u0435\u043b\u043b\u0435\u0431\u043e\u0440\u0433 \u041f\u041b\u0423\u0422\u041e\u041d 20 \u0421\u0418\u041d\u0418\u0419<\/h2>\n<p>\u0433\u0430\u0437 \u0438 \u0441\u0432\u0430\u0440\u043a\u0430<\/p>\n<p>\u0420\u0435\u0437\u0438\u043d\u043e\u0432\u044b\u0439 \u0448\u043b\u0430\u043d\u0433, \u0438\u0441\u043f\u043e\u043b\u044c\u0437\u0443\u0435\u043c\u044b\u0439 \u0434\u043b\u044f \u043f\u043e\u0434\u0430\u0447\u0438 \u043a\u0438\u0441\u043b\u043e\u0440\u043e\u0434\u0430 \u043f\u0440\u0438 \u0441\u0432\u0430\u0440\u043a\u0435.<\/p>\n<p>\u041f\u0440\u0435\u0438\u043c\u0443\u0449\u0435\u0441\u0442\u0432\u0430<\/p>\n<p>* \u041c\u0430\u043b\u044b\u0439 \u0432\u0435\u0441 \u043e\u0431\u0435\u0441\u043f\u0435\u0447\u0438\u0432\u0430\u0435\u0442 \u0433\u0438\u0431\u043a\u043e\u0441\u0442\u044c \u0438 \u0443\u0434\u043e\u0431\u0441\u0442\u0432\u043e \u0442\u0440\u0430\u043d\u0441\u043f\u043e\u0440\u0442\u0438\u0440\u043e\u0432\u043a\u0438.<\/p>\n<p>*\u0414\u043b\u0438\u0442\u0435\u043b\u044c\u043d\u044b\u0439 \u0438 \u0431\u0435\u0437\u043e\u043f\u0430\u0441\u043d\u044b\u0439 \u0441\u0440\u043e\u043a \u0441\u043b\u0443\u0436\u0431\u044b.<\/p>\n<p>*\u041e\u0441\u043e\u0431\u0435\u043d\u043d\u043e \u043f\u043e\u043a\u0440\u044b\u0442\u0438\u0435 \u0443\u0441\u0442\u043e\u0439\u0447\u0438\u0432\u043e \u043a \u0430\u0442\u043c\u043e\u0441\u0444\u0435\u0440\u043d\u044b\u043c \u0432\u043e\u0437\u0434\u0435\u0439\u0441\u0442\u0432\u0438\u044f\u043c (\u043e\u0437\u043e\u043d \u0438 \u0436\u0430\u0440\u043a\u0438\u0435 \u0440\u0435\u0433\u0438\u043e\u043d\u044b).<\/p>\n<p>*\u041e\u0433\u043d\u0435\u0441\u0442\u043e\u0439\u043a\u043e\u0441\u0442\u044c \u0432 \u0441\u043b\u0443\u0447\u0430\u0435 \u0432\u043e\u0441\u043f\u043e\u043c\u0438\u043d\u0430\u043d\u0438\u0439.<\/p>\n<p>*\u041e\u0447\u0435\u043d\u044c \u043f\u0440\u043e\u0447\u043d\u043e\u0435 \u0442\u0435\u043a\u0441\u0442\u0438\u043b\u044c\u043d\u043e\u0435 \u0430\u0440\u043c\u0438\u0440\u043e\u0432\u0430\u043d\u0438\u0435, \u043e\u0431\u0435\u0441\u043f\u0435\u0447\u0438\u0432\u0430\u044e\u0449\u0435\u0435 \u0432\u044b\u0441\u043e\u043a\u0438\u0439 \u043a\u043e\u044d\u0444\u0444\u0438\u0446\u0438\u0435\u043d\u0442 \u0431\u0435\u0437\u043e\u043f\u0430\u0441\u043d\u043e\u0441\u0442\u0438.<\/p>\n<p>*\u0427\u0435\u0442\u043a\u0430\u044f \u043c\u0430\u0440\u043a\u0438\u0440\u043e\u0432\u043a\u0430, \u043f\u043e\u043a\u0430\u0437\u044b\u0432\u0430\u044e\u0449\u0430\u044f \u0441\u0438\u043c\u0432\u043e\u043b \u0433\u0430\u0437\u0430 \u0438 \u0434\u0430\u0442\u0443 \u043f\u0440\u043e\u0438\u0437\u0432\u043e\u0434\u0441\u0442\u0432\u0430.<\/p>\n<p>\u0422\u0435\u0445\u043d\u0438\u0447\u0435\u0441\u043a\u043e\u0435 \u043e\u043f\u0438\u0441\u0430\u043d\u0438\u0435<\/p>\n<p>\u0412\u043d\u0443\u0442\u0440\u0435\u043d\u043d\u044f\u044f \u0442\u0440\u0443\u0431\u043a\u0430: SBR\/NR, \u0447\u0435\u0440\u043d\u0430\u044f, \u0433\u043b\u0430\u0434\u043a\u0430\u044f.<\/p>\n<p>\u0410\u0440\u043c\u0438\u0440\u043e\u0432\u0430\u043d\u0438\u0435: \u0441\u0438\u043d\u0442\u0435\u0442\u0438\u0447\u0435\u0441\u043a\u0438\u0439 \u0442\u0435\u043a\u0441\u0442\u0438\u043b\u044c.<\/p>\n<p>\u041f\u043e\u043a\u0440\u044b\u0442\u0438\u0435: EPDM, \u0441\u0438\u043d\u0435\u0435, \u0433\u043b\u0430\u0434\u043a\u043e\u0435.<\/p>\n<p>\u0414\u0438\u0430\u043f\u0430\u0437\u043e\u043d \u0442\u0435\u043c\u043f\u0435\u0440\u0430\u0442\u0443\u0440: \u043e\u0442 -30\u00b0C \u0434\u043e +80\u00b0C.<\/p>\n<p>\u0421\u0442\u0430\u043d\u0434\u0430\u0440\u0442\/\u041e\u0434\u043e\u0431\u0440\u0435\u043d\u0438\u0435:<\/p>\n<p>\u042d\u041d 559, \u0418\u0421\u041e 3821.<\/p>\n<div class=\"video video-fit mb\" style=\"padding-top:56.25%;\"><p><iframe loading=\"lazy\" title=\"\u041f\u0443\u0442\u0430\u043d\u0438\u0446\u0430 \u0432 \u0438\u0437\u043c\u0435\u0440\u0435\u043d\u0438\u044f\u0445 (\u0434\u044e\u0439\u043c\u044b, \u043f\u0430\u043b\u044c\u0446\u044b, \u0434\u044b\u043c\u043a\u0430, \u043c\u0438\u043b\u043b\u0438\u043c\u0435\u0442\u0440\u044b)\" width=\"1020\" height=\"574\" src=\"https:\/\/www.youtube.com\/embed\/uKk6AG_AZls?feature=oembed\" frameborder=\"0\" allow=\"accelerometer; autoplay; clipboard-write; encrypted-media; gyroscope; picture-in-picture; web-share\" referrerpolicy=\"strict-origin-when-cross-origin\" allowfullscreen><\/iframe><\/p>\n<\/div>\n<p><img data-recalc-dims=\"1\" loading=\"lazy\" decoding=\"async\" class=\"alignnone size-medium wp-image-2143\" src=\"https:\/\/i0.wp.com\/hortum.com.tr\/wp-content\/uploads\/urunler\/trelleborg\/TRELLEBORG-PLUTON-20-BLUE-800x128.jpg?resize=800%2C128\" alt=\"\" width=\"800\" height=\"128\" title=\"\" srcset=\"https:\/\/i0.wp.com\/tuzlahortum.com.tr\/wp-content\/uploads\/urunler\/trelleborg\/TRELLEBORG-PLUTON-20-BLUE.jpg?resize=800%2C128&amp;ssl=1 800w, https:\/\/i0.wp.com\/tuzlahortum.com.tr\/wp-content\/uploads\/urunler\/trelleborg\/TRELLEBORG-PLUTON-20-BLUE.jpg?resize=768%2C122&amp;ssl=1 768w, https:\/\/i0.wp.com\/tuzlahortum.com.tr\/wp-content\/uploads\/urunler\/trelleborg\/TRELLEBORG-PLUTON-20-BLUE.jpg?resize=600%2C96&amp;ssl=1 600w, https:\/\/i0.wp.com\/tuzlahortum.com.tr\/wp-content\/uploads\/urunler\/trelleborg\/TRELLEBORG-PLUTON-20-BLUE.jpg?w=922&amp;ssl=1 922w\" sizes=\"auto, (max-width: 800px) 100vw, 800px\" \/><\/p>","protected":false},"excerpt":{"rendered":"<p>Trelleborg PLUTON 20 BLUE Gaz ve kaynak Kaynak uygulamas\u0131nda oksijen beslemesinde kullan\u0131lan kau\u00e7uk hortum. Avantajlar *Esnek ve kolay ta\u015f\u0131ma sa\u011flayan d\u00fc\u015f\u00fck a\u011f\u0131rl\u0131k. *Uzun, g\u00fcvenli hizmet \u00f6mr\u00fc. *\u00d6zellikle kaplama atmosfer ko\u015fullar\u0131na kar\u015f\u0131 dayan\u0131kl\u0131d\u0131r (ozon ve s\u0131cak b\u00f6lgeler). *Alev tepmesi durumunda alev dayan\u0131m\u0131. *Y\u00fcksek emniyet katsay\u0131s\u0131 kazand\u0131ran olduk\u00e7a g\u00fc\u00e7l\u00fc tekstil takviye. *Gaz sembol\u00fc ve \u00fcretim tarihini g\u00f6steren [&#8230;]\n","protected":false},"featured_media":2664,"comment_status":"open","ping_status":"closed","template":"","meta":{"jetpack_post_was_ever_published":false},"product_brand":[],"product_cat":[177],"product_tag":[294,338,290,518,516,517],"class_list":{"0":"post-626","1":"product","2":"type-product","3":"status-publish","4":"has-post-thumbnail","6":"product_cat-gaz-ve-kaynak-hortumlari","7":"product_tag-dayanikli","8":"product_tag-gaz","9":"product_tag-hortum","10":"product_tag-kaucuk","11":"product_tag-kaynak","12":"product_tag-oksijen","14":"first","15":"instock","16":"taxable","17":"shipping-taxable","18":"product-type-variable"},"jetpack-related-posts":[],"jetpack_sharing_enabled":true,"jetpack_likes_enabled":true,"_links":{"self":[{"href":"https:\/\/tuzlahortum.com.tr\/ru\/wp-json\/wp\/v2\/product\/626","targetHints":{"allow":["GET"]}}],"collection":[{"href":"https:\/\/tuzlahortum.com.tr\/ru\/wp-json\/wp\/v2\/product"}],"about":[{"href":"https:\/\/tuzlahortum.com.tr\/ru\/wp-json\/wp\/v2\/types\/product"}],"replies":[{"embeddable":true,"href":"https:\/\/tuzlahortum.com.tr\/ru\/wp-json\/wp\/v2\/comments?post=626"}],"wp:featuredmedia":[{"embeddable":true,"href":"https:\/\/tuzlahortum.com.tr\/ru\/wp-json\/wp\/v2\/media\/2664"}],"wp:attachment":[{"href":"https:\/\/tuzlahortum.com.tr\/ru\/wp-json\/wp\/v2\/media?parent=626"}],"wp:term":[{"taxonomy":"product_brand","embeddable":true,"href":"https:\/\/tuzlahortum.com.tr\/ru\/wp-json\/wp\/v2\/product_brand?post=626"},{"taxonomy":"product_cat","embeddable":true,"href":"https:\/\/tuzlahortum.com.tr\/ru\/wp-json\/wp\/v2\/product_cat?post=626"},{"taxonomy":"product_tag","embeddable":true,"href":"https:\/\/tuzlahortum.com.tr\/ru\/wp-json\/wp\/v2\/product_tag?post=626"}],"curies":[{"name":"wp","href":"https:\/\/api.w.org\/{rel}","templated":true}]}}