{"id":623,"date":"2019-02-06T23:46:50","date_gmt":"2019-02-06T20:46:50","guid":{"rendered":"http:\/\/hortum.com.tr\/product\/import-placeholder-for-253\/"},"modified":"2024-03-21T17:44:45","modified_gmt":"2024-03-21T14:44:45","slug":"ts-41","status":"publish","type":"product","link":"https:\/\/tuzlahortum.com.tr\/ru\/product\/ts-41\/","title":{"rendered":"\u0422\u0421 41"},"content":{"rendered":"<h2>\u0422\u0421 41<\/h2>\n<div>\u041c\u0410\u0422\u0415\u0420\u0418\u0410\u041b:<\/div>\n<div>\u0422\u043a\u0430\u043d\u0435\u0432\u0430\u044f \u0441\u0442\u0435\u043d\u043a\u0430: \u0441\u0442\u0435\u043a\u043b\u043e\u0442\u043a\u0430\u043d\u044c \u0441 \u0441\u0438\u043b\u0438\u043a\u043e\u043d\u043e\u0432\u044b\u043c \u043f\u043e\u043a\u0440\u044b\u0442\u0438\u0435\u043c, \u0434\u0432\u0443\u0445\u0441\u043b\u043e\u0439\u043d\u0430\u044f.<\/div>\n<div>\u2022 \u0421\u0442\u0430\u043d\u0434\u0430\u0440\u0442\u043d\u0430\u044f \u0434\u043b\u0438\u043d\u0430: 4 \u043c\u0435\u0442\u0440\u0430.<\/div>\n<div>\u2022 \u0426\u0432\u0435\u0442: \u043a\u0440\u0430\u0441\u043d\u044b\u0439<\/div>\n<div>\u0412\u043d\u0435\u0448\u043d\u044f\u044f \u0441\u043f\u0438\u0440\u0430\u043b\u044c: \u0441\u043f\u0438\u0440\u0430\u043b\u044c\u043d\u0430\u044f \u0441\u0442\u0430\u043b\u044c\u043d\u0430\u044f \u043f\u0440\u043e\u0432\u043e\u043b\u043e\u043a\u0430.<\/div>\n<div><\/div>\n<div><div class=\"video video-fit mb\" style=\"padding-top:56.25%;\"><p><iframe loading=\"lazy\" title=\"\u041f\u0443\u0442\u0430\u043d\u0438\u0446\u0430 \u0432 \u0438\u0437\u043c\u0435\u0440\u0435\u043d\u0438\u044f\u0445 (\u0434\u044e\u0439\u043c\u044b, \u043f\u0430\u043b\u044c\u0446\u044b, \u0434\u044b\u043c\u043a\u0430, \u043c\u0438\u043b\u043b\u0438\u043c\u0435\u0442\u0440\u044b)\" width=\"1020\" height=\"574\" src=\"https:\/\/www.youtube.com\/embed\/uKk6AG_AZls?feature=oembed\" frameborder=\"0\" allow=\"accelerometer; autoplay; clipboard-write; encrypted-media; gyroscope; picture-in-picture; web-share\" referrerpolicy=\"strict-origin-when-cross-origin\" allowfullscreen><\/iframe><\/p>\n<\/div><\/div>\n<div><\/div>\n<div>\u041f\u0420\u0418\u041b\u041e\u0416\u0415\u041d\u0418\u042f:<\/div>\n<div>\u2022 \u041d\u0430 \u0432\u0435\u0440\u0444\u044f\u0445<\/div>\n<div>\u2022 \u0413\u043e\u0440\u044f\u0447\u0438\u0435 \u043c\u0430\u0442\u0435\u0440\u0438\u0430\u043b\u044b, \u0441\u043e\u0434\u0435\u0440\u0436\u0430\u0449\u0438\u0435 \u0433\u0430\u0437\u043e\u043e\u0431\u0440\u0430\u0437\u043d\u044b\u0435 \u0436\u0438\u0434\u043a\u043e\u0441\u0442\u0438<\/div>\n<div>\u0432 \u0442\u0440\u0430\u043d\u0441\u043f\u043e\u0440\u0442\u0435<\/div>\n<div>\u2022 \u0412 \u0430\u0432\u0442\u043e\u043c\u043e\u0431\u0438\u043b\u0435\u0441\u0442\u0440\u043e\u0435\u043d\u0438\u0438<\/div>\n<div>\u2022 \u0428\u043b\u0430\u043d\u0433 \u043f\u043e\u0434\u0430\u0447\u0438 \u0433\u043e\u0440\u044f\u0447\u0435\u0433\u043e \u0432\u043e\u0437\u0434\u0443\u0445\u0430 \u0434\u043b\u044f \u0441\u0443\u0448\u0438\u043b\u043e\u043a \u0433\u0440\u0430\u043d\u0443\u043b<\/div>\n<div>\u2022 \u0412 \u043f\u043b\u0430\u0441\u0442\u043c\u0430\u0441\u0441\u043e\u0432\u043e\u0439 \u043f\u0440\u043e\u043c\u044b\u0448\u043b\u0435\u043d\u043d\u043e\u0441\u0442\u0438<\/div>\n<div>\u2022 \u0412 \u0430\u0432\u0438\u0430\u0441\u0442\u0440\u043e\u0435\u043d\u0438\u0438<\/div>\n<div>\u2022 \u041e\u0431\u0449\u0435\u0435 \u043c\u0430\u0448\u0438\u043d\u043e\u0441\u0442\u0440\u043e\u0435\u043d\u0438\u0435 \u0438 \u0434\u0432\u0438\u0433\u0430\u0442\u0435\u043b\u0435\u0441\u0442\u0440\u043e\u0435\u043d\u0438\u0435<\/div>\n<div>\u0424\u0423\u041d\u041a\u0426\u0418\u0418:<\/div>\n<div>\u2022 \u0427\u0440\u0435\u0437\u0432\u044b\u0447\u0430\u0439\u043d\u043e \u0433\u0438\u0431\u043a\u0438\u0439<\/div>\n<div>\u2022 \u0421\u0432\u0435\u0442<\/div>\n<div>\u2022 \u0421\u0442\u0430\u0431\u0438\u043b\u044c\u043d\u0430\u044f \u0432\u0443\u043b\u043a\u0430\u043d\u0438\u0437\u0438\u0440\u043e\u0432\u0430\u043d\u043d\u0430\u044f \u0441\u0442\u0435\u043d\u043a\u0430 \u0448\u043b\u0430\u043d\u0433\u0430 \u0438 \u0441\u0442\u0430\u043b\u044c\u043d\u0430\u044f \u0441\u043f\u0438\u0440\u0430\u043b\u044c.<\/div>\n<div>\u2022 \u0421\u043f\u043e\u0441\u043e\u0431\u043d\u043e\u0441\u0442\u044c \u0432\u044b\u043f\u0440\u044f\u043c\u043b\u044f\u0442\u044c\u0441\u044f \u043f\u0440\u0438 \u043e\u0442\u043f\u0443\u0441\u043a\u0430\u043d\u0438\u0438<\/div>\n<div>\u2022 \u0412\u043d\u0443\u0442\u0440\u0435\u043d\u043d\u044f\u044f \u043f\u043e\u0432\u0435\u0440\u0445\u043d\u043e\u0441\u0442\u044c \u0433\u043b\u0430\u0434\u043a\u0430\u044f<\/div>\n<div>\u2022 \u041d\u0438\u0437\u043a\u0438\u0439 \u0440\u0430\u0434\u0438\u0443\u0441 \u0438\u0437\u0433\u0438\u0431\u0430<\/div>\n<div>\u2022 \u0425\u043e\u0440\u043e\u0448\u0430\u044f \u0445\u0438\u043c\u0438\u0447\u0435\u0441\u043a\u0430\u044f \u0441\u0442\u043e\u0439\u043a\u043e\u0441\u0442\u044c<\/div>\n<div>\u2022 \u0421\u0438\u043c\u043c\u0435\u0442\u0440\u0438\u0447\u043d\u044b\u0439 \u0438\u0437\u0433\u0438\u0431<\/div>\n<div>\u2022 \u0411\u0435\u0437 \u0433\u0430\u043b\u043e\u0433\u0435\u043d\u043e\u0432<\/div>","protected":false},"excerpt":{"rendered":"<p>TS 41 MATERYAL: Kuma\u015f Duvar\u0131 : Silikon kapl\u0131 Cam elyaf kuma\u015f, \u00e7ift katl\u0131 \u2022 Standart Uzunluk : 4 mt. \u2022 Renk : K\u0131rm\u0131z\u0131 D\u0131\u015f Spiral : Helisel \u00e7elik tel UYGULAMALAR: \u2022 Tersanelerde \u2022 Gaz ak\u0131\u015fkan ihtiva eden s\u0131cak materyallerin ta\u015f\u0131nmas\u0131nda \u2022 Ta\u015f\u0131t yap\u0131m\u0131nda \u2022 Gran\u00fcl kurutucular i\u00e7in s\u0131cak hava ta\u015f\u0131ma hortumu \u2022 Plastik sanayinde \u2022 [&#8230;]\n","protected":false},"featured_media":6355,"comment_status":"open","ping_status":"closed","template":"","meta":{"jetpack_post_was_ever_published":false},"product_brand":[],"product_cat":[143,145,146],"product_tag":[514,492,498,513,506,512,502,504,501],"class_list":{"0":"post-623","1":"product","2":"type-product","3":"status-publish","4":"has-post-thumbnail","6":"product_cat-havacilik-endustrisi-hortumlari","7":"product_cat-isiya-dayanikli-hortumlar","8":"product_cat-kimyasal-hortumlar","9":"product_tag-halojensiz","10":"product_tag-helisel-celik-dis-spiral","11":"product_tag-isiya-dayanikli","12":"product_tag-kirmizi","13":"product_tag-plastik-sanayinde","14":"product_tag-slikon-kapli-cam-elyaf-kumas","15":"product_tag-tasit-yapiminda","16":"product_tag-tersanelerde","17":"product_tag-ucak-yapiminda","19":"first","20":"instock","21":"taxable","22":"shipping-taxable","23":"product-type-variable"},"jetpack-related-posts":[],"jetpack_sharing_enabled":true,"jetpack_likes_enabled":true,"_links":{"self":[{"href":"https:\/\/tuzlahortum.com.tr\/ru\/wp-json\/wp\/v2\/product\/623","targetHints":{"allow":["GET"]}}],"collection":[{"href":"https:\/\/tuzlahortum.com.tr\/ru\/wp-json\/wp\/v2\/product"}],"about":[{"href":"https:\/\/tuzlahortum.com.tr\/ru\/wp-json\/wp\/v2\/types\/product"}],"replies":[{"embeddable":true,"href":"https:\/\/tuzlahortum.com.tr\/ru\/wp-json\/wp\/v2\/comments?post=623"}],"wp:featuredmedia":[{"embeddable":true,"href":"https:\/\/tuzlahortum.com.tr\/ru\/wp-json\/wp\/v2\/media\/6355"}],"wp:attachment":[{"href":"https:\/\/tuzlahortum.com.tr\/ru\/wp-json\/wp\/v2\/media?parent=623"}],"wp:term":[{"taxonomy":"product_brand","embeddable":true,"href":"https:\/\/tuzlahortum.com.tr\/ru\/wp-json\/wp\/v2\/product_brand?post=623"},{"taxonomy":"product_cat","embeddable":true,"href":"https:\/\/tuzlahortum.com.tr\/ru\/wp-json\/wp\/v2\/product_cat?post=623"},{"taxonomy":"product_tag","embeddable":true,"href":"https:\/\/tuzlahortum.com.tr\/ru\/wp-json\/wp\/v2\/product_tag?post=623"}],"curies":[{"name":"wp","href":"https:\/\/api.w.org\/{rel}","templated":true}]}}