{"id":616,"date":"2019-02-06T23:46:48","date_gmt":"2019-02-06T20:46:48","guid":{"rendered":"http:\/\/hortum.com.tr\/product\/import-placeholder-for-242\/"},"modified":"2024-03-21T17:44:49","modified_gmt":"2024-03-21T14:44:49","slug":"tc-02as","status":"publish","type":"product","link":"https:\/\/tuzlahortum.com.tr\/ru\/product\/tc-02as\/","title":{"rendered":"\u0422\u041a 02\u0410\u0421"},"content":{"rendered":"<h2>\u0422\u041a 02\u0410\u0421<\/h2>\n<p>\u041c\u0410\u0422\u0415\u0420\u0418\u0410\u041b:<br \/>\n\u0422\u043a\u0430\u043d\u0435\u0432\u0430\u044f \u0441\u0442\u0435\u043d\u0430: \u0430\u043d\u0442\u0438\u0441\u0442\u0430\u0442\u0438\u0447\u0435\u0441\u043a\u0430\u044f \u2264 10^8\u041e\u043c<br \/>\n\u2022 \u0412\u0435\u0441: 570 \u0433\/\u043c2.<br \/>\n\u0414\u0418\u041d \u0415\u041d \u0418\u0421\u041e 2286-2<br \/>\n\u2022 \u041f\u0440\u0435\u0434\u0435\u043b \u043f\u0440\u043e\u0447\u043d\u043e\u0441\u0442\u0438: 2200\/2200 \u041d\/5 \u0441\u043c.<br \/>\n\u2022 \u041f\u0440\u043e\u0447\u043d\u043e\u0441\u0442\u044c \u043d\u0430 \u0440\u0430\u0437\u0440\u044b\u0432: 310\/350 \u041d<br \/>\n\u2022 \u0422\u043e\u043b\u0449\u0438\u043d\u0430 \u0448\u0432\u0430: 0,55 \u043c\u043c.<br \/>\n\u2022 \u0426\u0432\u0435\u0442: \u0447\u0435\u0440\u043d\u044b\u0439<br \/>\n\u0412\u043d\u0435\u0448\u043d\u044f\u044f \u0441\u043f\u0438\u0440\u0430\u043b\u044c: \u043e\u0446\u0438\u043d\u043a\u043e\u0432\u0430\u043d\u043d\u0430\u044f \u0441\u0442\u0430\u043b\u044c<\/p>\n<div class=\"video video-fit mb\" style=\"padding-top:56.25%;\"><p><iframe loading=\"lazy\" title=\"\u041f\u0443\u0442\u0430\u043d\u0438\u0446\u0430 \u0432 \u0438\u0437\u043c\u0435\u0440\u0435\u043d\u0438\u044f\u0445 (\u0434\u044e\u0439\u043c\u044b, \u043f\u0430\u043b\u044c\u0446\u044b, \u0434\u044b\u043c\u043a\u0430, \u043c\u0438\u043b\u043b\u0438\u043c\u0435\u0442\u0440\u044b)\" width=\"1020\" height=\"574\" src=\"https:\/\/www.youtube.com\/embed\/uKk6AG_AZls?feature=oembed\" frameborder=\"0\" allow=\"accelerometer; autoplay; clipboard-write; encrypted-media; gyroscope; picture-in-picture; web-share\" referrerpolicy=\"strict-origin-when-cross-origin\" allowfullscreen><\/iframe><\/p>\n<\/div>\n<p>\u041f\u0420\u0418\u041b\u041e\u0416\u0415\u041d\u0418\u042f:<br \/>\n\u2022 \u041f\u0440\u0438 \u0443\u0434\u0430\u043b\u0435\u043d\u0438\u0438 \u0432\u0430\u043a\u0443\u0443\u043c\u0430 \u0438 \u0432\u043e\u0437\u0434\u0443\u0445\u0430<br \/>\n\u2022 \u041a\u043e\u043d\u0434\u0438\u0446\u0438\u043e\u043d\u0435\u0440 \u0438 \u0432\u0435\u043d\u0442\u0438\u043b\u044f\u0446\u0438\u044f.<br \/>\n\u2022 \u0412 \u0441\u0438\u0441\u0442\u0435\u043c\u0430\u0445 \u043d\u0438\u0437\u043a\u043e\u0433\u043e \u0434\u0430\u0432\u043b\u0435\u043d\u0438\u044f<br \/>\n\u2022 \u041f\u0440\u0438 \u043f\u0435\u0440\u0435\u0434\u0430\u0447\u0435 \u0432\u044b\u0445\u043b\u043e\u043f\u043d\u044b\u0445 \u0433\u0430\u0437\u043e\u0432<br \/>\n\u2022 \u0412 \u043c\u0435\u0441\u0442\u0430\u0445, \u0433\u0434\u0435 \u0442\u0440\u0435\u0431\u0443\u044e\u0442\u0441\u044f \u0432\u044b\u0441\u043e\u043a\u0438\u0435 \u0443\u0441\u043b\u043e\u0432\u0438\u044f \u0431\u0435\u0437\u043e\u043f\u0430\u0441\u043d\u043e\u0441\u0442\u0438<br \/>\n\u0424\u0423\u041d\u041a\u0426\u0418\u0418:<br \/>\n\u2022 \u041f\u0440\u043e\u0447\u043d\u044b\u0439<br \/>\n\u2022 \u041d\u0438\u0437\u043a\u0438\u0439 \u0440\u0430\u0434\u0438\u0443\u0441 \u0438\u0437\u0433\u0438\u0431\u0430<br \/>\n\u2022 \u0410\u043d\u0442\u0438\u0441\u0442\u0430\u0442\u0438\u0447\u0435\u0441\u043a\u0438\u0439 \u2264 10<br \/>\n8 \u041e\u043c<br \/>\n\u2022 \u0427\u0440\u0435\u0437\u0432\u044b\u0447\u0430\u0439\u043d\u043e \u0433\u0438\u0431\u043a\u0438\u0439<br \/>\n\u2022 \u0423\u0441\u0442\u043e\u0439\u0447\u0438\u0432 \u043a \u043c\u0435\u0445\u0430\u043d\u0438\u0447\u0435\u0441\u043a\u0438\u043c \u0432\u043e\u0437\u0434\u0435\u0439\u0441\u0442\u0432\u0438\u044f\u043c \u0438 \u0440\u0430\u0437\u0440\u044b\u0432\u0430\u043c.<br \/>\n\u2022 \u0421\u043f\u0435\u0446\u0438\u0430\u043b\u044c\u043d\u044b\u0439 \u043c\u0435\u0442\u043e\u0434 \u0441\u043e\u0435\u0434\u0438\u043d\u0435\u043d\u0438\u044f \u0433\u0430\u0440\u0430\u043d\u0442\u0438\u0440\u0443\u0435\u0442, \u0447\u0442\u043e \u0448\u043b\u0430\u043d\u0433 \u0438\u043c\u0435\u0435\u0442 \u0441\u043f\u0438\u0440\u0430\u043b\u044c\u043d\u0443\u044e \u0444\u043e\u0440\u043c\u0443 \u0438<br \/>\n\u043d\u0430\u0434\u0435\u0436\u043d\u043e \u0441\u043a\u0440\u0435\u043f\u0438\u0442\u0435 \u0442\u043a\u0430\u043d\u044c \u0432\u043c\u0435\u0441\u0442\u0435<br \/>\n\u042d\u0442\u043e \u0433\u0430\u0440\u0430\u043d\u0442\u0438\u0440\u0443\u0435\u0442 \u0431\u043b\u043e\u043a\u0438\u0440\u043e\u0432\u043a\u0443.<br \/>\n\u2022 \u0421\u0432\u0435\u0442<br \/>\n\u2022 \u041c\u043e\u0436\u0435\u0442 \u0431\u044b\u0442\u044c \u0441\u0436\u0430\u0442\u043e \u0434\u043e \u0441\u043e\u043e\u0442\u043d\u043e\u0448\u0435\u043d\u0438\u044f 1:6.<br \/>\n\u2022 \u0412\u043d\u0435\u0448\u043d\u044f\u044f \u0441\u043f\u0438\u0440\u0430\u043b\u044c \u0437\u0430\u0449\u0438\u0449\u0430\u0435\u0442 \u043e\u0442 \u0438\u0437\u043d\u043e\u0441\u0430.<\/p>","protected":false},"excerpt":{"rendered":"<p>TC 02AS MATERYAL: Kuma\u015f Duvar : Antistatik \u2264 10^8Ohm \u2022 A\u011f\u0131rl\u0131k : 570 gr\/m2 DIN EN ISO 2286-2 \u2022 \u00c7ekme Dayan\u0131m\u0131 : 2200 \/ 2200 N\/5 cm \u2022 Y\u0131rt\u0131lma Dayan\u0131m\u0131 : 310 \/ 350 N \u2022 Ek Kal\u0131nl\u0131\u011f\u0131 : 0,55 mm \u2022 Renk : Siyah D\u0131\u015f Spiral : Galvaniz \u00c7elik UYGULAMALAR: \u2022 Vakum ve havan\u0131n [&#8230;]\n","protected":false},"featured_media":6341,"comment_status":"open","ping_status":"closed","template":"","meta":{"jetpack_post_was_ever_published":false},"product_brand":[],"product_cat":[143,144,151],"product_tag":[483,481,482,454],"class_list":{"0":"post-616","1":"product","2":"type-product","3":"status-publish","4":"has-post-thumbnail","6":"product_cat-havacilik-endustrisi-hortumlari","7":"product_cat-havalandirma-ve-kaynak-hortumlari","8":"product_cat-tunel-kanali-havalandirma-hortumlari","9":"product_tag-egzos-transferinde","10":"product_tag-galvaniz-celik-dis-spiral","11":"product_tag-klima-ve-havalandirma","12":"product_tag-siyah","14":"first","15":"instock","16":"taxable","17":"shipping-taxable","18":"product-type-variable"},"jetpack-related-posts":[],"jetpack_sharing_enabled":true,"jetpack_likes_enabled":true,"_links":{"self":[{"href":"https:\/\/tuzlahortum.com.tr\/ru\/wp-json\/wp\/v2\/product\/616","targetHints":{"allow":["GET"]}}],"collection":[{"href":"https:\/\/tuzlahortum.com.tr\/ru\/wp-json\/wp\/v2\/product"}],"about":[{"href":"https:\/\/tuzlahortum.com.tr\/ru\/wp-json\/wp\/v2\/types\/product"}],"replies":[{"embeddable":true,"href":"https:\/\/tuzlahortum.com.tr\/ru\/wp-json\/wp\/v2\/comments?post=616"}],"wp:featuredmedia":[{"embeddable":true,"href":"https:\/\/tuzlahortum.com.tr\/ru\/wp-json\/wp\/v2\/media\/6341"}],"wp:attachment":[{"href":"https:\/\/tuzlahortum.com.tr\/ru\/wp-json\/wp\/v2\/media?parent=616"}],"wp:term":[{"taxonomy":"product_brand","embeddable":true,"href":"https:\/\/tuzlahortum.com.tr\/ru\/wp-json\/wp\/v2\/product_brand?post=616"},{"taxonomy":"product_cat","embeddable":true,"href":"https:\/\/tuzlahortum.com.tr\/ru\/wp-json\/wp\/v2\/product_cat?post=616"},{"taxonomy":"product_tag","embeddable":true,"href":"https:\/\/tuzlahortum.com.tr\/ru\/wp-json\/wp\/v2\/product_tag?post=616"}],"curies":[{"name":"wp","href":"https:\/\/api.w.org\/{rel}","templated":true}]}}