{"id":615,"date":"2019-02-06T23:46:48","date_gmt":"2019-02-06T20:46:48","guid":{"rendered":"http:\/\/hortum.com.tr\/product\/import-placeholder-for-240\/"},"modified":"2024-03-21T17:44:50","modified_gmt":"2024-03-21T14:44:50","slug":"tc-02","status":"publish","type":"product","link":"https:\/\/tuzlahortum.com.tr\/ru\/product\/tc-02\/","title":{"rendered":"\u0422\u041a 02"},"content":{"rendered":"<h2>\u0422\u041a 02<\/h2>\n<div>\u041c\u0410\u0422\u0415\u0420\u0418\u0410\u041b:<\/div>\n<div>\u0422\u043a\u0430\u043d\u0435\u0432\u0430\u044f \u0441\u0442\u0435\u043d\u043a\u0430: \u0442\u043a\u0430\u043d\u044c \u0441 \u041f\u0412\u0425-\u043f\u043e\u043a\u0440\u044b\u0442\u0438\u0435\u043c<\/div>\n<div>\u2022 \u0412\u0435\u0441: 630 \u0433\/\u043c2.<\/div>\n<div>\u2022 \u041f\u0440\u0435\u0434\u0435\u043b \u043f\u0440\u043e\u0447\u043d\u043e\u0441\u0442\u0438: \u043e\u0441\u043d\u043e\u0432\u0430 200 \u043a\u0433\u0441, \u0443\u0442\u043e\u043a 200 \u043a\u0433\u0441.<\/div>\n<div>\u2022 \u041f\u0440\u043e\u0447\u043d\u043e\u0441\u0442\u044c \u0442\u043a\u0430\u043d\u0438: \u043e\u0441\u043d\u043e\u0432\u0430 25 \u043a\u0433, \u0443\u0442\u043e\u043a 25 \u043a\u0433.<\/div>\n<div>\u2022 \u0422\u043e\u043b\u0449\u0438\u043d\u0430: 0,55 \u043c\u043c.<\/div>\n<div>\u2022 \u0426\u0432\u0435\u0442: \u0416\u0435\u043b\u0442\u044b\u0439 \u2013 \u0427\u0435\u0440\u043d\u044b\u0439 \u2013 \u0421\u0435\u0440\u044b\u0439 \u2013 \u0417\u0435\u043b\u0435\u043d\u044b\u0439<\/div>\n<div>\u0412\u043d\u0435\u0448\u043d\u044f\u044f \u0441\u043f\u0438\u0440\u0430\u043b\u044c: \u043e\u0446\u0438\u043d\u043a\u043e\u0432\u0430\u043d\u043d\u0430\u044f \u0441\u0442\u0430\u043b\u044c<\/div>\n<div><\/div>\n<div><div class=\"video video-fit mb\" style=\"padding-top:56.25%;\"><p><iframe loading=\"lazy\" title=\"\u041f\u0443\u0442\u0430\u043d\u0438\u0446\u0430 \u0432 \u0438\u0437\u043c\u0435\u0440\u0435\u043d\u0438\u044f\u0445 (\u0434\u044e\u0439\u043c\u044b, \u043f\u0430\u043b\u044c\u0446\u044b, \u0434\u044b\u043c\u043a\u0430, \u043c\u0438\u043b\u043b\u0438\u043c\u0435\u0442\u0440\u044b)\" width=\"1020\" height=\"574\" src=\"https:\/\/www.youtube.com\/embed\/uKk6AG_AZls?feature=oembed\" frameborder=\"0\" allow=\"accelerometer; autoplay; clipboard-write; encrypted-media; gyroscope; picture-in-picture; web-share\" referrerpolicy=\"strict-origin-when-cross-origin\" allowfullscreen><\/iframe><\/p>\n<\/div><\/div>\n<div><\/div>\n<div>\u041f\u0420\u0418\u041b\u041e\u0416\u0415\u041d\u0418\u042f:<\/div>\n<div>\u2022 \u041a\u043e\u043d\u0434\u0438\u0446\u0438\u043e\u043d\u0435\u0440<\/div>\n<div>\u2022 \u0412\u0435\u043d\u0442\u0438\u043b\u044f\u0446\u0438\u044f<\/div>\n<div>\u2022 \u041f\u0440\u0438\u043c\u0435\u043d\u0435\u043d\u0438\u0435 \u0432\u0441\u0430\u0441\u044b\u0432\u0430\u043d\u0438\u044f<\/div>\n<div>\u2022 \u041f\u0440\u0438 \u0432\u0441\u0430\u0441\u044b\u0432\u0430\u043d\u0438\u0438 \u0438 \u043f\u0435\u0440\u0435\u0434\u0430\u0447\u0435 \u0432\u043e\u0437\u0434\u0443\u0445\u0430<\/div>\n<div>\u2022 \u0412\u0435\u043d\u0442\u0438\u043b\u044f\u0446\u0438\u044f\/\u043e\u0442\u043e\u043f\u043b\u0435\u043d\u0438\u0435 \u043f\u0430\u043b\u0430\u0442\u043a\u0438<\/div>\n<div>\u2022 \u0421\u0438\u0441\u0442\u0435\u043c\u044b \u0443\u0434\u0430\u043b\u0435\u043d\u0438\u044f \u0441\u0432\u0430\u0440\u043e\u0447\u043d\u043e\u0433\u043e \u0434\u044b\u043c\u0430<\/div>\n<div>\u2022 \u041f\u0440\u0438\u043c\u0435\u043d\u0435\u043d\u0438\u0435 \u043f\u0440\u0438 \u043d\u0438\u0437\u043a\u043e\u043c \u0434\u0430\u0432\u043b\u0435\u043d\u0438\u0438<\/div>\n<div>\u2022 \u0412\u0435\u043d\u0442\u0438\u043b\u044f\u0446\u0438\u044f \u0430\u0432\u0442\u043e\u043c\u043e\u0431\u0438\u043b\u044f<\/div>\n<div>\u2022 \u041a\u043e\u0440\u0430\u0431\u0435\u043b\u044c\u043d\u0430\u044f \u0432\u0435\u043d\u0442\u0438\u043b\u044f\u0446\u0438\u044f<\/div>\n<div>\u2022 \u0424\u0438\u043b\u044c\u0442\u0440\u044b \u0430\u0441\u0444\u0430\u043b\u044c\u0442\u043e\u0432\u044b\u0445 \u0437\u0430\u0432\u043e\u0434\u043e\u0432<\/div>\n<div>\u2022 \u0412 \u0442\u0438\u043f\u043e\u0433\u0440\u0430\u0444\u0438\u044f\u0445<\/div>\n<div>\u2022 \u0422\u0443\u043d\u043d\u0435\u043b\u044c \u2013 \u0428\u0430\u0445\u0442\u043d\u0430\u044f \u0432\u0435\u043d\u0442\u0438\u043b\u044f\u0446\u0438\u044f<\/div>\n<div>\u0424\u0423\u041d\u041a\u0426\u0418\u0418:<\/div>\n<div>\u2022 \u0423\u0441\u0442\u043e\u0439\u0447\u0438\u0432\u043e\u0441\u0442\u044c \u043a \u043c\u0435\u0445\u0430\u043d\u0438\u0447\u0435\u0441\u043a\u0438\u043c \u043f\u043e\u0432\u0440\u0435\u0436\u0434\u0435\u043d\u0438\u044f\u043c<\/div>\n<div>\u2022  \u0421\u0438\u043b\u044c\u043d\u044b\u0439<\/div>\n<div>\u2022 \u0411\u043e\u043b\u0435\u0435 \u043c\u043e\u0449\u043d\u044b\u0439, \u0447\u0435\u043c TechniConnect 01.<\/div>\n<div>\u043c\u0430\u0442\u0435\u0440\u0438\u0430\u043b\u044c\u043d\u0430\u044f \u0447\u0430\u0441\u0442\u044c<\/div>\n<div>\u2022 \u0412\u044b\u0441\u043e\u043a\u0430\u044f \u0433\u0438\u0431\u043a\u043e\u0441\u0442\u044c, \u0441\u0442\u0435\u043f\u0435\u043d\u044c \u0441\u0436\u0430\u0442\u0438\u044f 1:7.<\/div>\n<div>\u2022 \u0412\u043d\u0435\u0448\u043d\u044f\u044f \u043e\u0446\u0438\u043d\u043a\u043e\u0432\u0430\u043d\u043d\u0430\u044f \u0441\u043f\u0438\u0440\u0430\u043b\u044c, \u0443\u0441\u0442\u043e\u0439\u0447\u0438\u0432\u0430\u044f \u043a \u0438\u0441\u0442\u0438\u0440\u0430\u043d\u0438\u044e.<\/div>\n<div>\u2022 \u0427\u0440\u0435\u0437\u0432\u044b\u0447\u0430\u0439\u043d\u043e \u043d\u0430\u0434\u0435\u0436\u043d\u044b\u0439 \u043c\u0435\u0442\u043e\u0434 \u043f\u0440\u043e\u0438\u0437\u0432\u043e\u0434\u0441\u0442\u0432\u0430.<\/div>","protected":false},"excerpt":{"rendered":"<p>TC 02 MATERYAL: Kuma\u015f Duvar\u0131 : PVC Kapl\u0131 kuma\u015f \u2022 A\u011f\u0131rl\u0131k : 630 gr\/m2 \u2022 \u00c7ekme Dayan\u0131m\u0131 : Warp 200 kg.F, Weft 200 kg.F \u2022 Kuma\u015f Dayan\u0131m\u0131 : Warp 25 kg.F, Weft 25 kg.F \u2022 Kal\u0131nl\u0131k : 0,55 mm \u2022 Renk : Sar\u0131 \u2013 Siyah \u2013 Gri &#8211; Ye\u015fil D\u0131\u015f Spiral : Galvaniz \u00c7elik UYGULAMALAR: [&#8230;]\n","protected":false},"featured_media":6340,"comment_status":"open","ping_status":"closed","template":"","meta":{"jetpack_post_was_ever_published":false},"product_brand":[],"product_cat":[144,146,150,151],"product_tag":[490,489,481,230,369,491,484,465,454,485],"class_list":{"0":"post-615","1":"product","2":"type-product","3":"status-publish","4":"has-post-thumbnail","6":"product_cat-havalandirma-ve-kaynak-hortumlari","7":"product_cat-kimyasal-hortumlar","8":"product_cat-tarim-sektoru-hortumlari","9":"product_cat-tunel-kanali-havalandirma-hortumlari","10":"product_tag-asfalt-plentleri","11":"product_tag-cadir","12":"product_tag-galvaniz-celik-dis-spiral","13":"product_tag-gri","14":"product_tag-havalandirma","15":"product_tag-matbaa","16":"product_tag-pvc-kapli-kumas","17":"product_tag-sari","18":"product_tag-siyah","19":"product_tag-yesil","21":"first","22":"instock","23":"taxable","24":"shipping-taxable","25":"product-type-variable"},"jetpack-related-posts":[{"id":617,"url":"https:\/\/tuzlahortum.com.tr\/ru\/product\/tc-02fr\/","url_meta":{"origin":615,"position":0},"title":"\u0422\u041a 02\u0424\u0420","author":"admin","date":"6 \u0444\u0435\u0432\u0440\u0430\u043b\u044f 2019","format":false,"excerpt":"TC 02FRMATERYAL: Kuma\u015f Duvar\u0131 : PVC Kapl\u0131 kuma\u015f, Alev Y\u00fcr\u00fcmez \u00d6zellikte \u2022 A\u011f\u0131rl\u0131k : 630 gr\/m2 \u2022 \u00c7ekme Dayan\u0131m\u0131 : Warp 200 kg.F, Weft 200 kg.F \u2022 Kuma\u015f Dayan\u0131m\u0131 : Warp 25 kg.F, Weft 25 kg.F \u2022 Kal\u0131nl\u0131k : 0,55 mm \u2022 Renk : Sar\u0131 \u2013 Siyah \u2013 Gri -\u2026","rel":"","context":"\u041f\u043e\u0445\u043e\u0436\u0430\u044f \u0437\u0430\u043f\u0438\u0441\u044c","block_context":{"text":"\u041f\u043e\u0445\u043e\u0436\u0430\u044f \u0437\u0430\u043f\u0438\u0441\u044c","link":""},"img":{"alt_text":"","src":"https:\/\/i0.wp.com\/tuzlahortum.com.tr\/wp-content\/uploads\/2019\/03\/TC-02FR-01FR-TC25.jpg?fit=600%2C450&ssl=1&resize=350%2C200","width":350,"height":200,"srcset":"https:\/\/i0.wp.com\/tuzlahortum.com.tr\/wp-content\/uploads\/2019\/03\/TC-02FR-01FR-TC25.jpg?fit=600%2C450&ssl=1&resize=350%2C200 1x, https:\/\/i0.wp.com\/tuzlahortum.com.tr\/wp-content\/uploads\/2019\/03\/TC-02FR-01FR-TC25.jpg?fit=600%2C450&ssl=1&resize=525%2C300 1.5x"},"classes":[]},{"id":668,"url":"https:\/\/tuzlahortum.com.tr\/ru\/product\/tc-25\/","url_meta":{"origin":615,"position":1},"title":"\u0422\u041a 25","author":"admin","date":"6 \u0444\u0435\u0432\u0440\u0430\u043b\u044f 2019","format":false,"excerpt":"TC 25MATERYAL: Hortum duvar\u0131 : PVC Kapl\u0131 Kuma\u015f \u2022 A\u011f\u0131rl\u0131k : 850 gr\/m2 \u2022 \u00c7ekme dayan\u0131m\u0131 : 320 \/ 300 kg.F \u2022 Y\u0131rt\u0131lma dayan\u0131m\u0131 : 37 \/ 45 kg.F \u2022 Kal\u0131nl\u0131k : 0.65 mm \u2022 Renk : Sar\u0131 - Gri \u2022 Su Ge\u00e7irgenli\u011fi : 2000 mmWG D\u0131\u015f Spiral : Galvaniz\u2026","rel":"","context":"\u041f\u043e\u0445\u043e\u0436\u0430\u044f \u0437\u0430\u043f\u0438\u0441\u044c","block_context":{"text":"\u041f\u043e\u0445\u043e\u0436\u0430\u044f \u0437\u0430\u043f\u0438\u0441\u044c","link":""},"img":{"alt_text":"","src":"https:\/\/i0.wp.com\/tuzlahortum.com.tr\/wp-content\/uploads\/2019\/03\/TC-02FR-01FR-TC25.jpg?fit=600%2C450&ssl=1&resize=350%2C200","width":350,"height":200,"srcset":"https:\/\/i0.wp.com\/tuzlahortum.com.tr\/wp-content\/uploads\/2019\/03\/TC-02FR-01FR-TC25.jpg?fit=600%2C450&ssl=1&resize=350%2C200 1x, https:\/\/i0.wp.com\/tuzlahortum.com.tr\/wp-content\/uploads\/2019\/03\/TC-02FR-01FR-TC25.jpg?fit=600%2C450&ssl=1&resize=525%2C300 1.5x"},"classes":[]},{"id":614,"url":"https:\/\/tuzlahortum.com.tr\/ru\/product\/tc-01fr\/","url_meta":{"origin":615,"position":2},"title":"\u0422\u041a 01\u0424\u0420","author":"admin","date":"6 \u0444\u0435\u0432\u0440\u0430\u043b\u044f 2019","format":false,"excerpt":"TC 01FRMATERYAL: Kuma\u015f Duvar\u0131 : PVC Kapl\u0131 Kuma\u015f, Alev Y\u00fcr\u00fcmez \u00d6zellikte \u2022 A\u011f\u0131rl\u0131k : 430 gr\/m2 \u2022 \u00c7ekme Dayan\u0131m\u0131 : 100\/100 kg.F \u2022 Y\u0131rt\u0131lma Dayan\u0131m\u0131 : 5\/6 kg.F \u2022 Renk : Sar\u0131 - Siyah - Gri D\u0131\u015f Spiral : Galvaniz \u00c7elik UYGULAMALAR: \u2022 Klima \u2022 Havaland\u0131rma \u2022 Emi\u015f uygulamas\u0131 \u2022\u2026","rel":"","context":"\u041f\u043e\u0445\u043e\u0436\u0430\u044f \u0437\u0430\u043f\u0438\u0441\u044c","block_context":{"text":"\u041f\u043e\u0445\u043e\u0436\u0430\u044f \u0437\u0430\u043f\u0438\u0441\u044c","link":""},"img":{"alt_text":"","src":"https:\/\/i0.wp.com\/tuzlahortum.com.tr\/wp-content\/uploads\/2019\/03\/TC-02FR-01FR-TC25.jpg?fit=600%2C450&ssl=1&resize=350%2C200","width":350,"height":200,"srcset":"https:\/\/i0.wp.com\/tuzlahortum.com.tr\/wp-content\/uploads\/2019\/03\/TC-02FR-01FR-TC25.jpg?fit=600%2C450&ssl=1&resize=350%2C200 1x, https:\/\/i0.wp.com\/tuzlahortum.com.tr\/wp-content\/uploads\/2019\/03\/TC-02FR-01FR-TC25.jpg?fit=600%2C450&ssl=1&resize=525%2C300 1.5x"},"classes":[]},{"id":689,"url":"https:\/\/tuzlahortum.com.tr\/ru\/product\/tc-20\/","url_meta":{"origin":615,"position":3},"title":"\u0422\u041a 20","author":"admin","date":"6 \u0444\u0435\u0432\u0440\u0430\u043b\u044f 2019","format":false,"excerpt":"TC 20MATERYAL: Hortum Duvar\u0131 : Silisyum oksit ve poli\u00fcretan kapl\u0131 E-Camelyaf kuma\u015f \u2022 A\u011f\u0131rl\u0131k : 1250 gr\/m2 \u2022 \u00c7ekme dayan\u0131m\u0131 : Warp: 35 daN\/cm, Weft: 25 daN\/cm \u2022 Kal\u0131nl\u0131k : Yakla\u015f\u0131k 2 mm \u2022 Renk : Gri D\u0131\u015f Spiral : Galvaniz veya Cr-Ni \u00e7elik UYGULAMALAR: \u2022 S\u0131cak hava transferi \u2022\u2026","rel":"","context":"\u041f\u043e\u0445\u043e\u0436\u0430\u044f \u0437\u0430\u043f\u0438\u0441\u044c","block_context":{"text":"\u041f\u043e\u0445\u043e\u0436\u0430\u044f \u0437\u0430\u043f\u0438\u0441\u044c","link":""},"img":{"alt_text":"","src":"https:\/\/i0.wp.com\/tuzlahortum.com.tr\/wp-content\/uploads\/2019\/03\/TC-21-20.jpg?fit=600%2C450&ssl=1&resize=350%2C200","width":350,"height":200,"srcset":"https:\/\/i0.wp.com\/tuzlahortum.com.tr\/wp-content\/uploads\/2019\/03\/TC-21-20.jpg?fit=600%2C450&ssl=1&resize=350%2C200 1x, https:\/\/i0.wp.com\/tuzlahortum.com.tr\/wp-content\/uploads\/2019\/03\/TC-21-20.jpg?fit=600%2C450&ssl=1&resize=525%2C300 1.5x"},"classes":[]},{"id":941,"url":"https:\/\/tuzlahortum.com.tr\/ru\/product\/tc-27\/","url_meta":{"origin":615,"position":4},"title":"\u0422\u041a 27","author":"admin","date":"6 \u0444\u0435\u0432\u0440\u0430\u043b\u044f 2019","format":false,"excerpt":"TC 27MATERYAL: Hortum duvar\u0131 : Polietilen Film \u2022 A\u011f\u0131rl\u0131k : 400 gr\/m2 \u2022 \u00c7ekme dayan\u0131m\u0131 : 80 \/ 80 kg.F \u2022 Y\u0131rt\u0131lma dayan\u0131m\u0131 : 5 \/ 6 kg.F \u2022 Kal\u0131nl\u0131k : 0.35 mm \u2022 Renk : Mavi D\u0131\u015f Spiral : Galvaniz \u00c7elik UYGULAMALAR: \u2022 \u00a0Klima \u2022 \u00a0Havaland\u0131rma \u2022 \u00a0Maden havaland\u0131rmas\u0131\u2026","rel":"","context":"\u041f\u043e\u0445\u043e\u0436\u0430\u044f \u0437\u0430\u043f\u0438\u0441\u044c","block_context":{"text":"\u041f\u043e\u0445\u043e\u0436\u0430\u044f \u0437\u0430\u043f\u0438\u0441\u044c","link":""},"img":{"alt_text":"","src":"https:\/\/i0.wp.com\/tuzlahortum.com.tr\/wp-content\/uploads\/2019\/03\/TC-27.jpg?fit=600%2C450&ssl=1&resize=350%2C200","width":350,"height":200,"srcset":"https:\/\/i0.wp.com\/tuzlahortum.com.tr\/wp-content\/uploads\/2019\/03\/TC-27.jpg?fit=600%2C450&ssl=1&resize=350%2C200 1x, https:\/\/i0.wp.com\/tuzlahortum.com.tr\/wp-content\/uploads\/2019\/03\/TC-27.jpg?fit=600%2C450&ssl=1&resize=525%2C300 1.5x"},"classes":[]},{"id":687,"url":"https:\/\/tuzlahortum.com.tr\/ru\/product\/tc-04\/","url_meta":{"origin":615,"position":5},"title":"\u0422\u041a 04","author":"admin","date":"6 \u0444\u0435\u0432\u0440\u0430\u043b\u044f 2019","format":false,"excerpt":"TC 04MATERYAL: Hortum Duvar\u0131 : Silikon kapl\u0131 E-Camelyaf kuma\u015f \u2022 A\u011f\u0131rl\u0131k : 590 gr\/m2 \u2022 \u00c7ek. dayan\u0131m\u0131 : Warp 4277 N\/5cm, Weft 2757 N\/5cm \u2022 Kal\u0131nl\u0131k : 0.45 mm \u2022 Renk : Gri \u2022 Kaplama : \u00c7ift tarafl\u0131 80\/80 gr\/m2 gri silikon \u2022 Alev s\u0131n\u0131f\u0131 : DIN 66083, TNO 3883\u2026","rel":"","context":"\u041f\u043e\u0445\u043e\u0436\u0430\u044f \u0437\u0430\u043f\u0438\u0441\u044c","block_context":{"text":"\u041f\u043e\u0445\u043e\u0436\u0430\u044f \u0437\u0430\u043f\u0438\u0441\u044c","link":""},"img":{"alt_text":"","src":"https:\/\/i0.wp.com\/tuzlahortum.com.tr\/wp-content\/uploads\/2019\/03\/TC-04.jpg?fit=600%2C450&ssl=1&resize=350%2C200","width":350,"height":200,"srcset":"https:\/\/i0.wp.com\/tuzlahortum.com.tr\/wp-content\/uploads\/2019\/03\/TC-04.jpg?fit=600%2C450&ssl=1&resize=350%2C200 1x, https:\/\/i0.wp.com\/tuzlahortum.com.tr\/wp-content\/uploads\/2019\/03\/TC-04.jpg?fit=600%2C450&ssl=1&resize=525%2C300 1.5x"},"classes":[]}],"jetpack_sharing_enabled":true,"jetpack_likes_enabled":true,"_links":{"self":[{"href":"https:\/\/tuzlahortum.com.tr\/ru\/wp-json\/wp\/v2\/product\/615","targetHints":{"allow":["GET"]}}],"collection":[{"href":"https:\/\/tuzlahortum.com.tr\/ru\/wp-json\/wp\/v2\/product"}],"about":[{"href":"https:\/\/tuzlahortum.com.tr\/ru\/wp-json\/wp\/v2\/types\/product"}],"replies":[{"embeddable":true,"href":"https:\/\/tuzlahortum.com.tr\/ru\/wp-json\/wp\/v2\/comments?post=615"}],"wp:featuredmedia":[{"embeddable":true,"href":"https:\/\/tuzlahortum.com.tr\/ru\/wp-json\/wp\/v2\/media\/6340"}],"wp:attachment":[{"href":"https:\/\/tuzlahortum.com.tr\/ru\/wp-json\/wp\/v2\/media?parent=615"}],"wp:term":[{"taxonomy":"product_brand","embeddable":true,"href":"https:\/\/tuzlahortum.com.tr\/ru\/wp-json\/wp\/v2\/product_brand?post=615"},{"taxonomy":"product_cat","embeddable":true,"href":"https:\/\/tuzlahortum.com.tr\/ru\/wp-json\/wp\/v2\/product_cat?post=615"},{"taxonomy":"product_tag","embeddable":true,"href":"https:\/\/tuzlahortum.com.tr\/ru\/wp-json\/wp\/v2\/product_tag?post=615"}],"curies":[{"name":"wp","href":"https:\/\/api.w.org\/{rel}","templated":true}]}}