{"id":597,"date":"2019-02-06T23:46:31","date_gmt":"2019-02-06T20:46:31","guid":{"rendered":"http:\/\/hortum.com.tr\/product\/import-placeholder-for-576\/"},"modified":"2024-03-21T17:45:03","modified_gmt":"2024-03-21T14:45:03","slug":"galvaniz-demir-hortum-rekoru","status":"publish","type":"product","link":"https:\/\/tuzlahortum.com.tr\/ru\/product\/galvaniz-demir-hortum-rekoru\/","title":{"rendered":"\u0417\u0430\u043f\u0438\u0441\u044c \u043e \u0448\u043b\u0430\u043d\u0433\u0435 \u0438\u0437 \u043e\u0446\u0438\u043d\u043a\u043e\u0432\u0430\u043d\u043d\u043e\u0433\u043e \u0436\u0435\u043b\u0435\u0437\u0430"},"content":{"rendered":"<h2>\u0417\u0430\u043f\u0438\u0441\u044c \u043e \u0448\u043b\u0430\u043d\u0433\u0435 \u0438\u0437 \u043e\u0446\u0438\u043d\u043a\u043e\u0432\u0430\u043d\u043d\u043e\u0433\u043e \u0436\u0435\u043b\u0435\u0437\u0430<\/h2>\n<table>\n<tbody>\n<tr>\n<td><\/td>\n<td>\u0420\u0430\u0437\u043c\u0435\u0440 \u043f\u0440\u043e\u0434\u0443\u043a\u0442\u0430<\/td>\n<td>\u041a\u043e\u043b\u0438\u0447\u0435\u0441\u0442\u0432\u043e \u043a\u043e\u0440\u043e\u0431\u043e\u043a<\/td>\n<td><\/td>\n<\/tr>\n<tr>\n<td><\/td>\n<td>1\/2\u2033<\/td>\n<td>100<\/td>\n<td><\/td>\n<\/tr>\n<tr>\n<td><\/td>\n<td>3\/4\u2033<\/td>\n<td>80<\/td>\n<td><\/td>\n<\/tr>\n<tr>\n<td><\/td>\n<td>1\u2033<\/td>\n<td>100<\/td>\n<td><\/td>\n<\/tr>\n<tr>\n<td><\/td>\n<td>1\u00bc\u201d<\/td>\n<td>60<\/td>\n<td><\/td>\n<\/tr>\n<tr>\n<td><\/td>\n<td>1\u00bd\u201d<\/td>\n<td>40<\/td>\n<td><\/td>\n<\/tr>\n<tr>\n<td><\/td>\n<td>2\u2033<\/td>\n<td>40<\/td>\n<td><\/td>\n<\/tr>\n<tr>\n<td><\/td>\n<td>2\u00bd\u201d<\/td>\n<td>25<\/td>\n<td><\/td>\n<\/tr>\n<tr>\n<td><\/td>\n<td>3\u2033<\/td>\n<td>24<\/td>\n<td><\/td>\n<\/tr>\n<tr>\n<td><\/td>\n<td>4\u2033<\/td>\n<td>24<\/td>\n<td><\/td>\n<\/tr>\n<tr>\n<td><\/td>\n<td>5\u2033<\/td>\n<td>6<\/td>\n<td><\/td>\n<\/tr>\n<tr>\n<td><\/td>\n<td>6\u2033<\/td>\n<td>5<\/td>\n<td><\/td>\n<\/tr>\n<tr>\n<td><\/td>\n<td>8\u2033<\/td>\n<td><\/td>\n<td><\/td>\n<\/tr>\n<tr>\n<td><\/td>\n<td>10\u2033<\/td>\n<td><\/td>\n<\/tr>\n<\/tbody>\n<\/table>","protected":false},"excerpt":{"rendered":"<p>Galvaniz Demir Hortum Rekoru \u00dcr\u00fcn \u00d6l\u00e7\u00fcs\u00fc Koli Adeti 1\/2&#8243; 100 3\/4&#8243; 80 1&#8243; 100 1\u00bc&#8221; 60 1\u00bd&#8221; 40 2&#8243; 40 2\u00bd&#8221; 25 3&#8243; 24 4&#8243; 24 5&#8243; 6 6&#8243; 5 8&#8243; 10&#8243;<\/p>","protected":false},"featured_media":1373,"comment_status":"open","ping_status":"closed","template":"","meta":{"jetpack_post_was_ever_published":false},"product_brand":[],"product_cat":[98],"product_tag":[457,456,458,290,252],"class_list":{"0":"post-597","1":"product","2":"type-product","3":"status-publish","4":"has-post-thumbnail","6":"product_cat-galvaniz-fittings","7":"product_tag-demir","8":"product_tag-galvaniz","9":"product_tag-galvaniz-demir-hortum-rekoru","10":"product_tag-hortum","11":"product_tag-rekor","13":"first","14":"instock","15":"taxable","16":"shipping-taxable","17":"product-type-variable"},"jetpack-related-posts":[],"jetpack_sharing_enabled":true,"jetpack_likes_enabled":true,"_links":{"self":[{"href":"https:\/\/tuzlahortum.com.tr\/ru\/wp-json\/wp\/v2\/product\/597","targetHints":{"allow":["GET"]}}],"collection":[{"href":"https:\/\/tuzlahortum.com.tr\/ru\/wp-json\/wp\/v2\/product"}],"about":[{"href":"https:\/\/tuzlahortum.com.tr\/ru\/wp-json\/wp\/v2\/types\/product"}],"replies":[{"embeddable":true,"href":"https:\/\/tuzlahortum.com.tr\/ru\/wp-json\/wp\/v2\/comments?post=597"}],"wp:featuredmedia":[{"embeddable":true,"href":"https:\/\/tuzlahortum.com.tr\/ru\/wp-json\/wp\/v2\/media\/1373"}],"wp:attachment":[{"href":"https:\/\/tuzlahortum.com.tr\/ru\/wp-json\/wp\/v2\/media?parent=597"}],"wp:term":[{"taxonomy":"product_brand","embeddable":true,"href":"https:\/\/tuzlahortum.com.tr\/ru\/wp-json\/wp\/v2\/product_brand?post=597"},{"taxonomy":"product_cat","embeddable":true,"href":"https:\/\/tuzlahortum.com.tr\/ru\/wp-json\/wp\/v2\/product_cat?post=597"},{"taxonomy":"product_tag","embeddable":true,"href":"https:\/\/tuzlahortum.com.tr\/ru\/wp-json\/wp\/v2\/product_tag?post=597"}],"curies":[{"name":"wp","href":"https:\/\/api.w.org\/{rel}","templated":true}]}}