{"id":591,"date":"2019-02-06T23:46:29","date_gmt":"2019-02-06T20:46:29","guid":{"rendered":"http:\/\/hortum.com.tr\/product\/import-placeholder-for-357\/"},"modified":"2024-03-21T17:45:07","modified_gmt":"2024-03-21T14:45:07","slug":"isoafs-alu-hijyen-green","status":"publish","type":"product","link":"https:\/\/tuzlahortum.com.tr\/ru\/product\/isoafs-alu-hijyen-green\/","title":{"rendered":"ISOAFS-ALU \u0413\u0418\u0413\u0418\u0415\u041d\u0410 \u0417\u0415\u041b\u0415\u041d\u042b\u0419"},"content":{"rendered":"<h2>ISOAFS-ALU \u0413\u0418\u0413\u0418\u0415\u041d\u0410 \u0417\u0415\u041b\u0415\u041d\u042b\u0419<\/h2>\n<div class=\"info txt\">\u0421\u0435\u0440\u0442\u0438\u0444\u0438\u0446\u0438\u0440\u043e\u0432\u0430\u043d\u043d\u044b\u0435 Greenguard, \u0442\u0435\u043f\u043b\u043e\u0438\u0437\u043e\u043b\u0438\u0440\u043e\u0432\u0430\u043d\u043d\u044b\u0435, \u0430\u043d\u0442\u0438\u043c\u0438\u043a\u0440\u043e\u0431\u043d\u044b\u0435 \u0433\u0438\u0431\u043a\u0438\u0435 \u0430\u043b\u044e\u043c\u0438\u043d\u0438\u0435\u0432\u044b\u0435 \u0432\u043e\u0437\u0434\u0443\u0445\u043e\u0432\u043e\u0434\u044b.<\/div>\n<h3>\u0422\u0438\u043f\u044b<\/h3>\n<div class=\"txt\">\n<p><span id=\"ctl00_ContentPlaceHolder1_lblTxt\">ISOAFS-ALU.F \u0413\u0418\u0413\u0418\u0415\u041d\u0410 \u0417\u0415\u041b\u0415\u041d\u042b\u0419<\/span><\/p>\n<h4>\u041e\u0431\u0449\u0438\u0435 \u0445\u0430\u0440\u0430\u043a\u0442\u0435\u0440\u0438\u0441\u0442\u0438\u043a\u0438<\/h4>\n<table class=\"table table-hover table-bordered\">\n<tbody>\n<tr>\n<th class=\"urunDetayth\">\u0413\u0438\u0431\u043a\u0430\u044f \u043a\u043e\u043d\u0441\u0442\u0440\u0443\u043a\u0446\u0438\u044f \u0432\u043e\u0437\u0434\u0443\u0445\u043e\u0432\u043e\u0434\u0430<\/th>\n<td>3 \u0441\u043b\u043e\u044f \u0430\u043b\u044e\u043c\u0438\u043d\u0438\u044f + 2 \u0441\u043b\u043e\u044f \u043f\u043e\u043b\u0438\u044d\u0441\u0442\u0435\u0440\u0430 + \u0433\u0438\u0433\u0438\u0435\u043d\u0438\u0447\u0435\u0441\u043a\u043e\u0435 \u043f\u043e\u043a\u0440\u044b\u0442\u0438\u0435<\/td>\n<\/tr>\n<tr>\n<th class=\"urunDetayth\">\u041d\u043e\u043c\u0438\u043d\u0430\u043b\u044c\u043d\u0430\u044f \u0442\u043e\u043b\u0449\u0438\u043d\u0430 \u0433\u0438\u0431\u043a\u043e\u0433\u043e \u0432\u043e\u0437\u0434\u0443\u0445\u043e\u0432\u043e\u0434\u0430<\/th>\n<td>70 \u043c\u0438\u043a\u0440\u043e\u043d + \u0433\u0438\u0433\u0438\u0435\u043d\u0438\u0447\u0435\u0441\u043a\u043e\u0435 \u043f\u043e\u043a\u0440\u044b\u0442\u0438\u0435<\/td>\n<\/tr>\n<tr>\n<th class=\"urunDetayth\">\u041a\u043e\u043d\u0441\u0442\u0440\u0443\u043a\u0446\u0438\u044f \u043a\u0443\u0440\u0442\u043a\u0438<\/th>\n<td>1 \u0441\u043b\u043e\u0439 \u0430\u043b\u044e\u043c\u0438\u043d\u0438\u044f + 2 \u0441\u043b\u043e\u044f \u043f\u043e\u043b\u0438\u044d\u0441\u0442\u0435\u0440\u0430<\/td>\n<\/tr>\n<tr>\n<th class=\"urunDetayth\">\u041d\u043e\u043c\u0438\u043d\u0430\u043b\u044c\u043d\u0430\u044f \u0442\u043e\u043b\u0449\u0438\u043d\u0430 \u043e\u0431\u043e\u043b\u043e\u0447\u043a\u0438<\/th>\n<td>45 \u043c\u0438\u043a\u0440\u043e\u043d<\/td>\n<\/tr>\n<tr>\n<th class=\"urunDetayth\">\u0418\u0437\u043e\u043b\u044f\u0446\u0438\u044f \u2013 \u0422\u043e\u043b\u0449\u0438\u043d\u0430 \u2013 \u041f\u043b\u043e\u0442\u043d\u043e\u0441\u0442\u044c<\/th>\n<td>\u0421\u0442\u0435\u043a\u043b\u043e\u0432\u0430\u0442\u0430 25 \u043c\u043c \u2013 16 \u043a\u0433\/\u043c\u00b3<\/td>\n<\/tr>\n<tr>\n<th class=\"urunDetayth\">\u0414\u0438\u0430\u043f\u0430\u0437\u043e\u043d \u0434\u0438\u0430\u043c\u0435\u0442\u0440\u043e\u0432<\/th>\n<td>82 \u043c\u043c \u2013 800 \u043c\u043c<\/td>\n<\/tr>\n<tr>\n<th class=\"urunDetayth\">\u0414\u0438\u0430\u043f\u0430\u0437\u043e\u043d \u0440\u0430\u0431\u043e\u0447\u0438\u0445 \u0442\u0435\u043c\u043f\u0435\u0440\u0430\u0442\u0443\u0440<\/th>\n<td>-30 \u00b0\u0421 \/ +150 \u00b0\u0421<\/td>\n<\/tr>\n<tr>\n<th class=\"urunDetayth\">\u0420\u0430\u0441\u0445\u043e\u0434 \u0432\u043e\u0437\u0434\u0443\u0445\u0430<\/th>\n<td>30 \u043c\/\u0441 (\u043c\u0430\u043a\u0441\u0438\u043c\u0443\u043c)<\/td>\n<\/tr>\n<tr>\n<th class=\"urunDetayth\">\u0420\u0430\u0431\u043e\u0447\u0435\u0435 \u0434\u0430\u0432\u043b\u0435\u043d\u0438\u0435<\/th>\n<td>3000 \u041f\u0430 (\u043c\u0430\u043a\u0441\u0438\u043c\u0443\u043c)<\/td>\n<\/tr>\n<tr>\n<th class=\"urunDetayth\">\u0421\u0442\u0430\u043d\u0434\u0430\u0440\u0442\u043d\u0430\u044f \u0434\u043b\u0438\u043d\u0430<\/th>\n<td>10 \u043c<\/td>\n<\/tr>\n<tr>\n<th class=\"urunDetayth\">\u0423\u043f\u0430\u043a\u043e\u0432\u043a\u0430<\/th>\n<td>\u043e\u0434\u043d\u0430 \u043a\u0430\u0440\u0442\u043e\u043d\u043d\u0430\u044f \u043a\u043e\u0440\u043e\u0431\u043a\u0430<\/td>\n<\/tr>\n<tr>\n<th class=\"urunDetayth\">\u0420\u0435\u0430\u043a\u0446\u0438\u044f \u043d\u0430 \u043e\u0433\u043e\u043d\u044c<\/th>\n<td>\u041d\u0435 \u0437\u0430\u0436\u0438\u0433\u0430\u0435\u0442 \u043f\u043b\u0430\u043c\u044f<\/td>\n<\/tr>\n<\/tbody>\n<\/table>\n<div><\/div>\n<\/div>\n<div><div class=\"video video-fit mb\" style=\"padding-top:56.25%;\"><p><iframe loading=\"lazy\" title=\"\u041f\u0443\u0442\u0430\u043d\u0438\u0446\u0430 \u0432 \u0438\u0437\u043c\u0435\u0440\u0435\u043d\u0438\u044f\u0445 (\u0434\u044e\u0439\u043c\u044b, \u043f\u0430\u043b\u044c\u0446\u044b, \u0434\u044b\u043c\u043a\u0430, \u043c\u0438\u043b\u043b\u0438\u043c\u0435\u0442\u0440\u044b)\" width=\"1020\" height=\"574\" src=\"https:\/\/www.youtube.com\/embed\/uKk6AG_AZls?feature=oembed\" frameborder=\"0\" allow=\"accelerometer; autoplay; clipboard-write; encrypted-media; gyroscope; picture-in-picture; web-share\" referrerpolicy=\"strict-origin-when-cross-origin\" allowfullscreen><\/iframe><\/p>\n<\/div><\/div>\n<div><\/div>\n<div class=\"txt\">\n<div class=\"txt\"><strong>ISOAFS-ALU \u0413\u0418\u0413\u0418\u0415\u041d\u0410 \u0417\u0415\u041b\u0415\u041d\u042b\u0419<\/strong>\u00a0\u0422\u0435\u043f\u043b\u043e\u0438\u0437\u043e\u043b\u0438\u0440\u043e\u0432\u0430\u043d\u043d\u044b\u0435 \u0430\u043b\u044e\u043c\u0438\u043d\u0438\u0435\u0432\u044b\u0435 \u0433\u0438\u0431\u043a\u0438\u0435 \u0432\u043e\u0437\u0434\u0443\u0445\u043e\u0432\u043e\u0434\u044b, \u0440\u0430\u0431\u043e\u0442\u0430\u044e\u0449\u0438\u0435 \u043f\u0440\u0438 \u043d\u0438\u0437\u043a\u043e\u043c \u0438 \u0441\u0440\u0435\u0434\u043d\u0435\u043c \u0434\u0430\u0432\u043b\u0435\u043d\u0438\u0438.<\/div>\n<div class=\"txt\">\u041c\u043d\u043e\u0433\u043e\u0446\u0435\u043b\u0435\u0432\u043e\u0439, \u0441\u043f\u0435\u0446\u0438\u0430\u043b\u044c\u043d\u043e \u0440\u0430\u0437\u0440\u0430\u0431\u043e\u0442\u0430\u043d\u043d\u044b\u0439 \u0434\u043b\u044f \u0441\u0438\u0441\u0442\u0435\u043c \u043e\u0442\u043e\u043f\u043b\u0435\u043d\u0438\u044f, \u043e\u0445\u043b\u0430\u0436\u0434\u0435\u043d\u0438\u044f, \u0432\u0435\u043d\u0442\u0438\u043b\u044f\u0446\u0438\u0438, \u043a\u043e\u043d\u0434\u0438\u0446\u0438\u043e\u043d\u0438\u0440\u043e\u0432\u0430\u043d\u0438\u044f \u0432\u043e\u0437\u0434\u0443\u0445\u0430 \u0438 \u043e\u0442\u0445\u043e\u0434\u044f\u0449\u0438\u0445 \u0433\u0430\u0437\u043e\u0432.<\/div>\n<div class=\"txt\">\u041f\u0440\u0435\u0434\u0441\u0442\u0430\u0432\u043b\u044f\u0435\u0442 \u0441\u043e\u0431\u043e\u0439 \u0443\u0442\u0435\u043f\u043b\u0435\u043d\u043d\u044b\u0439 (\u0442\u0435\u043f\u043b\u043e\u0438\u0437\u043e\u043b\u0438\u0440\u043e\u0432\u0430\u043d\u043d\u044b\u0439) \u0433\u0438\u0431\u043a\u0438\u0439 \u0432\u043e\u0437\u0434\u0443\u0445\u043e\u0432\u043e\u0434. \u041c\u043d\u043e\u0433\u043e\u0441\u043b\u043e\u0439\u043d\u044b\u0439 \u043b\u0430\u043c\u0438\u043d\u0438\u0440\u043e\u0432\u0430\u043d\u043d\u044b\u0439 \u043c\u0430\u0442\u0435\u0440\u0438\u0430\u043b \u0438\u0437 \u0430\u043b\u044e\u043c\u0438\u043d\u0438\u044f \u0438 \u043f\u043e\u043b\u0438\u044d\u0441\u0442\u0435\u0440\u0430.<\/div>\n<div class=\"txt\">ALUAFS HYGIENE GREEN \u0430\u043b\u044e\u043c\u0438\u043d\u0438\u0435\u0432\u044b\u0439 \u0433\u0438\u0431\u043a\u0438\u0439 \u0432\u043e\u0437\u0434\u0443\u0445, \u0438\u0437\u0433\u043e\u0442\u043e\u0432\u043b\u0435\u043d\u043d\u044b\u0439 \u043f\u0443\u0442\u0435\u043c \u0430\u0440\u043c\u0438\u0440\u043e\u0432\u0430\u043d\u0438\u044f \u0432\u044b\u0441\u043e\u043a\u043e\u043f\u0440\u043e\u0447\u043d\u043e\u0439 \u0441\u043f\u0438\u0440\u0430\u043b\u044c\u043d\u043e\u0439 \u0441\u0442\u0430\u043b\u044c\u043d\u043e\u0439 \u043f\u0440\u043e\u0432\u043e\u043b\u043e\u043a\u043e\u0439<\/div>\n<div class=\"txt\">\u0415\u0433\u043e \u043f\u0440\u043e\u0438\u0437\u0432\u043e\u0434\u044f\u0442 \u043f\u0443\u0442\u0435\u043c \u043f\u0435\u0440\u0444\u043e\u0440\u0430\u0446\u0438\u0438 \u043a\u0430\u043d\u0430\u043b\u043e\u0432 \u0438 \u0438\u0437\u043e\u043b\u044f\u0446\u0438\u0438 \u0438\u0445 \u0441\u0442\u0435\u043a\u043b\u043e\u0432\u0430\u0442\u043e\u0439. \u0418\u0437\u043e\u043b\u044f\u0446\u0438\u043e\u043d\u043d\u044b\u0439 \u043c\u0430\u0442\u0435\u0440\u0438\u0430\u043b<\/div>\n<div class=\"txt\">\u041e\u043d \u043f\u043e\u043a\u0440\u044b\u0442 \u0430\u043b\u044e\u043c\u0438\u043d\u0438\u0435\u0432\u043e\u0439 \u043e\u0431\u043e\u043b\u043e\u0447\u043a\u043e\u0439, \u0442\u043e \u0435\u0441\u0442\u044c \u0432\u043b\u0430\u0433\u043e\u043d\u0435\u043f\u0440\u043e\u043d\u0438\u0446\u0430\u0435\u043c\u044b\u043c. ISOAFS-ALU HYGIENE GREEN \u0447\u0440\u0435\u0437\u0432\u044b\u0447\u0430\u0439\u043d\u043e \u0432\u044b\u0441\u043e\u043a\u0438\u0439<\/div>\n<div class=\"txt\">\u041e\u043d \u043e\u0431\u043b\u0430\u0434\u0430\u0435\u0442 \u0441\u043f\u043e\u0441\u043e\u0431\u043d\u043e\u0441\u0442\u044c\u044e \u0440\u0430\u0441\u0442\u044f\u0433\u0438\u0432\u0430\u0442\u044c\u0441\u044f, \u0441\u0433\u0438\u0431\u0430\u0442\u044c\u0441\u044f \u0438 \u0441\u0436\u0438\u043c\u0430\u0442\u044c\u0441\u044f. \u041b\u0435\u0433\u043a\u043e \u043c\u043e\u043d\u0442\u0438\u0440\u0443\u0435\u0442\u0441\u044f \u0432 \u043e\u0432\u0430\u043b\u044c\u043d\u044b\u0435, \u043a\u0440\u0443\u0433\u043b\u044b\u0435 \u0438 \u0443\u0433\u043b\u043e\u0432\u044b\u0435 \u0448\u0432\u044b.<\/div>\n<div class=\"txt\">\u0413\u0438\u0431\u043a\u0438\u0435 \u0432\u043e\u0437\u0434\u0443\u0445\u043e\u0432\u043e\u0434\u044b \u0130SOAFS-ALU HYGIENE GREEN \u043f\u0440\u043e\u0432\u0435\u0440\u044f\u044e\u0442\u0441\u044f \u043d\u0430 \u043d\u0430\u043b\u0438\u0447\u0438\u0435 \u0441\u043e\u0442\u0435\u043d \u0445\u0438\u043c\u0438\u0447\u0435\u0441\u043a\u0438\u0445 \u0432\u0435\u0449\u0435\u0441\u0442\u0432 \u0438 \u0442\u0435\u0441\u0442\u0438\u0440\u0443\u044e\u0442\u0441\u044f \u0432 \u043f\u043e\u043c\u0435\u0449\u0435\u043d\u0438\u0438 \u0434\u043b\u044f \u0434\u0438\u043d\u0430\u043c\u0438\u0447\u0435\u0441\u043a\u0438\u0445 \u0438\u0441\u043f\u044b\u0442\u0430\u043d\u0438\u0439.<\/div>\n<div class=\"txt\">\u0438 \u043f\u043e\u0434\u0445\u043e\u0434\u0438\u0442 \u0434\u043b\u044f \u0442\u0430\u043a\u0438\u0445 \u043f\u043e\u043c\u0435\u0449\u0435\u043d\u0438\u0439, \u043a\u0430\u043a \u0434\u0435\u0442\u0441\u043a\u0438\u0435 \u0441\u0430\u0434\u044b \u0438 \u0448\u043a\u043e\u043b\u044b, \u0443\u0447\u0438\u0442\u044b\u0432\u0430\u044f \u043a\u0430\u043a \u043a\u0440\u0438\u0442\u0435\u0440\u0438\u0438 \u0432\u043d\u0443\u0442\u0440\u0435\u043d\u043d\u0435\u0439 \u0441\u0440\u0435\u0434\u044b, \u0442\u0430\u043a \u0438 \u0447\u0443\u0432\u0441\u0442\u0432\u0438\u0442\u0435\u043b\u044c\u043d\u044b\u0439 \u0445\u0430\u0440\u0430\u043a\u0442\u0435\u0440 \u0434\u0435\u0442\u0435\u0439.<\/div>\n<div class=\"txt\">\u041e\u043d \u0431\u044b\u043b \u0441\u0435\u0440\u0442\u0438\u0444\u0438\u0446\u0438\u0440\u043e\u0432\u0430\u043d \u043d\u0430 \u0441\u043e\u043e\u0442\u0432\u0435\u0442\u0441\u0442\u0432\u0438\u0435 \u0440\u0430\u0437\u0440\u0430\u0431\u043e\u0442\u0430\u043d\u043d\u044b\u043c \u043a\u0440\u0438\u0442\u0435\u0440\u0438\u044f\u043c \u043d\u0438\u0436\u043d\u0435\u0433\u043e \u0443\u0440\u043e\u0432\u043d\u044f. \u0425\u0438\u043c\u0438\u0447\u0435\u0441\u043a\u0438\u0435 \u0432\u044b\u0431\u0440\u043e\u0441\u044b Greenguard<\/div>\n<div class=\"txt\">ISOAFS-ALU HYGIENE GREEN \u0433\u0438\u0431\u043a\u0438\u0439, \u0441\u043e\u043e\u0442\u0432\u0435\u0442\u0441\u0442\u0432\u0443\u044e\u0449\u0438\u0439 \u043a\u0440\u0438\u0442\u0435\u0440\u0438\u044f\u043c, \u0441\u0435\u0440\u0442\u0438\u0444\u0438\u0446\u0438\u0440\u043e\u0432\u0430\u043d \u0438 \u043f\u0440\u0430\u043a\u0442\u0438\u0447\u0435\u0441\u043a\u0438 \u043d\u0435 \u043f\u0440\u043e\u0438\u0437\u0432\u043e\u0434\u0438\u0442 \u0432\u044b\u0431\u0440\u043e\u0441\u043e\u0432.<\/div>\n<div class=\"txt\">\u0413\u0430\u0440\u0430\u043d\u0442\u0438\u0440\u0443\u0439\u0442\u0435 \u043a\u0430\u0447\u0435\u0441\u0442\u0432\u043e \u0432\u043e\u0437\u0434\u0443\u0445\u0430 \u0432 \u043f\u043e\u043c\u0435\u0449\u0435\u043d\u0438\u0438, \u0438\u0441\u043f\u043e\u043b\u044c\u0437\u0443\u044f \u0432\u043e\u0437\u0434\u0443\u0445\u043e\u0432\u043e\u0434\u044b. \u0130SOAFS-ALU HYGIENE GREEN \u0433\u0438\u0431\u043a\u0438\u0439 \u0432\u043e\u0437\u0434\u0443\u0445<\/div>\n<div class=\"txt\">\u0420\u0430\u0437\u043c\u0435\u0440\u044b, \u0434\u043e\u043f\u0443\u0441\u043a\u0438 \u0438 \u043c\u0435\u0445\u0430\u043d\u0438\u0447\u0435\u0441\u043a\u0430\u044f \u043f\u0440\u043e\u0447\u043d\u043e\u0441\u0442\u044c \u043a\u0430\u043d\u0430\u043b\u043e\u0432 \u043f\u0440\u043e\u0432\u0435\u0440\u0435\u043d\u044b \u0432 \u0441\u043e\u043e\u0442\u0432\u0435\u0442\u0441\u0442\u0432\u0438\u0438 \u0441\u043e \u0441\u0442\u0430\u043d\u0434\u0430\u0440\u0442\u043e\u043c EN 13180.<\/div>\n<div class=\"txt\">\u043a\u043b\u0430\u0441\u0441\u0438\u0444\u0438\u0446\u0438\u0440\u043e\u0432\u0430\u043d\u044b \u0438 \u0441\u0435\u0440\u0442\u0438\u0444\u0438\u0446\u0438\u0440\u043e\u0432\u0430\u043d\u044b.<\/div>\n<\/div>","protected":false},"excerpt":{"rendered":"<p>ISOAFS-ALU H\u0130JYEN GREEN Greenguard sertifikal\u0131, \u0131s\u0131 izoleli anti mikrobiyal al\u00fcminyum flexible hava kanallar\u0131 Tipler ISOAFS-ALU.F HYGIENE GREEN Genel \u00d6zellikler Flexible Kanal Konstr\u00fcksiyonu 3 kat Al\u00fcminyum + 2 kat Polyester + Hijyen Kaplama Flexible Kanal Nominal Kal\u0131nl\u0131\u011f\u0131 70 mikron + Hijyen Kaplama Ceket Kontr\u00fcksiyonu 1 kat Al\u00fcminyum + 2 kat Polyester Ceket Nominal Kal\u0131nl\u0131\u011f\u0131 45 mikron [&#8230;]\n","protected":false},"featured_media":6964,"comment_status":"open","ping_status":"closed","template":"","meta":{"jetpack_post_was_ever_published":false},"product_brand":[],"product_cat":[135],"product_tag":[265,264,260,261,258,268,266,262,259,267,263],"class_list":{"0":"post-591","1":"product","2":"type-product","3":"status-publish","4":"has-post-thumbnail","6":"product_cat-esnek-aluminyum-hava-kanali","7":"product_tag-bukulme","8":"product_tag-esneme","9":"product_tag-havalandirma-ve-iklimlendirme-sistemleri","10":"product_tag-helezon-celik","11":"product_tag-isitma","12":"product_tag-kimyasal-direnc","13":"product_tag-sikistirilabilme","14":"product_tag-sizdirmaz","15":"product_tag-sogutma","16":"product_tag-tasima-kolayligi","17":"product_tag-yogusmayi-engelleme","19":"first","20":"instock","21":"taxable","22":"shipping-taxable","23":"product-type-variable"},"jetpack-related-posts":[],"jetpack_sharing_enabled":true,"jetpack_likes_enabled":true,"_links":{"self":[{"href":"https:\/\/tuzlahortum.com.tr\/ru\/wp-json\/wp\/v2\/product\/591","targetHints":{"allow":["GET"]}}],"collection":[{"href":"https:\/\/tuzlahortum.com.tr\/ru\/wp-json\/wp\/v2\/product"}],"about":[{"href":"https:\/\/tuzlahortum.com.tr\/ru\/wp-json\/wp\/v2\/types\/product"}],"replies":[{"embeddable":true,"href":"https:\/\/tuzlahortum.com.tr\/ru\/wp-json\/wp\/v2\/comments?post=591"}],"wp:featuredmedia":[{"embeddable":true,"href":"https:\/\/tuzlahortum.com.tr\/ru\/wp-json\/wp\/v2\/media\/6964"}],"wp:attachment":[{"href":"https:\/\/tuzlahortum.com.tr\/ru\/wp-json\/wp\/v2\/media?parent=591"}],"wp:term":[{"taxonomy":"product_brand","embeddable":true,"href":"https:\/\/tuzlahortum.com.tr\/ru\/wp-json\/wp\/v2\/product_brand?post=591"},{"taxonomy":"product_cat","embeddable":true,"href":"https:\/\/tuzlahortum.com.tr\/ru\/wp-json\/wp\/v2\/product_cat?post=591"},{"taxonomy":"product_tag","embeddable":true,"href":"https:\/\/tuzlahortum.com.tr\/ru\/wp-json\/wp\/v2\/product_tag?post=591"}],"curies":[{"name":"wp","href":"https:\/\/api.w.org\/{rel}","templated":true}]}}