{"id":574,"date":"2019-02-06T23:46:07","date_gmt":"2019-02-06T20:46:07","guid":{"rendered":"http:\/\/hortum.com.tr\/product\/import-placeholder-for-504\/"},"modified":"2024-03-21T17:45:15","modified_gmt":"2024-03-21T14:45:15","slug":"trelleborg-klegaine-gsv","status":"publish","type":"product","link":"https:\/\/tuzlahortum.com.tr\/ru\/product\/trelleborg-klegaine-gsv\/","title":{"rendered":"\u0422\u0440\u0435\u043b\u043b\u0435\u0431\u043e\u0440\u0433 \u041a\u041b\u0415\u0413\u0410\u0419\u041d\u0415 GSV"},"content":{"rendered":"<h2>\u0422\u0440\u0435\u043b\u043b\u0435\u0431\u043e\u0440\u0433 \u041a\u041b\u0415\u0413\u0410\u0419\u041d\u0415 GSV<\/h2>\n<div>\u041f\u0440\u043e\u043c\u044b\u0448\u043b\u0435\u043d\u043d\u044b\u0435 \u0448\u043b\u0430\u043d\u0433\u0438\/\u041f\u0412\u0425<\/div>\n<div>\u041e\u0447\u0435\u043d\u044c \u0433\u0438\u0431\u043a\u0430\u044f \u0438 \u0434\u043e\u043b\u0433\u043e\u0432\u0435\u0447\u043d\u0430\u044f \u0441\u0438\u0441\u0442\u0435\u043c\u0430, \u0443\u043d\u0438\u0432\u0435\u0440\u0441\u0430\u043b\u044c\u043d\u0430\u044f, \u0432\u043a\u043b\u044e\u0447\u0430\u044f \u0443\u0434\u0430\u043b\u0435\u043d\u0438\u0435 \u0432\u043e\u0437\u0434\u0443\u0445\u0430, \u043f\u044b\u043b\u0438 \u0438 \u0434\u044b\u043c\u0430.<\/div>\n<div>\u0411\u043b\u0430\u0433\u043e\u0434\u0430\u0440\u044f \u0441\u0432\u043e\u0438\u043c \u043d\u0435\u0441\u0443\u0449\u0438\u043c \u0441\u0432\u043e\u0439\u0441\u0442\u0432\u0430\u043c \u0438 \u043f\u0440\u0438\u0432\u043b\u0435\u043a\u0430\u0442\u0435\u043b\u044c\u043d\u043e\u043c\u0443 \u0432\u043d\u0435\u0448\u043d\u0435\u043c\u0443 \u0432\u0438\u0434\u0443 \u043e\u0441\u043e\u0431\u0435\u043d\u043d\u043e \u043f\u043e\u0434\u0445\u043e\u0434\u0438\u0442 \u0434\u043b\u044f \u0431\u044b\u0442\u043e\u0432\u044b\u0445 \u0438 \u043f\u0440\u043e\u043c\u044b\u0448\u043b\u0435\u043d\u043d\u044b\u0445 \u043f\u044b\u043b\u0435\u0441\u043e\u0441\u043e\u0432.<\/div>\n<div>\u041f\u0440\u0435\u0438\u043c\u0443\u0449\u0435\u0441\u0442\u0432\u0430<\/div>\n<div>* \u041e\u043d \u043b\u0435\u0433\u043a\u0438\u0439 \u0438 \u0443\u0434\u043e\u0431\u043d\u044b\u0439 \u0434\u043b\u044f \u043f\u0435\u0440\u0435\u043d\u043e\u0441\u043a\u0438.<\/div>\n<div>*\u041c\u043d\u043e\u0433\u043e\u0441\u043b\u043e\u0439\u043d\u0430\u044f \u0441\u0442\u0440\u0443\u043a\u0442\u0443\u0440\u0430 \u0438 \u0441\u0442\u0430\u043b\u044c\u043d\u0430\u044f \u0441\u043f\u0438\u0440\u0430\u043b\u044c \u0434\u043b\u044f \u0432\u044b\u0441\u043e\u043a\u043e\u0439 \u0433\u0438\u0431\u043a\u043e\u0441\u0442\u0438.<\/div>\n<div>*\u041d\u0435 \u043b\u043e\u043c\u0430\u0435\u0442\u0441\u044f \u043f\u0440\u0438 \u0441\u0433\u0438\u0431\u0430\u043d\u0438\u0438 \u0438 \u043e\u0431\u0435\u0441\u043f\u0435\u0447\u0438\u0432\u0430\u0435\u0442 \u043c\u0430\u043a\u0441\u0438\u043c\u0430\u043b\u044c\u043d\u044b\u0439 \u043f\u043e\u0442\u043e\u043a.<\/div>\n<div>*\u0412\u044b\u0441\u043e\u043a\u0430\u044f \u043f\u0440\u043e\u0447\u043d\u043e\u0441\u0442\u044c \u043d\u0430 \u0440\u0430\u0437\u0440\u044b\u0432 \u0438 \u043f\u0440\u0435\u0432\u043e\u0441\u0445\u043e\u0434\u043d\u0430\u044f \u0433\u0438\u0431\u043a\u043e\u0441\u0442\u044c \u0431\u043b\u0430\u0433\u043e\u0434\u0430\u0440\u044f \u043e\u0441\u0435\u0432\u043e\u0439 \u0438 \u0441\u043f\u0438\u0440\u0430\u043b\u044c\u043d\u043e\u0439 \u043f\u0440\u043e\u0432\u043e\u043b\u043e\u043a\u0435.<\/div>\n<div>* \u0421\u0442\u0440\u0443\u043a\u0442\u0443\u0440\u0430 \u0441 \u0434\u0432\u043e\u0439\u043d\u044b\u043c\u0438 \u0441\u0442\u0435\u043d\u043a\u0430\u043c\u0438 \u043e\u0431\u0435\u0441\u043f\u0435\u0447\u0438\u0432\u0430\u0435\u0442 \u0445\u043e\u0440\u043e\u0448\u0443\u044e \u0438\u0437\u043d\u043e\u0441\u043e\u0441\u0442\u043e\u0439\u043a\u043e\u0441\u0442\u044c.<\/div>\n<div>*\u041e\u0447\u0435\u043d\u044c \u0441\u043f\u0435\u0446\u0438\u0430\u043b\u044c\u043d\u044b\u0439 \u0434\u0438\u0437\u0430\u0439\u043d, \u0443\u043d\u0438\u043a\u0430\u043b\u044c\u043d\u044b\u0439 \u043f\u0440\u043e\u0434\u0443\u043a\u0442.<\/div>\n<div>\u0422\u0435\u0445\u043d\u0438\u0447\u0435\u0441\u043a\u043e\u0435 \u043e\u043f\u0438\u0441\u0430\u043d\u0438\u0435<\/div>\n<div>\u0412\u043d\u0443\u0442\u0440\u0435\u043d\u043d\u044f\u044f \u0442\u0440\u0443\u0431\u043a\u0430: \u041f\u0412\u0425, \u0447\u0435\u0440\u043d\u043e\u0433\u043e \u0446\u0432\u0435\u0442\u0430.<\/div>\n<div>\u0423\u0441\u0438\u043b\u0435\u043d\u0438\u0435: \u043e\u0441\u0435\u0432\u043e\u0435 \u0438 \u0441\u043f\u0438\u0440\u0430\u043b\u044c\u043d\u043e\u0435 \u0441\u0438\u043d\u0442\u0435\u0442\u0438\u0447\u0435\u0441\u043a\u043e\u0435 \u0432\u043e\u043b\u043e\u043a\u043d\u043e, \u0431\u0435\u043b\u043e\u0435 \u041f\u0412\u0425-\u043f\u043e\u043a\u0440\u044b\u0442\u0438\u0435, \u0432\u0438\u0434\u0438\u043c\u0430\u044f \u0441\u0442\u0430\u043b\u044c\u043d\u0430\u044f \u043f\u0440\u0443\u0436\u0438\u043d\u0430, \u0432\u0441\u0442\u0440\u043e\u0435\u043d\u043d\u0430\u044f \u0432 \u043a\u043e\u0440\u043f\u0443\u0441.<\/div>\n<div>\u041f\u043e\u043a\u0440\u044b\u0442\u0438\u0435: \u041f\u0412\u0425, \u043f\u0440\u043e\u0437\u0440\u0430\u0447\u043d\u043e\u0435, \u0440\u0438\u0444\u043b\u0435\u043d\u043e\u0435.<\/div>\n<div>\u0414\u0438\u0430\u043f\u0430\u0437\u043e\u043d \u0442\u0435\u043c\u043f\u0435\u0440\u0430\u0442\u0443\u0440: \u043e\u0442 -5\u00b0C \u0434\u043e +80\u00b0C.<\/div>\n<div>\u042d\u043b\u0435\u043a\u0442\u0440\u0438\u0447\u0435\u0441\u043a\u0438\u0435 \u0441\u0432\u043e\u0439\u0441\u0442\u0432\u0430: \u043d\u0435\u043f\u0440\u043e\u0432\u043e\u0434\u044f\u0449\u0438\u0439. \u0415\u0441\u043b\u0438 \u0442\u0440\u0435\u0431\u0443\u0435\u0442\u0441\u044f \u043f\u0440\u043e\u0432\u043e\u0434\u0438\u043c\u043e\u0441\u0442\u044c, \u043e\u0431\u0430 \u043a\u043e\u043d\u0446\u0430 \u0441\u043f\u0438\u0440\u0430\u043b\u0438 \u043e\u0431\u043d\u0430\u0436\u0435\u043d\u044b \u0438<\/div>\n<div>\u0412\u043e\u0437\u043c\u043e\u0436\u043d\u043e \u043f\u043e\u0434\u043a\u043b\u044e\u0447\u0435\u043d\u0438\u0435 \u043a \u043a\u0440\u0435\u043f\u0435\u0436\u0430\u043c\/\u043c\u0443\u0444\u0442\u0430\u043c.<\/div>\n<div>\u0421\u0430\u043b\u044c\u043d\u0438\u043a\u0438\/\u0444\u0438\u0442\u0438\u043d\u0433\u0438<\/div>\n<div>\u0421\u0442\u0430\u043d\u0434\u0430\u0440\u0442: \u0437\u0430\u0436\u0438\u043c\u043d\u043e\u0435 \u0441\u043e\u0435\u0434\u0438\u043d\u0435\u043d\u0438\u0435.<\/div>\n<div>\u041e\u043f\u0446\u0438\u044f: \u0447\u0435\u0440\u043d\u044b\u0439 \u041f\u0412\u0425, \u043f\u0440\u0438\u043a\u0440\u0443\u0447\u0438\u0432\u0430\u0435\u0442\u0441\u044f \u043a \u0444\u0443\u0440\u043d\u0438\u0442\u0443\u0440\u0435, \u0448\u0430\u0433 \u0441\u043b\u0435\u0432\u0430, \u0412\u041d\u0423\u0422\u0420\u0415\u041d\u041d\u0418\u0415 25, 32, 38, 51, 63 \u043c\u043c \u043f\u043e \u0437\u0430\u043f\u0440\u043e\u0441\u0443.<\/div>\n<div>\u043f\u0440\u0435\u0434\u043e\u0441\u0442\u0430\u0432\u043b\u044f\u0435\u0442\u0441\u044f \u043f\u043e \u0444\u0430\u043a\u0442\u0443.<\/div>\n<div>\u0414\u043e\u043f\u043e\u043b\u043d\u0438\u0442\u0435\u043b\u044c\u043d\u0430\u044f \u0438\u043d\u0444\u043e\u0440\u043c\u0430\u0446\u0438\u044f<\/div>\n<div>\u0422\u0435\u0445\u043d\u0438\u0447\u0435\u0441\u043a\u0438\u0435 \u0434\u0430\u043d\u043d\u044b\u0435 \u0434\u043b\u044f \u0443\u0441\u043b\u043e\u0432\u0438\u0439 \u044d\u043a\u0441\u043f\u043b\u0443\u0430\u0442\u0430\u0446\u0438\u0438 \u043f\u0440\u0438 20\u00b0C.<\/div>\n<div class=\"video video-fit mb\" style=\"padding-top:56.25%;\"><p><iframe loading=\"lazy\" title=\"\u041f\u0443\u0442\u0430\u043d\u0438\u0446\u0430 \u0432 \u0438\u0437\u043c\u0435\u0440\u0435\u043d\u0438\u044f\u0445 (\u0434\u044e\u0439\u043c\u044b, \u043f\u0430\u043b\u044c\u0446\u044b, \u0434\u044b\u043c\u043a\u0430, \u043c\u0438\u043b\u043b\u0438\u043c\u0435\u0442\u0440\u044b)\" width=\"1020\" height=\"574\" src=\"https:\/\/www.youtube.com\/embed\/uKk6AG_AZls?feature=oembed\" frameborder=\"0\" allow=\"accelerometer; autoplay; clipboard-write; encrypted-media; gyroscope; picture-in-picture; web-share\" referrerpolicy=\"strict-origin-when-cross-origin\" allowfullscreen><\/iframe><\/p>\n<\/div>\n<div class=\"video video-fit mb\" style=\"padding-top:56.25%;\"><p>https:\/\/www.youtube.com\/watch?v=O8ZlzKEjfEQ%20<\/p>\n<\/div>\n<p><img data-recalc-dims=\"1\" loading=\"lazy\" decoding=\"async\" class=\"alignnone size-full wp-image-2145\" src=\"https:\/\/i0.wp.com\/tuzlahortum.com.tr\/wp-content\/uploads\/urunler\/trelleborg\/TRELLEBORG-KLEGAINE-GSV.jpg?resize=919%2C352&#038;ssl=1\" alt=\"\" width=\"919\" height=\"352\" title=\"\" srcset=\"https:\/\/i0.wp.com\/tuzlahortum.com.tr\/wp-content\/uploads\/urunler\/trelleborg\/TRELLEBORG-KLEGAINE-GSV.jpg?w=919&amp;ssl=1 919w, https:\/\/i0.wp.com\/tuzlahortum.com.tr\/wp-content\/uploads\/urunler\/trelleborg\/TRELLEBORG-KLEGAINE-GSV.jpg?resize=800%2C306&amp;ssl=1 800w, https:\/\/i0.wp.com\/tuzlahortum.com.tr\/wp-content\/uploads\/urunler\/trelleborg\/TRELLEBORG-KLEGAINE-GSV.jpg?resize=768%2C294&amp;ssl=1 768w, https:\/\/i0.wp.com\/tuzlahortum.com.tr\/wp-content\/uploads\/urunler\/trelleborg\/TRELLEBORG-KLEGAINE-GSV.jpg?resize=600%2C230&amp;ssl=1 600w\" sizes=\"auto, (max-width: 919px) 100vw, 919px\" \/><\/p>","protected":false},"excerpt":{"rendered":"<p>Trelleborg KLEGAINE GSV End\u00fcstriyel hortumlar\/PVC Hava, toz ve duman uzakla\u015ft\u0131rma da dahil olmak \u00fczere bir\u00e7ok kullan\u0131m\u0131 olan son derece\u00a0esnek, dayan\u0131kl\u0131 sistem. \u00d6zellikle ta\u015f\u0131ma \u00f6zellikleri ve \u00e7ekici g\u00f6r\u00fcn\u00fcm\u00fc nedeniyle evsel ve end\u00fcstriyel elektrikli\u00a0s\u00fcp\u00fcrgeler i\u00e7in uygundur. Avantajlar *Hafiftir ve kolay ta\u015f\u0131n\u0131r. *Y\u00fcksek esneklik i\u00e7in \u00e7ok katl\u0131 yap\u0131 ve \u00e7elik helis. *B\u00fck\u00fcld\u00fc\u011f\u00fcnde k\u0131r\u0131lma yapmaz, maksimum ak\u0131\u015f sa\u011flar. *Y\u00fcksek [&#8230;]\n","protected":false},"featured_media":2650,"comment_status":"open","ping_status":"closed","template":"","meta":{"jetpack_post_was_ever_published":false},"product_brand":[],"product_cat":[176],"product_tag":[294,425,357,427,222,426,424,290,358,361],"class_list":{"0":"post-574","1":"product","2":"type-product","3":"status-publish","4":"has-post-thumbnail","6":"product_cat-endustriyel-hortumlar","7":"product_tag-dayanikli","8":"product_tag-duman-uzaklastirma","9":"product_tag-endustriyel","10":"product_tag-endustriyel-supurge","11":"product_tag-esnek","12":"product_tag-evsel-supurge","13":"product_tag-hava","14":"product_tag-hortum","15":"product_tag-pvc","16":"product_tag-toz","18":"first","19":"instock","20":"taxable","21":"shipping-taxable","22":"product-type-variable"},"jetpack-related-posts":[],"jetpack_sharing_enabled":true,"jetpack_likes_enabled":true,"_links":{"self":[{"href":"https:\/\/tuzlahortum.com.tr\/ru\/wp-json\/wp\/v2\/product\/574","targetHints":{"allow":["GET"]}}],"collection":[{"href":"https:\/\/tuzlahortum.com.tr\/ru\/wp-json\/wp\/v2\/product"}],"about":[{"href":"https:\/\/tuzlahortum.com.tr\/ru\/wp-json\/wp\/v2\/types\/product"}],"replies":[{"embeddable":true,"href":"https:\/\/tuzlahortum.com.tr\/ru\/wp-json\/wp\/v2\/comments?post=574"}],"wp:featuredmedia":[{"embeddable":true,"href":"https:\/\/tuzlahortum.com.tr\/ru\/wp-json\/wp\/v2\/media\/2650"}],"wp:attachment":[{"href":"https:\/\/tuzlahortum.com.tr\/ru\/wp-json\/wp\/v2\/media?parent=574"}],"wp:term":[{"taxonomy":"product_brand","embeddable":true,"href":"https:\/\/tuzlahortum.com.tr\/ru\/wp-json\/wp\/v2\/product_brand?post=574"},{"taxonomy":"product_cat","embeddable":true,"href":"https:\/\/tuzlahortum.com.tr\/ru\/wp-json\/wp\/v2\/product_cat?post=574"},{"taxonomy":"product_tag","embeddable":true,"href":"https:\/\/tuzlahortum.com.tr\/ru\/wp-json\/wp\/v2\/product_tag?post=574"}],"curies":[{"name":"wp","href":"https:\/\/api.w.org\/{rel}","templated":true}]}}