{"id":572,"date":"2019-02-06T23:46:06","date_gmt":"2019-02-06T20:46:06","guid":{"rendered":"http:\/\/hortum.com.tr\/product\/import-placeholder-for-508\/"},"modified":"2024-03-21T17:45:17","modified_gmt":"2024-03-21T14:45:17","slug":"trelleborg-klegaine-gpu-s","status":"publish","type":"product","link":"https:\/\/tuzlahortum.com.tr\/ru\/product\/trelleborg-klegaine-gpu-s\/","title":{"rendered":"Trelleborg KLEGAINE GPU-S"},"content":{"rendered":"<h2>Trelleborg KLEGAINE GPU-S<\/h2>\n<div>\u041f\u0440\u043e\u043c\u044b\u0448\u043b\u0435\u043d\u043d\u044b\u0435 \u0448\u043b\u0430\u043d\u0433\u0438\/\u041f\u043e\u043b\u0438\u0443\u0440\u0435\u0442\u0430\u043d<\/div>\n<div>\u041e\u043d \u0447\u0440\u0435\u0437\u0432\u044b\u0447\u0430\u0439\u043d\u043e \u0434\u043e\u043b\u0433\u043e\u0432\u0435\u0447\u0435\u043d.<\/div>\n<div>\u0421\u0442\u0435\u043a\u043e\u043b\u044c\u043d\u044b\u0435 \u0437\u0430\u0432\u043e\u0434\u044b, \u0441\u0442\u0430\u043b\u0435\u043b\u0438\u0442\u0435\u0439\u043d\u0430\u044f \u043f\u0440\u043e\u043c\u044b\u0448\u043b\u0435\u043d\u043d\u043e\u0441\u0442\u044c, \u043f\u0435\u0440\u0435\u0440\u0430\u0431\u043e\u0442\u043a\u0430 \u043f\u043e\u043b\u0435\u0437\u043d\u044b\u0445 \u0438\u0441\u043a\u043e\u043f\u0430\u0435\u043c\u044b\u0445, \u043f\u043e\u0440\u0442\u044b, \u0446\u0435\u043c\u0435\u043d\u0442\u043d\u044b\u0435 \u0437\u0430\u0432\u043e\u0434\u044b, \u043a\u0440\u0443\u043f\u043d\u044b\u0435 \u043f\u0440\u043e\u043c\u044b\u0448\u043b\u0435\u043d\u043d\u044b\u0435 \u043f\u0440\u0435\u0434\u043f\u0440\u0438\u044f\u0442\u0438\u044f.<\/div>\n<div>\u043c\u0435\u0442\u0430\u043b\u043b\u0438\u0447\u0435\u0441\u043a\u0430\u044f \u0441\u0442\u0440\u0443\u0436\u043a\u0430, \u043f\u0435\u0441\u043e\u043a, \u0433\u0440\u0430\u0432\u0438\u0439, \u043b\u0435\u0434 \u0438 \u0442.\u043f. \u0432 \u043f\u044b\u043b\u0435\u0441\u043e\u0441\u0430\u0445. \u0418\u0434\u0435\u0430\u043b\u044c\u043d\u043e \u043f\u043e\u0434\u0445\u043e\u0434\u0438\u0442 \u0434\u043b\u044f \u0442\u0440\u0430\u043d\u0441\u043f\u043e\u0440\u0442\u0438\u0440\u043e\u0432\u043a\u0438 \u0432\u044b\u0441\u043e\u043a\u043e\u043a\u043e\u0440\u0440\u043e\u0437\u0438\u043e\u043d\u043d\u044b\u0445 \u043c\u0430\u0442\u0435\u0440\u0438\u0430\u043b\u043e\u0432, \u0442\u0430\u043a\u0438\u0445 \u043a\u0430\u043a<\/div>\n<div>\u041f\u0440\u0435\u0438\u043c\u0443\u0449\u0435\u0441\u0442\u0432\u0430<\/div>\n<div>*\u0423\u043d\u0438\u043a\u0430\u043b\u044c\u043d\u0430\u044f \u0443\u0441\u0442\u043e\u0439\u0447\u0438\u0432\u043e\u0441\u0442\u044c \u043a \u0438\u0441\u0442\u0438\u0440\u0430\u043d\u0438\u044e \u0438 \u043f\u0440\u043e\u043a\u043e\u043b\u0443.<\/div>\n<div>* \u0421\u0442\u0430\u043b\u044c\u043d\u0430\u044f \u0441\u043f\u0438\u0440\u0430\u043b\u044c \u0441 \u043c\u0435\u0434\u043d\u044b\u043c \u043f\u043e\u043a\u0440\u044b\u0442\u0438\u0435\u043c, \u0443\u0441\u0442\u043e\u0439\u0447\u0438\u0432\u0430\u044f \u043a \u0434\u0430\u0432\u043b\u0435\u043d\u0438\u044e, \u0434\u0430\u0432\u043b\u0435\u043d\u0438\u044e \u0438 \u0432\u0430\u043a\u0443\u0443\u043c\u0443. \u0421\u0432\u0430\u0440\u043d\u043e\u0439 \u043a\u043e\u0440\u043f\u0443\u0441 \u0438\u0437 \u043f\u043e\u043b\u0438\u0443\u0440\u0435\u0442\u0430\u043d\u0430.<\/div>\n<div>*\u041e\u0447\u0435\u043d\u044c \u0433\u043b\u0430\u0434\u043a\u0430\u044f \u0432\u043d\u0443\u0442\u0440\u0435\u043d\u043d\u044f\u044f \u043f\u043e\u0432\u0435\u0440\u0445\u043d\u043e\u0441\u0442\u044c \u043e\u0431\u0435\u0441\u043f\u0435\u0447\u0438\u0432\u0430\u0435\u0442 \u043e\u043f\u0442\u0438\u043c\u0430\u043b\u044c\u043d\u044b\u0439 \u043f\u043e\u0442\u043e\u043a.<\/div>\n<div>*\u0412\u044b\u0441\u043e\u043a\u0430\u044f \u0443\u0441\u0442\u043e\u0439\u0447\u0438\u0432\u043e\u0441\u0442\u044c \u043a \u043e\u0437\u043e\u043d\u0443 \u0438 \u0443\u043b\u044c\u0442\u0440\u0430\u0444\u0438\u043e\u043b\u0435\u0442\u0443.<\/div>\n<div>*\u0423\u0441\u0442\u043e\u0439\u0447\u0438\u0432\u043e\u0441\u0442\u044c \u043a \u043c\u0430\u0441\u043b\u0430\u043c, \u0440\u0430\u0441\u0442\u0432\u043e\u0440\u0438\u0442\u0435\u043b\u044f\u043c \u0438 \u0441\u0440\u0435\u0434\u043d\u0438\u043c \u043a\u043e\u043d\u0446\u0435\u043d\u0442\u0440\u0430\u0446\u0438\u044f\u043c \u043f\u0430\u0440\u043e\u0432\u043e\u0439 \u0444\u0430\u0437\u044b \u043f\u0440\u043e\u043c\u044b\u0448\u043b\u0435\u043d\u043d\u044b\u0445 \u0445\u0438\u043c\u0438\u043a\u0430\u0442\u043e\u0432.<\/div>\n<div>\u0422\u0435\u0445\u043d\u0438\u0447\u0435\u0441\u043a\u043e\u0435 \u043e\u043f\u0438\u0441\u0430\u043d\u0438\u0435<\/div>\n<div>\u041e\u0447\u0435\u043d\u044c \u043f\u043b\u043e\u0442\u043d\u044b\u0439 \u043f\u043e\u043b\u0438\u0443\u0440\u0435\u0442\u0430\u043d\u043e\u0432\u044b\u0439 \u043a\u043e\u0440\u043f\u0443\u0441 \u043d\u0430 \u043e\u0441\u043d\u043e\u0432\u0435 \u044d\u0444\u0438\u0440\u0430, \u043f\u0440\u043e\u0437\u0440\u0430\u0447\u043d\u0430\u044f, \u0433\u043b\u0430\u0434\u043a\u0430\u044f \u0432\u043d\u0443\u0442\u0440\u0435\u043d\u043d\u044f\u044f \u043f\u043e\u0432\u0435\u0440\u0445\u043d\u043e\u0441\u0442\u044c.<\/div>\n<div>\u0423\u0441\u0438\u043b\u0435\u043d\u0438\u0435: \u0441\u0442\u0430\u043b\u044c\u043d\u0430\u044f \u043f\u0440\u0443\u0436\u0438\u043d\u0430 \u0441 \u043c\u0435\u0434\u043d\u044b\u043c \u043f\u043e\u043a\u0440\u044b\u0442\u0438\u0435\u043c, \u043e\u0431\u0435\u0441\u043f\u0435\u0447\u0438\u0432\u0430\u044e\u0449\u0430\u044f \u0437\u0430\u0449\u0438\u0442\u0443 \u0432 \u0437\u043e\u043d\u0435 \u0438\u0437\u043d\u043e\u0441\u0430.<\/div>\n<div>\u0414\u0438\u0430\u043f\u0430\u0437\u043e\u043d \u0442\u0435\u043c\u043f\u0435\u0440\u0430\u0442\u0443\u0440: \u043e\u0442 -30\u00b0C \u0434\u043e +100\u00b0C.<\/div>\n<div>\u041e\u0441\u043e\u0431\u0435\u043d\u043d\u043e\u0441\u0442\u0438: \u0418\u0437\u043d\u043e\u0441 ISO 4649: 30 \u043c\u043c3. \u041d\u0435 \u0441\u043e\u0434\u0435\u0440\u0436\u0438\u0442 \u0433\u0430\u043b\u043e\u0433\u0435\u043d\u043e\u0432 \u0438 \u043f\u043b\u0430\u0441\u0442\u0438\u0444\u0438\u043a\u0430\u0442\u043e\u0440\u043e\u0432.<\/div>\n<div>\u0421\u0430\u043b\u044c\u043d\u0438\u043a\u0438\/\u0444\u0438\u0442\u0438\u043d\u0433\u0438<\/div>\n<div>\u0421\u0442\u0430\u043d\u0434\u0430\u0440\u0442: \u0437\u0430\u0436\u0438\u043c\u043d\u043e\u0435 \u0441\u043e\u0435\u0434\u0438\u043d\u0435\u043d\u0438\u0435.<\/div>\n<div>\u041e\u043f\u0446\u0438\u044f: \u043c\u043e\u0436\u043d\u043e \u0432\u0432\u0438\u043d\u0447\u0438\u0432\u0430\u0442\u044c \u0432 \u0444\u0438\u0442\u0438\u043d\u0433\u0438.<\/div>\n<div>\u0414\u043e\u043f\u043e\u043b\u043d\u0438\u0442\u0435\u043b\u044c\u043d\u0430\u044f \u0438\u043d\u0444\u043e\u0440\u043c\u0430\u0446\u0438\u044f<\/div>\n<div>\u0422\u0435\u0445\u043d\u0438\u0447\u0435\u0441\u043a\u0438\u0435 \u0434\u0430\u043d\u043d\u044b\u0435 \u0434\u043b\u044f \u0443\u0441\u043b\u043e\u0432\u0438\u0439 \u044d\u043a\u0441\u043f\u043b\u0443\u0430\u0442\u0430\u0446\u0438\u0438 \u043f\u0440\u0438 20\u00b0C.<\/div>\n<div class=\"video video-fit mb\" style=\"padding-top:56.25%;\"><p><iframe loading=\"lazy\" title=\"\u041f\u0443\u0442\u0430\u043d\u0438\u0446\u0430 \u0432 \u0438\u0437\u043c\u0435\u0440\u0435\u043d\u0438\u044f\u0445 (\u0434\u044e\u0439\u043c\u044b, \u043f\u0430\u043b\u044c\u0446\u044b, \u0434\u044b\u043c\u043a\u0430, \u043c\u0438\u043b\u043b\u0438\u043c\u0435\u0442\u0440\u044b)\" width=\"1020\" height=\"574\" src=\"https:\/\/www.youtube.com\/embed\/uKk6AG_AZls?feature=oembed\" frameborder=\"0\" allow=\"accelerometer; autoplay; clipboard-write; encrypted-media; gyroscope; picture-in-picture; web-share\" referrerpolicy=\"strict-origin-when-cross-origin\" allowfullscreen><\/iframe><\/p>\n<\/div>\n<div class=\"video video-fit mb\" style=\"padding-top:56.25%;\"><p>https:\/\/www.youtube.com\/watch?v=O8ZlzKEjfEQ%20<\/p>\n<\/div>\n<p><img data-recalc-dims=\"1\" loading=\"lazy\" decoding=\"async\" class=\"alignnone size-full wp-image-2107\" src=\"https:\/\/i0.wp.com\/tuzlahortum.com.tr\/wp-content\/uploads\/urunler\/trelleborg\/Trelleborg-KLEGAINE-GPU-S.jpg?resize=904%2C538&#038;ssl=1\" alt=\"\" width=\"904\" height=\"538\" title=\"\" srcset=\"https:\/\/i0.wp.com\/tuzlahortum.com.tr\/wp-content\/uploads\/urunler\/trelleborg\/Trelleborg-KLEGAINE-GPU-S.jpg?w=904&amp;ssl=1 904w, https:\/\/i0.wp.com\/tuzlahortum.com.tr\/wp-content\/uploads\/urunler\/trelleborg\/Trelleborg-KLEGAINE-GPU-S.jpg?resize=672%2C400&amp;ssl=1 672w, https:\/\/i0.wp.com\/tuzlahortum.com.tr\/wp-content\/uploads\/urunler\/trelleborg\/Trelleborg-KLEGAINE-GPU-S.jpg?resize=768%2C457&amp;ssl=1 768w, https:\/\/i0.wp.com\/tuzlahortum.com.tr\/wp-content\/uploads\/urunler\/trelleborg\/Trelleborg-KLEGAINE-GPU-S.jpg?resize=600%2C357&amp;ssl=1 600w\" sizes=\"auto, (max-width: 904px) 100vw, 904px\" \/><\/p>","protected":false},"excerpt":{"rendered":"<p>Trelleborg KLEGAINE GPU-S End\u00fcstriyel hortumlar\/Poli\u00fcretan Son derece dayan\u0131kl\u0131d\u0131r. Cam tesisleri, \u00e7elik end\u00fcstrisi, mineral i\u015fleme, limanlar, \u00e7imento tesisleri, b\u00fcy\u00fck end\u00fcstriyel elektrikli s\u00fcp\u00fcrgelerde metal tala\u015f\u0131, kum, \u00e7ak\u0131l, buz, vs. gibi son derece a\u015f\u0131nd\u0131r\u0131c\u0131 malzemelerin\u00a0ta\u015f\u0131nmas\u0131 i\u00e7in idealdir. Avantajlar *A\u015f\u0131nma ve delinmeye kar\u015f\u0131 benzersiz dayan\u0131m. *Ezilme, bas\u0131n\u00e7, vakuma dayan\u0131kl\u0131 bak\u0131r kapl\u0131 \u00e7elik helis. Poli\u00fcretan g\u00f6vdeyle kaynat\u0131lm\u0131\u015ft\u0131r. *\u00c7ok d\u00fczg\u00fcn olan [&#8230;]\n","protected":false},"featured_media":2648,"comment_status":"open","ping_status":"closed","template":"","meta":{"jetpack_post_was_ever_published":false},"product_brand":[],"product_cat":[176],"product_tag":[417,413,416,415,409,365,412,294,357,290,414,411,410,381],"class_list":{"0":"post-572","1":"product","2":"type-product","3":"status-publish","4":"has-post-thumbnail","6":"product_cat-endustriyel-hortumlar","7":"product_tag-asindirici-malzeme-tasinmasi","8":"product_tag-buyuk-endustriyel-elektrikli-supurgelerde-metal-talasi","9":"product_tag-buz","10":"product_tag-cakil","11":"product_tag-cam-tesisler","12":"product_tag-celik-endustrisi","13":"product_tag-cimento-tesisleri","14":"product_tag-dayanikli","15":"product_tag-endustriyel","16":"product_tag-hortum","17":"product_tag-kum","18":"product_tag-limanlar","19":"product_tag-mineral-isleme","20":"product_tag-poliuretan","22":"first","23":"instock","24":"taxable","25":"shipping-taxable","26":"product-type-variable"},"jetpack-related-posts":[],"jetpack_sharing_enabled":true,"jetpack_likes_enabled":true,"_links":{"self":[{"href":"https:\/\/tuzlahortum.com.tr\/ru\/wp-json\/wp\/v2\/product\/572","targetHints":{"allow":["GET"]}}],"collection":[{"href":"https:\/\/tuzlahortum.com.tr\/ru\/wp-json\/wp\/v2\/product"}],"about":[{"href":"https:\/\/tuzlahortum.com.tr\/ru\/wp-json\/wp\/v2\/types\/product"}],"replies":[{"embeddable":true,"href":"https:\/\/tuzlahortum.com.tr\/ru\/wp-json\/wp\/v2\/comments?post=572"}],"wp:featuredmedia":[{"embeddable":true,"href":"https:\/\/tuzlahortum.com.tr\/ru\/wp-json\/wp\/v2\/media\/2648"}],"wp:attachment":[{"href":"https:\/\/tuzlahortum.com.tr\/ru\/wp-json\/wp\/v2\/media?parent=572"}],"wp:term":[{"taxonomy":"product_brand","embeddable":true,"href":"https:\/\/tuzlahortum.com.tr\/ru\/wp-json\/wp\/v2\/product_brand?post=572"},{"taxonomy":"product_cat","embeddable":true,"href":"https:\/\/tuzlahortum.com.tr\/ru\/wp-json\/wp\/v2\/product_cat?post=572"},{"taxonomy":"product_tag","embeddable":true,"href":"https:\/\/tuzlahortum.com.tr\/ru\/wp-json\/wp\/v2\/product_tag?post=572"}],"curies":[{"name":"wp","href":"https:\/\/api.w.org\/{rel}","templated":true}]}}