{"id":569,"date":"2019-02-06T23:46:05","date_gmt":"2019-02-06T20:46:05","guid":{"rendered":"http:\/\/hortum.com.tr\/product\/import-placeholder-for-505\/"},"modified":"2024-03-21T17:45:20","modified_gmt":"2024-03-21T14:45:20","slug":"trelleborg-klegaine-gpu-fg","status":"publish","type":"product","link":"https:\/\/tuzlahortum.com.tr\/ru\/product\/trelleborg-klegaine-gpu-fg\/","title":{"rendered":"\u0422\u0440\u0435\u043b\u043b\u0435\u0431\u043e\u0440\u0433 \u041a\u041b\u0415\u0413\u0410\u0419\u041d \u0413\u041f\u0423-\u0424\u0413"},"content":{"rendered":"<h2>\u0422\u0440\u0435\u043b\u043b\u0435\u0431\u043e\u0440\u0433 \u041a\u041b\u0415\u0413\u0410\u0419\u041d \u0413\u041f\u0423-\u0424\u0413<\/h2>\n<p>\u041f\u0440\u043e\u043c\u044b\u0448\u043b\u0435\u043d\u043d\u044b\u0435 \u0448\u043b\u0430\u043d\u0433\u0438\/\u041f\u043e\u043b\u0438\u0443\u0440\u0435\u0442\u0430\u043d<\/p>\n<p>\u041f\u0438\u0449\u0435\u0432\u043e\u0439, \u043e\u0447\u0435\u043d\u044c \u0433\u043b\u0430\u0434\u043a\u0438\u0439.<\/p>\n<p>\u0438 \u044d\u043a\u0441\u0442\u0440\u0430\u043a\u0446\u0438\u044f \u0430\u0431\u0440\u0430\u0437\u0438\u0432\u043d\u044b\u0445 \u043c\u0430\u0442\u0435\u0440\u0438\u0430\u043b\u043e\u0432, \u043f\u043e\u0440\u043e\u0448\u043a\u043e\u0432 \u0438 \u0433\u0440\u0430\u043d\u0443\u043b \u0432 \u043f\u0438\u0449\u0435\u0432\u043e\u0439 \u043f\u0440\u043e\u043c\u044b\u0448\u043b\u0435\u043d\u043d\u043e\u0441\u0442\u0438 \u0438 \u043b\u0435\u043a\u0430\u0440\u0441\u0442\u0432 \u0432 \u0444\u0430\u0440\u043c\u0430\u0446\u0435\u0432\u0442\u0438\u0447\u0435\u0441\u043a\u0438\u0445 \u043b\u0430\u0431\u043e\u0440\u0430\u0442\u043e\u0440\u0438\u044f\u0445<\/p>\n<p>\u0418\u0434\u0435\u0430\u043b\u044c\u043d\u043e \u043f\u043e\u0434\u0445\u043e\u0434\u0438\u0442 \u0434\u043b\u044f \u0442\u0440\u0430\u043d\u0441\u043f\u043e\u0440\u0442\u0438\u0440\u043e\u0432\u043a\u0438.<\/p>\n<p>\u041f\u0440\u043e\u043c\u044b\u0448\u043b\u0435\u043d\u043d\u044b\u0435 \u043f\u044b\u043b\u0435\u0441\u043e\u0441\u044b \u0438 \u0443\u0441\u0442\u0440\u043e\u0439\u0441\u0442\u0432\u0430 \u0434\u043b\u044f \u0443\u0445\u043e\u0434\u0430 \u0437\u0430 \u043f\u043e\u043b\u043e\u043c, \u0433\u0430\u0437\u043e\u043d\u043e\u043a\u043e\u0441\u0438\u043b\u043a\u0438 \u0438 \u0443\u0441\u0442\u0440\u043e\u0439\u0441\u0442\u0432\u0430 \u0434\u043b\u044f \u0443\u0445\u043e\u0434\u0430 \u0437\u0430 \u043f\u043e\u043b\u043e\u043c \u0438\u0437 \u043c\u0438\u043d\u0435\u0440\u0430\u043b\u044c\u043d\u043e\u0439 \u0432\u0430\u0442\u044b.<\/p>\n<p>\u0414\u0435\u0440\u0435\u0432\u043e\u043e\u0431\u0440\u0430\u0431\u0430\u0442\u044b\u0432\u0430\u044e\u0449\u0430\u044f \u043f\u0440\u043e\u043c\u044b\u0448\u043b\u0435\u043d\u043d\u043e\u0441\u0442\u044c.<\/p>\n<p>\u041a\u0430\u0431\u0435\u043b\u044c-\u043a\u0430\u043d\u0430\u043b \u0434\u043b\u044f \u0440\u043e\u0431\u043e\u0442\u043e\u0442\u0435\u0445\u043d\u0438\u043a\u0438, \u0440\u0435\u043d\u0442\u0433\u0435\u043d\u043e\u0432\u0441\u043a\u0438\u0445 \u0430\u043f\u043f\u0430\u0440\u0430\u0442\u043e\u0432.<\/p>\n<p>\u041f\u0440\u0435\u0438\u043c\u0443\u0449\u0435\u0441\u0442\u0432\u0430<\/p>\n<p>*\u041f\u043e\u043b\u0438\u0443\u0440\u0435\u0442\u0430\u043d, \u043f\u0440\u0438\u0433\u043e\u0434\u043d\u044b\u0439 \u0434\u043b\u044f \u0438\u0441\u043f\u043e\u043b\u044c\u0437\u043e\u0432\u0430\u043d\u0438\u044f \u0432 \u043f\u0438\u0449\u0435\u0432\u044b\u0445 \u043f\u0440\u043e\u0434\u0443\u043a\u0442\u0430\u0445.<\/p>\n<p>*\u0412\u044b\u0441\u043e\u043a\u0430\u044f \u0443\u0441\u0442\u043e\u0439\u0447\u0438\u0432\u043e\u0441\u0442\u044c \u043a \u0438\u0441\u0442\u0438\u0440\u0430\u043d\u0438\u044e, \u043f\u0440\u043e\u043a\u043e\u043b\u0430\u043c \u0438 \u0443\u0434\u0430\u0440\u0430\u043c.<\/p>\n<p>*\u0423\u043d\u0438\u043a\u0430\u043b\u044c\u043d\u0430\u044f \u0433\u0438\u0431\u043a\u043e\u0441\u0442\u044c \u0431\u043b\u0430\u0433\u043e\u0434\u0430\u0440\u044f \u0441\u043f\u0438\u0440\u0430\u043b\u0438 \u0438\u0437 \u041f\u0412\u0425 \u0438 \u043a\u043e\u0440\u043f\u0443\u0441\u0443 \u0438\u0437 \u043f\u043e\u043b\u0438\u0443\u0440\u0435\u0442\u0430\u043d\u0430, \u043a\u043e\u0442\u043e\u0440\u044b\u0435 \u043e\u0431\u0435\u0441\u043f\u0435\u0447\u0438\u0432\u0430\u044e\u0442 \u0438\u0434\u0435\u0430\u043b\u044c\u043d\u043e\u0435 \u0441\u043e\u0435\u0434\u0438\u043d\u0435\u043d\u0438\u0435.<\/p>\n<p>*\u0412\u044b\u0441\u043e\u043a\u0430\u044f \u0443\u0441\u0442\u043e\u0439\u0447\u0438\u0432\u043e\u0441\u0442\u044c \u043a \u0433\u0438\u0434\u0440\u043e\u043b\u0438\u0437\u0443 \u0438 \u043c\u0438\u043a\u0440\u043e\u0431\u0438\u043e\u043b\u043e\u0433\u0438\u0447\u0435\u0441\u043a\u0438\u043c \u0432\u043e\u0437\u0434\u0435\u0439\u0441\u0442\u0432\u0438\u044f\u043c.<\/p>\n<p>*\u041e\u043d \u043b\u0435\u0433\u043a\u0438\u0439 \u0438 \u0433\u0438\u0431\u043a\u0438\u0439 \u043f\u0440\u0438 \u043d\u0438\u0437\u043a\u0438\u0445 \u0442\u0435\u043c\u043f\u0435\u0440\u0430\u0442\u0443\u0440\u0430\u0445. \u0413\u043b\u0430\u0434\u043a\u0430\u044f \u0432\u043d\u0443\u0442\u0440\u0435\u043d\u043d\u044f\u044f \u043f\u043e\u0432\u0435\u0440\u0445\u043d\u043e\u0441\u0442\u044c \u043e\u0431\u0435\u0441\u043f\u0435\u0447\u0438\u0432\u0430\u0435\u0442 \u043e\u043f\u0442\u0438\u043c\u0430\u043b\u044c\u043d\u044b\u0439 \u043f\u043e\u0442\u043e\u043a.<\/p>\n<p>*\u0412\u044b\u0441\u043e\u043a\u0430\u044f \u0443\u0441\u0442\u043e\u0439\u0447\u0438\u0432\u043e\u0441\u0442\u044c \u043a \u043e\u0437\u043e\u043d\u0443 \u0438 \u0443\u043b\u044c\u0442\u0440\u0430\u0444\u0438\u043e\u043b\u0435\u0442\u0443.<\/p>\n<p>*\u0412\u044b\u0441\u043e\u043a\u0430\u044f \u0443\u0441\u0442\u043e\u0439\u0447\u0438\u0432\u043e\u0441\u0442\u044c \u043a\u043e \u043c\u043d\u043e\u0433\u0438\u043c \u043c\u0430\u0441\u043b\u0430\u043c, \u0440\u0430\u0441\u0442\u0432\u043e\u0440\u0438\u0442\u0435\u043b\u044f\u043c, \u043f\u0440\u043e\u043c\u044b\u0448\u043b\u0435\u043d\u043d\u044b\u043c \u0445\u0438\u043c\u0438\u043a\u0430\u0442\u0430\u043c \u0441\u0440\u0435\u0434\u043d\u0435\u0439 \u043f\u043b\u043e\u0442\u043d\u043e\u0441\u0442\u0438 \u0432 \u043f\u0430\u0440\u043e\u0432\u043e\u0439 \u0444\u0430\u0437\u0435.<\/p>\n<p>\u0422\u0435\u0445\u043d\u0438\u0447\u0435\u0441\u043a\u043e\u0435 \u043e\u043f\u0438\u0441\u0430\u043d\u0438\u0435<\/p>\n<p>\u041a\u043e\u0440\u043f\u0443\u0441 \u0438\u0437 \u043f\u043e\u043b\u0438\u0443\u0440\u0435\u0442\u0430\u043d\u0430 \u043d\u0430 \u043e\u0441\u043d\u043e\u0432\u0435 \u044d\u0444\u0438\u0440\u0430, \u043f\u0440\u043e\u0437\u0440\u0430\u0447\u043d\u0430\u044f, \u0433\u043b\u0430\u0434\u043a\u0430\u044f \u0432\u043d\u0443\u0442\u0440\u0435\u043d\u043d\u044f\u044f \u043f\u043e\u0432\u0435\u0440\u0445\u043d\u043e\u0441\u0442\u044c.<\/p>\n<p>\u0423\u0441\u0438\u043b\u0435\u043d\u0438\u0435: \u0423\u0434\u0430\u0440\u043e\u043f\u0440\u043e\u0447\u043d\u0430\u044f \u043f\u0440\u0443\u0436\u0438\u043d\u0430 \u0438\u0437 \u0442\u0432\u0435\u0440\u0434\u043e\u0433\u043e \u041f\u0412\u0425, \u0432\u0441\u0442\u0440\u043e\u0435\u043d\u043d\u0430\u044f \u0432 \u043f\u043e\u043b\u0438\u0443\u0440\u0435\u0442\u0430\u043d\u043e\u0432\u044b\u0439 \u043a\u043e\u0440\u043f\u0443\u0441.<\/p>\n<p>\u0414\u0438\u0430\u043f\u0430\u0437\u043e\u043d \u0442\u0435\u043c\u043f\u0435\u0440\u0430\u0442\u0443\u0440: \u043e\u0442 -30\u00b0C \u0434\u043e +80\u00b0C.<\/p>\n<p>\u042d\u043b\u0435\u043a\u0442\u0440\u0438\u0447\u0435\u0441\u043a\u0438\u0435 \u0441\u0432\u043e\u0439\u0441\u0442\u0432\u0430: \u041d\u0435\u043f\u0440\u043e\u0432\u043e\u0434\u044f\u0449\u0438\u0439.<\/p>\n<p>\u041e\u043f\u0446\u0438\u044f: \u043c\u0435\u0434\u043d\u044b\u0439 \u043f\u0440\u043e\u0432\u043e\u0434 \u0441 \u041f\u0412\u0425-\u043f\u043e\u043a\u0440\u044b\u0442\u0438\u0435\u043c \u0434\u043b\u044f \u0434\u043e\u0441\u0442\u0438\u0436\u0435\u043d\u0438\u044f \u044d\u043b\u0435\u043a\u0442\u0440\u0438\u0447\u0435\u0441\u043a\u043e\u0433\u043e \u044d\u043a\u0432\u0438\u043f\u043e\u0442\u0435\u043d\u0446\u0438\u0430\u043b\u0430.<\/p>\n<p>\u041e\u0441\u043e\u0431\u044b\u0435 \u0441\u0432\u043e\u0439\u0441\u0442\u0432\u0430: \u0418\u0437\u043d\u043e\u0441 ISO 4649: 40 \u043c\u043c3.<\/p>\n<p>\u041a\u0430\u0447\u0435\u0441\u0442\u0432\u043e, \u043f\u0440\u0438\u0433\u043e\u0434\u043d\u043e\u0435 \u0434\u043b\u044f \u0443\u043f\u043e\u0442\u0440\u0435\u0431\u043b\u0435\u043d\u0438\u044f \u0432 \u043f\u0438\u0449\u0443.<\/p>\n<p>\u0421\u0442\u0430\u043d\u0434\u0430\u0440\u0442\/\u041e\u0434\u043e\u0431\u0440\u0435\u043d\u0438\u0435: \u0420\u0435\u0433\u043b\u0430\u043c\u0435\u043d\u0442 \u0415\u0421 10\/2011\/EC.<\/p>\n<p>\u0421\u0430\u043b\u044c\u043d\u0438\u043a\u0438\/\u0444\u0438\u0442\u0438\u043d\u0433\u0438<\/p>\n<p>\u0421\u0442\u0430\u043d\u0434\u0430\u0440\u0442: \u0437\u0430\u0436\u0438\u043c\u043d\u043e\u0435 \u0441\u043e\u0435\u0434\u0438\u043d\u0435\u043d\u0438\u0435.<\/p>\n<p>\u041e\u043f\u0446\u0438\u044f: \u043c\u043e\u0436\u043d\u043e \u0432\u0432\u0438\u043d\u0447\u0438\u0432\u0430\u0442\u044c \u0432 \u0444\u0438\u0442\u0438\u043d\u0433\u0438.<\/p>\n<p>\u0414\u043e\u043f\u043e\u043b\u043d\u0438\u0442\u0435\u043b\u044c\u043d\u0430\u044f \u0438\u043d\u0444\u043e\u0440\u043c\u0430\u0446\u0438\u044f<\/p>\n<p>\u0422\u0435\u0445\u043d\u0438\u0447\u0435\u0441\u043a\u0438\u0435 \u0434\u0430\u043d\u043d\u044b\u0435 \u0434\u043b\u044f \u0443\u0441\u043b\u043e\u0432\u0438\u0439 \u044d\u043a\u0441\u043f\u043b\u0443\u0430\u0442\u0430\u0446\u0438\u0438 \u043f\u0440\u0438 20\u00b0C.<\/p>\n<div class=\"video video-fit mb\" style=\"padding-top:56.25%;\"><p><iframe loading=\"lazy\" title=\"\u041f\u0443\u0442\u0430\u043d\u0438\u0446\u0430 \u0432 \u0438\u0437\u043c\u0435\u0440\u0435\u043d\u0438\u044f\u0445 (\u0434\u044e\u0439\u043c\u044b, \u043f\u0430\u043b\u044c\u0446\u044b, \u0434\u044b\u043c\u043a\u0430, \u043c\u0438\u043b\u043b\u0438\u043c\u0435\u0442\u0440\u044b)\" width=\"1020\" height=\"574\" src=\"https:\/\/www.youtube.com\/embed\/uKk6AG_AZls?feature=oembed\" frameborder=\"0\" allow=\"accelerometer; autoplay; clipboard-write; encrypted-media; gyroscope; picture-in-picture; web-share\" referrerpolicy=\"strict-origin-when-cross-origin\" allowfullscreen><\/iframe><\/p>\n<\/div>\n<div class=\"video video-fit mb\" style=\"padding-top:56.25%;\"><p>https:\/\/www.youtube.com\/watch?v=O8ZlzKEjfEQ%20<\/p>\n<\/div>\n<p><img data-recalc-dims=\"1\" loading=\"lazy\" decoding=\"async\" class=\"alignnone size-medium wp-image-2110\" src=\"https:\/\/i0.wp.com\/hortum.com.tr\/wp-content\/uploads\/urunler\/trelleborg\/Trelleborg-KLEGAINE-GPU-FG-651x400.jpg?resize=651%2C400\" alt=\"\" width=\"651\" height=\"400\" title=\"\" srcset=\"https:\/\/i0.wp.com\/tuzlahortum.com.tr\/wp-content\/uploads\/urunler\/trelleborg\/Trelleborg-KLEGAINE-GPU-FG.jpg?resize=651%2C400&amp;ssl=1 651w, https:\/\/i0.wp.com\/tuzlahortum.com.tr\/wp-content\/uploads\/urunler\/trelleborg\/Trelleborg-KLEGAINE-GPU-FG.jpg?resize=768%2C472&amp;ssl=1 768w, https:\/\/i0.wp.com\/tuzlahortum.com.tr\/wp-content\/uploads\/urunler\/trelleborg\/Trelleborg-KLEGAINE-GPU-FG.jpg?resize=600%2C369&amp;ssl=1 600w, https:\/\/i0.wp.com\/tuzlahortum.com.tr\/wp-content\/uploads\/urunler\/trelleborg\/Trelleborg-KLEGAINE-GPU-FG.jpg?w=905&amp;ssl=1 905w\" sizes=\"auto, (max-width: 651px) 100vw, 651px\" \/><\/p>","protected":false},"excerpt":{"rendered":"<p>Trelleborg KLEGAINE GPU-FG End\u00fcstriyel hortumlar\/Poli\u00fcretan G\u0131daya uygun kalitede, son derece d\u00fczg\u00fcn. G\u0131da end\u00fcstrisinde a\u015f\u0131nd\u0131r\u0131c\u0131 malzemeler, tozlar ve gran\u00fcllerin ve ila\u00e7 laboratuvarlar\u0131nda\u00a0ila\u00e7lar\u0131n \u00e7ekilmesi ve ta\u015f\u0131nmas\u0131 i\u00e7in idealdir. End\u00fcstriyel elektrik s\u00fcp\u00fcrgeleri ve zemin bak\u0131m uygulamalar\u0131, \u00e7imen bi\u00e7me makineleri ve kaya\u00a0y\u00fcn\u00fc projeksiyonu. Ah\u015fap i\u015fleme end\u00fcstrileri. Robotikler, r\u00f6ntgen makineleri i\u00e7in kablo kanal\u0131. Avantajlar *G\u0131dada kullan\u0131ma uygun poli\u00fcretan. *A\u015f\u0131nma, delinme [&#8230;]\n","protected":false},"featured_media":2645,"comment_status":"open","ping_status":"closed","template":"","meta":{"jetpack_post_was_ever_published":false},"product_brand":[],"product_cat":[176],"product_tag":[401,388,391,385,357,2163,387,389,290,390,381,343,361,384],"class_list":{"0":"post-569","1":"product","2":"type-product","3":"status-publish","4":"has-post-thumbnail","6":"product_cat-endustriyel-hortumlar","7":"product_tag-ahsap-isleme","8":"product_tag-asindirici-malzemeler","9":"product_tag-cekilme","10":"product_tag-cimen-bicme-makineleri","11":"product_tag-endustriyel","12":"product_tag-gida-endustri","13":"product_tag-gidaya-uygun","14":"product_tag-granul","15":"product_tag-hortum","16":"product_tag-ilac","17":"product_tag-poliuretan","18":"product_tag-tahliye","19":"product_tag-toz","20":"product_tag-zemin-bakim-uygulamalari","22":"first","23":"instock","24":"taxable","25":"shipping-taxable","26":"product-type-variable"},"jetpack-related-posts":[],"jetpack_sharing_enabled":true,"jetpack_likes_enabled":true,"_links":{"self":[{"href":"https:\/\/tuzlahortum.com.tr\/ru\/wp-json\/wp\/v2\/product\/569","targetHints":{"allow":["GET"]}}],"collection":[{"href":"https:\/\/tuzlahortum.com.tr\/ru\/wp-json\/wp\/v2\/product"}],"about":[{"href":"https:\/\/tuzlahortum.com.tr\/ru\/wp-json\/wp\/v2\/types\/product"}],"replies":[{"embeddable":true,"href":"https:\/\/tuzlahortum.com.tr\/ru\/wp-json\/wp\/v2\/comments?post=569"}],"wp:featuredmedia":[{"embeddable":true,"href":"https:\/\/tuzlahortum.com.tr\/ru\/wp-json\/wp\/v2\/media\/2645"}],"wp:attachment":[{"href":"https:\/\/tuzlahortum.com.tr\/ru\/wp-json\/wp\/v2\/media?parent=569"}],"wp:term":[{"taxonomy":"product_brand","embeddable":true,"href":"https:\/\/tuzlahortum.com.tr\/ru\/wp-json\/wp\/v2\/product_brand?post=569"},{"taxonomy":"product_cat","embeddable":true,"href":"https:\/\/tuzlahortum.com.tr\/ru\/wp-json\/wp\/v2\/product_cat?post=569"},{"taxonomy":"product_tag","embeddable":true,"href":"https:\/\/tuzlahortum.com.tr\/ru\/wp-json\/wp\/v2\/product_tag?post=569"}],"curies":[{"name":"wp","href":"https:\/\/api.w.org\/{rel}","templated":true}]}}