{"id":561,"date":"2019-02-06T23:46:03","date_gmt":"2019-02-06T20:46:03","guid":{"rendered":"http:\/\/hortum.com.tr\/product\/import-placeholder-for-499\/"},"modified":"2024-03-21T17:45:21","modified_gmt":"2024-03-21T14:45:21","slug":"trelleborg-kuka-hortumu-kanal-acma","status":"publish","type":"product","link":"https:\/\/tuzlahortum.com.tr\/ru\/product\/trelleborg-kuka-hortumu-kanal-acma\/","title":{"rendered":"\u0428\u043b\u0430\u043d\u0433 \u0434\u043b\u044f \u043a\u0435\u0433\u043b\u0438 Trelleborg (CANALKLER 250 S)"},"content":{"rendered":"<h2>\u0428\u043b\u0430\u043d\u0433 \u0434\u043b\u044f \u043a\u0435\u0433\u043b\u0438 Trelleborg (CANALKLER 250 S)<\/h2>\n<p>\u041f\u0440\u043e\u0447\u0438\u0441\u0442\u043a\u0430 \u0434\u0440\u0435\u043d\u0430\u0436\u0430 \u0438 \u043a\u0430\u043d\u0430\u043b\u0438\u0437\u0430\u0446\u0438\u0438<br \/>\n\u0420\u0430\u0441\u043f\u044b\u043b\u0435\u043d\u0438\u0435 \u0438 \u043e\u0447\u0438\u0441\u0442\u043a\u0430 \u0441\u0442\u043e\u0447\u043d\u044b\u0445 \u0432\u043e\u0434 \u0432\u043e\u0434\u043e\u0439 \u043f\u043e\u0434 \u0432\u044b\u0441\u043e\u043a\u0438\u043c \u0434\u0430\u0432\u043b\u0435\u043d\u0438\u0435\u043c \u0432 \u0442\u044f\u0436\u0435\u043b\u044b\u0445 \u0443\u0441\u043b\u043e\u0432\u0438\u044f\u0445.<br \/>\n\u041f\u0440\u0435\u0438\u043c\u0443\u0449\u0435\u0441\u0442\u0432\u0430<br \/>\n\u0411\u043e\u043b\u0435\u0435 \u0432\u044b\u0441\u043e\u043a\u0430\u044f \u044d\u0444\u0444\u0435\u043a\u0442\u0438\u0432\u043d\u043e\u0441\u0442\u044c \u043e\u0447\u0438\u0441\u0442\u043a\u0438, \u044d\u043a\u043e\u043d\u043e\u043c\u0438\u044f \u0432\u0440\u0435\u043c\u0435\u043d\u0438 \u043d\u0430 \u043e\u0447\u0438\u0441\u0442\u043a\u0443 \u0438, \u0441\u043b\u0435\u0434\u043e\u0432\u0430\u0442\u0435\u043b\u044c\u043d\u043e, \u0441\u043d\u0438\u0436\u0435\u043d\u0438\u0435 \u0440\u0430\u0441\u0445\u043e\u0434\u0430 \u0442\u043e\u043f\u043b\u0438\u0432\u0430.<br \/>\n\u041e\u0447\u0435\u043d\u044c \u043d\u0438\u0437\u043a\u043e\u0435 \u0441\u043e\u043f\u0440\u043e\u0442\u0438\u0432\u043b\u0435\u043d\u0438\u0435 \u0441\u043a\u043e\u043b\u044c\u0436\u0435\u043d\u0438\u044e, \u043e\u0431\u0435\u0441\u043f\u0435\u0447\u0438\u0432\u0430\u044e\u0449\u0435\u0435 \u043f\u043e\u043d\u0438\u0436\u0435\u043d\u043d\u043e\u0435 \u0441\u043e\u043f\u0440\u043e\u0442\u0438\u0432\u043b\u0435\u043d\u0438\u0435 \u0441\u043a\u043e\u043b\u044c\u0436\u0435\u043d\u0438\u044e.<br \/>\n\u0423\u0432\u0435\u043b\u0438\u0447\u0435\u043d\u043d\u044b\u0439 \u0441\u0440\u043e\u043a \u0441\u043b\u0443\u0436\u0431\u044b \u0431\u043b\u0430\u0433\u043e\u0434\u0430\u0440\u044f \u0441\u043f\u0435\u0446\u0438\u0430\u043b\u044c\u043d\u043e\u043c\u0443 \u0441\u043e\u0441\u0442\u0430\u0432\u0443 \u043f\u043e\u043a\u0440\u044b\u0442\u0438\u044f \u0441 \u043f\u043e\u0432\u044b\u0448\u0435\u043d\u043d\u043e\u0439 \u0438\u0437\u043d\u043e\u0441\u043e\u0441\u0442\u043e\u0439\u043a\u043e\u0441\u0442\u044c\u044e.<br \/>\n\u041f\u043e\u0432\u044b\u0448\u0435\u043d\u043d\u0430\u044f \u0433\u0438\u0431\u043a\u043e\u0441\u0442\u044c \u0434\u0430\u0436\u0435 \u043f\u0440\u0438 \u043d\u0438\u0437\u043a\u0438\u0445 \u0442\u0435\u043c\u043f\u0435\u0440\u0430\u0442\u0443\u0440\u0430\u0445.<br \/>\n\u0415\u0433\u043e \u043b\u0435\u0433\u043a\u043e \u043d\u043e\u0441\u0438\u0442\u044c \u0438 \u043e\u043d \u0443\u0434\u043e\u0431\u0435\u043d \u0434\u043b\u044f \u043f\u043e\u043b\u044c\u0437\u043e\u0432\u0430\u0442\u0435\u043b\u044f.<br \/>\n\u0423\u0441\u0442\u043e\u0439\u0447\u0438\u0432\u043e\u0441\u0442\u044c \u043a \u0434\u0435\u0444\u043e\u0440\u043c\u0430\u0446\u0438\u0438.<br \/>\n\u041e\u0447\u0435\u043d\u044c \u0432\u044b\u0441\u043e\u043a\u0430\u044f \u043f\u0440\u043e\u0447\u043d\u043e\u0441\u0442\u044c \u0438 \u0431\u0435\u0437\u043e\u043f\u0430\u0441\u043d\u043e\u0441\u0442\u044c \u0431\u043b\u0430\u0433\u043e\u0434\u0430\u0440\u044f \u0430\u0440\u0430\u043c\u0438\u0434\u043d\u043e\u043c\u0443 \u0430\u0440\u043c\u0438\u0440\u043e\u0432\u0430\u043d\u0438\u044e.<br \/>\n\u0422\u0435\u0445\u043d\u0438\u0447\u0435\u0441\u043a\u043e\u0435 \u043e\u043f\u0438\u0441\u0430\u043d\u0438\u0435<br \/>\n\u0412\u043d\u0443\u0442\u0440\u0435\u043d\u043d\u044f\u044f \u0442\u0440\u0443\u0431\u043a\u0430: SBR, \u0447\u0435\u0440\u043d\u0430\u044f, \u0433\u043b\u0430\u0434\u043a\u0430\u044f.<br \/>\n\u0423\u0441\u0438\u043b\u0435\u043d\u0438\u0435: \u0430\u0440\u0430\u043c\u0438\u0434\u043d\u044b\u0439 \u0442\u0435\u043a\u0441\u0442\u0438\u043b\u044c, \u0442\u0440\u0438\u043a\u043e\u0442\u0430\u0436.<br \/>\n\u041f\u043e\u043a\u0440\u044b\u0442\u0438\u0435: SBR\/NR, \u0447\u0435\u0440\u043d\u043e\u0435, \u0433\u043b\u0430\u0434\u043a\u043e\u0435. \u041e\u0447\u0435\u043d\u044c \u043d\u0438\u0437\u043a\u043e\u0435 \u0441\u043e\u043f\u0440\u043e\u0442\u0438\u0432\u043b\u0435\u043d\u0438\u0435 \u0441\u043a\u043e\u043b\u044c\u0436\u0435\u043d\u0438\u044e.<br \/>\n\u0414\u0438\u0430\u043f\u0430\u0437\u043e\u043d \u0442\u0435\u043c\u043f\u0435\u0440\u0430\u0442\u0443\u0440: \u043e\u0442 -30\u00b0C \u0434\u043e +80\u00b0C.<br \/>\n\u0421\u0442\u0430\u043d\u0434\u0430\u0440\u0442\/\u041e\u0434\u043e\u0431\u0440\u0435\u043d\u0438\u0435:<br \/>\nZH 1\/406 (\u041f\u0440\u0438\u043d\u0446\u0438\u043f\u044b \u0440\u0430\u0441\u043f\u044b\u043b\u0435\u043d\u0438\u044f \u0436\u0438\u0434\u043a\u043e\u0441\u0442\u0438).<br \/>\n\u0421\u0430\u043b\u044c\u043d\u0438\u043a\u0438\/\u0444\u0438\u0442\u0438\u043d\u0433\u0438<br \/>\n\u0412\u0441\u0435 \u0448\u043b\u0430\u043d\u0433\u0438 \u0443\u0441\u0442\u0430\u043d\u043e\u0432\u043b\u0435\u043d\u044b \u0441 \u0432\u043d\u0443\u0442\u0440\u0435\u043d\u043d\u0435\u0439 \u0440\u0435\u0437\u044c\u0431\u043e\u0439 BSP \u0438 \u043d\u0430\u0440\u0443\u0436\u043d\u043e\u0439 \u0440\u0435\u0437\u044c\u0431\u043e\u0439 BSP.<br \/>\n\u0412\u0441\u0435 \u0448\u043b\u0430\u043d\u0433\u0438 \u043f\u0440\u043e\u0445\u043e\u0434\u044f\u0442 \u0438\u0441\u043f\u044b\u0442\u0430\u043d\u0438\u044f \u043f\u043e\u0434 \u0434\u0430\u0432\u043b\u0435\u043d\u0438\u0435\u043c 375 \u0431\u0430\u0440 \u0438 \u0438\u043c\u0435\u044e\u0442 \u0441\u043f\u0435\u0446\u0438\u0430\u043b\u044c\u043d\u044b\u0439 \u043d\u043e\u043c\u0435\u0440 \u0448\u043b\u0430\u043d\u0433\u0430.<\/p>\n<div class=\"video video-fit mb\" style=\"padding-top:56.25%;\"><p><iframe loading=\"lazy\" title=\"\u041f\u0443\u0442\u0430\u043d\u0438\u0446\u0430 \u0432 \u0438\u0437\u043c\u0435\u0440\u0435\u043d\u0438\u044f\u0445 (\u0434\u044e\u0439\u043c\u044b, \u043f\u0430\u043b\u044c\u0446\u044b, \u0434\u044b\u043c\u043a\u0430, \u043c\u0438\u043b\u043b\u0438\u043c\u0435\u0442\u0440\u044b)\" width=\"1020\" height=\"574\" src=\"https:\/\/www.youtube.com\/embed\/uKk6AG_AZls?feature=oembed\" frameborder=\"0\" allow=\"accelerometer; autoplay; clipboard-write; encrypted-media; gyroscope; picture-in-picture; web-share\" referrerpolicy=\"strict-origin-when-cross-origin\" allowfullscreen><\/iframe><\/p>\n<\/div>\n<div class=\"video video-fit mb\" style=\"padding-top:56.25%;\"><p>https:\/\/www.youtube.com\/watch?v=O8ZlzKEjfEQ%20<\/p>\n<\/div>\n<p><img data-recalc-dims=\"1\" loading=\"lazy\" decoding=\"async\" class=\"alignnone size-medium wp-image-8120\" src=\"https:\/\/i0.wp.com\/hortum.com.tr\/wp-content\/uploads\/2019\/03\/canalkler-250-s-800x171.jpg?resize=800%2C171\" alt=\"\" width=\"800\" height=\"171\" title=\"\" srcset=\"https:\/\/i0.wp.com\/tuzlahortum.com.tr\/wp-content\/uploads\/2019\/03\/canalkler-250-s.jpg?resize=800%2C171&amp;ssl=1 800w, https:\/\/i0.wp.com\/tuzlahortum.com.tr\/wp-content\/uploads\/2019\/03\/canalkler-250-s.jpg?resize=768%2C164&amp;ssl=1 768w, https:\/\/i0.wp.com\/tuzlahortum.com.tr\/wp-content\/uploads\/2019\/03\/canalkler-250-s.jpg?resize=600%2C128&amp;ssl=1 600w, https:\/\/i0.wp.com\/tuzlahortum.com.tr\/wp-content\/uploads\/2019\/03\/canalkler-250-s.jpg?w=918&amp;ssl=1 918w\" sizes=\"auto, (max-width: 800px) 100vw, 800px\" \/><\/p>","protected":false},"excerpt":{"rendered":"<p>Trelleborg Kuka Hortumu (CANALKLER 250 S ) Drenaj ve kanalizasyon temizli\u011fi Kanalizasyon bas\u0131n\u00e7l\u0131 su p\u00fcsk\u00fcrtme ve a\u011f\u0131r hizmet ko\u015fullar\u0131nda, y\u00fcksek bas\u0131n\u00e7l\u0131 suyla temizlik. Avantajlar Daha y\u00fcksek temizlik verimi, temizlik s\u00fcresinden tasarruf, dolay\u0131s\u0131yla yak\u0131t t\u00fcketiminde azalma sa\u011flayan \u00e7ok d\u00fc\u015f\u00fck kayma direnci. Daha y\u00fcksek a\u015f\u0131nma dayan\u0131m\u0131na sahip \u00f6zel kaplama bile\u015fi\u011fi sayesinde daha uzun kullan\u0131m \u00f6mr\u00fc. D\u00fc\u015f\u00fck s\u0131cakl\u0131klarda [&#8230;]\n","protected":false},"featured_media":2688,"comment_status":"open","ping_status":"closed","template":"","meta":{"jetpack_post_was_ever_published":false},"product_brand":[],"product_cat":[176],"product_tag":[418,2165,2164,290,354,356,665,353,355,525,1023],"class_list":{"0":"post-561","1":"product","2":"type-product","3":"status-publish","4":"has-post-thumbnail","6":"product_cat-endustriyel-hortumlar","7":"product_tag-agir-hizmet","8":"product_tag-aramid-takviye","9":"product_tag-drenaj","10":"product_tag-hortum","11":"product_tag-kanal-acma","12":"product_tag-kanal-acma-hortumu","13":"product_tag-kanalizasyon","14":"product_tag-kuka","15":"product_tag-kuka-hortumu","16":"product_tag-temizlik","17":"product_tag-yuksek-basinc","19":"first","20":"instock","21":"taxable","22":"shipping-taxable","23":"product-type-variable"},"jetpack-related-posts":[],"jetpack_sharing_enabled":true,"jetpack_likes_enabled":true,"_links":{"self":[{"href":"https:\/\/tuzlahortum.com.tr\/ru\/wp-json\/wp\/v2\/product\/561","targetHints":{"allow":["GET"]}}],"collection":[{"href":"https:\/\/tuzlahortum.com.tr\/ru\/wp-json\/wp\/v2\/product"}],"about":[{"href":"https:\/\/tuzlahortum.com.tr\/ru\/wp-json\/wp\/v2\/types\/product"}],"replies":[{"embeddable":true,"href":"https:\/\/tuzlahortum.com.tr\/ru\/wp-json\/wp\/v2\/comments?post=561"}],"wp:featuredmedia":[{"embeddable":true,"href":"https:\/\/tuzlahortum.com.tr\/ru\/wp-json\/wp\/v2\/media\/2688"}],"wp:attachment":[{"href":"https:\/\/tuzlahortum.com.tr\/ru\/wp-json\/wp\/v2\/media?parent=561"}],"wp:term":[{"taxonomy":"product_brand","embeddable":true,"href":"https:\/\/tuzlahortum.com.tr\/ru\/wp-json\/wp\/v2\/product_brand?post=561"},{"taxonomy":"product_cat","embeddable":true,"href":"https:\/\/tuzlahortum.com.tr\/ru\/wp-json\/wp\/v2\/product_cat?post=561"},{"taxonomy":"product_tag","embeddable":true,"href":"https:\/\/tuzlahortum.com.tr\/ru\/wp-json\/wp\/v2\/product_tag?post=561"}],"curies":[{"name":"wp","href":"https:\/\/api.w.org\/{rel}","templated":true}]}}