{"id":560,"date":"2019-02-06T23:46:03","date_gmt":"2019-02-06T20:46:03","guid":{"rendered":"http:\/\/hortum.com.tr\/product\/import-placeholder-for-403\/"},"modified":"2024-03-21T17:45:22","modified_gmt":"2024-03-21T14:45:22","slug":"tek-kapi-siva-ustu-sac-kapakli-ekonomik","status":"publish","type":"product","link":"https:\/\/tuzlahortum.com.tr\/ru\/product\/tek-kapi-siva-ustu-sac-kapakli-ekonomik\/","title":{"rendered":"\u041e\u0434\u0438\u043d\u0430\u0440\u043d\u0430\u044f \u0434\u0432\u0435\u0440\u044c \u2013 \u043d\u0430\u043a\u043b\u0430\u0434\u043d\u043e\u0439 \u043c\u043e\u043d\u0442\u0430\u0436 \u0441 \u043a\u0440\u044b\u0448\u043a\u043e\u0439 (\u044d\u043a\u043e\u043d\u043e\u043c\u0438\u0447\u043d\u044b\u0439) (50\u00d760)"},"content":{"rendered":"<h2>\u041e\u0434\u0438\u043d\u0430\u0440\u043d\u0430\u044f \u0434\u0432\u0435\u0440\u044c \u2013 \u043d\u0430\u043a\u043b\u0430\u0434\u043d\u043e\u0439 \u043c\u043e\u043d\u0442\u0430\u0436 \u0441 \u043a\u0440\u044b\u0448\u043a\u043e\u0439 (\u044d\u043a\u043e\u043d\u043e\u043c\u0438\u0447\u043d\u044b\u0439) (50\u00d760)<\/h2>\n<h3>\u0420\u0410\u0417\u041c\u0415\u0420 50*60<\/h3>\n<ul class=\"list-style-2\">\n<li class=\"check-list\">\u041b\u0438\u0441\u0442 \u0414\u041a\u041f 0,80 \u043c\u043c<\/li>\n<li class=\"check-list\">2\u2033 \u042d\u043a\u043e\u043d\u043e\u043c\u0438\u0447\u043d\u044b\u0439 \u043f\u043e\u0436\u0430\u0440\u043d\u044b\u0439 \u0448\u043b\u0430\u043d\u0433<\/li>\n<li class=\"check-list\">2\u2033 \u042d\u043a\u043e\u043d\u043e\u043c\u0438\u0447\u043d\u0430\u044f \u043d\u0430\u0441\u0430\u0434\u043a\u0430<\/li>\n<\/ul>\n<div class=\"row\">\n<table class=\"table table-bordered span4\">\n<thead>\n<tr>\n<th>20MT<\/th>\n<th>25\u041c\u0422<\/th>\n<th>30MT<\/th>\n<\/tr>\n<\/thead>\n<tbody>\n<tr>\n<td>\u041f\u0418-330<\/td>\n<td>\u041f\u0418-331<\/td>\n<td>\u041f\u0418-332<\/td>\n<\/tr>\n<\/tbody>\n<\/table>\n<\/div>","protected":false},"excerpt":{"rendered":"<p>\u0414\u0432\u0435\u0440\u044c \u043e\u0434\u043d\u043e\u0441\u0442\u0432\u043e\u0440\u0447\u0430\u0442\u0430\u044f - \u0441 \u043f\u043e\u0432\u0435\u0440\u0445\u043d\u043e\u0441\u0442\u043d\u044b\u043c \u043b\u0438\u0442\u044b\u043c \u043f\u043e\u043a\u0440\u044b\u0442\u0438\u0435\u043c (\u044d\u043a\u043e\u043d\u043e\u043c\u0438\u0447\u043d\u043e\u0435)(50\u00d760) \u0420\u0410\u0417\u041c\u0415\u0420 50*60 0,80 \u043c\u043c DKP \u041b\u0438\u0441\u0442 2\u2033 \u042d\u043a\u043e\u043d\u043e\u043c\u0438\u0447\u043d\u044b\u0439 \u043f\u043e\u0436\u0430\u0440\u043d\u044b\u0439 \u0440\u0443\u043a\u0430\u0432 2\u2033 \u042d\u043a\u043e\u043d\u043e\u043c\u0438\u0447\u043d\u043e\u0435 \u043a\u043e\u043f\u044c\u0435 20 MT 25 MT 30 MT P\u0130-330 P\u0130-331 P\u0130-332<\/p>","protected":false},"featured_media":8194,"comment_status":"open","ping_status":"closed","template":"","meta":{"jetpack_post_was_ever_published":false},"product_brand":[],"product_cat":[114],"product_tag":[348,347,350,351,352,349],"class_list":{"0":"post-560","1":"product","2":"type-product","3":"status-publish","4":"has-post-thumbnail","6":"product_cat-ekonomik-yangin-dolaplari","7":"product_tag-sac-kapak","8":"product_tag-siva-ustu","9":"product_tag-sprey-lans","10":"product_tag-tek-kapak","11":"product_tag-yangin-dolabi","12":"product_tag-yangin-hortumu","14":"first","15":"instock","16":"taxable","17":"shipping-taxable","18":"product-type-simple"},"jetpack-related-posts":[],"jetpack_sharing_enabled":true,"jetpack_likes_enabled":true,"_links":{"self":[{"href":"https:\/\/tuzlahortum.com.tr\/ru\/wp-json\/wp\/v2\/product\/560","targetHints":{"allow":["GET"]}}],"collection":[{"href":"https:\/\/tuzlahortum.com.tr\/ru\/wp-json\/wp\/v2\/product"}],"about":[{"href":"https:\/\/tuzlahortum.com.tr\/ru\/wp-json\/wp\/v2\/types\/product"}],"replies":[{"embeddable":true,"href":"https:\/\/tuzlahortum.com.tr\/ru\/wp-json\/wp\/v2\/comments?post=560"}],"wp:featuredmedia":[{"embeddable":true,"href":"https:\/\/tuzlahortum.com.tr\/ru\/wp-json\/wp\/v2\/media\/8194"}],"wp:attachment":[{"href":"https:\/\/tuzlahortum.com.tr\/ru\/wp-json\/wp\/v2\/media?parent=560"}],"wp:term":[{"taxonomy":"product_brand","embeddable":true,"href":"https:\/\/tuzlahortum.com.tr\/ru\/wp-json\/wp\/v2\/product_brand?post=560"},{"taxonomy":"product_cat","embeddable":true,"href":"https:\/\/tuzlahortum.com.tr\/ru\/wp-json\/wp\/v2\/product_cat?post=560"},{"taxonomy":"product_tag","embeddable":true,"href":"https:\/\/tuzlahortum.com.tr\/ru\/wp-json\/wp\/v2\/product_tag?post=560"}],"curies":[{"name":"wp","href":"https:\/\/api.w.org\/{rel}","templated":true}]}}