{"id":557,"date":"2019-02-06T23:46:02","date_gmt":"2019-02-06T20:46:02","guid":{"rendered":"http:\/\/hortum.com.tr\/product\/import-placeholder-for-522\/"},"modified":"2024-03-21T17:45:25","modified_gmt":"2024-03-21T14:45:25","slug":"trelleborg-ag-1000-lt","status":"publish","type":"product","link":"https:\/\/tuzlahortum.com.tr\/ru\/product\/trelleborg-ag-1000-lt\/","title":{"rendered":"\u0422\u0440\u0435\u043b\u043b\u0435\u0431\u043e\u0440\u0433 \u0410\u0413 1000 \u041b\u0422"},"content":{"rendered":"<h2>\u0422\u0440\u0435\u043b\u043b\u0435\u0431\u043e\u0440\u0433 \u0410\u0413 1000 \u041b\u0422<\/h2>\n<p>\u0432\u044b\u0445\u043b\u043e\u043f\u043d\u043e\u0439 \u0433\u0430\u0437<\/p>\n<p>\u0423\u0434\u0430\u043b\u0435\u043d\u0438\u0435 \u0432\u044b\u0445\u043b\u043e\u043f\u043d\u044b\u0445 \u0433\u0430\u0437\u043e\u0432 \u0438 \u0434\u0440\u0443\u0433\u0438\u0445 \u0433\u043e\u0440\u044f\u0447\u0438\u0445 \u0433\u0430\u0437\u043e\u0432 \u0438\u0437 \u0430\u0432\u0442\u043e\u0442\u0440\u0430\u043d\u0441\u043f\u043e\u0440\u0442\u0430. \u0412\u0441\u0435 \u0442\u0438\u043f\u044b \u0432\u044b\u0445\u043b\u043e\u043f\u043d\u044b\u0445 \u0448\u043b\u0430\u043d\u0433\u043e\u0432 \u0441 \u043f\u0440\u0443\u0436\u0438\u043d\u043d\u044b\u043c \u043c\u0435\u0445\u0430\u043d\u0438\u0437\u043c\u043e\u043c \u0441\u043c\u0430\u0442\u044b\u0432\u0430\u043d\u0438\u044f.<\/p>\n<p>\u0448\u043a\u0438\u0432\u044b, \u0443\u0441\u0442\u0440\u043e\u0439\u0441\u0442\u0432\u0430 \u0443\u0434\u0430\u043b\u0435\u043d\u0438\u044f \u0432\u044b\u0445\u043b\u043e\u043f\u043d\u044b\u0445 \u0433\u0430\u0437\u043e\u0432, \u0430 \u0442\u0430\u043a\u0436\u0435 \u0432\u044b\u0445\u043b\u043e\u043f\u043d\u044b\u0435 \u0440\u0435\u043b\u044c\u0441\u044b, \u043f\u043e \u043a\u043e\u0442\u043e\u0440\u044b\u043c \u043f\u0435\u0440\u0435\u0434\u0432\u0438\u0433\u0430\u044e\u0442\u0441\u044f \u0430\u0432\u0442\u043e\u043c\u043e\u0431\u0438\u043b\u0438.<\/p>\n<p>\u041f\u0440\u0435\u0438\u043c\u0443\u0449\u0435\u0441\u0442\u0432\u0430<\/p>\n<p>*\u0428\u043b\u0430\u043d\u0433 \u0447\u0440\u0435\u0437\u0432\u044b\u0447\u0430\u0439\u043d\u043e \u043b\u0435\u0433\u043a\u0438\u0439 \u0438 \u0433\u0438\u0431\u043a\u0438\u0439, \u0447\u0442\u043e \u0434\u0435\u043b\u0430\u0435\u0442 \u0435\u0433\u043e \u043e\u0441\u043e\u0431\u0435\u043d\u043d\u043e \u043f\u043e\u0434\u0445\u043e\u0434\u044f\u0449\u0438\u043c \u0434\u043b\u044f \u0440\u0443\u0447\u043d\u043e\u0439 \u0442\u0440\u0430\u043d\u0441\u043f\u043e\u0440\u0442\u0438\u0440\u043e\u0432\u043a\u0438.<\/p>\n<p>*\u0413\u043b\u0430\u0434\u043a\u0430\u044f \u0432\u043d\u0443\u0442\u0440\u0435\u043d\u043d\u044f\u044f \u043f\u043e\u0432\u0435\u0440\u0445\u043d\u043e\u0441\u0442\u044c \u0441\u043d\u0438\u0436\u0430\u0435\u0442 \u043f\u043e\u0442\u0435\u0440\u0438 \u043d\u0430 \u0442\u0440\u0435\u043d\u0438\u0435.<\/p>\n<p>*\u0428\u043b\u0430\u043d\u0433\u0438 \u043c\u043e\u0436\u043d\u043e \u0441\u043e\u0435\u0434\u0438\u043d\u0438\u0442\u044c \u043f\u0443\u0442\u0435\u043c \u0437\u0430\u0432\u0438\u043d\u0447\u0438\u0432\u0430\u043d\u0438\u044f.<\/p>\n<p>\u0422\u0435\u0445\u043d\u0438\u0447\u0435\u0441\u043a\u043e\u0435 \u043e\u043f\u0438\u0441\u0430\u043d\u0438\u0435<\/p>\n<p>\u0412\u043d\u0443\u0442\u0440\u0435\u043d\u043d\u044f\u044f \u0442\u0440\u0443\u0431\u043a\u0430: \u043f\u0440\u043e\u0447\u043d\u0430\u044f \u043f\u0440\u043e\u0440\u0435\u0437\u0438\u043d\u0435\u043d\u043d\u0430\u044f \u0442\u043a\u0430\u043d\u044c, EPDM\/\u043f\u043e\u043b\u0438\u044d\u0441\u0442\u0435\u0440, \u0447\u0435\u0440\u043d\u043e\u0433\u043e \u0446\u0432\u0435\u0442\u0430.<\/p>\n<p>\u0423\u0441\u0438\u043b\u0435\u043d\u0438\u0435: \u0441\u0442\u0430\u043b\u044c \u0441 \u043f\u043e\u043a\u0440\u044b\u0442\u0438\u0435\u043c EPDM, \u0447\u0435\u0440\u043d\u043e\u0433\u043e \u0446\u0432\u0435\u0442\u0430.<\/p>\n<p>\u0414\u0438\u0430\u043f\u0430\u0437\u043e\u043d \u0442\u0435\u043c\u043f\u0435\u0440\u0430\u0442\u0443\u0440: \u043e\u0442 -40\u00b0C \u0434\u043e +150\u00b0C.<\/p>\n<p>\u0414\u043e\u043f\u043e\u043b\u043d\u0438\u0442\u0435\u043b\u044c\u043d\u0430\u044f \u0438\u043d\u0444\u043e\u0440\u043c\u0430\u0446\u0438\u044f<\/p>\n<p>\u041f\u043e\u0441\u0442\u0430\u0432\u043b\u044f\u0435\u0442\u0441\u044f \u0432 \u0431\u0443\u0445\u0442\u0430\u0445, \u0437\u0430\u0432\u0435\u0440\u043d\u0443\u0442\u044b\u0445 \u0432 \u043f\u043b\u0430\u0441\u0442\u0438\u043a.<\/p>\n<div class=\"video video-fit mb\" style=\"padding-top:56.25%;\"><p><iframe loading=\"lazy\" title=\"\u041f\u0443\u0442\u0430\u043d\u0438\u0446\u0430 \u0432 \u0438\u0437\u043c\u0435\u0440\u0435\u043d\u0438\u044f\u0445 (\u0434\u044e\u0439\u043c\u044b, \u043f\u0430\u043b\u044c\u0446\u044b, \u0434\u044b\u043c\u043a\u0430, \u043c\u0438\u043b\u043b\u0438\u043c\u0435\u0442\u0440\u044b)\" width=\"1020\" height=\"574\" src=\"https:\/\/www.youtube.com\/embed\/uKk6AG_AZls?feature=oembed\" frameborder=\"0\" allow=\"accelerometer; autoplay; clipboard-write; encrypted-media; gyroscope; picture-in-picture; web-share\" referrerpolicy=\"strict-origin-when-cross-origin\" allowfullscreen><\/iframe><\/p>\n<\/div>\n<div class=\"video video-fit mb\" style=\"padding-top:56.25%;\"><p>https:\/\/www.youtube.com\/watch?v=O8ZlzKEjfEQ%20<\/p>\n<\/div>\n<p><img data-recalc-dims=\"1\" loading=\"lazy\" decoding=\"async\" class=\"alignnone wp-image-2154\" src=\"https:\/\/i0.wp.com\/hortum.com.tr\/wp-content\/uploads\/urunler\/trelleborg\/TRELLEBORG-AG-1000-LT.jpg-800x132.jpg?resize=800%2C132\" alt=\"\" width=\"800\" height=\"132\" title=\"\" srcset=\"https:\/\/i0.wp.com\/tuzlahortum.com.tr\/wp-content\/uploads\/urunler\/trelleborg\/TRELLEBORG-AG-1000-LT.jpg.jpg?resize=800%2C132&amp;ssl=1 800w, https:\/\/i0.wp.com\/tuzlahortum.com.tr\/wp-content\/uploads\/urunler\/trelleborg\/TRELLEBORG-AG-1000-LT.jpg.jpg?resize=768%2C127&amp;ssl=1 768w, https:\/\/i0.wp.com\/tuzlahortum.com.tr\/wp-content\/uploads\/urunler\/trelleborg\/TRELLEBORG-AG-1000-LT.jpg.jpg?resize=600%2C99&amp;ssl=1 600w, https:\/\/i0.wp.com\/tuzlahortum.com.tr\/wp-content\/uploads\/urunler\/trelleborg\/TRELLEBORG-AG-1000-LT.jpg.jpg?w=889&amp;ssl=1 889w\" sizes=\"auto, (max-width: 800px) 100vw, 800px\" \/><\/p>","protected":false},"excerpt":{"rendered":"<p>Trelleborg AG 1000 LT Egzoz gaz\u0131 Motorlu ara\u00e7lardan egzoz gaz\u0131 ve di\u011fer s\u0131cak gazlar\u0131n uzakla\u015ft\u0131r\u0131lmas\u0131. Her t\u00fcrl\u00fc yayl\u0131 geri\u00a0sar\u0131m mekanizmas\u0131na sahip egzoz hortumu kasnaklar\u0131, egzoz duman\u0131 uzakla\u015ft\u0131r\u0131c\u0131lar ve ayn\u0131\u00a0zamanda ara\u00e7lar\u0131n hareket ettirildi\u011fi egzoz raylar\u0131. Avantajlar *Son derece hafif ve esnek olmas\u0131 hortumu \u00f6zellikle manuel ta\u015f\u0131ma i\u00e7in uygun hale getiriyor. *D\u00fczg\u00fcn i\u00e7 y\u00fczeyi s\u00fcrt\u00fcnme kay\u0131plar\u0131n\u0131 azalt\u0131r. [&#8230;]\n","protected":false},"featured_media":2611,"comment_status":"open","ping_status":"closed","template":"","meta":{"jetpack_post_was_ever_published":false},"product_brand":[],"product_cat":[175],"product_tag":[336,337,339,338,290,341,335,342,340],"class_list":{"0":"post-557","1":"product","2":"type-product","3":"status-publish","4":"has-post-thumbnail","6":"product_cat-egzoz-gazi-hortumlari","7":"product_tag-arac","8":"product_tag-egzoz","9":"product_tag-egzoz-gazi","10":"product_tag-gaz","11":"product_tag-hortum","12":"product_tag-hortum-kasnaklari","13":"product_tag-motor","14":"product_tag-motorlu-arac","15":"product_tag-sicak-gaz","17":"first","18":"instock","19":"taxable","20":"shipping-taxable","21":"product-type-variable"},"jetpack-related-posts":[],"jetpack_sharing_enabled":true,"jetpack_likes_enabled":true,"_links":{"self":[{"href":"https:\/\/tuzlahortum.com.tr\/ru\/wp-json\/wp\/v2\/product\/557","targetHints":{"allow":["GET"]}}],"collection":[{"href":"https:\/\/tuzlahortum.com.tr\/ru\/wp-json\/wp\/v2\/product"}],"about":[{"href":"https:\/\/tuzlahortum.com.tr\/ru\/wp-json\/wp\/v2\/types\/product"}],"replies":[{"embeddable":true,"href":"https:\/\/tuzlahortum.com.tr\/ru\/wp-json\/wp\/v2\/comments?post=557"}],"wp:featuredmedia":[{"embeddable":true,"href":"https:\/\/tuzlahortum.com.tr\/ru\/wp-json\/wp\/v2\/media\/2611"}],"wp:attachment":[{"href":"https:\/\/tuzlahortum.com.tr\/ru\/wp-json\/wp\/v2\/media?parent=557"}],"wp:term":[{"taxonomy":"product_brand","embeddable":true,"href":"https:\/\/tuzlahortum.com.tr\/ru\/wp-json\/wp\/v2\/product_brand?post=557"},{"taxonomy":"product_cat","embeddable":true,"href":"https:\/\/tuzlahortum.com.tr\/ru\/wp-json\/wp\/v2\/product_cat?post=557"},{"taxonomy":"product_tag","embeddable":true,"href":"https:\/\/tuzlahortum.com.tr\/ru\/wp-json\/wp\/v2\/product_tag?post=557"}],"curies":[{"name":"wp","href":"https:\/\/api.w.org\/{rel}","templated":true}]}}