{"id":554,"date":"2019-02-06T23:46:02","date_gmt":"2019-02-06T20:46:02","guid":{"rendered":"http:\/\/hortum.com.tr\/product\/import-placeholder-for-206\/"},"modified":"2024-03-21T17:45:28","modified_gmt":"2024-03-21T14:45:28","slug":"dogalgaz-vanasi-mop-5-20","status":"publish","type":"product","link":"https:\/\/tuzlahortum.com.tr\/ru\/product\/dogalgaz-vanasi-mop-5-20\/","title":{"rendered":"\u041a\u043b\u0430\u043f\u0430\u043d \u043f\u0440\u0438\u0440\u043e\u0434\u043d\u043e\u0433\u043e \u0433\u0430\u0437\u0430 MOP 5-20"},"content":{"rendered":"<h2>\u041a\u043b\u0430\u043f\u0430\u043d \u043f\u0440\u0438\u0440\u043e\u0434\u043d\u043e\u0433\u043e \u0433\u0430\u0437\u0430 MOP 5-20<\/h2>\n<p>TS CEN\/EN 331\/A1 \u041e\u0434\u043e\u0431\u0440\u0435\u043d\u0438\u0435 \u0422\u0443\u0440\u0435\u0446\u043a\u043e\u0433\u043e \u0438\u043d\u0441\u0442\u0438\u0442\u0443\u0442\u0430 \u0441\u0442\u0430\u043d\u0434\u0430\u0440\u0442\u043e\u0432.<\/p>\n<p>\u0421\u0435\u0440\u0442\u0438\u0444\u0438\u043a\u0430\u0442 \u0441\u0438\u0441\u0442\u0435\u043c\u044b \u043a\u0430\u0447\u0435\u0441\u0442\u0432\u0430 ISO 9001.<\/p>\n<p>\u0420\u0430\u0431\u043e\u0447\u0435\u0435 \u0434\u0430\u0432\u043b\u0435\u043d\u0438\u0435 \u041c\u041e\u041f5-20.<\/p>\n<p>\u041f\u043e\u043b\u043d\u043e\u043f\u0440\u043e\u0445\u043e\u0434\u043d\u043e\u0439 \u0434\u043b\u044f \u043c\u0430\u043a\u0441\u0438\u043c\u0430\u043b\u044c\u043d\u043e\u0439 \u0442\u0435\u043a\u0443\u0447\u0435\u0441\u0442\u0438.<\/p>\n<p>\u0421\u0444\u0435\u0440\u0430 \u043f\u043e\u043a\u0440\u044b\u0442\u0430 \u0441\u0430\u0436\u0435\u0439 \u0434\u043b\u044f \u0443\u0432\u0435\u043b\u0438\u0447\u0435\u043d\u0438\u044f \u0441\u0440\u043e\u043a\u0430 \u0441\u043b\u0443\u0436\u0431\u044b.<\/p>\n<p>ISO 228 \u0420\u043e\u0437\u0435\u0442\u043a\u0430 X \u0420\u043e\u0437\u0435\u0442\u043a\u0430.<\/p>\n<p>\u0423\u043f\u043b\u043e\u0442\u043d\u0435\u043d\u0438\u0435 \u0438\u0437 PTFE \u0438 \u0443\u043f\u043b\u043e\u0442\u043d\u0438\u0442\u0435\u043b\u044c\u043d\u043e\u0435 \u043a\u043e\u043b\u044c\u0446\u043e \u0438\u0437 EPDM \u0434\u043b\u044f \u043c\u0430\u043a\u0441\u0438\u043c\u0430\u043b\u044c\u043d\u043e\u0439 \u0431\u0435\u0437\u043e\u043f\u0430\u0441\u043d\u043e\u0441\u0442\u0438.<\/p>\n<p>\u0428\u0438\u0440\u043e\u043a\u0438\u0439 \u0441\u043f\u0435\u043a\u0442\u0440 \u043f\u0440\u0438\u043c\u0435\u043d\u0435\u043d\u0438\u044f \u0432 \u0441\u0438\u0441\u0442\u0435\u043c\u0430\u0445 \u043f\u0440\u0438\u0440\u043e\u0434\u043d\u043e\u0433\u043e \u0433\u0430\u0437\u0430.<\/p>\n<p>\u0420\u0443\u0447\u043a\u0430 \u0438\u0437 \u0442\u043e\u043b\u0441\u0442\u043e\u0439 \u0441\u0442\u0430\u043b\u0438 \u0441 \u041f\u0412\u0425-\u043f\u043e\u043a\u0440\u044b\u0442\u0438\u0435\u043c.<\/p>\n<p>\u0422\u0435\u043c\u043f\u0435\u0440\u0430\u0442\u0443\u0440\u0430 -10\u00b0\u0421 + 120\u00b0\u0421<\/p>\n<table border=\"0\" cellspacing=\"0\" cellpadding=\"0\">\n<tbody>\n<tr bgcolor=\"#002f62\">\n<td>\u041d\u041e\u041c\u0418\u041d\u0410\u041b\u042c\u041d\u042b\u0419 \u0420\u0410\u0417\u041c\u0415\u0420<\/td>\n<td>DN<br \/>(\u0413)<\/td>\n<td>d1<br \/>(\u043c\u043c)<\/td>\n<td>\u041b.<br \/>(\u043c\u043c)<\/td>\n<td>\u041a<br \/>(\u043c\u043c)<\/td>\n<td>\u0442<br \/>(\u043c\u043c)<\/td>\n<td>\u041a<br \/>(\u043c\u043c)<\/td>\n<\/tr>\n<tr>\n<td>1-2\u2033<\/td>\n<td>15<\/td>\n<td>14-14<\/td>\n<td>54<\/td>\n<td>80<\/td>\n<td>15<\/td>\n<td>37<\/td>\n<\/tr>\n<tr>\n<td>3\/4\u2033<\/td>\n<td>20<\/td>\n<td>19-19<\/td>\n<td>61<\/td>\n<td>95<\/td>\n<td>16<\/td>\n<td>53<\/td>\n<\/tr>\n<tr>\n<td>1\u2033<\/td>\n<td>25<\/td>\n<td>24-24<\/td>\n<td>73<\/td>\n<td>115<\/td>\n<td>17<\/td>\n<td>55<\/td>\n<\/tr>\n<tr>\n<td>1 1\/4\u2033<\/td>\n<td>32<\/td>\n<td>30-30<\/td>\n<td>83<\/td>\n<td>115<\/td>\n<td>20<\/td>\n<td>59<\/td>\n<\/tr>\n<tr>\n<td>1 1\/2\u2033<\/td>\n<td>40<\/td>\n<td>38-38<\/td>\n<td>95<\/td>\n<td>125<\/td>\n<td>22<\/td>\n<td>77<\/td>\n<\/tr>\n<tr>\n<td>2\u2033<\/td>\n<td>50<\/td>\n<td>46-47<\/td>\n<td>113<\/td>\n<td>145<\/td>\n<td>26<\/td>\n<td>90<\/td>\n<\/tr>\n<\/tbody>\n<\/table>","protected":false},"excerpt":{"rendered":"<p>Do\u011falgaz Vanas\u0131 MOP 5-20 TS CEN\/EN 331\/A1 T\u00fcrk Standartlar\u0131 Enstit\u00fcs\u00fc Onay\u0131. ISO 9001 Kalite Sistem Sertfikas\u0131. MOP5-20 \u00e7al\u0131\u015fma bas\u0131nc\u0131. Maksimum ak\u0131\u015fkanl\u0131k i\u00e7in tam ge\u00e7i\u015f. Daha uzun \u00f6m\u00fcr i\u00e7in kurum kaplama k\u00fcre. ISO 228 Di\u015fi X Di\u015fi ba\u011flant\u0131. Maksimum g\u00fcvenlik i\u00e7in PTFE conta ve EPDM O-ring. Do\u011falgaz sistemlerinde kullan\u0131lmak \u00fczere geni\u015f kullan\u0131m alan\u0131. Kal\u0131n PVC kapl\u0131 [&#8230;]\n","protected":false},"featured_media":2857,"comment_status":"open","ping_status":"closed","template":"","meta":{"jetpack_post_was_ever_published":false},"product_brand":[],"product_cat":[200],"product_tag":[330,332,2275,331],"class_list":{"0":"post-554","1":"product","2":"type-product","3":"status-publish","4":"has-post-thumbnail","6":"product_cat-dogalgaz-vanalari","7":"product_tag-dogalgaz","8":"product_tag-dogalgaz-vana","9":"product_tag-dogalgaz-vanasi","10":"product_tag-vana","12":"first","13":"instock","14":"taxable","15":"shipping-taxable","16":"product-type-variable"},"jetpack-related-posts":[{"id":555,"url":"https:\/\/tuzlahortum.com.tr\/ru\/product\/dogalgaz-vanasi-mop-5-20-kilitli\/","url_meta":{"origin":554,"position":0},"title":"\u041a\u043b\u0430\u043f\u0430\u043d \u043f\u0440\u0438\u0440\u043e\u0434\u043d\u043e\u0433\u043e \u0433\u0430\u0437\u0430 MOP 5-20 \u0437\u0430\u0431\u043b\u043e\u043a\u0438\u0440\u043e\u0432\u0430\u043d","author":"admin","date":"6 \u0444\u0435\u0432\u0440\u0430\u043b\u044f 2019","format":false,"excerpt":"Do\u011falgaz Vanas\u0131 MOP 5-20 KilitliTS CEN\/EN 331\/A1 T\u00fcrk Standartlar\u0131 Enstit\u00fcs\u00fc Onay\u0131.ISO 9001 Kalite Sistem Sertfikas\u0131.MOP5-20 \u00e7al\u0131\u015fma bas\u0131nc\u0131.Maksimum ak\u0131\u015fkanl\u0131k i\u00e7in tam ge\u00e7i\u015f.Daha uzun \u00f6m\u00fcr i\u00e7in kurum kaplama k\u00fcre.ISO 228 Di\u015fi X Di\u015fi ba\u011flant\u0131.Maksimum g\u00fcvenlik i\u00e7in PTFE conta ve EPDM O-ring.Do\u011falgaz sistemlerinde kullan\u0131lmak \u00fczere geni\u015f kullan\u0131m alan\u0131.Kal\u0131n PVC kapl\u0131 \u00e7elik kol.S\u0131cakl\u0131k -10\u00b0C\u2026","rel":"","context":"\u041f\u043e\u0445\u043e\u0436\u0430\u044f \u0437\u0430\u043f\u0438\u0441\u044c","block_context":{"text":"\u041f\u043e\u0445\u043e\u0436\u0430\u044f \u0437\u0430\u043f\u0438\u0441\u044c","link":""},"img":{"alt_text":"","src":"https:\/\/i0.wp.com\/tuzlahortum.com.tr\/wp-content\/uploads\/2019\/02\/Do%C4%9Falgaz-Vana-MOP-5-20-kilitli.jpg?fit=520%2C350&ssl=1&resize=350%2C200","width":350,"height":200},"classes":[]},{"id":2859,"url":"https:\/\/tuzlahortum.com.tr\/ru\/product\/dogalgaz-vanasi-mop-5-20-kopya\/","url_meta":{"origin":554,"position":1},"title":"\u041a\u043b\u0430\u043f\u0430\u043d-\u0431\u0430\u0431\u043e\u0447\u043a\u0430 \u0434\u043b\u044f \u043f\u0440\u0438\u0440\u043e\u0434\u043d\u043e\u0433\u043e \u0433\u0430\u0437\u0430","author":"\u0130smail \u00c7elik","date":"14 \u0444\u0435\u0432\u0440\u0430\u043b\u044f 2019","format":false,"excerpt":"Kelebek Do\u011falgaz Vanas\u0131TS CEN\/EN 331\/A1 T\u00fcrk Standartlar\u0131 Enstit\u00fcs\u00fc Onay\u0131.ISO 9001 Kalite Sistem Sertfikas\u0131.MOP5 \u00e7al\u0131\u015fma bas\u0131nc\u0131.Maksimum ak\u0131\u015fkanl\u0131k i\u00e7in tam ge\u00e7i\u015f.Daha uzun \u00f6m\u00fcr i\u00e7in kurum kaplama k\u00fcre.ISO 228 Di\u015fi X Di\u015fi ba\u011flant\u0131.Maksimum g\u00fcvenlik i\u00e7in PTFE conta ve EPDM O-ring.Do\u011falgaz sistemlerinde kullan\u0131lmak \u00fczere geni\u015f kullan\u0131m alan\u0131.Kal\u0131n PVC kapl\u0131 \u00e7elik kol.S\u0131cakl\u0131k -10\u00b0C + 120\u00b0CANMA\u2026","rel":"","context":"\u041f\u043e\u0445\u043e\u0436\u0430\u044f \u0437\u0430\u043f\u0438\u0441\u044c","block_context":{"text":"\u041f\u043e\u0445\u043e\u0436\u0430\u044f \u0437\u0430\u043f\u0438\u0441\u044c","link":""},"img":{"alt_text":"","src":"https:\/\/i0.wp.com\/tuzlahortum.com.tr\/wp-content\/uploads\/2019\/02\/Kelebek-Do%C4%9Fal-gaz-vanas%C4%B1.jpg?fit=520%2C350&ssl=1&resize=350%2C200","width":350,"height":200},"classes":[]},{"id":784,"url":"https:\/\/tuzlahortum.com.tr\/ru\/product\/kollektor-ana-vanasi-pn16\/","url_meta":{"origin":554,"position":2},"title":"\u0413\u043b\u0430\u0432\u043d\u044b\u0439 \u043a\u043b\u0430\u043f\u0430\u043d \u043a\u043e\u043b\u043b\u0435\u043a\u0442\u043e\u0440\u0430 PN16","author":"admin","date":"6 \u0444\u0435\u0432\u0440\u0430\u043b\u044f 2019","format":false,"excerpt":"Kollekt\u00f6r Ana Vanas\u0131 PN16TS CEN\/EN 13547 T\u00fcrk Standartlar\u0131 Enstit\u00fcs\u00fc Onay\u0131.ISO 9001 Kalite Sistem Sertfikas\u0131.Daha uzun \u00f6m\u00fcr i\u00e7in kurum kaplama k\u00fcre.ISO 228 Di\u015fi X Di\u015fi ba\u011flant\u0131.Maksimum g\u00fcvenlik i\u00e7in PTFE conta ve EPDM O-ring.Kal\u0131n PVC kapl\u0131 \u00e7elik kol.End\u00fcstriyel, Tesisat ve sulama sistemlerinde kullan\u0131lmak \u00fczere geni\u015f kullan\u0131m alan\u0131.S\u0131cakl\u0131k -10\u00b0C + 120\u00b0CANMA \u00d6L\u00c7\u00dcS\u00dcDN(G)d1(mm)L(mm)K(mm)t(mm)E(mm)3\/4\"2019618516531\"2524739217551 1\/4\"3230831142059","rel":"","context":"\u041f\u043e\u0445\u043e\u0436\u0430\u044f \u0437\u0430\u043f\u0438\u0441\u044c","block_context":{"text":"\u041f\u043e\u0445\u043e\u0436\u0430\u044f \u0437\u0430\u043f\u0438\u0441\u044c","link":""},"img":{"alt_text":"","src":"https:\/\/i0.wp.com\/tuzlahortum.com.tr\/wp-content\/uploads\/2019\/02\/Kollekt%C3%B6r-Ana-Vana.jpg?fit=520%2C350&ssl=1&resize=350%2C200","width":350,"height":200},"classes":[]},{"id":932,"url":"https:\/\/tuzlahortum.com.tr\/ru\/product\/siber-vana\/","url_meta":{"origin":554,"position":3},"title":"\u0428\u0438\u0431\u0435\u0440\u043d\u044b\u0439 \u043a\u043b\u0430\u043f\u0430\u043d","author":"admin","date":"6 \u0444\u0435\u0432\u0440\u0430\u043b\u044f 2019","format":false,"excerpt":"\u015eiber VanaTS EN12288 T\u00fcrk Standartlar\u0131 Enstit\u00fcs\u00fc Onay\u0131.ISO 9001 Kalite Sistem Sertfikas\u0131.Maksimum ak\u0131\u015fkanl\u0131k i\u00e7in tam ge\u00e7i\u015f.End\u00fcstriyel, Tesisat ve sulama sistemlerinde kullan\u0131lmak \u00fczere geni\u015f kullan\u0131m alan\u0131.ISO 228 Di\u015fi X Di\u015fi ba\u011flant\u0131.S\u0131cakl\u0131k -10\u00b0C + 120\u00b0CANMA \u00d6L\u00c7\u00dcS\u00dcG(mm)d(mm)L(mm)t(mm)E(mm)1-2\"1514369713\/4\"20194012801\"25244514921 1\/4\"323050131081 1\/2\"403853131252\"504760141402 1\/2\"725875201753\"857786222054\"1109010227240","rel":"","context":"\u041f\u043e\u0445\u043e\u0436\u0430\u044f \u0437\u0430\u043f\u0438\u0441\u044c","block_context":{"text":"\u041f\u043e\u0445\u043e\u0436\u0430\u044f \u0437\u0430\u043f\u0438\u0441\u044c","link":""},"img":{"alt_text":"","src":"https:\/\/i0.wp.com\/tuzlahortum.com.tr\/wp-content\/uploads\/2019\/02\/%C5%9Eiber-Vana.jpg?fit=520%2C370&ssl=1&resize=350%2C200","width":350,"height":200},"classes":[]},{"id":755,"url":"https:\/\/tuzlahortum.com.tr\/ru\/product\/sari-klape\/","url_meta":{"origin":554,"position":4},"title":"\u0416\u0435\u043b\u0442\u044b\u0439 \u043b\u043e\u0441\u043a\u0443\u0442","author":"admin","date":"6 \u0444\u0435\u0432\u0440\u0430\u043b\u044f 2019","format":false,"excerpt":"Sar\u0131 Klape\u00a0 ISO 9001 Kalite Sistem Sertfikas\u0131. Maksimum ak\u0131\u015fkanl\u0131k i\u00e7in tam ge\u00e7i\u015f. ISO 228 Di\u015fi X Di\u015fi ba\u011flant\u0131. Maksimum g\u00fcvenlik i\u00e7in EPDM O-ring. End\u00fcstriyel, Tesisat ve sulama sistemlerinde kullan\u0131lmak \u00fczere geni\u015f kullan\u0131m alan\u0131. S\u0131cakl\u0131k -10\u00b0C + 50\u00b0C ANMA \u00d6L\u00c7\u00dcS\u00dc G (mm) d (mm) L (mm) 3\/4\" 20 18 90 1\"\u2026","rel":"","context":"\u041f\u043e\u0445\u043e\u0436\u0430\u044f \u0437\u0430\u043f\u0438\u0441\u044c","block_context":{"text":"\u041f\u043e\u0445\u043e\u0436\u0430\u044f \u0437\u0430\u043f\u0438\u0441\u044c","link":""},"img":{"alt_text":"","src":"https:\/\/i0.wp.com\/tuzlahortum.com.tr\/wp-content\/uploads\/2019\/02\/Sar%C4%B1-Klape.jpg?fit=520%2C350&ssl=1&resize=350%2C200","width":350,"height":200},"classes":[]},{"id":792,"url":"https:\/\/tuzlahortum.com.tr\/ru\/product\/kuresel-vana-pn40-tse\/","url_meta":{"origin":554,"position":5},"title":"\u0428\u0430\u0440\u043e\u0432\u043e\u0439 \u043a\u0440\u0430\u043d PN40 TSE","author":"admin","date":"6 \u0444\u0435\u0432\u0440\u0430\u043b\u044f 2019","format":false,"excerpt":"K\u00fcresel Vana PN40 TSETS CEN\/EN 13547 T\u00fcrk Standartlar\u0131 Enstit\u00fcs\u00fc Onay\u0131.ISO 9001 Kalite Sistem Sertfikas\u0131.Maksimum ak\u0131\u015fkanl\u0131k i\u00e7in tam ge\u00e7i\u015f.Daha uzun \u00f6m\u00fcr i\u00e7in kurum kaplama k\u00fcre.ISO 228 Di\u015fi X Di\u015fi ba\u011flant\u0131.Kol \u00fczerinde A\u00e7\u0131k-Kapal\u0131 i\u015fareti.Maksimum g\u00fcvenlik i\u00e7in PTFE conta ve EPDM O-ring.Kal\u0131n PVC kapl\u0131 \u00e7elik kol.End\u00fcstriyel, Tesisat ve sulama sistemlerinde kullan\u0131lmak \u00fczere geni\u015f\u2026","rel":"","context":"\u041f\u043e\u0445\u043e\u0436\u0430\u044f \u0437\u0430\u043f\u0438\u0441\u044c","block_context":{"text":"\u041f\u043e\u0445\u043e\u0436\u0430\u044f \u0437\u0430\u043f\u0438\u0441\u044c","link":""},"img":{"alt_text":"","src":"https:\/\/i0.wp.com\/tuzlahortum.com.tr\/wp-content\/uploads\/2019\/02\/K%C3%BCresel-Vana-PN16-PN25-PN40-TSE.jpg?fit=520%2C350&ssl=1&resize=350%2C200","width":350,"height":200},"classes":[]}],"jetpack_sharing_enabled":true,"jetpack_likes_enabled":true,"_links":{"self":[{"href":"https:\/\/tuzlahortum.com.tr\/ru\/wp-json\/wp\/v2\/product\/554","targetHints":{"allow":["GET"]}}],"collection":[{"href":"https:\/\/tuzlahortum.com.tr\/ru\/wp-json\/wp\/v2\/product"}],"about":[{"href":"https:\/\/tuzlahortum.com.tr\/ru\/wp-json\/wp\/v2\/types\/product"}],"replies":[{"embeddable":true,"href":"https:\/\/tuzlahortum.com.tr\/ru\/wp-json\/wp\/v2\/comments?post=554"}],"wp:featuredmedia":[{"embeddable":true,"href":"https:\/\/tuzlahortum.com.tr\/ru\/wp-json\/wp\/v2\/media\/2857"}],"wp:attachment":[{"href":"https:\/\/tuzlahortum.com.tr\/ru\/wp-json\/wp\/v2\/media?parent=554"}],"wp:term":[{"taxonomy":"product_brand","embeddable":true,"href":"https:\/\/tuzlahortum.com.tr\/ru\/wp-json\/wp\/v2\/product_brand?post=554"},{"taxonomy":"product_cat","embeddable":true,"href":"https:\/\/tuzlahortum.com.tr\/ru\/wp-json\/wp\/v2\/product_cat?post=554"},{"taxonomy":"product_tag","embeddable":true,"href":"https:\/\/tuzlahortum.com.tr\/ru\/wp-json\/wp\/v2\/product_tag?post=554"}],"curies":[{"name":"wp","href":"https:\/\/api.w.org\/{rel}","templated":true}]}}