{"id":546,"date":"2019-02-06T23:45:43","date_gmt":"2019-02-06T20:45:43","guid":{"rendered":"http:\/\/hortum.com.tr\/product\/import-placeholder-for-549\/"},"modified":"2024-03-21T17:45:35","modified_gmt":"2024-03-21T14:45:35","slug":"c-tipi-bronz-kamlok","status":"publish","type":"product","link":"https:\/\/tuzlahortum.com.tr\/ru\/product\/c-tipi-bronz-kamlok\/","title":{"rendered":"\u0411\u0440\u043e\u043d\u0437\u043e\u0432\u044b\u0439 \u043a\u0430\u043c\u043b\u043e\u043a C \u0442\u0438\u043f\u0430"},"content":{"rendered":"<h2>\u0411\u0440\u043e\u043d\u0437\u043e\u0432\u044b\u0439 \u043a\u0430\u043c\u043b\u043e\u043a C \u0442\u0438\u043f\u0430<\/h2>\n<p>https:\/\/www.youtube.com\/watch?v=O8ZlzKEjfEQ<\/p>","protected":false},"excerpt":{"rendered":"<p>C Tipi Bronz Kamlok https:\/\/www.youtube.com\/watch?v=O8ZlzKEjfEQ<\/p>","protected":false},"featured_media":8212,"comment_status":"open","ping_status":"closed","template":"","meta":[],"product_brand":[],"product_cat":[311],"product_tag":[271,312,315,316,278,270,269,277,274,276,275],"class_list":{"0":"post-546","1":"product","2":"type-product","3":"status-publish","4":"has-post-thumbnail","6":"product_cat-bronz-kamloklar","7":"product_tag-baglanti-elemani","8":"product_tag-bronz","9":"product_tag-c-tipi","10":"product_tag-c-tipi-bronz","11":"product_tag-hizli-baglanti","12":"product_tag-hortum-baglantisi","13":"product_tag-kamlok","14":"product_tag-kolay-baglanti","15":"product_tag-sok","16":"product_tag-sok-tak","17":"product_tag-tak","19":"first","20":"instock","21":"taxable","22":"shipping-taxable","23":"product-type-variable"},"jetpack-related-posts":[{"id":804,"url":"https:\/\/tuzlahortum.com.tr\/ru\/product\/c-tipi-paslanmaz-kamlok-316\/","url_meta":{"origin":546,"position":0},"title":"\u0422\u0438\u043f \u041a\u0430\u043c\u043b\u043e\u043a \u043a \u0438\u0437 \u043d\u0435\u0440\u0436\u0430\u0432\u0435\u044e\u0449\u0435\u0439 \u0441\u0442\u0430\u043b\u0438 (316)","author":"admin","date":"6 \u0444\u0435\u0432\u0440\u0430\u043b\u044f 2019","format":false,"excerpt":"C Tipi Paslanmaz Kamlok (316)C T\u0130P\u0130 PASLANMAZ KAMLOK D\u0130\u015e\u0130 \u00a0VE HORTUMA GE\u00c7ME \u00a0\u015eEKL\u0130 OLUP EKLEME MODEL\u0130 OLARAK \u00a0M\u00dc\u015eTER\u0130M\u0130ZE SUNMAKTAYIZ KULLANIM ALANLARI K\u0130MYEV\u0130 MADDE AS\u0130T , SOLVENT , PETROL VB T\u00dcM K\u0130MYASALLAR \u0130\u00c7\u0130N DEM\u0130R \u00c7EL\u0130K FABR\u0130KALARINDA SICAK ORTAMLAR DA GEM\u0130 SEKT\u00d6R\u00dc DEN\u0130Z SUYU VB B\u0130R \u00c7OK AMACA UYGUN KULLANIM KOLAYLI\u011eI VE\u2026","rel":"","context":"\u041f\u043e\u0445\u043e\u0436\u0430\u044f \u0437\u0430\u043f\u0438\u0441\u044c","block_context":{"text":"\u041f\u043e\u0445\u043e\u0436\u0430\u044f \u0437\u0430\u043f\u0438\u0441\u044c","link":""},"img":{"alt_text":"","src":"https:\/\/i0.wp.com\/tuzlahortum.com.tr\/wp-content\/uploads\/2019\/02\/316C-1.jpg?fit=1200%2C1187&ssl=1&resize=350%2C200","width":350,"height":200,"srcset":"https:\/\/i0.wp.com\/tuzlahortum.com.tr\/wp-content\/uploads\/2019\/02\/316C-1.jpg?fit=1200%2C1187&ssl=1&resize=350%2C200 1x, https:\/\/i0.wp.com\/tuzlahortum.com.tr\/wp-content\/uploads\/2019\/02\/316C-1.jpg?fit=1200%2C1187&ssl=1&resize=525%2C300 1.5x, https:\/\/i0.wp.com\/tuzlahortum.com.tr\/wp-content\/uploads\/2019\/02\/316C-1.jpg?fit=1200%2C1187&ssl=1&resize=700%2C400 2x, https:\/\/i0.wp.com\/tuzlahortum.com.tr\/wp-content\/uploads\/2019\/02\/316C-1.jpg?fit=1200%2C1187&ssl=1&resize=1050%2C600 3x"},"classes":[]},{"id":12801,"url":"https:\/\/tuzlahortum.com.tr\/ru\/product\/c-tipi-paslanmaz-kamlok-304\/","url_meta":{"origin":546,"position":1},"title":"\u0422\u0438\u043f \u041a\u0430\u043c\u043b\u043e\u043a \u043a \u0438\u0437 \u043d\u0435\u0440\u0436\u0430\u0432\u0435\u044e\u0449\u0435\u0439 \u0441\u0442\u0430\u043b\u0438 (304)","author":"admin","date":"13 \u0441\u0435\u043d\u0442\u044f\u0431\u0440\u044f 2023","format":false,"excerpt":"C Tipi Paslanmaz Kamlok (304)C T\u0130P\u0130 PASLANMAZ KAMLOK D\u0130\u015e\u0130 \u00a0VE HORTUMA GE\u00c7ME \u00a0\u015eEKL\u0130 OLUP EKLEME MODEL\u0130 OLARAK \u00a0M\u00dc\u015eTER\u0130M\u0130ZE SUNMAKTAYIZ KULLANIM ALANLARI K\u0130MYEV\u0130 MADDE AS\u0130T , SOLVENT , PETROL VB T\u00dcM K\u0130MYASALLAR \u0130\u00c7\u0130N DEM\u0130R \u00c7EL\u0130K FABR\u0130KALARINDA SICAK ORTAMLAR DA GEM\u0130 SEKT\u00d6R\u00dc DEN\u0130Z SUYU VB B\u0130R \u00c7OK AMACA UYGUN KULLANIM KOLAYLI\u011eI VE\u2026","rel":"","context":"\u041f\u043e\u0445\u043e\u0436\u0430\u044f \u0437\u0430\u043f\u0438\u0441\u044c","block_context":{"text":"\u041f\u043e\u0445\u043e\u0436\u0430\u044f \u0437\u0430\u043f\u0438\u0441\u044c","link":""},"img":{"alt_text":"","src":"https:\/\/i0.wp.com\/tuzlahortum.com.tr\/wp-content\/uploads\/2019\/02\/316C-1.jpg?fit=1200%2C1187&ssl=1&resize=350%2C200","width":350,"height":200,"srcset":"https:\/\/i0.wp.com\/tuzlahortum.com.tr\/wp-content\/uploads\/2019\/02\/316C-1.jpg?fit=1200%2C1187&ssl=1&resize=350%2C200 1x, https:\/\/i0.wp.com\/tuzlahortum.com.tr\/wp-content\/uploads\/2019\/02\/316C-1.jpg?fit=1200%2C1187&ssl=1&resize=525%2C300 1.5x, https:\/\/i0.wp.com\/tuzlahortum.com.tr\/wp-content\/uploads\/2019\/02\/316C-1.jpg?fit=1200%2C1187&ssl=1&resize=700%2C400 2x, https:\/\/i0.wp.com\/tuzlahortum.com.tr\/wp-content\/uploads\/2019\/02\/316C-1.jpg?fit=1200%2C1187&ssl=1&resize=1050%2C600 3x"},"classes":[]},{"id":825,"url":"https:\/\/tuzlahortum.com.tr\/ru\/product\/v-tipi-sari-verici-hortum-standart\/","url_meta":{"origin":546,"position":2},"title":"\u0416\u0435\u043b\u0442\u044b\u0439 \u0440\u0430\u0437\u0434\u0430\u0442\u043e\u0447\u043d\u044b\u0439 \u0448\u043b\u0430\u043d\u0433 \u0442\u0438\u043f\u0430 V (\u0421\u0422\u0410\u041d\u0414\u0410\u0420\u0422\u041d\u042b\u0419)","author":"admin","date":"6 \u0444\u0435\u0432\u0440\u0430\u043b\u044f 2019","format":false,"excerpt":"V Tipi Sar\u0131 Verici Hortum (STANDART)\u00d6zellikler Emici ve verici olarak kullan\u0131labilir. Esnek \u015feffaf PVC, y\u00fcksek mukavemetli, k\u0131r\u0131lmaya kar\u015f\u0131 maksimum dayan\u0131kl\u0131 sert PVC takviyesiyle \u00fcretilmektedir. \u0130\u00e7 ve d\u0131\u015f y\u00fczey d\u00fczd\u00fcr. \u00c7al\u0131\u015fma S\u0131cakl\u0131\u011f\u0131 -5\u00b0C ile +60\u00b0C aras\u0131 Kullan\u0131m Alanlar\u0131 Tar\u0131m, sanayi ve in\u015faat sekt\u00f6r\u00fcnde , pompa emi\u015flerinde, likit ve sair malzeme naklinde\u00a0\u2026","rel":"","context":"\u041f\u043e\u0445\u043e\u0436\u0430\u044f \u0437\u0430\u043f\u0438\u0441\u044c","block_context":{"text":"\u041f\u043e\u0445\u043e\u0436\u0430\u044f \u0437\u0430\u043f\u0438\u0441\u044c","link":""},"img":{"alt_text":"","src":"https:\/\/i0.wp.com\/tuzlahortum.com.tr\/wp-content\/uploads\/urunler\/plastik\/39.jpg?fit=456%2C232&ssl=1&resize=350%2C200","width":350,"height":200},"classes":[]},{"id":865,"url":"https:\/\/tuzlahortum.com.tr\/ru\/product\/v-tipi-sari-verici-hortum-orta-hizmet\/","url_meta":{"origin":546,"position":3},"title":"\u0416\u0435\u043b\u0442\u044b\u0439 \u0440\u0430\u0437\u0434\u0430\u0442\u043e\u0447\u043d\u044b\u0439 \u0448\u043b\u0430\u043d\u0433 \u0442\u0438\u043f\u0430 V (\u0421\u0420\u0415\u0414\u041d\u042f\u042f \u041d\u0410\u0427\u0410\u041b\u042c\u041d\u041e\u0421\u0422\u042c)","author":"admin","date":"6 \u0444\u0435\u0432\u0440\u0430\u043b\u044f 2019","format":false,"excerpt":"V Tipi Sar\u0131 Verici Hortum (ORTA H\u0130ZMET)\u00d6zellikler Verici olarak kullan\u0131labilir. Esnek \u015feffaf PVC, y\u00fcksek mukavemetli, k\u0131r\u0131lmaya kar\u015f\u0131 maksimum dayan\u0131kl\u0131 sert PVC takviyesiyle \u00fcretilmektedir. \u0130\u00e7 ve d\u0131\u015f y\u00fczeyler d\u00fczd\u00fcr. \u00c7al\u0131\u015fma S\u0131cakl\u0131\u011f\u0131 -5\u00b0C ile +60\u00b0C aras\u0131 Kullan\u0131m Alanlar\u0131 Tar\u0131m, sanayi ve in\u015faat sekt\u00f6r\u00fcnde her t\u00fcrl\u00fc orta hizmetlerde, pompa emi\u015flerinde, likit ve sair\u2026","rel":"","context":"\u041f\u043e\u0445\u043e\u0436\u0430\u044f \u0437\u0430\u043f\u0438\u0441\u044c","block_context":{"text":"\u041f\u043e\u0445\u043e\u0436\u0430\u044f \u0437\u0430\u043f\u0438\u0441\u044c","link":""},"img":{"alt_text":"","src":"https:\/\/i0.wp.com\/tuzlahortum.com.tr\/wp-content\/uploads\/urunler\/plastik\/39.jpg?fit=456%2C232&ssl=1&resize=350%2C200","width":350,"height":200},"classes":[]},{"id":822,"url":"https:\/\/tuzlahortum.com.tr\/ru\/product\/ls-tipi-beyaz-spiralli-klima-hortumu\/","url_meta":{"origin":546,"position":4},"title":"\u0411\u0435\u043b\u044b\u0439 \u0441\u043f\u0438\u0440\u0430\u043b\u044c\u043d\u044b\u0439 \u0448\u043b\u0430\u043d\u0433 \u0434\u043b\u044f \u043a\u043e\u043d\u0434\u0438\u0446\u0438\u043e\u043d\u0438\u0440\u043e\u0432\u0430\u043d\u0438\u044f \u0432\u043e\u0437\u0434\u0443\u0445\u0430 \u0442\u0438\u043f\u0430 LS","author":"admin","date":"6 \u0444\u0435\u0432\u0440\u0430\u043b\u044f 2019","format":false,"excerpt":"LS Tipi Beyaz Spiralli Klima Hortumu\u00d6zellikler Verici olarak kullan\u0131labilir. Esnek \u015feffaf PVC, y\u00fcksek mukavemetli, k\u0131r\u0131lmaya kar\u015f\u0131 maksimum dayan\u0131kl\u0131 sert PVC takviyesiyle \u00fcretilmektedir. \u0130\u00e7 y\u00fczey d\u00fcz, d\u0131\u015f y\u00fczey bo\u011fumludur. \u00c7al\u0131\u015fma S\u0131cakl\u0131\u011f\u0131 -5\u00b0C ile +60\u00b0C aras\u0131 Kullan\u0131m Alanlar\u0131 Klima ve so\u011futucularda su tahliye i\u015flerinde kullan\u0131l\u0131r.","rel":"","context":"\u041f\u043e\u0445\u043e\u0436\u0430\u044f \u0437\u0430\u043f\u0438\u0441\u044c","block_context":{"text":"\u041f\u043e\u0445\u043e\u0436\u0430\u044f \u0437\u0430\u043f\u0438\u0441\u044c","link":""},"img":{"alt_text":"","src":"https:\/\/i0.wp.com\/tuzlahortum.com.tr\/wp-content\/uploads\/urunler\/plastik\/LS-TI%CC%87PI%CC%87-BEYAZ-SPI%CC%87RAL-KLI%CC%87MA-HORTUMU-1.jpg?fit=640%2C480&ssl=1&resize=350%2C200","width":350,"height":200,"srcset":"https:\/\/i0.wp.com\/tuzlahortum.com.tr\/wp-content\/uploads\/urunler\/plastik\/LS-TI%CC%87PI%CC%87-BEYAZ-SPI%CC%87RAL-KLI%CC%87MA-HORTUMU-1.jpg?fit=640%2C480&ssl=1&resize=350%2C200 1x, https:\/\/i0.wp.com\/tuzlahortum.com.tr\/wp-content\/uploads\/urunler\/plastik\/LS-TI%CC%87PI%CC%87-BEYAZ-SPI%CC%87RAL-KLI%CC%87MA-HORTUMU-1.jpg?fit=640%2C480&ssl=1&resize=525%2C300 1.5x"},"classes":[]},{"id":828,"url":"https:\/\/tuzlahortum.com.tr\/ru\/product\/te-tipi-gri-toz-emis-hortumu-standart\/","url_meta":{"origin":546,"position":5},"title":"\u0421\u0435\u0440\u044b\u0439 \u043f\u044b\u043b\u0435\u043e\u0442\u0441\u0430\u0441\u044b\u0432\u0430\u044e\u0449\u0438\u0439 \u0448\u043b\u0430\u043d\u0433 \u0442\u0438\u043f\u0430 TE (\u0421\u0422\u0410\u041d\u0414\u0410\u0420\u0422\u041d\u042b\u0419)","author":"admin","date":"6 \u0444\u0435\u0432\u0440\u0430\u043b\u044f 2019","format":false,"excerpt":"TE Tipi Gri Toz Emi\u015f Hortumu (STANDART)\u00d6zellikler Verici olarak kullan\u0131labilir. Esnek \u015feffaf PVC, y\u00fcksek mukavemetli, k\u0131r\u0131lmaya kar\u015f\u0131 maksimum dayan\u0131kl\u0131 sert PVC takviyesiyle \u00fcretilmektedir. \u0130\u00e7 y\u00fczey d\u00fcz, d\u0131\u015f y\u00fczey bo\u011fumludur. \u00c7al\u0131\u015fma S\u0131cakl\u0131\u011f\u0131 -5\u00b0C ile +60\u00b0C aras\u0131 Kullan\u0131m Alanlar\u0131 Her t\u00fcrl\u00fc hava, duman, gaz, tala\u015f vb. emme i\u015flerinde \u00f6zellikle tekstil ve mobilya\u2026","rel":"","context":"\u041f\u043e\u0445\u043e\u0436\u0430\u044f \u0437\u0430\u043f\u0438\u0441\u044c","block_context":{"text":"\u041f\u043e\u0445\u043e\u0436\u0430\u044f \u0437\u0430\u043f\u0438\u0441\u044c","link":""},"img":{"alt_text":"","src":"https:\/\/i0.wp.com\/tuzlahortum.com.tr\/wp-content\/uploads\/urunler\/plastik\/19.jpg?fit=588%2C373&ssl=1&resize=350%2C200","width":350,"height":200,"srcset":"https:\/\/i0.wp.com\/tuzlahortum.com.tr\/wp-content\/uploads\/urunler\/plastik\/19.jpg?fit=588%2C373&ssl=1&resize=350%2C200 1x, https:\/\/i0.wp.com\/tuzlahortum.com.tr\/wp-content\/uploads\/urunler\/plastik\/19.jpg?fit=588%2C373&ssl=1&resize=525%2C300 1.5x"},"classes":[]}],"jetpack_sharing_enabled":true,"jetpack_likes_enabled":true,"_links":{"self":[{"href":"https:\/\/tuzlahortum.com.tr\/ru\/wp-json\/wp\/v2\/product\/546","targetHints":{"allow":["GET"]}}],"collection":[{"href":"https:\/\/tuzlahortum.com.tr\/ru\/wp-json\/wp\/v2\/product"}],"about":[{"href":"https:\/\/tuzlahortum.com.tr\/ru\/wp-json\/wp\/v2\/types\/product"}],"replies":[{"embeddable":true,"href":"https:\/\/tuzlahortum.com.tr\/ru\/wp-json\/wp\/v2\/comments?post=546"}],"wp:featuredmedia":[{"embeddable":true,"href":"https:\/\/tuzlahortum.com.tr\/ru\/wp-json\/wp\/v2\/media\/8212"}],"wp:attachment":[{"href":"https:\/\/tuzlahortum.com.tr\/ru\/wp-json\/wp\/v2\/media?parent=546"}],"wp:term":[{"taxonomy":"product_brand","embeddable":true,"href":"https:\/\/tuzlahortum.com.tr\/ru\/wp-json\/wp\/v2\/product_brand?post=546"},{"taxonomy":"product_cat","embeddable":true,"href":"https:\/\/tuzlahortum.com.tr\/ru\/wp-json\/wp\/v2\/product_cat?post=546"},{"taxonomy":"product_tag","embeddable":true,"href":"https:\/\/tuzlahortum.com.tr\/ru\/wp-json\/wp\/v2\/product_tag?post=546"}],"curies":[{"name":"wp","href":"https:\/\/api.w.org\/{rel}","templated":true}]}}