{"id":525,"date":"2019-02-06T23:45:38","date_gmt":"2019-02-06T20:45:38","guid":{"rendered":"http:\/\/hortum.com.tr\/product\/import-placeholder-for-364\/"},"modified":"2024-03-21T17:45:52","modified_gmt":"2024-03-21T14:45:52","slug":"combiafs-heavy","status":"publish","type":"product","link":"https:\/\/tuzlahortum.com.tr\/ru\/product\/combiafs-heavy\/","title":{"rendered":"\u041a\u041e\u041c\u0411\u0418\u0410\u0424\u042b \u0422\u042f\u0416\u0415\u041b\u042b\u0415"},"content":{"rendered":"<h2>\u041a\u041e\u041c\u0411\u0418\u0410\u0424\u042b \u0422\u042f\u0416\u0415\u041b\u042b\u0415<\/h2>\n<div>\u0413\u0438\u0431\u043a\u0438\u0435 \u0432\u043e\u0437\u0434\u0443\u0445\u043e\u0432\u043e\u0434\u044b \u0432\u044b\u0441\u043e\u043a\u043e\u0439 \u043f\u0440\u043e\u0447\u043d\u043e\u0441\u0442\u0438 \u0438 \u043f\u0440\u043e\u0447\u043d\u043e\u0439 \u043a\u043e\u043d\u0441\u0442\u0440\u0443\u043a\u0446\u0438\u0438.<\/div>\n<div>\n<h4>\u041e\u0431\u0449\u0438\u0435 \u0445\u0430\u0440\u0430\u043a\u0442\u0435\u0440\u0438\u0441\u0442\u0438\u043a\u0438<\/h4>\n<div class=\"txt\"><span id=\"ctl00_ContentPlaceHolder1_lblTxt\">\u041a\u043e\u043c\u0431\u0438\u043d\u0438\u0440\u043e\u0432\u0430\u043d\u043d\u044b\u0435 \u0433\u0438\u0431\u043a\u0438\u0435 \u0432\u043e\u0437\u0434\u0443\u0445\u043e\u0432\u043e\u0434\u044b COMBIAFS-HEAVY \u0438\u0437 \u0430\u043b\u044e\u043c\u0438\u043d\u0438\u044f \u0438 \u041f\u0412\u0425, \u043e\u0431\u043b\u0430\u0434\u0430\u044e\u0449\u0438\u0435 \u0432\u044b\u0441\u043e\u043a\u043e\u0439 \u043f\u0440\u043e\u0447\u043d\u043e\u0441\u0442\u044c\u044e \u0438 \u043f\u0440\u043e\u0447\u043d\u043e\u0439 \u043a\u043e\u043d\u0441\u0442\u0440\u0443\u043a\u0446\u0438\u0435\u0439, \u043f\u0440\u0435\u0434\u0441\u0442\u0430\u0432\u043b\u044f\u044e\u0442 \u0441\u043e\u0431\u043e\u0439 \u0443\u043d\u0438\u0432\u0435\u0440\u0441\u0430\u043b\u044c\u043d\u044b\u0435 \u0433\u0438\u0431\u043a\u0438\u0435 \u0432\u043e\u0437\u0434\u0443\u0445\u043e\u0432\u043e\u0434\u044b, \u0441\u043f\u0435\u0446\u0438\u0430\u043b\u044c\u043d\u043e \u0440\u0430\u0437\u0440\u0430\u0431\u043e\u0442\u0430\u043d\u043d\u044b\u0435 \u0434\u043b\u044f \u043e\u0442\u0432\u043e\u0434\u0430 \u0441\u0432\u0430\u0440\u043e\u0447\u043d\u043e\u0433\u043e \u0434\u044b\u043c\u0430 \u0438 \u0442\u0430\u043c, \u0433\u0434\u0435 \u0442\u0440\u0435\u0431\u0443\u0435\u0442\u0441\u044f \u0432\u044b\u0441\u043e\u043a\u0430\u044f \u043c\u0435\u0445\u0430\u043d\u0438\u0447\u0435\u0441\u043a\u0430\u044f \u043f\u0440\u043e\u0447\u043d\u043e\u0441\u0442\u044c. COMBIAFS-HEAVY \u0442\u0430\u043a\u0436\u0435 \u0447\u0440\u0435\u0437\u0432\u044b\u0447\u0430\u0439\u043d\u043e \u043f\u043e\u0434\u0445\u043e\u0434\u0438\u0442 \u0438 \u044d\u0444\u0444\u0435\u043a\u0442\u0438\u0432\u0435\u043d \u0434\u043b\u044f \u0441\u0438\u0441\u0442\u0435\u043c \u043e\u0442\u043e\u043f\u043b\u0435\u043d\u0438\u044f, \u043e\u0445\u043b\u0430\u0436\u0434\u0435\u043d\u0438\u044f, \u0432\u0435\u043d\u0442\u0438\u043b\u044f\u0446\u0438\u0438 \u0438 \u043a\u043e\u043d\u0434\u0438\u0446\u0438\u043e\u043d\u0438\u0440\u043e\u0432\u0430\u043d\u0438\u044f \u0432\u043e\u0437\u0434\u0443\u0445\u0430. \u0415\u0433\u043e \u043f\u0440\u043e\u0438\u0437\u0432\u043e\u0434\u044f\u0442 \u043f\u0443\u0442\u0435\u043c \u0440\u0430\u0437\u043c\u0435\u0449\u0435\u043d\u0438\u044f \u043f\u043b\u043e\u0442\u043d\u043e\u0439 \u043e\u0431\u043e\u043b\u043e\u0447\u043a\u0438 \u0438\u0437 \u041f\u0412\u0425 \u043d\u0430 \u0430\u043b\u044e\u043c\u0438\u043d\u0438\u0435\u0432\u044b\u0445 \u0433\u0438\u0431\u043a\u0438\u0445 \u0432\u043e\u0437\u0434\u0443\u0445\u043e\u0432\u043e\u0434\u0430\u0445, \u043a\u043e\u0442\u043e\u0440\u044b\u0435 \u0438\u0437\u0433\u043e\u0442\u0430\u0432\u043b\u0438\u0432\u0430\u044e\u0442\u0441\u044f \u043f\u0443\u0442\u0435\u043c \u0430\u0440\u043c\u0438\u0440\u043e\u0432\u0430\u043d\u0438\u044f \u043c\u043d\u043e\u0433\u043e\u0441\u043b\u043e\u0439\u043d\u043e\u0433\u043e \u043b\u0430\u043c\u0438\u043d\u0438\u0440\u043e\u0432\u0430\u043d\u043d\u043e\u0433\u043e \u0430\u043b\u044e\u043c\u0438\u043d\u0438\u0435\u0432\u043e\u0433\u043e \u0438 \u043f\u043e\u043b\u0438\u044d\u0444\u0438\u0440\u043d\u043e\u0433\u043e \u043c\u0430\u0442\u0435\u0440\u0438\u0430\u043b\u0430 \u0432\u044b\u0441\u043e\u043a\u043e\u043f\u0440\u043e\u0447\u043d\u043e\u0439 \u0441\u043f\u0438\u0440\u0430\u043b\u044c\u043d\u043e\u0439 \u0441\u0442\u0430\u043b\u044c\u043d\u043e\u0439 \u043f\u0440\u043e\u0432\u043e\u043b\u043e\u043a\u043e\u0439. \u0413\u0438\u0431\u043a\u0438\u0435 \u0432\u043e\u0437\u0434\u0443\u0445\u043e\u0432\u043e\u0434\u044b COMBIAFS-HEAVY \u0433\u0435\u0440\u043c\u0435\u0442\u0438\u0447\u043d\u044b. \u0425\u043e\u0442\u044f \u043e\u0431\u043e\u043b\u043e\u0447\u043a\u0430 \u0438\u0437 \u041f\u0412\u0425 \u043f\u043e\u0432\u044b\u0448\u0430\u0435\u0442 \u043c\u0435\u0445\u0430\u043d\u0438\u0447\u0435\u0441\u043a\u0443\u044e \u043f\u0440\u043e\u0447\u043d\u043e\u0441\u0442\u044c, \u043e\u043d\u0430 \u0442\u0430\u043a\u0436\u0435 \u0434\u0435\u0439\u0441\u0442\u0432\u0443\u0435\u0442 \u043a\u0430\u043a \u0431\u0430\u0440\u044c\u0435\u0440 \u0434\u043b\u044f \u0432\u043b\u0430\u0433\u0438. \u0418\u043c\u0435\u0435\u0442 \u0444\u0443\u043d\u043a\u0446\u0438\u044e \u043f\u0440\u0435\u0434\u043e\u0442\u0432\u0440\u0430\u0449\u0435\u043d\u0438\u044f \u043e\u0431\u0440\u0430\u0437\u043e\u0432\u0430\u043d\u0438\u044f \u043a\u043e\u043d\u0434\u0435\u043d\u0441\u0430\u0442\u0430. COMBIAFS-HEAVY \u043e\u0431\u043b\u0430\u0434\u0430\u0435\u0442 \u0447\u0440\u0435\u0437\u0432\u044b\u0447\u0430\u0439\u043d\u043e \u0432\u044b\u0441\u043e\u043a\u043e\u0439 \u0441\u043f\u043e\u0441\u043e\u0431\u043d\u043e\u0441\u0442\u044c\u044e \u043a \u0440\u0430\u0441\u0442\u044f\u0436\u0435\u043d\u0438\u044e, \u0438\u0437\u0433\u0438\u0431\u0443 \u0438 \u0441\u0436\u0430\u0442\u0438\u044e. \u041b\u0435\u0433\u043a\u043e \u043c\u043e\u043d\u0442\u0438\u0440\u0443\u0435\u0442\u0441\u044f \u0432 \u043e\u0432\u0430\u043b\u044c\u043d\u044b\u0435, \u043a\u0440\u0443\u0433\u043b\u044b\u0435 \u0438 \u0443\u0433\u043b\u043e\u0432\u044b\u0435 \u0448\u0432\u044b.<\/span> <span id=\"ctl00_ContentPlaceHolder1_lblTxt\">\u0420\u0430\u0437\u043c\u0435\u0440\u044b, \u0434\u043e\u043f\u0443\u0441\u043a\u0438 \u0438 \u043f\u0440\u043e\u0447\u043d\u043e\u0441\u0442\u043d\u044b\u0435 \u0445\u0430\u0440\u0430\u043a\u0442\u0435\u0440\u0438\u0441\u0442\u0438\u043a\u0438 \u0433\u0438\u0431\u043a\u0438\u0445 \u0432\u043e\u0437\u0434\u0443\u0445\u043e\u0432\u043e\u0434\u043e\u0432 COMBIAFS-HEAVY\u00a0<u><strong>\u0415\u041d 13180<\/strong><\/u>\u00a0\u041e\u043d \u043f\u0440\u043e\u0442\u0435\u0441\u0442\u0438\u0440\u043e\u0432\u0430\u043d, \u043a\u043b\u0430\u0441\u0441\u0438\u0444\u0438\u0446\u0438\u0440\u043e\u0432\u0430\u043d \u0438 \u0441\u0435\u0440\u0442\u0438\u0444\u0438\u0446\u0438\u0440\u043e\u0432\u0430\u043d \u0432 \u0441\u043e\u043e\u0442\u0432\u0435\u0442\u0441\u0442\u0432\u0438\u0438 \u0441\u043e \u0441\u0442\u0430\u043d\u0434\u0430\u0440\u0442\u043e\u043c.<\/span><\/div>\n<h4>\u041e\u0441\u043e\u0431\u0435\u043d\u043d\u043e\u0441\u0442\u0438 \u0438 \u043f\u0440\u0435\u0438\u043c\u0443\u0449\u0435\u0441\u0442\u0432\u0430<\/h4>\n<table class=\"table table-hover table-bordered\">\n<tbody>\n<tr>\n<th class=\"urunDetayth\">\u0421\u0442\u0435\u043d\u0430<\/th>\n<td>3 \u0441\u043b\u043e\u044f \u0410\u043b\u044e\u043c\u0438\u043d\u0438\u0439 + 2 \u0441\u043b\u043e\u044f \u041f\u043e\u043b\u0438\u044d\u0441\u0442\u0435\u0440 1 \u0441\u043b\u043e\u0439 \u041f\u0412\u0425<\/td>\n<\/tr>\n<tr>\n<th class=\"urunDetayth\">\u0422\u043e\u043b\u0449\u0438\u043d\u0430 \u0441\u0442\u0435\u043d\u044b<\/th>\n<td>150 \u043c\u0438\u043a\u0440\u043e\u043d<\/td>\n<\/tr>\n<tr>\n<th class=\"urunDetayth\">\u0420\u0430\u0441\u0445\u043e\u0434 \u0432\u043e\u0437\u0434\u0443\u0445\u0430<\/th>\n<td>30 \u043c\/\u0441 (\u043c\u0430\u043a\u0441\u0438\u043c\u0443\u043c)<\/td>\n<\/tr>\n<tr>\n<th class=\"urunDetayth\">\u0423\u043f\u0430\u043a\u043e\u0432\u043a\u0430<\/th>\n<td>\u043e\u0434\u043d\u0430 \u043a\u0430\u0440\u0442\u043e\u043d\u043d\u0430\u044f \u043a\u043e\u0440\u043e\u0431\u043a\u0430<\/td>\n<\/tr>\n<\/tbody>\n<\/table>\n<div class=\"wrp clearfix\">\n<div><\/div>\n<div class=\"tripleContent\">\n<div class=\"video video-fit mb\" style=\"padding-top:56.25%;\"><p><iframe loading=\"lazy\" title=\"\u041f\u0443\u0442\u0430\u043d\u0438\u0446\u0430 \u0432 \u0438\u0437\u043c\u0435\u0440\u0435\u043d\u0438\u044f\u0445 (\u0434\u044e\u0439\u043c\u044b, \u043f\u0430\u043b\u044c\u0446\u044b, \u0434\u044b\u043c\u043a\u0430, \u043c\u0438\u043b\u043b\u0438\u043c\u0435\u0442\u0440\u044b)\" width=\"1020\" height=\"574\" src=\"https:\/\/www.youtube.com\/embed\/uKk6AG_AZls?feature=oembed\" frameborder=\"0\" allow=\"accelerometer; autoplay; clipboard-write; encrypted-media; gyroscope; picture-in-picture; web-share\" referrerpolicy=\"strict-origin-when-cross-origin\" allowfullscreen><\/iframe><\/p>\n<\/div>\n<p>&nbsp;<\/p>\n<p><b>\u0410\u041b\u042e\u041c\u0418\u041d\u0418\u0415\u0412\u0410\u042f \u041b\u0410\u041c\u0418\u041d\u0418\u0420\u041e\u0412\u0410\u041d\u041d\u0410\u042f \u041a\u041e\u041d\u0421\u0422\u0420\u0423\u041a\u0426\u0418\u042f<\/b><\/p>\n<div class=\"txt\">\n<ul>\n<li>\u041d\u0435 \u043f\u0440\u043e\u043f\u0443\u0441\u043a\u0430\u0435\u0442 \u0423\u0424-\u043b\u0443\u0447\u0438<\/li>\n<li>\u0412\u044b\u0441\u043e\u043a\u0430\u044f \u0443\u0441\u0442\u043e\u0439\u0447\u0438\u0432\u043e\u0441\u0442\u044c \u043a \u0423\u0424-\u043b\u0443\u0447\u0430\u043c<\/li>\n<li>\u0445\u0438\u043c\u0438\u0447\u0435\u0441\u043a\u0430\u044f \u0441\u0442\u043e\u0439\u043a\u043e\u0441\u0442\u044c<\/li>\n<\/ul>\n<\/div>\n<\/div>\n<div class=\"tripleContent\">\n<p><b>\u0413\u0418\u0411\u041a\u0410\u042f \u0418 \u041d\u0415\u041f\u0420\u0415\u0420\u042b\u0412\u041d\u0410\u042f \u0421\u0422\u0420\u0423\u041a\u0422\u0423\u0420\u0410<\/b><\/p>\n<div class=\"txt\">\n<ul>\n<li>\u041b\u0435\u0433\u043a\u043e\u0441\u0442\u044c \u0445\u0440\u0430\u043d\u0435\u043d\u0438\u044f<\/li>\n<li>\u041b\u0435\u0433\u043a\u043e\u0441\u0442\u044c \u0442\u0440\u0430\u043d\u0441\u043f\u043e\u0440\u0442\u0438\u0440\u043e\u0432\u043a\u0438<\/li>\n<li>\u041d\u0438\u0437\u043a\u0438\u0435 \u0437\u0430\u0442\u0440\u0430\u0442\u044b \u043d\u0430 \u0440\u0430\u0431\u043e\u0447\u0443\u044e \u0441\u0438\u043b\u0443<\/li>\n<li>\u0433\u0435\u0440\u043c\u0435\u0442\u0438\u0437\u0430\u0446\u0438\u044f \u0432\u043e\u0437\u0434\u0443\u0445\u0430<\/li>\n<li>\u044d\u043d\u0435\u0440\u0433\u043e\u044d\u0444\u0444\u0435\u043a\u0442\u0438\u0432\u043d\u043e\u0441\u0442\u044c<\/li>\n<li>\u041d\u0438\u0437\u043a\u0438\u0435 \u0437\u0430\u0442\u0440\u0430\u0442\u044b \u043d\u0430 \u044d\u043a\u0441\u043f\u043b\u0443\u0430\u0442\u0430\u0446\u0438\u044e \u0438 \u0442\u0435\u0445\u043d\u0438\u0447\u0435\u0441\u043a\u043e\u0435 \u043e\u0431\u0441\u043b\u0443\u0436\u0438\u0432\u0430\u043d\u0438\u0435<\/li>\n<\/ul>\n<\/div>\n<\/div>\n<div class=\"tripleContent\">\n<p><b>\u0413\u041b\u0410\u0414\u041a\u0410\u042f \u0412\u041d\u0423\u0422\u0420\u0415\u041d\u041d\u042f\u042f \u041a\u041e\u0416\u0410<\/b><\/p>\n<div class=\"txt\">\n<ul>\n<li>\u041d\u0438\u0437\u043a\u0430\u044f \u043f\u043e\u0442\u0435\u0440\u044f \u0434\u0430\u0432\u043b\u0435\u043d\u0438\u044f<\/li>\n<li>\u041d\u0438\u0437\u043a\u0438\u0435 \u043e\u043f\u0435\u0440\u0430\u0446\u0438\u043e\u043d\u043d\u044b\u0435 \u0440\u0430\u0441\u0445\u043e\u0434\u044b<\/li>\n<li>\u041d\u0435 \u0443\u0434\u0435\u0440\u0436\u0438\u0432\u0430\u0435\u0442 \u0447\u0430\u0441\u0442\u0438\u0446\u044b<\/li>\n<\/ul>\n<\/div>\n<\/div>\n<\/div>\n<div class=\"wrp clearfix\">\n<div class=\"tripleContent\">\n<p><b>\u0421\u0422\u0410\u041b\u042c\u041d\u0410\u042f \u041f\u0420\u041e\u0412\u041e\u041b\u041e\u041a\u0410 \u0412\u042b\u0421\u041e\u041a\u041e\u0413\u041e \u041d\u0410\u041f\u0420\u042f\u0416\u0415\u041d\u0418\u042f<\/b><\/p>\n<div class=\"txt\">\n<ul>\n<li>\u0432\u044b\u0441\u043e\u043a\u0430\u044f \u043f\u0440\u043e\u0447\u043d\u043e\u0441\u0442\u044c<\/li>\n<li>\u043d\u0435\u0434\u0435\u0444\u043e\u0440\u043c\u0430\u0446\u0438\u044f<\/li>\n<li>\u041f\u0440\u043e\u0441\u0442\u0430\u044f \u0441\u0431\u043e\u0440\u043a\u0430<\/li>\n<\/ul>\n<\/div>\n<\/div>\n<div class=\"tripleContent\">\n<p><b>\u041a\u0423\u0420\u0422\u041a\u0410 \u041f\u0412\u0425<\/b><\/p>\n<div class=\"txt\">\n<ul>\n<li>\u0412\u044b\u0441\u043e\u043a\u0430\u044f \u0443\u0441\u0442\u043e\u0439\u0447\u0438\u0432\u043e\u0441\u0442\u044c \u043a \u0440\u0430\u0437\u0440\u044b\u0432\u0430\u043c \u0438 \u0443\u0434\u0430\u0440\u0430\u043c<\/li>\n<li>\u041e\u0441\u043e\u0431\u0430\u044f \u043c\u0435\u0445\u0430\u043d\u0438\u0447\u0435\u0441\u043a\u0430\u044f \u043f\u0440\u043e\u0447\u043d\u043e\u0441\u0442\u044c<\/li>\n<li>\u0412\u044b\u0441\u043e\u043a\u0430\u044f \u0443\u0441\u0442\u043e\u0439\u0447\u0438\u0432\u043e\u0441\u0442\u044c \u043a \u0423\u0424-\u043b\u0443\u0447\u0430\u043c<\/li>\n<li>\u0445\u0438\u043c\u0438\u0447\u0435\u0441\u043a\u0430\u044f \u0441\u0442\u043e\u0439\u043a\u043e\u0441\u0442\u044c<\/li>\n<\/ul>\n<\/div>\n<\/div>\n<\/div>\n<\/div>","protected":false},"excerpt":{"rendered":"<p>COMBIAFS HEAVY Y\u00fcksek mukavemetli, g\u00fc\u00e7l\u00fc dizayna sahip flexible hava kanallar\u0131 Genel \u00d6zellikler COMBIAFS-HEAVY al\u00fcminyum &amp; PVC kombinasyonlu y\u00fcksek\u00a0mukavemetli g\u00fc\u00e7l\u00fc dizayna sahip flexible hava kanallar\u0131 kaynak duman\u0131 tahliyesi ve y\u00fcksek mekanik mukavemet istenilen uygulamalar i\u00e7in \u00f6zel olarak dizayn edilmi\u015f, \u00e7ok ama\u00e7l\u0131 bir flexible hava kanal\u0131d\u0131r. COMBIAFS-HEAVY \u0131s\u0131tma, so\u011futma, havaland\u0131rma ve iklimlendirme sistemleri i\u00e7in de son derece [&#8230;]\n","protected":false},"featured_media":6957,"comment_status":"open","ping_status":"closed","template":"","meta":{"jetpack_post_was_ever_published":false},"product_brand":[],"product_cat":[134],"product_tag":[265,264,260,261,258,268,266,262,259,267,263],"class_list":{"0":"post-525","1":"product","2":"type-product","3":"status-publish","4":"has-post-thumbnail","6":"product_cat-aluminyum-ve-pvc-hava-kanali","7":"product_tag-bukulme","8":"product_tag-esneme","9":"product_tag-havalandirma-ve-iklimlendirme-sistemleri","10":"product_tag-helezon-celik","11":"product_tag-isitma","12":"product_tag-kimyasal-direnc","13":"product_tag-sikistirilabilme","14":"product_tag-sizdirmaz","15":"product_tag-sogutma","16":"product_tag-tasima-kolayligi","17":"product_tag-yogusmayi-engelleme","19":"first","20":"instock","21":"taxable","22":"shipping-taxable","23":"product-type-variable"},"jetpack-related-posts":[],"jetpack_sharing_enabled":true,"jetpack_likes_enabled":true,"_links":{"self":[{"href":"https:\/\/tuzlahortum.com.tr\/ru\/wp-json\/wp\/v2\/product\/525","targetHints":{"allow":["GET"]}}],"collection":[{"href":"https:\/\/tuzlahortum.com.tr\/ru\/wp-json\/wp\/v2\/product"}],"about":[{"href":"https:\/\/tuzlahortum.com.tr\/ru\/wp-json\/wp\/v2\/types\/product"}],"replies":[{"embeddable":true,"href":"https:\/\/tuzlahortum.com.tr\/ru\/wp-json\/wp\/v2\/comments?post=525"}],"wp:featuredmedia":[{"embeddable":true,"href":"https:\/\/tuzlahortum.com.tr\/ru\/wp-json\/wp\/v2\/media\/6957"}],"wp:attachment":[{"href":"https:\/\/tuzlahortum.com.tr\/ru\/wp-json\/wp\/v2\/media?parent=525"}],"wp:term":[{"taxonomy":"product_brand","embeddable":true,"href":"https:\/\/tuzlahortum.com.tr\/ru\/wp-json\/wp\/v2\/product_brand?post=525"},{"taxonomy":"product_cat","embeddable":true,"href":"https:\/\/tuzlahortum.com.tr\/ru\/wp-json\/wp\/v2\/product_cat?post=525"},{"taxonomy":"product_tag","embeddable":true,"href":"https:\/\/tuzlahortum.com.tr\/ru\/wp-json\/wp\/v2\/product_tag?post=525"}],"curies":[{"name":"wp","href":"https:\/\/api.w.org\/{rel}","templated":true}]}}