{"id":520,"date":"2019-02-06T23:45:37","date_gmt":"2019-02-06T20:45:37","guid":{"rendered":"http:\/\/hortum.com.tr\/product\/import-placeholder-for-82\/"},"modified":"2024-03-21T17:45:57","modified_gmt":"2024-03-21T14:45:57","slug":"flansli-akaryakit-hortumlari-agir-tip","status":"publish","type":"product","link":"https:\/\/tuzlahortum.com.tr\/ru\/product\/flansli-akaryakit-hortumlari-agir-tip\/","title":{"rendered":"\u0424\u043b\u0430\u043d\u0446\u0435\u0432\u044b\u0435 \u0442\u043e\u043f\u043b\u0438\u0432\u043d\u044b\u0435 \u0448\u043b\u0430\u043d\u0433\u0438 (\u0442\u044f\u0436\u0435\u043b\u043e\u0433\u043e \u0442\u0438\u043f\u0430)"},"content":{"rendered":"<h2>\u0424\u043b\u0430\u043d\u0446\u0435\u0432\u044b\u0435 \u0442\u043e\u043f\u043b\u0438\u0432\u043d\u044b\u0435 \u0448\u043b\u0430\u043d\u0433\u0438 (\u0442\u044f\u0436\u0435\u043b\u043e\u0433\u043e \u0442\u0438\u043f\u0430)<\/h2>\n<div>\u041e\u0411\u041b\u0410\u0421\u0422\u0418 \u041f\u0420\u0418\u041c\u0415\u041d\u0415\u041d\u0418\u042f: \u0418\u0441\u043f\u043e\u043b\u044c\u0437\u0443\u0435\u0442\u0441\u044f \u0434\u043b\u044f \u0441\u043e\u0435\u0434\u0438\u043d\u0435\u043d\u0438\u044f \u0442\u0430\u043d\u043a\u0435\u0440\u043e\u0432 \u0438 \u0434\u0440\u0443\u0433\u0438\u0445 \u0442\u0440\u0430\u043d\u0441\u043f\u043e\u0440\u0442\u043d\u044b\u0445 \u0441\u0440\u0435\u0434\u0441\u0442\u0432 \u043f\u0440\u0438 \u043d\u0430\u043b\u0438\u0432\u0435 \u0438 \u0440\u0430\u0437\u0433\u0440\u0443\u0437\u043a\u0435 \u0441\u044b\u0440\u043e\u0439 \u043d\u0435\u0444\u0442\u0438 \u0438 \u0434\u0440\u0443\u0433\u0438\u0445 \u043d\u0435\u0444\u0442\u0435\u043f\u0440\u043e\u0434\u0443\u043a\u0442\u043e\u0432. \u0424\u043b\u0430\u043d\u0446\u044b \u0438 \u0441\u0442\u0430\u043b\u044c\u043d\u0430\u044f \u043f\u0440\u043e\u0432\u043e\u043b\u043e\u043a\u0430 \u0441\u043e\u0435\u0434\u0438\u043d\u044f\u044e\u0442\u0441\u044f \u0441\u043e \u0448\u043b\u0430\u043d\u0433\u043e\u043c \u0441\u043f\u0435\u0446\u0438\u0430\u043b\u044c\u043d\u043e\u0439 \u0441\u0438\u0441\u0442\u0435\u043c\u043e\u0439.<\/div>\n<div><\/div>\n<div>\u0421\u0415\u0420\u0422\u0418\u0424\u0418\u041a\u0410\u0422\u042b: \u0428\u043b\u0430\u043d\u0433\u0438 \u0438\u043c\u0435\u044e\u0442 \u043c\u0430\u0440\u043a\u0438\u0440\u043e\u0432\u043a\u0443 TSE. TS3916 \u0410 \u0422\u0418\u041f 1<\/div>\n<div><\/div>\n<div>\u0421\u041e\u041a\u0420\u0410\u0429\u0415\u041d\u0418\u0415<\/div>\n<div>\u041d\u0438\u0437: NBR, \u0447\u0435\u0440\u043d\u044b\u0439, \u0444\u043b\u0430\u043d\u0446\u044b, \u0441\u043f\u0435\u0446\u0438\u0430\u043b\u044c\u043d\u043e \u043f\u0440\u0438\u0432\u0430\u0440\u0435\u043d\u043d\u044b\u0435 \u043a \u043d\u0438\u0436\u043d\u0435\u043c\u0443 \u043f\u043e\u043b\u0443,<\/div>\n<div>\u0410\u0440\u043c\u0438\u0440\u043e\u0432\u0430\u043d\u0438\u0435: \u041a\u043e\u0440\u0434\u043e\u0432\u0430\u044f \u0442\u043a\u0430\u043d\u044c, \u0441\u043f\u0438\u0440\u0430\u043b\u044c\u043d\u0430\u044f \u0441\u0442\u0430\u043b\u044c\u043d\u0430\u044f \u043f\u0440\u043e\u0432\u043e\u043b\u043e\u043a\u0430, \u0434\u0432\u0435 \u043c\u0435\u0434\u043d\u044b\u0435 \u043f\u0440\u043e\u0432\u043e\u043b\u043e\u043a\u0438 \u043f\u0435\u0440\u0435\u043a\u0440\u0435\u0441\u0442\u043d\u043e\u0439 \u043e\u043f\u043b\u0435\u0442\u043a\u0438.<\/div>\n<div>\u0412\u0435\u0440\u0445: CR, \u0447\u0435\u0440\u043d\u044b\u0439, \u0433\u043b\u044f\u043d\u0446\u0435\u0432\u044b\u0439, \u0441 \u043f\u0435\u0447\u0430\u0442\u043d\u043e\u0439 \u043f\u043e\u043b\u043e\u0441\u043e\u0439, \u0443\u0441\u0442\u043e\u0439\u0447\u0438\u0432\u044b\u0439 \u043a \u0438\u0441\u0442\u0438\u0440\u0430\u043d\u0438\u044e, \u0442\u043e\u043f\u043b\u0438\u0432\u0443, \u043c\u043e\u0440\u0441\u043a\u043e\u0439 \u0432\u043e\u0434\u0435 \u0438 \u043b\u044e\u0431\u044b\u043c \u043a\u043b\u0438\u043c\u0430\u0442\u0438\u0447\u0435\u0441\u043a\u0438\u043c \u0443\u0441\u043b\u043e\u0432\u0438\u044f\u043c.<\/div>\n<div><\/div>\n<div>\n<div class=\"video video-fit mb\" style=\"padding-top:56.25%;\"><p><iframe loading=\"lazy\" title=\"\u041f\u0443\u0442\u0430\u043d\u0438\u0446\u0430 \u0432 \u0438\u0437\u043c\u0435\u0440\u0435\u043d\u0438\u044f\u0445 (\u0434\u044e\u0439\u043c\u044b, \u043f\u0430\u043b\u044c\u0446\u044b, \u0434\u044b\u043c\u043a\u0430, \u043c\u0438\u043b\u043b\u0438\u043c\u0435\u0442\u0440\u044b)\" width=\"1020\" height=\"574\" src=\"https:\/\/www.youtube.com\/embed\/uKk6AG_AZls?feature=oembed\" frameborder=\"0\" allow=\"accelerometer; autoplay; clipboard-write; encrypted-media; gyroscope; picture-in-picture; web-share\" referrerpolicy=\"strict-origin-when-cross-origin\" allowfullscreen><\/iframe><\/p>\n<\/div>\n<div class=\"video video-fit mb\" style=\"padding-top:56.25%;\"><p>https:\/\/www.youtube.com\/watch?v=O8ZlzKEjfEQ%20<\/p>\n<\/div>\n<\/div>","protected":false},"excerpt":{"rendered":"<p>Flan\u015fl\u0131 Akaryak\u0131t Hortumlar\u0131 (A\u011f\u0131r Tip) KULLANIM ALANLARI : Ham ve di\u011fer petrol \u00fcr\u00fcnlerinin dolum ve bo\u015falt\u0131m\u0131nda tanker ve di\u011fer ara\u00e7larda ba\u011flant\u0131 sa\u011flama i\u015flerinde kullan\u0131lmaktad\u0131r. Flan\u015flar ve \u00e7elik tel \u00f6zel bir sistemle hortuma ba\u011flanm\u0131\u015ft\u0131r. SERT\u0130F\u0130KALAR : Hortumlar TSE markal\u0131d\u0131r. TS3916 A T\u00dcR 1 KONTR\u00dcKS\u0130YON Alt : NBR, siyah, \u00f6zel bi\u00e7imde alt kata kayna\u015ft\u0131r\u0131lm\u0131\u015f flan\u015flar, Takviye : [&#8230;]\n","protected":false},"featured_media":1719,"comment_status":"open","ping_status":"closed","template":"","meta":{"jetpack_post_was_ever_published":false},"product_brand":[],"product_cat":[152],"product_tag":[231,232,234,233,236,237,239,238,240,235],"class_list":{"0":"post-520","1":"product","2":"type-product","3":"status-publish","4":"has-post-thumbnail","6":"product_cat-akaryakit-hortumlari","7":"product_tag-akaryakit-alici-hortum","8":"product_tag-akaryakit-alici-verici-hortum","9":"product_tag-akaryakit-basma","10":"product_tag-akaryakit-emme","11":"product_tag-akaryakit-nakil-hortumu","12":"product_tag-akaryakit-transfer-hortumu","13":"product_tag-flansli-agir-tip-hortum","14":"product_tag-flansli-akaryakit-hortumu","15":"product_tag-petrol-urunlerinin-dolum-ve-bosaltimi","16":"product_tag-rafineri-hortumu","18":"first","19":"instock","20":"taxable","21":"shipping-taxable","22":"product-type-variable"},"jetpack-related-posts":[],"jetpack_sharing_enabled":true,"jetpack_likes_enabled":true,"_links":{"self":[{"href":"https:\/\/tuzlahortum.com.tr\/ru\/wp-json\/wp\/v2\/product\/520","targetHints":{"allow":["GET"]}}],"collection":[{"href":"https:\/\/tuzlahortum.com.tr\/ru\/wp-json\/wp\/v2\/product"}],"about":[{"href":"https:\/\/tuzlahortum.com.tr\/ru\/wp-json\/wp\/v2\/types\/product"}],"replies":[{"embeddable":true,"href":"https:\/\/tuzlahortum.com.tr\/ru\/wp-json\/wp\/v2\/comments?post=520"}],"wp:featuredmedia":[{"embeddable":true,"href":"https:\/\/tuzlahortum.com.tr\/ru\/wp-json\/wp\/v2\/media\/1719"}],"wp:attachment":[{"href":"https:\/\/tuzlahortum.com.tr\/ru\/wp-json\/wp\/v2\/media?parent=520"}],"wp:term":[{"taxonomy":"product_brand","embeddable":true,"href":"https:\/\/tuzlahortum.com.tr\/ru\/wp-json\/wp\/v2\/product_brand?post=520"},{"taxonomy":"product_cat","embeddable":true,"href":"https:\/\/tuzlahortum.com.tr\/ru\/wp-json\/wp\/v2\/product_cat?post=520"},{"taxonomy":"product_tag","embeddable":true,"href":"https:\/\/tuzlahortum.com.tr\/ru\/wp-json\/wp\/v2\/product_tag?post=520"}],"curies":[{"name":"wp","href":"https:\/\/api.w.org\/{rel}","templated":true}]}}