{"id":519,"date":"2019-02-06T23:45:37","date_gmt":"2019-02-06T20:45:37","guid":{"rendered":"http:\/\/hortum.com.tr\/product\/import-placeholder-for-311\/"},"modified":"2024-03-21T17:45:58","modified_gmt":"2024-03-21T14:45:58","slug":"superflex","status":"publish","type":"product","link":"https:\/\/tuzlahortum.com.tr\/ru\/product\/superflex\/","title":{"rendered":"\u0421\u0423\u041f\u0415\u0420\u0424\u041b\u0415\u041a\u0421"},"content":{"rendered":"<h2>\u0421\u0423\u041f\u0415\u0420\u0424\u041b\u0415\u041a\u0421<\/h2>\n<div class=\"span5\">\n<p><strong> +4 \u0421 \/ +60 \u0421<\/strong> <img data-recalc-dims=\"1\" decoding=\"async\" src=\"https:\/\/i0.wp.com\/www.burcugroup.com\/images\/termo.png?w=1020\" alt=\"\" title=\"\"><\/p>\n<table class=\"table table-striped\">\n<tbody>\n<tr>\n<td>\u041c\u0410\u0422\u0415\u0420\u0418\u0410\u041b: <strong>\u041f\u0412\u0425 \u0421 \u041d\u0418\u0422\u0420\u0418\u041b\u041e\u0412\u041e\u0419 \u0420\u0415\u0417\u0418\u041d\u041e\u0419<\/strong><\/td>\n<\/tr>\n<tr>\n<td>\u0422\u0418\u041f \u041f\u0420\u041e\u0412\u041e\u0414\u0410: <strong>\u0421\u0422\u0410\u041b\u042c\u041d\u0410\u042f \u041f\u0420\u041e\u0412\u041e\u041b\u041e\u041a\u0410<\/strong><\/td>\n<\/tr>\n<tr>\n<td>\u0426\u0412\u0415\u0422: <strong>\u0421\u0415\u0420\u042b\u0419<\/strong><\/td>\n<\/tr>\n<tr>\n<td>\u0422\u041e\u041b\u0429\u0418\u041d\u0410 \u041c\u042f\u0421\u0410: <strong>0,60 \u043c\u043c<\/strong><\/td>\n<\/tr>\n<tr>\n<td>\u0414\u0418\u0410\u041f\u0410\u0417\u041e\u041d \u041f\u0420\u041e\u0412\u041e\u0414\u0410: <strong>15 \u041c\u041c \u2013 32 \u041c\u041c<\/strong><\/td>\n<\/tr>\n<\/tbody>\n<\/table>\n<div class=\"video video-fit mb\" style=\"padding-top:56.25%;\"><p><iframe loading=\"lazy\" title=\"\u041f\u0443\u0442\u0430\u043d\u0438\u0446\u0430 \u0432 \u0438\u0437\u043c\u0435\u0440\u0435\u043d\u0438\u044f\u0445 (\u0434\u044e\u0439\u043c\u044b, \u043f\u0430\u043b\u044c\u0446\u044b, \u0434\u044b\u043c\u043a\u0430, \u043c\u0438\u043b\u043b\u0438\u043c\u0435\u0442\u0440\u044b)\" width=\"1020\" height=\"574\" src=\"https:\/\/www.youtube.com\/embed\/uKk6AG_AZls?feature=oembed\" frameborder=\"0\" allow=\"accelerometer; autoplay; clipboard-write; encrypted-media; gyroscope; picture-in-picture\" allowfullscreen><\/iframe><\/p>\n<\/div>\n<p><strong>\u041f\u041e\u0427\u0415\u041c\u0423 \u0421\u0423\u041f\u0415\u0420\u0424\u041b\u0415\u041a\u0421?<\/strong><br \/>\n&gt; \u041c\u042f\u0413\u041a\u0410\u042f \u0412\u041d\u0423\u0422\u0420\u0415\u041d\u041d\u042f\u042f \u041f\u041e\u0412\u0415\u0420\u0425\u041d\u041e\u0421\u0422\u042c<br \/>\n&gt;\u041f\u0420\u041e\u0427\u041d\u042b\u0419, \u0413\u0418\u0411\u041a\u0418\u0419, \u041f\u0420\u041e\u0427\u041d\u042b\u0419<br \/>\n&gt; \u041e\u0427\u0415\u041d\u042c \u041f\u041e\u0412\u0418\u0416\u041d\u042b\u0419<br \/>\n&gt; \u041d\u0418\u0417\u041a\u0410\u042f \u0421\u0422\u041e\u0418\u041c\u041e\u0421\u0422\u042c<br \/>\n&gt; \u0428\u0418\u0420\u041e\u041a\u0418\u0419 \u0428\u0410\u0413<\/p>\n<p><strong>\u041e\u0411\u041b\u0410\u0421\u0422\u042c \u041f\u0420\u0418\u041c\u0415\u041d\u0415\u041d\u0418\u042f<\/strong><\/p>\n<ul class=\"links\">\n<li>\u0412 \u0422\u0415\u041a\u0421\u0422\u0418\u041b\u042c\u041d\u042b\u0425, \u0414\u0415\u0420\u0415\u0412\u041e, \u041c\u0415\u0411\u0415\u041b\u042c\u041d\u042b\u0425 \u0420\u0410\u0411\u041e\u0422\u0410\u0425<\/li>\n<li>\u041f\u0420\u0418 \u0412\u0421\u0410\u0421\u042b\u0412\u0410\u041d\u0418\u0418 \u0418 \u0412\u042b\u041f\u0423\u0421\u041a\u0415 \u0413\u041e\u0420\u042f\u0427\u0415\u0413\u041e \u0412\u041e\u0417\u0414\u0423\u0425\u0410<\/li>\n<li>\u0412 \u0421\u0418\u0421\u0422\u0415\u041c\u0410\u0425 \u041f\u042b\u041b\u0415\u0421\u0411\u041e\u0420\u041a\u0418 \u0418 \u0412\u0415\u041d\u0422\u0418\u041b\u042f\u0426\u0418\u0418<\/li>\n<li>\u0412 \u0412\u041e\u0417\u0414\u0423\u0425\u0415, \u0414\u042b\u041c\u0415, \u041f\u042b\u041b\u0418, \u0413\u0410\u0417\u0415, \u0412\u041e\u041b\u041e\u041a\u041d\u0415, \u0412\u0421\u0410\u0421\u042b\u0412\u0410\u041d\u0418\u0418 \u0441\u0442\u0440\u0443\u0436\u043a\u0438<\/li>\n<\/ul>\n<\/div>","protected":false},"excerpt":{"rendered":"<p>S\u00dcPERFLEX +4 C \/ +60 C MATERYAL: N\u0130TR\u0130L KAU\u00c7UKLU P.V.C TEL C\u0130NS\u0130: \u00c7EL\u0130K TEL RENK: GR\u0130 ET KALINLI\u011eI: 0,60 MM TEL ARALI\u011eI: 15 MM \u2013 32 MM NEDEN SUPERFLEX ? &gt; YUMU\u015eAK \u0130\u00c7 Y\u00dcZEY &gt;KUVVETL\u0130 , ESNEK, D\u0130REN\u00c7L\u0130 &gt; \u00c7OK HARAKETL\u0130 &gt; D\u00dc\u015e\u00dcK MAL\u0130YET &gt; GEN\u0130\u015e HATVE KULLANIM ALANI TEKST\u0130L, A\u011eA\u00c7, MOB\u0130LYA \u0130\u015eLER\u0130NDE SICAK HAVA [&#8230;]\n","protected":false},"featured_media":5880,"comment_status":"open","ping_status":"closed","template":"","meta":{"jetpack_post_was_ever_published":false},"product_brand":[],"product_cat":[142,144,148],"product_tag":[229,224,223,225,222,230,221,219,227,226,228,220],"class_list":{"0":"post-519","1":"product","2":"type-product","3":"status-publish","4":"has-post-thumbnail","6":"product_cat-agac-isleri-hortumlari","7":"product_cat-havalandirma-ve-kaynak-hortumlari","8":"product_cat-pvc-ozellikli-flex-hortumlar","9":"product_tag-celik-tel","10":"product_tag-cok-hareketli","11":"product_tag-direncli","12":"product_tag-dusuk-maliyet","13":"product_tag-esnek","14":"product_tag-gri","15":"product_tag-kuvvetli","16":"product_tag-nitril-kaucuklu","17":"product_tag-sicak-hava-emis-ve-tahliyesinde","18":"product_tag-tekstil-agac-mobilya-islerinde","19":"product_tag-toz-toplama-ve-havalandirma-sistemlerinde","20":"product_tag-yumusak-ic-yuzey","22":"first","23":"instock","24":"taxable","25":"shipping-taxable","26":"product-type-variable"},"jetpack-related-posts":[{"id":21500,"url":"https:\/\/tuzlahortum.com.tr\/ru\/product\/white-hd-sd\/","url_meta":{"origin":519,"position":0},"title":"\u0411\u0415\u041b\u042b\u0419 HD\/SD","author":"admin","date":"11 \u0430\u0432\u0433\u0443\u0441\u0442\u0430 2025","format":false,"excerpt":"\u00dcr\u00fcn Ad\u0131: WHITE HD\/SD \u00dcr\u00fcn Kodu: ABFSD848 Heavy Duty Bulk Food S&D Kullanim Alan\u0131 : D\u00f6kme a\u015f\u0131nd\u0131r\u0131c\u0131 \u00fcr\u00fcnlerin (\u015feker, un, s\u00fct tozu, gran\u00fcller vb.) bo\u015falt\u0131lmas\u0131 i\u00e7in. Alt Katman : Beyaz Renk, Toksik Olmayan A\u015f\u0131nmaya Dayan\u0131kl\u0131 Do\u011fal Kau\u00e7uk. Takviye Katman\u0131 : Y\u00fcksek Mukavemetli Sentetik Tekstil, \u00c7elik Tel Spiral ve Antistaik Bak\u0131r\u2026","rel":"","context":"\u041f\u043e\u0445\u043e\u0436\u0430\u044f \u0437\u0430\u043f\u0438\u0441\u044c","block_context":{"text":"\u041f\u043e\u0445\u043e\u0436\u0430\u044f \u0437\u0430\u043f\u0438\u0441\u044c","link":""},"img":{"alt_text":"","src":"https:\/\/i0.wp.com\/tuzlahortum.com.tr\/wp-content\/uploads\/2025\/08\/whitehdsd-p-1.png?fit=573%2C573&ssl=1&resize=350%2C200","width":350,"height":200,"srcset":"https:\/\/i0.wp.com\/tuzlahortum.com.tr\/wp-content\/uploads\/2025\/08\/whitehdsd-p-1.png?fit=573%2C573&ssl=1&resize=350%2C200 1x, https:\/\/i0.wp.com\/tuzlahortum.com.tr\/wp-content\/uploads\/2025\/08\/whitehdsd-p-1.png?fit=573%2C573&ssl=1&resize=525%2C300 1.5x"},"classes":[]},{"id":21503,"url":"https:\/\/tuzlahortum.com.tr\/ru\/product\/white-sdc\/","url_meta":{"origin":519,"position":1},"title":"\u0411\u0415\u041b\u042b\u0419 \u0421\u0414\u0426","author":"admin","date":"11 \u0430\u0432\u0433\u0443\u0441\u0442\u0430 2025","format":false,"excerpt":"\u00a0 \u00dcr\u00fcn Ad\u0131: WHITE SDC \u00dcr\u00fcn Kodu: ABFC849 A\u011f\u0131r Hizmet G\u0131da S&D KANALLI Kullanim Alan\u0131 : D\u00f6kme a\u015f\u0131nd\u0131r\u0131c\u0131 \u00fcr\u00fcnlerin emi\u015f ve tahliyesi i\u00e7in kullan\u0131l\u0131r. (\u015eeker, Un, S\u00fct Tozu, Gran\u00fcller vb.) Alt Katman : Beyaz Renk, Toksik Olmayan A\u015f\u0131nmaya Dayan\u0131kl\u0131 Do\u011fal Kau\u00e7uk. Takviye Katman\u0131 : Y\u00fcksek Mukavemetli Sentetik Tekstil, \u00c7elik Tel\u2026","rel":"","context":"\u041f\u043e\u0445\u043e\u0436\u0430\u044f \u0437\u0430\u043f\u0438\u0441\u044c","block_context":{"text":"\u041f\u043e\u0445\u043e\u0436\u0430\u044f \u0437\u0430\u043f\u0438\u0441\u044c","link":""},"img":{"alt_text":"","src":"https:\/\/i0.wp.com\/tuzlahortum.com.tr\/wp-content\/uploads\/2025\/08\/whitesdc-p.png?fit=515%2C515&ssl=1&resize=350%2C200","width":350,"height":200},"classes":[]},{"id":21506,"url":"https:\/\/tuzlahortum.com.tr\/ru\/product\/white-sdfc\/","url_meta":{"origin":519,"position":2},"title":"\u0411\u0415\u041b\u042b\u0419 \u0421\u0414\u0424\u041a","author":"admin","date":"11 \u0430\u0432\u0433\u0443\u0441\u0442\u0430 2025","format":false,"excerpt":"\u00a0 \u00dcr\u00fcn Ad\u0131: WHITE SDFC \u00dcr\u00fcn Kodu: ABFC84F A\u011f\u0131r Hizmet Tipi D\u00f6kme G\u0131da Al\u0131c\u0131\/Verici D\u00dcZ-KIVRIMLI Kullanim Alan\u0131 : Toplu a\u015f\u0131nd\u0131r\u0131c\u0131 \u00fcr\u00fcnlerin emi\u015f ve tahliyesi i\u00e7in kullan\u0131l\u0131r. (\u015eeker, Un, S\u00fct Tozu, Gran\u00fcller vb.) Alt Katman : Beyaz Renk, Toksik Olmayan A\u015f\u0131nmaya Dayan\u0131kl\u0131 Do\u011fal Kau\u00e7uk. Takviye Katman\u0131 : Y\u00fcksek Mukavemetli Sentetik Tekstil,\u2026","rel":"","context":"\u041f\u043e\u0445\u043e\u0436\u0430\u044f \u0437\u0430\u043f\u0438\u0441\u044c","block_context":{"text":"\u041f\u043e\u0445\u043e\u0436\u0430\u044f \u0437\u0430\u043f\u0438\u0441\u044c","link":""},"img":{"alt_text":"","src":"https:\/\/i0.wp.com\/tuzlahortum.com.tr\/wp-content\/uploads\/2025\/08\/whitehdsd-p-1.png?fit=573%2C573&ssl=1&resize=350%2C200","width":350,"height":200,"srcset":"https:\/\/i0.wp.com\/tuzlahortum.com.tr\/wp-content\/uploads\/2025\/08\/whitehdsd-p-1.png?fit=573%2C573&ssl=1&resize=350%2C200 1x, https:\/\/i0.wp.com\/tuzlahortum.com.tr\/wp-content\/uploads\/2025\/08\/whitehdsd-p-1.png?fit=573%2C573&ssl=1&resize=525%2C300 1.5x"},"classes":[]},{"id":21509,"url":"https:\/\/tuzlahortum.com.tr\/ru\/product\/white-gr\/","url_meta":{"origin":519,"position":3},"title":"\u0411\u0415\u041b\u042b\u0419 \u0413\u0420","author":"admin","date":"11 \u0430\u0432\u0433\u0443\u0441\u0442\u0430 2025","format":false,"excerpt":"\u00a0 \u00dcr\u00fcn Ad\u0131: WHITE GR \u00dcr\u00fcn Kodu: ABFGR850 A\u011f\u0131r Hizmet G\u0131da S&D KANALLI Kullanim Alan\u0131 : D\u00f6kme a\u015f\u0131nd\u0131r\u0131c\u0131 \u00fcr\u00fcnlerin emi\u015f ve tahliyesi i\u00e7in kullan\u0131l\u0131r. (\u015eeker, Un, S\u00fct Tozu, Gran\u00fcller vb.) Alt Katman : Beyaz Renk, Toksik Olmayan A\u015f\u0131nmaya Dayan\u0131kl\u0131 Do\u011fal Kau\u00e7uk. Takviye Katman\u0131 : Y\u00fcksek Mukavemetli Sentetik Tekstil, \u00c7elik Tel\u2026","rel":"","context":"\u041f\u043e\u0445\u043e\u0436\u0430\u044f \u0437\u0430\u043f\u0438\u0441\u044c","block_context":{"text":"\u041f\u043e\u0445\u043e\u0436\u0430\u044f \u0437\u0430\u043f\u0438\u0441\u044c","link":""},"img":{"alt_text":"","src":"https:\/\/i0.wp.com\/tuzlahortum.com.tr\/wp-content\/uploads\/2025\/08\/whitegr-p.png?fit=528%2C528&ssl=1&resize=350%2C200","width":350,"height":200,"srcset":"https:\/\/i0.wp.com\/tuzlahortum.com.tr\/wp-content\/uploads\/2025\/08\/whitegr-p.png?fit=528%2C528&ssl=1&resize=350%2C200 1x, https:\/\/i0.wp.com\/tuzlahortum.com.tr\/wp-content\/uploads\/2025\/08\/whitegr-p.png?fit=528%2C528&ssl=1&resize=525%2C300 1.5x"},"classes":[]},{"id":21497,"url":"https:\/\/tuzlahortum.com.tr\/ru\/product\/white-hd\/","url_meta":{"origin":519,"position":4},"title":"\u0411\u0415\u041b\u042b\u0419 HD","author":"admin","date":"11 \u0430\u0432\u0433\u0443\u0441\u0442\u0430 2025","format":false,"excerpt":"\u00a0 \u00dcr\u00fcn Ad\u0131: WHITE HD \u00dcr\u00fcn Kodu: ABFHD249 A\u011f\u0131r Hizmet G\u0131da Teslimat\u0131 Kullanim Alan\u0131 : Toplu A\u015f\u0131nd\u0131r\u0131c\u0131 \u00dcr\u00fcnlerin (\u015eeker, Un, S\u00fct Tozu, Gran\u00fcller vb.) Bo\u015falt\u0131lmas\u0131 \u0130\u00e7in. Alt Katman : Beyaz Renk, Toksik Olmayan A\u015f\u0131nmaya Dayan\u0131kl\u0131 Do\u011fal Kau\u00e7uk. Takviye Katman\u0131 : Y\u00fcksek Mukavemetli Sentetik Tekstil ve Antistatik Bak\u0131r Tel. \u00dcst Katman\u2026","rel":"","context":"\u041f\u043e\u0445\u043e\u0436\u0430\u044f \u0437\u0430\u043f\u0438\u0441\u044c","block_context":{"text":"\u041f\u043e\u0445\u043e\u0436\u0430\u044f \u0437\u0430\u043f\u0438\u0441\u044c","link":""},"img":{"alt_text":"","src":"https:\/\/i0.wp.com\/tuzlahortum.com.tr\/wp-content\/uploads\/2025\/08\/whitehd-p.png?fit=554%2C554&ssl=1&resize=350%2C200","width":350,"height":200,"srcset":"https:\/\/i0.wp.com\/tuzlahortum.com.tr\/wp-content\/uploads\/2025\/08\/whitehd-p.png?fit=554%2C554&ssl=1&resize=350%2C200 1x, https:\/\/i0.wp.com\/tuzlahortum.com.tr\/wp-content\/uploads\/2025\/08\/whitehd-p.png?fit=554%2C554&ssl=1&resize=525%2C300 1.5x"},"classes":[]},{"id":857,"url":"https:\/\/tuzlahortum.com.tr\/ru\/product\/seffaf-burflex-flexible-hortum\/","url_meta":{"origin":519,"position":5},"title":"\u041f\u0440\u043e\u0437\u0440\u0430\u0447\u043d\u044b\u0439 \u0433\u0438\u0431\u043a\u0438\u0439 \u0448\u043b\u0430\u043d\u0433 Burflex","author":"admin","date":"6 \u0444\u0435\u0432\u0440\u0430\u043b\u044f 2019","format":false,"excerpt":"\u015eeffaf Burflex Flexible Hortum MATERYAL: P.V.C TEL C\u0130NS\u0130: P.V.C KAPLI \u00c7EL\u0130K TEL RENK: \u015eEFFAF ET KALINLI\u011eI: 0,60 MM NEDEN P.V.C \u015eEFFAF FLEX ? > \u015eEFFAF PVC \u0130\u00c7 Y\u00dcZEY > SERT > \u015eOKA DAYANIKLI > D\u00dc\u015e\u00dcK MAL\u0130YET KULLANIM ALANI AZ HARAKETL\u0130 ORTAMLAR \u0130\u00c7\u0130N MARANGOZ VE TEKST\u0130L MAK\u0130NELER\u0130NDE TOZ EMME S\u0130STEMLER\u0130NDE TARIM\u2026","rel":"","context":"\u041f\u043e\u0445\u043e\u0436\u0430\u044f \u0437\u0430\u043f\u0438\u0441\u044c","block_context":{"text":"\u041f\u043e\u0445\u043e\u0436\u0430\u044f \u0437\u0430\u043f\u0438\u0441\u044c","link":""},"img":{"alt_text":"","src":"https:\/\/i0.wp.com\/tuzlahortum.com.tr\/wp-content\/uploads\/2019\/03\/%C5%9Eeffaf-Burflex-Flexible-Hortum2.jpg?fit=501%2C501&ssl=1&resize=350%2C200","width":350,"height":200},"classes":[]}],"jetpack_sharing_enabled":true,"jetpack_likes_enabled":true,"_links":{"self":[{"href":"https:\/\/tuzlahortum.com.tr\/ru\/wp-json\/wp\/v2\/product\/519","targetHints":{"allow":["GET"]}}],"collection":[{"href":"https:\/\/tuzlahortum.com.tr\/ru\/wp-json\/wp\/v2\/product"}],"about":[{"href":"https:\/\/tuzlahortum.com.tr\/ru\/wp-json\/wp\/v2\/types\/product"}],"replies":[{"embeddable":true,"href":"https:\/\/tuzlahortum.com.tr\/ru\/wp-json\/wp\/v2\/comments?post=519"}],"wp:featuredmedia":[{"embeddable":true,"href":"https:\/\/tuzlahortum.com.tr\/ru\/wp-json\/wp\/v2\/media\/5880"}],"wp:attachment":[{"href":"https:\/\/tuzlahortum.com.tr\/ru\/wp-json\/wp\/v2\/media?parent=519"}],"wp:term":[{"taxonomy":"product_brand","embeddable":true,"href":"https:\/\/tuzlahortum.com.tr\/ru\/wp-json\/wp\/v2\/product_brand?post=519"},{"taxonomy":"product_cat","embeddable":true,"href":"https:\/\/tuzlahortum.com.tr\/ru\/wp-json\/wp\/v2\/product_cat?post=519"},{"taxonomy":"product_tag","embeddable":true,"href":"https:\/\/tuzlahortum.com.tr\/ru\/wp-json\/wp\/v2\/product_tag?post=519"}],"curies":[{"name":"wp","href":"https:\/\/api.w.org\/{rel}","templated":true}]}}