{"id":5184,"date":"2019-02-26T16:54:50","date_gmt":"2019-02-26T13:54:50","guid":{"rendered":"http:\/\/hortum.com.tr\/?post_type=product&#038;p=5184"},"modified":"2024-03-21T17:39:06","modified_gmt":"2024-03-21T14:39:06","slug":"ozel-asinma-ve-kesici-uclara-dayanikli-hortumlar","status":"publish","type":"product","link":"https:\/\/tuzlahortum.com.tr\/ru\/product\/ozel-asinma-ve-kesici-uclara-dayanikli-hortumlar\/","title":{"rendered":"\u0421\u043f\u0435\u0446\u0438\u0430\u043b\u044c\u043d\u044b\u0435 \u0448\u043b\u0430\u043d\u0433\u0438, \u0443\u0441\u0442\u043e\u0439\u0447\u0438\u0432\u044b\u0435 \u043a \u0438\u0441\u0442\u0438\u0440\u0430\u043d\u0438\u044e \u0438 \u043f\u043e\u0440\u0435\u0437\u0430\u043c (Para Sigma)"},"content":{"rendered":"<h2>\u0421\u043f\u0435\u0446\u0438\u0430\u043b\u044c\u043d\u044b\u0435 \u0448\u043b\u0430\u043d\u0433\u0438, \u0443\u0441\u0442\u043e\u0439\u0447\u0438\u0432\u044b\u0435 \u043a \u0438\u0441\u0442\u0438\u0440\u0430\u043d\u0438\u044e \u0438 \u043f\u043e\u0440\u0435\u0437\u0430\u043c (Para Sigma)<\/h2>\n<p>\u042d\u0442\u043e \u0441\u043f\u0435\u0446\u0438\u0430\u043b\u044c\u043d\u044b\u0439 \u0448\u043b\u0430\u043d\u0433, \u0438\u0441\u043f\u043e\u043b\u044c\u0437\u0443\u0435\u043c\u044b\u0439 \u0434\u043b\u044f \u0442\u0440\u0430\u043d\u0441\u043f\u043e\u0440\u0442\u0438\u0440\u043e\u0432\u043a\u0438 \u0442\u0430\u043a\u0438\u0445 \u043c\u0430\u0442\u0435\u0440\u0438\u0430\u043b\u043e\u0432, \u043a\u0430\u043a \u0441\u0442\u0435\u043a\u043b\u043e, \u043c\u0435\u0442\u0430\u043b\u043b\u0438\u0447\u0435\u0441\u043a\u0438\u0435 \u0447\u0430\u0441\u0442\u0438\u0446\u044b \u0438 \u043a\u0432\u0430\u0440\u0446, \u0432\u043d\u0443\u0442\u0440\u0438 \u0437\u0430\u0432\u043e\u0434\u0430 \u0438\u043b\u0438 \u0432 \u0446\u0438\u0441\u0442\u0435\u0440\u043d\u044b.<\/p>\n<p>10 \u0411\u0410\u0420<\/p>\n<p>-30\u00b0\u0421+85\u00b0\u0421<\/p>\n<p>&nbsp;<\/p>\n<div class=\"video video-fit mb\" style=\"padding-top:56.25%;\"><p><iframe loading=\"lazy\" title=\"\u041f\u0443\u0442\u0430\u043d\u0438\u0446\u0430 \u0432 \u0438\u0437\u043c\u0435\u0440\u0435\u043d\u0438\u044f\u0445 (\u0434\u044e\u0439\u043c\u044b, \u043f\u0430\u043b\u044c\u0446\u044b, \u0434\u044b\u043c\u043a\u0430, \u043c\u0438\u043b\u043b\u0438\u043c\u0435\u0442\u0440\u044b)\" width=\"1020\" height=\"574\" src=\"https:\/\/www.youtube.com\/embed\/uKk6AG_AZls?feature=oembed\" frameborder=\"0\" allow=\"accelerometer; autoplay; clipboard-write; encrypted-media; gyroscope; picture-in-picture; web-share\" referrerpolicy=\"strict-origin-when-cross-origin\" allowfullscreen><\/iframe><\/p>\n<\/div>\n<div><\/div>","protected":false},"excerpt":{"rendered":"<p>\u00d6zel A\u015f\u0131nma ve Kesici U\u00e7lara Dayan\u0131kl\u0131 Hortumlar(Para Sigma) Cam, metal par\u00e7ac\u0131klar\u0131 ve quartz gibi maddelerin fabrika i\u00e7i veya tankerlere ta\u015f\u0131ma uygulamalar\u0131nda kullan\u0131lan \u00e7ok \u00f6zel hortumdur. 10 BAR -30\u00b0C+85\u00b0C &nbsp;<\/p>","protected":false},"featured_media":5270,"comment_status":"open","ping_status":"closed","template":"","meta":{"jetpack_post_was_ever_published":false},"product_brand":[],"product_cat":[162],"product_tag":[307,1232,937,951,2159,2158,434],"class_list":{"0":"post-5184","1":"product","2":"type-product","3":"status-publish","4":"has-post-thumbnail","6":"product_cat-kumlama-hortumlari","7":"product_tag-asinmaya-dayanikli-hortum","8":"product_tag-cam","9":"product_tag-kumlama-hortumu","10":"product_tag-metal","11":"product_tag-para-sigma","12":"product_tag-quartz","13":"product_tag-tasima","15":"first","16":"instock","17":"featured","18":"taxable","19":"shipping-taxable","20":"product-type-variable"},"jetpack-related-posts":[{"id":21428,"url":"https:\/\/tuzlahortum.com.tr\/ru\/product\/beton-uc-85\/","url_meta":{"origin":5184,"position":0},"title":"\u041a\u041e\u041d\u041a\u0420\u0415\u0422 UC 85","author":"admin","date":"11 \u0430\u0432\u0433\u0443\u0441\u0442\u0430 2025","format":false,"excerpt":"\u00a0 \u00dcr\u00fcn Ad\u0131: BETON UC 85 \u00dcr\u00fcn Kodu: ABUC760 \u00c7elik Tel Takviyeli Beton Pompalama Kullanim Alan\u0131 : Beton pompas\u0131n\u0131n bom ucunda kullan\u0131lan y\u00fcksek bas\u0131n\u00e7l\u0131 beton pompalama ve yerle\u015ftirme i\u00e7in. Alt Katman : A\u015f\u0131nmaya Dayan\u0131kl\u0131 Antistatik Do\u011fal ve CBR Kau\u00e7uk. Takviye Katman\u0131 : Y\u00fcksek Mukavemetli \u00c7elik Kordlu \u00dcst Katman : A\u015f\u0131nmaya,\u2026","rel":"","context":"\u041f\u043e\u0445\u043e\u0436\u0430\u044f \u0437\u0430\u043f\u0438\u0441\u044c","block_context":{"text":"\u041f\u043e\u0445\u043e\u0436\u0430\u044f \u0437\u0430\u043f\u0438\u0441\u044c","link":""},"img":{"alt_text":"","src":"https:\/\/i0.wp.com\/tuzlahortum.com.tr\/wp-content\/uploads\/2025\/08\/betonuc85-p.png?fit=511%2C511&ssl=1&resize=350%2C200","width":350,"height":200},"classes":[]},{"id":21452,"url":"https:\/\/tuzlahortum.com.tr\/ru\/product\/totem-mh\/","url_meta":{"origin":5184,"position":1},"title":"TOTEM MH","author":"admin","date":"11 \u0430\u0432\u0433\u0443\u0441\u0442\u0430 2025","format":false,"excerpt":"\u00a0 \u00dcr\u00fcn Ad\u0131: TOTEM MH \u00dcr\u00fcn Kodu: ABRF742 A\u015f\u0131nmaya Dayan\u0131kl\u0131, Kau\u00e7uk U\u00e7lu Flan\u015fl\u0131 Hortum Kullanim Alan\u0131 : A\u015f\u0131nd\u0131r\u0131c\u0131 Malzemelerin Emme ve Bo\u015falt\u0131m\u0131 \u0130\u00e7in. Alt Katman : A\u015f\u0131nmaya Dayan\u0131kl\u0131 Antistatik Do\u011fal Kau\u00e7uk Takviye Katman\u0131 : Y\u00fcksek Mukavemetli Sentetik Tekstil, \u00c7elik Tel Spiral ve Antistaik Bak\u0131r Tel. \u00dcst Katman : A\u015f\u0131nmaya, Oksijene\u2026","rel":"","context":"\u041f\u043e\u0445\u043e\u0436\u0430\u044f \u0437\u0430\u043f\u0438\u0441\u044c","block_context":{"text":"\u041f\u043e\u0445\u043e\u0436\u0430\u044f \u0437\u0430\u043f\u0438\u0441\u044c","link":""},"img":{"alt_text":"","src":"https:\/\/i0.wp.com\/tuzlahortum.com.tr\/wp-content\/uploads\/2025\/08\/totemmh-p.png?fit=453%2C453&ssl=1&resize=350%2C200","width":350,"height":200},"classes":[]},{"id":21431,"url":"https:\/\/tuzlahortum.com.tr\/ru\/product\/vibra\/","url_meta":{"origin":5184,"position":2},"title":"\u0412\u0418\u0411\u0420\u0410","author":"admin","date":"11 \u0430\u0432\u0433\u0443\u0441\u0442\u0430 2025","format":false,"excerpt":"\u00a0 \u00dcr\u00fcn Ad\u0131: VIBRA \u00dcr\u00fcn Kodu: CVH227 Beton Vibrasyon Hortumu Kullanim Alan\u0131 : Elle titre\u015fim uygulamas\u0131yla p\u00fcsk\u00fcrt\u00fclen beton s\u0131v\u0131s\u0131nda hava kabarc\u0131klar\u0131n\u0131 \u00f6nlemek i\u00e7in su alt\u0131 vibrat\u00f6rlerde kullan\u0131l\u0131r. Alt Katman : \u00d6zel Sentetik Kau\u00e7uk. Takviye Katman\u0131 : Y\u00fcksek Mukavemetli Sentetik Tekstil. \u00dcst Katman : A\u015f\u0131nma, Ozon ve Hava Ko\u015fullar\u0131na Dayan\u0131kl\u0131 \u00d6zel\u2026","rel":"","context":"\u041f\u043e\u0445\u043e\u0436\u0430\u044f \u0437\u0430\u043f\u0438\u0441\u044c","block_context":{"text":"\u041f\u043e\u0445\u043e\u0436\u0430\u044f \u0437\u0430\u043f\u0438\u0441\u044c","link":""},"img":{"alt_text":"","src":"https:\/\/i0.wp.com\/tuzlahortum.com.tr\/wp-content\/uploads\/2025\/08\/vibra-p.png?fit=522%2C522&ssl=1&resize=350%2C200","width":350,"height":200},"classes":[]},{"id":20965,"url":"https:\/\/tuzlahortum.com.tr\/ru\/product\/armadillo1k\/","url_meta":{"origin":5184,"position":3},"title":"ARMADILLO\u00ae1K","author":"admin","date":"11 \u0430\u0432\u0433\u0443\u0441\u0442\u0430 2025","format":false,"excerpt":"\u00a0 \u00dcr\u00fcn Ad\u0131: ARMADILLO\u00ae1K \u00dcr\u00fcn Kodu: GHH31S Standart: EN 857 1SC \u00dcst\u00fcnde Ozon ve A\u015f\u0131nma Diren\u00e7li Kaplama Kullanim Alan\u0131 : Sanayi ve tar\u0131mda d\u00fc\u015f\u00fck-orta bas\u0131n\u00e7l\u0131 hidrolik sistemler i\u00e7in. Alt Katman : Mineral, Bitkisel ve Hidrolik Ya\u011fa Dayan\u0131kl\u0131 \u00d6zel Sentetik Kau\u00e7uk Takviye Katman\u0131 : Tek Kat Y\u00fcksek Mukavemetli \u00c7elik Tel \u00d6rg\u00fc\u2026","rel":"","context":"\u041f\u043e\u0445\u043e\u0436\u0430\u044f \u0437\u0430\u043f\u0438\u0441\u044c","block_context":{"text":"\u041f\u043e\u0445\u043e\u0436\u0430\u044f \u0437\u0430\u043f\u0438\u0441\u044c","link":""},"img":{"alt_text":"","src":"https:\/\/i0.wp.com\/tuzlahortum.com.tr\/wp-content\/uploads\/2025\/08\/HYD_46-1.png?fit=570%2C570&ssl=1&resize=350%2C200","width":350,"height":200,"srcset":"https:\/\/i0.wp.com\/tuzlahortum.com.tr\/wp-content\/uploads\/2025\/08\/HYD_46-1.png?fit=570%2C570&ssl=1&resize=350%2C200 1x, https:\/\/i0.wp.com\/tuzlahortum.com.tr\/wp-content\/uploads\/2025\/08\/HYD_46-1.png?fit=570%2C570&ssl=1&resize=525%2C300 1.5x"},"classes":[]},{"id":21419,"url":"https:\/\/tuzlahortum.com.tr\/ru\/product\/frame\/","url_meta":{"origin":5184,"position":4},"title":"\u0420\u0410\u041c\u041a\u0410","author":"admin","date":"11 \u0430\u0432\u0433\u0443\u0441\u0442\u0430 2025","format":false,"excerpt":"\u00a0 \u00dcr\u00fcn Ad\u0131: FRAME \u00dcr\u00fcn Kodu: ABFH744 D\u00f6kme Malzeme Al\u0131c\u0131\/Verici Hortum Kullanim Alan\u0131 : Kuru d\u00f6kme malzemelerin, kumun, \u00e7ak\u0131l\u0131n, kuru \u00e7imentonun vb. emi\u015f ve bo\u015falt\u0131m\u0131 i\u00e7in. Alt Katman : A\u015f\u0131nmaya Dayan\u0131kl\u0131 Antistatik Do\u011fal Kau\u00e7uk. Takviye Katman\u0131 : Y\u00fcksek Mukavemetli Sentetik Tekstil, \u00c7elik Tel Spiral ve Antistaik Bak\u0131r Tel. \u00dcst Katman\u2026","rel":"","context":"\u041f\u043e\u0445\u043e\u0436\u0430\u044f \u0437\u0430\u043f\u0438\u0441\u044c","block_context":{"text":"\u041f\u043e\u0445\u043e\u0436\u0430\u044f \u0437\u0430\u043f\u0438\u0441\u044c","link":""},"img":{"alt_text":"","src":"https:\/\/i0.wp.com\/tuzlahortum.com.tr\/wp-content\/uploads\/2025\/08\/frame-p.png?fit=670%2C670&ssl=1&resize=350%2C200","width":350,"height":200,"srcset":"https:\/\/i0.wp.com\/tuzlahortum.com.tr\/wp-content\/uploads\/2025\/08\/frame-p.png?fit=670%2C670&ssl=1&resize=350%2C200 1x, https:\/\/i0.wp.com\/tuzlahortum.com.tr\/wp-content\/uploads\/2025\/08\/frame-p.png?fit=670%2C670&ssl=1&resize=525%2C300 1.5x"},"classes":[]},{"id":20968,"url":"https:\/\/tuzlahortum.com.tr\/ru\/product\/armadillor17-one-wire\/","url_meta":{"origin":5184,"position":5},"title":"ARMADILLO\u00aeR17 \u041e\u0414\u0418\u041d \u041f\u0420\u041e\u0412\u041e\u0414","author":"admin","date":"11 \u0430\u0432\u0433\u0443\u0441\u0442\u0430 2025","format":false,"excerpt":"\u00a0 \u00dcr\u00fcn Ad\u0131: ARMADILLO\u00aeR17 ONE WIRE \u00dcr\u00fcn Kodu: AD-HWBR17\/31C Standart: SAE 100 R17 Ozon ve A\u015f\u0131nma Diren\u00e7li Kapak Kullanim Alan\u0131 : End\u00fcstri ve tar\u0131mda orta bas\u0131n\u00e7l\u0131 hidrolik sistemler i\u00e7in. Alt Katman : Mineral, bitkisel ve hidrolik ya\u011fa dayan\u0131kl\u0131 \u00f6zel sentetik kau\u00e7uk. Takviye Katman\u0131 : Tek Kat Y\u00fcksek Mukavemetli \u00c7elik Tel\u2026","rel":"","context":"\u041f\u043e\u0445\u043e\u0436\u0430\u044f \u0437\u0430\u043f\u0438\u0441\u044c","block_context":{"text":"\u041f\u043e\u0445\u043e\u0436\u0430\u044f \u0437\u0430\u043f\u0438\u0441\u044c","link":""},"img":{"alt_text":"","src":"https:\/\/i0.wp.com\/tuzlahortum.com.tr\/wp-content\/uploads\/2025\/08\/HYD_90-1.png?fit=580%2C580&ssl=1&resize=350%2C200","width":350,"height":200,"srcset":"https:\/\/i0.wp.com\/tuzlahortum.com.tr\/wp-content\/uploads\/2025\/08\/HYD_90-1.png?fit=580%2C580&ssl=1&resize=350%2C200 1x, https:\/\/i0.wp.com\/tuzlahortum.com.tr\/wp-content\/uploads\/2025\/08\/HYD_90-1.png?fit=580%2C580&ssl=1&resize=525%2C300 1.5x"},"classes":[]}],"jetpack_sharing_enabled":true,"jetpack_likes_enabled":true,"_links":{"self":[{"href":"https:\/\/tuzlahortum.com.tr\/ru\/wp-json\/wp\/v2\/product\/5184","targetHints":{"allow":["GET"]}}],"collection":[{"href":"https:\/\/tuzlahortum.com.tr\/ru\/wp-json\/wp\/v2\/product"}],"about":[{"href":"https:\/\/tuzlahortum.com.tr\/ru\/wp-json\/wp\/v2\/types\/product"}],"replies":[{"embeddable":true,"href":"https:\/\/tuzlahortum.com.tr\/ru\/wp-json\/wp\/v2\/comments?post=5184"}],"wp:featuredmedia":[{"embeddable":true,"href":"https:\/\/tuzlahortum.com.tr\/ru\/wp-json\/wp\/v2\/media\/5270"}],"wp:attachment":[{"href":"https:\/\/tuzlahortum.com.tr\/ru\/wp-json\/wp\/v2\/media?parent=5184"}],"wp:term":[{"taxonomy":"product_brand","embeddable":true,"href":"https:\/\/tuzlahortum.com.tr\/ru\/wp-json\/wp\/v2\/product_brand?post=5184"},{"taxonomy":"product_cat","embeddable":true,"href":"https:\/\/tuzlahortum.com.tr\/ru\/wp-json\/wp\/v2\/product_cat?post=5184"},{"taxonomy":"product_tag","embeddable":true,"href":"https:\/\/tuzlahortum.com.tr\/ru\/wp-json\/wp\/v2\/product_tag?post=5184"}],"curies":[{"name":"wp","href":"https:\/\/api.w.org\/{rel}","templated":true}]}}